{"id":2867,"date":"2024-04-17T13:18:42","date_gmt":"2024-04-17T13:18:42","guid":{"rendered":"https:\/\/skaitytaknyga.lt\/?post_type=product&#038;p=2867"},"modified":"2025-05-15T09:42:00","modified_gmt":"2025-05-15T06:42:00","slug":"dalai-lama-jo-sventenybe-vadovo-kelias","status":"publish","type":"product","link":"https:\/\/skaitytaknyga.lt\/en\/produktas\/dalai-lama-jo-sventenybe-vadovo-kelias\/","title":{"rendered":"Vadovo Kelias"},"content":{"rendered":"<p>Knygoje daug proting\u0173 praktini\u0173 patarim\u0173, tinkan\u010di\u0173 krik\u0161\u010dionyb\u0119 pamir\u0161usiai ir naujas religijas atrandan\u010diai Vakar\u0173 Europos verslo visuomenei. Pagaliau juk ir ka\u017ekaip kilnu sieti kapitalizm\u0105 su budizmu \u2013 ne tik kilnu, bet ir logi\u0161ka, nes ir budizmas, ir kapitalizmas, saky\u010diau, sutaria pagrindiniu klausimu \u2013 kad n\u0117ra nieko pastovaus ir nekintamo, o gyventi reikia taip, kad gyvenimas suteikt\u0173 kuo ma\u017eiau kan\u010di\u0173. \u017dinoma, nereikt\u0173 pamir\u0161ti ir r\u016bpinimosi kitais, ir protingo valdymo, ir vis\u0173 kit\u0173 gra\u017ei\u0173 dalyk\u0173, su\u0161velninan\u010di\u0173 am\u017einai kintan\u010dios ir nepastovios visatos \u0161alt\u012f. Budizmas \u2013 gana racionali religija, kad ja \u017eav\u0117t\u0173si nema\u017ea dalis \u017emoni\u0173. Juk nesiesi kapitalizmo su tokia kontroversi\u0161ka religija, kokia yra krik\u0161\u010dionyb\u0117. I\u0161kart \u012f galv\u0105 ateina \u017eod\u017eiai apie turtuol\u012f, kupranugar\u012f ir adatos skylut\u0119. O kur dar turtingas jaunuolis, kuris nor\u0117jo sekti paskui I\u0161ganytoj\u0105, bet \u201enuli\u016bd\u0119s\u201c nu\u0117jo namo, nes nenor\u0117jo palikti savo turt\u0173. O Jobas?.. S\u0117d\u0117jo ant \u0161iuk\u0161li\u0173 kr\u016bvos, kasydamas p\u016blingas \u017eaizdas puodo \u0161uke ir keikdamas Diev\u0105 \u2013 o juk tur\u0117jo suprasti, jog tai beprasmi\u0161ka, jog reikia elgtis taip, kad veiksmai b\u016bt\u0173 protingi ir suteikt\u0173 ma\u017eiau kan\u010di\u0173 (pavyzd\u017eiui, nereikia \u012fnirtingai kasytis). Pagrindin\u0117 krik\u0161\u010dionyb\u0117s tiesa \u2013 pastovaus ir nekintan\u010dio Centro (Dievo) id\u0117ja. Racionaliai s\u0105monei t\u0105 sunku suvokti, kaip sunku pripa\u017einti vir\u0161esn\u0119 s\u0105mon\u0119, pripa\u017einti, kad, tur\u0117damas laisv\u0105 vali\u0105, jausmus ir prot\u0105, esi k\u016brinys, o ne k\u016br\u0117jas, pavaldinys, o ne valdovas. Budizmas, nors ir netoleruodamas arogancijos ir puikyb\u0117s, visgi ma\u017eiau veikia \u017emogaus i\u0161didum\u0105 nei krik\u0161\u010dionyb\u0117. Galb\u016bt tod\u0117l j\u012f renkasi ne tik kai kurie verslininkai, bet ir Holivudo \u017evaig\u017ed\u0117s. Tai gan\u0117tinai patogu \u2013 jei ko nors nepadarysi \u0161iame gyvenime, tai atliksi kitame. Krik\u0161\u010dionyb\u0117 tokios progos nesuteikia. Tai dar viena prie\u017eastis jos nem\u0117gti.<\/p>\n","protected":false},"excerpt":{"rendered":"<p>Knygoje daug proting\u0173 praktini\u0173 patarim\u0173, tinkan\u010di\u0173 krik\u0161\u010dionyb\u0119 pamir\u0161usiai ir naujas religijas atrandan\u010diai Vakar\u0173 Europos verslo visuomenei. Pagaliau juk ir ka\u017ekaip kilnu sieti kapitalizm\u0105 su budizmu \u2013 ne tik kilnu, bet ir logi\u0161ka, nes ir budizmas, ir kapitalizmas, saky\u010diau, sutaria pagrindiniu klausimu \u2013 kad n\u0117ra nieko pastovaus ir nekintamo, o gyventi reikia taip, kad gyvenimas suteikt\u0173 kuo ma\u017eiau kan\u010di\u0173. \u017dinoma, nereikt\u0173 pamir\u0161ti ir r\u016bpinimosi kitais, ir protingo valdymo, ir vis\u0173 kit\u0173 gra\u017ei\u0173 dalyk\u0173, su\u0161velninan\u010di\u0173 am\u017einai kintan\u010dios ir nepastovios visatos \u0161alt\u012f. Budizmas \u2013 gana racionali religija, kad ja \u017eav\u0117t\u0173si nema\u017ea dalis \u017emoni\u0173. Juk nesiesi kapitalizmo su tokia kontroversi\u0161ka religija, kokia yra krik\u0161\u010dionyb\u0117. I\u0161kart \u012f galv\u0105 ateina \u017eod\u017eiai apie turtuol\u012f, kupranugar\u012f ir adatos skylut\u0119. O kur dar turtingas jaunuolis, kuris nor\u0117jo sekti paskui I\u0161ganytoj\u0105, bet \u201enuli\u016bd\u0119s\u201c nu\u0117jo namo, nes nenor\u0117jo palikti savo turt\u0173. O Jobas?.. S\u0117d\u0117jo ant \u0161iuk\u0161li\u0173 kr\u016bvos, kasydamas p\u016blingas \u017eaizdas puodo \u0161uke ir keikdamas Diev\u0105 \u2013 o juk tur\u0117jo suprasti, jog tai beprasmi\u0161ka, jog reikia elgtis taip, kad veiksmai b\u016bt\u0173 protingi ir suteikt\u0173 ma\u017eiau kan\u010di\u0173 (pavyzd\u017eiui, nereikia \u012fnirtingai kasytis). Pagrindin\u0117 krik\u0161\u010dionyb\u0117s tiesa \u2013 pastovaus ir nekintan\u010dio Centro (Dievo) id\u0117ja. Racionaliai s\u0105monei t\u0105 sunku suvokti, kaip sunku pripa\u017einti vir\u0161esn\u0119 s\u0105mon\u0119, pripa\u017einti, kad, tur\u0117damas laisv\u0105 vali\u0105, jausmus ir prot\u0105, esi k\u016brinys, o ne k\u016br\u0117jas, pavaldinys, o ne valdovas. Budizmas, nors ir netoleruodamas arogancijos ir puikyb\u0117s, visgi ma\u017eiau veikia \u017emogaus i\u0161didum\u0105 nei krik\u0161\u010dionyb\u0117. Galb\u016bt tod\u0117l j\u012f renkasi ne tik kai kurie verslininkai, bet ir Holivudo \u017evaig\u017ed\u0117s. Tai gan\u0117tinai patogu \u2013 jei ko nors nepadarysi \u0161iame gyvenime, tai atliksi kitame. Krik\u0161\u010dionyb\u0117 tokios progos nesuteikia. Tai dar viena prie\u017eastis jos nem\u0117gti.<\/p>\n","protected":false},"featured_media":2913,"comment_status":"closed","ping_status":"closed","template":"","meta":{"_acf_changed":false,"site-sidebar-layout":"default","site-content-layout":"","ast-site-content-layout":"default","site-content-style":"default","site-sidebar-style":"default","ast-global-header-display":"","ast-banner-title-visibility":"","ast-main-header-display":"","ast-hfb-above-header-display":"","ast-hfb-below-header-display":"","ast-hfb-mobile-header-display":"","site-post-title":"","ast-breadcrumbs-content":"","ast-featured-img":"","footer-sml-layout":"","ast-disable-related-posts":"","theme-transparent-header-meta":"","adv-header-id-meta":"","stick-header-meta":"","header-above-stick-meta":"","header-main-stick-meta":"","header-below-stick-meta":"","astra-migrate-meta-layouts":"default","ast-page-background-enabled":"default","ast-page-background-meta":{"desktop":{"background-color":"","background-image":"","background-repeat":"repeat","background-position":"center center","background-size":"auto","background-attachment":"scroll","background-type":"","background-media":"","overlay-type":"","overlay-color":"","overlay-opacity":"","overlay-gradient":""},"tablet":{"background-color":"","background-image":"","background-repeat":"repeat","background-position":"center center","background-size":"auto","background-attachment":"scroll","background-type":"","background-media":"","overlay-type":"","overlay-color":"","overlay-opacity":"","overlay-gradient":""},"mobile":{"background-color":"","background-image":"","background-repeat":"repeat","background-position":"center center","background-size":"auto","background-attachment":"scroll","background-type":"","background-media":"","overlay-type":"","overlay-color":"","overlay-opacity":"","overlay-gradient":""}},"ast-content-background-meta":{"desktop":{"background-color":"var(--ast-global-color-4)","background-image":"","background-repeat":"repeat","background-position":"center center","background-size":"auto","background-attachment":"scroll","background-type":"","background-media":"","overlay-type":"","overlay-color":"","overlay-opacity":"","overlay-gradient":""},"tablet":{"background-color":"var(--ast-global-color-4)","background-image":"","background-repeat":"repeat","background-position":"center center","background-size":"auto","background-attachment":"scroll","background-type":"","background-media":"","overlay-type":"","overlay-color":"","overlay-opacity":"","overlay-gradient":""},"mobile":{"background-color":"var(--ast-global-color-4)","background-image":"","background-repeat":"repeat","background-position":"center center","background-size":"auto","background-attachment":"scroll","background-type":"","background-media":"","overlay-type":"","overlay-color":"","overlay-opacity":"","overlay-gradient":""}}},"product_brand":[],"product_cat":[26],"product_tag":[1969,2275,1964,2827,2702,2826,2828,2404],"class_list":{"0":"post-2867","1":"product","2":"type-product","3":"status-publish","4":"has-post-thumbnail","6":"product_cat-verslas-vadyba-ir-finansai","7":"product_tag-budizmas","8":"product_tag-dalai-lama","9":"product_tag-dvasine-praktika","10":"product_tag-empatija","11":"product_tag-etika","12":"product_tag-ismintis","13":"product_tag-pasauleziura","14":"product_tag-vadovavimas","15":"desktop-align-left","16":"tablet-align-left","17":"mobile-align-left","19":"first","20":"instock","21":"shipping-taxable","22":"purchasable","23":"product-type-simple"},"acf":[],"yoast_head":"<!-- This site is optimized with the Yoast SEO plugin v27.0 - https:\/\/yoast.com\/product\/yoast-seo-wordpress\/ -->\n<title>Vadovo Kelias<\/title>\n<meta name=\"description\" content=\"Knygoje daug proting\u0173 praktini\u0173 patarim\u0173, tinkan\u010di\u0173 krik\u0161\u010dionyb\u0119 pamir\u0161usiai ir naujas religijas atrandan\u010diai Vakar\u0173 Europos verslo visuomenei. Pagaliau\" \/>\n<meta name=\"robots\" content=\"index, follow, max-snippet:-1, max-image-preview:large, max-video-preview:-1\" \/>\n<link rel=\"canonical\" href=\"https:\/\/skaitytaknyga.lt\/en\/produktas\/dalai-lama-jo-sventenybe-vadovo-kelias\/\" \/>\n<meta property=\"og:locale\" content=\"en_GB\" \/>\n<meta property=\"og:locale:alternate\" content=\"lt_LT\" \/>\n<meta property=\"og:type\" content=\"article\" \/>\n<meta property=\"og:title\" content=\"Vadovo Kelias\" \/>\n<meta property=\"og:description\" content=\"Knygoje daug proting\u0173 praktini\u0173 patarim\u0173, tinkan\u010di\u0173 krik\u0161\u010dionyb\u0119 pamir\u0161usiai ir naujas religijas atrandan\u010diai Vakar\u0173 Europos verslo visuomenei. Pagaliau\" \/>\n<meta property=\"og:url\" content=\"https:\/\/skaitytaknyga.lt\/en\/produktas\/dalai-lama-jo-sventenybe-vadovo-kelias\/\" \/>\n<meta property=\"og:site_name\" content=\"Skaitytaknyga\" \/>\n<meta property=\"article:publisher\" content=\"https:\/\/www.facebook.com\/skaitytaknyga\/\" \/>\n<meta property=\"article:modified_time\" content=\"2025-05-15T06:42:00+00:00\" \/>\n<meta property=\"og:image\" content=\"https:\/\/skaitytaknyga.lt\/wp-content\/uploads\/2024\/04\/atsisiusti-4-1.jpg\" \/>\n\t<meta property=\"og:image:width\" content=\"193\" \/>\n\t<meta property=\"og:image:height\" content=\"261\" \/>\n\t<meta property=\"og:image:type\" content=\"image\/jpeg\" \/>\n<meta name=\"twitter:card\" content=\"summary_large_image\" \/>\n<meta name=\"twitter:label1\" content=\"Estimated reading time\" \/>\n\t<meta name=\"twitter:data1\" content=\"2 minutes\" \/>\n<script type=\"application\/ld+json\" class=\"yoast-schema-graph\">{\"@context\":\"https:\/\/schema.org\",\"@graph\":[{\"@type\":\"WebPage\",\"@id\":\"https:\/\/skaitytaknyga.lt\/produktas\/dalai-lama-jo-sventenybe-vadovo-kelias\/\",\"url\":\"https:\/\/skaitytaknyga.lt\/produktas\/dalai-lama-jo-sventenybe-vadovo-kelias\/\",\"name\":\"Vadovo Kelias\",\"isPartOf\":{\"@id\":\"https:\/\/skaitytaknyga.lt\/#website\"},\"primaryImageOfPage\":{\"@id\":\"https:\/\/skaitytaknyga.lt\/produktas\/dalai-lama-jo-sventenybe-vadovo-kelias\/#primaryimage\"},\"image\":{\"@id\":\"https:\/\/skaitytaknyga.lt\/produktas\/dalai-lama-jo-sventenybe-vadovo-kelias\/#primaryimage\"},\"thumbnailUrl\":\"https:\/\/skaitytaknyga.lt\/wp-content\/uploads\/2024\/04\/atsisiusti-4-1.jpg\",\"datePublished\":\"2024-04-17T13:18:42+00:00\",\"dateModified\":\"2025-05-15T06:42:00+00:00\",\"description\":\"Knygoje daug proting\u0173 praktini\u0173 patarim\u0173, tinkan\u010di\u0173 krik\u0161\u010dionyb\u0119 pamir\u0161usiai ir naujas religijas atrandan\u010diai Vakar\u0173 Europos verslo visuomenei. Pagaliau\",\"breadcrumb\":{\"@id\":\"https:\/\/skaitytaknyga.lt\/produktas\/dalai-lama-jo-sventenybe-vadovo-kelias\/#breadcrumb\"},\"inLanguage\":\"en-GB\",\"potentialAction\":[{\"@type\":\"ReadAction\",\"target\":[\"https:\/\/skaitytaknyga.lt\/produktas\/dalai-lama-jo-sventenybe-vadovo-kelias\/\"]}]},{\"@type\":\"ImageObject\",\"inLanguage\":\"en-GB\",\"@id\":\"https:\/\/skaitytaknyga.lt\/produktas\/dalai-lama-jo-sventenybe-vadovo-kelias\/#primaryimage\",\"url\":\"https:\/\/skaitytaknyga.lt\/wp-content\/uploads\/2024\/04\/atsisiusti-4-1.jpg\",\"contentUrl\":\"https:\/\/skaitytaknyga.lt\/wp-content\/uploads\/2024\/04\/atsisiusti-4-1.jpg\",\"width\":193,\"height\":261,\"caption\":\"atsisiusti 4 1\"},{\"@type\":\"BreadcrumbList\",\"@id\":\"https:\/\/skaitytaknyga.lt\/produktas\/dalai-lama-jo-sventenybe-vadovo-kelias\/#breadcrumb\",\"itemListElement\":[{\"@type\":\"ListItem\",\"position\":1,\"name\":\"Home\",\"item\":\"https:\/\/skaitytaknyga.lt\/\"},{\"@type\":\"ListItem\",\"position\":2,\"name\":\"Parduotuv\u0117\",\"item\":\"https:\/\/skaitytaknyga.lt\/knygu-parduotuve\/\"},{\"@type\":\"ListItem\",\"position\":3,\"name\":\"Vadovo Kelias\"}]},{\"@type\":\"WebSite\",\"@id\":\"https:\/\/skaitytaknyga.lt\/#website\",\"url\":\"https:\/\/skaitytaknyga.lt\/\",\"name\":\"skaitytaknyga.lt\",\"description\":\"Skaitytaknyga.lt \u2013 tai ma\u017eas \u0161eimos verslas, kuris prasid\u0117jo nuo meil\u0117s knygoms ir siekio i\u0161gelb\u0117ti knygas nuo likimo prie konteinerio. Kas vienam nereikalingas daiktas \u2013 kitam lobis, o mes esame tarpininkai, kurie padeda abiems tapti laimingesniems ???? \u017dinome kaip nelengva i\u0161gyventi ma\u017eiems verslams, tad nuo \u0161iol, \u010dia rasite ir kit\u0173, ma\u017e\u0173 \u0161eim\u0173 versl\u0173, rank\u0173 darbo, dovan\u0173 sau ir artimiesiems.\",\"publisher\":{\"@id\":\"https:\/\/skaitytaknyga.lt\/#organization\"},\"potentialAction\":[{\"@type\":\"SearchAction\",\"target\":{\"@type\":\"EntryPoint\",\"urlTemplate\":\"https:\/\/skaitytaknyga.lt\/?s={search_term_string}\"},\"query-input\":{\"@type\":\"PropertyValueSpecification\",\"valueRequired\":true,\"valueName\":\"search_term_string\"}}],\"inLanguage\":\"en-GB\"},{\"@type\":\"Organization\",\"@id\":\"https:\/\/skaitytaknyga.lt\/#organization\",\"name\":\"skaitytaknyga.lt\",\"url\":\"https:\/\/skaitytaknyga.lt\/\",\"logo\":{\"@type\":\"ImageObject\",\"inLanguage\":\"en-GB\",\"@id\":\"https:\/\/skaitytaknyga.lt\/#\/schema\/logo\/image\/\",\"url\":\"https:\/\/skaitytaknyga.lt\/wp-content\/uploads\/2024\/05\/cropped-cropped-cropped-02_00843_jt3bggkj1j3HLc7SyY6rEUpg.jpeg\",\"contentUrl\":\"https:\/\/skaitytaknyga.lt\/wp-content\/uploads\/2024\/05\/cropped-cropped-cropped-02_00843_jt3bggkj1j3HLc7SyY6rEUpg.jpeg\",\"width\":1600,\"height\":1600,\"caption\":\"skaitytaknyga.lt\"},\"image\":{\"@id\":\"https:\/\/skaitytaknyga.lt\/#\/schema\/logo\/image\/\"},\"sameAs\":[\"https:\/\/www.facebook.com\/skaitytaknyga\/\"]}]}<\/script>\n<!-- \/ Yoast SEO plugin. -->","yoast_head_json":{"title":"Vadovo Kelias","description":"Knygoje daug proting\u0173 praktini\u0173 patarim\u0173, tinkan\u010di\u0173 krik\u0161\u010dionyb\u0119 pamir\u0161usiai ir naujas religijas atrandan\u010diai Vakar\u0173 Europos verslo visuomenei. Pagaliau","robots":{"index":"index","follow":"follow","max-snippet":"max-snippet:-1","max-image-preview":"max-image-preview:large","max-video-preview":"max-video-preview:-1"},"canonical":"https:\/\/skaitytaknyga.lt\/en\/produktas\/dalai-lama-jo-sventenybe-vadovo-kelias\/","og_locale":"en_GB","og_type":"article","og_title":"[:lt]Vadovo Kelias[:] - Skaitytaknyga","og_description":"Knygoje daug proting\u0173 praktini\u0173 patarim\u0173, tinkan\u010di\u0173 krik\u0161\u010dionyb\u0119 pamir\u0161usiai ir naujas religijas atrandan\u010diai Vakar\u0173 Europos verslo visuomenei. Pagaliau","og_url":"https:\/\/skaitytaknyga.lt\/en\/produktas\/dalai-lama-jo-sventenybe-vadovo-kelias\/","og_site_name":"Skaitytaknyga","article_publisher":"https:\/\/www.facebook.com\/skaitytaknyga\/","article_modified_time":"2025-05-15T06:42:00+00:00","og_image":[{"width":193,"height":261,"url":"https:\/\/skaitytaknyga.lt\/wp-content\/uploads\/2024\/04\/atsisiusti-4-1.jpg","type":"image\/jpeg"}],"twitter_card":"summary_large_image","twitter_misc":{"Estimated reading time":"2 minutes"},"schema":{"@context":"https:\/\/schema.org","@graph":[{"@type":"WebPage","@id":"https:\/\/skaitytaknyga.lt\/produktas\/dalai-lama-jo-sventenybe-vadovo-kelias\/","url":"https:\/\/skaitytaknyga.lt\/produktas\/dalai-lama-jo-sventenybe-vadovo-kelias\/","name":"Vadovo Kelias","isPartOf":{"@id":"https:\/\/skaitytaknyga.lt\/#website"},"primaryImageOfPage":{"@id":"https:\/\/skaitytaknyga.lt\/produktas\/dalai-lama-jo-sventenybe-vadovo-kelias\/#primaryimage"},"image":{"@id":"https:\/\/skaitytaknyga.lt\/produktas\/dalai-lama-jo-sventenybe-vadovo-kelias\/#primaryimage"},"thumbnailUrl":"https:\/\/skaitytaknyga.lt\/wp-content\/uploads\/2024\/04\/atsisiusti-4-1.jpg","datePublished":"2024-04-17T13:18:42+00:00","dateModified":"2025-05-15T06:42:00+00:00","description":"Knygoje daug proting\u0173 praktini\u0173 patarim\u0173, tinkan\u010di\u0173 krik\u0161\u010dionyb\u0119 pamir\u0161usiai ir naujas religijas atrandan\u010diai Vakar\u0173 Europos verslo visuomenei. Pagaliau","breadcrumb":{"@id":"https:\/\/skaitytaknyga.lt\/produktas\/dalai-lama-jo-sventenybe-vadovo-kelias\/#breadcrumb"},"inLanguage":"en-GB","potentialAction":[{"@type":"ReadAction","target":["https:\/\/skaitytaknyga.lt\/produktas\/dalai-lama-jo-sventenybe-vadovo-kelias\/"]}]},{"@type":"ImageObject","inLanguage":"en-GB","@id":"https:\/\/skaitytaknyga.lt\/produktas\/dalai-lama-jo-sventenybe-vadovo-kelias\/#primaryimage","url":"https:\/\/skaitytaknyga.lt\/wp-content\/uploads\/2024\/04\/atsisiusti-4-1.jpg","contentUrl":"https:\/\/skaitytaknyga.lt\/wp-content\/uploads\/2024\/04\/atsisiusti-4-1.jpg","width":193,"height":261,"caption":"atsisiusti 4 1"},{"@type":"BreadcrumbList","@id":"https:\/\/skaitytaknyga.lt\/produktas\/dalai-lama-jo-sventenybe-vadovo-kelias\/#breadcrumb","itemListElement":[{"@type":"ListItem","position":1,"name":"Home","item":"https:\/\/skaitytaknyga.lt\/"},{"@type":"ListItem","position":2,"name":"Parduotuv\u0117","item":"https:\/\/skaitytaknyga.lt\/knygu-parduotuve\/"},{"@type":"ListItem","position":3,"name":"Vadovo Kelias"}]},{"@type":"WebSite","@id":"https:\/\/skaitytaknyga.lt\/#website","url":"https:\/\/skaitytaknyga.lt\/","name":"skaitytaknyga.lt","description":"Skaitytaknyga.lt \u2013 tai ma\u017eas \u0161eimos verslas, kuris prasid\u0117jo nuo meil\u0117s knygoms ir siekio i\u0161gelb\u0117ti knygas nuo likimo prie konteinerio. Kas vienam nereikalingas daiktas \u2013 kitam lobis, o mes esame tarpininkai, kurie padeda abiems tapti laimingesniems ???? \u017dinome kaip nelengva i\u0161gyventi ma\u017eiems verslams, tad nuo \u0161iol, \u010dia rasite ir kit\u0173, ma\u017e\u0173 \u0161eim\u0173 versl\u0173, rank\u0173 darbo, dovan\u0173 sau ir artimiesiems.","publisher":{"@id":"https:\/\/skaitytaknyga.lt\/#organization"},"potentialAction":[{"@type":"SearchAction","target":{"@type":"EntryPoint","urlTemplate":"https:\/\/skaitytaknyga.lt\/?s={search_term_string}"},"query-input":{"@type":"PropertyValueSpecification","valueRequired":true,"valueName":"search_term_string"}}],"inLanguage":"en-GB"},{"@type":"Organization","@id":"https:\/\/skaitytaknyga.lt\/#organization","name":"skaitytaknyga.lt","url":"https:\/\/skaitytaknyga.lt\/","logo":{"@type":"ImageObject","inLanguage":"en-GB","@id":"https:\/\/skaitytaknyga.lt\/#\/schema\/logo\/image\/","url":"https:\/\/skaitytaknyga.lt\/wp-content\/uploads\/2024\/05\/cropped-cropped-cropped-02_00843_jt3bggkj1j3HLc7SyY6rEUpg.jpeg","contentUrl":"https:\/\/skaitytaknyga.lt\/wp-content\/uploads\/2024\/05\/cropped-cropped-cropped-02_00843_jt3bggkj1j3HLc7SyY6rEUpg.jpeg","width":1600,"height":1600,"caption":"skaitytaknyga.lt"},"image":{"@id":"https:\/\/skaitytaknyga.lt\/#\/schema\/logo\/image\/"},"sameAs":["https:\/\/www.facebook.com\/skaitytaknyga\/"]}]}},"_links":{"self":[{"href":"https:\/\/skaitytaknyga.lt\/en\/wp-json\/wp\/v2\/product\/2867","targetHints":{"allow":["GET"]}}],"collection":[{"href":"https:\/\/skaitytaknyga.lt\/en\/wp-json\/wp\/v2\/product"}],"about":[{"href":"https:\/\/skaitytaknyga.lt\/en\/wp-json\/wp\/v2\/types\/product"}],"replies":[{"embeddable":true,"href":"https:\/\/skaitytaknyga.lt\/en\/wp-json\/wp\/v2\/comments?post=2867"}],"wp:featuredmedia":[{"embeddable":true,"href":"https:\/\/skaitytaknyga.lt\/en\/wp-json\/wp\/v2\/media\/2913"}],"wp:attachment":[{"href":"https:\/\/skaitytaknyga.lt\/en\/wp-json\/wp\/v2\/media?parent=2867"}],"wp:term":[{"taxonomy":"product_brand","embeddable":true,"href":"https:\/\/skaitytaknyga.lt\/en\/wp-json\/wp\/v2\/product_brand?post=2867"},{"taxonomy":"product_cat","embeddable":true,"href":"https:\/\/skaitytaknyga.lt\/en\/wp-json\/wp\/v2\/product_cat?post=2867"},{"taxonomy":"product_tag","embeddable":true,"href":"https:\/\/skaitytaknyga.lt\/en\/wp-json\/wp\/v2\/product_tag?post=2867"}],"curies":[{"name":"wp","href":"https:\/\/api.w.org\/{rel}","templated":true}]}}