{"id":2866,"date":"2024-04-17T13:18:42","date_gmt":"2024-04-17T13:18:42","guid":{"rendered":"https:\/\/skaitytaknyga.lt\/?post_type=product&#038;p=2866"},"modified":"2025-05-12T08:57:27","modified_gmt":"2025-05-12T05:57:27","slug":"dan-wilson-make-on-ebay-uk-amazon-and-beyond","status":"publish","type":"product","link":"https:\/\/skaitytaknyga.lt\/en\/produktas\/dan-wilson-make-on-ebay-uk-amazon-and-beyond\/","title":{"rendered":"Make on eBay UK, amazon and beyond"},"content":{"rendered":"<p>Do you want to make money selling online?<br \/>\nIf so, there&#8217;s never been a better time. Today, you can profit not only from eBay, but also by plugging into Amazon and other exciting marketplace opportunities. And, whether you&#8217;re just looking at a clear-out, need a second income, or want to establish an e-commerce enterprise, this book is your indispensable guide.<br \/>\nIn this brand new third edition of his bestselling\u00a0Make Money on eBay UK, Dan Wilson has distilled nearly 15 years experience with eBay, small businesses and internet selling to show how to:<\/p>\n<p>Quickly master eBay, and sell at a profit<br \/>\nHarness Amazon and other marketplaces to build a multi-channel business<br \/>\nTrade safely and confidently with online shoppers all over the world<br \/>\nSurf online shopping trends and become an e-commerce entrepreneur<br \/>\nFull of Dan s trademark practical advice, insights and jargon-free straight talking, this fully revised edition features:<\/p>\n<p>Up-to-date comment and analysis from industry experts<br \/>\nNew and revised case studies, so you can hear from people already making serious money<br \/>\nDozens of tools and services to streamline your e-commerce operations<\/p>\n","protected":false},"excerpt":{"rendered":"<p>Do you want to make money selling online?<br \/>\nIf so, there&#8217;s never been a better time. Today, you can profit not only from eBay, but also by plugging into Amazon and other exciting marketplace opportunities. And, whether you&#8217;re just looking at a clear-out, need a second income, or want to establish an e-commerce enterprise, this book is your indispensable guide.<br \/>\nIn this brand new third edition of his bestselling\u00a0Make Money on eBay UK, Dan Wilson has distilled nearly 15 years experience with eBay, small businesses and internet selling to show how to:<\/p>\n<p>Quickly master eBay, and sell at a profit<br \/>\nHarness Amazon and other marketplaces to build a multi-channel business<br \/>\nTrade safely and confidently with online shoppers all over the world<br \/>\nSurf online shopping trends and become an e-commerce entrepreneur<br \/>\nFull of Dan s trademark practical advice, insights and jargon-free straight talking, this fully revised edition features:<\/p>\n<p>Up-to-date comment and analysis from industry experts<br \/>\nNew and revised case studies, so you can hear from people already making serious money<br \/>\nDozens of tools and services to streamline your e-commerce operations<\/p>\n","protected":false},"featured_media":2912,"comment_status":"closed","ping_status":"closed","template":"","meta":{"_acf_changed":false,"site-sidebar-layout":"default","site-content-layout":"","ast-site-content-layout":"default","site-content-style":"default","site-sidebar-style":"default","ast-global-header-display":"","ast-banner-title-visibility":"","ast-main-header-display":"","ast-hfb-above-header-display":"","ast-hfb-below-header-display":"","ast-hfb-mobile-header-display":"","site-post-title":"","ast-breadcrumbs-content":"","ast-featured-img":"","footer-sml-layout":"","ast-disable-related-posts":"","theme-transparent-header-meta":"","adv-header-id-meta":"","stick-header-meta":"","header-above-stick-meta":"","header-main-stick-meta":"","header-below-stick-meta":"","astra-migrate-meta-layouts":"default","ast-page-background-enabled":"default","ast-page-background-meta":{"desktop":{"background-color":"","background-image":"","background-repeat":"repeat","background-position":"center center","background-size":"auto","background-attachment":"scroll","background-type":"","background-media":"","overlay-type":"","overlay-color":"","overlay-opacity":"","overlay-gradient":""},"tablet":{"background-color":"","background-image":"","background-repeat":"repeat","background-position":"center center","background-size":"auto","background-attachment":"scroll","background-type":"","background-media":"","overlay-type":"","overlay-color":"","overlay-opacity":"","overlay-gradient":""},"mobile":{"background-color":"","background-image":"","background-repeat":"repeat","background-position":"center center","background-size":"auto","background-attachment":"scroll","background-type":"","background-media":"","overlay-type":"","overlay-color":"","overlay-opacity":"","overlay-gradient":""}},"ast-content-background-meta":{"desktop":{"background-color":"var(--ast-global-color-4)","background-image":"","background-repeat":"repeat","background-position":"center center","background-size":"auto","background-attachment":"scroll","background-type":"","background-media":"","overlay-type":"","overlay-color":"","overlay-opacity":"","overlay-gradient":""},"tablet":{"background-color":"var(--ast-global-color-4)","background-image":"","background-repeat":"repeat","background-position":"center center","background-size":"auto","background-attachment":"scroll","background-type":"","background-media":"","overlay-type":"","overlay-color":"","overlay-opacity":"","overlay-gradient":""},"mobile":{"background-color":"var(--ast-global-color-4)","background-image":"","background-repeat":"repeat","background-position":"center center","background-size":"auto","background-attachment":"scroll","background-type":"","background-media":"","overlay-type":"","overlay-color":"","overlay-opacity":"","overlay-gradient":""}}},"product_brand":[],"product_cat":[34,26],"product_tag":[1640,1637,1638,1639,1642,1641,1601],"class_list":{"0":"post-2866","1":"product","2":"type-product","3":"status-publish","4":"has-post-thumbnail","6":"product_cat-knygos-anglu-kalba","7":"product_cat-verslas-vadyba-ir-finansai","8":"product_tag-amazon","9":"product_tag-dan-wilson","10":"product_tag-e-komercija","11":"product_tag-ebay","12":"product_tag-finansu-valdymas","13":"product_tag-internetinis-pardavimas","14":"product_tag-verslumas","15":"desktop-align-left","16":"tablet-align-left","17":"mobile-align-left","19":"first","20":"instock","21":"shipping-taxable","22":"purchasable","23":"product-type-simple"},"acf":[],"yoast_head":"<!-- This site is optimized with the Yoast SEO plugin v27.0 - https:\/\/yoast.com\/product\/yoast-seo-wordpress\/ -->\n<title>Make on eBay UK, amazon and beyond<\/title>\n<meta name=\"description\" content=\"Do you want to make money selling online? If so, there&#039;s never been a better time. Today, you can profit not only from eBay, but also by plugging into Amazon and other exciting marketplace opportunities. And, whether you&#039;re just looking at a clear-out, need a second income, or want to establish an e-commerce enterprise, this book is your indispensable guide. In this brand new third edition of his bestselling\u00a0Make Money on eBay UK, Dan Wilson has distilled nearly 15 years experience with eBay, small businesses and internet selling to show how to:  Quickly master eBay, and sell at a profit Harness Amazon and other marketplaces to build a multi-channel business Trade safely and confidently with online shoppers all over the world Surf online shopping trends and become an e-commerce entrepreneur Full of Dan s trademark practical advice, insights and jargon-free straight talking, this fully revised edition features:  Up-to-date comment and analysis from industry experts New and revised case studies, so you can hear from people already making serious money Dozens of tools and services to streamline your e-commerce operations\" \/>\n<meta name=\"robots\" content=\"index, follow, max-snippet:-1, max-image-preview:large, max-video-preview:-1\" \/>\n<link rel=\"canonical\" href=\"https:\/\/skaitytaknyga.lt\/en\/produktas\/dan-wilson-make-on-ebay-uk-amazon-and-beyond\/\" \/>\n<meta property=\"og:locale\" content=\"en_GB\" \/>\n<meta property=\"og:locale:alternate\" content=\"lt_LT\" \/>\n<meta property=\"og:type\" content=\"article\" \/>\n<meta property=\"og:title\" content=\"Make on eBay UK, amazon and beyond\" \/>\n<meta property=\"og:description\" content=\"Do you want to make money selling online? If so, there&#039;s never been a better time. Today, you can profit not only from eBay, but also by plugging into Amazon and other exciting marketplace opportunities. And, whether you&#039;re just looking at a clear-out, need a second income, or want to establish an e-commerce enterprise, this book is your indispensable guide. In this brand new third edition of his bestselling\u00a0Make Money on eBay UK, Dan Wilson has distilled nearly 15 years experience with eBay, small businesses and internet selling to show how to:  Quickly master eBay, and sell at a profit Harness Amazon and other marketplaces to build a multi-channel business Trade safely and confidently with online shoppers all over the world Surf online shopping trends and become an e-commerce entrepreneur Full of Dan s trademark practical advice, insights and jargon-free straight talking, this fully revised edition features:  Up-to-date comment and analysis from industry experts New and revised case studies, so you can hear from people already making serious money Dozens of tools and services to streamline your e-commerce operations\" \/>\n<meta property=\"og:url\" content=\"https:\/\/skaitytaknyga.lt\/en\/produktas\/dan-wilson-make-on-ebay-uk-amazon-and-beyond\/\" \/>\n<meta property=\"og:site_name\" content=\"Skaitytaknyga\" \/>\n<meta property=\"article:publisher\" content=\"https:\/\/www.facebook.com\/skaitytaknyga\/\" \/>\n<meta property=\"article:modified_time\" content=\"2025-05-12T05:57:27+00:00\" \/>\n<meta property=\"og:image\" content=\"https:\/\/skaitytaknyga.lt\/wp-content\/uploads\/2024\/04\/61eCJBoLUFL._AC_UL600_SR375600_.jpg\" \/>\n\t<meta property=\"og:image:width\" content=\"375\" \/>\n\t<meta property=\"og:image:height\" content=\"600\" \/>\n\t<meta property=\"og:image:type\" content=\"image\/jpeg\" \/>\n<meta name=\"twitter:card\" content=\"summary_large_image\" \/>\n<meta name=\"twitter:label1\" content=\"Estimated reading time\" \/>\n\t<meta name=\"twitter:data1\" content=\"1 minute\" \/>\n<script type=\"application\/ld+json\" class=\"yoast-schema-graph\">{\"@context\":\"https:\/\/schema.org\",\"@graph\":[{\"@type\":\"WebPage\",\"@id\":\"https:\/\/skaitytaknyga.lt\/produktas\/dan-wilson-make-on-ebay-uk-amazon-and-beyond\/\",\"url\":\"https:\/\/skaitytaknyga.lt\/produktas\/dan-wilson-make-on-ebay-uk-amazon-and-beyond\/\",\"name\":\"Make on eBay UK, amazon and beyond\",\"isPartOf\":{\"@id\":\"https:\/\/skaitytaknyga.lt\/#website\"},\"primaryImageOfPage\":{\"@id\":\"https:\/\/skaitytaknyga.lt\/produktas\/dan-wilson-make-on-ebay-uk-amazon-and-beyond\/#primaryimage\"},\"image\":{\"@id\":\"https:\/\/skaitytaknyga.lt\/produktas\/dan-wilson-make-on-ebay-uk-amazon-and-beyond\/#primaryimage\"},\"thumbnailUrl\":\"https:\/\/skaitytaknyga.lt\/wp-content\/uploads\/2024\/04\/61eCJBoLUFL._AC_UL600_SR375600_.jpg\",\"datePublished\":\"2024-04-17T13:18:42+00:00\",\"dateModified\":\"2025-05-12T05:57:27+00:00\",\"description\":\"Do you want to make money selling online? If so, there's never been a better time. Today, you can profit not only from eBay, but also by plugging into Amazon and other exciting marketplace opportunities. And, whether you're just looking at a clear-out, need a second income, or want to establish an e-commerce enterprise, this book is your indispensable guide. In this brand new third edition of his bestselling\u00a0Make Money on eBay UK, Dan Wilson has distilled nearly 15 years experience with eBay, small businesses and internet selling to show how to: Quickly master eBay, and sell at a profit Harness Amazon and other marketplaces to build a multi-channel business Trade safely and confidently with online shoppers all over the world Surf online shopping trends and become an e-commerce entrepreneur Full of Dan s trademark practical advice, insights and jargon-free straight talking, this fully revised edition features: Up-to-date comment and analysis from industry experts New and revised case studies, so you can hear from people already making serious money Dozens of tools and services to streamline your e-commerce operations\",\"breadcrumb\":{\"@id\":\"https:\/\/skaitytaknyga.lt\/produktas\/dan-wilson-make-on-ebay-uk-amazon-and-beyond\/#breadcrumb\"},\"inLanguage\":\"en-GB\",\"potentialAction\":[{\"@type\":\"ReadAction\",\"target\":[\"https:\/\/skaitytaknyga.lt\/produktas\/dan-wilson-make-on-ebay-uk-amazon-and-beyond\/\"]}]},{\"@type\":\"ImageObject\",\"inLanguage\":\"en-GB\",\"@id\":\"https:\/\/skaitytaknyga.lt\/produktas\/dan-wilson-make-on-ebay-uk-amazon-and-beyond\/#primaryimage\",\"url\":\"https:\/\/skaitytaknyga.lt\/wp-content\/uploads\/2024\/04\/61eCJBoLUFL._AC_UL600_SR375600_.jpg\",\"contentUrl\":\"https:\/\/skaitytaknyga.lt\/wp-content\/uploads\/2024\/04\/61eCJBoLUFL._AC_UL600_SR375600_.jpg\",\"width\":375,\"height\":600,\"caption\":\"61eCJBoLUFL. AC UL600 SR375600\"},{\"@type\":\"BreadcrumbList\",\"@id\":\"https:\/\/skaitytaknyga.lt\/produktas\/dan-wilson-make-on-ebay-uk-amazon-and-beyond\/#breadcrumb\",\"itemListElement\":[{\"@type\":\"ListItem\",\"position\":1,\"name\":\"Home\",\"item\":\"https:\/\/skaitytaknyga.lt\/\"},{\"@type\":\"ListItem\",\"position\":2,\"name\":\"Parduotuv\u0117\",\"item\":\"https:\/\/skaitytaknyga.lt\/knygu-parduotuve\/\"},{\"@type\":\"ListItem\",\"position\":3,\"name\":\"Make on eBay UK, amazon and beyond\"}]},{\"@type\":\"WebSite\",\"@id\":\"https:\/\/skaitytaknyga.lt\/#website\",\"url\":\"https:\/\/skaitytaknyga.lt\/\",\"name\":\"skaitytaknyga.lt\",\"description\":\"Skaitytaknyga.lt \u2013 tai ma\u017eas \u0161eimos verslas, kuris prasid\u0117jo nuo meil\u0117s knygoms ir siekio i\u0161gelb\u0117ti knygas nuo likimo prie konteinerio. Kas vienam nereikalingas daiktas \u2013 kitam lobis, o mes esame tarpininkai, kurie padeda abiems tapti laimingesniems ???? \u017dinome kaip nelengva i\u0161gyventi ma\u017eiems verslams, tad nuo \u0161iol, \u010dia rasite ir kit\u0173, ma\u017e\u0173 \u0161eim\u0173 versl\u0173, rank\u0173 darbo, dovan\u0173 sau ir artimiesiems.\",\"publisher\":{\"@id\":\"https:\/\/skaitytaknyga.lt\/#organization\"},\"potentialAction\":[{\"@type\":\"SearchAction\",\"target\":{\"@type\":\"EntryPoint\",\"urlTemplate\":\"https:\/\/skaitytaknyga.lt\/?s={search_term_string}\"},\"query-input\":{\"@type\":\"PropertyValueSpecification\",\"valueRequired\":true,\"valueName\":\"search_term_string\"}}],\"inLanguage\":\"en-GB\"},{\"@type\":\"Organization\",\"@id\":\"https:\/\/skaitytaknyga.lt\/#organization\",\"name\":\"skaitytaknyga.lt\",\"url\":\"https:\/\/skaitytaknyga.lt\/\",\"logo\":{\"@type\":\"ImageObject\",\"inLanguage\":\"en-GB\",\"@id\":\"https:\/\/skaitytaknyga.lt\/#\/schema\/logo\/image\/\",\"url\":\"https:\/\/skaitytaknyga.lt\/wp-content\/uploads\/2024\/05\/cropped-cropped-cropped-02_00843_jt3bggkj1j3HLc7SyY6rEUpg.jpeg\",\"contentUrl\":\"https:\/\/skaitytaknyga.lt\/wp-content\/uploads\/2024\/05\/cropped-cropped-cropped-02_00843_jt3bggkj1j3HLc7SyY6rEUpg.jpeg\",\"width\":1600,\"height\":1600,\"caption\":\"skaitytaknyga.lt\"},\"image\":{\"@id\":\"https:\/\/skaitytaknyga.lt\/#\/schema\/logo\/image\/\"},\"sameAs\":[\"https:\/\/www.facebook.com\/skaitytaknyga\/\"]}]}<\/script>\n<!-- \/ Yoast SEO plugin. -->","yoast_head_json":{"title":"Make on eBay UK, amazon and beyond","description":"Do you want to make money selling online? If so, there's never been a better time. Today, you can profit not only from eBay, but also by plugging into Amazon and other exciting marketplace opportunities. And, whether you're just looking at a clear-out, need a second income, or want to establish an e-commerce enterprise, this book is your indispensable guide. In this brand new third edition of his bestselling\u00a0Make Money on eBay UK, Dan Wilson has distilled nearly 15 years experience with eBay, small businesses and internet selling to show how to:  Quickly master eBay, and sell at a profit Harness Amazon and other marketplaces to build a multi-channel business Trade safely and confidently with online shoppers all over the world Surf online shopping trends and become an e-commerce entrepreneur Full of Dan s trademark practical advice, insights and jargon-free straight talking, this fully revised edition features:  Up-to-date comment and analysis from industry experts New and revised case studies, so you can hear from people already making serious money Dozens of tools and services to streamline your e-commerce operations","robots":{"index":"index","follow":"follow","max-snippet":"max-snippet:-1","max-image-preview":"max-image-preview:large","max-video-preview":"max-video-preview:-1"},"canonical":"https:\/\/skaitytaknyga.lt\/en\/produktas\/dan-wilson-make-on-ebay-uk-amazon-and-beyond\/","og_locale":"en_GB","og_type":"article","og_title":"[:lt]Make on eBay UK, amazon and beyond[:] - Skaitytaknyga","og_description":"Do you want to make money selling online? If so, there's never been a better time. Today, you can profit not only from eBay, but also by plugging into Amazon and other exciting marketplace opportunities. And, whether you're just looking at a clear-out, need a second income, or want to establish an e-commerce enterprise, this book is your indispensable guide. In this brand new third edition of his bestselling\u00a0Make Money on eBay UK, Dan Wilson has distilled nearly 15 years experience with eBay, small businesses and internet selling to show how to:  Quickly master eBay, and sell at a profit Harness Amazon and other marketplaces to build a multi-channel business Trade safely and confidently with online shoppers all over the world Surf online shopping trends and become an e-commerce entrepreneur Full of Dan s trademark practical advice, insights and jargon-free straight talking, this fully revised edition features:  Up-to-date comment and analysis from industry experts New and revised case studies, so you can hear from people already making serious money Dozens of tools and services to streamline your e-commerce operations","og_url":"https:\/\/skaitytaknyga.lt\/en\/produktas\/dan-wilson-make-on-ebay-uk-amazon-and-beyond\/","og_site_name":"Skaitytaknyga","article_publisher":"https:\/\/www.facebook.com\/skaitytaknyga\/","article_modified_time":"2025-05-12T05:57:27+00:00","og_image":[{"width":375,"height":600,"url":"https:\/\/skaitytaknyga.lt\/wp-content\/uploads\/2024\/04\/61eCJBoLUFL._AC_UL600_SR375600_.jpg","type":"image\/jpeg"}],"twitter_card":"summary_large_image","twitter_misc":{"Estimated reading time":"1 minute"},"schema":{"@context":"https:\/\/schema.org","@graph":[{"@type":"WebPage","@id":"https:\/\/skaitytaknyga.lt\/produktas\/dan-wilson-make-on-ebay-uk-amazon-and-beyond\/","url":"https:\/\/skaitytaknyga.lt\/produktas\/dan-wilson-make-on-ebay-uk-amazon-and-beyond\/","name":"Make on eBay UK, amazon and beyond","isPartOf":{"@id":"https:\/\/skaitytaknyga.lt\/#website"},"primaryImageOfPage":{"@id":"https:\/\/skaitytaknyga.lt\/produktas\/dan-wilson-make-on-ebay-uk-amazon-and-beyond\/#primaryimage"},"image":{"@id":"https:\/\/skaitytaknyga.lt\/produktas\/dan-wilson-make-on-ebay-uk-amazon-and-beyond\/#primaryimage"},"thumbnailUrl":"https:\/\/skaitytaknyga.lt\/wp-content\/uploads\/2024\/04\/61eCJBoLUFL._AC_UL600_SR375600_.jpg","datePublished":"2024-04-17T13:18:42+00:00","dateModified":"2025-05-12T05:57:27+00:00","description":"Do you want to make money selling online? If so, there's never been a better time. Today, you can profit not only from eBay, but also by plugging into Amazon and other exciting marketplace opportunities. And, whether you're just looking at a clear-out, need a second income, or want to establish an e-commerce enterprise, this book is your indispensable guide. In this brand new third edition of his bestselling\u00a0Make Money on eBay UK, Dan Wilson has distilled nearly 15 years experience with eBay, small businesses and internet selling to show how to: Quickly master eBay, and sell at a profit Harness Amazon and other marketplaces to build a multi-channel business Trade safely and confidently with online shoppers all over the world Surf online shopping trends and become an e-commerce entrepreneur Full of Dan s trademark practical advice, insights and jargon-free straight talking, this fully revised edition features: Up-to-date comment and analysis from industry experts New and revised case studies, so you can hear from people already making serious money Dozens of tools and services to streamline your e-commerce operations","breadcrumb":{"@id":"https:\/\/skaitytaknyga.lt\/produktas\/dan-wilson-make-on-ebay-uk-amazon-and-beyond\/#breadcrumb"},"inLanguage":"en-GB","potentialAction":[{"@type":"ReadAction","target":["https:\/\/skaitytaknyga.lt\/produktas\/dan-wilson-make-on-ebay-uk-amazon-and-beyond\/"]}]},{"@type":"ImageObject","inLanguage":"en-GB","@id":"https:\/\/skaitytaknyga.lt\/produktas\/dan-wilson-make-on-ebay-uk-amazon-and-beyond\/#primaryimage","url":"https:\/\/skaitytaknyga.lt\/wp-content\/uploads\/2024\/04\/61eCJBoLUFL._AC_UL600_SR375600_.jpg","contentUrl":"https:\/\/skaitytaknyga.lt\/wp-content\/uploads\/2024\/04\/61eCJBoLUFL._AC_UL600_SR375600_.jpg","width":375,"height":600,"caption":"61eCJBoLUFL. AC UL600 SR375600"},{"@type":"BreadcrumbList","@id":"https:\/\/skaitytaknyga.lt\/produktas\/dan-wilson-make-on-ebay-uk-amazon-and-beyond\/#breadcrumb","itemListElement":[{"@type":"ListItem","position":1,"name":"Home","item":"https:\/\/skaitytaknyga.lt\/"},{"@type":"ListItem","position":2,"name":"Parduotuv\u0117","item":"https:\/\/skaitytaknyga.lt\/knygu-parduotuve\/"},{"@type":"ListItem","position":3,"name":"Make on eBay UK, amazon and beyond"}]},{"@type":"WebSite","@id":"https:\/\/skaitytaknyga.lt\/#website","url":"https:\/\/skaitytaknyga.lt\/","name":"skaitytaknyga.lt","description":"Skaitytaknyga.lt \u2013 tai ma\u017eas \u0161eimos verslas, kuris prasid\u0117jo nuo meil\u0117s knygoms ir siekio i\u0161gelb\u0117ti knygas nuo likimo prie konteinerio. Kas vienam nereikalingas daiktas \u2013 kitam lobis, o mes esame tarpininkai, kurie padeda abiems tapti laimingesniems ???? \u017dinome kaip nelengva i\u0161gyventi ma\u017eiems verslams, tad nuo \u0161iol, \u010dia rasite ir kit\u0173, ma\u017e\u0173 \u0161eim\u0173 versl\u0173, rank\u0173 darbo, dovan\u0173 sau ir artimiesiems.","publisher":{"@id":"https:\/\/skaitytaknyga.lt\/#organization"},"potentialAction":[{"@type":"SearchAction","target":{"@type":"EntryPoint","urlTemplate":"https:\/\/skaitytaknyga.lt\/?s={search_term_string}"},"query-input":{"@type":"PropertyValueSpecification","valueRequired":true,"valueName":"search_term_string"}}],"inLanguage":"en-GB"},{"@type":"Organization","@id":"https:\/\/skaitytaknyga.lt\/#organization","name":"skaitytaknyga.lt","url":"https:\/\/skaitytaknyga.lt\/","logo":{"@type":"ImageObject","inLanguage":"en-GB","@id":"https:\/\/skaitytaknyga.lt\/#\/schema\/logo\/image\/","url":"https:\/\/skaitytaknyga.lt\/wp-content\/uploads\/2024\/05\/cropped-cropped-cropped-02_00843_jt3bggkj1j3HLc7SyY6rEUpg.jpeg","contentUrl":"https:\/\/skaitytaknyga.lt\/wp-content\/uploads\/2024\/05\/cropped-cropped-cropped-02_00843_jt3bggkj1j3HLc7SyY6rEUpg.jpeg","width":1600,"height":1600,"caption":"skaitytaknyga.lt"},"image":{"@id":"https:\/\/skaitytaknyga.lt\/#\/schema\/logo\/image\/"},"sameAs":["https:\/\/www.facebook.com\/skaitytaknyga\/"]}]}},"_links":{"self":[{"href":"https:\/\/skaitytaknyga.lt\/en\/wp-json\/wp\/v2\/product\/2866","targetHints":{"allow":["GET"]}}],"collection":[{"href":"https:\/\/skaitytaknyga.lt\/en\/wp-json\/wp\/v2\/product"}],"about":[{"href":"https:\/\/skaitytaknyga.lt\/en\/wp-json\/wp\/v2\/types\/product"}],"replies":[{"embeddable":true,"href":"https:\/\/skaitytaknyga.lt\/en\/wp-json\/wp\/v2\/comments?post=2866"}],"wp:featuredmedia":[{"embeddable":true,"href":"https:\/\/skaitytaknyga.lt\/en\/wp-json\/wp\/v2\/media\/2912"}],"wp:attachment":[{"href":"https:\/\/skaitytaknyga.lt\/en\/wp-json\/wp\/v2\/media?parent=2866"}],"wp:term":[{"taxonomy":"product_brand","embeddable":true,"href":"https:\/\/skaitytaknyga.lt\/en\/wp-json\/wp\/v2\/product_brand?post=2866"},{"taxonomy":"product_cat","embeddable":true,"href":"https:\/\/skaitytaknyga.lt\/en\/wp-json\/wp\/v2\/product_cat?post=2866"},{"taxonomy":"product_tag","embeddable":true,"href":"https:\/\/skaitytaknyga.lt\/en\/wp-json\/wp\/v2\/product_tag?post=2866"}],"curies":[{"name":"wp","href":"https:\/\/api.w.org\/{rel}","templated":true}]}}