{"id":2865,"date":"2024-04-17T13:18:42","date_gmt":"2024-04-17T13:18:42","guid":{"rendered":"https:\/\/skaitytaknyga.lt\/?post_type=product&#038;p=2865"},"modified":"2024-05-03T07:16:51","modified_gmt":"2024-05-03T07:16:51","slug":"stephen-denning-squirrel-inc-arba-kaip-pasakojimais-suzad-pokycius-organiza","status":"publish","type":"product","link":"https:\/\/skaitytaknyga.lt\/en\/produktas\/stephen-denning-squirrel-inc-arba-kaip-pasakojimais-suzad-pokycius-organiza\/","title":{"rendered":"Stephen Denning \u201eSquirrel, Inc. arba kaip pasakojimais su\u017ead. poky\u010dius organiza\u201c"},"content":{"rendered":"<p>tai knyga apie vadovavim\u0105, lyderyst\u0119. Ji apie tai, kaip galima panaudoti pasakojimo kerus vesti \u017emon\u0117ms i\u0161 ten, kur jie dabar yra, ir kaip susidoroti su svarbiausiais i\u0161\u0161\u016bkiais, \u0161iandien i\u0161kylan\u010diais visiems lyderiams:<\/p>\n<p>Kaip \u012ftikinti \u017emones keistis?<br \/>\nKaip pasiekti, kad \u017emon\u0117s dirbt\u0173 i\u0161vien?\u00a0<br \/>\nKaip dalytis \u017einiomis su kitais?\u00a0<br \/>\nKaip slopinti gandus?\u00a0<br \/>\nKaip prane\u0161ti kitiems, kas j\u016bs esate?\u00a0<br \/>\nKaip perduoti vertybes?\u00a0<br \/>\nKaip \u017emones vesti \u012f ateit\u012f?<br \/>\nTai vieni i\u0161 sunkiausi\u0173 ir reik\u0161mingiausi\u0173 vadovyb\u0117s i\u0161\u0161\u016bki\u0173. Jiems atlaikyti yra kelios kitos tinkamos priemon\u0117s. Apie vadovavim\u0105, lyderiavim\u0105 prira\u0161yta t\u016bkstan\u010diai knyg\u0173, bet tik keliose i\u0161 j\u0173 yra u\u017euomin\u0173 apie jo ry\u0161\u012f su istorij\u0173 pasakojimu. Bet net ir j\u0173 autoriai istorij\u0173 pasakojim\u0105 laik\u0117 antraeile problema. N\u0117 vienas nesuvok\u0117 pasakojim\u0173 svarbos lyderiavimui bei komunikavimui, neapra\u0161\u0117 \u012fvairi\u0173 j\u0173 aspekt\u0173 ir metod\u0173.<\/p>\n","protected":false},"excerpt":{"rendered":"<p>tai knyga apie vadovavim\u0105, lyderyst\u0119. Ji apie tai, kaip galima panaudoti pasakojimo kerus vesti \u017emon\u0117ms i\u0161 ten, kur jie dabar yra, ir kaip susidoroti su svarbiausiais i\u0161\u0161\u016bkiais, \u0161iandien i\u0161kylan\u010diais visiems lyderiams: Kaip \u012ftikinti \u017emones keistis? Kaip pasiekti, kad \u017emon\u0117s dirbt\u0173 i\u0161vien?\u00a0 Kaip dalytis \u017einiomis su kitais?\u00a0 Kaip slopinti gandus?\u00a0 Kaip prane\u0161ti kitiems, kas j\u016bs esate?\u00a0 Kaip perduoti vertybes?\u00a0 Kaip \u017emones vesti \u012f ateit\u012f? Tai vieni i\u0161 sunkiausi\u0173 ir reik\u0161mingiausi\u0173 vadovyb\u0117s i\u0161\u0161\u016bki\u0173. Jiems atlaikyti yra kelios kitos tinkamos priemon\u0117s. Apie vadovavim\u0105, lyderiavim\u0105 prira\u0161yta t\u016bkstan\u010diai knyg\u0173, bet tik keliose i\u0161 j\u0173 yra u\u017euomin\u0173 apie jo ry\u0161\u012f su istorij\u0173 pasakojimu. Bet net ir j\u0173 autoriai istorij\u0173 pasakojim\u0105 laik\u0117 antraeile problema. N\u0117 vienas nesuvok\u0117 pasakojim\u0173 svarbos lyderiavimui bei komunikavimui, neapra\u0161\u0117 \u012fvairi\u0173 j\u0173 aspekt\u0173 ir metod\u0173.<\/p>\n","protected":false},"featured_media":2911,"comment_status":"closed","ping_status":"closed","template":"","meta":{"_acf_changed":false,"site-sidebar-layout":"default","site-content-layout":"","ast-site-content-layout":"default","site-content-style":"default","site-sidebar-style":"default","ast-global-header-display":"","ast-banner-title-visibility":"","ast-main-header-display":"","ast-hfb-above-header-display":"","ast-hfb-below-header-display":"","ast-hfb-mobile-header-display":"","site-post-title":"","ast-breadcrumbs-content":"","ast-featured-img":"","footer-sml-layout":"","ast-disable-related-posts":"","theme-transparent-header-meta":"","adv-header-id-meta":"","stick-header-meta":"","header-above-stick-meta":"","header-main-stick-meta":"","header-below-stick-meta":"","astra-migrate-meta-layouts":"default","ast-page-background-enabled":"default","ast-page-background-meta":{"desktop":{"background-color":"","background-image":"","background-repeat":"repeat","background-position":"center center","background-size":"auto","background-attachment":"scroll","background-type":"","background-media":"","overlay-type":"","overlay-color":"","overlay-opacity":"","overlay-gradient":""},"tablet":{"background-color":"","background-image":"","background-repeat":"repeat","background-position":"center center","background-size":"auto","background-attachment":"scroll","background-type":"","background-media":"","overlay-type":"","overlay-color":"","overlay-opacity":"","overlay-gradient":""},"mobile":{"background-color":"","background-image":"","background-repeat":"repeat","background-position":"center center","background-size":"auto","background-attachment":"scroll","background-type":"","background-media":"","overlay-type":"","overlay-color":"","overlay-opacity":"","overlay-gradient":""}},"ast-content-background-meta":{"desktop":{"background-color":"var(--ast-global-color-4)","background-image":"","background-repeat":"repeat","background-position":"center center","background-size":"auto","background-attachment":"scroll","background-type":"","background-media":"","overlay-type":"","overlay-color":"","overlay-opacity":"","overlay-gradient":""},"tablet":{"background-color":"var(--ast-global-color-4)","background-image":"","background-repeat":"repeat","background-position":"center center","background-size":"auto","background-attachment":"scroll","background-type":"","background-media":"","overlay-type":"","overlay-color":"","overlay-opacity":"","overlay-gradient":""},"mobile":{"background-color":"var(--ast-global-color-4)","background-image":"","background-repeat":"repeat","background-position":"center center","background-size":"auto","background-attachment":"scroll","background-type":"","background-media":"","overlay-type":"","overlay-color":"","overlay-opacity":"","overlay-gradient":""}}},"product_brand":[],"product_cat":[26],"product_tag":[],"class_list":{"0":"post-2865","1":"product","2":"type-product","3":"status-publish","4":"has-post-thumbnail","6":"product_cat-verslas-vadyba-ir-finansai","7":"desktop-align-left","8":"tablet-align-left","9":"mobile-align-left","11":"first","12":"instock","13":"shipping-taxable","14":"purchasable","15":"product-type-simple"},"acf":[],"yoast_head":"<!-- This site is optimized with the Yoast SEO plugin v27.0 - https:\/\/yoast.com\/product\/yoast-seo-wordpress\/ -->\n<title>Stephen Denning \u201eSquirrel, Inc. arba kaip pasakojimais su\u017ead. poky\u010dius organiza\u201c - Skaitytaknyga<\/title>\n<meta name=\"description\" content=\"tai knyga apie vadovavim\u0105, lyderyst\u0119. Ji apie tai, kaip galima panaudoti pasakojimo kerus vesti \u017emon\u0117ms i\u0161 ten, kur jie dabar yra, ir kaip susidoroti su\" \/>\n<meta name=\"robots\" content=\"index, follow, max-snippet:-1, max-image-preview:large, max-video-preview:-1\" \/>\n<link rel=\"canonical\" href=\"https:\/\/skaitytaknyga.lt\/en\/produktas\/stephen-denning-squirrel-inc-arba-kaip-pasakojimais-suzad-pokycius-organiza\/\" \/>\n<meta property=\"og:locale\" content=\"en_GB\" \/>\n<meta property=\"og:locale:alternate\" content=\"lt_LT\" \/>\n<meta property=\"og:type\" content=\"article\" \/>\n<meta property=\"og:title\" content=\"Stephen Denning \u201eSquirrel, Inc. arba kaip pasakojimais su\u017ead. poky\u010dius organiza\u201c - Skaitytaknyga\" \/>\n<meta property=\"og:description\" content=\"tai knyga apie vadovavim\u0105, lyderyst\u0119. Ji apie tai, kaip galima panaudoti pasakojimo kerus vesti \u017emon\u0117ms i\u0161 ten, kur jie dabar yra, ir kaip susidoroti su\" \/>\n<meta property=\"og:url\" content=\"https:\/\/skaitytaknyga.lt\/en\/produktas\/stephen-denning-squirrel-inc-arba-kaip-pasakojimais-suzad-pokycius-organiza\/\" \/>\n<meta property=\"og:site_name\" content=\"Skaitytaknyga\" \/>\n<meta property=\"article:publisher\" content=\"https:\/\/www.facebook.com\/skaitytaknyga\/\" \/>\n<meta property=\"article:modified_time\" content=\"2024-05-03T07:16:51+00:00\" \/>\n<meta property=\"og:image\" content=\"https:\/\/skaitytaknyga.lt\/wp-content\/uploads\/2024\/04\/1462890573_img0004-001.jpg\" \/>\n\t<meta property=\"og:image:width\" content=\"286\" \/>\n\t<meta property=\"og:image:height\" content=\"430\" \/>\n\t<meta property=\"og:image:type\" content=\"image\/jpeg\" \/>\n<meta name=\"twitter:card\" content=\"summary_large_image\" \/>\n<meta name=\"twitter:label1\" content=\"Estimated reading time\" \/>\n\t<meta name=\"twitter:data1\" content=\"1 minute\" \/>\n<script type=\"application\/ld+json\" class=\"yoast-schema-graph\">{\"@context\":\"https:\/\/schema.org\",\"@graph\":[{\"@type\":\"WebPage\",\"@id\":\"https:\/\/skaitytaknyga.lt\/produktas\/stephen-denning-squirrel-inc-arba-kaip-pasakojimais-suzad-pokycius-organiza\/\",\"url\":\"https:\/\/skaitytaknyga.lt\/produktas\/stephen-denning-squirrel-inc-arba-kaip-pasakojimais-suzad-pokycius-organiza\/\",\"name\":\"Stephen Denning \u201eSquirrel, Inc. arba kaip pasakojimais su\u017ead. poky\u010dius organiza\u201c - Skaitytaknyga\",\"isPartOf\":{\"@id\":\"https:\/\/skaitytaknyga.lt\/#website\"},\"primaryImageOfPage\":{\"@id\":\"https:\/\/skaitytaknyga.lt\/produktas\/stephen-denning-squirrel-inc-arba-kaip-pasakojimais-suzad-pokycius-organiza\/#primaryimage\"},\"image\":{\"@id\":\"https:\/\/skaitytaknyga.lt\/produktas\/stephen-denning-squirrel-inc-arba-kaip-pasakojimais-suzad-pokycius-organiza\/#primaryimage\"},\"thumbnailUrl\":\"https:\/\/skaitytaknyga.lt\/wp-content\/uploads\/2024\/04\/1462890573_img0004-001.jpg\",\"datePublished\":\"2024-04-17T13:18:42+00:00\",\"dateModified\":\"2024-05-03T07:16:51+00:00\",\"description\":\"tai knyga apie vadovavim\u0105, lyderyst\u0119. Ji apie tai, kaip galima panaudoti pasakojimo kerus vesti \u017emon\u0117ms i\u0161 ten, kur jie dabar yra, ir kaip susidoroti su\",\"breadcrumb\":{\"@id\":\"https:\/\/skaitytaknyga.lt\/produktas\/stephen-denning-squirrel-inc-arba-kaip-pasakojimais-suzad-pokycius-organiza\/#breadcrumb\"},\"inLanguage\":\"en-GB\",\"potentialAction\":[{\"@type\":\"ReadAction\",\"target\":[\"https:\/\/skaitytaknyga.lt\/produktas\/stephen-denning-squirrel-inc-arba-kaip-pasakojimais-suzad-pokycius-organiza\/\"]}]},{\"@type\":\"ImageObject\",\"inLanguage\":\"en-GB\",\"@id\":\"https:\/\/skaitytaknyga.lt\/produktas\/stephen-denning-squirrel-inc-arba-kaip-pasakojimais-suzad-pokycius-organiza\/#primaryimage\",\"url\":\"https:\/\/skaitytaknyga.lt\/wp-content\/uploads\/2024\/04\/1462890573_img0004-001.jpg\",\"contentUrl\":\"https:\/\/skaitytaknyga.lt\/wp-content\/uploads\/2024\/04\/1462890573_img0004-001.jpg\",\"width\":286,\"height\":430,\"caption\":\"1462890573 img0004 001\"},{\"@type\":\"BreadcrumbList\",\"@id\":\"https:\/\/skaitytaknyga.lt\/produktas\/stephen-denning-squirrel-inc-arba-kaip-pasakojimais-suzad-pokycius-organiza\/#breadcrumb\",\"itemListElement\":[{\"@type\":\"ListItem\",\"position\":1,\"name\":\"Home\",\"item\":\"https:\/\/skaitytaknyga.lt\/\"},{\"@type\":\"ListItem\",\"position\":2,\"name\":\"Parduotuv\u0117\",\"item\":\"https:\/\/skaitytaknyga.lt\/knygu-parduotuve\/\"},{\"@type\":\"ListItem\",\"position\":3,\"name\":\"Stephen Denning \u201eSquirrel, Inc. arba kaip pasakojimais su\u017ead. poky\u010dius organiza\u201c\"}]},{\"@type\":\"WebSite\",\"@id\":\"https:\/\/skaitytaknyga.lt\/#website\",\"url\":\"https:\/\/skaitytaknyga.lt\/\",\"name\":\"skaitytaknyga.lt\",\"description\":\"Skaitytaknyga.lt \u2013 tai ma\u017eas \u0161eimos verslas, kuris prasid\u0117jo nuo meil\u0117s knygoms ir siekio i\u0161gelb\u0117ti knygas nuo likimo prie konteinerio. Kas vienam nereikalingas daiktas \u2013 kitam lobis, o mes esame tarpininkai, kurie padeda abiems tapti laimingesniems ???? \u017dinome kaip nelengva i\u0161gyventi ma\u017eiems verslams, tad nuo \u0161iol, \u010dia rasite ir kit\u0173, ma\u017e\u0173 \u0161eim\u0173 versl\u0173, rank\u0173 darbo, dovan\u0173 sau ir artimiesiems.\",\"publisher\":{\"@id\":\"https:\/\/skaitytaknyga.lt\/#organization\"},\"potentialAction\":[{\"@type\":\"SearchAction\",\"target\":{\"@type\":\"EntryPoint\",\"urlTemplate\":\"https:\/\/skaitytaknyga.lt\/?s={search_term_string}\"},\"query-input\":{\"@type\":\"PropertyValueSpecification\",\"valueRequired\":true,\"valueName\":\"search_term_string\"}}],\"inLanguage\":\"en-GB\"},{\"@type\":\"Organization\",\"@id\":\"https:\/\/skaitytaknyga.lt\/#organization\",\"name\":\"skaitytaknyga.lt\",\"url\":\"https:\/\/skaitytaknyga.lt\/\",\"logo\":{\"@type\":\"ImageObject\",\"inLanguage\":\"en-GB\",\"@id\":\"https:\/\/skaitytaknyga.lt\/#\/schema\/logo\/image\/\",\"url\":\"https:\/\/skaitytaknyga.lt\/wp-content\/uploads\/2024\/05\/cropped-cropped-cropped-02_00843_jt3bggkj1j3HLc7SyY6rEUpg.jpeg\",\"contentUrl\":\"https:\/\/skaitytaknyga.lt\/wp-content\/uploads\/2024\/05\/cropped-cropped-cropped-02_00843_jt3bggkj1j3HLc7SyY6rEUpg.jpeg\",\"width\":1600,\"height\":1600,\"caption\":\"skaitytaknyga.lt\"},\"image\":{\"@id\":\"https:\/\/skaitytaknyga.lt\/#\/schema\/logo\/image\/\"},\"sameAs\":[\"https:\/\/www.facebook.com\/skaitytaknyga\/\"]}]}<\/script>\n<!-- \/ Yoast SEO plugin. -->","yoast_head_json":{"title":"Stephen Denning \u201eSquirrel, Inc. arba kaip pasakojimais su\u017ead. poky\u010dius organiza\u201c - Skaitytaknyga","description":"tai knyga apie vadovavim\u0105, lyderyst\u0119. Ji apie tai, kaip galima panaudoti pasakojimo kerus vesti \u017emon\u0117ms i\u0161 ten, kur jie dabar yra, ir kaip susidoroti su","robots":{"index":"index","follow":"follow","max-snippet":"max-snippet:-1","max-image-preview":"max-image-preview:large","max-video-preview":"max-video-preview:-1"},"canonical":"https:\/\/skaitytaknyga.lt\/en\/produktas\/stephen-denning-squirrel-inc-arba-kaip-pasakojimais-suzad-pokycius-organiza\/","og_locale":"en_GB","og_type":"article","og_title":"Stephen Denning \u201eSquirrel, Inc. arba kaip pasakojimais su\u017ead. poky\u010dius organiza\u201c - Skaitytaknyga","og_description":"tai knyga apie vadovavim\u0105, lyderyst\u0119. Ji apie tai, kaip galima panaudoti pasakojimo kerus vesti \u017emon\u0117ms i\u0161 ten, kur jie dabar yra, ir kaip susidoroti su","og_url":"https:\/\/skaitytaknyga.lt\/en\/produktas\/stephen-denning-squirrel-inc-arba-kaip-pasakojimais-suzad-pokycius-organiza\/","og_site_name":"Skaitytaknyga","article_publisher":"https:\/\/www.facebook.com\/skaitytaknyga\/","article_modified_time":"2024-05-03T07:16:51+00:00","og_image":[{"width":286,"height":430,"url":"https:\/\/skaitytaknyga.lt\/wp-content\/uploads\/2024\/04\/1462890573_img0004-001.jpg","type":"image\/jpeg"}],"twitter_card":"summary_large_image","twitter_misc":{"Estimated reading time":"1 minute"},"schema":{"@context":"https:\/\/schema.org","@graph":[{"@type":"WebPage","@id":"https:\/\/skaitytaknyga.lt\/produktas\/stephen-denning-squirrel-inc-arba-kaip-pasakojimais-suzad-pokycius-organiza\/","url":"https:\/\/skaitytaknyga.lt\/produktas\/stephen-denning-squirrel-inc-arba-kaip-pasakojimais-suzad-pokycius-organiza\/","name":"Stephen Denning \u201eSquirrel, Inc. arba kaip pasakojimais su\u017ead. poky\u010dius organiza\u201c - Skaitytaknyga","isPartOf":{"@id":"https:\/\/skaitytaknyga.lt\/#website"},"primaryImageOfPage":{"@id":"https:\/\/skaitytaknyga.lt\/produktas\/stephen-denning-squirrel-inc-arba-kaip-pasakojimais-suzad-pokycius-organiza\/#primaryimage"},"image":{"@id":"https:\/\/skaitytaknyga.lt\/produktas\/stephen-denning-squirrel-inc-arba-kaip-pasakojimais-suzad-pokycius-organiza\/#primaryimage"},"thumbnailUrl":"https:\/\/skaitytaknyga.lt\/wp-content\/uploads\/2024\/04\/1462890573_img0004-001.jpg","datePublished":"2024-04-17T13:18:42+00:00","dateModified":"2024-05-03T07:16:51+00:00","description":"tai knyga apie vadovavim\u0105, lyderyst\u0119. Ji apie tai, kaip galima panaudoti pasakojimo kerus vesti \u017emon\u0117ms i\u0161 ten, kur jie dabar yra, ir kaip susidoroti su","breadcrumb":{"@id":"https:\/\/skaitytaknyga.lt\/produktas\/stephen-denning-squirrel-inc-arba-kaip-pasakojimais-suzad-pokycius-organiza\/#breadcrumb"},"inLanguage":"en-GB","potentialAction":[{"@type":"ReadAction","target":["https:\/\/skaitytaknyga.lt\/produktas\/stephen-denning-squirrel-inc-arba-kaip-pasakojimais-suzad-pokycius-organiza\/"]}]},{"@type":"ImageObject","inLanguage":"en-GB","@id":"https:\/\/skaitytaknyga.lt\/produktas\/stephen-denning-squirrel-inc-arba-kaip-pasakojimais-suzad-pokycius-organiza\/#primaryimage","url":"https:\/\/skaitytaknyga.lt\/wp-content\/uploads\/2024\/04\/1462890573_img0004-001.jpg","contentUrl":"https:\/\/skaitytaknyga.lt\/wp-content\/uploads\/2024\/04\/1462890573_img0004-001.jpg","width":286,"height":430,"caption":"1462890573 img0004 001"},{"@type":"BreadcrumbList","@id":"https:\/\/skaitytaknyga.lt\/produktas\/stephen-denning-squirrel-inc-arba-kaip-pasakojimais-suzad-pokycius-organiza\/#breadcrumb","itemListElement":[{"@type":"ListItem","position":1,"name":"Home","item":"https:\/\/skaitytaknyga.lt\/"},{"@type":"ListItem","position":2,"name":"Parduotuv\u0117","item":"https:\/\/skaitytaknyga.lt\/knygu-parduotuve\/"},{"@type":"ListItem","position":3,"name":"Stephen Denning \u201eSquirrel, Inc. arba kaip pasakojimais su\u017ead. poky\u010dius organiza\u201c"}]},{"@type":"WebSite","@id":"https:\/\/skaitytaknyga.lt\/#website","url":"https:\/\/skaitytaknyga.lt\/","name":"skaitytaknyga.lt","description":"Skaitytaknyga.lt \u2013 tai ma\u017eas \u0161eimos verslas, kuris prasid\u0117jo nuo meil\u0117s knygoms ir siekio i\u0161gelb\u0117ti knygas nuo likimo prie konteinerio. Kas vienam nereikalingas daiktas \u2013 kitam lobis, o mes esame tarpininkai, kurie padeda abiems tapti laimingesniems ???? \u017dinome kaip nelengva i\u0161gyventi ma\u017eiems verslams, tad nuo \u0161iol, \u010dia rasite ir kit\u0173, ma\u017e\u0173 \u0161eim\u0173 versl\u0173, rank\u0173 darbo, dovan\u0173 sau ir artimiesiems.","publisher":{"@id":"https:\/\/skaitytaknyga.lt\/#organization"},"potentialAction":[{"@type":"SearchAction","target":{"@type":"EntryPoint","urlTemplate":"https:\/\/skaitytaknyga.lt\/?s={search_term_string}"},"query-input":{"@type":"PropertyValueSpecification","valueRequired":true,"valueName":"search_term_string"}}],"inLanguage":"en-GB"},{"@type":"Organization","@id":"https:\/\/skaitytaknyga.lt\/#organization","name":"skaitytaknyga.lt","url":"https:\/\/skaitytaknyga.lt\/","logo":{"@type":"ImageObject","inLanguage":"en-GB","@id":"https:\/\/skaitytaknyga.lt\/#\/schema\/logo\/image\/","url":"https:\/\/skaitytaknyga.lt\/wp-content\/uploads\/2024\/05\/cropped-cropped-cropped-02_00843_jt3bggkj1j3HLc7SyY6rEUpg.jpeg","contentUrl":"https:\/\/skaitytaknyga.lt\/wp-content\/uploads\/2024\/05\/cropped-cropped-cropped-02_00843_jt3bggkj1j3HLc7SyY6rEUpg.jpeg","width":1600,"height":1600,"caption":"skaitytaknyga.lt"},"image":{"@id":"https:\/\/skaitytaknyga.lt\/#\/schema\/logo\/image\/"},"sameAs":["https:\/\/www.facebook.com\/skaitytaknyga\/"]}]}},"_links":{"self":[{"href":"https:\/\/skaitytaknyga.lt\/en\/wp-json\/wp\/v2\/product\/2865","targetHints":{"allow":["GET"]}}],"collection":[{"href":"https:\/\/skaitytaknyga.lt\/en\/wp-json\/wp\/v2\/product"}],"about":[{"href":"https:\/\/skaitytaknyga.lt\/en\/wp-json\/wp\/v2\/types\/product"}],"replies":[{"embeddable":true,"href":"https:\/\/skaitytaknyga.lt\/en\/wp-json\/wp\/v2\/comments?post=2865"}],"wp:featuredmedia":[{"embeddable":true,"href":"https:\/\/skaitytaknyga.lt\/en\/wp-json\/wp\/v2\/media\/2911"}],"wp:attachment":[{"href":"https:\/\/skaitytaknyga.lt\/en\/wp-json\/wp\/v2\/media?parent=2865"}],"wp:term":[{"taxonomy":"product_brand","embeddable":true,"href":"https:\/\/skaitytaknyga.lt\/en\/wp-json\/wp\/v2\/product_brand?post=2865"},{"taxonomy":"product_cat","embeddable":true,"href":"https:\/\/skaitytaknyga.lt\/en\/wp-json\/wp\/v2\/product_cat?post=2865"},{"taxonomy":"product_tag","embeddable":true,"href":"https:\/\/skaitytaknyga.lt\/en\/wp-json\/wp\/v2\/product_tag?post=2865"}],"curies":[{"name":"wp","href":"https:\/\/api.w.org\/{rel}","templated":true}]}}