{"id":2861,"date":"2024-04-17T13:18:42","date_gmt":"2024-04-17T13:18:42","guid":{"rendered":"https:\/\/skaitytaknyga.lt\/?post_type=product&#038;p=2861"},"modified":"2025-11-17T20:39:52","modified_gmt":"2025-11-17T18:39:52","slug":"bill-george-peter-sims-tikroji-kryptis-kaip-tapti-tikruoju-lyderiu","status":"publish","type":"product","link":"https:\/\/skaitytaknyga.lt\/en\/produktas\/bill-george-peter-sims-tikroji-kryptis-kaip-tapti-tikruoju-lyderiu\/","title":{"rendered":"Bill George, Peter Sims \u201eTikroji kryptis. Kaip tapti tikruoju lyderiu\u201c"},"content":{"rendered":"<p>Kaip tapti tikruoju lyderiu? Kaip surasti savo tikr\u0105j\u0105 krypt\u012f ir nei\u0161klysti i\u0161 kelio? Kaip vadovaujant pajausti pasitenkinim\u0105, gyvenimo pilnatv\u0119 ir b\u016bti laimingam? Tai klausimai, \u012f kuriuos atsakymus rasite \u0161ioje knygoje. Joje atskleistos lyderyst\u0117s meistri\u0161kumo paslaptys, pagr\u012fstos praktine patirtimi 125 geriausi\u0173 \u0161iandienos vadov\u0173, kurie patys nu\u0117jo nuostab\u0173 lyderio keli\u0105 ir su jumis pasidalijo gana netik\u0117tomis \u012f\u017evalgomis. Knygoje taip pat pateikta visiems lengvai suprantama s\u0117kmingos lyderyst\u0117s programa ir gausu turiningos praktin\u0117s i\u0161minties, kurios reikia kiekvienam karjeros siekian\u010diam vadovui.<\/p>\n","protected":false},"excerpt":{"rendered":"<p>Kaip tapti tikruoju lyderiu? Kaip surasti savo tikr\u0105j\u0105 krypt\u012f ir nei\u0161klysti i\u0161 kelio? Kaip vadovaujant pajausti pasitenkinim\u0105, gyvenimo pilnatv\u0119 ir b\u016bti laimingam? Tai klausimai, \u012f kuriuos atsakymus rasite \u0161ioje knygoje. Joje atskleistos lyderyst\u0117s meistri\u0161kumo paslaptys, pagr\u012fstos praktine patirtimi 125 geriausi\u0173 \u0161iandienos vadov\u0173, kurie patys nu\u0117jo nuostab\u0173 lyderio keli\u0105 ir su jumis pasidalijo gana netik\u0117tomis \u012f\u017evalgomis. Knygoje taip pat pateikta visiems lengvai suprantama s\u0117kmingos lyderyst\u0117s programa ir gausu turiningos praktin\u0117s i\u0161minties, kurios reikia kiekvienam karjeros siekian\u010diam vadovui.<\/p>\n","protected":false},"featured_media":2907,"comment_status":"closed","ping_status":"closed","template":"","meta":{"_acf_changed":false,"site-sidebar-layout":"default","site-content-layout":"","ast-site-content-layout":"default","site-content-style":"default","site-sidebar-style":"default","ast-global-header-display":"","ast-banner-title-visibility":"","ast-main-header-display":"","ast-hfb-above-header-display":"","ast-hfb-below-header-display":"","ast-hfb-mobile-header-display":"","site-post-title":"","ast-breadcrumbs-content":"","ast-featured-img":"","footer-sml-layout":"","ast-disable-related-posts":"","theme-transparent-header-meta":"","adv-header-id-meta":"","stick-header-meta":"","header-above-stick-meta":"","header-main-stick-meta":"","header-below-stick-meta":"","astra-migrate-meta-layouts":"default","ast-page-background-enabled":"default","ast-page-background-meta":{"desktop":{"background-color":"","background-image":"","background-repeat":"repeat","background-position":"center center","background-size":"auto","background-attachment":"scroll","background-type":"","background-media":"","overlay-type":"","overlay-color":"","overlay-opacity":"","overlay-gradient":""},"tablet":{"background-color":"","background-image":"","background-repeat":"repeat","background-position":"center center","background-size":"auto","background-attachment":"scroll","background-type":"","background-media":"","overlay-type":"","overlay-color":"","overlay-opacity":"","overlay-gradient":""},"mobile":{"background-color":"","background-image":"","background-repeat":"repeat","background-position":"center center","background-size":"auto","background-attachment":"scroll","background-type":"","background-media":"","overlay-type":"","overlay-color":"","overlay-opacity":"","overlay-gradient":""}},"ast-content-background-meta":{"desktop":{"background-color":"var(--ast-global-color-4)","background-image":"","background-repeat":"repeat","background-position":"center center","background-size":"auto","background-attachment":"scroll","background-type":"","background-media":"","overlay-type":"","overlay-color":"","overlay-opacity":"","overlay-gradient":""},"tablet":{"background-color":"var(--ast-global-color-4)","background-image":"","background-repeat":"repeat","background-position":"center center","background-size":"auto","background-attachment":"scroll","background-type":"","background-media":"","overlay-type":"","overlay-color":"","overlay-opacity":"","overlay-gradient":""},"mobile":{"background-color":"var(--ast-global-color-4)","background-image":"","background-repeat":"repeat","background-position":"center center","background-size":"auto","background-attachment":"scroll","background-type":"","background-media":"","overlay-type":"","overlay-color":"","overlay-opacity":"","overlay-gradient":""}}},"product_brand":[],"product_cat":[26],"product_tag":[],"class_list":{"0":"post-2861","1":"product","2":"type-product","3":"status-publish","4":"has-post-thumbnail","6":"product_cat-verslas-vadyba-ir-finansai","7":"desktop-align-left","8":"tablet-align-left","9":"mobile-align-left","11":"first","12":"instock","13":"shipping-taxable","14":"purchasable","15":"product-type-simple"},"acf":[],"yoast_head":"<!-- This site is optimized with the Yoast SEO plugin v27.0 - https:\/\/yoast.com\/product\/yoast-seo-wordpress\/ -->\n<title>Bill George, Peter Sims \u201eTikroji kryptis. Kaip tapti tikruoju lyderiu\u201c - Skaitytaknyga<\/title>\n<meta name=\"description\" content=\"Kaip tapti tikruoju lyderiu? Kaip surasti savo tikr\u0105j\u0105 krypt\u012f ir nei\u0161klysti i\u0161 kelio? Kaip vadovaujant pajausti pasitenkinim\u0105, gyvenimo pilnatv\u0119 ir b\u016bti\" \/>\n<meta name=\"robots\" content=\"index, follow, max-snippet:-1, max-image-preview:large, max-video-preview:-1\" \/>\n<link rel=\"canonical\" href=\"https:\/\/skaitytaknyga.lt\/en\/produktas\/bill-george-peter-sims-tikroji-kryptis-kaip-tapti-tikruoju-lyderiu\/\" \/>\n<meta property=\"og:locale\" content=\"en_GB\" \/>\n<meta property=\"og:locale:alternate\" content=\"lt_LT\" \/>\n<meta property=\"og:type\" content=\"article\" \/>\n<meta property=\"og:title\" content=\"Bill George, Peter Sims \u201eTikroji kryptis. Kaip tapti tikruoju lyderiu\u201c - Skaitytaknyga\" \/>\n<meta property=\"og:description\" content=\"Kaip tapti tikruoju lyderiu? Kaip surasti savo tikr\u0105j\u0105 krypt\u012f ir nei\u0161klysti i\u0161 kelio? Kaip vadovaujant pajausti pasitenkinim\u0105, gyvenimo pilnatv\u0119 ir b\u016bti\" \/>\n<meta property=\"og:url\" content=\"https:\/\/skaitytaknyga.lt\/en\/produktas\/bill-george-peter-sims-tikroji-kryptis-kaip-tapti-tikruoju-lyderiu\/\" \/>\n<meta property=\"og:site_name\" content=\"Skaitytaknyga\" \/>\n<meta property=\"article:publisher\" content=\"https:\/\/www.facebook.com\/skaitytaknyga\/\" \/>\n<meta property=\"article:modified_time\" content=\"2025-11-17T18:39:52+00:00\" \/>\n<meta property=\"og:image\" content=\"https:\/\/skaitytaknyga.lt\/wp-content\/uploads\/2024\/04\/tikrojikryptis-z1.jpg\" \/>\n\t<meta property=\"og:image:width\" content=\"200\" \/>\n\t<meta property=\"og:image:height\" content=\"252\" \/>\n\t<meta property=\"og:image:type\" content=\"image\/jpeg\" \/>\n<meta name=\"twitter:card\" content=\"summary_large_image\" \/>\n<script type=\"application\/ld+json\" class=\"yoast-schema-graph\">{\"@context\":\"https:\/\/schema.org\",\"@graph\":[{\"@type\":\"WebPage\",\"@id\":\"https:\/\/skaitytaknyga.lt\/produktas\/bill-george-peter-sims-tikroji-kryptis-kaip-tapti-tikruoju-lyderiu\/\",\"url\":\"https:\/\/skaitytaknyga.lt\/produktas\/bill-george-peter-sims-tikroji-kryptis-kaip-tapti-tikruoju-lyderiu\/\",\"name\":\"Bill George, Peter Sims \u201eTikroji kryptis. Kaip tapti tikruoju lyderiu\u201c - Skaitytaknyga\",\"isPartOf\":{\"@id\":\"https:\/\/skaitytaknyga.lt\/#website\"},\"primaryImageOfPage\":{\"@id\":\"https:\/\/skaitytaknyga.lt\/produktas\/bill-george-peter-sims-tikroji-kryptis-kaip-tapti-tikruoju-lyderiu\/#primaryimage\"},\"image\":{\"@id\":\"https:\/\/skaitytaknyga.lt\/produktas\/bill-george-peter-sims-tikroji-kryptis-kaip-tapti-tikruoju-lyderiu\/#primaryimage\"},\"thumbnailUrl\":\"https:\/\/skaitytaknyga.lt\/wp-content\/uploads\/2024\/04\/tikrojikryptis-z1.jpg\",\"datePublished\":\"2024-04-17T13:18:42+00:00\",\"dateModified\":\"2025-11-17T18:39:52+00:00\",\"description\":\"Kaip tapti tikruoju lyderiu? Kaip surasti savo tikr\u0105j\u0105 krypt\u012f ir nei\u0161klysti i\u0161 kelio? Kaip vadovaujant pajausti pasitenkinim\u0105, gyvenimo pilnatv\u0119 ir b\u016bti\",\"breadcrumb\":{\"@id\":\"https:\/\/skaitytaknyga.lt\/produktas\/bill-george-peter-sims-tikroji-kryptis-kaip-tapti-tikruoju-lyderiu\/#breadcrumb\"},\"inLanguage\":\"en-GB\",\"potentialAction\":[{\"@type\":\"ReadAction\",\"target\":[\"https:\/\/skaitytaknyga.lt\/produktas\/bill-george-peter-sims-tikroji-kryptis-kaip-tapti-tikruoju-lyderiu\/\"]}]},{\"@type\":\"ImageObject\",\"inLanguage\":\"en-GB\",\"@id\":\"https:\/\/skaitytaknyga.lt\/produktas\/bill-george-peter-sims-tikroji-kryptis-kaip-tapti-tikruoju-lyderiu\/#primaryimage\",\"url\":\"https:\/\/skaitytaknyga.lt\/wp-content\/uploads\/2024\/04\/tikrojikryptis-z1.jpg\",\"contentUrl\":\"https:\/\/skaitytaknyga.lt\/wp-content\/uploads\/2024\/04\/tikrojikryptis-z1.jpg\",\"width\":200,\"height\":252,\"caption\":\"tikrojikryptis z1\"},{\"@type\":\"BreadcrumbList\",\"@id\":\"https:\/\/skaitytaknyga.lt\/produktas\/bill-george-peter-sims-tikroji-kryptis-kaip-tapti-tikruoju-lyderiu\/#breadcrumb\",\"itemListElement\":[{\"@type\":\"ListItem\",\"position\":1,\"name\":\"Home\",\"item\":\"https:\/\/skaitytaknyga.lt\/\"},{\"@type\":\"ListItem\",\"position\":2,\"name\":\"Parduotuv\u0117\",\"item\":\"https:\/\/skaitytaknyga.lt\/knygu-parduotuve\/\"},{\"@type\":\"ListItem\",\"position\":3,\"name\":\"Bill George, Peter Sims \u201eTikroji kryptis. Kaip tapti tikruoju lyderiu\u201c\"}]},{\"@type\":\"WebSite\",\"@id\":\"https:\/\/skaitytaknyga.lt\/#website\",\"url\":\"https:\/\/skaitytaknyga.lt\/\",\"name\":\"skaitytaknyga.lt\",\"description\":\"Skaitytaknyga.lt \u2013 tai ma\u017eas \u0161eimos verslas, kuris prasid\u0117jo nuo meil\u0117s knygoms ir siekio i\u0161gelb\u0117ti knygas nuo likimo prie konteinerio. Kas vienam nereikalingas daiktas \u2013 kitam lobis, o mes esame tarpininkai, kurie padeda abiems tapti laimingesniems ???? \u017dinome kaip nelengva i\u0161gyventi ma\u017eiems verslams, tad nuo \u0161iol, \u010dia rasite ir kit\u0173, ma\u017e\u0173 \u0161eim\u0173 versl\u0173, rank\u0173 darbo, dovan\u0173 sau ir artimiesiems.\",\"publisher\":{\"@id\":\"https:\/\/skaitytaknyga.lt\/#organization\"},\"potentialAction\":[{\"@type\":\"SearchAction\",\"target\":{\"@type\":\"EntryPoint\",\"urlTemplate\":\"https:\/\/skaitytaknyga.lt\/?s={search_term_string}\"},\"query-input\":{\"@type\":\"PropertyValueSpecification\",\"valueRequired\":true,\"valueName\":\"search_term_string\"}}],\"inLanguage\":\"en-GB\"},{\"@type\":\"Organization\",\"@id\":\"https:\/\/skaitytaknyga.lt\/#organization\",\"name\":\"skaitytaknyga.lt\",\"url\":\"https:\/\/skaitytaknyga.lt\/\",\"logo\":{\"@type\":\"ImageObject\",\"inLanguage\":\"en-GB\",\"@id\":\"https:\/\/skaitytaknyga.lt\/#\/schema\/logo\/image\/\",\"url\":\"https:\/\/skaitytaknyga.lt\/wp-content\/uploads\/2024\/05\/cropped-cropped-cropped-02_00843_jt3bggkj1j3HLc7SyY6rEUpg.jpeg\",\"contentUrl\":\"https:\/\/skaitytaknyga.lt\/wp-content\/uploads\/2024\/05\/cropped-cropped-cropped-02_00843_jt3bggkj1j3HLc7SyY6rEUpg.jpeg\",\"width\":1600,\"height\":1600,\"caption\":\"skaitytaknyga.lt\"},\"image\":{\"@id\":\"https:\/\/skaitytaknyga.lt\/#\/schema\/logo\/image\/\"},\"sameAs\":[\"https:\/\/www.facebook.com\/skaitytaknyga\/\"]}]}<\/script>\n<!-- \/ Yoast SEO plugin. -->","yoast_head_json":{"title":"Bill George, Peter Sims \u201eTikroji kryptis. Kaip tapti tikruoju lyderiu\u201c - Skaitytaknyga","description":"Kaip tapti tikruoju lyderiu? Kaip surasti savo tikr\u0105j\u0105 krypt\u012f ir nei\u0161klysti i\u0161 kelio? Kaip vadovaujant pajausti pasitenkinim\u0105, gyvenimo pilnatv\u0119 ir b\u016bti","robots":{"index":"index","follow":"follow","max-snippet":"max-snippet:-1","max-image-preview":"max-image-preview:large","max-video-preview":"max-video-preview:-1"},"canonical":"https:\/\/skaitytaknyga.lt\/en\/produktas\/bill-george-peter-sims-tikroji-kryptis-kaip-tapti-tikruoju-lyderiu\/","og_locale":"en_GB","og_type":"article","og_title":"Bill George, Peter Sims \u201eTikroji kryptis. Kaip tapti tikruoju lyderiu\u201c - Skaitytaknyga","og_description":"Kaip tapti tikruoju lyderiu? Kaip surasti savo tikr\u0105j\u0105 krypt\u012f ir nei\u0161klysti i\u0161 kelio? Kaip vadovaujant pajausti pasitenkinim\u0105, gyvenimo pilnatv\u0119 ir b\u016bti","og_url":"https:\/\/skaitytaknyga.lt\/en\/produktas\/bill-george-peter-sims-tikroji-kryptis-kaip-tapti-tikruoju-lyderiu\/","og_site_name":"Skaitytaknyga","article_publisher":"https:\/\/www.facebook.com\/skaitytaknyga\/","article_modified_time":"2025-11-17T18:39:52+00:00","og_image":[{"width":200,"height":252,"url":"https:\/\/skaitytaknyga.lt\/wp-content\/uploads\/2024\/04\/tikrojikryptis-z1.jpg","type":"image\/jpeg"}],"twitter_card":"summary_large_image","schema":{"@context":"https:\/\/schema.org","@graph":[{"@type":"WebPage","@id":"https:\/\/skaitytaknyga.lt\/produktas\/bill-george-peter-sims-tikroji-kryptis-kaip-tapti-tikruoju-lyderiu\/","url":"https:\/\/skaitytaknyga.lt\/produktas\/bill-george-peter-sims-tikroji-kryptis-kaip-tapti-tikruoju-lyderiu\/","name":"Bill George, Peter Sims \u201eTikroji kryptis. Kaip tapti tikruoju lyderiu\u201c - Skaitytaknyga","isPartOf":{"@id":"https:\/\/skaitytaknyga.lt\/#website"},"primaryImageOfPage":{"@id":"https:\/\/skaitytaknyga.lt\/produktas\/bill-george-peter-sims-tikroji-kryptis-kaip-tapti-tikruoju-lyderiu\/#primaryimage"},"image":{"@id":"https:\/\/skaitytaknyga.lt\/produktas\/bill-george-peter-sims-tikroji-kryptis-kaip-tapti-tikruoju-lyderiu\/#primaryimage"},"thumbnailUrl":"https:\/\/skaitytaknyga.lt\/wp-content\/uploads\/2024\/04\/tikrojikryptis-z1.jpg","datePublished":"2024-04-17T13:18:42+00:00","dateModified":"2025-11-17T18:39:52+00:00","description":"Kaip tapti tikruoju lyderiu? Kaip surasti savo tikr\u0105j\u0105 krypt\u012f ir nei\u0161klysti i\u0161 kelio? Kaip vadovaujant pajausti pasitenkinim\u0105, gyvenimo pilnatv\u0119 ir b\u016bti","breadcrumb":{"@id":"https:\/\/skaitytaknyga.lt\/produktas\/bill-george-peter-sims-tikroji-kryptis-kaip-tapti-tikruoju-lyderiu\/#breadcrumb"},"inLanguage":"en-GB","potentialAction":[{"@type":"ReadAction","target":["https:\/\/skaitytaknyga.lt\/produktas\/bill-george-peter-sims-tikroji-kryptis-kaip-tapti-tikruoju-lyderiu\/"]}]},{"@type":"ImageObject","inLanguage":"en-GB","@id":"https:\/\/skaitytaknyga.lt\/produktas\/bill-george-peter-sims-tikroji-kryptis-kaip-tapti-tikruoju-lyderiu\/#primaryimage","url":"https:\/\/skaitytaknyga.lt\/wp-content\/uploads\/2024\/04\/tikrojikryptis-z1.jpg","contentUrl":"https:\/\/skaitytaknyga.lt\/wp-content\/uploads\/2024\/04\/tikrojikryptis-z1.jpg","width":200,"height":252,"caption":"tikrojikryptis z1"},{"@type":"BreadcrumbList","@id":"https:\/\/skaitytaknyga.lt\/produktas\/bill-george-peter-sims-tikroji-kryptis-kaip-tapti-tikruoju-lyderiu\/#breadcrumb","itemListElement":[{"@type":"ListItem","position":1,"name":"Home","item":"https:\/\/skaitytaknyga.lt\/"},{"@type":"ListItem","position":2,"name":"Parduotuv\u0117","item":"https:\/\/skaitytaknyga.lt\/knygu-parduotuve\/"},{"@type":"ListItem","position":3,"name":"Bill George, Peter Sims \u201eTikroji kryptis. Kaip tapti tikruoju lyderiu\u201c"}]},{"@type":"WebSite","@id":"https:\/\/skaitytaknyga.lt\/#website","url":"https:\/\/skaitytaknyga.lt\/","name":"skaitytaknyga.lt","description":"Skaitytaknyga.lt \u2013 tai ma\u017eas \u0161eimos verslas, kuris prasid\u0117jo nuo meil\u0117s knygoms ir siekio i\u0161gelb\u0117ti knygas nuo likimo prie konteinerio. Kas vienam nereikalingas daiktas \u2013 kitam lobis, o mes esame tarpininkai, kurie padeda abiems tapti laimingesniems ???? \u017dinome kaip nelengva i\u0161gyventi ma\u017eiems verslams, tad nuo \u0161iol, \u010dia rasite ir kit\u0173, ma\u017e\u0173 \u0161eim\u0173 versl\u0173, rank\u0173 darbo, dovan\u0173 sau ir artimiesiems.","publisher":{"@id":"https:\/\/skaitytaknyga.lt\/#organization"},"potentialAction":[{"@type":"SearchAction","target":{"@type":"EntryPoint","urlTemplate":"https:\/\/skaitytaknyga.lt\/?s={search_term_string}"},"query-input":{"@type":"PropertyValueSpecification","valueRequired":true,"valueName":"search_term_string"}}],"inLanguage":"en-GB"},{"@type":"Organization","@id":"https:\/\/skaitytaknyga.lt\/#organization","name":"skaitytaknyga.lt","url":"https:\/\/skaitytaknyga.lt\/","logo":{"@type":"ImageObject","inLanguage":"en-GB","@id":"https:\/\/skaitytaknyga.lt\/#\/schema\/logo\/image\/","url":"https:\/\/skaitytaknyga.lt\/wp-content\/uploads\/2024\/05\/cropped-cropped-cropped-02_00843_jt3bggkj1j3HLc7SyY6rEUpg.jpeg","contentUrl":"https:\/\/skaitytaknyga.lt\/wp-content\/uploads\/2024\/05\/cropped-cropped-cropped-02_00843_jt3bggkj1j3HLc7SyY6rEUpg.jpeg","width":1600,"height":1600,"caption":"skaitytaknyga.lt"},"image":{"@id":"https:\/\/skaitytaknyga.lt\/#\/schema\/logo\/image\/"},"sameAs":["https:\/\/www.facebook.com\/skaitytaknyga\/"]}]}},"_links":{"self":[{"href":"https:\/\/skaitytaknyga.lt\/en\/wp-json\/wp\/v2\/product\/2861","targetHints":{"allow":["GET"]}}],"collection":[{"href":"https:\/\/skaitytaknyga.lt\/en\/wp-json\/wp\/v2\/product"}],"about":[{"href":"https:\/\/skaitytaknyga.lt\/en\/wp-json\/wp\/v2\/types\/product"}],"replies":[{"embeddable":true,"href":"https:\/\/skaitytaknyga.lt\/en\/wp-json\/wp\/v2\/comments?post=2861"}],"wp:featuredmedia":[{"embeddable":true,"href":"https:\/\/skaitytaknyga.lt\/en\/wp-json\/wp\/v2\/media\/2907"}],"wp:attachment":[{"href":"https:\/\/skaitytaknyga.lt\/en\/wp-json\/wp\/v2\/media?parent=2861"}],"wp:term":[{"taxonomy":"product_brand","embeddable":true,"href":"https:\/\/skaitytaknyga.lt\/en\/wp-json\/wp\/v2\/product_brand?post=2861"},{"taxonomy":"product_cat","embeddable":true,"href":"https:\/\/skaitytaknyga.lt\/en\/wp-json\/wp\/v2\/product_cat?post=2861"},{"taxonomy":"product_tag","embeddable":true,"href":"https:\/\/skaitytaknyga.lt\/en\/wp-json\/wp\/v2\/product_tag?post=2861"}],"curies":[{"name":"wp","href":"https:\/\/api.w.org\/{rel}","templated":true}]}}