{"id":2851,"date":"2024-04-17T13:18:18","date_gmt":"2024-04-17T13:18:18","guid":{"rendered":"https:\/\/skaitytaknyga.lt\/?post_type=product&#038;p=2851"},"modified":"2024-05-03T07:16:48","modified_gmt":"2024-05-03T07:16:48","slug":"internetine-rinkodara-smulkiajam-verslui","status":"publish","type":"product","link":"https:\/\/skaitytaknyga.lt\/en\/produktas\/internetine-rinkodara-smulkiajam-verslui\/","title":{"rendered":"Internetin\u0117 rinkodara smulkiajam verslui"},"content":{"rendered":"<p>Didel\u0117s bendrov\u0117s skiria mil\u017eini\u0161kas l\u0117\u0161as nor\u0117damos pristatyti savo produktus ir paslaugas internete. Koks skirtumas tarp 100 000 doleri\u0173 ir 1 000 doleri\u0173 kainuojan\u010di\u0173 rinkodaros kampanij\u0173? Keista, ta\u010diau skirtumas nedidelis. \u0160ioje knygoje smulkieji verslininkai su\u017einos, kaip pasiekti puiki\u0173 verslo rezultat\u0173 turint nedaug l\u0117\u0161\u0173!<\/p>\n<p>\u201eInternetin\u0117 rinkodara smulkiajam verslui\u201c papasakos jums, kaip buvo vykdomos s\u0117kmingos reklamin\u0117s kampanijos. Su\u017einosite, kaip pakartoti did\u017ei\u0173j\u0173 bendrovi\u0173 verslo strategij\u0105 ir susilaukti tokios pat s\u0117km\u0117s ma\u017eiausiomis i\u0161laidomis. Jei siekiate atkreipti vartotoj\u0173 d\u0117mes\u012f \u012f savo bendrov\u0119 internete, \u0161i knyga pamokys, kaip tai padaryti ma\u017eiausiomis investicijomis!<\/p>\n<p>Knygoje su\u017einosite:<\/p>\n<p>\u2022 kaip nustatyti kampanijos tiksl\u0105<br \/>\n\u2022 kaip pasidaryti nemokam\u0105 reklam\u0105<br \/>\n\u2022 kaip reklamuoti versl\u0105 elektroniniu pa\u0161tu<br \/>\n\u2022 kaip kurti virtuali\u0105j\u0105 bendruomen\u0119<br \/>\n\u2022 kokia turi b\u016bti preki\u0173 \u017eenkl\u0173 partneryst\u0117<br \/>\n\u2022 kuo ypatingos reklamin\u0117s juostos<br \/>\n\u2022 koks turi b\u016bti svetain\u0117s dizainas<br \/>\n\u2022 kaip u\u017esiregistruoti paie\u0161kos sistemose<\/p>\n","protected":false},"excerpt":{"rendered":"<p>Didel\u0117s bendrov\u0117s skiria mil\u017eini\u0161kas l\u0117\u0161as nor\u0117damos pristatyti savo produktus ir paslaugas internete. Koks skirtumas tarp 100 000 doleri\u0173 ir 1 000 doleri\u0173 kainuojan\u010di\u0173 rinkodaros kampanij\u0173? Keista, ta\u010diau skirtumas nedidelis. \u0160ioje knygoje smulkieji verslininkai su\u017einos, kaip pasiekti puiki\u0173 verslo rezultat\u0173 turint nedaug l\u0117\u0161\u0173! \u201eInternetin\u0117 rinkodara smulkiajam verslui\u201c papasakos jums, kaip buvo vykdomos s\u0117kmingos reklamin\u0117s kampanijos. Su\u017einosite, kaip pakartoti did\u017ei\u0173j\u0173 bendrovi\u0173 verslo strategij\u0105 ir susilaukti tokios pat s\u0117km\u0117s ma\u017eiausiomis i\u0161laidomis. Jei siekiate atkreipti vartotoj\u0173 d\u0117mes\u012f \u012f savo bendrov\u0119 internete, \u0161i knyga pamokys, kaip tai padaryti ma\u017eiausiomis investicijomis! Knygoje su\u017einosite: \u2022 kaip nustatyti kampanijos tiksl\u0105 \u2022 kaip pasidaryti nemokam\u0105 reklam\u0105 \u2022 kaip reklamuoti versl\u0105 elektroniniu pa\u0161tu \u2022 kaip kurti virtuali\u0105j\u0105 bendruomen\u0119 \u2022 kokia turi b\u016bti preki\u0173 \u017eenkl\u0173 partneryst\u0117 \u2022 kuo ypatingos reklamin\u0117s juostos \u2022 koks turi b\u016bti svetain\u0117s dizainas \u2022 kaip u\u017esiregistruoti paie\u0161kos sistemose<\/p>\n","protected":false},"featured_media":2906,"comment_status":"closed","ping_status":"closed","template":"","meta":{"_acf_changed":false,"site-sidebar-layout":"default","site-content-layout":"","ast-site-content-layout":"default","site-content-style":"default","site-sidebar-style":"default","ast-global-header-display":"","ast-banner-title-visibility":"","ast-main-header-display":"","ast-hfb-above-header-display":"","ast-hfb-below-header-display":"","ast-hfb-mobile-header-display":"","site-post-title":"","ast-breadcrumbs-content":"","ast-featured-img":"","footer-sml-layout":"","ast-disable-related-posts":"","theme-transparent-header-meta":"","adv-header-id-meta":"","stick-header-meta":"","header-above-stick-meta":"","header-main-stick-meta":"","header-below-stick-meta":"","astra-migrate-meta-layouts":"default","ast-page-background-enabled":"default","ast-page-background-meta":{"desktop":{"background-color":"","background-image":"","background-repeat":"repeat","background-position":"center center","background-size":"auto","background-attachment":"scroll","background-type":"","background-media":"","overlay-type":"","overlay-color":"","overlay-opacity":"","overlay-gradient":""},"tablet":{"background-color":"","background-image":"","background-repeat":"repeat","background-position":"center center","background-size":"auto","background-attachment":"scroll","background-type":"","background-media":"","overlay-type":"","overlay-color":"","overlay-opacity":"","overlay-gradient":""},"mobile":{"background-color":"","background-image":"","background-repeat":"repeat","background-position":"center center","background-size":"auto","background-attachment":"scroll","background-type":"","background-media":"","overlay-type":"","overlay-color":"","overlay-opacity":"","overlay-gradient":""}},"ast-content-background-meta":{"desktop":{"background-color":"var(--ast-global-color-4)","background-image":"","background-repeat":"repeat","background-position":"center center","background-size":"auto","background-attachment":"scroll","background-type":"","background-media":"","overlay-type":"","overlay-color":"","overlay-opacity":"","overlay-gradient":""},"tablet":{"background-color":"var(--ast-global-color-4)","background-image":"","background-repeat":"repeat","background-position":"center center","background-size":"auto","background-attachment":"scroll","background-type":"","background-media":"","overlay-type":"","overlay-color":"","overlay-opacity":"","overlay-gradient":""},"mobile":{"background-color":"var(--ast-global-color-4)","background-image":"","background-repeat":"repeat","background-position":"center center","background-size":"auto","background-attachment":"scroll","background-type":"","background-media":"","overlay-type":"","overlay-color":"","overlay-opacity":"","overlay-gradient":""}}},"product_brand":[],"product_cat":[26],"product_tag":[],"class_list":{"0":"post-2851","1":"product","2":"type-product","3":"status-publish","4":"has-post-thumbnail","6":"product_cat-verslas-vadyba-ir-finansai","7":"desktop-align-left","8":"tablet-align-left","9":"mobile-align-left","11":"first","12":"instock","13":"sale","14":"shipping-taxable","15":"purchasable","16":"product-type-simple"},"acf":[],"yoast_head":"<!-- This site is optimized with the Yoast SEO plugin v27.0 - https:\/\/yoast.com\/product\/yoast-seo-wordpress\/ -->\n<title>Internetin\u0117 rinkodara smulkiajam verslui - Skaitytaknyga<\/title>\n<meta name=\"description\" content=\"Didel\u0117s bendrov\u0117s skiria mil\u017eini\u0161kas l\u0117\u0161as nor\u0117damos pristatyti savo produktus ir paslaugas internete. Koks skirtumas tarp 100 000 doleri\u0173 ir 1 000\" \/>\n<meta name=\"robots\" content=\"index, follow, max-snippet:-1, max-image-preview:large, max-video-preview:-1\" \/>\n<link rel=\"canonical\" href=\"https:\/\/skaitytaknyga.lt\/en\/produktas\/internetine-rinkodara-smulkiajam-verslui\/\" \/>\n<meta property=\"og:locale\" content=\"en_GB\" \/>\n<meta property=\"og:locale:alternate\" content=\"lt_LT\" \/>\n<meta property=\"og:type\" content=\"article\" \/>\n<meta property=\"og:title\" content=\"Internetin\u0117 rinkodara smulkiajam verslui - Skaitytaknyga\" \/>\n<meta property=\"og:description\" content=\"Didel\u0117s bendrov\u0117s skiria mil\u017eini\u0161kas l\u0117\u0161as nor\u0117damos pristatyti savo produktus ir paslaugas internete. Koks skirtumas tarp 100 000 doleri\u0173 ir 1 000\" \/>\n<meta property=\"og:url\" content=\"https:\/\/skaitytaknyga.lt\/en\/produktas\/internetine-rinkodara-smulkiajam-verslui\/\" \/>\n<meta property=\"og:site_name\" content=\"Skaitytaknyga\" \/>\n<meta property=\"article:publisher\" content=\"https:\/\/www.facebook.com\/skaitytaknyga\/\" \/>\n<meta property=\"article:modified_time\" content=\"2024-05-03T07:16:48+00:00\" \/>\n<meta property=\"og:image\" content=\"https:\/\/skaitytaknyga.lt\/wp-content\/uploads\/2024\/04\/1462873904_internetine-rinkodara.jpg\" \/>\n\t<meta property=\"og:image:width\" content=\"320\" \/>\n\t<meta property=\"og:image:height\" content=\"392\" \/>\n\t<meta property=\"og:image:type\" content=\"image\/jpeg\" \/>\n<meta name=\"twitter:card\" content=\"summary_large_image\" \/>\n<meta name=\"twitter:label1\" content=\"Estimated reading time\" \/>\n\t<meta name=\"twitter:data1\" content=\"1 minute\" \/>\n<script type=\"application\/ld+json\" class=\"yoast-schema-graph\">{\"@context\":\"https:\/\/schema.org\",\"@graph\":[{\"@type\":\"WebPage\",\"@id\":\"https:\/\/skaitytaknyga.lt\/produktas\/internetine-rinkodara-smulkiajam-verslui\/\",\"url\":\"https:\/\/skaitytaknyga.lt\/produktas\/internetine-rinkodara-smulkiajam-verslui\/\",\"name\":\"Internetin\u0117 rinkodara smulkiajam verslui - Skaitytaknyga\",\"isPartOf\":{\"@id\":\"https:\/\/skaitytaknyga.lt\/#website\"},\"primaryImageOfPage\":{\"@id\":\"https:\/\/skaitytaknyga.lt\/produktas\/internetine-rinkodara-smulkiajam-verslui\/#primaryimage\"},\"image\":{\"@id\":\"https:\/\/skaitytaknyga.lt\/produktas\/internetine-rinkodara-smulkiajam-verslui\/#primaryimage\"},\"thumbnailUrl\":\"https:\/\/skaitytaknyga.lt\/wp-content\/uploads\/2024\/04\/1462873904_internetine-rinkodara.jpg\",\"datePublished\":\"2024-04-17T13:18:18+00:00\",\"dateModified\":\"2024-05-03T07:16:48+00:00\",\"description\":\"Didel\u0117s bendrov\u0117s skiria mil\u017eini\u0161kas l\u0117\u0161as nor\u0117damos pristatyti savo produktus ir paslaugas internete. Koks skirtumas tarp 100 000 doleri\u0173 ir 1 000\",\"breadcrumb\":{\"@id\":\"https:\/\/skaitytaknyga.lt\/produktas\/internetine-rinkodara-smulkiajam-verslui\/#breadcrumb\"},\"inLanguage\":\"en-GB\",\"potentialAction\":[{\"@type\":\"ReadAction\",\"target\":[\"https:\/\/skaitytaknyga.lt\/produktas\/internetine-rinkodara-smulkiajam-verslui\/\"]}]},{\"@type\":\"ImageObject\",\"inLanguage\":\"en-GB\",\"@id\":\"https:\/\/skaitytaknyga.lt\/produktas\/internetine-rinkodara-smulkiajam-verslui\/#primaryimage\",\"url\":\"https:\/\/skaitytaknyga.lt\/wp-content\/uploads\/2024\/04\/1462873904_internetine-rinkodara.jpg\",\"contentUrl\":\"https:\/\/skaitytaknyga.lt\/wp-content\/uploads\/2024\/04\/1462873904_internetine-rinkodara.jpg\",\"width\":320,\"height\":392,\"caption\":\"1462873904 internetine rinkodara\"},{\"@type\":\"BreadcrumbList\",\"@id\":\"https:\/\/skaitytaknyga.lt\/produktas\/internetine-rinkodara-smulkiajam-verslui\/#breadcrumb\",\"itemListElement\":[{\"@type\":\"ListItem\",\"position\":1,\"name\":\"Home\",\"item\":\"https:\/\/skaitytaknyga.lt\/\"},{\"@type\":\"ListItem\",\"position\":2,\"name\":\"Parduotuv\u0117\",\"item\":\"https:\/\/skaitytaknyga.lt\/knygu-parduotuve\/\"},{\"@type\":\"ListItem\",\"position\":3,\"name\":\"Internetin\u0117 rinkodara smulkiajam verslui\"}]},{\"@type\":\"WebSite\",\"@id\":\"https:\/\/skaitytaknyga.lt\/#website\",\"url\":\"https:\/\/skaitytaknyga.lt\/\",\"name\":\"skaitytaknyga.lt\",\"description\":\"Skaitytaknyga.lt \u2013 tai ma\u017eas \u0161eimos verslas, kuris prasid\u0117jo nuo meil\u0117s knygoms ir siekio i\u0161gelb\u0117ti knygas nuo likimo prie konteinerio. Kas vienam nereikalingas daiktas \u2013 kitam lobis, o mes esame tarpininkai, kurie padeda abiems tapti laimingesniems ???? \u017dinome kaip nelengva i\u0161gyventi ma\u017eiems verslams, tad nuo \u0161iol, \u010dia rasite ir kit\u0173, ma\u017e\u0173 \u0161eim\u0173 versl\u0173, rank\u0173 darbo, dovan\u0173 sau ir artimiesiems.\",\"publisher\":{\"@id\":\"https:\/\/skaitytaknyga.lt\/#organization\"},\"potentialAction\":[{\"@type\":\"SearchAction\",\"target\":{\"@type\":\"EntryPoint\",\"urlTemplate\":\"https:\/\/skaitytaknyga.lt\/?s={search_term_string}\"},\"query-input\":{\"@type\":\"PropertyValueSpecification\",\"valueRequired\":true,\"valueName\":\"search_term_string\"}}],\"inLanguage\":\"en-GB\"},{\"@type\":\"Organization\",\"@id\":\"https:\/\/skaitytaknyga.lt\/#organization\",\"name\":\"skaitytaknyga.lt\",\"url\":\"https:\/\/skaitytaknyga.lt\/\",\"logo\":{\"@type\":\"ImageObject\",\"inLanguage\":\"en-GB\",\"@id\":\"https:\/\/skaitytaknyga.lt\/#\/schema\/logo\/image\/\",\"url\":\"https:\/\/skaitytaknyga.lt\/wp-content\/uploads\/2024\/05\/cropped-cropped-cropped-02_00843_jt3bggkj1j3HLc7SyY6rEUpg.jpeg\",\"contentUrl\":\"https:\/\/skaitytaknyga.lt\/wp-content\/uploads\/2024\/05\/cropped-cropped-cropped-02_00843_jt3bggkj1j3HLc7SyY6rEUpg.jpeg\",\"width\":1600,\"height\":1600,\"caption\":\"skaitytaknyga.lt\"},\"image\":{\"@id\":\"https:\/\/skaitytaknyga.lt\/#\/schema\/logo\/image\/\"},\"sameAs\":[\"https:\/\/www.facebook.com\/skaitytaknyga\/\"]}]}<\/script>\n<!-- \/ Yoast SEO plugin. -->","yoast_head_json":{"title":"Internetin\u0117 rinkodara smulkiajam verslui - Skaitytaknyga","description":"Didel\u0117s bendrov\u0117s skiria mil\u017eini\u0161kas l\u0117\u0161as nor\u0117damos pristatyti savo produktus ir paslaugas internete. Koks skirtumas tarp 100 000 doleri\u0173 ir 1 000","robots":{"index":"index","follow":"follow","max-snippet":"max-snippet:-1","max-image-preview":"max-image-preview:large","max-video-preview":"max-video-preview:-1"},"canonical":"https:\/\/skaitytaknyga.lt\/en\/produktas\/internetine-rinkodara-smulkiajam-verslui\/","og_locale":"en_GB","og_type":"article","og_title":"Internetin\u0117 rinkodara smulkiajam verslui - Skaitytaknyga","og_description":"Didel\u0117s bendrov\u0117s skiria mil\u017eini\u0161kas l\u0117\u0161as nor\u0117damos pristatyti savo produktus ir paslaugas internete. Koks skirtumas tarp 100 000 doleri\u0173 ir 1 000","og_url":"https:\/\/skaitytaknyga.lt\/en\/produktas\/internetine-rinkodara-smulkiajam-verslui\/","og_site_name":"Skaitytaknyga","article_publisher":"https:\/\/www.facebook.com\/skaitytaknyga\/","article_modified_time":"2024-05-03T07:16:48+00:00","og_image":[{"width":320,"height":392,"url":"https:\/\/skaitytaknyga.lt\/wp-content\/uploads\/2024\/04\/1462873904_internetine-rinkodara.jpg","type":"image\/jpeg"}],"twitter_card":"summary_large_image","twitter_misc":{"Estimated reading time":"1 minute"},"schema":{"@context":"https:\/\/schema.org","@graph":[{"@type":"WebPage","@id":"https:\/\/skaitytaknyga.lt\/produktas\/internetine-rinkodara-smulkiajam-verslui\/","url":"https:\/\/skaitytaknyga.lt\/produktas\/internetine-rinkodara-smulkiajam-verslui\/","name":"Internetin\u0117 rinkodara smulkiajam verslui - Skaitytaknyga","isPartOf":{"@id":"https:\/\/skaitytaknyga.lt\/#website"},"primaryImageOfPage":{"@id":"https:\/\/skaitytaknyga.lt\/produktas\/internetine-rinkodara-smulkiajam-verslui\/#primaryimage"},"image":{"@id":"https:\/\/skaitytaknyga.lt\/produktas\/internetine-rinkodara-smulkiajam-verslui\/#primaryimage"},"thumbnailUrl":"https:\/\/skaitytaknyga.lt\/wp-content\/uploads\/2024\/04\/1462873904_internetine-rinkodara.jpg","datePublished":"2024-04-17T13:18:18+00:00","dateModified":"2024-05-03T07:16:48+00:00","description":"Didel\u0117s bendrov\u0117s skiria mil\u017eini\u0161kas l\u0117\u0161as nor\u0117damos pristatyti savo produktus ir paslaugas internete. Koks skirtumas tarp 100 000 doleri\u0173 ir 1 000","breadcrumb":{"@id":"https:\/\/skaitytaknyga.lt\/produktas\/internetine-rinkodara-smulkiajam-verslui\/#breadcrumb"},"inLanguage":"en-GB","potentialAction":[{"@type":"ReadAction","target":["https:\/\/skaitytaknyga.lt\/produktas\/internetine-rinkodara-smulkiajam-verslui\/"]}]},{"@type":"ImageObject","inLanguage":"en-GB","@id":"https:\/\/skaitytaknyga.lt\/produktas\/internetine-rinkodara-smulkiajam-verslui\/#primaryimage","url":"https:\/\/skaitytaknyga.lt\/wp-content\/uploads\/2024\/04\/1462873904_internetine-rinkodara.jpg","contentUrl":"https:\/\/skaitytaknyga.lt\/wp-content\/uploads\/2024\/04\/1462873904_internetine-rinkodara.jpg","width":320,"height":392,"caption":"1462873904 internetine rinkodara"},{"@type":"BreadcrumbList","@id":"https:\/\/skaitytaknyga.lt\/produktas\/internetine-rinkodara-smulkiajam-verslui\/#breadcrumb","itemListElement":[{"@type":"ListItem","position":1,"name":"Home","item":"https:\/\/skaitytaknyga.lt\/"},{"@type":"ListItem","position":2,"name":"Parduotuv\u0117","item":"https:\/\/skaitytaknyga.lt\/knygu-parduotuve\/"},{"@type":"ListItem","position":3,"name":"Internetin\u0117 rinkodara smulkiajam verslui"}]},{"@type":"WebSite","@id":"https:\/\/skaitytaknyga.lt\/#website","url":"https:\/\/skaitytaknyga.lt\/","name":"skaitytaknyga.lt","description":"Skaitytaknyga.lt \u2013 tai ma\u017eas \u0161eimos verslas, kuris prasid\u0117jo nuo meil\u0117s knygoms ir siekio i\u0161gelb\u0117ti knygas nuo likimo prie konteinerio. Kas vienam nereikalingas daiktas \u2013 kitam lobis, o mes esame tarpininkai, kurie padeda abiems tapti laimingesniems ???? \u017dinome kaip nelengva i\u0161gyventi ma\u017eiems verslams, tad nuo \u0161iol, \u010dia rasite ir kit\u0173, ma\u017e\u0173 \u0161eim\u0173 versl\u0173, rank\u0173 darbo, dovan\u0173 sau ir artimiesiems.","publisher":{"@id":"https:\/\/skaitytaknyga.lt\/#organization"},"potentialAction":[{"@type":"SearchAction","target":{"@type":"EntryPoint","urlTemplate":"https:\/\/skaitytaknyga.lt\/?s={search_term_string}"},"query-input":{"@type":"PropertyValueSpecification","valueRequired":true,"valueName":"search_term_string"}}],"inLanguage":"en-GB"},{"@type":"Organization","@id":"https:\/\/skaitytaknyga.lt\/#organization","name":"skaitytaknyga.lt","url":"https:\/\/skaitytaknyga.lt\/","logo":{"@type":"ImageObject","inLanguage":"en-GB","@id":"https:\/\/skaitytaknyga.lt\/#\/schema\/logo\/image\/","url":"https:\/\/skaitytaknyga.lt\/wp-content\/uploads\/2024\/05\/cropped-cropped-cropped-02_00843_jt3bggkj1j3HLc7SyY6rEUpg.jpeg","contentUrl":"https:\/\/skaitytaknyga.lt\/wp-content\/uploads\/2024\/05\/cropped-cropped-cropped-02_00843_jt3bggkj1j3HLc7SyY6rEUpg.jpeg","width":1600,"height":1600,"caption":"skaitytaknyga.lt"},"image":{"@id":"https:\/\/skaitytaknyga.lt\/#\/schema\/logo\/image\/"},"sameAs":["https:\/\/www.facebook.com\/skaitytaknyga\/"]}]}},"_links":{"self":[{"href":"https:\/\/skaitytaknyga.lt\/en\/wp-json\/wp\/v2\/product\/2851","targetHints":{"allow":["GET"]}}],"collection":[{"href":"https:\/\/skaitytaknyga.lt\/en\/wp-json\/wp\/v2\/product"}],"about":[{"href":"https:\/\/skaitytaknyga.lt\/en\/wp-json\/wp\/v2\/types\/product"}],"replies":[{"embeddable":true,"href":"https:\/\/skaitytaknyga.lt\/en\/wp-json\/wp\/v2\/comments?post=2851"}],"wp:featuredmedia":[{"embeddable":true,"href":"https:\/\/skaitytaknyga.lt\/en\/wp-json\/wp\/v2\/media\/2906"}],"wp:attachment":[{"href":"https:\/\/skaitytaknyga.lt\/en\/wp-json\/wp\/v2\/media?parent=2851"}],"wp:term":[{"taxonomy":"product_brand","embeddable":true,"href":"https:\/\/skaitytaknyga.lt\/en\/wp-json\/wp\/v2\/product_brand?post=2851"},{"taxonomy":"product_cat","embeddable":true,"href":"https:\/\/skaitytaknyga.lt\/en\/wp-json\/wp\/v2\/product_cat?post=2851"},{"taxonomy":"product_tag","embeddable":true,"href":"https:\/\/skaitytaknyga.lt\/en\/wp-json\/wp\/v2\/product_tag?post=2851"}],"curies":[{"name":"wp","href":"https:\/\/api.w.org\/{rel}","templated":true}]}}