{"id":2847,"date":"2024-04-17T13:18:18","date_gmt":"2024-04-17T13:18:18","guid":{"rendered":"https:\/\/skaitytaknyga.lt\/?post_type=product&#038;p=2847"},"modified":"2024-05-03T07:16:45","modified_gmt":"2024-05-03T07:16:45","slug":"naujausiu-tendenciju-paieska","status":"publish","type":"product","link":"https:\/\/skaitytaknyga.lt\/en\/produktas\/naujausiu-tendenciju-paieska\/","title":{"rendered":"Naujausi\u0173 tendencij\u0173 paie\u0161ka"},"content":{"rendered":"<p>Knyga\u00a0&#8220;Naujausi\u0173 tendencij\u0173 paie\u0161ka&#8221;\u00a0&#8211; tai menas pasteb\u0117ti id\u0117j\u0105, i\u0161 kurios gims nauja populiari tendencija. Tai geb\u0117jimas atrasti id\u0117jos \u0161altin\u012f &#8211; nauj\u0173 tendencij\u0173 pradininkus, kurie originaliais pasi\u016blymais sudomina kitus. Juos rad\u0119s galite tik\u0117tis pasirodysiant ka\u017ek\u0105 novatori\u0161ko, nes madingos id\u0117jos auga ir plinta greta toki\u0173 \u017emoni\u0173.\u00a0<\/p>\n<p>K\u0105 bendro turi iPod\u2018as, MySpace, Facebook ir YouTube?.. Visi jie pasirod\u0117 neseniai, visi jie buvo \u201ekar\u0161tos&#8221; naujienos ir &#8211; o tai svarbiausia &#8211; visi jie laikomi taip vadinamais &#8220;must have&#8221; (privalai tur\u0117ti \/ naudotis) dalykais. Beveik visos kompanijos nuolatos ie\u0161ko to \u201enaujausio, kar\u0161\u010diausio&#8221;, vis\u0173 \u0161irdis pavergsian\u010dio daikto, naujov\u0117s, kuri \u012feit\u0173 \u012f istorij\u0105, ta\u010diau tik labai nedaugelis \u017eino, kaip j\u0105 surasti. \u0160i knyga \u012fsuka skaitytoj\u0105 \u012f pat\u012f ie\u0161kojim\u0173 s\u016bkur\u012f ir atskleid\u017eia, kaip atpa\u017einti naujovi\u0173 prana\u0161us, \u017emones, kurie paskleid\u017eia visuotines naujas madas, kaip \u012f\u017evelgti naujoves ir \u012fstabias id\u0117jas paversti nauja mada. Nema\u017eai dideli\u0173 \u012fmoni\u0173, pavyzd\u017eiui, Starbuck ir Procter &#038; Gamble jau \u012fsitikino toki\u0173 geb\u0117jim\u0173 nauda.<\/p>\n<p>Peteris Glooras (Kembrid\u017eo universitetas) \u012fmon\u0117se &#8220;UBS&#8221;, &#8220;PwC&#8221; ir \u201eDeloitte Consulting&#8221; dvide\u0161imt met\u0173 u\u017e\u0117m\u0117 vadovaujan\u010dius postus. \u0160iuo metu Masa\u010diusetso technikos universiteto Sloan vadybos mokykloje, Helsinkio technikos universitete ir Kelno universitete d\u0117sto, vadovauja tyrimams ir ra\u0161o mokslinius straipsnius. Scottas Cooperis (Newtono universitetas), Masa\u010diusetso technikos universiteto Sloan vadybos mokyklos mokslinis bendradarbis, kartu su technikos ir socialini\u0173 moksl\u0173 specialistais vykdo \u012fvairiausius projektus. Yra daug para\u0161\u0119s apie inovacijas, verslo ekonomik\u0105, architekt\u016br\u0105 ir naujas \u017einiasklaidos priemones.<\/p>\n","protected":false},"excerpt":{"rendered":"<p>Knyga\u00a0&#8220;Naujausi\u0173 tendencij\u0173 paie\u0161ka&#8221;\u00a0&#8211; tai menas pasteb\u0117ti id\u0117j\u0105, i\u0161 kurios gims nauja populiari tendencija. Tai geb\u0117jimas atrasti id\u0117jos \u0161altin\u012f &#8211; nauj\u0173 tendencij\u0173 pradininkus, kurie originaliais pasi\u016blymais sudomina kitus. Juos rad\u0119s galite tik\u0117tis pasirodysiant ka\u017ek\u0105 novatori\u0161ko, nes madingos id\u0117jos auga ir plinta greta toki\u0173 \u017emoni\u0173.\u00a0 K\u0105 bendro turi iPod\u2018as, MySpace, Facebook ir YouTube?.. Visi jie pasirod\u0117 neseniai, visi jie buvo \u201ekar\u0161tos&#8221; naujienos ir &#8211; o tai svarbiausia &#8211; visi jie laikomi taip vadinamais &#8220;must have&#8221; (privalai tur\u0117ti \/ naudotis) dalykais. Beveik visos kompanijos nuolatos ie\u0161ko to \u201enaujausio, kar\u0161\u010diausio&#8221;, vis\u0173 \u0161irdis pavergsian\u010dio daikto, naujov\u0117s, kuri \u012feit\u0173 \u012f istorij\u0105, ta\u010diau tik labai nedaugelis \u017eino, kaip j\u0105 surasti. \u0160i knyga \u012fsuka skaitytoj\u0105 \u012f pat\u012f ie\u0161kojim\u0173 s\u016bkur\u012f ir atskleid\u017eia, kaip atpa\u017einti naujovi\u0173 prana\u0161us, \u017emones, kurie paskleid\u017eia visuotines naujas madas, kaip \u012f\u017evelgti naujoves ir \u012fstabias id\u0117jas paversti nauja mada. Nema\u017eai dideli\u0173 \u012fmoni\u0173, pavyzd\u017eiui, Starbuck ir Procter &#038; Gamble jau \u012fsitikino toki\u0173 geb\u0117jim\u0173 nauda. Peteris Glooras (Kembrid\u017eo universitetas) \u012fmon\u0117se &#8220;UBS&#8221;, &#8220;PwC&#8221; ir \u201eDeloitte Consulting&#8221; dvide\u0161imt met\u0173 u\u017e\u0117m\u0117 vadovaujan\u010dius postus. \u0160iuo metu Masa\u010diusetso technikos universiteto Sloan vadybos mokykloje, Helsinkio technikos universitete ir Kelno universitete d\u0117sto, vadovauja tyrimams ir ra\u0161o mokslinius straipsnius. Scottas Cooperis (Newtono universitetas), Masa\u010diusetso technikos universiteto Sloan vadybos mokyklos mokslinis bendradarbis, kartu su technikos ir socialini\u0173 moksl\u0173 specialistais vykdo \u012fvairiausius projektus. Yra daug para\u0161\u0119s apie inovacijas, verslo ekonomik\u0105, architekt\u016br\u0105 ir naujas \u017einiasklaidos priemones.<\/p>\n","protected":false},"featured_media":2902,"comment_status":"closed","ping_status":"closed","template":"","meta":{"_acf_changed":false,"site-sidebar-layout":"default","site-content-layout":"","ast-site-content-layout":"default","site-content-style":"default","site-sidebar-style":"default","ast-global-header-display":"","ast-banner-title-visibility":"","ast-main-header-display":"","ast-hfb-above-header-display":"","ast-hfb-below-header-display":"","ast-hfb-mobile-header-display":"","site-post-title":"","ast-breadcrumbs-content":"","ast-featured-img":"","footer-sml-layout":"","ast-disable-related-posts":"","theme-transparent-header-meta":"","adv-header-id-meta":"","stick-header-meta":"","header-above-stick-meta":"","header-main-stick-meta":"","header-below-stick-meta":"","astra-migrate-meta-layouts":"default","ast-page-background-enabled":"default","ast-page-background-meta":{"desktop":{"background-color":"","background-image":"","background-repeat":"repeat","background-position":"center center","background-size":"auto","background-attachment":"scroll","background-type":"","background-media":"","overlay-type":"","overlay-color":"","overlay-opacity":"","overlay-gradient":""},"tablet":{"background-color":"","background-image":"","background-repeat":"repeat","background-position":"center center","background-size":"auto","background-attachment":"scroll","background-type":"","background-media":"","overlay-type":"","overlay-color":"","overlay-opacity":"","overlay-gradient":""},"mobile":{"background-color":"","background-image":"","background-repeat":"repeat","background-position":"center center","background-size":"auto","background-attachment":"scroll","background-type":"","background-media":"","overlay-type":"","overlay-color":"","overlay-opacity":"","overlay-gradient":""}},"ast-content-background-meta":{"desktop":{"background-color":"var(--ast-global-color-4)","background-image":"","background-repeat":"repeat","background-position":"center center","background-size":"auto","background-attachment":"scroll","background-type":"","background-media":"","overlay-type":"","overlay-color":"","overlay-opacity":"","overlay-gradient":""},"tablet":{"background-color":"var(--ast-global-color-4)","background-image":"","background-repeat":"repeat","background-position":"center center","background-size":"auto","background-attachment":"scroll","background-type":"","background-media":"","overlay-type":"","overlay-color":"","overlay-opacity":"","overlay-gradient":""},"mobile":{"background-color":"var(--ast-global-color-4)","background-image":"","background-repeat":"repeat","background-position":"center center","background-size":"auto","background-attachment":"scroll","background-type":"","background-media":"","overlay-type":"","overlay-color":"","overlay-opacity":"","overlay-gradient":""}}},"product_brand":[],"product_cat":[26],"product_tag":[275],"class_list":{"0":"post-2847","1":"product","2":"type-product","3":"status-publish","4":"has-post-thumbnail","6":"product_cat-verslas-vadyba-ir-finansai","7":"product_tag-verslo-zinios","8":"desktop-align-left","9":"tablet-align-left","10":"mobile-align-left","12":"first","13":"instock","14":"shipping-taxable","15":"purchasable","16":"product-type-simple"},"acf":[],"yoast_head":"<!-- This site is optimized with the Yoast SEO plugin v27.0 - https:\/\/yoast.com\/product\/yoast-seo-wordpress\/ -->\n<title>Naujausi\u0173 tendencij\u0173 paie\u0161ka - Skaitytaknyga<\/title>\n<meta name=\"description\" content=\"Knyga\u00a0&quot;Naujausi\u0173 tendencij\u0173 paie\u0161ka&quot;\u00a0- tai menas pasteb\u0117ti id\u0117j\u0105, i\u0161 kurios gims nauja populiari tendencija. Tai geb\u0117jimas atrasti id\u0117jos \u0161altin\u012f - nauj\u0173\" \/>\n<meta name=\"robots\" content=\"index, follow, max-snippet:-1, max-image-preview:large, max-video-preview:-1\" \/>\n<link rel=\"canonical\" href=\"https:\/\/skaitytaknyga.lt\/en\/produktas\/naujausiu-tendenciju-paieska\/\" \/>\n<meta property=\"og:locale\" content=\"en_GB\" \/>\n<meta property=\"og:locale:alternate\" content=\"lt_LT\" \/>\n<meta property=\"og:type\" content=\"article\" \/>\n<meta property=\"og:title\" content=\"Naujausi\u0173 tendencij\u0173 paie\u0161ka - Skaitytaknyga\" \/>\n<meta property=\"og:description\" content=\"Knyga\u00a0&quot;Naujausi\u0173 tendencij\u0173 paie\u0161ka&quot;\u00a0- tai menas pasteb\u0117ti id\u0117j\u0105, i\u0161 kurios gims nauja populiari tendencija. Tai geb\u0117jimas atrasti id\u0117jos \u0161altin\u012f - nauj\u0173\" \/>\n<meta property=\"og:url\" content=\"https:\/\/skaitytaknyga.lt\/en\/produktas\/naujausiu-tendenciju-paieska\/\" \/>\n<meta property=\"og:site_name\" content=\"Skaitytaknyga\" \/>\n<meta property=\"article:publisher\" content=\"https:\/\/www.facebook.com\/skaitytaknyga\/\" \/>\n<meta property=\"article:modified_time\" content=\"2024-05-03T07:16:45+00:00\" \/>\n<meta property=\"og:image\" content=\"https:\/\/skaitytaknyga.lt\/wp-content\/uploads\/2024\/04\/naujausiu_tendenciju_paieska184.jpg\" \/>\n\t<meta property=\"og:image:width\" content=\"296\" \/>\n\t<meta property=\"og:image:height\" content=\"450\" \/>\n\t<meta property=\"og:image:type\" content=\"image\/jpeg\" \/>\n<meta name=\"twitter:card\" content=\"summary_large_image\" \/>\n<meta name=\"twitter:label1\" content=\"Estimated reading time\" \/>\n\t<meta name=\"twitter:data1\" content=\"1 minute\" \/>\n<script type=\"application\/ld+json\" class=\"yoast-schema-graph\">{\"@context\":\"https:\/\/schema.org\",\"@graph\":[{\"@type\":\"WebPage\",\"@id\":\"https:\/\/skaitytaknyga.lt\/produktas\/naujausiu-tendenciju-paieska\/\",\"url\":\"https:\/\/skaitytaknyga.lt\/produktas\/naujausiu-tendenciju-paieska\/\",\"name\":\"Naujausi\u0173 tendencij\u0173 paie\u0161ka - Skaitytaknyga\",\"isPartOf\":{\"@id\":\"https:\/\/skaitytaknyga.lt\/#website\"},\"primaryImageOfPage\":{\"@id\":\"https:\/\/skaitytaknyga.lt\/produktas\/naujausiu-tendenciju-paieska\/#primaryimage\"},\"image\":{\"@id\":\"https:\/\/skaitytaknyga.lt\/produktas\/naujausiu-tendenciju-paieska\/#primaryimage\"},\"thumbnailUrl\":\"https:\/\/skaitytaknyga.lt\/wp-content\/uploads\/2024\/04\/naujausiu_tendenciju_paieska184.jpg\",\"datePublished\":\"2024-04-17T13:18:18+00:00\",\"dateModified\":\"2024-05-03T07:16:45+00:00\",\"description\":\"Knyga\u00a0\\\"Naujausi\u0173 tendencij\u0173 paie\u0161ka\\\"\u00a0- tai menas pasteb\u0117ti id\u0117j\u0105, i\u0161 kurios gims nauja populiari tendencija. Tai geb\u0117jimas atrasti id\u0117jos \u0161altin\u012f - nauj\u0173\",\"breadcrumb\":{\"@id\":\"https:\/\/skaitytaknyga.lt\/produktas\/naujausiu-tendenciju-paieska\/#breadcrumb\"},\"inLanguage\":\"en-GB\",\"potentialAction\":[{\"@type\":\"ReadAction\",\"target\":[\"https:\/\/skaitytaknyga.lt\/produktas\/naujausiu-tendenciju-paieska\/\"]}]},{\"@type\":\"ImageObject\",\"inLanguage\":\"en-GB\",\"@id\":\"https:\/\/skaitytaknyga.lt\/produktas\/naujausiu-tendenciju-paieska\/#primaryimage\",\"url\":\"https:\/\/skaitytaknyga.lt\/wp-content\/uploads\/2024\/04\/naujausiu_tendenciju_paieska184.jpg\",\"contentUrl\":\"https:\/\/skaitytaknyga.lt\/wp-content\/uploads\/2024\/04\/naujausiu_tendenciju_paieska184.jpg\",\"width\":296,\"height\":450,\"caption\":\"naujausiu tendenciju paieska184\"},{\"@type\":\"BreadcrumbList\",\"@id\":\"https:\/\/skaitytaknyga.lt\/produktas\/naujausiu-tendenciju-paieska\/#breadcrumb\",\"itemListElement\":[{\"@type\":\"ListItem\",\"position\":1,\"name\":\"Home\",\"item\":\"https:\/\/skaitytaknyga.lt\/\"},{\"@type\":\"ListItem\",\"position\":2,\"name\":\"Parduotuv\u0117\",\"item\":\"https:\/\/skaitytaknyga.lt\/knygu-parduotuve\/\"},{\"@type\":\"ListItem\",\"position\":3,\"name\":\"Naujausi\u0173 tendencij\u0173 paie\u0161ka\"}]},{\"@type\":\"WebSite\",\"@id\":\"https:\/\/skaitytaknyga.lt\/#website\",\"url\":\"https:\/\/skaitytaknyga.lt\/\",\"name\":\"skaitytaknyga.lt\",\"description\":\"Skaitytaknyga.lt \u2013 tai ma\u017eas \u0161eimos verslas, kuris prasid\u0117jo nuo meil\u0117s knygoms ir siekio i\u0161gelb\u0117ti knygas nuo likimo prie konteinerio. Kas vienam nereikalingas daiktas \u2013 kitam lobis, o mes esame tarpininkai, kurie padeda abiems tapti laimingesniems ???? \u017dinome kaip nelengva i\u0161gyventi ma\u017eiems verslams, tad nuo \u0161iol, \u010dia rasite ir kit\u0173, ma\u017e\u0173 \u0161eim\u0173 versl\u0173, rank\u0173 darbo, dovan\u0173 sau ir artimiesiems.\",\"publisher\":{\"@id\":\"https:\/\/skaitytaknyga.lt\/#organization\"},\"potentialAction\":[{\"@type\":\"SearchAction\",\"target\":{\"@type\":\"EntryPoint\",\"urlTemplate\":\"https:\/\/skaitytaknyga.lt\/?s={search_term_string}\"},\"query-input\":{\"@type\":\"PropertyValueSpecification\",\"valueRequired\":true,\"valueName\":\"search_term_string\"}}],\"inLanguage\":\"en-GB\"},{\"@type\":\"Organization\",\"@id\":\"https:\/\/skaitytaknyga.lt\/#organization\",\"name\":\"skaitytaknyga.lt\",\"url\":\"https:\/\/skaitytaknyga.lt\/\",\"logo\":{\"@type\":\"ImageObject\",\"inLanguage\":\"en-GB\",\"@id\":\"https:\/\/skaitytaknyga.lt\/#\/schema\/logo\/image\/\",\"url\":\"https:\/\/skaitytaknyga.lt\/wp-content\/uploads\/2024\/05\/cropped-cropped-cropped-02_00843_jt3bggkj1j3HLc7SyY6rEUpg.jpeg\",\"contentUrl\":\"https:\/\/skaitytaknyga.lt\/wp-content\/uploads\/2024\/05\/cropped-cropped-cropped-02_00843_jt3bggkj1j3HLc7SyY6rEUpg.jpeg\",\"width\":1600,\"height\":1600,\"caption\":\"skaitytaknyga.lt\"},\"image\":{\"@id\":\"https:\/\/skaitytaknyga.lt\/#\/schema\/logo\/image\/\"},\"sameAs\":[\"https:\/\/www.facebook.com\/skaitytaknyga\/\"]}]}<\/script>\n<!-- \/ Yoast SEO plugin. -->","yoast_head_json":{"title":"Naujausi\u0173 tendencij\u0173 paie\u0161ka - Skaitytaknyga","description":"Knyga\u00a0\"Naujausi\u0173 tendencij\u0173 paie\u0161ka\"\u00a0- tai menas pasteb\u0117ti id\u0117j\u0105, i\u0161 kurios gims nauja populiari tendencija. Tai geb\u0117jimas atrasti id\u0117jos \u0161altin\u012f - nauj\u0173","robots":{"index":"index","follow":"follow","max-snippet":"max-snippet:-1","max-image-preview":"max-image-preview:large","max-video-preview":"max-video-preview:-1"},"canonical":"https:\/\/skaitytaknyga.lt\/en\/produktas\/naujausiu-tendenciju-paieska\/","og_locale":"en_GB","og_type":"article","og_title":"Naujausi\u0173 tendencij\u0173 paie\u0161ka - Skaitytaknyga","og_description":"Knyga\u00a0\"Naujausi\u0173 tendencij\u0173 paie\u0161ka\"\u00a0- tai menas pasteb\u0117ti id\u0117j\u0105, i\u0161 kurios gims nauja populiari tendencija. Tai geb\u0117jimas atrasti id\u0117jos \u0161altin\u012f - nauj\u0173","og_url":"https:\/\/skaitytaknyga.lt\/en\/produktas\/naujausiu-tendenciju-paieska\/","og_site_name":"Skaitytaknyga","article_publisher":"https:\/\/www.facebook.com\/skaitytaknyga\/","article_modified_time":"2024-05-03T07:16:45+00:00","og_image":[{"width":296,"height":450,"url":"https:\/\/skaitytaknyga.lt\/wp-content\/uploads\/2024\/04\/naujausiu_tendenciju_paieska184.jpg","type":"image\/jpeg"}],"twitter_card":"summary_large_image","twitter_misc":{"Estimated reading time":"1 minute"},"schema":{"@context":"https:\/\/schema.org","@graph":[{"@type":"WebPage","@id":"https:\/\/skaitytaknyga.lt\/produktas\/naujausiu-tendenciju-paieska\/","url":"https:\/\/skaitytaknyga.lt\/produktas\/naujausiu-tendenciju-paieska\/","name":"Naujausi\u0173 tendencij\u0173 paie\u0161ka - Skaitytaknyga","isPartOf":{"@id":"https:\/\/skaitytaknyga.lt\/#website"},"primaryImageOfPage":{"@id":"https:\/\/skaitytaknyga.lt\/produktas\/naujausiu-tendenciju-paieska\/#primaryimage"},"image":{"@id":"https:\/\/skaitytaknyga.lt\/produktas\/naujausiu-tendenciju-paieska\/#primaryimage"},"thumbnailUrl":"https:\/\/skaitytaknyga.lt\/wp-content\/uploads\/2024\/04\/naujausiu_tendenciju_paieska184.jpg","datePublished":"2024-04-17T13:18:18+00:00","dateModified":"2024-05-03T07:16:45+00:00","description":"Knyga\u00a0\"Naujausi\u0173 tendencij\u0173 paie\u0161ka\"\u00a0- tai menas pasteb\u0117ti id\u0117j\u0105, i\u0161 kurios gims nauja populiari tendencija. Tai geb\u0117jimas atrasti id\u0117jos \u0161altin\u012f - nauj\u0173","breadcrumb":{"@id":"https:\/\/skaitytaknyga.lt\/produktas\/naujausiu-tendenciju-paieska\/#breadcrumb"},"inLanguage":"en-GB","potentialAction":[{"@type":"ReadAction","target":["https:\/\/skaitytaknyga.lt\/produktas\/naujausiu-tendenciju-paieska\/"]}]},{"@type":"ImageObject","inLanguage":"en-GB","@id":"https:\/\/skaitytaknyga.lt\/produktas\/naujausiu-tendenciju-paieska\/#primaryimage","url":"https:\/\/skaitytaknyga.lt\/wp-content\/uploads\/2024\/04\/naujausiu_tendenciju_paieska184.jpg","contentUrl":"https:\/\/skaitytaknyga.lt\/wp-content\/uploads\/2024\/04\/naujausiu_tendenciju_paieska184.jpg","width":296,"height":450,"caption":"naujausiu tendenciju paieska184"},{"@type":"BreadcrumbList","@id":"https:\/\/skaitytaknyga.lt\/produktas\/naujausiu-tendenciju-paieska\/#breadcrumb","itemListElement":[{"@type":"ListItem","position":1,"name":"Home","item":"https:\/\/skaitytaknyga.lt\/"},{"@type":"ListItem","position":2,"name":"Parduotuv\u0117","item":"https:\/\/skaitytaknyga.lt\/knygu-parduotuve\/"},{"@type":"ListItem","position":3,"name":"Naujausi\u0173 tendencij\u0173 paie\u0161ka"}]},{"@type":"WebSite","@id":"https:\/\/skaitytaknyga.lt\/#website","url":"https:\/\/skaitytaknyga.lt\/","name":"skaitytaknyga.lt","description":"Skaitytaknyga.lt \u2013 tai ma\u017eas \u0161eimos verslas, kuris prasid\u0117jo nuo meil\u0117s knygoms ir siekio i\u0161gelb\u0117ti knygas nuo likimo prie konteinerio. Kas vienam nereikalingas daiktas \u2013 kitam lobis, o mes esame tarpininkai, kurie padeda abiems tapti laimingesniems ???? \u017dinome kaip nelengva i\u0161gyventi ma\u017eiems verslams, tad nuo \u0161iol, \u010dia rasite ir kit\u0173, ma\u017e\u0173 \u0161eim\u0173 versl\u0173, rank\u0173 darbo, dovan\u0173 sau ir artimiesiems.","publisher":{"@id":"https:\/\/skaitytaknyga.lt\/#organization"},"potentialAction":[{"@type":"SearchAction","target":{"@type":"EntryPoint","urlTemplate":"https:\/\/skaitytaknyga.lt\/?s={search_term_string}"},"query-input":{"@type":"PropertyValueSpecification","valueRequired":true,"valueName":"search_term_string"}}],"inLanguage":"en-GB"},{"@type":"Organization","@id":"https:\/\/skaitytaknyga.lt\/#organization","name":"skaitytaknyga.lt","url":"https:\/\/skaitytaknyga.lt\/","logo":{"@type":"ImageObject","inLanguage":"en-GB","@id":"https:\/\/skaitytaknyga.lt\/#\/schema\/logo\/image\/","url":"https:\/\/skaitytaknyga.lt\/wp-content\/uploads\/2024\/05\/cropped-cropped-cropped-02_00843_jt3bggkj1j3HLc7SyY6rEUpg.jpeg","contentUrl":"https:\/\/skaitytaknyga.lt\/wp-content\/uploads\/2024\/05\/cropped-cropped-cropped-02_00843_jt3bggkj1j3HLc7SyY6rEUpg.jpeg","width":1600,"height":1600,"caption":"skaitytaknyga.lt"},"image":{"@id":"https:\/\/skaitytaknyga.lt\/#\/schema\/logo\/image\/"},"sameAs":["https:\/\/www.facebook.com\/skaitytaknyga\/"]}]}},"_links":{"self":[{"href":"https:\/\/skaitytaknyga.lt\/en\/wp-json\/wp\/v2\/product\/2847","targetHints":{"allow":["GET"]}}],"collection":[{"href":"https:\/\/skaitytaknyga.lt\/en\/wp-json\/wp\/v2\/product"}],"about":[{"href":"https:\/\/skaitytaknyga.lt\/en\/wp-json\/wp\/v2\/types\/product"}],"replies":[{"embeddable":true,"href":"https:\/\/skaitytaknyga.lt\/en\/wp-json\/wp\/v2\/comments?post=2847"}],"wp:featuredmedia":[{"embeddable":true,"href":"https:\/\/skaitytaknyga.lt\/en\/wp-json\/wp\/v2\/media\/2902"}],"wp:attachment":[{"href":"https:\/\/skaitytaknyga.lt\/en\/wp-json\/wp\/v2\/media?parent=2847"}],"wp:term":[{"taxonomy":"product_brand","embeddable":true,"href":"https:\/\/skaitytaknyga.lt\/en\/wp-json\/wp\/v2\/product_brand?post=2847"},{"taxonomy":"product_cat","embeddable":true,"href":"https:\/\/skaitytaknyga.lt\/en\/wp-json\/wp\/v2\/product_cat?post=2847"},{"taxonomy":"product_tag","embeddable":true,"href":"https:\/\/skaitytaknyga.lt\/en\/wp-json\/wp\/v2\/product_tag?post=2847"}],"curies":[{"name":"wp","href":"https:\/\/api.w.org\/{rel}","templated":true}]}}