{"id":2846,"date":"2024-04-17T16:18:18","date_gmt":"2024-04-17T13:18:18","guid":{"rendered":"https:\/\/skaitytaknyga.lt\/?post_type=product&#038;p=2846"},"modified":"2025-11-17T17:02:06","modified_gmt":"2025-11-17T15:02:06","slug":"mark-thomas-gary-miles-peter-fisk-tobulas-generalinis","status":"publish","type":"product","link":"https:\/\/skaitytaknyga.lt\/en\/produktas\/mark-thomas-gary-miles-peter-fisk-tobulas-generalinis\/","title":{"rendered":"Mark Thomas, Gary Miles, Peter Fisk \u201eTobulas generalinis\u201c"},"content":{"rendered":"<p>\u0160i knyga\u00a0&#8220;Tobulas generalinis&#8221;- ne\u012fprastas verslo vadov\u0117lis, kuriame pripa\u017e\u012fstama, kad n\u0117ra trumpiausio kelio \u012f tobulyb\u0119. Specialusis ger\u0173 veiklos rezultat\u0173 modelis, pateikiamas knygoje, bus nepaprastai vertingas kiekvienam, siekian\u010diam b\u016bti puikiu vadovu.<\/p>\n<p>Knygoje &#8220;Tobulas generalinis&#8221; apibendrinama ne\u012fkainojama kai kuri\u0173 s\u0117kmingiausiai \u0160iaur\u0117s Amerikoje ir \u0160iaur\u0117s Europoje dirban\u010di\u0173 generalini\u0173 direktori\u0173 patirtis bei \u012fvairiapus\u0117s autori\u0173 \u017einios, \u010dia pateikiama auk\u0161\u010diausi\u0173 \u012fmon\u0117s ir individualios veiklos rezultat\u0173 \u012fgyvendinimo programa, kuria gali vadovautis kiekvienas \u012fmon\u0117s vadovas.<\/p>\n<p>&#8220;I\u0161 esm\u0117s, , \u012fmon\u0117s vadovo darbas paprastas: jis turi gerai atlikti tris dalykus &#8211; sukurti darbing\u0105 aplink\u0105, suburti tinkamus darbuotojus ir sukurti strategij\u0105&#8221;, &#8211; ra\u0161o knygos autoriai.<\/p>\n<p>\u0160i knyga &#8220;Tobulas generalinis&#8221;\u00a0&#8211; ne pavir\u0161utini\u0161ka paprast\u0173 vadovavimo \u012fg\u016bd\u017ei\u0173 analiz\u0117, nors joje ir aptariama dalis \u0161i\u0173 klausim\u0173. Tai grie\u017etas, realisti\u0161kas \u017evilgsnis \u012f praktinius generalinio direktoriaus darbo aspektus. \u0160ioje knygoje pateikiama verting\u0173 praktini\u0173 patarim\u0173 ir puiki\u0173 veiklos rezultat\u0173 modelio visuma, pritaikytina realiame gyvenime, arba i\u0161sami baigtin\u0117 sistema.<\/p>\n<p>Tikim\u0117s, kad perskait\u0119 \u0161i\u0105 knyg\u0105, ai\u0161kiai suprasite vadovo vaidmen\u012f ir pagrindinius veiksmus, kuri\u0173 galite imtis, kad pasiektum\u0117te geresni\u0173 rezultat\u0173. Ir nors dauguma knygoje pateikiam\u0173 dalyk\u0173 atrodo labai paprasti, prisiversti juos \u012fgyvendinti praktikoje tikrai nelengva. \u017dinia, genialumas slypi paprastume. Tad \u012f kasdien\u0105 perk\u0117l\u0119 \u0161ios knygos patarimus, b\u016bsite pasireng\u0119 jud\u0117ti pirmyn ir pad\u0117ti savo bendrovei, skyriui, padaliniui ar komandai pasiekti s\u0117km\u0119 ir auk\u0161tus veiklos rezultatus.<\/p>\n","protected":false},"excerpt":{"rendered":"<p>\u0160i knyga\u00a0&#8220;Tobulas generalinis&#8221;- ne\u012fprastas verslo vadov\u0117lis, kuriame pripa\u017e\u012fstama, kad n\u0117ra trumpiausio kelio \u012f tobulyb\u0119. Specialusis ger\u0173 veiklos rezultat\u0173 modelis, pateikiamas knygoje, bus nepaprastai vertingas kiekvienam, siekian\u010diam b\u016bti puikiu vadovu. Knygoje &#8220;Tobulas generalinis&#8221; apibendrinama ne\u012fkainojama kai kuri\u0173 s\u0117kmingiausiai \u0160iaur\u0117s Amerikoje ir \u0160iaur\u0117s Europoje dirban\u010di\u0173 generalini\u0173 direktori\u0173 patirtis bei \u012fvairiapus\u0117s autori\u0173 \u017einios, \u010dia pateikiama auk\u0161\u010diausi\u0173 \u012fmon\u0117s ir individualios veiklos rezultat\u0173 \u012fgyvendinimo programa, kuria gali vadovautis kiekvienas \u012fmon\u0117s vadovas. &#8220;I\u0161 esm\u0117s, , \u012fmon\u0117s vadovo darbas paprastas: jis turi gerai atlikti tris dalykus &#8211; sukurti darbing\u0105 aplink\u0105, suburti tinkamus darbuotojus ir sukurti strategij\u0105&#8221;, &#8211; ra\u0161o knygos autoriai. \u0160i knyga &#8220;Tobulas generalinis&#8221;\u00a0&#8211; ne pavir\u0161utini\u0161ka paprast\u0173 vadovavimo \u012fg\u016bd\u017ei\u0173 analiz\u0117, nors joje ir aptariama dalis \u0161i\u0173 klausim\u0173. Tai grie\u017etas, realisti\u0161kas \u017evilgsnis \u012f praktinius generalinio direktoriaus darbo aspektus. \u0160ioje knygoje pateikiama verting\u0173 praktini\u0173 patarim\u0173 ir puiki\u0173 veiklos rezultat\u0173 modelio visuma, pritaikytina realiame gyvenime, arba i\u0161sami baigtin\u0117 sistema. Tikim\u0117s, kad perskait\u0119 \u0161i\u0105 knyg\u0105, ai\u0161kiai suprasite vadovo vaidmen\u012f ir pagrindinius veiksmus, kuri\u0173 galite imtis, kad pasiektum\u0117te geresni\u0173 rezultat\u0173. Ir nors dauguma knygoje pateikiam\u0173 dalyk\u0173 atrodo labai paprasti, prisiversti juos \u012fgyvendinti praktikoje tikrai nelengva. \u017dinia, genialumas slypi paprastume. Tad \u012f kasdien\u0105 perk\u0117l\u0119 \u0161ios knygos patarimus, b\u016bsite pasireng\u0119 jud\u0117ti pirmyn ir pad\u0117ti savo bendrovei, skyriui, padaliniui ar komandai pasiekti s\u0117km\u0119 ir auk\u0161tus veiklos rezultatus.<\/p>\n","protected":false},"featured_media":2901,"comment_status":"closed","ping_status":"closed","template":"","meta":{"_acf_changed":false,"site-sidebar-layout":"default","site-content-layout":"","ast-site-content-layout":"default","site-content-style":"default","site-sidebar-style":"default","ast-global-header-display":"","ast-banner-title-visibility":"","ast-main-header-display":"","ast-hfb-above-header-display":"","ast-hfb-below-header-display":"","ast-hfb-mobile-header-display":"","site-post-title":"","ast-breadcrumbs-content":"","ast-featured-img":"","footer-sml-layout":"","ast-disable-related-posts":"","theme-transparent-header-meta":"","adv-header-id-meta":"","stick-header-meta":"","header-above-stick-meta":"","header-main-stick-meta":"","header-below-stick-meta":"","astra-migrate-meta-layouts":"default","ast-page-background-enabled":"default","ast-page-background-meta":{"desktop":{"background-color":"","background-image":"","background-repeat":"repeat","background-position":"center center","background-size":"auto","background-attachment":"scroll","background-type":"","background-media":"","overlay-type":"","overlay-color":"","overlay-opacity":"","overlay-gradient":""},"tablet":{"background-color":"","background-image":"","background-repeat":"repeat","background-position":"center center","background-size":"auto","background-attachment":"scroll","background-type":"","background-media":"","overlay-type":"","overlay-color":"","overlay-opacity":"","overlay-gradient":""},"mobile":{"background-color":"","background-image":"","background-repeat":"repeat","background-position":"center center","background-size":"auto","background-attachment":"scroll","background-type":"","background-media":"","overlay-type":"","overlay-color":"","overlay-opacity":"","overlay-gradient":""}},"ast-content-background-meta":{"desktop":{"background-color":"var(--ast-global-color-4)","background-image":"","background-repeat":"repeat","background-position":"center center","background-size":"auto","background-attachment":"scroll","background-type":"","background-media":"","overlay-type":"","overlay-color":"","overlay-opacity":"","overlay-gradient":""},"tablet":{"background-color":"var(--ast-global-color-4)","background-image":"","background-repeat":"repeat","background-position":"center center","background-size":"auto","background-attachment":"scroll","background-type":"","background-media":"","overlay-type":"","overlay-color":"","overlay-opacity":"","overlay-gradient":""},"mobile":{"background-color":"var(--ast-global-color-4)","background-image":"","background-repeat":"repeat","background-position":"center center","background-size":"auto","background-attachment":"scroll","background-type":"","background-media":"","overlay-type":"","overlay-color":"","overlay-opacity":"","overlay-gradient":""}}},"product_brand":[],"product_cat":[26],"product_tag":[],"class_list":{"0":"post-2846","1":"product","2":"type-product","3":"status-publish","4":"has-post-thumbnail","6":"product_cat-verslas-vadyba-ir-finansai","7":"desktop-align-left","8":"tablet-align-left","9":"mobile-align-left","11":"first","12":"instock","13":"shipping-taxable","14":"purchasable","15":"product-type-simple"},"acf":[],"yoast_head":"<!-- This site is optimized with the Yoast SEO plugin v27.0 - https:\/\/yoast.com\/product\/yoast-seo-wordpress\/ -->\n<title>Mark Thomas, Gary Miles, Peter Fisk \u201eTobulas generalinis\u201c<\/title>\n<meta name=\"description\" content=\"\u0160i knyga\u00a0&quot;Tobulas generalinis&quot;- ne\u012fprastas verslo vadov\u0117lis, kuriame pripa\u017e\u012fstama, kad n\u0117ra trumpiausio kelio \u012f tobulyb\u0119. Specialusis ger\u0173 veiklos\" \/>\n<meta name=\"robots\" content=\"index, follow, max-snippet:-1, max-image-preview:large, max-video-preview:-1\" \/>\n<link rel=\"canonical\" href=\"https:\/\/skaitytaknyga.lt\/en\/produktas\/mark-thomas-gary-miles-peter-fisk-tobulas-generalinis\/\" \/>\n<meta property=\"og:locale\" content=\"en_GB\" \/>\n<meta property=\"og:locale:alternate\" content=\"lt_LT\" \/>\n<meta property=\"og:type\" content=\"article\" \/>\n<meta property=\"og:title\" content=\"Mark Thomas, Gary Miles, Peter Fisk \u201eTobulas generalinis\u201c\" \/>\n<meta property=\"og:description\" content=\"\u0160i knyga\u00a0&quot;Tobulas generalinis&quot;- ne\u012fprastas verslo vadov\u0117lis, kuriame pripa\u017e\u012fstama, kad n\u0117ra trumpiausio kelio \u012f tobulyb\u0119. Specialusis ger\u0173 veiklos\" \/>\n<meta property=\"og:url\" content=\"https:\/\/skaitytaknyga.lt\/en\/produktas\/mark-thomas-gary-miles-peter-fisk-tobulas-generalinis\/\" \/>\n<meta property=\"og:site_name\" content=\"Skaitytaknyga\" \/>\n<meta property=\"article:publisher\" content=\"https:\/\/www.facebook.com\/skaitytaknyga\/\" \/>\n<meta property=\"article:modified_time\" content=\"2025-11-17T15:02:06+00:00\" \/>\n<meta property=\"og:image\" content=\"https:\/\/skaitytaknyga.lt\/wp-content\/uploads\/2024\/04\/174704-116440699-640856890175350-3962167836302159711-n-e1606743282627.jpg\" \/>\n\t<meta property=\"og:image:width\" content=\"418\" \/>\n\t<meta property=\"og:image:height\" content=\"666\" \/>\n\t<meta property=\"og:image:type\" content=\"image\/jpeg\" \/>\n<meta name=\"twitter:card\" content=\"summary_large_image\" \/>\n<meta name=\"twitter:label1\" content=\"Estimated reading time\" \/>\n\t<meta name=\"twitter:data1\" content=\"1 minute\" \/>\n<script type=\"application\/ld+json\" class=\"yoast-schema-graph\">{\"@context\":\"https:\/\/schema.org\",\"@graph\":[{\"@type\":\"WebPage\",\"@id\":\"https:\/\/skaitytaknyga.lt\/produktas\/mark-thomas-gary-miles-peter-fisk-tobulas-generalinis\/\",\"url\":\"https:\/\/skaitytaknyga.lt\/produktas\/mark-thomas-gary-miles-peter-fisk-tobulas-generalinis\/\",\"name\":\"Mark Thomas, Gary Miles, Peter Fisk \u201eTobulas generalinis\u201c\",\"isPartOf\":{\"@id\":\"https:\/\/skaitytaknyga.lt\/#website\"},\"primaryImageOfPage\":{\"@id\":\"https:\/\/skaitytaknyga.lt\/produktas\/mark-thomas-gary-miles-peter-fisk-tobulas-generalinis\/#primaryimage\"},\"image\":{\"@id\":\"https:\/\/skaitytaknyga.lt\/produktas\/mark-thomas-gary-miles-peter-fisk-tobulas-generalinis\/#primaryimage\"},\"thumbnailUrl\":\"https:\/\/skaitytaknyga.lt\/wp-content\/uploads\/2024\/04\/174704-116440699-640856890175350-3962167836302159711-n-e1606743282627.jpg\",\"datePublished\":\"2024-04-17T13:18:18+00:00\",\"dateModified\":\"2025-11-17T15:02:06+00:00\",\"description\":\"\u0160i knyga\u00a0\\\"Tobulas generalinis\\\"- ne\u012fprastas verslo vadov\u0117lis, kuriame pripa\u017e\u012fstama, kad n\u0117ra trumpiausio kelio \u012f tobulyb\u0119. Specialusis ger\u0173 veiklos\",\"breadcrumb\":{\"@id\":\"https:\/\/skaitytaknyga.lt\/produktas\/mark-thomas-gary-miles-peter-fisk-tobulas-generalinis\/#breadcrumb\"},\"inLanguage\":\"en-GB\",\"potentialAction\":[{\"@type\":\"ReadAction\",\"target\":[\"https:\/\/skaitytaknyga.lt\/produktas\/mark-thomas-gary-miles-peter-fisk-tobulas-generalinis\/\"]}]},{\"@type\":\"ImageObject\",\"inLanguage\":\"en-GB\",\"@id\":\"https:\/\/skaitytaknyga.lt\/produktas\/mark-thomas-gary-miles-peter-fisk-tobulas-generalinis\/#primaryimage\",\"url\":\"https:\/\/skaitytaknyga.lt\/wp-content\/uploads\/2024\/04\/174704-116440699-640856890175350-3962167836302159711-n-e1606743282627.jpg\",\"contentUrl\":\"https:\/\/skaitytaknyga.lt\/wp-content\/uploads\/2024\/04\/174704-116440699-640856890175350-3962167836302159711-n-e1606743282627.jpg\",\"width\":418,\"height\":666,\"caption\":\"174704 116440699 640856890175350 3962167836302159711 n e1606743282627\"},{\"@type\":\"BreadcrumbList\",\"@id\":\"https:\/\/skaitytaknyga.lt\/produktas\/mark-thomas-gary-miles-peter-fisk-tobulas-generalinis\/#breadcrumb\",\"itemListElement\":[{\"@type\":\"ListItem\",\"position\":1,\"name\":\"Home\",\"item\":\"https:\/\/skaitytaknyga.lt\/\"},{\"@type\":\"ListItem\",\"position\":2,\"name\":\"Parduotuv\u0117\",\"item\":\"https:\/\/skaitytaknyga.lt\/knygu-parduotuve\/\"},{\"@type\":\"ListItem\",\"position\":3,\"name\":\"Mark Thomas, Gary Miles, Peter Fisk \u201eTobulas generalinis\u201c\"}]},{\"@type\":\"WebSite\",\"@id\":\"https:\/\/skaitytaknyga.lt\/#website\",\"url\":\"https:\/\/skaitytaknyga.lt\/\",\"name\":\"skaitytaknyga.lt\",\"description\":\"Skaitytaknyga.lt \u2013 tai ma\u017eas \u0161eimos verslas, kuris prasid\u0117jo nuo meil\u0117s knygoms ir siekio i\u0161gelb\u0117ti knygas nuo likimo prie konteinerio. Kas vienam nereikalingas daiktas \u2013 kitam lobis, o mes esame tarpininkai, kurie padeda abiems tapti laimingesniems ???? \u017dinome kaip nelengva i\u0161gyventi ma\u017eiems verslams, tad nuo \u0161iol, \u010dia rasite ir kit\u0173, ma\u017e\u0173 \u0161eim\u0173 versl\u0173, rank\u0173 darbo, dovan\u0173 sau ir artimiesiems.\",\"publisher\":{\"@id\":\"https:\/\/skaitytaknyga.lt\/#organization\"},\"potentialAction\":[{\"@type\":\"SearchAction\",\"target\":{\"@type\":\"EntryPoint\",\"urlTemplate\":\"https:\/\/skaitytaknyga.lt\/?s={search_term_string}\"},\"query-input\":{\"@type\":\"PropertyValueSpecification\",\"valueRequired\":true,\"valueName\":\"search_term_string\"}}],\"inLanguage\":\"en-GB\"},{\"@type\":\"Organization\",\"@id\":\"https:\/\/skaitytaknyga.lt\/#organization\",\"name\":\"skaitytaknyga.lt\",\"url\":\"https:\/\/skaitytaknyga.lt\/\",\"logo\":{\"@type\":\"ImageObject\",\"inLanguage\":\"en-GB\",\"@id\":\"https:\/\/skaitytaknyga.lt\/#\/schema\/logo\/image\/\",\"url\":\"https:\/\/skaitytaknyga.lt\/wp-content\/uploads\/2024\/05\/cropped-cropped-cropped-02_00843_jt3bggkj1j3HLc7SyY6rEUpg.jpeg\",\"contentUrl\":\"https:\/\/skaitytaknyga.lt\/wp-content\/uploads\/2024\/05\/cropped-cropped-cropped-02_00843_jt3bggkj1j3HLc7SyY6rEUpg.jpeg\",\"width\":1600,\"height\":1600,\"caption\":\"skaitytaknyga.lt\"},\"image\":{\"@id\":\"https:\/\/skaitytaknyga.lt\/#\/schema\/logo\/image\/\"},\"sameAs\":[\"https:\/\/www.facebook.com\/skaitytaknyga\/\"]}]}<\/script>\n<!-- \/ Yoast SEO plugin. -->","yoast_head_json":{"title":"Mark Thomas, Gary Miles, Peter Fisk \u201eTobulas generalinis\u201c","description":"\u0160i knyga\u00a0\"Tobulas generalinis\"- ne\u012fprastas verslo vadov\u0117lis, kuriame pripa\u017e\u012fstama, kad n\u0117ra trumpiausio kelio \u012f tobulyb\u0119. Specialusis ger\u0173 veiklos","robots":{"index":"index","follow":"follow","max-snippet":"max-snippet:-1","max-image-preview":"max-image-preview:large","max-video-preview":"max-video-preview:-1"},"canonical":"https:\/\/skaitytaknyga.lt\/en\/produktas\/mark-thomas-gary-miles-peter-fisk-tobulas-generalinis\/","og_locale":"en_GB","og_type":"article","og_title":"[:lt]Mark Thomas, Gary Miles, Peter Fisk \u201eTobulas generalinis\u201c[:] - Skaitytaknyga","og_description":"\u0160i knyga\u00a0\"Tobulas generalinis\"- ne\u012fprastas verslo vadov\u0117lis, kuriame pripa\u017e\u012fstama, kad n\u0117ra trumpiausio kelio \u012f tobulyb\u0119. Specialusis ger\u0173 veiklos","og_url":"https:\/\/skaitytaknyga.lt\/en\/produktas\/mark-thomas-gary-miles-peter-fisk-tobulas-generalinis\/","og_site_name":"Skaitytaknyga","article_publisher":"https:\/\/www.facebook.com\/skaitytaknyga\/","article_modified_time":"2025-11-17T15:02:06+00:00","og_image":[{"width":418,"height":666,"url":"https:\/\/skaitytaknyga.lt\/wp-content\/uploads\/2024\/04\/174704-116440699-640856890175350-3962167836302159711-n-e1606743282627.jpg","type":"image\/jpeg"}],"twitter_card":"summary_large_image","twitter_misc":{"Estimated reading time":"1 minute"},"schema":{"@context":"https:\/\/schema.org","@graph":[{"@type":"WebPage","@id":"https:\/\/skaitytaknyga.lt\/produktas\/mark-thomas-gary-miles-peter-fisk-tobulas-generalinis\/","url":"https:\/\/skaitytaknyga.lt\/produktas\/mark-thomas-gary-miles-peter-fisk-tobulas-generalinis\/","name":"Mark Thomas, Gary Miles, Peter Fisk \u201eTobulas generalinis\u201c","isPartOf":{"@id":"https:\/\/skaitytaknyga.lt\/#website"},"primaryImageOfPage":{"@id":"https:\/\/skaitytaknyga.lt\/produktas\/mark-thomas-gary-miles-peter-fisk-tobulas-generalinis\/#primaryimage"},"image":{"@id":"https:\/\/skaitytaknyga.lt\/produktas\/mark-thomas-gary-miles-peter-fisk-tobulas-generalinis\/#primaryimage"},"thumbnailUrl":"https:\/\/skaitytaknyga.lt\/wp-content\/uploads\/2024\/04\/174704-116440699-640856890175350-3962167836302159711-n-e1606743282627.jpg","datePublished":"2024-04-17T13:18:18+00:00","dateModified":"2025-11-17T15:02:06+00:00","description":"\u0160i knyga\u00a0\"Tobulas generalinis\"- ne\u012fprastas verslo vadov\u0117lis, kuriame pripa\u017e\u012fstama, kad n\u0117ra trumpiausio kelio \u012f tobulyb\u0119. Specialusis ger\u0173 veiklos","breadcrumb":{"@id":"https:\/\/skaitytaknyga.lt\/produktas\/mark-thomas-gary-miles-peter-fisk-tobulas-generalinis\/#breadcrumb"},"inLanguage":"en-GB","potentialAction":[{"@type":"ReadAction","target":["https:\/\/skaitytaknyga.lt\/produktas\/mark-thomas-gary-miles-peter-fisk-tobulas-generalinis\/"]}]},{"@type":"ImageObject","inLanguage":"en-GB","@id":"https:\/\/skaitytaknyga.lt\/produktas\/mark-thomas-gary-miles-peter-fisk-tobulas-generalinis\/#primaryimage","url":"https:\/\/skaitytaknyga.lt\/wp-content\/uploads\/2024\/04\/174704-116440699-640856890175350-3962167836302159711-n-e1606743282627.jpg","contentUrl":"https:\/\/skaitytaknyga.lt\/wp-content\/uploads\/2024\/04\/174704-116440699-640856890175350-3962167836302159711-n-e1606743282627.jpg","width":418,"height":666,"caption":"174704 116440699 640856890175350 3962167836302159711 n e1606743282627"},{"@type":"BreadcrumbList","@id":"https:\/\/skaitytaknyga.lt\/produktas\/mark-thomas-gary-miles-peter-fisk-tobulas-generalinis\/#breadcrumb","itemListElement":[{"@type":"ListItem","position":1,"name":"Home","item":"https:\/\/skaitytaknyga.lt\/"},{"@type":"ListItem","position":2,"name":"Parduotuv\u0117","item":"https:\/\/skaitytaknyga.lt\/knygu-parduotuve\/"},{"@type":"ListItem","position":3,"name":"Mark Thomas, Gary Miles, Peter Fisk \u201eTobulas generalinis\u201c"}]},{"@type":"WebSite","@id":"https:\/\/skaitytaknyga.lt\/#website","url":"https:\/\/skaitytaknyga.lt\/","name":"skaitytaknyga.lt","description":"Skaitytaknyga.lt \u2013 tai ma\u017eas \u0161eimos verslas, kuris prasid\u0117jo nuo meil\u0117s knygoms ir siekio i\u0161gelb\u0117ti knygas nuo likimo prie konteinerio. Kas vienam nereikalingas daiktas \u2013 kitam lobis, o mes esame tarpininkai, kurie padeda abiems tapti laimingesniems ???? \u017dinome kaip nelengva i\u0161gyventi ma\u017eiems verslams, tad nuo \u0161iol, \u010dia rasite ir kit\u0173, ma\u017e\u0173 \u0161eim\u0173 versl\u0173, rank\u0173 darbo, dovan\u0173 sau ir artimiesiems.","publisher":{"@id":"https:\/\/skaitytaknyga.lt\/#organization"},"potentialAction":[{"@type":"SearchAction","target":{"@type":"EntryPoint","urlTemplate":"https:\/\/skaitytaknyga.lt\/?s={search_term_string}"},"query-input":{"@type":"PropertyValueSpecification","valueRequired":true,"valueName":"search_term_string"}}],"inLanguage":"en-GB"},{"@type":"Organization","@id":"https:\/\/skaitytaknyga.lt\/#organization","name":"skaitytaknyga.lt","url":"https:\/\/skaitytaknyga.lt\/","logo":{"@type":"ImageObject","inLanguage":"en-GB","@id":"https:\/\/skaitytaknyga.lt\/#\/schema\/logo\/image\/","url":"https:\/\/skaitytaknyga.lt\/wp-content\/uploads\/2024\/05\/cropped-cropped-cropped-02_00843_jt3bggkj1j3HLc7SyY6rEUpg.jpeg","contentUrl":"https:\/\/skaitytaknyga.lt\/wp-content\/uploads\/2024\/05\/cropped-cropped-cropped-02_00843_jt3bggkj1j3HLc7SyY6rEUpg.jpeg","width":1600,"height":1600,"caption":"skaitytaknyga.lt"},"image":{"@id":"https:\/\/skaitytaknyga.lt\/#\/schema\/logo\/image\/"},"sameAs":["https:\/\/www.facebook.com\/skaitytaknyga\/"]}]}},"_links":{"self":[{"href":"https:\/\/skaitytaknyga.lt\/en\/wp-json\/wp\/v2\/product\/2846","targetHints":{"allow":["GET"]}}],"collection":[{"href":"https:\/\/skaitytaknyga.lt\/en\/wp-json\/wp\/v2\/product"}],"about":[{"href":"https:\/\/skaitytaknyga.lt\/en\/wp-json\/wp\/v2\/types\/product"}],"replies":[{"embeddable":true,"href":"https:\/\/skaitytaknyga.lt\/en\/wp-json\/wp\/v2\/comments?post=2846"}],"wp:featuredmedia":[{"embeddable":true,"href":"https:\/\/skaitytaknyga.lt\/en\/wp-json\/wp\/v2\/media\/2901"}],"wp:attachment":[{"href":"https:\/\/skaitytaknyga.lt\/en\/wp-json\/wp\/v2\/media?parent=2846"}],"wp:term":[{"taxonomy":"product_brand","embeddable":true,"href":"https:\/\/skaitytaknyga.lt\/en\/wp-json\/wp\/v2\/product_brand?post=2846"},{"taxonomy":"product_cat","embeddable":true,"href":"https:\/\/skaitytaknyga.lt\/en\/wp-json\/wp\/v2\/product_cat?post=2846"},{"taxonomy":"product_tag","embeddable":true,"href":"https:\/\/skaitytaknyga.lt\/en\/wp-json\/wp\/v2\/product_tag?post=2846"}],"curies":[{"name":"wp","href":"https:\/\/api.w.org\/{rel}","templated":true}]}}