{"id":2844,"date":"2024-04-17T13:18:18","date_gmt":"2024-04-17T13:18:18","guid":{"rendered":"https:\/\/skaitytaknyga.lt\/?post_type=product&#038;p=2844"},"modified":"2024-05-03T07:16:43","modified_gmt":"2024-05-03T07:16:43","slug":"sekmingos-derybos-astresnio-mastymo-ir-efektyvesnio-darbo-vadovas","status":"publish","type":"product","link":"https:\/\/skaitytaknyga.lt\/en\/produktas\/sekmingos-derybos-astresnio-mastymo-ir-efektyvesnio-darbo-vadovas\/","title":{"rendered":"S\u0117kmingos derybos: a\u0161tresnio m\u0105stymo ir efektyvesnio darbo vadovas"},"content":{"rendered":"<p>Derybos tiek su kolegomis, tiek su verslo partneriais, yra neatsiejama verslo dalis.<\/p>\n<p>\u0160ioje knygoje atskleid\u017eiama, kaip pl\u0117toti versl\u0105, sudarant strategines s\u0105jungas, ir i\u0161vengti deryb\u0173 stiliaus pinkli\u0173 bei nes\u0117kmi\u0173. Dauguma organizacij\u0173 nemoko savo darbuotoj\u0173 der\u0117tis, ta\u010diau tikisi, kad jie patys i\u0161moks \u0161io subtilaus ir sud\u0117tingo meno. Pasinaudodami D\u017eulijos Tipler sukauptomis \u017einiomis, jos \u012fvairiapuse patirtimi, i\u0161moksite bet kokiose derybose daryti didesn\u0119 \u012ftak\u0105 ir pasiekti abiems \u0161alims priimtino rezultato.<\/p>\n","protected":false},"excerpt":{"rendered":"<p>Derybos tiek su kolegomis, tiek su verslo partneriais, yra neatsiejama verslo dalis. \u0160ioje knygoje atskleid\u017eiama, kaip pl\u0117toti versl\u0105, sudarant strategines s\u0105jungas, ir i\u0161vengti deryb\u0173 stiliaus pinkli\u0173 bei nes\u0117kmi\u0173. Dauguma organizacij\u0173 nemoko savo darbuotoj\u0173 der\u0117tis, ta\u010diau tikisi, kad jie patys i\u0161moks \u0161io subtilaus ir sud\u0117tingo meno. Pasinaudodami D\u017eulijos Tipler sukauptomis \u017einiomis, jos \u012fvairiapuse patirtimi, i\u0161moksite bet kokiose derybose daryti didesn\u0119 \u012ftak\u0105 ir pasiekti abiems \u0161alims priimtino rezultato.<\/p>\n","protected":false},"featured_media":2889,"comment_status":"closed","ping_status":"closed","template":"","meta":{"_acf_changed":false,"site-sidebar-layout":"default","site-content-layout":"","ast-site-content-layout":"default","site-content-style":"default","site-sidebar-style":"default","ast-global-header-display":"","ast-banner-title-visibility":"","ast-main-header-display":"","ast-hfb-above-header-display":"","ast-hfb-below-header-display":"","ast-hfb-mobile-header-display":"","site-post-title":"","ast-breadcrumbs-content":"","ast-featured-img":"","footer-sml-layout":"","ast-disable-related-posts":"","theme-transparent-header-meta":"","adv-header-id-meta":"","stick-header-meta":"","header-above-stick-meta":"","header-main-stick-meta":"","header-below-stick-meta":"","astra-migrate-meta-layouts":"default","ast-page-background-enabled":"default","ast-page-background-meta":{"desktop":{"background-color":"","background-image":"","background-repeat":"repeat","background-position":"center center","background-size":"auto","background-attachment":"scroll","background-type":"","background-media":"","overlay-type":"","overlay-color":"","overlay-opacity":"","overlay-gradient":""},"tablet":{"background-color":"","background-image":"","background-repeat":"repeat","background-position":"center center","background-size":"auto","background-attachment":"scroll","background-type":"","background-media":"","overlay-type":"","overlay-color":"","overlay-opacity":"","overlay-gradient":""},"mobile":{"background-color":"","background-image":"","background-repeat":"repeat","background-position":"center center","background-size":"auto","background-attachment":"scroll","background-type":"","background-media":"","overlay-type":"","overlay-color":"","overlay-opacity":"","overlay-gradient":""}},"ast-content-background-meta":{"desktop":{"background-color":"var(--ast-global-color-4)","background-image":"","background-repeat":"repeat","background-position":"center center","background-size":"auto","background-attachment":"scroll","background-type":"","background-media":"","overlay-type":"","overlay-color":"","overlay-opacity":"","overlay-gradient":""},"tablet":{"background-color":"var(--ast-global-color-4)","background-image":"","background-repeat":"repeat","background-position":"center center","background-size":"auto","background-attachment":"scroll","background-type":"","background-media":"","overlay-type":"","overlay-color":"","overlay-opacity":"","overlay-gradient":""},"mobile":{"background-color":"var(--ast-global-color-4)","background-image":"","background-repeat":"repeat","background-position":"center center","background-size":"auto","background-attachment":"scroll","background-type":"","background-media":"","overlay-type":"","overlay-color":"","overlay-opacity":"","overlay-gradient":""}}},"product_brand":[],"product_cat":[26],"product_tag":[],"class_list":{"0":"post-2844","1":"product","2":"type-product","3":"status-publish","4":"has-post-thumbnail","6":"product_cat-verslas-vadyba-ir-finansai","7":"desktop-align-left","8":"tablet-align-left","9":"mobile-align-left","11":"first","12":"outofstock","13":"shipping-taxable","14":"purchasable","15":"product-type-simple"},"acf":[],"yoast_head":"<!-- This site is optimized with the Yoast SEO plugin v27.0 - https:\/\/yoast.com\/product\/yoast-seo-wordpress\/ -->\n<title>S\u0117kmingos derybos: a\u0161tresnio m\u0105stymo ir efektyvesnio darbo vadovas - Skaitytaknyga<\/title>\n<meta name=\"description\" content=\"Derybos tiek su kolegomis, tiek su verslo partneriais, yra neatsiejama verslo dalis. \u0160ioje knygoje atskleid\u017eiama, kaip pl\u0117toti versl\u0105, sudarant\" \/>\n<meta name=\"robots\" content=\"index, follow, max-snippet:-1, max-image-preview:large, max-video-preview:-1\" \/>\n<link rel=\"canonical\" href=\"https:\/\/skaitytaknyga.lt\/en\/produktas\/sekmingos-derybos-astresnio-mastymo-ir-efektyvesnio-darbo-vadovas\/\" \/>\n<meta property=\"og:locale\" content=\"en_GB\" \/>\n<meta property=\"og:locale:alternate\" content=\"lt_LT\" \/>\n<meta property=\"og:type\" content=\"article\" \/>\n<meta property=\"og:title\" content=\"S\u0117kmingos derybos: a\u0161tresnio m\u0105stymo ir efektyvesnio darbo vadovas - Skaitytaknyga\" \/>\n<meta property=\"og:description\" content=\"Derybos tiek su kolegomis, tiek su verslo partneriais, yra neatsiejama verslo dalis. \u0160ioje knygoje atskleid\u017eiama, kaip pl\u0117toti versl\u0105, sudarant\" \/>\n<meta property=\"og:url\" content=\"https:\/\/skaitytaknyga.lt\/en\/produktas\/sekmingos-derybos-astresnio-mastymo-ir-efektyvesnio-darbo-vadovas\/\" \/>\n<meta property=\"og:site_name\" content=\"Skaitytaknyga\" \/>\n<meta property=\"article:publisher\" content=\"https:\/\/www.facebook.com\/skaitytaknyga\/\" \/>\n<meta property=\"article:modified_time\" content=\"2024-05-03T07:16:43+00:00\" \/>\n<meta property=\"og:image\" content=\"https:\/\/skaitytaknyga.lt\/wp-content\/uploads\/2024\/04\/scan-11-01-2019-0943.jpg\" \/>\n\t<meta property=\"og:image:width\" content=\"304\" \/>\n\t<meta property=\"og:image:height\" content=\"430\" \/>\n\t<meta property=\"og:image:type\" content=\"image\/jpeg\" \/>\n<meta name=\"twitter:card\" content=\"summary_large_image\" \/>\n<script type=\"application\/ld+json\" class=\"yoast-schema-graph\">{\"@context\":\"https:\/\/schema.org\",\"@graph\":[{\"@type\":\"WebPage\",\"@id\":\"https:\/\/skaitytaknyga.lt\/produktas\/sekmingos-derybos-astresnio-mastymo-ir-efektyvesnio-darbo-vadovas\/\",\"url\":\"https:\/\/skaitytaknyga.lt\/produktas\/sekmingos-derybos-astresnio-mastymo-ir-efektyvesnio-darbo-vadovas\/\",\"name\":\"S\u0117kmingos derybos: a\u0161tresnio m\u0105stymo ir efektyvesnio darbo vadovas - Skaitytaknyga\",\"isPartOf\":{\"@id\":\"https:\/\/skaitytaknyga.lt\/#website\"},\"primaryImageOfPage\":{\"@id\":\"https:\/\/skaitytaknyga.lt\/produktas\/sekmingos-derybos-astresnio-mastymo-ir-efektyvesnio-darbo-vadovas\/#primaryimage\"},\"image\":{\"@id\":\"https:\/\/skaitytaknyga.lt\/produktas\/sekmingos-derybos-astresnio-mastymo-ir-efektyvesnio-darbo-vadovas\/#primaryimage\"},\"thumbnailUrl\":\"https:\/\/skaitytaknyga.lt\/wp-content\/uploads\/2024\/04\/scan-11-01-2019-0943.jpg\",\"datePublished\":\"2024-04-17T13:18:18+00:00\",\"dateModified\":\"2024-05-03T07:16:43+00:00\",\"description\":\"Derybos tiek su kolegomis, tiek su verslo partneriais, yra neatsiejama verslo dalis. \u0160ioje knygoje atskleid\u017eiama, kaip pl\u0117toti versl\u0105, sudarant\",\"breadcrumb\":{\"@id\":\"https:\/\/skaitytaknyga.lt\/produktas\/sekmingos-derybos-astresnio-mastymo-ir-efektyvesnio-darbo-vadovas\/#breadcrumb\"},\"inLanguage\":\"en-GB\",\"potentialAction\":[{\"@type\":\"ReadAction\",\"target\":[\"https:\/\/skaitytaknyga.lt\/produktas\/sekmingos-derybos-astresnio-mastymo-ir-efektyvesnio-darbo-vadovas\/\"]}]},{\"@type\":\"ImageObject\",\"inLanguage\":\"en-GB\",\"@id\":\"https:\/\/skaitytaknyga.lt\/produktas\/sekmingos-derybos-astresnio-mastymo-ir-efektyvesnio-darbo-vadovas\/#primaryimage\",\"url\":\"https:\/\/skaitytaknyga.lt\/wp-content\/uploads\/2024\/04\/scan-11-01-2019-0943.jpg\",\"contentUrl\":\"https:\/\/skaitytaknyga.lt\/wp-content\/uploads\/2024\/04\/scan-11-01-2019-0943.jpg\",\"width\":304,\"height\":430,\"caption\":\"scan 11 01 2019 0943\"},{\"@type\":\"BreadcrumbList\",\"@id\":\"https:\/\/skaitytaknyga.lt\/produktas\/sekmingos-derybos-astresnio-mastymo-ir-efektyvesnio-darbo-vadovas\/#breadcrumb\",\"itemListElement\":[{\"@type\":\"ListItem\",\"position\":1,\"name\":\"Home\",\"item\":\"https:\/\/skaitytaknyga.lt\/\"},{\"@type\":\"ListItem\",\"position\":2,\"name\":\"Parduotuv\u0117\",\"item\":\"https:\/\/skaitytaknyga.lt\/knygu-parduotuve\/\"},{\"@type\":\"ListItem\",\"position\":3,\"name\":\"S\u0117kmingos derybos: a\u0161tresnio m\u0105stymo ir efektyvesnio darbo vadovas\"}]},{\"@type\":\"WebSite\",\"@id\":\"https:\/\/skaitytaknyga.lt\/#website\",\"url\":\"https:\/\/skaitytaknyga.lt\/\",\"name\":\"skaitytaknyga.lt\",\"description\":\"Skaitytaknyga.lt \u2013 tai ma\u017eas \u0161eimos verslas, kuris prasid\u0117jo nuo meil\u0117s knygoms ir siekio i\u0161gelb\u0117ti knygas nuo likimo prie konteinerio. Kas vienam nereikalingas daiktas \u2013 kitam lobis, o mes esame tarpininkai, kurie padeda abiems tapti laimingesniems ???? \u017dinome kaip nelengva i\u0161gyventi ma\u017eiems verslams, tad nuo \u0161iol, \u010dia rasite ir kit\u0173, ma\u017e\u0173 \u0161eim\u0173 versl\u0173, rank\u0173 darbo, dovan\u0173 sau ir artimiesiems.\",\"publisher\":{\"@id\":\"https:\/\/skaitytaknyga.lt\/#organization\"},\"potentialAction\":[{\"@type\":\"SearchAction\",\"target\":{\"@type\":\"EntryPoint\",\"urlTemplate\":\"https:\/\/skaitytaknyga.lt\/?s={search_term_string}\"},\"query-input\":{\"@type\":\"PropertyValueSpecification\",\"valueRequired\":true,\"valueName\":\"search_term_string\"}}],\"inLanguage\":\"en-GB\"},{\"@type\":\"Organization\",\"@id\":\"https:\/\/skaitytaknyga.lt\/#organization\",\"name\":\"skaitytaknyga.lt\",\"url\":\"https:\/\/skaitytaknyga.lt\/\",\"logo\":{\"@type\":\"ImageObject\",\"inLanguage\":\"en-GB\",\"@id\":\"https:\/\/skaitytaknyga.lt\/#\/schema\/logo\/image\/\",\"url\":\"https:\/\/skaitytaknyga.lt\/wp-content\/uploads\/2024\/05\/cropped-cropped-cropped-02_00843_jt3bggkj1j3HLc7SyY6rEUpg.jpeg\",\"contentUrl\":\"https:\/\/skaitytaknyga.lt\/wp-content\/uploads\/2024\/05\/cropped-cropped-cropped-02_00843_jt3bggkj1j3HLc7SyY6rEUpg.jpeg\",\"width\":1600,\"height\":1600,\"caption\":\"skaitytaknyga.lt\"},\"image\":{\"@id\":\"https:\/\/skaitytaknyga.lt\/#\/schema\/logo\/image\/\"},\"sameAs\":[\"https:\/\/www.facebook.com\/skaitytaknyga\/\"]}]}<\/script>\n<!-- \/ Yoast SEO plugin. -->","yoast_head_json":{"title":"S\u0117kmingos derybos: a\u0161tresnio m\u0105stymo ir efektyvesnio darbo vadovas - Skaitytaknyga","description":"Derybos tiek su kolegomis, tiek su verslo partneriais, yra neatsiejama verslo dalis. \u0160ioje knygoje atskleid\u017eiama, kaip pl\u0117toti versl\u0105, sudarant","robots":{"index":"index","follow":"follow","max-snippet":"max-snippet:-1","max-image-preview":"max-image-preview:large","max-video-preview":"max-video-preview:-1"},"canonical":"https:\/\/skaitytaknyga.lt\/en\/produktas\/sekmingos-derybos-astresnio-mastymo-ir-efektyvesnio-darbo-vadovas\/","og_locale":"en_GB","og_type":"article","og_title":"S\u0117kmingos derybos: a\u0161tresnio m\u0105stymo ir efektyvesnio darbo vadovas - Skaitytaknyga","og_description":"Derybos tiek su kolegomis, tiek su verslo partneriais, yra neatsiejama verslo dalis. \u0160ioje knygoje atskleid\u017eiama, kaip pl\u0117toti versl\u0105, sudarant","og_url":"https:\/\/skaitytaknyga.lt\/en\/produktas\/sekmingos-derybos-astresnio-mastymo-ir-efektyvesnio-darbo-vadovas\/","og_site_name":"Skaitytaknyga","article_publisher":"https:\/\/www.facebook.com\/skaitytaknyga\/","article_modified_time":"2024-05-03T07:16:43+00:00","og_image":[{"width":304,"height":430,"url":"https:\/\/skaitytaknyga.lt\/wp-content\/uploads\/2024\/04\/scan-11-01-2019-0943.jpg","type":"image\/jpeg"}],"twitter_card":"summary_large_image","schema":{"@context":"https:\/\/schema.org","@graph":[{"@type":"WebPage","@id":"https:\/\/skaitytaknyga.lt\/produktas\/sekmingos-derybos-astresnio-mastymo-ir-efektyvesnio-darbo-vadovas\/","url":"https:\/\/skaitytaknyga.lt\/produktas\/sekmingos-derybos-astresnio-mastymo-ir-efektyvesnio-darbo-vadovas\/","name":"S\u0117kmingos derybos: a\u0161tresnio m\u0105stymo ir efektyvesnio darbo vadovas - Skaitytaknyga","isPartOf":{"@id":"https:\/\/skaitytaknyga.lt\/#website"},"primaryImageOfPage":{"@id":"https:\/\/skaitytaknyga.lt\/produktas\/sekmingos-derybos-astresnio-mastymo-ir-efektyvesnio-darbo-vadovas\/#primaryimage"},"image":{"@id":"https:\/\/skaitytaknyga.lt\/produktas\/sekmingos-derybos-astresnio-mastymo-ir-efektyvesnio-darbo-vadovas\/#primaryimage"},"thumbnailUrl":"https:\/\/skaitytaknyga.lt\/wp-content\/uploads\/2024\/04\/scan-11-01-2019-0943.jpg","datePublished":"2024-04-17T13:18:18+00:00","dateModified":"2024-05-03T07:16:43+00:00","description":"Derybos tiek su kolegomis, tiek su verslo partneriais, yra neatsiejama verslo dalis. \u0160ioje knygoje atskleid\u017eiama, kaip pl\u0117toti versl\u0105, sudarant","breadcrumb":{"@id":"https:\/\/skaitytaknyga.lt\/produktas\/sekmingos-derybos-astresnio-mastymo-ir-efektyvesnio-darbo-vadovas\/#breadcrumb"},"inLanguage":"en-GB","potentialAction":[{"@type":"ReadAction","target":["https:\/\/skaitytaknyga.lt\/produktas\/sekmingos-derybos-astresnio-mastymo-ir-efektyvesnio-darbo-vadovas\/"]}]},{"@type":"ImageObject","inLanguage":"en-GB","@id":"https:\/\/skaitytaknyga.lt\/produktas\/sekmingos-derybos-astresnio-mastymo-ir-efektyvesnio-darbo-vadovas\/#primaryimage","url":"https:\/\/skaitytaknyga.lt\/wp-content\/uploads\/2024\/04\/scan-11-01-2019-0943.jpg","contentUrl":"https:\/\/skaitytaknyga.lt\/wp-content\/uploads\/2024\/04\/scan-11-01-2019-0943.jpg","width":304,"height":430,"caption":"scan 11 01 2019 0943"},{"@type":"BreadcrumbList","@id":"https:\/\/skaitytaknyga.lt\/produktas\/sekmingos-derybos-astresnio-mastymo-ir-efektyvesnio-darbo-vadovas\/#breadcrumb","itemListElement":[{"@type":"ListItem","position":1,"name":"Home","item":"https:\/\/skaitytaknyga.lt\/"},{"@type":"ListItem","position":2,"name":"Parduotuv\u0117","item":"https:\/\/skaitytaknyga.lt\/knygu-parduotuve\/"},{"@type":"ListItem","position":3,"name":"S\u0117kmingos derybos: a\u0161tresnio m\u0105stymo ir efektyvesnio darbo vadovas"}]},{"@type":"WebSite","@id":"https:\/\/skaitytaknyga.lt\/#website","url":"https:\/\/skaitytaknyga.lt\/","name":"skaitytaknyga.lt","description":"Skaitytaknyga.lt \u2013 tai ma\u017eas \u0161eimos verslas, kuris prasid\u0117jo nuo meil\u0117s knygoms ir siekio i\u0161gelb\u0117ti knygas nuo likimo prie konteinerio. Kas vienam nereikalingas daiktas \u2013 kitam lobis, o mes esame tarpininkai, kurie padeda abiems tapti laimingesniems ???? \u017dinome kaip nelengva i\u0161gyventi ma\u017eiems verslams, tad nuo \u0161iol, \u010dia rasite ir kit\u0173, ma\u017e\u0173 \u0161eim\u0173 versl\u0173, rank\u0173 darbo, dovan\u0173 sau ir artimiesiems.","publisher":{"@id":"https:\/\/skaitytaknyga.lt\/#organization"},"potentialAction":[{"@type":"SearchAction","target":{"@type":"EntryPoint","urlTemplate":"https:\/\/skaitytaknyga.lt\/?s={search_term_string}"},"query-input":{"@type":"PropertyValueSpecification","valueRequired":true,"valueName":"search_term_string"}}],"inLanguage":"en-GB"},{"@type":"Organization","@id":"https:\/\/skaitytaknyga.lt\/#organization","name":"skaitytaknyga.lt","url":"https:\/\/skaitytaknyga.lt\/","logo":{"@type":"ImageObject","inLanguage":"en-GB","@id":"https:\/\/skaitytaknyga.lt\/#\/schema\/logo\/image\/","url":"https:\/\/skaitytaknyga.lt\/wp-content\/uploads\/2024\/05\/cropped-cropped-cropped-02_00843_jt3bggkj1j3HLc7SyY6rEUpg.jpeg","contentUrl":"https:\/\/skaitytaknyga.lt\/wp-content\/uploads\/2024\/05\/cropped-cropped-cropped-02_00843_jt3bggkj1j3HLc7SyY6rEUpg.jpeg","width":1600,"height":1600,"caption":"skaitytaknyga.lt"},"image":{"@id":"https:\/\/skaitytaknyga.lt\/#\/schema\/logo\/image\/"},"sameAs":["https:\/\/www.facebook.com\/skaitytaknyga\/"]}]}},"_links":{"self":[{"href":"https:\/\/skaitytaknyga.lt\/en\/wp-json\/wp\/v2\/product\/2844","targetHints":{"allow":["GET"]}}],"collection":[{"href":"https:\/\/skaitytaknyga.lt\/en\/wp-json\/wp\/v2\/product"}],"about":[{"href":"https:\/\/skaitytaknyga.lt\/en\/wp-json\/wp\/v2\/types\/product"}],"replies":[{"embeddable":true,"href":"https:\/\/skaitytaknyga.lt\/en\/wp-json\/wp\/v2\/comments?post=2844"}],"wp:featuredmedia":[{"embeddable":true,"href":"https:\/\/skaitytaknyga.lt\/en\/wp-json\/wp\/v2\/media\/2889"}],"wp:attachment":[{"href":"https:\/\/skaitytaknyga.lt\/en\/wp-json\/wp\/v2\/media?parent=2844"}],"wp:term":[{"taxonomy":"product_brand","embeddable":true,"href":"https:\/\/skaitytaknyga.lt\/en\/wp-json\/wp\/v2\/product_brand?post=2844"},{"taxonomy":"product_cat","embeddable":true,"href":"https:\/\/skaitytaknyga.lt\/en\/wp-json\/wp\/v2\/product_cat?post=2844"},{"taxonomy":"product_tag","embeddable":true,"href":"https:\/\/skaitytaknyga.lt\/en\/wp-json\/wp\/v2\/product_tag?post=2844"}],"curies":[{"name":"wp","href":"https:\/\/api.w.org\/{rel}","templated":true}]}}