{"id":2836,"date":"2024-04-17T13:18:17","date_gmt":"2024-04-17T13:18:17","guid":{"rendered":"https:\/\/skaitytaknyga.lt\/?post_type=product&#038;p=2836"},"modified":"2024-05-03T07:16:37","modified_gmt":"2024-05-03T07:16:37","slug":"pablo-cardona-carlos-rey-misijomis-paremta-vadyba","status":"publish","type":"product","link":"https:\/\/skaitytaknyga.lt\/en\/produktas\/pablo-cardona-carlos-rey-misijomis-paremta-vadyba\/","title":{"rendered":"Pablo Cardona, Carlos Rey \u201eMisijomis paremta vadyba\u201c"},"content":{"rendered":"<p>Misijomis paremta vadyba \u2013 tai visi\u0161kai naujo pob\u016bd\u017eio parankin\u0117 knyga vadovams ir ne tik jiems. Tai atsakymas \u012f klausim\u0105, kod\u0117l \u017elunga geros id\u0117jos, nes darbuotojai nelaiko savo \u012fmon\u0117s misijos asmenine misija. Knyga praturtins kiekvien\u0105, besidomint\u012f \u0161ia tema, konkre\u010diais \u017einom\u0173 u\u017esienio kompanij\u0173, \u012fdiegusi\u0173 misij\u0173 vadyb\u0105, pavyzd\u017eiais.<\/p>\n<p>Daugelyje vadybos knyg\u0173 dalijamasi patirtimi, kaip organizacijoms pavyko s\u0117kmingai ar nes\u0117kmingai \u012fgyvendinti u\u017esibr\u0117\u017etus tikslus. Nedaug yra vadybos knyg\u0173, kur strukt\u016bri\u0161kai b\u016bt\u0173 nagrin\u0117jama organizacijos paskirtis (o ne tikslas!).<\/p>\n<p>Knygoje \u201eMisijomis paremta vadyba\u201c nagrin\u0117jama i\u0161skirtinai organizacijos paskirties svarba ir jos \u012ftaka veiklos rezultatams, taip primenant vadovams ir darbuotojams u\u017emir\u0161t\u0105 lob\u012f.<\/p>\n","protected":false},"excerpt":{"rendered":"<p>Misijomis paremta vadyba \u2013 tai visi\u0161kai naujo pob\u016bd\u017eio parankin\u0117 knyga vadovams ir ne tik jiems. Tai atsakymas \u012f klausim\u0105, kod\u0117l \u017elunga geros id\u0117jos, nes darbuotojai nelaiko savo \u012fmon\u0117s misijos asmenine misija. Knyga praturtins kiekvien\u0105, besidomint\u012f \u0161ia tema, konkre\u010diais \u017einom\u0173 u\u017esienio kompanij\u0173, \u012fdiegusi\u0173 misij\u0173 vadyb\u0105, pavyzd\u017eiais. Daugelyje vadybos knyg\u0173 dalijamasi patirtimi, kaip organizacijoms pavyko s\u0117kmingai ar nes\u0117kmingai \u012fgyvendinti u\u017esibr\u0117\u017etus tikslus. Nedaug yra vadybos knyg\u0173, kur strukt\u016bri\u0161kai b\u016bt\u0173 nagrin\u0117jama organizacijos paskirtis (o ne tikslas!). Knygoje \u201eMisijomis paremta vadyba\u201c nagrin\u0117jama i\u0161skirtinai organizacijos paskirties svarba ir jos \u012ftaka veiklos rezultatams, taip primenant vadovams ir darbuotojams u\u017emir\u0161t\u0105 lob\u012f.<\/p>\n","protected":false},"featured_media":2881,"comment_status":"closed","ping_status":"closed","template":"","meta":{"_acf_changed":false,"site-sidebar-layout":"default","site-content-layout":"","ast-site-content-layout":"default","site-content-style":"default","site-sidebar-style":"default","ast-global-header-display":"","ast-banner-title-visibility":"","ast-main-header-display":"","ast-hfb-above-header-display":"","ast-hfb-below-header-display":"","ast-hfb-mobile-header-display":"","site-post-title":"","ast-breadcrumbs-content":"","ast-featured-img":"","footer-sml-layout":"","ast-disable-related-posts":"","theme-transparent-header-meta":"","adv-header-id-meta":"","stick-header-meta":"","header-above-stick-meta":"","header-main-stick-meta":"","header-below-stick-meta":"","astra-migrate-meta-layouts":"default","ast-page-background-enabled":"default","ast-page-background-meta":{"desktop":{"background-color":"","background-image":"","background-repeat":"repeat","background-position":"center center","background-size":"auto","background-attachment":"scroll","background-type":"","background-media":"","overlay-type":"","overlay-color":"","overlay-opacity":"","overlay-gradient":""},"tablet":{"background-color":"","background-image":"","background-repeat":"repeat","background-position":"center center","background-size":"auto","background-attachment":"scroll","background-type":"","background-media":"","overlay-type":"","overlay-color":"","overlay-opacity":"","overlay-gradient":""},"mobile":{"background-color":"","background-image":"","background-repeat":"repeat","background-position":"center center","background-size":"auto","background-attachment":"scroll","background-type":"","background-media":"","overlay-type":"","overlay-color":"","overlay-opacity":"","overlay-gradient":""}},"ast-content-background-meta":{"desktop":{"background-color":"var(--ast-global-color-4)","background-image":"","background-repeat":"repeat","background-position":"center center","background-size":"auto","background-attachment":"scroll","background-type":"","background-media":"","overlay-type":"","overlay-color":"","overlay-opacity":"","overlay-gradient":""},"tablet":{"background-color":"var(--ast-global-color-4)","background-image":"","background-repeat":"repeat","background-position":"center center","background-size":"auto","background-attachment":"scroll","background-type":"","background-media":"","overlay-type":"","overlay-color":"","overlay-opacity":"","overlay-gradient":""},"mobile":{"background-color":"var(--ast-global-color-4)","background-image":"","background-repeat":"repeat","background-position":"center center","background-size":"auto","background-attachment":"scroll","background-type":"","background-media":"","overlay-type":"","overlay-color":"","overlay-opacity":"","overlay-gradient":""}}},"product_brand":[],"product_cat":[26],"product_tag":[],"class_list":{"0":"post-2836","1":"product","2":"type-product","3":"status-publish","4":"has-post-thumbnail","6":"product_cat-verslas-vadyba-ir-finansai","7":"desktop-align-left","8":"tablet-align-left","9":"mobile-align-left","11":"first","12":"instock","13":"shipping-taxable","14":"purchasable","15":"product-type-simple"},"acf":[],"yoast_head":"<!-- This site is optimized with the Yoast SEO plugin v27.0 - https:\/\/yoast.com\/product\/yoast-seo-wordpress\/ -->\n<title>Pablo Cardona, Carlos Rey \u201eMisijomis paremta vadyba\u201c - Skaitytaknyga<\/title>\n<meta name=\"description\" content=\"Misijomis paremta vadyba \u2013 tai visi\u0161kai naujo pob\u016bd\u017eio parankin\u0117 knyga vadovams ir ne tik jiems. Tai atsakymas \u012f klausim\u0105, kod\u0117l \u017elunga geros id\u0117jos, nes\" \/>\n<meta name=\"robots\" content=\"index, follow, max-snippet:-1, max-image-preview:large, max-video-preview:-1\" \/>\n<link rel=\"canonical\" href=\"https:\/\/skaitytaknyga.lt\/en\/produktas\/pablo-cardona-carlos-rey-misijomis-paremta-vadyba\/\" \/>\n<meta property=\"og:locale\" content=\"en_GB\" \/>\n<meta property=\"og:locale:alternate\" content=\"lt_LT\" \/>\n<meta property=\"og:type\" content=\"article\" \/>\n<meta property=\"og:title\" content=\"Pablo Cardona, Carlos Rey \u201eMisijomis paremta vadyba\u201c - Skaitytaknyga\" \/>\n<meta property=\"og:description\" content=\"Misijomis paremta vadyba \u2013 tai visi\u0161kai naujo pob\u016bd\u017eio parankin\u0117 knyga vadovams ir ne tik jiems. Tai atsakymas \u012f klausim\u0105, kod\u0117l \u017elunga geros id\u0117jos, nes\" \/>\n<meta property=\"og:url\" content=\"https:\/\/skaitytaknyga.lt\/en\/produktas\/pablo-cardona-carlos-rey-misijomis-paremta-vadyba\/\" \/>\n<meta property=\"og:site_name\" content=\"Skaitytaknyga\" \/>\n<meta property=\"article:publisher\" content=\"https:\/\/www.facebook.com\/skaitytaknyga\/\" \/>\n<meta property=\"article:modified_time\" content=\"2024-05-03T07:16:37+00:00\" \/>\n<meta property=\"og:image\" content=\"https:\/\/skaitytaknyga.lt\/wp-content\/uploads\/2024\/04\/1462883298_img0002.jpg\" \/>\n\t<meta property=\"og:image:width\" content=\"283\" \/>\n\t<meta property=\"og:image:height\" content=\"430\" \/>\n\t<meta property=\"og:image:type\" content=\"image\/jpeg\" \/>\n<meta name=\"twitter:card\" content=\"summary_large_image\" \/>\n<meta name=\"twitter:label1\" content=\"Estimated reading time\" \/>\n\t<meta name=\"twitter:data1\" content=\"1 minute\" \/>\n<script type=\"application\/ld+json\" class=\"yoast-schema-graph\">{\"@context\":\"https:\/\/schema.org\",\"@graph\":[{\"@type\":\"WebPage\",\"@id\":\"https:\/\/skaitytaknyga.lt\/produktas\/pablo-cardona-carlos-rey-misijomis-paremta-vadyba\/\",\"url\":\"https:\/\/skaitytaknyga.lt\/produktas\/pablo-cardona-carlos-rey-misijomis-paremta-vadyba\/\",\"name\":\"Pablo Cardona, Carlos Rey \u201eMisijomis paremta vadyba\u201c - Skaitytaknyga\",\"isPartOf\":{\"@id\":\"https:\/\/skaitytaknyga.lt\/#website\"},\"primaryImageOfPage\":{\"@id\":\"https:\/\/skaitytaknyga.lt\/produktas\/pablo-cardona-carlos-rey-misijomis-paremta-vadyba\/#primaryimage\"},\"image\":{\"@id\":\"https:\/\/skaitytaknyga.lt\/produktas\/pablo-cardona-carlos-rey-misijomis-paremta-vadyba\/#primaryimage\"},\"thumbnailUrl\":\"https:\/\/skaitytaknyga.lt\/wp-content\/uploads\/2024\/04\/1462883298_img0002.jpg\",\"datePublished\":\"2024-04-17T13:18:17+00:00\",\"dateModified\":\"2024-05-03T07:16:37+00:00\",\"description\":\"Misijomis paremta vadyba \u2013 tai visi\u0161kai naujo pob\u016bd\u017eio parankin\u0117 knyga vadovams ir ne tik jiems. Tai atsakymas \u012f klausim\u0105, kod\u0117l \u017elunga geros id\u0117jos, nes\",\"breadcrumb\":{\"@id\":\"https:\/\/skaitytaknyga.lt\/produktas\/pablo-cardona-carlos-rey-misijomis-paremta-vadyba\/#breadcrumb\"},\"inLanguage\":\"en-GB\",\"potentialAction\":[{\"@type\":\"ReadAction\",\"target\":[\"https:\/\/skaitytaknyga.lt\/produktas\/pablo-cardona-carlos-rey-misijomis-paremta-vadyba\/\"]}]},{\"@type\":\"ImageObject\",\"inLanguage\":\"en-GB\",\"@id\":\"https:\/\/skaitytaknyga.lt\/produktas\/pablo-cardona-carlos-rey-misijomis-paremta-vadyba\/#primaryimage\",\"url\":\"https:\/\/skaitytaknyga.lt\/wp-content\/uploads\/2024\/04\/1462883298_img0002.jpg\",\"contentUrl\":\"https:\/\/skaitytaknyga.lt\/wp-content\/uploads\/2024\/04\/1462883298_img0002.jpg\",\"width\":283,\"height\":430,\"caption\":\"1462883298 img0002\"},{\"@type\":\"BreadcrumbList\",\"@id\":\"https:\/\/skaitytaknyga.lt\/produktas\/pablo-cardona-carlos-rey-misijomis-paremta-vadyba\/#breadcrumb\",\"itemListElement\":[{\"@type\":\"ListItem\",\"position\":1,\"name\":\"Home\",\"item\":\"https:\/\/skaitytaknyga.lt\/\"},{\"@type\":\"ListItem\",\"position\":2,\"name\":\"Parduotuv\u0117\",\"item\":\"https:\/\/skaitytaknyga.lt\/knygu-parduotuve\/\"},{\"@type\":\"ListItem\",\"position\":3,\"name\":\"Pablo Cardona, Carlos Rey \u201eMisijomis paremta vadyba\u201c\"}]},{\"@type\":\"WebSite\",\"@id\":\"https:\/\/skaitytaknyga.lt\/#website\",\"url\":\"https:\/\/skaitytaknyga.lt\/\",\"name\":\"skaitytaknyga.lt\",\"description\":\"Skaitytaknyga.lt \u2013 tai ma\u017eas \u0161eimos verslas, kuris prasid\u0117jo nuo meil\u0117s knygoms ir siekio i\u0161gelb\u0117ti knygas nuo likimo prie konteinerio. Kas vienam nereikalingas daiktas \u2013 kitam lobis, o mes esame tarpininkai, kurie padeda abiems tapti laimingesniems ???? \u017dinome kaip nelengva i\u0161gyventi ma\u017eiems verslams, tad nuo \u0161iol, \u010dia rasite ir kit\u0173, ma\u017e\u0173 \u0161eim\u0173 versl\u0173, rank\u0173 darbo, dovan\u0173 sau ir artimiesiems.\",\"publisher\":{\"@id\":\"https:\/\/skaitytaknyga.lt\/#organization\"},\"potentialAction\":[{\"@type\":\"SearchAction\",\"target\":{\"@type\":\"EntryPoint\",\"urlTemplate\":\"https:\/\/skaitytaknyga.lt\/?s={search_term_string}\"},\"query-input\":{\"@type\":\"PropertyValueSpecification\",\"valueRequired\":true,\"valueName\":\"search_term_string\"}}],\"inLanguage\":\"en-GB\"},{\"@type\":\"Organization\",\"@id\":\"https:\/\/skaitytaknyga.lt\/#organization\",\"name\":\"skaitytaknyga.lt\",\"url\":\"https:\/\/skaitytaknyga.lt\/\",\"logo\":{\"@type\":\"ImageObject\",\"inLanguage\":\"en-GB\",\"@id\":\"https:\/\/skaitytaknyga.lt\/#\/schema\/logo\/image\/\",\"url\":\"https:\/\/skaitytaknyga.lt\/wp-content\/uploads\/2024\/05\/cropped-cropped-cropped-02_00843_jt3bggkj1j3HLc7SyY6rEUpg.jpeg\",\"contentUrl\":\"https:\/\/skaitytaknyga.lt\/wp-content\/uploads\/2024\/05\/cropped-cropped-cropped-02_00843_jt3bggkj1j3HLc7SyY6rEUpg.jpeg\",\"width\":1600,\"height\":1600,\"caption\":\"skaitytaknyga.lt\"},\"image\":{\"@id\":\"https:\/\/skaitytaknyga.lt\/#\/schema\/logo\/image\/\"},\"sameAs\":[\"https:\/\/www.facebook.com\/skaitytaknyga\/\"]}]}<\/script>\n<!-- \/ Yoast SEO plugin. -->","yoast_head_json":{"title":"Pablo Cardona, Carlos Rey \u201eMisijomis paremta vadyba\u201c - Skaitytaknyga","description":"Misijomis paremta vadyba \u2013 tai visi\u0161kai naujo pob\u016bd\u017eio parankin\u0117 knyga vadovams ir ne tik jiems. Tai atsakymas \u012f klausim\u0105, kod\u0117l \u017elunga geros id\u0117jos, nes","robots":{"index":"index","follow":"follow","max-snippet":"max-snippet:-1","max-image-preview":"max-image-preview:large","max-video-preview":"max-video-preview:-1"},"canonical":"https:\/\/skaitytaknyga.lt\/en\/produktas\/pablo-cardona-carlos-rey-misijomis-paremta-vadyba\/","og_locale":"en_GB","og_type":"article","og_title":"Pablo Cardona, Carlos Rey \u201eMisijomis paremta vadyba\u201c - Skaitytaknyga","og_description":"Misijomis paremta vadyba \u2013 tai visi\u0161kai naujo pob\u016bd\u017eio parankin\u0117 knyga vadovams ir ne tik jiems. Tai atsakymas \u012f klausim\u0105, kod\u0117l \u017elunga geros id\u0117jos, nes","og_url":"https:\/\/skaitytaknyga.lt\/en\/produktas\/pablo-cardona-carlos-rey-misijomis-paremta-vadyba\/","og_site_name":"Skaitytaknyga","article_publisher":"https:\/\/www.facebook.com\/skaitytaknyga\/","article_modified_time":"2024-05-03T07:16:37+00:00","og_image":[{"width":283,"height":430,"url":"https:\/\/skaitytaknyga.lt\/wp-content\/uploads\/2024\/04\/1462883298_img0002.jpg","type":"image\/jpeg"}],"twitter_card":"summary_large_image","twitter_misc":{"Estimated reading time":"1 minute"},"schema":{"@context":"https:\/\/schema.org","@graph":[{"@type":"WebPage","@id":"https:\/\/skaitytaknyga.lt\/produktas\/pablo-cardona-carlos-rey-misijomis-paremta-vadyba\/","url":"https:\/\/skaitytaknyga.lt\/produktas\/pablo-cardona-carlos-rey-misijomis-paremta-vadyba\/","name":"Pablo Cardona, Carlos Rey \u201eMisijomis paremta vadyba\u201c - Skaitytaknyga","isPartOf":{"@id":"https:\/\/skaitytaknyga.lt\/#website"},"primaryImageOfPage":{"@id":"https:\/\/skaitytaknyga.lt\/produktas\/pablo-cardona-carlos-rey-misijomis-paremta-vadyba\/#primaryimage"},"image":{"@id":"https:\/\/skaitytaknyga.lt\/produktas\/pablo-cardona-carlos-rey-misijomis-paremta-vadyba\/#primaryimage"},"thumbnailUrl":"https:\/\/skaitytaknyga.lt\/wp-content\/uploads\/2024\/04\/1462883298_img0002.jpg","datePublished":"2024-04-17T13:18:17+00:00","dateModified":"2024-05-03T07:16:37+00:00","description":"Misijomis paremta vadyba \u2013 tai visi\u0161kai naujo pob\u016bd\u017eio parankin\u0117 knyga vadovams ir ne tik jiems. Tai atsakymas \u012f klausim\u0105, kod\u0117l \u017elunga geros id\u0117jos, nes","breadcrumb":{"@id":"https:\/\/skaitytaknyga.lt\/produktas\/pablo-cardona-carlos-rey-misijomis-paremta-vadyba\/#breadcrumb"},"inLanguage":"en-GB","potentialAction":[{"@type":"ReadAction","target":["https:\/\/skaitytaknyga.lt\/produktas\/pablo-cardona-carlos-rey-misijomis-paremta-vadyba\/"]}]},{"@type":"ImageObject","inLanguage":"en-GB","@id":"https:\/\/skaitytaknyga.lt\/produktas\/pablo-cardona-carlos-rey-misijomis-paremta-vadyba\/#primaryimage","url":"https:\/\/skaitytaknyga.lt\/wp-content\/uploads\/2024\/04\/1462883298_img0002.jpg","contentUrl":"https:\/\/skaitytaknyga.lt\/wp-content\/uploads\/2024\/04\/1462883298_img0002.jpg","width":283,"height":430,"caption":"1462883298 img0002"},{"@type":"BreadcrumbList","@id":"https:\/\/skaitytaknyga.lt\/produktas\/pablo-cardona-carlos-rey-misijomis-paremta-vadyba\/#breadcrumb","itemListElement":[{"@type":"ListItem","position":1,"name":"Home","item":"https:\/\/skaitytaknyga.lt\/"},{"@type":"ListItem","position":2,"name":"Parduotuv\u0117","item":"https:\/\/skaitytaknyga.lt\/knygu-parduotuve\/"},{"@type":"ListItem","position":3,"name":"Pablo Cardona, Carlos Rey \u201eMisijomis paremta vadyba\u201c"}]},{"@type":"WebSite","@id":"https:\/\/skaitytaknyga.lt\/#website","url":"https:\/\/skaitytaknyga.lt\/","name":"skaitytaknyga.lt","description":"Skaitytaknyga.lt \u2013 tai ma\u017eas \u0161eimos verslas, kuris prasid\u0117jo nuo meil\u0117s knygoms ir siekio i\u0161gelb\u0117ti knygas nuo likimo prie konteinerio. Kas vienam nereikalingas daiktas \u2013 kitam lobis, o mes esame tarpininkai, kurie padeda abiems tapti laimingesniems ???? \u017dinome kaip nelengva i\u0161gyventi ma\u017eiems verslams, tad nuo \u0161iol, \u010dia rasite ir kit\u0173, ma\u017e\u0173 \u0161eim\u0173 versl\u0173, rank\u0173 darbo, dovan\u0173 sau ir artimiesiems.","publisher":{"@id":"https:\/\/skaitytaknyga.lt\/#organization"},"potentialAction":[{"@type":"SearchAction","target":{"@type":"EntryPoint","urlTemplate":"https:\/\/skaitytaknyga.lt\/?s={search_term_string}"},"query-input":{"@type":"PropertyValueSpecification","valueRequired":true,"valueName":"search_term_string"}}],"inLanguage":"en-GB"},{"@type":"Organization","@id":"https:\/\/skaitytaknyga.lt\/#organization","name":"skaitytaknyga.lt","url":"https:\/\/skaitytaknyga.lt\/","logo":{"@type":"ImageObject","inLanguage":"en-GB","@id":"https:\/\/skaitytaknyga.lt\/#\/schema\/logo\/image\/","url":"https:\/\/skaitytaknyga.lt\/wp-content\/uploads\/2024\/05\/cropped-cropped-cropped-02_00843_jt3bggkj1j3HLc7SyY6rEUpg.jpeg","contentUrl":"https:\/\/skaitytaknyga.lt\/wp-content\/uploads\/2024\/05\/cropped-cropped-cropped-02_00843_jt3bggkj1j3HLc7SyY6rEUpg.jpeg","width":1600,"height":1600,"caption":"skaitytaknyga.lt"},"image":{"@id":"https:\/\/skaitytaknyga.lt\/#\/schema\/logo\/image\/"},"sameAs":["https:\/\/www.facebook.com\/skaitytaknyga\/"]}]}},"_links":{"self":[{"href":"https:\/\/skaitytaknyga.lt\/en\/wp-json\/wp\/v2\/product\/2836","targetHints":{"allow":["GET"]}}],"collection":[{"href":"https:\/\/skaitytaknyga.lt\/en\/wp-json\/wp\/v2\/product"}],"about":[{"href":"https:\/\/skaitytaknyga.lt\/en\/wp-json\/wp\/v2\/types\/product"}],"replies":[{"embeddable":true,"href":"https:\/\/skaitytaknyga.lt\/en\/wp-json\/wp\/v2\/comments?post=2836"}],"wp:featuredmedia":[{"embeddable":true,"href":"https:\/\/skaitytaknyga.lt\/en\/wp-json\/wp\/v2\/media\/2881"}],"wp:attachment":[{"href":"https:\/\/skaitytaknyga.lt\/en\/wp-json\/wp\/v2\/media?parent=2836"}],"wp:term":[{"taxonomy":"product_brand","embeddable":true,"href":"https:\/\/skaitytaknyga.lt\/en\/wp-json\/wp\/v2\/product_brand?post=2836"},{"taxonomy":"product_cat","embeddable":true,"href":"https:\/\/skaitytaknyga.lt\/en\/wp-json\/wp\/v2\/product_cat?post=2836"},{"taxonomy":"product_tag","embeddable":true,"href":"https:\/\/skaitytaknyga.lt\/en\/wp-json\/wp\/v2\/product_tag?post=2836"}],"curies":[{"name":"wp","href":"https:\/\/api.w.org\/{rel}","templated":true}]}}