{"id":2815,"date":"2024-04-17T13:17:54","date_gmt":"2024-04-17T13:17:54","guid":{"rendered":"https:\/\/skaitytaknyga.lt\/?post_type=product&#038;p=2815"},"modified":"2024-05-03T07:16:35","modified_gmt":"2024-05-03T07:16:35","slug":"verslas-pagal-jamie-oliveri","status":"publish","type":"product","link":"https:\/\/skaitytaknyga.lt\/en\/produktas\/verslas-pagal-jamie-oliveri\/","title":{"rendered":"Verslas pagal Jamie Oliver\u012f"},"content":{"rendered":"<p>Galite j\u012f myl\u0117ti arba jo nek\u0119sti \u2013 tai visai nesvarbu, nes Jamie Oliveris yra vienas i\u0161 garsiausi\u0173 ir turtingiausi\u0173 vir\u0117j\u0173 pasaulyje. Ir \u010dia kalbame ne tik apie spage\u010dius.<\/p>\n<p>\u0160iam vyrukui priklauso didel\u0117 verslo imperija, kuri\u0105 sudaro restoranai, krautuv\u0117l\u0117s, virtuv\u0117s reikmenys, maisto produktai, \u017eurnalai, knygos, DVD \u012fra\u0161ai ir televizijos laidos. Kaip Oliveriui pavyksta i\u0161laikyti savo prek\u0117s \u017eenkl\u0105 ir jo vertybes turint toki\u0105 gausyb\u0119 skirting\u0173 verslo interes\u0173?<\/p>\n<p>Ko gal\u0117tume pasimokyti i\u0161 \u0161ios stulbinamos s\u0117km\u0117s istorijos?<\/p>\n<p>De\u0161imt universali\u0173 pamok\u0173, kurias galima pritaikyti ir versle, ir asmenin\u0117je karjeroje.<\/p>\n<p>Jei norite sulaukti s\u0117km\u0117s, atid\u017eiau pa\u017ei\u016br\u0117kite \u012f tuos, kuriems jau pasisek\u0117!<\/p>\n","protected":false},"excerpt":{"rendered":"<p>Galite j\u012f myl\u0117ti arba jo nek\u0119sti \u2013 tai visai nesvarbu, nes Jamie Oliveris yra vienas i\u0161 garsiausi\u0173 ir turtingiausi\u0173 vir\u0117j\u0173 pasaulyje. Ir \u010dia kalbame ne tik apie spage\u010dius. \u0160iam vyrukui priklauso didel\u0117 verslo imperija, kuri\u0105 sudaro restoranai, krautuv\u0117l\u0117s, virtuv\u0117s reikmenys, maisto produktai, \u017eurnalai, knygos, DVD \u012fra\u0161ai ir televizijos laidos. Kaip Oliveriui pavyksta i\u0161laikyti savo prek\u0117s \u017eenkl\u0105 ir jo vertybes turint toki\u0105 gausyb\u0119 skirting\u0173 verslo interes\u0173? Ko gal\u0117tume pasimokyti i\u0161 \u0161ios stulbinamos s\u0117km\u0117s istorijos? De\u0161imt universali\u0173 pamok\u0173, kurias galima pritaikyti ir versle, ir asmenin\u0117je karjeroje. Jei norite sulaukti s\u0117km\u0117s, atid\u017eiau pa\u017ei\u016br\u0117kite \u012f tuos, kuriems jau pasisek\u0117!<\/p>\n","protected":false},"featured_media":2871,"comment_status":"closed","ping_status":"closed","template":"","meta":{"_acf_changed":false,"site-sidebar-layout":"default","site-content-layout":"","ast-site-content-layout":"default","site-content-style":"default","site-sidebar-style":"default","ast-global-header-display":"","ast-banner-title-visibility":"","ast-main-header-display":"","ast-hfb-above-header-display":"","ast-hfb-below-header-display":"","ast-hfb-mobile-header-display":"","site-post-title":"","ast-breadcrumbs-content":"","ast-featured-img":"","footer-sml-layout":"","ast-disable-related-posts":"","theme-transparent-header-meta":"","adv-header-id-meta":"","stick-header-meta":"","header-above-stick-meta":"","header-main-stick-meta":"","header-below-stick-meta":"","astra-migrate-meta-layouts":"default","ast-page-background-enabled":"default","ast-page-background-meta":{"desktop":{"background-color":"","background-image":"","background-repeat":"repeat","background-position":"center center","background-size":"auto","background-attachment":"scroll","background-type":"","background-media":"","overlay-type":"","overlay-color":"","overlay-opacity":"","overlay-gradient":""},"tablet":{"background-color":"","background-image":"","background-repeat":"repeat","background-position":"center center","background-size":"auto","background-attachment":"scroll","background-type":"","background-media":"","overlay-type":"","overlay-color":"","overlay-opacity":"","overlay-gradient":""},"mobile":{"background-color":"","background-image":"","background-repeat":"repeat","background-position":"center center","background-size":"auto","background-attachment":"scroll","background-type":"","background-media":"","overlay-type":"","overlay-color":"","overlay-opacity":"","overlay-gradient":""}},"ast-content-background-meta":{"desktop":{"background-color":"var(--ast-global-color-4)","background-image":"","background-repeat":"repeat","background-position":"center center","background-size":"auto","background-attachment":"scroll","background-type":"","background-media":"","overlay-type":"","overlay-color":"","overlay-opacity":"","overlay-gradient":""},"tablet":{"background-color":"var(--ast-global-color-4)","background-image":"","background-repeat":"repeat","background-position":"center center","background-size":"auto","background-attachment":"scroll","background-type":"","background-media":"","overlay-type":"","overlay-color":"","overlay-opacity":"","overlay-gradient":""},"mobile":{"background-color":"var(--ast-global-color-4)","background-image":"","background-repeat":"repeat","background-position":"center center","background-size":"auto","background-attachment":"scroll","background-type":"","background-media":"","overlay-type":"","overlay-color":"","overlay-opacity":"","overlay-gradient":""}}},"product_brand":[],"product_cat":[26],"product_tag":[],"class_list":{"0":"post-2815","1":"product","2":"type-product","3":"status-publish","4":"has-post-thumbnail","6":"product_cat-verslas-vadyba-ir-finansai","7":"desktop-align-left","8":"tablet-align-left","9":"mobile-align-left","11":"first","12":"instock","13":"shipping-taxable","14":"purchasable","15":"product-type-simple"},"acf":[],"yoast_head":"<!-- This site is optimized with the Yoast SEO plugin v27.0 - https:\/\/yoast.com\/product\/yoast-seo-wordpress\/ -->\n<title>Verslas pagal Jamie Oliver\u012f - Skaitytaknyga<\/title>\n<meta name=\"description\" content=\"Galite j\u012f myl\u0117ti arba jo nek\u0119sti \u2013 tai visai nesvarbu, nes Jamie Oliveris yra vienas i\u0161 garsiausi\u0173 ir turtingiausi\u0173 vir\u0117j\u0173 pasaulyje. Ir \u010dia kalbame ne\" \/>\n<meta name=\"robots\" content=\"index, follow, max-snippet:-1, max-image-preview:large, max-video-preview:-1\" \/>\n<link rel=\"canonical\" href=\"https:\/\/skaitytaknyga.lt\/en\/produktas\/verslas-pagal-jamie-oliveri\/\" \/>\n<meta property=\"og:locale\" content=\"en_GB\" \/>\n<meta property=\"og:locale:alternate\" content=\"lt_LT\" \/>\n<meta property=\"og:type\" content=\"article\" \/>\n<meta property=\"og:title\" content=\"Verslas pagal Jamie Oliver\u012f - Skaitytaknyga\" \/>\n<meta property=\"og:description\" content=\"Galite j\u012f myl\u0117ti arba jo nek\u0119sti \u2013 tai visai nesvarbu, nes Jamie Oliveris yra vienas i\u0161 garsiausi\u0173 ir turtingiausi\u0173 vir\u0117j\u0173 pasaulyje. Ir \u010dia kalbame ne\" \/>\n<meta property=\"og:url\" content=\"https:\/\/skaitytaknyga.lt\/en\/produktas\/verslas-pagal-jamie-oliveri\/\" \/>\n<meta property=\"og:site_name\" content=\"Skaitytaknyga\" \/>\n<meta property=\"article:publisher\" content=\"https:\/\/www.facebook.com\/skaitytaknyga\/\" \/>\n<meta property=\"article:modified_time\" content=\"2024-05-03T07:16:35+00:00\" \/>\n<meta property=\"og:image\" content=\"https:\/\/skaitytaknyga.lt\/wp-content\/uploads\/2024\/04\/1462873648_verslas-pagal-jamie-oliveri1.jpg\" \/>\n\t<meta property=\"og:image:width\" content=\"409\" \/>\n\t<meta property=\"og:image:height\" content=\"628\" \/>\n\t<meta property=\"og:image:type\" content=\"image\/jpeg\" \/>\n<meta name=\"twitter:card\" content=\"summary_large_image\" \/>\n<meta name=\"twitter:label1\" content=\"Estimated reading time\" \/>\n\t<meta name=\"twitter:data1\" content=\"1 minute\" \/>\n<script type=\"application\/ld+json\" class=\"yoast-schema-graph\">{\"@context\":\"https:\/\/schema.org\",\"@graph\":[{\"@type\":\"WebPage\",\"@id\":\"https:\/\/skaitytaknyga.lt\/produktas\/verslas-pagal-jamie-oliveri\/\",\"url\":\"https:\/\/skaitytaknyga.lt\/produktas\/verslas-pagal-jamie-oliveri\/\",\"name\":\"Verslas pagal Jamie Oliver\u012f - Skaitytaknyga\",\"isPartOf\":{\"@id\":\"https:\/\/skaitytaknyga.lt\/#website\"},\"primaryImageOfPage\":{\"@id\":\"https:\/\/skaitytaknyga.lt\/produktas\/verslas-pagal-jamie-oliveri\/#primaryimage\"},\"image\":{\"@id\":\"https:\/\/skaitytaknyga.lt\/produktas\/verslas-pagal-jamie-oliveri\/#primaryimage\"},\"thumbnailUrl\":\"https:\/\/skaitytaknyga.lt\/wp-content\/uploads\/2024\/04\/1462873648_verslas-pagal-jamie-oliveri1.jpg\",\"datePublished\":\"2024-04-17T13:17:54+00:00\",\"dateModified\":\"2024-05-03T07:16:35+00:00\",\"description\":\"Galite j\u012f myl\u0117ti arba jo nek\u0119sti \u2013 tai visai nesvarbu, nes Jamie Oliveris yra vienas i\u0161 garsiausi\u0173 ir turtingiausi\u0173 vir\u0117j\u0173 pasaulyje. Ir \u010dia kalbame ne\",\"breadcrumb\":{\"@id\":\"https:\/\/skaitytaknyga.lt\/produktas\/verslas-pagal-jamie-oliveri\/#breadcrumb\"},\"inLanguage\":\"en-GB\",\"potentialAction\":[{\"@type\":\"ReadAction\",\"target\":[\"https:\/\/skaitytaknyga.lt\/produktas\/verslas-pagal-jamie-oliveri\/\"]}]},{\"@type\":\"ImageObject\",\"inLanguage\":\"en-GB\",\"@id\":\"https:\/\/skaitytaknyga.lt\/produktas\/verslas-pagal-jamie-oliveri\/#primaryimage\",\"url\":\"https:\/\/skaitytaknyga.lt\/wp-content\/uploads\/2024\/04\/1462873648_verslas-pagal-jamie-oliveri1.jpg\",\"contentUrl\":\"https:\/\/skaitytaknyga.lt\/wp-content\/uploads\/2024\/04\/1462873648_verslas-pagal-jamie-oliveri1.jpg\",\"width\":409,\"height\":628,\"caption\":\"1462873648 verslas pagal jamie oliveri1\"},{\"@type\":\"BreadcrumbList\",\"@id\":\"https:\/\/skaitytaknyga.lt\/produktas\/verslas-pagal-jamie-oliveri\/#breadcrumb\",\"itemListElement\":[{\"@type\":\"ListItem\",\"position\":1,\"name\":\"Home\",\"item\":\"https:\/\/skaitytaknyga.lt\/\"},{\"@type\":\"ListItem\",\"position\":2,\"name\":\"Parduotuv\u0117\",\"item\":\"https:\/\/skaitytaknyga.lt\/knygu-parduotuve\/\"},{\"@type\":\"ListItem\",\"position\":3,\"name\":\"Verslas pagal Jamie Oliver\u012f\"}]},{\"@type\":\"WebSite\",\"@id\":\"https:\/\/skaitytaknyga.lt\/#website\",\"url\":\"https:\/\/skaitytaknyga.lt\/\",\"name\":\"skaitytaknyga.lt\",\"description\":\"Skaitytaknyga.lt \u2013 tai ma\u017eas \u0161eimos verslas, kuris prasid\u0117jo nuo meil\u0117s knygoms ir siekio i\u0161gelb\u0117ti knygas nuo likimo prie konteinerio. Kas vienam nereikalingas daiktas \u2013 kitam lobis, o mes esame tarpininkai, kurie padeda abiems tapti laimingesniems ???? \u017dinome kaip nelengva i\u0161gyventi ma\u017eiems verslams, tad nuo \u0161iol, \u010dia rasite ir kit\u0173, ma\u017e\u0173 \u0161eim\u0173 versl\u0173, rank\u0173 darbo, dovan\u0173 sau ir artimiesiems.\",\"publisher\":{\"@id\":\"https:\/\/skaitytaknyga.lt\/#organization\"},\"potentialAction\":[{\"@type\":\"SearchAction\",\"target\":{\"@type\":\"EntryPoint\",\"urlTemplate\":\"https:\/\/skaitytaknyga.lt\/?s={search_term_string}\"},\"query-input\":{\"@type\":\"PropertyValueSpecification\",\"valueRequired\":true,\"valueName\":\"search_term_string\"}}],\"inLanguage\":\"en-GB\"},{\"@type\":\"Organization\",\"@id\":\"https:\/\/skaitytaknyga.lt\/#organization\",\"name\":\"skaitytaknyga.lt\",\"url\":\"https:\/\/skaitytaknyga.lt\/\",\"logo\":{\"@type\":\"ImageObject\",\"inLanguage\":\"en-GB\",\"@id\":\"https:\/\/skaitytaknyga.lt\/#\/schema\/logo\/image\/\",\"url\":\"https:\/\/skaitytaknyga.lt\/wp-content\/uploads\/2024\/05\/cropped-cropped-cropped-02_00843_jt3bggkj1j3HLc7SyY6rEUpg.jpeg\",\"contentUrl\":\"https:\/\/skaitytaknyga.lt\/wp-content\/uploads\/2024\/05\/cropped-cropped-cropped-02_00843_jt3bggkj1j3HLc7SyY6rEUpg.jpeg\",\"width\":1600,\"height\":1600,\"caption\":\"skaitytaknyga.lt\"},\"image\":{\"@id\":\"https:\/\/skaitytaknyga.lt\/#\/schema\/logo\/image\/\"},\"sameAs\":[\"https:\/\/www.facebook.com\/skaitytaknyga\/\"]}]}<\/script>\n<!-- \/ Yoast SEO plugin. -->","yoast_head_json":{"title":"Verslas pagal Jamie Oliver\u012f - Skaitytaknyga","description":"Galite j\u012f myl\u0117ti arba jo nek\u0119sti \u2013 tai visai nesvarbu, nes Jamie Oliveris yra vienas i\u0161 garsiausi\u0173 ir turtingiausi\u0173 vir\u0117j\u0173 pasaulyje. Ir \u010dia kalbame ne","robots":{"index":"index","follow":"follow","max-snippet":"max-snippet:-1","max-image-preview":"max-image-preview:large","max-video-preview":"max-video-preview:-1"},"canonical":"https:\/\/skaitytaknyga.lt\/en\/produktas\/verslas-pagal-jamie-oliveri\/","og_locale":"en_GB","og_type":"article","og_title":"Verslas pagal Jamie Oliver\u012f - Skaitytaknyga","og_description":"Galite j\u012f myl\u0117ti arba jo nek\u0119sti \u2013 tai visai nesvarbu, nes Jamie Oliveris yra vienas i\u0161 garsiausi\u0173 ir turtingiausi\u0173 vir\u0117j\u0173 pasaulyje. Ir \u010dia kalbame ne","og_url":"https:\/\/skaitytaknyga.lt\/en\/produktas\/verslas-pagal-jamie-oliveri\/","og_site_name":"Skaitytaknyga","article_publisher":"https:\/\/www.facebook.com\/skaitytaknyga\/","article_modified_time":"2024-05-03T07:16:35+00:00","og_image":[{"width":409,"height":628,"url":"https:\/\/skaitytaknyga.lt\/wp-content\/uploads\/2024\/04\/1462873648_verslas-pagal-jamie-oliveri1.jpg","type":"image\/jpeg"}],"twitter_card":"summary_large_image","twitter_misc":{"Estimated reading time":"1 minute"},"schema":{"@context":"https:\/\/schema.org","@graph":[{"@type":"WebPage","@id":"https:\/\/skaitytaknyga.lt\/produktas\/verslas-pagal-jamie-oliveri\/","url":"https:\/\/skaitytaknyga.lt\/produktas\/verslas-pagal-jamie-oliveri\/","name":"Verslas pagal Jamie Oliver\u012f - Skaitytaknyga","isPartOf":{"@id":"https:\/\/skaitytaknyga.lt\/#website"},"primaryImageOfPage":{"@id":"https:\/\/skaitytaknyga.lt\/produktas\/verslas-pagal-jamie-oliveri\/#primaryimage"},"image":{"@id":"https:\/\/skaitytaknyga.lt\/produktas\/verslas-pagal-jamie-oliveri\/#primaryimage"},"thumbnailUrl":"https:\/\/skaitytaknyga.lt\/wp-content\/uploads\/2024\/04\/1462873648_verslas-pagal-jamie-oliveri1.jpg","datePublished":"2024-04-17T13:17:54+00:00","dateModified":"2024-05-03T07:16:35+00:00","description":"Galite j\u012f myl\u0117ti arba jo nek\u0119sti \u2013 tai visai nesvarbu, nes Jamie Oliveris yra vienas i\u0161 garsiausi\u0173 ir turtingiausi\u0173 vir\u0117j\u0173 pasaulyje. Ir \u010dia kalbame ne","breadcrumb":{"@id":"https:\/\/skaitytaknyga.lt\/produktas\/verslas-pagal-jamie-oliveri\/#breadcrumb"},"inLanguage":"en-GB","potentialAction":[{"@type":"ReadAction","target":["https:\/\/skaitytaknyga.lt\/produktas\/verslas-pagal-jamie-oliveri\/"]}]},{"@type":"ImageObject","inLanguage":"en-GB","@id":"https:\/\/skaitytaknyga.lt\/produktas\/verslas-pagal-jamie-oliveri\/#primaryimage","url":"https:\/\/skaitytaknyga.lt\/wp-content\/uploads\/2024\/04\/1462873648_verslas-pagal-jamie-oliveri1.jpg","contentUrl":"https:\/\/skaitytaknyga.lt\/wp-content\/uploads\/2024\/04\/1462873648_verslas-pagal-jamie-oliveri1.jpg","width":409,"height":628,"caption":"1462873648 verslas pagal jamie oliveri1"},{"@type":"BreadcrumbList","@id":"https:\/\/skaitytaknyga.lt\/produktas\/verslas-pagal-jamie-oliveri\/#breadcrumb","itemListElement":[{"@type":"ListItem","position":1,"name":"Home","item":"https:\/\/skaitytaknyga.lt\/"},{"@type":"ListItem","position":2,"name":"Parduotuv\u0117","item":"https:\/\/skaitytaknyga.lt\/knygu-parduotuve\/"},{"@type":"ListItem","position":3,"name":"Verslas pagal Jamie Oliver\u012f"}]},{"@type":"WebSite","@id":"https:\/\/skaitytaknyga.lt\/#website","url":"https:\/\/skaitytaknyga.lt\/","name":"skaitytaknyga.lt","description":"Skaitytaknyga.lt \u2013 tai ma\u017eas \u0161eimos verslas, kuris prasid\u0117jo nuo meil\u0117s knygoms ir siekio i\u0161gelb\u0117ti knygas nuo likimo prie konteinerio. Kas vienam nereikalingas daiktas \u2013 kitam lobis, o mes esame tarpininkai, kurie padeda abiems tapti laimingesniems ???? \u017dinome kaip nelengva i\u0161gyventi ma\u017eiems verslams, tad nuo \u0161iol, \u010dia rasite ir kit\u0173, ma\u017e\u0173 \u0161eim\u0173 versl\u0173, rank\u0173 darbo, dovan\u0173 sau ir artimiesiems.","publisher":{"@id":"https:\/\/skaitytaknyga.lt\/#organization"},"potentialAction":[{"@type":"SearchAction","target":{"@type":"EntryPoint","urlTemplate":"https:\/\/skaitytaknyga.lt\/?s={search_term_string}"},"query-input":{"@type":"PropertyValueSpecification","valueRequired":true,"valueName":"search_term_string"}}],"inLanguage":"en-GB"},{"@type":"Organization","@id":"https:\/\/skaitytaknyga.lt\/#organization","name":"skaitytaknyga.lt","url":"https:\/\/skaitytaknyga.lt\/","logo":{"@type":"ImageObject","inLanguage":"en-GB","@id":"https:\/\/skaitytaknyga.lt\/#\/schema\/logo\/image\/","url":"https:\/\/skaitytaknyga.lt\/wp-content\/uploads\/2024\/05\/cropped-cropped-cropped-02_00843_jt3bggkj1j3HLc7SyY6rEUpg.jpeg","contentUrl":"https:\/\/skaitytaknyga.lt\/wp-content\/uploads\/2024\/05\/cropped-cropped-cropped-02_00843_jt3bggkj1j3HLc7SyY6rEUpg.jpeg","width":1600,"height":1600,"caption":"skaitytaknyga.lt"},"image":{"@id":"https:\/\/skaitytaknyga.lt\/#\/schema\/logo\/image\/"},"sameAs":["https:\/\/www.facebook.com\/skaitytaknyga\/"]}]}},"_links":{"self":[{"href":"https:\/\/skaitytaknyga.lt\/en\/wp-json\/wp\/v2\/product\/2815","targetHints":{"allow":["GET"]}}],"collection":[{"href":"https:\/\/skaitytaknyga.lt\/en\/wp-json\/wp\/v2\/product"}],"about":[{"href":"https:\/\/skaitytaknyga.lt\/en\/wp-json\/wp\/v2\/types\/product"}],"replies":[{"embeddable":true,"href":"https:\/\/skaitytaknyga.lt\/en\/wp-json\/wp\/v2\/comments?post=2815"}],"wp:featuredmedia":[{"embeddable":true,"href":"https:\/\/skaitytaknyga.lt\/en\/wp-json\/wp\/v2\/media\/2871"}],"wp:attachment":[{"href":"https:\/\/skaitytaknyga.lt\/en\/wp-json\/wp\/v2\/media?parent=2815"}],"wp:term":[{"taxonomy":"product_brand","embeddable":true,"href":"https:\/\/skaitytaknyga.lt\/en\/wp-json\/wp\/v2\/product_brand?post=2815"},{"taxonomy":"product_cat","embeddable":true,"href":"https:\/\/skaitytaknyga.lt\/en\/wp-json\/wp\/v2\/product_cat?post=2815"},{"taxonomy":"product_tag","embeddable":true,"href":"https:\/\/skaitytaknyga.lt\/en\/wp-json\/wp\/v2\/product_tag?post=2815"}],"curies":[{"name":"wp","href":"https:\/\/api.w.org\/{rel}","templated":true}]}}