{"id":2812,"date":"2024-04-17T13:17:54","date_gmt":"2024-04-17T13:17:54","guid":{"rendered":"https:\/\/skaitytaknyga.lt\/?post_type=product&#038;p=2812"},"modified":"2025-05-19T09:47:00","modified_gmt":"2025-05-19T06:47:00","slug":"j-j-petraitiene-laimingos-mamos-dienorastis","status":"publish","type":"product","link":"https:\/\/skaitytaknyga.lt\/en\/produktas\/j-j-petraitiene-laimingos-mamos-dienorastis\/","title":{"rendered":"Laimingos mamos dienora\u0161tis"},"content":{"rendered":"<p>\u0160iandien jau \u017einau, kaip tapti geriausia mama. Reikia labai myl\u0117ti savo vaik\u0105, be joki\u0173 i\u0161lyg\u0173. Myl\u0117ti, kai jam sekasi, ir dvigubai labiau \u2013 kai nesiseka. Kai verkia naktimis ar pusry\u010diaudamas spjaudo ko\u0161\u0119. Myl\u0117ti net tada, kai \u0161luosto snargliuk\u0105 \u012f tavo gra\u017eiausi\u0105 sijon\u0105. Reikia niekada nepamir\u0161ti, kad j\u012f labai labai myli.<br \/>\nJ\u016brat\u0117 Jadkonyt\u0117 Petraitien\u0117<\/p>\n<p>\u0160ios knygos herojai \u2013 Juliukas, Miglut\u0117, Saulius, Agnyt\u0117 \u2013 m\u016bs\u0173 vaikai. Istorijos \u2013 i\u0161 m\u016bs\u0173 gyvenimo. K\u0105 sapnuoja k\u016bdik\u0117lis? Kaip i\u0161gyventi pirm\u0173j\u0173 met\u0173 kriz\u0119? Kod\u0117l trimetis bamblys, jau mokantis skai\u010diuoti, nes\u0117da ant puoduko? K\u0105 daryti, kai mielas ma\u017eylis, negav\u0119s ledinuko, prekybos centre klykdamas krinta ant grind\u0173? Kaip paruo\u0161ti pirmagim\u012f brolio ar ses\u0117s gimimui? Kod\u0117l gr\u012f\u017etant i\u0161 ligonin\u0117s naujagim\u012f turi ne\u0161ti t\u0117tis?<\/p>\n<p>Daugyb\u0117 klausim\u0173, kylan\u010di\u0173 visiems t\u0117vams. \u012e juos paprastai ir su humoru atsako \u017einomi Lietuvos psichologai ir psichoterapeutai: Goda Ba\u010dien\u0117, Edita Baleckait\u0117, Giedr\u0117 Bulotien\u0117, Erika Kern, Olegas Lapinas, Skirmant\u0117 Povil\u0117nait\u0117, Jolanta Trink\u016bnien\u0117.<\/p>\n","protected":false},"excerpt":{"rendered":"<p>\u0160iandien jau \u017einau, kaip tapti geriausia mama. Reikia labai myl\u0117ti savo vaik\u0105, be joki\u0173 i\u0161lyg\u0173. Myl\u0117ti, kai jam sekasi, ir dvigubai labiau \u2013 kai nesiseka. Kai verkia naktimis ar pusry\u010diaudamas spjaudo ko\u0161\u0119. Myl\u0117ti net tada, kai \u0161luosto snargliuk\u0105 \u012f tavo gra\u017eiausi\u0105 sijon\u0105. Reikia niekada nepamir\u0161ti, kad j\u012f labai labai myli. J\u016brat\u0117 Jadkonyt\u0117 Petraitien\u0117 \u0160ios knygos herojai \u2013 Juliukas, Miglut\u0117, Saulius, Agnyt\u0117 \u2013 m\u016bs\u0173 vaikai. Istorijos \u2013 i\u0161 m\u016bs\u0173 gyvenimo. K\u0105 sapnuoja k\u016bdik\u0117lis? Kaip i\u0161gyventi pirm\u0173j\u0173 met\u0173 kriz\u0119? Kod\u0117l trimetis bamblys, jau mokantis skai\u010diuoti, nes\u0117da ant puoduko? K\u0105 daryti, kai mielas ma\u017eylis, negav\u0119s ledinuko, prekybos centre klykdamas krinta ant grind\u0173? Kaip paruo\u0161ti pirmagim\u012f brolio ar ses\u0117s gimimui? Kod\u0117l gr\u012f\u017etant i\u0161 ligonin\u0117s naujagim\u012f turi ne\u0161ti t\u0117tis? Daugyb\u0117 klausim\u0173, kylan\u010di\u0173 visiems t\u0117vams. \u012e juos paprastai ir su humoru atsako \u017einomi Lietuvos psichologai ir psichoterapeutai: Goda Ba\u010dien\u0117, Edita Baleckait\u0117, Giedr\u0117 Bulotien\u0117, Erika Kern, Olegas Lapinas, Skirmant\u0117 Povil\u0117nait\u0117, Jolanta Trink\u016bnien\u0117.<\/p>\n","protected":false},"featured_media":2860,"comment_status":"closed","ping_status":"closed","template":"","meta":{"_acf_changed":false,"site-sidebar-layout":"default","site-content-layout":"","ast-site-content-layout":"default","site-content-style":"default","site-sidebar-style":"default","ast-global-header-display":"","ast-banner-title-visibility":"","ast-main-header-display":"","ast-hfb-above-header-display":"","ast-hfb-below-header-display":"","ast-hfb-mobile-header-display":"","site-post-title":"","ast-breadcrumbs-content":"","ast-featured-img":"","footer-sml-layout":"","ast-disable-related-posts":"","theme-transparent-header-meta":"","adv-header-id-meta":"","stick-header-meta":"","header-above-stick-meta":"","header-main-stick-meta":"","header-below-stick-meta":"","astra-migrate-meta-layouts":"default","ast-page-background-enabled":"default","ast-page-background-meta":{"desktop":{"background-color":"","background-image":"","background-repeat":"repeat","background-position":"center center","background-size":"auto","background-attachment":"scroll","background-type":"","background-media":"","overlay-type":"","overlay-color":"","overlay-opacity":"","overlay-gradient":""},"tablet":{"background-color":"","background-image":"","background-repeat":"repeat","background-position":"center center","background-size":"auto","background-attachment":"scroll","background-type":"","background-media":"","overlay-type":"","overlay-color":"","overlay-opacity":"","overlay-gradient":""},"mobile":{"background-color":"","background-image":"","background-repeat":"repeat","background-position":"center center","background-size":"auto","background-attachment":"scroll","background-type":"","background-media":"","overlay-type":"","overlay-color":"","overlay-opacity":"","overlay-gradient":""}},"ast-content-background-meta":{"desktop":{"background-color":"var(--ast-global-color-4)","background-image":"","background-repeat":"repeat","background-position":"center center","background-size":"auto","background-attachment":"scroll","background-type":"","background-media":"","overlay-type":"","overlay-color":"","overlay-opacity":"","overlay-gradient":""},"tablet":{"background-color":"var(--ast-global-color-4)","background-image":"","background-repeat":"repeat","background-position":"center center","background-size":"auto","background-attachment":"scroll","background-type":"","background-media":"","overlay-type":"","overlay-color":"","overlay-opacity":"","overlay-gradient":""},"mobile":{"background-color":"var(--ast-global-color-4)","background-image":"","background-repeat":"repeat","background-position":"center center","background-size":"auto","background-attachment":"scroll","background-type":"","background-media":"","overlay-type":"","overlay-color":"","overlay-opacity":"","overlay-gradient":""}}},"product_brand":[],"product_cat":[37],"product_tag":[],"class_list":{"0":"post-2812","1":"product","2":"type-product","3":"status-publish","4":"has-post-thumbnail","6":"product_cat-nestumas-ir-vaiku-prieziura-bei-auklejimas","7":"desktop-align-left","8":"tablet-align-left","9":"mobile-align-left","11":"first","12":"instock","13":"shipping-taxable","14":"purchasable","15":"product-type-simple"},"acf":[],"yoast_head":"<!-- This site is optimized with the Yoast SEO plugin v27.0 - https:\/\/yoast.com\/product\/yoast-seo-wordpress\/ -->\n<title>Laimingos mamos dienora\u0161tis<\/title>\n<meta name=\"description\" content=\"\u0160iandien jau \u017einau, kaip tapti geriausia mama. Reikia labai myl\u0117ti savo vaik\u0105, be joki\u0173 i\u0161lyg\u0173. Myl\u0117ti, kai jam sekasi, ir dvigubai labiau \u2013 kai nesiseka.\" \/>\n<meta name=\"robots\" content=\"index, follow, max-snippet:-1, max-image-preview:large, max-video-preview:-1\" \/>\n<link rel=\"canonical\" href=\"https:\/\/skaitytaknyga.lt\/en\/produktas\/j-j-petraitiene-laimingos-mamos-dienorastis\/\" \/>\n<meta property=\"og:locale\" content=\"en_GB\" \/>\n<meta property=\"og:locale:alternate\" content=\"lt_LT\" \/>\n<meta property=\"og:type\" content=\"article\" \/>\n<meta property=\"og:title\" content=\"Laimingos mamos dienora\u0161tis\" \/>\n<meta property=\"og:description\" content=\"\u0160iandien jau \u017einau, kaip tapti geriausia mama. Reikia labai myl\u0117ti savo vaik\u0105, be joki\u0173 i\u0161lyg\u0173. Myl\u0117ti, kai jam sekasi, ir dvigubai labiau \u2013 kai nesiseka.\" \/>\n<meta property=\"og:url\" content=\"https:\/\/skaitytaknyga.lt\/en\/produktas\/j-j-petraitiene-laimingos-mamos-dienorastis\/\" \/>\n<meta property=\"og:site_name\" content=\"Skaitytaknyga\" \/>\n<meta property=\"article:publisher\" content=\"https:\/\/www.facebook.com\/skaitytaknyga\/\" \/>\n<meta property=\"article:modified_time\" content=\"2025-05-19T06:47:00+00:00\" \/>\n<meta property=\"og:image\" content=\"https:\/\/skaitytaknyga.lt\/wp-content\/uploads\/2024\/04\/1462873232_laimingosmamos.jpg\" \/>\n\t<meta property=\"og:image:width\" content=\"304\" \/>\n\t<meta property=\"og:image:height\" content=\"430\" \/>\n\t<meta property=\"og:image:type\" content=\"image\/jpeg\" \/>\n<meta name=\"twitter:card\" content=\"summary_large_image\" \/>\n<meta name=\"twitter:label1\" content=\"Estimated reading time\" \/>\n\t<meta name=\"twitter:data1\" content=\"1 minute\" \/>\n<script type=\"application\/ld+json\" class=\"yoast-schema-graph\">{\"@context\":\"https:\/\/schema.org\",\"@graph\":[{\"@type\":\"WebPage\",\"@id\":\"https:\/\/skaitytaknyga.lt\/produktas\/j-j-petraitiene-laimingos-mamos-dienorastis\/\",\"url\":\"https:\/\/skaitytaknyga.lt\/produktas\/j-j-petraitiene-laimingos-mamos-dienorastis\/\",\"name\":\"Laimingos mamos dienora\u0161tis\",\"isPartOf\":{\"@id\":\"https:\/\/skaitytaknyga.lt\/#website\"},\"primaryImageOfPage\":{\"@id\":\"https:\/\/skaitytaknyga.lt\/produktas\/j-j-petraitiene-laimingos-mamos-dienorastis\/#primaryimage\"},\"image\":{\"@id\":\"https:\/\/skaitytaknyga.lt\/produktas\/j-j-petraitiene-laimingos-mamos-dienorastis\/#primaryimage\"},\"thumbnailUrl\":\"https:\/\/skaitytaknyga.lt\/wp-content\/uploads\/2024\/04\/1462873232_laimingosmamos.jpg\",\"datePublished\":\"2024-04-17T13:17:54+00:00\",\"dateModified\":\"2025-05-19T06:47:00+00:00\",\"description\":\"\u0160iandien jau \u017einau, kaip tapti geriausia mama. Reikia labai myl\u0117ti savo vaik\u0105, be joki\u0173 i\u0161lyg\u0173. Myl\u0117ti, kai jam sekasi, ir dvigubai labiau \u2013 kai nesiseka.\",\"breadcrumb\":{\"@id\":\"https:\/\/skaitytaknyga.lt\/produktas\/j-j-petraitiene-laimingos-mamos-dienorastis\/#breadcrumb\"},\"inLanguage\":\"en-GB\",\"potentialAction\":[{\"@type\":\"ReadAction\",\"target\":[\"https:\/\/skaitytaknyga.lt\/produktas\/j-j-petraitiene-laimingos-mamos-dienorastis\/\"]}]},{\"@type\":\"ImageObject\",\"inLanguage\":\"en-GB\",\"@id\":\"https:\/\/skaitytaknyga.lt\/produktas\/j-j-petraitiene-laimingos-mamos-dienorastis\/#primaryimage\",\"url\":\"https:\/\/skaitytaknyga.lt\/wp-content\/uploads\/2024\/04\/1462873232_laimingosmamos.jpg\",\"contentUrl\":\"https:\/\/skaitytaknyga.lt\/wp-content\/uploads\/2024\/04\/1462873232_laimingosmamos.jpg\",\"width\":304,\"height\":430,\"caption\":\"1462873232 laimingosmamos\"},{\"@type\":\"BreadcrumbList\",\"@id\":\"https:\/\/skaitytaknyga.lt\/produktas\/j-j-petraitiene-laimingos-mamos-dienorastis\/#breadcrumb\",\"itemListElement\":[{\"@type\":\"ListItem\",\"position\":1,\"name\":\"Home\",\"item\":\"https:\/\/skaitytaknyga.lt\/\"},{\"@type\":\"ListItem\",\"position\":2,\"name\":\"Parduotuv\u0117\",\"item\":\"https:\/\/skaitytaknyga.lt\/knygu-parduotuve\/\"},{\"@type\":\"ListItem\",\"position\":3,\"name\":\"Laimingos mamos dienora\u0161tis\"}]},{\"@type\":\"WebSite\",\"@id\":\"https:\/\/skaitytaknyga.lt\/#website\",\"url\":\"https:\/\/skaitytaknyga.lt\/\",\"name\":\"skaitytaknyga.lt\",\"description\":\"Skaitytaknyga.lt \u2013 tai ma\u017eas \u0161eimos verslas, kuris prasid\u0117jo nuo meil\u0117s knygoms ir siekio i\u0161gelb\u0117ti knygas nuo likimo prie konteinerio. Kas vienam nereikalingas daiktas \u2013 kitam lobis, o mes esame tarpininkai, kurie padeda abiems tapti laimingesniems ???? \u017dinome kaip nelengva i\u0161gyventi ma\u017eiems verslams, tad nuo \u0161iol, \u010dia rasite ir kit\u0173, ma\u017e\u0173 \u0161eim\u0173 versl\u0173, rank\u0173 darbo, dovan\u0173 sau ir artimiesiems.\",\"publisher\":{\"@id\":\"https:\/\/skaitytaknyga.lt\/#organization\"},\"potentialAction\":[{\"@type\":\"SearchAction\",\"target\":{\"@type\":\"EntryPoint\",\"urlTemplate\":\"https:\/\/skaitytaknyga.lt\/?s={search_term_string}\"},\"query-input\":{\"@type\":\"PropertyValueSpecification\",\"valueRequired\":true,\"valueName\":\"search_term_string\"}}],\"inLanguage\":\"en-GB\"},{\"@type\":\"Organization\",\"@id\":\"https:\/\/skaitytaknyga.lt\/#organization\",\"name\":\"skaitytaknyga.lt\",\"url\":\"https:\/\/skaitytaknyga.lt\/\",\"logo\":{\"@type\":\"ImageObject\",\"inLanguage\":\"en-GB\",\"@id\":\"https:\/\/skaitytaknyga.lt\/#\/schema\/logo\/image\/\",\"url\":\"https:\/\/skaitytaknyga.lt\/wp-content\/uploads\/2024\/05\/cropped-cropped-cropped-02_00843_jt3bggkj1j3HLc7SyY6rEUpg.jpeg\",\"contentUrl\":\"https:\/\/skaitytaknyga.lt\/wp-content\/uploads\/2024\/05\/cropped-cropped-cropped-02_00843_jt3bggkj1j3HLc7SyY6rEUpg.jpeg\",\"width\":1600,\"height\":1600,\"caption\":\"skaitytaknyga.lt\"},\"image\":{\"@id\":\"https:\/\/skaitytaknyga.lt\/#\/schema\/logo\/image\/\"},\"sameAs\":[\"https:\/\/www.facebook.com\/skaitytaknyga\/\"]}]}<\/script>\n<!-- \/ Yoast SEO plugin. -->","yoast_head_json":{"title":"Laimingos mamos dienora\u0161tis","description":"\u0160iandien jau \u017einau, kaip tapti geriausia mama. Reikia labai myl\u0117ti savo vaik\u0105, be joki\u0173 i\u0161lyg\u0173. Myl\u0117ti, kai jam sekasi, ir dvigubai labiau \u2013 kai nesiseka.","robots":{"index":"index","follow":"follow","max-snippet":"max-snippet:-1","max-image-preview":"max-image-preview:large","max-video-preview":"max-video-preview:-1"},"canonical":"https:\/\/skaitytaknyga.lt\/en\/produktas\/j-j-petraitiene-laimingos-mamos-dienorastis\/","og_locale":"en_GB","og_type":"article","og_title":"[:lt]Laimingos mamos dienora\u0161tis[:] - Skaitytaknyga","og_description":"\u0160iandien jau \u017einau, kaip tapti geriausia mama. Reikia labai myl\u0117ti savo vaik\u0105, be joki\u0173 i\u0161lyg\u0173. Myl\u0117ti, kai jam sekasi, ir dvigubai labiau \u2013 kai nesiseka.","og_url":"https:\/\/skaitytaknyga.lt\/en\/produktas\/j-j-petraitiene-laimingos-mamos-dienorastis\/","og_site_name":"Skaitytaknyga","article_publisher":"https:\/\/www.facebook.com\/skaitytaknyga\/","article_modified_time":"2025-05-19T06:47:00+00:00","og_image":[{"width":304,"height":430,"url":"https:\/\/skaitytaknyga.lt\/wp-content\/uploads\/2024\/04\/1462873232_laimingosmamos.jpg","type":"image\/jpeg"}],"twitter_card":"summary_large_image","twitter_misc":{"Estimated reading time":"1 minute"},"schema":{"@context":"https:\/\/schema.org","@graph":[{"@type":"WebPage","@id":"https:\/\/skaitytaknyga.lt\/produktas\/j-j-petraitiene-laimingos-mamos-dienorastis\/","url":"https:\/\/skaitytaknyga.lt\/produktas\/j-j-petraitiene-laimingos-mamos-dienorastis\/","name":"Laimingos mamos dienora\u0161tis","isPartOf":{"@id":"https:\/\/skaitytaknyga.lt\/#website"},"primaryImageOfPage":{"@id":"https:\/\/skaitytaknyga.lt\/produktas\/j-j-petraitiene-laimingos-mamos-dienorastis\/#primaryimage"},"image":{"@id":"https:\/\/skaitytaknyga.lt\/produktas\/j-j-petraitiene-laimingos-mamos-dienorastis\/#primaryimage"},"thumbnailUrl":"https:\/\/skaitytaknyga.lt\/wp-content\/uploads\/2024\/04\/1462873232_laimingosmamos.jpg","datePublished":"2024-04-17T13:17:54+00:00","dateModified":"2025-05-19T06:47:00+00:00","description":"\u0160iandien jau \u017einau, kaip tapti geriausia mama. Reikia labai myl\u0117ti savo vaik\u0105, be joki\u0173 i\u0161lyg\u0173. Myl\u0117ti, kai jam sekasi, ir dvigubai labiau \u2013 kai nesiseka.","breadcrumb":{"@id":"https:\/\/skaitytaknyga.lt\/produktas\/j-j-petraitiene-laimingos-mamos-dienorastis\/#breadcrumb"},"inLanguage":"en-GB","potentialAction":[{"@type":"ReadAction","target":["https:\/\/skaitytaknyga.lt\/produktas\/j-j-petraitiene-laimingos-mamos-dienorastis\/"]}]},{"@type":"ImageObject","inLanguage":"en-GB","@id":"https:\/\/skaitytaknyga.lt\/produktas\/j-j-petraitiene-laimingos-mamos-dienorastis\/#primaryimage","url":"https:\/\/skaitytaknyga.lt\/wp-content\/uploads\/2024\/04\/1462873232_laimingosmamos.jpg","contentUrl":"https:\/\/skaitytaknyga.lt\/wp-content\/uploads\/2024\/04\/1462873232_laimingosmamos.jpg","width":304,"height":430,"caption":"1462873232 laimingosmamos"},{"@type":"BreadcrumbList","@id":"https:\/\/skaitytaknyga.lt\/produktas\/j-j-petraitiene-laimingos-mamos-dienorastis\/#breadcrumb","itemListElement":[{"@type":"ListItem","position":1,"name":"Home","item":"https:\/\/skaitytaknyga.lt\/"},{"@type":"ListItem","position":2,"name":"Parduotuv\u0117","item":"https:\/\/skaitytaknyga.lt\/knygu-parduotuve\/"},{"@type":"ListItem","position":3,"name":"Laimingos mamos dienora\u0161tis"}]},{"@type":"WebSite","@id":"https:\/\/skaitytaknyga.lt\/#website","url":"https:\/\/skaitytaknyga.lt\/","name":"skaitytaknyga.lt","description":"Skaitytaknyga.lt \u2013 tai ma\u017eas \u0161eimos verslas, kuris prasid\u0117jo nuo meil\u0117s knygoms ir siekio i\u0161gelb\u0117ti knygas nuo likimo prie konteinerio. Kas vienam nereikalingas daiktas \u2013 kitam lobis, o mes esame tarpininkai, kurie padeda abiems tapti laimingesniems ???? \u017dinome kaip nelengva i\u0161gyventi ma\u017eiems verslams, tad nuo \u0161iol, \u010dia rasite ir kit\u0173, ma\u017e\u0173 \u0161eim\u0173 versl\u0173, rank\u0173 darbo, dovan\u0173 sau ir artimiesiems.","publisher":{"@id":"https:\/\/skaitytaknyga.lt\/#organization"},"potentialAction":[{"@type":"SearchAction","target":{"@type":"EntryPoint","urlTemplate":"https:\/\/skaitytaknyga.lt\/?s={search_term_string}"},"query-input":{"@type":"PropertyValueSpecification","valueRequired":true,"valueName":"search_term_string"}}],"inLanguage":"en-GB"},{"@type":"Organization","@id":"https:\/\/skaitytaknyga.lt\/#organization","name":"skaitytaknyga.lt","url":"https:\/\/skaitytaknyga.lt\/","logo":{"@type":"ImageObject","inLanguage":"en-GB","@id":"https:\/\/skaitytaknyga.lt\/#\/schema\/logo\/image\/","url":"https:\/\/skaitytaknyga.lt\/wp-content\/uploads\/2024\/05\/cropped-cropped-cropped-02_00843_jt3bggkj1j3HLc7SyY6rEUpg.jpeg","contentUrl":"https:\/\/skaitytaknyga.lt\/wp-content\/uploads\/2024\/05\/cropped-cropped-cropped-02_00843_jt3bggkj1j3HLc7SyY6rEUpg.jpeg","width":1600,"height":1600,"caption":"skaitytaknyga.lt"},"image":{"@id":"https:\/\/skaitytaknyga.lt\/#\/schema\/logo\/image\/"},"sameAs":["https:\/\/www.facebook.com\/skaitytaknyga\/"]}]}},"_links":{"self":[{"href":"https:\/\/skaitytaknyga.lt\/en\/wp-json\/wp\/v2\/product\/2812","targetHints":{"allow":["GET"]}}],"collection":[{"href":"https:\/\/skaitytaknyga.lt\/en\/wp-json\/wp\/v2\/product"}],"about":[{"href":"https:\/\/skaitytaknyga.lt\/en\/wp-json\/wp\/v2\/types\/product"}],"replies":[{"embeddable":true,"href":"https:\/\/skaitytaknyga.lt\/en\/wp-json\/wp\/v2\/comments?post=2812"}],"wp:featuredmedia":[{"embeddable":true,"href":"https:\/\/skaitytaknyga.lt\/en\/wp-json\/wp\/v2\/media\/2860"}],"wp:attachment":[{"href":"https:\/\/skaitytaknyga.lt\/en\/wp-json\/wp\/v2\/media?parent=2812"}],"wp:term":[{"taxonomy":"product_brand","embeddable":true,"href":"https:\/\/skaitytaknyga.lt\/en\/wp-json\/wp\/v2\/product_brand?post=2812"},{"taxonomy":"product_cat","embeddable":true,"href":"https:\/\/skaitytaknyga.lt\/en\/wp-json\/wp\/v2\/product_cat?post=2812"},{"taxonomy":"product_tag","embeddable":true,"href":"https:\/\/skaitytaknyga.lt\/en\/wp-json\/wp\/v2\/product_tag?post=2812"}],"curies":[{"name":"wp","href":"https:\/\/api.w.org\/{rel}","templated":true}]}}