{"id":2808,"date":"2024-04-17T13:17:54","date_gmt":"2024-04-17T13:17:54","guid":{"rendered":"https:\/\/skaitytaknyga.lt\/?post_type=product&#038;p=2808"},"modified":"2024-05-03T07:16:31","modified_gmt":"2024-05-03T07:16:31","slug":"l-geddes-bumpologija","status":"publish","type":"product","link":"https:\/\/skaitytaknyga.lt\/en\/produktas\/l-geddes-bumpologija\/","title":{"rendered":"L. Geddes \u201eBumpologija\u201c"},"content":{"rendered":"<p>Turb\u016bt visoms besilaukian\u010dioms mamyt\u0117ms kyla begal\u0117s klausim\u0173 apie nauj\u0105 gyvyb\u0119. Jos ie\u0161ko atsakym\u0173, bet gauta informacija da\u017enai b\u016bna prie\u0161taringa. Taip nutiko ir \u0161ios knygos autorei\u00a0Lindai Geddes. Ji dirba \u017eurnale\u00a0New Scientist, tod\u0117l tur\u0117jo galimyb\u0119 remtis pa\u010diais \u0161iuolaiki\u0161kiausiais ir naujausiais mokslini\u0173 tyrim\u0173 duomenimis. \u017durnale prasid\u0117jusi diskusija virto i\u0161samiomis studijomis ir galiausiai puikia knyga. Joje rasite atsakymus \u012f pa\u010dius \u012fvairiausius klausimus apie n\u0117\u0161\u010di\u0173j\u0173 mityb\u0105, k\u016bno pakitimus, besivystant\u012f vaisi\u0173, gimdym\u0105.<\/p>\n<p>Ar n\u0117\u0161\u010diosios i\u0161 ties\u0173 valgo kreid\u0105?<\/p>\n<p>Kas sukelia rytin\u012f pykinim\u0105 ir ar galima j\u012f suma\u017einti?<\/p>\n<p>Ar tikrai reikia valgyti u\u017e du?<\/p>\n<p>Ar dideliems t\u0117vams gimsta dideli vaikai?<\/p>\n<p>Ar n\u0117\u0161\u010diai saugu mank\u0161tintis?<\/p>\n<p>Ar stresas kenkia vaisiui?<\/p>\n<p>Ar vyrai taip pat gali jausti n\u0117\u0161tumo simptomus?<\/p>\n<p>Ar jie pasikei\u010dia, tap\u0119 t\u0117\u010diais?<\/p>\n<p>Ar vaisius jau\u010dia mamos nuotaikas?<\/p>\n<p>Ko jis i\u0161moksta \u012fs\u010diose?<\/p>\n<p>Kas lemia gimdymo laik\u0105?<\/p>\n<p>Kod\u0117l \u017emoni\u0173 naujagimiai tokie bej\u0117giai?<\/p>\n<p>\u012e \u0161iuos ir daugel\u012f kit\u0173 aktuali\u0173 klausim\u0173 atsako Linda Geddes, garsi brit\u0173 \u017eurnalist\u0117, u\u017e savo darbus pelniusi daug apdovanojim\u0173.<\/p>\n","protected":false},"excerpt":{"rendered":"<p>Turb\u016bt visoms besilaukian\u010dioms mamyt\u0117ms kyla begal\u0117s klausim\u0173 apie nauj\u0105 gyvyb\u0119. Jos ie\u0161ko atsakym\u0173, bet gauta informacija da\u017enai b\u016bna prie\u0161taringa. Taip nutiko ir \u0161ios knygos autorei\u00a0Lindai Geddes. Ji dirba \u017eurnale\u00a0New Scientist, tod\u0117l tur\u0117jo galimyb\u0119 remtis pa\u010diais \u0161iuolaiki\u0161kiausiais ir naujausiais mokslini\u0173 tyrim\u0173 duomenimis. \u017durnale prasid\u0117jusi diskusija virto i\u0161samiomis studijomis ir galiausiai puikia knyga. Joje rasite atsakymus \u012f pa\u010dius \u012fvairiausius klausimus apie n\u0117\u0161\u010di\u0173j\u0173 mityb\u0105, k\u016bno pakitimus, besivystant\u012f vaisi\u0173, gimdym\u0105. Ar n\u0117\u0161\u010diosios i\u0161 ties\u0173 valgo kreid\u0105? Kas sukelia rytin\u012f pykinim\u0105 ir ar galima j\u012f suma\u017einti? Ar tikrai reikia valgyti u\u017e du? Ar dideliems t\u0117vams gimsta dideli vaikai? Ar n\u0117\u0161\u010diai saugu mank\u0161tintis? Ar stresas kenkia vaisiui? Ar vyrai taip pat gali jausti n\u0117\u0161tumo simptomus? Ar jie pasikei\u010dia, tap\u0119 t\u0117\u010diais? Ar vaisius jau\u010dia mamos nuotaikas? Ko jis i\u0161moksta \u012fs\u010diose? Kas lemia gimdymo laik\u0105? Kod\u0117l \u017emoni\u0173 naujagimiai tokie bej\u0117giai? \u012e \u0161iuos ir daugel\u012f kit\u0173 aktuali\u0173 klausim\u0173 atsako Linda Geddes, garsi brit\u0173 \u017eurnalist\u0117, u\u017e savo darbus pelniusi daug apdovanojim\u0173.<\/p>\n","protected":false},"featured_media":2855,"comment_status":"closed","ping_status":"closed","template":"","meta":{"_acf_changed":false,"site-sidebar-layout":"default","site-content-layout":"","ast-site-content-layout":"default","site-content-style":"default","site-sidebar-style":"default","ast-global-header-display":"","ast-banner-title-visibility":"","ast-main-header-display":"","ast-hfb-above-header-display":"","ast-hfb-below-header-display":"","ast-hfb-mobile-header-display":"","site-post-title":"","ast-breadcrumbs-content":"","ast-featured-img":"","footer-sml-layout":"","ast-disable-related-posts":"","theme-transparent-header-meta":"","adv-header-id-meta":"","stick-header-meta":"","header-above-stick-meta":"","header-main-stick-meta":"","header-below-stick-meta":"","astra-migrate-meta-layouts":"default","ast-page-background-enabled":"default","ast-page-background-meta":{"desktop":{"background-color":"","background-image":"","background-repeat":"repeat","background-position":"center center","background-size":"auto","background-attachment":"scroll","background-type":"","background-media":"","overlay-type":"","overlay-color":"","overlay-opacity":"","overlay-gradient":""},"tablet":{"background-color":"","background-image":"","background-repeat":"repeat","background-position":"center center","background-size":"auto","background-attachment":"scroll","background-type":"","background-media":"","overlay-type":"","overlay-color":"","overlay-opacity":"","overlay-gradient":""},"mobile":{"background-color":"","background-image":"","background-repeat":"repeat","background-position":"center center","background-size":"auto","background-attachment":"scroll","background-type":"","background-media":"","overlay-type":"","overlay-color":"","overlay-opacity":"","overlay-gradient":""}},"ast-content-background-meta":{"desktop":{"background-color":"var(--ast-global-color-4)","background-image":"","background-repeat":"repeat","background-position":"center center","background-size":"auto","background-attachment":"scroll","background-type":"","background-media":"","overlay-type":"","overlay-color":"","overlay-opacity":"","overlay-gradient":""},"tablet":{"background-color":"var(--ast-global-color-4)","background-image":"","background-repeat":"repeat","background-position":"center center","background-size":"auto","background-attachment":"scroll","background-type":"","background-media":"","overlay-type":"","overlay-color":"","overlay-opacity":"","overlay-gradient":""},"mobile":{"background-color":"var(--ast-global-color-4)","background-image":"","background-repeat":"repeat","background-position":"center center","background-size":"auto","background-attachment":"scroll","background-type":"","background-media":"","overlay-type":"","overlay-color":"","overlay-opacity":"","overlay-gradient":""}}},"product_brand":[],"product_cat":[37],"product_tag":[],"class_list":{"0":"post-2808","1":"product","2":"type-product","3":"status-publish","4":"has-post-thumbnail","6":"product_cat-nestumas-ir-vaiku-prieziura-bei-auklejimas","7":"desktop-align-left","8":"tablet-align-left","9":"mobile-align-left","11":"first","12":"instock","13":"shipping-taxable","14":"purchasable","15":"product-type-simple"},"acf":[],"yoast_head":"<!-- This site is optimized with the Yoast SEO plugin v27.0 - https:\/\/yoast.com\/product\/yoast-seo-wordpress\/ -->\n<title>L. Geddes \u201eBumpologija\u201c - Skaitytaknyga<\/title>\n<meta name=\"description\" content=\"Turb\u016bt visoms besilaukian\u010dioms mamyt\u0117ms kyla begal\u0117s klausim\u0173 apie nauj\u0105 gyvyb\u0119. Jos ie\u0161ko atsakym\u0173, bet gauta informacija da\u017enai b\u016bna prie\u0161taringa. Taip\" \/>\n<meta name=\"robots\" content=\"index, follow, max-snippet:-1, max-image-preview:large, max-video-preview:-1\" \/>\n<link rel=\"canonical\" href=\"https:\/\/skaitytaknyga.lt\/en\/produktas\/l-geddes-bumpologija\/\" \/>\n<meta property=\"og:locale\" content=\"en_GB\" \/>\n<meta property=\"og:locale:alternate\" content=\"lt_LT\" \/>\n<meta property=\"og:type\" content=\"article\" \/>\n<meta property=\"og:title\" content=\"L. Geddes \u201eBumpologija\u201c - Skaitytaknyga\" \/>\n<meta property=\"og:description\" content=\"Turb\u016bt visoms besilaukian\u010dioms mamyt\u0117ms kyla begal\u0117s klausim\u0173 apie nauj\u0105 gyvyb\u0119. Jos ie\u0161ko atsakym\u0173, bet gauta informacija da\u017enai b\u016bna prie\u0161taringa. Taip\" \/>\n<meta property=\"og:url\" content=\"https:\/\/skaitytaknyga.lt\/en\/produktas\/l-geddes-bumpologija\/\" \/>\n<meta property=\"og:site_name\" content=\"Skaitytaknyga\" \/>\n<meta property=\"article:publisher\" content=\"https:\/\/www.facebook.com\/skaitytaknyga\/\" \/>\n<meta property=\"article:modified_time\" content=\"2024-05-03T07:16:31+00:00\" \/>\n<meta property=\"og:image\" content=\"https:\/\/skaitytaknyga.lt\/wp-content\/uploads\/2024\/04\/1462884108_4894.jpg\" \/>\n\t<meta property=\"og:image:width\" content=\"426\" \/>\n\t<meta property=\"og:image:height\" content=\"638\" \/>\n\t<meta property=\"og:image:type\" content=\"image\/jpeg\" \/>\n<meta name=\"twitter:card\" content=\"summary_large_image\" \/>\n<meta name=\"twitter:label1\" content=\"Estimated reading time\" \/>\n\t<meta name=\"twitter:data1\" content=\"1 minute\" \/>\n<script type=\"application\/ld+json\" class=\"yoast-schema-graph\">{\"@context\":\"https:\/\/schema.org\",\"@graph\":[{\"@type\":\"WebPage\",\"@id\":\"https:\/\/skaitytaknyga.lt\/produktas\/l-geddes-bumpologija\/\",\"url\":\"https:\/\/skaitytaknyga.lt\/produktas\/l-geddes-bumpologija\/\",\"name\":\"L. Geddes \u201eBumpologija\u201c - Skaitytaknyga\",\"isPartOf\":{\"@id\":\"https:\/\/skaitytaknyga.lt\/#website\"},\"primaryImageOfPage\":{\"@id\":\"https:\/\/skaitytaknyga.lt\/produktas\/l-geddes-bumpologija\/#primaryimage\"},\"image\":{\"@id\":\"https:\/\/skaitytaknyga.lt\/produktas\/l-geddes-bumpologija\/#primaryimage\"},\"thumbnailUrl\":\"https:\/\/skaitytaknyga.lt\/wp-content\/uploads\/2024\/04\/1462884108_4894.jpg\",\"datePublished\":\"2024-04-17T13:17:54+00:00\",\"dateModified\":\"2024-05-03T07:16:31+00:00\",\"description\":\"Turb\u016bt visoms besilaukian\u010dioms mamyt\u0117ms kyla begal\u0117s klausim\u0173 apie nauj\u0105 gyvyb\u0119. Jos ie\u0161ko atsakym\u0173, bet gauta informacija da\u017enai b\u016bna prie\u0161taringa. Taip\",\"breadcrumb\":{\"@id\":\"https:\/\/skaitytaknyga.lt\/produktas\/l-geddes-bumpologija\/#breadcrumb\"},\"inLanguage\":\"en-GB\",\"potentialAction\":[{\"@type\":\"ReadAction\",\"target\":[\"https:\/\/skaitytaknyga.lt\/produktas\/l-geddes-bumpologija\/\"]}]},{\"@type\":\"ImageObject\",\"inLanguage\":\"en-GB\",\"@id\":\"https:\/\/skaitytaknyga.lt\/produktas\/l-geddes-bumpologija\/#primaryimage\",\"url\":\"https:\/\/skaitytaknyga.lt\/wp-content\/uploads\/2024\/04\/1462884108_4894.jpg\",\"contentUrl\":\"https:\/\/skaitytaknyga.lt\/wp-content\/uploads\/2024\/04\/1462884108_4894.jpg\",\"width\":426,\"height\":638,\"caption\":\"1462884108 4894\"},{\"@type\":\"BreadcrumbList\",\"@id\":\"https:\/\/skaitytaknyga.lt\/produktas\/l-geddes-bumpologija\/#breadcrumb\",\"itemListElement\":[{\"@type\":\"ListItem\",\"position\":1,\"name\":\"Home\",\"item\":\"https:\/\/skaitytaknyga.lt\/\"},{\"@type\":\"ListItem\",\"position\":2,\"name\":\"Parduotuv\u0117\",\"item\":\"https:\/\/skaitytaknyga.lt\/knygu-parduotuve\/\"},{\"@type\":\"ListItem\",\"position\":3,\"name\":\"L. Geddes \u201eBumpologija\u201c\"}]},{\"@type\":\"WebSite\",\"@id\":\"https:\/\/skaitytaknyga.lt\/#website\",\"url\":\"https:\/\/skaitytaknyga.lt\/\",\"name\":\"skaitytaknyga.lt\",\"description\":\"Skaitytaknyga.lt \u2013 tai ma\u017eas \u0161eimos verslas, kuris prasid\u0117jo nuo meil\u0117s knygoms ir siekio i\u0161gelb\u0117ti knygas nuo likimo prie konteinerio. Kas vienam nereikalingas daiktas \u2013 kitam lobis, o mes esame tarpininkai, kurie padeda abiems tapti laimingesniems ???? \u017dinome kaip nelengva i\u0161gyventi ma\u017eiems verslams, tad nuo \u0161iol, \u010dia rasite ir kit\u0173, ma\u017e\u0173 \u0161eim\u0173 versl\u0173, rank\u0173 darbo, dovan\u0173 sau ir artimiesiems.\",\"publisher\":{\"@id\":\"https:\/\/skaitytaknyga.lt\/#organization\"},\"potentialAction\":[{\"@type\":\"SearchAction\",\"target\":{\"@type\":\"EntryPoint\",\"urlTemplate\":\"https:\/\/skaitytaknyga.lt\/?s={search_term_string}\"},\"query-input\":{\"@type\":\"PropertyValueSpecification\",\"valueRequired\":true,\"valueName\":\"search_term_string\"}}],\"inLanguage\":\"en-GB\"},{\"@type\":\"Organization\",\"@id\":\"https:\/\/skaitytaknyga.lt\/#organization\",\"name\":\"skaitytaknyga.lt\",\"url\":\"https:\/\/skaitytaknyga.lt\/\",\"logo\":{\"@type\":\"ImageObject\",\"inLanguage\":\"en-GB\",\"@id\":\"https:\/\/skaitytaknyga.lt\/#\/schema\/logo\/image\/\",\"url\":\"https:\/\/skaitytaknyga.lt\/wp-content\/uploads\/2024\/05\/cropped-cropped-cropped-02_00843_jt3bggkj1j3HLc7SyY6rEUpg.jpeg\",\"contentUrl\":\"https:\/\/skaitytaknyga.lt\/wp-content\/uploads\/2024\/05\/cropped-cropped-cropped-02_00843_jt3bggkj1j3HLc7SyY6rEUpg.jpeg\",\"width\":1600,\"height\":1600,\"caption\":\"skaitytaknyga.lt\"},\"image\":{\"@id\":\"https:\/\/skaitytaknyga.lt\/#\/schema\/logo\/image\/\"},\"sameAs\":[\"https:\/\/www.facebook.com\/skaitytaknyga\/\"]}]}<\/script>\n<!-- \/ Yoast SEO plugin. -->","yoast_head_json":{"title":"L. Geddes \u201eBumpologija\u201c - Skaitytaknyga","description":"Turb\u016bt visoms besilaukian\u010dioms mamyt\u0117ms kyla begal\u0117s klausim\u0173 apie nauj\u0105 gyvyb\u0119. Jos ie\u0161ko atsakym\u0173, bet gauta informacija da\u017enai b\u016bna prie\u0161taringa. Taip","robots":{"index":"index","follow":"follow","max-snippet":"max-snippet:-1","max-image-preview":"max-image-preview:large","max-video-preview":"max-video-preview:-1"},"canonical":"https:\/\/skaitytaknyga.lt\/en\/produktas\/l-geddes-bumpologija\/","og_locale":"en_GB","og_type":"article","og_title":"L. Geddes \u201eBumpologija\u201c - Skaitytaknyga","og_description":"Turb\u016bt visoms besilaukian\u010dioms mamyt\u0117ms kyla begal\u0117s klausim\u0173 apie nauj\u0105 gyvyb\u0119. Jos ie\u0161ko atsakym\u0173, bet gauta informacija da\u017enai b\u016bna prie\u0161taringa. Taip","og_url":"https:\/\/skaitytaknyga.lt\/en\/produktas\/l-geddes-bumpologija\/","og_site_name":"Skaitytaknyga","article_publisher":"https:\/\/www.facebook.com\/skaitytaknyga\/","article_modified_time":"2024-05-03T07:16:31+00:00","og_image":[{"width":426,"height":638,"url":"https:\/\/skaitytaknyga.lt\/wp-content\/uploads\/2024\/04\/1462884108_4894.jpg","type":"image\/jpeg"}],"twitter_card":"summary_large_image","twitter_misc":{"Estimated reading time":"1 minute"},"schema":{"@context":"https:\/\/schema.org","@graph":[{"@type":"WebPage","@id":"https:\/\/skaitytaknyga.lt\/produktas\/l-geddes-bumpologija\/","url":"https:\/\/skaitytaknyga.lt\/produktas\/l-geddes-bumpologija\/","name":"L. Geddes \u201eBumpologija\u201c - Skaitytaknyga","isPartOf":{"@id":"https:\/\/skaitytaknyga.lt\/#website"},"primaryImageOfPage":{"@id":"https:\/\/skaitytaknyga.lt\/produktas\/l-geddes-bumpologija\/#primaryimage"},"image":{"@id":"https:\/\/skaitytaknyga.lt\/produktas\/l-geddes-bumpologija\/#primaryimage"},"thumbnailUrl":"https:\/\/skaitytaknyga.lt\/wp-content\/uploads\/2024\/04\/1462884108_4894.jpg","datePublished":"2024-04-17T13:17:54+00:00","dateModified":"2024-05-03T07:16:31+00:00","description":"Turb\u016bt visoms besilaukian\u010dioms mamyt\u0117ms kyla begal\u0117s klausim\u0173 apie nauj\u0105 gyvyb\u0119. Jos ie\u0161ko atsakym\u0173, bet gauta informacija da\u017enai b\u016bna prie\u0161taringa. Taip","breadcrumb":{"@id":"https:\/\/skaitytaknyga.lt\/produktas\/l-geddes-bumpologija\/#breadcrumb"},"inLanguage":"en-GB","potentialAction":[{"@type":"ReadAction","target":["https:\/\/skaitytaknyga.lt\/produktas\/l-geddes-bumpologija\/"]}]},{"@type":"ImageObject","inLanguage":"en-GB","@id":"https:\/\/skaitytaknyga.lt\/produktas\/l-geddes-bumpologija\/#primaryimage","url":"https:\/\/skaitytaknyga.lt\/wp-content\/uploads\/2024\/04\/1462884108_4894.jpg","contentUrl":"https:\/\/skaitytaknyga.lt\/wp-content\/uploads\/2024\/04\/1462884108_4894.jpg","width":426,"height":638,"caption":"1462884108 4894"},{"@type":"BreadcrumbList","@id":"https:\/\/skaitytaknyga.lt\/produktas\/l-geddes-bumpologija\/#breadcrumb","itemListElement":[{"@type":"ListItem","position":1,"name":"Home","item":"https:\/\/skaitytaknyga.lt\/"},{"@type":"ListItem","position":2,"name":"Parduotuv\u0117","item":"https:\/\/skaitytaknyga.lt\/knygu-parduotuve\/"},{"@type":"ListItem","position":3,"name":"L. Geddes \u201eBumpologija\u201c"}]},{"@type":"WebSite","@id":"https:\/\/skaitytaknyga.lt\/#website","url":"https:\/\/skaitytaknyga.lt\/","name":"skaitytaknyga.lt","description":"Skaitytaknyga.lt \u2013 tai ma\u017eas \u0161eimos verslas, kuris prasid\u0117jo nuo meil\u0117s knygoms ir siekio i\u0161gelb\u0117ti knygas nuo likimo prie konteinerio. Kas vienam nereikalingas daiktas \u2013 kitam lobis, o mes esame tarpininkai, kurie padeda abiems tapti laimingesniems ???? \u017dinome kaip nelengva i\u0161gyventi ma\u017eiems verslams, tad nuo \u0161iol, \u010dia rasite ir kit\u0173, ma\u017e\u0173 \u0161eim\u0173 versl\u0173, rank\u0173 darbo, dovan\u0173 sau ir artimiesiems.","publisher":{"@id":"https:\/\/skaitytaknyga.lt\/#organization"},"potentialAction":[{"@type":"SearchAction","target":{"@type":"EntryPoint","urlTemplate":"https:\/\/skaitytaknyga.lt\/?s={search_term_string}"},"query-input":{"@type":"PropertyValueSpecification","valueRequired":true,"valueName":"search_term_string"}}],"inLanguage":"en-GB"},{"@type":"Organization","@id":"https:\/\/skaitytaknyga.lt\/#organization","name":"skaitytaknyga.lt","url":"https:\/\/skaitytaknyga.lt\/","logo":{"@type":"ImageObject","inLanguage":"en-GB","@id":"https:\/\/skaitytaknyga.lt\/#\/schema\/logo\/image\/","url":"https:\/\/skaitytaknyga.lt\/wp-content\/uploads\/2024\/05\/cropped-cropped-cropped-02_00843_jt3bggkj1j3HLc7SyY6rEUpg.jpeg","contentUrl":"https:\/\/skaitytaknyga.lt\/wp-content\/uploads\/2024\/05\/cropped-cropped-cropped-02_00843_jt3bggkj1j3HLc7SyY6rEUpg.jpeg","width":1600,"height":1600,"caption":"skaitytaknyga.lt"},"image":{"@id":"https:\/\/skaitytaknyga.lt\/#\/schema\/logo\/image\/"},"sameAs":["https:\/\/www.facebook.com\/skaitytaknyga\/"]}]}},"_links":{"self":[{"href":"https:\/\/skaitytaknyga.lt\/en\/wp-json\/wp\/v2\/product\/2808","targetHints":{"allow":["GET"]}}],"collection":[{"href":"https:\/\/skaitytaknyga.lt\/en\/wp-json\/wp\/v2\/product"}],"about":[{"href":"https:\/\/skaitytaknyga.lt\/en\/wp-json\/wp\/v2\/types\/product"}],"replies":[{"embeddable":true,"href":"https:\/\/skaitytaknyga.lt\/en\/wp-json\/wp\/v2\/comments?post=2808"}],"wp:featuredmedia":[{"embeddable":true,"href":"https:\/\/skaitytaknyga.lt\/en\/wp-json\/wp\/v2\/media\/2855"}],"wp:attachment":[{"href":"https:\/\/skaitytaknyga.lt\/en\/wp-json\/wp\/v2\/media?parent=2808"}],"wp:term":[{"taxonomy":"product_brand","embeddable":true,"href":"https:\/\/skaitytaknyga.lt\/en\/wp-json\/wp\/v2\/product_brand?post=2808"},{"taxonomy":"product_cat","embeddable":true,"href":"https:\/\/skaitytaknyga.lt\/en\/wp-json\/wp\/v2\/product_cat?post=2808"},{"taxonomy":"product_tag","embeddable":true,"href":"https:\/\/skaitytaknyga.lt\/en\/wp-json\/wp\/v2\/product_tag?post=2808"}],"curies":[{"name":"wp","href":"https:\/\/api.w.org\/{rel}","templated":true}]}}