{"id":2694,"date":"2024-04-17T13:16:43","date_gmt":"2024-04-17T13:16:43","guid":{"rendered":"https:\/\/skaitytaknyga.lt\/?post_type=product&#038;p=2694"},"modified":"2025-05-13T15:24:11","modified_gmt":"2025-05-13T12:24:11","slug":"n-hillo-raktai-i-sekme","status":"publish","type":"product","link":"https:\/\/skaitytaknyga.lt\/en\/produktas\/n-hillo-raktai-i-sekme\/","title":{"rendered":"N. Hillo \u201eRaktai \u012f s\u0117km\u0119\u201c"},"content":{"rendered":"<p>\u0160i knyga atskleid\u017eia 17 esmini\u0173 s\u0117kmingos veiklos princip\u0173, kurie skatina veikti ry\u017etingiau, stiprina J\u016bs\u0173 teigiam\u0105 dvasin\u0119 nuostat\u0105, o svajones paver\u010dia tikrove. Visiems, kurie trok\u0161ta asmeninio ir finansinio tvirtumo, knyga bus naudingas vedlys ir patar\u0117jas kelyje \u012f suklest\u0117jim\u0105.<\/p>\n<p>Tik\u0117kite savimi, tik\u0117kite savo tikslu, ir teigiama dvasin\u0117 nuostata pad\u0117s Jums nugal\u0117ti visas gyvenimo kli\u016btis.<\/p>\n","protected":false},"excerpt":{"rendered":"<p>\u0160i knyga atskleid\u017eia 17 esmini\u0173 s\u0117kmingos veiklos princip\u0173, kurie skatina veikti ry\u017etingiau, stiprina J\u016bs\u0173 teigiam\u0105 dvasin\u0119 nuostat\u0105, o svajones paver\u010dia tikrove. Visiems, kurie trok\u0161ta asmeninio ir finansinio tvirtumo, knyga bus naudingas vedlys ir patar\u0117jas kelyje \u012f suklest\u0117jim\u0105.<\/p>\n<p>Tik\u0117kite savimi, tik\u0117kite savo tikslu, ir teigiama dvasin\u0117 nuostata pad\u0117s Jums nugal\u0117ti visas gyvenimo kli\u016btis.<\/p>\n","protected":false},"featured_media":2747,"comment_status":"closed","ping_status":"closed","template":"","meta":{"_acf_changed":false,"site-sidebar-layout":"default","site-content-layout":"","ast-site-content-layout":"default","site-content-style":"default","site-sidebar-style":"default","ast-global-header-display":"","ast-banner-title-visibility":"","ast-main-header-display":"","ast-hfb-above-header-display":"","ast-hfb-below-header-display":"","ast-hfb-mobile-header-display":"","site-post-title":"","ast-breadcrumbs-content":"","ast-featured-img":"","footer-sml-layout":"","ast-disable-related-posts":"","theme-transparent-header-meta":"","adv-header-id-meta":"","stick-header-meta":"","header-above-stick-meta":"","header-main-stick-meta":"","header-below-stick-meta":"","astra-migrate-meta-layouts":"default","ast-page-background-enabled":"default","ast-page-background-meta":{"desktop":{"background-color":"","background-image":"","background-repeat":"repeat","background-position":"center center","background-size":"auto","background-attachment":"scroll","background-type":"","background-media":"","overlay-type":"","overlay-color":"","overlay-opacity":"","overlay-gradient":""},"tablet":{"background-color":"","background-image":"","background-repeat":"repeat","background-position":"center center","background-size":"auto","background-attachment":"scroll","background-type":"","background-media":"","overlay-type":"","overlay-color":"","overlay-opacity":"","overlay-gradient":""},"mobile":{"background-color":"","background-image":"","background-repeat":"repeat","background-position":"center center","background-size":"auto","background-attachment":"scroll","background-type":"","background-media":"","overlay-type":"","overlay-color":"","overlay-opacity":"","overlay-gradient":""}},"ast-content-background-meta":{"desktop":{"background-color":"var(--ast-global-color-4)","background-image":"","background-repeat":"repeat","background-position":"center center","background-size":"auto","background-attachment":"scroll","background-type":"","background-media":"","overlay-type":"","overlay-color":"","overlay-opacity":"","overlay-gradient":""},"tablet":{"background-color":"var(--ast-global-color-4)","background-image":"","background-repeat":"repeat","background-position":"center center","background-size":"auto","background-attachment":"scroll","background-type":"","background-media":"","overlay-type":"","overlay-color":"","overlay-opacity":"","overlay-gradient":""},"mobile":{"background-color":"var(--ast-global-color-4)","background-image":"","background-repeat":"repeat","background-position":"center center","background-size":"auto","background-attachment":"scroll","background-type":"","background-media":"","overlay-type":"","overlay-color":"","overlay-opacity":"","overlay-gradient":""}}},"product_brand":[],"product_cat":[26],"product_tag":[1972,2412,1409,2410,1396,2411],"class_list":{"0":"post-2694","1":"product","2":"type-product","3":"status-publish","4":"has-post-thumbnail","6":"product_cat-verslas-vadyba-ir-finansai","7":"product_tag-asmeninis-augimas","8":"product_tag-gyvenimo-tikslai","9":"product_tag-motyvacija","10":"product_tag-n-hillo","11":"product_tag-saviugda","12":"product_tag-sekme","13":"pa_leidimo-metai-254","14":"pa_virselis-minkstas","15":"desktop-align-left","16":"tablet-align-left","17":"mobile-align-left","19":"first","20":"outofstock","21":"shipping-taxable","22":"purchasable","23":"product-type-simple"},"acf":[],"yoast_head":"<!-- This site is optimized with the Yoast SEO plugin v27.0 - https:\/\/yoast.com\/product\/yoast-seo-wordpress\/ -->\n<title>N. Hillo \u201eRaktai \u012f s\u0117km\u0119\u201c - Skaitytaknyga<\/title>\n<meta name=\"description\" content=\"\u0160i knyga atskleid\u017eia 17 esmini\u0173 s\u0117kmingos veiklos princip\u0173, kurie skatina veikti ry\u017etingiau, stiprina J\u016bs\u0173 teigiam\u0105 dvasin\u0119 nuostat\u0105, o svajones paver\u010dia tikrove. Visiems, kurie trok\u0161ta asmeninio ir finansinio tvirtumo, knyga bus naudingas vedlys ir patar\u0117jas kelyje \u012f suklest\u0117jim\u0105.  Tik\u0117kite savimi, tik\u0117kite savo tikslu, ir teigiama dvasin\u0117 nuostata pad\u0117s Jums nugal\u0117ti visas gyvenimo kli\u016btis.\" \/>\n<meta name=\"robots\" content=\"index, follow, max-snippet:-1, max-image-preview:large, max-video-preview:-1\" \/>\n<link rel=\"canonical\" href=\"https:\/\/skaitytaknyga.lt\/en\/produktas\/n-hillo-raktai-i-sekme\/\" \/>\n<meta property=\"og:locale\" content=\"en_GB\" \/>\n<meta property=\"og:locale:alternate\" content=\"lt_LT\" \/>\n<meta property=\"og:type\" content=\"article\" \/>\n<meta property=\"og:title\" content=\"N. Hillo \u201eRaktai \u012f s\u0117km\u0119\u201c - Skaitytaknyga\" \/>\n<meta property=\"og:description\" content=\"\u0160i knyga atskleid\u017eia 17 esmini\u0173 s\u0117kmingos veiklos princip\u0173, kurie skatina veikti ry\u017etingiau, stiprina J\u016bs\u0173 teigiam\u0105 dvasin\u0119 nuostat\u0105, o svajones paver\u010dia tikrove. Visiems, kurie trok\u0161ta asmeninio ir finansinio tvirtumo, knyga bus naudingas vedlys ir patar\u0117jas kelyje \u012f suklest\u0117jim\u0105.  Tik\u0117kite savimi, tik\u0117kite savo tikslu, ir teigiama dvasin\u0117 nuostata pad\u0117s Jums nugal\u0117ti visas gyvenimo kli\u016btis.\" \/>\n<meta property=\"og:url\" content=\"https:\/\/skaitytaknyga.lt\/en\/produktas\/n-hillo-raktai-i-sekme\/\" \/>\n<meta property=\"og:site_name\" content=\"Skaitytaknyga\" \/>\n<meta property=\"article:publisher\" content=\"https:\/\/www.facebook.com\/skaitytaknyga\/\" \/>\n<meta property=\"article:modified_time\" content=\"2025-05-13T12:24:11+00:00\" \/>\n<meta property=\"og:image\" content=\"https:\/\/skaitytaknyga.lt\/wp-content\/uploads\/2024\/04\/1462884952_img0021-001.jpg\" \/>\n\t<meta property=\"og:image:width\" content=\"303\" \/>\n\t<meta property=\"og:image:height\" content=\"430\" \/>\n\t<meta property=\"og:image:type\" content=\"image\/jpeg\" \/>\n<meta name=\"twitter:card\" content=\"summary_large_image\" \/>\n<script type=\"application\/ld+json\" class=\"yoast-schema-graph\">{\"@context\":\"https:\/\/schema.org\",\"@graph\":[{\"@type\":\"WebPage\",\"@id\":\"https:\/\/skaitytaknyga.lt\/produktas\/n-hillo-raktai-i-sekme\/\",\"url\":\"https:\/\/skaitytaknyga.lt\/produktas\/n-hillo-raktai-i-sekme\/\",\"name\":\"N. Hillo \u201eRaktai \u012f s\u0117km\u0119\u201c - Skaitytaknyga\",\"isPartOf\":{\"@id\":\"https:\/\/skaitytaknyga.lt\/#website\"},\"primaryImageOfPage\":{\"@id\":\"https:\/\/skaitytaknyga.lt\/produktas\/n-hillo-raktai-i-sekme\/#primaryimage\"},\"image\":{\"@id\":\"https:\/\/skaitytaknyga.lt\/produktas\/n-hillo-raktai-i-sekme\/#primaryimage\"},\"thumbnailUrl\":\"https:\/\/skaitytaknyga.lt\/wp-content\/uploads\/2024\/04\/1462884952_img0021-001.jpg\",\"datePublished\":\"2024-04-17T13:16:43+00:00\",\"dateModified\":\"2025-05-13T12:24:11+00:00\",\"description\":\"\u0160i knyga atskleid\u017eia 17 esmini\u0173 s\u0117kmingos veiklos princip\u0173, kurie skatina veikti ry\u017etingiau, stiprina J\u016bs\u0173 teigiam\u0105 dvasin\u0119 nuostat\u0105, o svajones paver\u010dia tikrove. Visiems, kurie trok\u0161ta asmeninio ir finansinio tvirtumo, knyga bus naudingas vedlys ir patar\u0117jas kelyje \u012f suklest\u0117jim\u0105. Tik\u0117kite savimi, tik\u0117kite savo tikslu, ir teigiama dvasin\u0117 nuostata pad\u0117s Jums nugal\u0117ti visas gyvenimo kli\u016btis.\",\"breadcrumb\":{\"@id\":\"https:\/\/skaitytaknyga.lt\/produktas\/n-hillo-raktai-i-sekme\/#breadcrumb\"},\"inLanguage\":\"en-GB\",\"potentialAction\":[{\"@type\":\"ReadAction\",\"target\":[\"https:\/\/skaitytaknyga.lt\/produktas\/n-hillo-raktai-i-sekme\/\"]}]},{\"@type\":\"ImageObject\",\"inLanguage\":\"en-GB\",\"@id\":\"https:\/\/skaitytaknyga.lt\/produktas\/n-hillo-raktai-i-sekme\/#primaryimage\",\"url\":\"https:\/\/skaitytaknyga.lt\/wp-content\/uploads\/2024\/04\/1462884952_img0021-001.jpg\",\"contentUrl\":\"https:\/\/skaitytaknyga.lt\/wp-content\/uploads\/2024\/04\/1462884952_img0021-001.jpg\",\"width\":303,\"height\":430,\"caption\":\"1462884952 img0021 001\"},{\"@type\":\"BreadcrumbList\",\"@id\":\"https:\/\/skaitytaknyga.lt\/produktas\/n-hillo-raktai-i-sekme\/#breadcrumb\",\"itemListElement\":[{\"@type\":\"ListItem\",\"position\":1,\"name\":\"Home\",\"item\":\"https:\/\/skaitytaknyga.lt\/\"},{\"@type\":\"ListItem\",\"position\":2,\"name\":\"Parduotuv\u0117\",\"item\":\"https:\/\/skaitytaknyga.lt\/knygu-parduotuve\/\"},{\"@type\":\"ListItem\",\"position\":3,\"name\":\"N. Hillo \u201eRaktai \u012f s\u0117km\u0119\u201c\"}]},{\"@type\":\"WebSite\",\"@id\":\"https:\/\/skaitytaknyga.lt\/#website\",\"url\":\"https:\/\/skaitytaknyga.lt\/\",\"name\":\"skaitytaknyga.lt\",\"description\":\"Skaitytaknyga.lt \u2013 tai ma\u017eas \u0161eimos verslas, kuris prasid\u0117jo nuo meil\u0117s knygoms ir siekio i\u0161gelb\u0117ti knygas nuo likimo prie konteinerio. Kas vienam nereikalingas daiktas \u2013 kitam lobis, o mes esame tarpininkai, kurie padeda abiems tapti laimingesniems ???? \u017dinome kaip nelengva i\u0161gyventi ma\u017eiems verslams, tad nuo \u0161iol, \u010dia rasite ir kit\u0173, ma\u017e\u0173 \u0161eim\u0173 versl\u0173, rank\u0173 darbo, dovan\u0173 sau ir artimiesiems.\",\"publisher\":{\"@id\":\"https:\/\/skaitytaknyga.lt\/#organization\"},\"potentialAction\":[{\"@type\":\"SearchAction\",\"target\":{\"@type\":\"EntryPoint\",\"urlTemplate\":\"https:\/\/skaitytaknyga.lt\/?s={search_term_string}\"},\"query-input\":{\"@type\":\"PropertyValueSpecification\",\"valueRequired\":true,\"valueName\":\"search_term_string\"}}],\"inLanguage\":\"en-GB\"},{\"@type\":\"Organization\",\"@id\":\"https:\/\/skaitytaknyga.lt\/#organization\",\"name\":\"skaitytaknyga.lt\",\"url\":\"https:\/\/skaitytaknyga.lt\/\",\"logo\":{\"@type\":\"ImageObject\",\"inLanguage\":\"en-GB\",\"@id\":\"https:\/\/skaitytaknyga.lt\/#\/schema\/logo\/image\/\",\"url\":\"https:\/\/skaitytaknyga.lt\/wp-content\/uploads\/2024\/05\/cropped-cropped-cropped-02_00843_jt3bggkj1j3HLc7SyY6rEUpg.jpeg\",\"contentUrl\":\"https:\/\/skaitytaknyga.lt\/wp-content\/uploads\/2024\/05\/cropped-cropped-cropped-02_00843_jt3bggkj1j3HLc7SyY6rEUpg.jpeg\",\"width\":1600,\"height\":1600,\"caption\":\"skaitytaknyga.lt\"},\"image\":{\"@id\":\"https:\/\/skaitytaknyga.lt\/#\/schema\/logo\/image\/\"},\"sameAs\":[\"https:\/\/www.facebook.com\/skaitytaknyga\/\"]}]}<\/script>\n<!-- \/ Yoast SEO plugin. -->","yoast_head_json":{"title":"N. Hillo \u201eRaktai \u012f s\u0117km\u0119\u201c - Skaitytaknyga","description":"\u0160i knyga atskleid\u017eia 17 esmini\u0173 s\u0117kmingos veiklos princip\u0173, kurie skatina veikti ry\u017etingiau, stiprina J\u016bs\u0173 teigiam\u0105 dvasin\u0119 nuostat\u0105, o svajones paver\u010dia tikrove. Visiems, kurie trok\u0161ta asmeninio ir finansinio tvirtumo, knyga bus naudingas vedlys ir patar\u0117jas kelyje \u012f suklest\u0117jim\u0105.  Tik\u0117kite savimi, tik\u0117kite savo tikslu, ir teigiama dvasin\u0117 nuostata pad\u0117s Jums nugal\u0117ti visas gyvenimo kli\u016btis.","robots":{"index":"index","follow":"follow","max-snippet":"max-snippet:-1","max-image-preview":"max-image-preview:large","max-video-preview":"max-video-preview:-1"},"canonical":"https:\/\/skaitytaknyga.lt\/en\/produktas\/n-hillo-raktai-i-sekme\/","og_locale":"en_GB","og_type":"article","og_title":"N. Hillo \u201eRaktai \u012f s\u0117km\u0119\u201c - Skaitytaknyga","og_description":"\u0160i knyga atskleid\u017eia 17 esmini\u0173 s\u0117kmingos veiklos princip\u0173, kurie skatina veikti ry\u017etingiau, stiprina J\u016bs\u0173 teigiam\u0105 dvasin\u0119 nuostat\u0105, o svajones paver\u010dia tikrove. Visiems, kurie trok\u0161ta asmeninio ir finansinio tvirtumo, knyga bus naudingas vedlys ir patar\u0117jas kelyje \u012f suklest\u0117jim\u0105.  Tik\u0117kite savimi, tik\u0117kite savo tikslu, ir teigiama dvasin\u0117 nuostata pad\u0117s Jums nugal\u0117ti visas gyvenimo kli\u016btis.","og_url":"https:\/\/skaitytaknyga.lt\/en\/produktas\/n-hillo-raktai-i-sekme\/","og_site_name":"Skaitytaknyga","article_publisher":"https:\/\/www.facebook.com\/skaitytaknyga\/","article_modified_time":"2025-05-13T12:24:11+00:00","og_image":[{"width":303,"height":430,"url":"https:\/\/skaitytaknyga.lt\/wp-content\/uploads\/2024\/04\/1462884952_img0021-001.jpg","type":"image\/jpeg"}],"twitter_card":"summary_large_image","schema":{"@context":"https:\/\/schema.org","@graph":[{"@type":"WebPage","@id":"https:\/\/skaitytaknyga.lt\/produktas\/n-hillo-raktai-i-sekme\/","url":"https:\/\/skaitytaknyga.lt\/produktas\/n-hillo-raktai-i-sekme\/","name":"N. Hillo \u201eRaktai \u012f s\u0117km\u0119\u201c - Skaitytaknyga","isPartOf":{"@id":"https:\/\/skaitytaknyga.lt\/#website"},"primaryImageOfPage":{"@id":"https:\/\/skaitytaknyga.lt\/produktas\/n-hillo-raktai-i-sekme\/#primaryimage"},"image":{"@id":"https:\/\/skaitytaknyga.lt\/produktas\/n-hillo-raktai-i-sekme\/#primaryimage"},"thumbnailUrl":"https:\/\/skaitytaknyga.lt\/wp-content\/uploads\/2024\/04\/1462884952_img0021-001.jpg","datePublished":"2024-04-17T13:16:43+00:00","dateModified":"2025-05-13T12:24:11+00:00","description":"\u0160i knyga atskleid\u017eia 17 esmini\u0173 s\u0117kmingos veiklos princip\u0173, kurie skatina veikti ry\u017etingiau, stiprina J\u016bs\u0173 teigiam\u0105 dvasin\u0119 nuostat\u0105, o svajones paver\u010dia tikrove. Visiems, kurie trok\u0161ta asmeninio ir finansinio tvirtumo, knyga bus naudingas vedlys ir patar\u0117jas kelyje \u012f suklest\u0117jim\u0105. Tik\u0117kite savimi, tik\u0117kite savo tikslu, ir teigiama dvasin\u0117 nuostata pad\u0117s Jums nugal\u0117ti visas gyvenimo kli\u016btis.","breadcrumb":{"@id":"https:\/\/skaitytaknyga.lt\/produktas\/n-hillo-raktai-i-sekme\/#breadcrumb"},"inLanguage":"en-GB","potentialAction":[{"@type":"ReadAction","target":["https:\/\/skaitytaknyga.lt\/produktas\/n-hillo-raktai-i-sekme\/"]}]},{"@type":"ImageObject","inLanguage":"en-GB","@id":"https:\/\/skaitytaknyga.lt\/produktas\/n-hillo-raktai-i-sekme\/#primaryimage","url":"https:\/\/skaitytaknyga.lt\/wp-content\/uploads\/2024\/04\/1462884952_img0021-001.jpg","contentUrl":"https:\/\/skaitytaknyga.lt\/wp-content\/uploads\/2024\/04\/1462884952_img0021-001.jpg","width":303,"height":430,"caption":"1462884952 img0021 001"},{"@type":"BreadcrumbList","@id":"https:\/\/skaitytaknyga.lt\/produktas\/n-hillo-raktai-i-sekme\/#breadcrumb","itemListElement":[{"@type":"ListItem","position":1,"name":"Home","item":"https:\/\/skaitytaknyga.lt\/"},{"@type":"ListItem","position":2,"name":"Parduotuv\u0117","item":"https:\/\/skaitytaknyga.lt\/knygu-parduotuve\/"},{"@type":"ListItem","position":3,"name":"N. Hillo \u201eRaktai \u012f s\u0117km\u0119\u201c"}]},{"@type":"WebSite","@id":"https:\/\/skaitytaknyga.lt\/#website","url":"https:\/\/skaitytaknyga.lt\/","name":"skaitytaknyga.lt","description":"Skaitytaknyga.lt \u2013 tai ma\u017eas \u0161eimos verslas, kuris prasid\u0117jo nuo meil\u0117s knygoms ir siekio i\u0161gelb\u0117ti knygas nuo likimo prie konteinerio. Kas vienam nereikalingas daiktas \u2013 kitam lobis, o mes esame tarpininkai, kurie padeda abiems tapti laimingesniems ???? \u017dinome kaip nelengva i\u0161gyventi ma\u017eiems verslams, tad nuo \u0161iol, \u010dia rasite ir kit\u0173, ma\u017e\u0173 \u0161eim\u0173 versl\u0173, rank\u0173 darbo, dovan\u0173 sau ir artimiesiems.","publisher":{"@id":"https:\/\/skaitytaknyga.lt\/#organization"},"potentialAction":[{"@type":"SearchAction","target":{"@type":"EntryPoint","urlTemplate":"https:\/\/skaitytaknyga.lt\/?s={search_term_string}"},"query-input":{"@type":"PropertyValueSpecification","valueRequired":true,"valueName":"search_term_string"}}],"inLanguage":"en-GB"},{"@type":"Organization","@id":"https:\/\/skaitytaknyga.lt\/#organization","name":"skaitytaknyga.lt","url":"https:\/\/skaitytaknyga.lt\/","logo":{"@type":"ImageObject","inLanguage":"en-GB","@id":"https:\/\/skaitytaknyga.lt\/#\/schema\/logo\/image\/","url":"https:\/\/skaitytaknyga.lt\/wp-content\/uploads\/2024\/05\/cropped-cropped-cropped-02_00843_jt3bggkj1j3HLc7SyY6rEUpg.jpeg","contentUrl":"https:\/\/skaitytaknyga.lt\/wp-content\/uploads\/2024\/05\/cropped-cropped-cropped-02_00843_jt3bggkj1j3HLc7SyY6rEUpg.jpeg","width":1600,"height":1600,"caption":"skaitytaknyga.lt"},"image":{"@id":"https:\/\/skaitytaknyga.lt\/#\/schema\/logo\/image\/"},"sameAs":["https:\/\/www.facebook.com\/skaitytaknyga\/"]}]}},"_links":{"self":[{"href":"https:\/\/skaitytaknyga.lt\/en\/wp-json\/wp\/v2\/product\/2694","targetHints":{"allow":["GET"]}}],"collection":[{"href":"https:\/\/skaitytaknyga.lt\/en\/wp-json\/wp\/v2\/product"}],"about":[{"href":"https:\/\/skaitytaknyga.lt\/en\/wp-json\/wp\/v2\/types\/product"}],"replies":[{"embeddable":true,"href":"https:\/\/skaitytaknyga.lt\/en\/wp-json\/wp\/v2\/comments?post=2694"}],"wp:featuredmedia":[{"embeddable":true,"href":"https:\/\/skaitytaknyga.lt\/en\/wp-json\/wp\/v2\/media\/2747"}],"wp:attachment":[{"href":"https:\/\/skaitytaknyga.lt\/en\/wp-json\/wp\/v2\/media?parent=2694"}],"wp:term":[{"taxonomy":"product_brand","embeddable":true,"href":"https:\/\/skaitytaknyga.lt\/en\/wp-json\/wp\/v2\/product_brand?post=2694"},{"taxonomy":"product_cat","embeddable":true,"href":"https:\/\/skaitytaknyga.lt\/en\/wp-json\/wp\/v2\/product_cat?post=2694"},{"taxonomy":"product_tag","embeddable":true,"href":"https:\/\/skaitytaknyga.lt\/en\/wp-json\/wp\/v2\/product_tag?post=2694"}],"curies":[{"name":"wp","href":"https:\/\/api.w.org\/{rel}","templated":true}]}}