{"id":2691,"date":"2024-04-17T13:16:43","date_gmt":"2024-04-17T13:16:43","guid":{"rendered":"https:\/\/skaitytaknyga.lt\/?post_type=product&#038;p=2691"},"modified":"2026-03-05T16:00:56","modified_gmt":"2026-03-05T14:00:56","slug":"d-j-mcintosh-babilono-ragana","status":"publish","type":"product","link":"https:\/\/skaitytaknyga.lt\/en\/produktas\/d-j-mcintosh-babilono-ragana\/","title":{"rendered":"Babilono ragana"},"content":{"rendered":"<p>Tai pirmoji D. J. McIntosh sukurtos Mesopotamijos trilogijos dalis.<\/p>\n<p>Meno dirbini\u0173 prekiautojas, turk\u0173 kilm\u0117s niujorkietis D\u017eonas Medisonas pakli\u016bva \u012f pat\u012f \u012fvyki\u0173 s\u016bkur\u012f po Bagdado nacionalinio muziejaus apipl\u0117\u0161imo. Jis bando i\u0161narplioti \u0161i\u0105 paini\u0105 istorij\u0105. Juoba kad \u012f j\u0105 \u012fsimai\u0161\u0119s ir vyresnysis D\u017eono brolis Samuelis, sumanus meno vadybininkas.<\/p>\n<p>Be alchemijos, \u017emog\u017eudyst\u0117s ir Mesopotamijos deiv\u0117s I\u0161tar kulto, skaitytojas \u010dia ras ir galvos\u016bk\u012f, kurio sprendimas pad\u0117s suie\u0161koti pagrobt\u0105 biblin\u0119 senien\u0105, o drauge \u2013 ir kvap\u0105 gniau\u017eiant\u012f lob\u012f. Veiksmas vyksta karo nusiaubtame Bagdade ir Niujorke. Kartu knyga panardina \u012f senosios Mesopotamijos kult\u016br\u0105.<\/p>\n<p>Paklausta, kaip \u201eBabilono ragan\u0105\u201c apib\u016bdint\u0173 vienu sakiniu, autor\u0117 atsak\u0117:<\/p>\n<p>Kas sieja sen\u0105j\u012f alchemijos moksl\u0105, Senojo Testamento Prana\u0161\u0173 knygas ir did\u017ei\u0105j\u0105 Asirijos imperij\u0105 \u2013 \u0161i\u0105 paslapt\u012f turi i\u0161siai\u0161kinti meno k\u016brini\u0173 prekiautojas niujorkietis D\u017eonas Medisonas, antraip jis \u017eus.<\/p>\n","protected":false},"excerpt":{"rendered":"<p>Tai pirmoji D. J. McIntosh sukurtos Mesopotamijos trilogijos dalis. Meno dirbini\u0173 prekiautojas, turk\u0173 kilm\u0117s niujorkietis D\u017eonas Medisonas pakli\u016bva \u012f pat\u012f \u012fvyki\u0173 s\u016bkur\u012f po Bagdado nacionalinio muziejaus apipl\u0117\u0161imo. Jis bando i\u0161narplioti \u0161i\u0105 paini\u0105 istorij\u0105. Juoba kad \u012f j\u0105 \u012fsimai\u0161\u0119s ir vyresnysis D\u017eono brolis Samuelis, sumanus meno vadybininkas. Be alchemijos, \u017emog\u017eudyst\u0117s ir Mesopotamijos deiv\u0117s I\u0161tar kulto, skaitytojas \u010dia ras ir galvos\u016bk\u012f, kurio sprendimas pad\u0117s suie\u0161koti pagrobt\u0105 biblin\u0119 senien\u0105, o drauge \u2013 ir kvap\u0105 gniau\u017eiant\u012f lob\u012f. Veiksmas vyksta karo nusiaubtame Bagdade ir Niujorke. Kartu knyga panardina \u012f senosios Mesopotamijos kult\u016br\u0105. Paklausta, kaip \u201eBabilono ragan\u0105\u201c apib\u016bdint\u0173 vienu sakiniu, autor\u0117 atsak\u0117: Kas sieja sen\u0105j\u012f alchemijos moksl\u0105, Senojo Testamento Prana\u0161\u0173 knygas ir did\u017ei\u0105j\u0105 Asirijos imperij\u0105 \u2013 \u0161i\u0105 paslapt\u012f turi i\u0161siai\u0161kinti meno k\u016brini\u0173 prekiautojas niujorkietis D\u017eonas Medisonas, antraip jis \u017eus.<\/p>\n","protected":false},"featured_media":2744,"comment_status":"closed","ping_status":"closed","template":"","meta":{"_acf_changed":false,"site-sidebar-layout":"default","site-content-layout":"","ast-site-content-layout":"default","site-content-style":"default","site-sidebar-style":"default","ast-global-header-display":"","ast-banner-title-visibility":"","ast-main-header-display":"","ast-hfb-above-header-display":"","ast-hfb-below-header-display":"","ast-hfb-mobile-header-display":"","site-post-title":"","ast-breadcrumbs-content":"","ast-featured-img":"","footer-sml-layout":"","ast-disable-related-posts":"","theme-transparent-header-meta":"","adv-header-id-meta":"","stick-header-meta":"","header-above-stick-meta":"","header-main-stick-meta":"","header-below-stick-meta":"","astra-migrate-meta-layouts":"default","ast-page-background-enabled":"default","ast-page-background-meta":{"desktop":{"background-color":"","background-image":"","background-repeat":"repeat","background-position":"center center","background-size":"auto","background-attachment":"scroll","background-type":"","background-media":"","overlay-type":"","overlay-color":"","overlay-opacity":"","overlay-gradient":""},"tablet":{"background-color":"","background-image":"","background-repeat":"repeat","background-position":"center center","background-size":"auto","background-attachment":"scroll","background-type":"","background-media":"","overlay-type":"","overlay-color":"","overlay-opacity":"","overlay-gradient":""},"mobile":{"background-color":"","background-image":"","background-repeat":"repeat","background-position":"center center","background-size":"auto","background-attachment":"scroll","background-type":"","background-media":"","overlay-type":"","overlay-color":"","overlay-opacity":"","overlay-gradient":""}},"ast-content-background-meta":{"desktop":{"background-color":"var(--ast-global-color-4)","background-image":"","background-repeat":"repeat","background-position":"center center","background-size":"auto","background-attachment":"scroll","background-type":"","background-media":"","overlay-type":"","overlay-color":"","overlay-opacity":"","overlay-gradient":""},"tablet":{"background-color":"var(--ast-global-color-4)","background-image":"","background-repeat":"repeat","background-position":"center center","background-size":"auto","background-attachment":"scroll","background-type":"","background-media":"","overlay-type":"","overlay-color":"","overlay-opacity":"","overlay-gradient":""},"mobile":{"background-color":"var(--ast-global-color-4)","background-image":"","background-repeat":"repeat","background-position":"center center","background-size":"auto","background-attachment":"scroll","background-type":"","background-media":"","overlay-type":"","overlay-color":"","overlay-opacity":"","overlay-gradient":""}}},"product_brand":[],"product_cat":[9581],"product_tag":[],"class_list":{"0":"post-2691","1":"product","2":"type-product","3":"status-publish","4":"has-post-thumbnail","6":"product_cat-kriminaliniai-romanai","7":"desktop-align-left","8":"tablet-align-left","9":"mobile-align-left","11":"first","12":"instock","13":"shipping-taxable","14":"purchasable","15":"product-type-simple"},"acf":[],"yoast_head":"<!-- This site is optimized with the Yoast SEO plugin v27.0 - https:\/\/yoast.com\/product\/yoast-seo-wordpress\/ -->\n<title>Babilono ragana<\/title>\n<meta name=\"description\" content=\"Tai pirmoji D. J. McIntosh sukurtos Mesopotamijos trilogijos dalis. Meno dirbini\u0173 prekiautojas, turk\u0173 kilm\u0117s niujorkietis D\u017eonas Medisonas pakli\u016bva \u012f pat\u012f\" \/>\n<meta name=\"robots\" content=\"index, follow, max-snippet:-1, max-image-preview:large, max-video-preview:-1\" \/>\n<link rel=\"canonical\" href=\"https:\/\/skaitytaknyga.lt\/en\/produktas\/d-j-mcintosh-babilono-ragana\/\" \/>\n<meta property=\"og:locale\" content=\"en_GB\" \/>\n<meta property=\"og:locale:alternate\" content=\"lt_LT\" \/>\n<meta property=\"og:type\" content=\"article\" \/>\n<meta property=\"og:title\" content=\"Babilono ragana\" \/>\n<meta property=\"og:description\" content=\"Tai pirmoji D. J. McIntosh sukurtos Mesopotamijos trilogijos dalis. Meno dirbini\u0173 prekiautojas, turk\u0173 kilm\u0117s niujorkietis D\u017eonas Medisonas pakli\u016bva \u012f pat\u012f\" \/>\n<meta property=\"og:url\" content=\"https:\/\/skaitytaknyga.lt\/en\/produktas\/d-j-mcintosh-babilono-ragana\/\" \/>\n<meta property=\"og:site_name\" content=\"Skaitytaknyga\" \/>\n<meta property=\"article:publisher\" content=\"https:\/\/www.facebook.com\/skaitytaknyga\/\" \/>\n<meta property=\"article:modified_time\" content=\"2026-03-05T14:00:56+00:00\" \/>\n<meta property=\"og:image\" content=\"https:\/\/skaitytaknyga.lt\/wp-content\/uploads\/2024\/04\/1462873908_babilono-ragana.jpg\" \/>\n\t<meta property=\"og:image:width\" content=\"280\" \/>\n\t<meta property=\"og:image:height\" content=\"430\" \/>\n\t<meta property=\"og:image:type\" content=\"image\/jpeg\" \/>\n<meta name=\"twitter:card\" content=\"summary_large_image\" \/>\n<meta name=\"twitter:label1\" content=\"Estimated reading time\" \/>\n\t<meta name=\"twitter:data1\" content=\"1 minute\" \/>\n<script type=\"application\/ld+json\" class=\"yoast-schema-graph\">{\"@context\":\"https:\/\/schema.org\",\"@graph\":[{\"@type\":\"WebPage\",\"@id\":\"https:\/\/skaitytaknyga.lt\/produktas\/d-j-mcintosh-babilono-ragana\/\",\"url\":\"https:\/\/skaitytaknyga.lt\/produktas\/d-j-mcintosh-babilono-ragana\/\",\"name\":\"Babilono ragana\",\"isPartOf\":{\"@id\":\"https:\/\/skaitytaknyga.lt\/#website\"},\"primaryImageOfPage\":{\"@id\":\"https:\/\/skaitytaknyga.lt\/produktas\/d-j-mcintosh-babilono-ragana\/#primaryimage\"},\"image\":{\"@id\":\"https:\/\/skaitytaknyga.lt\/produktas\/d-j-mcintosh-babilono-ragana\/#primaryimage\"},\"thumbnailUrl\":\"https:\/\/skaitytaknyga.lt\/wp-content\/uploads\/2024\/04\/1462873908_babilono-ragana.jpg\",\"datePublished\":\"2024-04-17T13:16:43+00:00\",\"dateModified\":\"2026-03-05T14:00:56+00:00\",\"description\":\"Tai pirmoji D. J. McIntosh sukurtos Mesopotamijos trilogijos dalis. Meno dirbini\u0173 prekiautojas, turk\u0173 kilm\u0117s niujorkietis D\u017eonas Medisonas pakli\u016bva \u012f pat\u012f\",\"breadcrumb\":{\"@id\":\"https:\/\/skaitytaknyga.lt\/produktas\/d-j-mcintosh-babilono-ragana\/#breadcrumb\"},\"inLanguage\":\"en-GB\",\"potentialAction\":[{\"@type\":\"ReadAction\",\"target\":[\"https:\/\/skaitytaknyga.lt\/produktas\/d-j-mcintosh-babilono-ragana\/\"]}]},{\"@type\":\"ImageObject\",\"inLanguage\":\"en-GB\",\"@id\":\"https:\/\/skaitytaknyga.lt\/produktas\/d-j-mcintosh-babilono-ragana\/#primaryimage\",\"url\":\"https:\/\/skaitytaknyga.lt\/wp-content\/uploads\/2024\/04\/1462873908_babilono-ragana.jpg\",\"contentUrl\":\"https:\/\/skaitytaknyga.lt\/wp-content\/uploads\/2024\/04\/1462873908_babilono-ragana.jpg\",\"width\":280,\"height\":430,\"caption\":\"1462873908 babilono ragana\"},{\"@type\":\"BreadcrumbList\",\"@id\":\"https:\/\/skaitytaknyga.lt\/produktas\/d-j-mcintosh-babilono-ragana\/#breadcrumb\",\"itemListElement\":[{\"@type\":\"ListItem\",\"position\":1,\"name\":\"Home\",\"item\":\"https:\/\/skaitytaknyga.lt\/\"},{\"@type\":\"ListItem\",\"position\":2,\"name\":\"Parduotuv\u0117\",\"item\":\"https:\/\/skaitytaknyga.lt\/knygu-parduotuve\/\"},{\"@type\":\"ListItem\",\"position\":3,\"name\":\"Babilono ragana\"}]},{\"@type\":\"WebSite\",\"@id\":\"https:\/\/skaitytaknyga.lt\/#website\",\"url\":\"https:\/\/skaitytaknyga.lt\/\",\"name\":\"skaitytaknyga.lt\",\"description\":\"Skaitytaknyga.lt \u2013 tai ma\u017eas \u0161eimos verslas, kuris prasid\u0117jo nuo meil\u0117s knygoms ir siekio i\u0161gelb\u0117ti knygas nuo likimo prie konteinerio. Kas vienam nereikalingas daiktas \u2013 kitam lobis, o mes esame tarpininkai, kurie padeda abiems tapti laimingesniems ???? \u017dinome kaip nelengva i\u0161gyventi ma\u017eiems verslams, tad nuo \u0161iol, \u010dia rasite ir kit\u0173, ma\u017e\u0173 \u0161eim\u0173 versl\u0173, rank\u0173 darbo, dovan\u0173 sau ir artimiesiems.\",\"publisher\":{\"@id\":\"https:\/\/skaitytaknyga.lt\/#organization\"},\"potentialAction\":[{\"@type\":\"SearchAction\",\"target\":{\"@type\":\"EntryPoint\",\"urlTemplate\":\"https:\/\/skaitytaknyga.lt\/?s={search_term_string}\"},\"query-input\":{\"@type\":\"PropertyValueSpecification\",\"valueRequired\":true,\"valueName\":\"search_term_string\"}}],\"inLanguage\":\"en-GB\"},{\"@type\":\"Organization\",\"@id\":\"https:\/\/skaitytaknyga.lt\/#organization\",\"name\":\"skaitytaknyga.lt\",\"url\":\"https:\/\/skaitytaknyga.lt\/\",\"logo\":{\"@type\":\"ImageObject\",\"inLanguage\":\"en-GB\",\"@id\":\"https:\/\/skaitytaknyga.lt\/#\/schema\/logo\/image\/\",\"url\":\"https:\/\/skaitytaknyga.lt\/wp-content\/uploads\/2024\/05\/cropped-cropped-cropped-02_00843_jt3bggkj1j3HLc7SyY6rEUpg.jpeg\",\"contentUrl\":\"https:\/\/skaitytaknyga.lt\/wp-content\/uploads\/2024\/05\/cropped-cropped-cropped-02_00843_jt3bggkj1j3HLc7SyY6rEUpg.jpeg\",\"width\":1600,\"height\":1600,\"caption\":\"skaitytaknyga.lt\"},\"image\":{\"@id\":\"https:\/\/skaitytaknyga.lt\/#\/schema\/logo\/image\/\"},\"sameAs\":[\"https:\/\/www.facebook.com\/skaitytaknyga\/\"]}]}<\/script>\n<!-- \/ Yoast SEO plugin. -->","yoast_head_json":{"title":"Babilono ragana","description":"Tai pirmoji D. J. McIntosh sukurtos Mesopotamijos trilogijos dalis. Meno dirbini\u0173 prekiautojas, turk\u0173 kilm\u0117s niujorkietis D\u017eonas Medisonas pakli\u016bva \u012f pat\u012f","robots":{"index":"index","follow":"follow","max-snippet":"max-snippet:-1","max-image-preview":"max-image-preview:large","max-video-preview":"max-video-preview:-1"},"canonical":"https:\/\/skaitytaknyga.lt\/en\/produktas\/d-j-mcintosh-babilono-ragana\/","og_locale":"en_GB","og_type":"article","og_title":"[:lt]Babilono ragana[:] - Skaitytaknyga","og_description":"Tai pirmoji D. J. McIntosh sukurtos Mesopotamijos trilogijos dalis. Meno dirbini\u0173 prekiautojas, turk\u0173 kilm\u0117s niujorkietis D\u017eonas Medisonas pakli\u016bva \u012f pat\u012f","og_url":"https:\/\/skaitytaknyga.lt\/en\/produktas\/d-j-mcintosh-babilono-ragana\/","og_site_name":"Skaitytaknyga","article_publisher":"https:\/\/www.facebook.com\/skaitytaknyga\/","article_modified_time":"2026-03-05T14:00:56+00:00","og_image":[{"width":280,"height":430,"url":"https:\/\/skaitytaknyga.lt\/wp-content\/uploads\/2024\/04\/1462873908_babilono-ragana.jpg","type":"image\/jpeg"}],"twitter_card":"summary_large_image","twitter_misc":{"Estimated reading time":"1 minute"},"schema":{"@context":"https:\/\/schema.org","@graph":[{"@type":"WebPage","@id":"https:\/\/skaitytaknyga.lt\/produktas\/d-j-mcintosh-babilono-ragana\/","url":"https:\/\/skaitytaknyga.lt\/produktas\/d-j-mcintosh-babilono-ragana\/","name":"Babilono ragana","isPartOf":{"@id":"https:\/\/skaitytaknyga.lt\/#website"},"primaryImageOfPage":{"@id":"https:\/\/skaitytaknyga.lt\/produktas\/d-j-mcintosh-babilono-ragana\/#primaryimage"},"image":{"@id":"https:\/\/skaitytaknyga.lt\/produktas\/d-j-mcintosh-babilono-ragana\/#primaryimage"},"thumbnailUrl":"https:\/\/skaitytaknyga.lt\/wp-content\/uploads\/2024\/04\/1462873908_babilono-ragana.jpg","datePublished":"2024-04-17T13:16:43+00:00","dateModified":"2026-03-05T14:00:56+00:00","description":"Tai pirmoji D. J. McIntosh sukurtos Mesopotamijos trilogijos dalis. Meno dirbini\u0173 prekiautojas, turk\u0173 kilm\u0117s niujorkietis D\u017eonas Medisonas pakli\u016bva \u012f pat\u012f","breadcrumb":{"@id":"https:\/\/skaitytaknyga.lt\/produktas\/d-j-mcintosh-babilono-ragana\/#breadcrumb"},"inLanguage":"en-GB","potentialAction":[{"@type":"ReadAction","target":["https:\/\/skaitytaknyga.lt\/produktas\/d-j-mcintosh-babilono-ragana\/"]}]},{"@type":"ImageObject","inLanguage":"en-GB","@id":"https:\/\/skaitytaknyga.lt\/produktas\/d-j-mcintosh-babilono-ragana\/#primaryimage","url":"https:\/\/skaitytaknyga.lt\/wp-content\/uploads\/2024\/04\/1462873908_babilono-ragana.jpg","contentUrl":"https:\/\/skaitytaknyga.lt\/wp-content\/uploads\/2024\/04\/1462873908_babilono-ragana.jpg","width":280,"height":430,"caption":"1462873908 babilono ragana"},{"@type":"BreadcrumbList","@id":"https:\/\/skaitytaknyga.lt\/produktas\/d-j-mcintosh-babilono-ragana\/#breadcrumb","itemListElement":[{"@type":"ListItem","position":1,"name":"Home","item":"https:\/\/skaitytaknyga.lt\/"},{"@type":"ListItem","position":2,"name":"Parduotuv\u0117","item":"https:\/\/skaitytaknyga.lt\/knygu-parduotuve\/"},{"@type":"ListItem","position":3,"name":"Babilono ragana"}]},{"@type":"WebSite","@id":"https:\/\/skaitytaknyga.lt\/#website","url":"https:\/\/skaitytaknyga.lt\/","name":"skaitytaknyga.lt","description":"Skaitytaknyga.lt \u2013 tai ma\u017eas \u0161eimos verslas, kuris prasid\u0117jo nuo meil\u0117s knygoms ir siekio i\u0161gelb\u0117ti knygas nuo likimo prie konteinerio. Kas vienam nereikalingas daiktas \u2013 kitam lobis, o mes esame tarpininkai, kurie padeda abiems tapti laimingesniems ???? \u017dinome kaip nelengva i\u0161gyventi ma\u017eiems verslams, tad nuo \u0161iol, \u010dia rasite ir kit\u0173, ma\u017e\u0173 \u0161eim\u0173 versl\u0173, rank\u0173 darbo, dovan\u0173 sau ir artimiesiems.","publisher":{"@id":"https:\/\/skaitytaknyga.lt\/#organization"},"potentialAction":[{"@type":"SearchAction","target":{"@type":"EntryPoint","urlTemplate":"https:\/\/skaitytaknyga.lt\/?s={search_term_string}"},"query-input":{"@type":"PropertyValueSpecification","valueRequired":true,"valueName":"search_term_string"}}],"inLanguage":"en-GB"},{"@type":"Organization","@id":"https:\/\/skaitytaknyga.lt\/#organization","name":"skaitytaknyga.lt","url":"https:\/\/skaitytaknyga.lt\/","logo":{"@type":"ImageObject","inLanguage":"en-GB","@id":"https:\/\/skaitytaknyga.lt\/#\/schema\/logo\/image\/","url":"https:\/\/skaitytaknyga.lt\/wp-content\/uploads\/2024\/05\/cropped-cropped-cropped-02_00843_jt3bggkj1j3HLc7SyY6rEUpg.jpeg","contentUrl":"https:\/\/skaitytaknyga.lt\/wp-content\/uploads\/2024\/05\/cropped-cropped-cropped-02_00843_jt3bggkj1j3HLc7SyY6rEUpg.jpeg","width":1600,"height":1600,"caption":"skaitytaknyga.lt"},"image":{"@id":"https:\/\/skaitytaknyga.lt\/#\/schema\/logo\/image\/"},"sameAs":["https:\/\/www.facebook.com\/skaitytaknyga\/"]}]}},"_links":{"self":[{"href":"https:\/\/skaitytaknyga.lt\/en\/wp-json\/wp\/v2\/product\/2691","targetHints":{"allow":["GET"]}}],"collection":[{"href":"https:\/\/skaitytaknyga.lt\/en\/wp-json\/wp\/v2\/product"}],"about":[{"href":"https:\/\/skaitytaknyga.lt\/en\/wp-json\/wp\/v2\/types\/product"}],"replies":[{"embeddable":true,"href":"https:\/\/skaitytaknyga.lt\/en\/wp-json\/wp\/v2\/comments?post=2691"}],"wp:featuredmedia":[{"embeddable":true,"href":"https:\/\/skaitytaknyga.lt\/en\/wp-json\/wp\/v2\/media\/2744"}],"wp:attachment":[{"href":"https:\/\/skaitytaknyga.lt\/en\/wp-json\/wp\/v2\/media?parent=2691"}],"wp:term":[{"taxonomy":"product_brand","embeddable":true,"href":"https:\/\/skaitytaknyga.lt\/en\/wp-json\/wp\/v2\/product_brand?post=2691"},{"taxonomy":"product_cat","embeddable":true,"href":"https:\/\/skaitytaknyga.lt\/en\/wp-json\/wp\/v2\/product_cat?post=2691"},{"taxonomy":"product_tag","embeddable":true,"href":"https:\/\/skaitytaknyga.lt\/en\/wp-json\/wp\/v2\/product_tag?post=2691"}],"curies":[{"name":"wp","href":"https:\/\/api.w.org\/{rel}","templated":true}]}}