{"id":2689,"date":"2024-04-17T13:16:42","date_gmt":"2024-04-17T13:16:42","guid":{"rendered":"https:\/\/skaitytaknyga.lt\/?post_type=product&#038;p=2689"},"modified":"2025-06-12T08:44:39","modified_gmt":"2025-06-12T05:44:39","slug":"patrick-modiano-horizontas","status":"publish","type":"product","link":"https:\/\/skaitytaknyga.lt\/en\/produktas\/patrick-modiano-horizontas\/","title":{"rendered":"Horizontas"},"content":{"rendered":"<p>PAGELT\u0118 LAPAI<\/p>\n<p>Patrickas Modiano tapo 2014 m. Nobelio literat\u016bros premijos laureatu u\u017e atminties men\u0105, kuriuo atk\u016br\u0117 menkiausius \u017emoni\u0173 likimus ir realisti\u0161kai atskleid\u0117 okupacijos re\u017eim\u0105.<\/p>\n<p>\u201eHorizontas\u201c \u2013 naujausias pranc\u016bz\u0173 literat\u016bros metro Patricko Modiano romanas, persmelktas nei\u0161sipild\u017eiusio gyvenimo, i\u0161dilusio miesto ir vir\u0161 jo pakibusi\u0173 svajoni\u0173 nuotaikos. Pagrindinis veik\u0117jas Bosmanas, baik\u0161tus vyras, persekiojamas motinos \u0161m\u0117klos, gyvena \u012fstrig\u0119s prisiminimuose apie jaunyst\u0119 ir \u017emones, kuriuos prarado. Tarp j\u0173 \u2013 ir m\u012fslingoji Margaret\u0117 Le Koz, jauna moteris, su kuria atsitiktinai susipa\u017eino 1960 metais.<\/p>\n<p>Abu vieni\u0161iai kartu praleido kelias savaites klajodami po \u0161iandien jau pamir\u0161t\u0105 an\u0173 laik\u0173 Pary\u017ei\u0173, slapstydamiesi nuo nepaai\u0161kinamos gr\u0117sm\u0117s jausmo. Ta\u010diau vien\u0105 dien\u0105 Margaret\u0117 s\u0117da \u012f traukin\u012f ir dingsta it \u012f vanden\u012f ir taip dar labiau aps\u0117da Bosmano mintis. Po keturiasde\u0161imties met\u0173 jis jau\u010diasi jau pasiruo\u0161\u0119s ie\u0161koti prarasto laiko, prarasto sav\u0119s ir dingusios mylimosios&#8230; Horizontu patartina m\u0117gautis i\u0161 l\u0117to, skanauti po truput\u012f kaip ger\u0105 vyn\u0105.<\/p>\n","protected":false},"excerpt":{"rendered":"<p>PAGELT\u0118 LAPAI Patrickas Modiano tapo 2014 m. Nobelio literat\u016bros premijos laureatu u\u017e atminties men\u0105, kuriuo atk\u016br\u0117 menkiausius \u017emoni\u0173 likimus ir realisti\u0161kai atskleid\u0117 okupacijos re\u017eim\u0105. \u201eHorizontas\u201c \u2013 naujausias pranc\u016bz\u0173 literat\u016bros metro Patricko Modiano romanas, persmelktas nei\u0161sipild\u017eiusio gyvenimo, i\u0161dilusio miesto ir vir\u0161 jo pakibusi\u0173 svajoni\u0173 nuotaikos. Pagrindinis veik\u0117jas Bosmanas, baik\u0161tus vyras, persekiojamas motinos \u0161m\u0117klos, gyvena \u012fstrig\u0119s prisiminimuose apie jaunyst\u0119 ir \u017emones, kuriuos prarado. Tarp j\u0173 \u2013 ir m\u012fslingoji Margaret\u0117 Le Koz, jauna moteris, su kuria atsitiktinai susipa\u017eino 1960 metais. Abu vieni\u0161iai kartu praleido kelias savaites klajodami po \u0161iandien jau pamir\u0161t\u0105 an\u0173 laik\u0173 Pary\u017ei\u0173, slapstydamiesi nuo nepaai\u0161kinamos gr\u0117sm\u0117s jausmo. Ta\u010diau vien\u0105 dien\u0105 Margaret\u0117 s\u0117da \u012f traukin\u012f ir dingsta it \u012f vanden\u012f ir taip dar labiau aps\u0117da Bosmano mintis. Po keturiasde\u0161imties met\u0173 jis jau\u010diasi jau pasiruo\u0161\u0119s ie\u0161koti prarasto laiko, prarasto sav\u0119s ir dingusios mylimosios&#8230; Horizontu patartina m\u0117gautis i\u0161 l\u0117to, skanauti po truput\u012f kaip ger\u0105 vyn\u0105.<\/p>\n","protected":false},"featured_media":2720,"comment_status":"closed","ping_status":"closed","template":"","meta":{"_acf_changed":false,"site-sidebar-layout":"default","site-content-layout":"","ast-site-content-layout":"default","site-content-style":"default","site-sidebar-style":"default","ast-global-header-display":"","ast-banner-title-visibility":"","ast-main-header-display":"","ast-hfb-above-header-display":"","ast-hfb-below-header-display":"","ast-hfb-mobile-header-display":"","site-post-title":"","ast-breadcrumbs-content":"","ast-featured-img":"","footer-sml-layout":"","ast-disable-related-posts":"","theme-transparent-header-meta":"","adv-header-id-meta":"","stick-header-meta":"","header-above-stick-meta":"","header-main-stick-meta":"","header-below-stick-meta":"","astra-migrate-meta-layouts":"default","ast-page-background-enabled":"default","ast-page-background-meta":{"desktop":{"background-color":"","background-image":"","background-repeat":"repeat","background-position":"center center","background-size":"auto","background-attachment":"scroll","background-type":"","background-media":"","overlay-type":"","overlay-color":"","overlay-opacity":"","overlay-gradient":""},"tablet":{"background-color":"","background-image":"","background-repeat":"repeat","background-position":"center center","background-size":"auto","background-attachment":"scroll","background-type":"","background-media":"","overlay-type":"","overlay-color":"","overlay-opacity":"","overlay-gradient":""},"mobile":{"background-color":"","background-image":"","background-repeat":"repeat","background-position":"center center","background-size":"auto","background-attachment":"scroll","background-type":"","background-media":"","overlay-type":"","overlay-color":"","overlay-opacity":"","overlay-gradient":""}},"ast-content-background-meta":{"desktop":{"background-color":"var(--ast-global-color-4)","background-image":"","background-repeat":"repeat","background-position":"center center","background-size":"auto","background-attachment":"scroll","background-type":"","background-media":"","overlay-type":"","overlay-color":"","overlay-opacity":"","overlay-gradient":""},"tablet":{"background-color":"var(--ast-global-color-4)","background-image":"","background-repeat":"repeat","background-position":"center center","background-size":"auto","background-attachment":"scroll","background-type":"","background-media":"","overlay-type":"","overlay-color":"","overlay-opacity":"","overlay-gradient":""},"mobile":{"background-color":"var(--ast-global-color-4)","background-image":"","background-repeat":"repeat","background-position":"center center","background-size":"auto","background-attachment":"scroll","background-type":"","background-media":"","overlay-type":"","overlay-color":"","overlay-opacity":"","overlay-gradient":""}}},"product_brand":[],"product_cat":[31],"product_tag":[],"class_list":{"0":"post-2689","1":"product","2":"type-product","3":"status-publish","4":"has-post-thumbnail","6":"product_cat-grozine-literatura","7":"desktop-align-left","8":"tablet-align-left","9":"mobile-align-left","11":"first","12":"instock","13":"shipping-taxable","14":"purchasable","15":"product-type-simple"},"acf":[],"yoast_head":"<!-- This site is optimized with the Yoast SEO plugin v27.0 - https:\/\/yoast.com\/product\/yoast-seo-wordpress\/ -->\n<title>Horizontas<\/title>\n<meta name=\"description\" content=\"PAGELT\u0118 LAPAI Patrickas Modiano tapo 2014 m. Nobelio literat\u016bros premijos laureatu u\u017e atminties men\u0105, kuriuo atk\u016br\u0117 menkiausius \u017emoni\u0173 likimus ir\" \/>\n<meta name=\"robots\" content=\"index, follow, max-snippet:-1, max-image-preview:large, max-video-preview:-1\" \/>\n<link rel=\"canonical\" href=\"https:\/\/skaitytaknyga.lt\/en\/produktas\/patrick-modiano-horizontas\/\" \/>\n<meta property=\"og:locale\" content=\"en_GB\" \/>\n<meta property=\"og:locale:alternate\" content=\"lt_LT\" \/>\n<meta property=\"og:type\" content=\"article\" \/>\n<meta property=\"og:title\" content=\"Horizontas\" \/>\n<meta property=\"og:description\" content=\"PAGELT\u0118 LAPAI Patrickas Modiano tapo 2014 m. Nobelio literat\u016bros premijos laureatu u\u017e atminties men\u0105, kuriuo atk\u016br\u0117 menkiausius \u017emoni\u0173 likimus ir\" \/>\n<meta property=\"og:url\" content=\"https:\/\/skaitytaknyga.lt\/en\/produktas\/patrick-modiano-horizontas\/\" \/>\n<meta property=\"og:site_name\" content=\"Skaitytaknyga\" \/>\n<meta property=\"article:publisher\" content=\"https:\/\/www.facebook.com\/skaitytaknyga\/\" \/>\n<meta property=\"article:modified_time\" content=\"2025-06-12T05:44:39+00:00\" \/>\n<meta property=\"og:image\" content=\"https:\/\/skaitytaknyga.lt\/wp-content\/uploads\/2024\/04\/1474438596_1462873524_horizontas.jpg\" \/>\n\t<meta property=\"og:image:width\" content=\"280\" \/>\n\t<meta property=\"og:image:height\" content=\"430\" \/>\n\t<meta property=\"og:image:type\" content=\"image\/jpeg\" \/>\n<meta name=\"twitter:card\" content=\"summary_large_image\" \/>\n<meta name=\"twitter:label1\" content=\"Estimated reading time\" \/>\n\t<meta name=\"twitter:data1\" content=\"1 minute\" \/>\n<script type=\"application\/ld+json\" class=\"yoast-schema-graph\">{\"@context\":\"https:\/\/schema.org\",\"@graph\":[{\"@type\":\"WebPage\",\"@id\":\"https:\/\/skaitytaknyga.lt\/produktas\/patrick-modiano-horizontas\/\",\"url\":\"https:\/\/skaitytaknyga.lt\/produktas\/patrick-modiano-horizontas\/\",\"name\":\"Horizontas\",\"isPartOf\":{\"@id\":\"https:\/\/skaitytaknyga.lt\/#website\"},\"primaryImageOfPage\":{\"@id\":\"https:\/\/skaitytaknyga.lt\/produktas\/patrick-modiano-horizontas\/#primaryimage\"},\"image\":{\"@id\":\"https:\/\/skaitytaknyga.lt\/produktas\/patrick-modiano-horizontas\/#primaryimage\"},\"thumbnailUrl\":\"https:\/\/skaitytaknyga.lt\/wp-content\/uploads\/2024\/04\/1474438596_1462873524_horizontas.jpg\",\"datePublished\":\"2024-04-17T13:16:42+00:00\",\"dateModified\":\"2025-06-12T05:44:39+00:00\",\"description\":\"PAGELT\u0118 LAPAI Patrickas Modiano tapo 2014 m. Nobelio literat\u016bros premijos laureatu u\u017e atminties men\u0105, kuriuo atk\u016br\u0117 menkiausius \u017emoni\u0173 likimus ir\",\"breadcrumb\":{\"@id\":\"https:\/\/skaitytaknyga.lt\/produktas\/patrick-modiano-horizontas\/#breadcrumb\"},\"inLanguage\":\"en-GB\",\"potentialAction\":[{\"@type\":\"ReadAction\",\"target\":[\"https:\/\/skaitytaknyga.lt\/produktas\/patrick-modiano-horizontas\/\"]}]},{\"@type\":\"ImageObject\",\"inLanguage\":\"en-GB\",\"@id\":\"https:\/\/skaitytaknyga.lt\/produktas\/patrick-modiano-horizontas\/#primaryimage\",\"url\":\"https:\/\/skaitytaknyga.lt\/wp-content\/uploads\/2024\/04\/1474438596_1462873524_horizontas.jpg\",\"contentUrl\":\"https:\/\/skaitytaknyga.lt\/wp-content\/uploads\/2024\/04\/1474438596_1462873524_horizontas.jpg\",\"width\":280,\"height\":430,\"caption\":\"1474438596 1462873524 horizontas\"},{\"@type\":\"BreadcrumbList\",\"@id\":\"https:\/\/skaitytaknyga.lt\/produktas\/patrick-modiano-horizontas\/#breadcrumb\",\"itemListElement\":[{\"@type\":\"ListItem\",\"position\":1,\"name\":\"Home\",\"item\":\"https:\/\/skaitytaknyga.lt\/\"},{\"@type\":\"ListItem\",\"position\":2,\"name\":\"Parduotuv\u0117\",\"item\":\"https:\/\/skaitytaknyga.lt\/knygu-parduotuve\/\"},{\"@type\":\"ListItem\",\"position\":3,\"name\":\"Horizontas\"}]},{\"@type\":\"WebSite\",\"@id\":\"https:\/\/skaitytaknyga.lt\/#website\",\"url\":\"https:\/\/skaitytaknyga.lt\/\",\"name\":\"skaitytaknyga.lt\",\"description\":\"Skaitytaknyga.lt \u2013 tai ma\u017eas \u0161eimos verslas, kuris prasid\u0117jo nuo meil\u0117s knygoms ir siekio i\u0161gelb\u0117ti knygas nuo likimo prie konteinerio. Kas vienam nereikalingas daiktas \u2013 kitam lobis, o mes esame tarpininkai, kurie padeda abiems tapti laimingesniems ???? \u017dinome kaip nelengva i\u0161gyventi ma\u017eiems verslams, tad nuo \u0161iol, \u010dia rasite ir kit\u0173, ma\u017e\u0173 \u0161eim\u0173 versl\u0173, rank\u0173 darbo, dovan\u0173 sau ir artimiesiems.\",\"publisher\":{\"@id\":\"https:\/\/skaitytaknyga.lt\/#organization\"},\"potentialAction\":[{\"@type\":\"SearchAction\",\"target\":{\"@type\":\"EntryPoint\",\"urlTemplate\":\"https:\/\/skaitytaknyga.lt\/?s={search_term_string}\"},\"query-input\":{\"@type\":\"PropertyValueSpecification\",\"valueRequired\":true,\"valueName\":\"search_term_string\"}}],\"inLanguage\":\"en-GB\"},{\"@type\":\"Organization\",\"@id\":\"https:\/\/skaitytaknyga.lt\/#organization\",\"name\":\"skaitytaknyga.lt\",\"url\":\"https:\/\/skaitytaknyga.lt\/\",\"logo\":{\"@type\":\"ImageObject\",\"inLanguage\":\"en-GB\",\"@id\":\"https:\/\/skaitytaknyga.lt\/#\/schema\/logo\/image\/\",\"url\":\"https:\/\/skaitytaknyga.lt\/wp-content\/uploads\/2024\/05\/cropped-cropped-cropped-02_00843_jt3bggkj1j3HLc7SyY6rEUpg.jpeg\",\"contentUrl\":\"https:\/\/skaitytaknyga.lt\/wp-content\/uploads\/2024\/05\/cropped-cropped-cropped-02_00843_jt3bggkj1j3HLc7SyY6rEUpg.jpeg\",\"width\":1600,\"height\":1600,\"caption\":\"skaitytaknyga.lt\"},\"image\":{\"@id\":\"https:\/\/skaitytaknyga.lt\/#\/schema\/logo\/image\/\"},\"sameAs\":[\"https:\/\/www.facebook.com\/skaitytaknyga\/\"]}]}<\/script>\n<!-- \/ Yoast SEO plugin. -->","yoast_head_json":{"title":"Horizontas","description":"PAGELT\u0118 LAPAI Patrickas Modiano tapo 2014 m. Nobelio literat\u016bros premijos laureatu u\u017e atminties men\u0105, kuriuo atk\u016br\u0117 menkiausius \u017emoni\u0173 likimus ir","robots":{"index":"index","follow":"follow","max-snippet":"max-snippet:-1","max-image-preview":"max-image-preview:large","max-video-preview":"max-video-preview:-1"},"canonical":"https:\/\/skaitytaknyga.lt\/en\/produktas\/patrick-modiano-horizontas\/","og_locale":"en_GB","og_type":"article","og_title":"[:lt]Horizontas[:] - Skaitytaknyga","og_description":"PAGELT\u0118 LAPAI Patrickas Modiano tapo 2014 m. Nobelio literat\u016bros premijos laureatu u\u017e atminties men\u0105, kuriuo atk\u016br\u0117 menkiausius \u017emoni\u0173 likimus ir","og_url":"https:\/\/skaitytaknyga.lt\/en\/produktas\/patrick-modiano-horizontas\/","og_site_name":"Skaitytaknyga","article_publisher":"https:\/\/www.facebook.com\/skaitytaknyga\/","article_modified_time":"2025-06-12T05:44:39+00:00","og_image":[{"width":280,"height":430,"url":"https:\/\/skaitytaknyga.lt\/wp-content\/uploads\/2024\/04\/1474438596_1462873524_horizontas.jpg","type":"image\/jpeg"}],"twitter_card":"summary_large_image","twitter_misc":{"Estimated reading time":"1 minute"},"schema":{"@context":"https:\/\/schema.org","@graph":[{"@type":"WebPage","@id":"https:\/\/skaitytaknyga.lt\/produktas\/patrick-modiano-horizontas\/","url":"https:\/\/skaitytaknyga.lt\/produktas\/patrick-modiano-horizontas\/","name":"Horizontas","isPartOf":{"@id":"https:\/\/skaitytaknyga.lt\/#website"},"primaryImageOfPage":{"@id":"https:\/\/skaitytaknyga.lt\/produktas\/patrick-modiano-horizontas\/#primaryimage"},"image":{"@id":"https:\/\/skaitytaknyga.lt\/produktas\/patrick-modiano-horizontas\/#primaryimage"},"thumbnailUrl":"https:\/\/skaitytaknyga.lt\/wp-content\/uploads\/2024\/04\/1474438596_1462873524_horizontas.jpg","datePublished":"2024-04-17T13:16:42+00:00","dateModified":"2025-06-12T05:44:39+00:00","description":"PAGELT\u0118 LAPAI Patrickas Modiano tapo 2014 m. Nobelio literat\u016bros premijos laureatu u\u017e atminties men\u0105, kuriuo atk\u016br\u0117 menkiausius \u017emoni\u0173 likimus ir","breadcrumb":{"@id":"https:\/\/skaitytaknyga.lt\/produktas\/patrick-modiano-horizontas\/#breadcrumb"},"inLanguage":"en-GB","potentialAction":[{"@type":"ReadAction","target":["https:\/\/skaitytaknyga.lt\/produktas\/patrick-modiano-horizontas\/"]}]},{"@type":"ImageObject","inLanguage":"en-GB","@id":"https:\/\/skaitytaknyga.lt\/produktas\/patrick-modiano-horizontas\/#primaryimage","url":"https:\/\/skaitytaknyga.lt\/wp-content\/uploads\/2024\/04\/1474438596_1462873524_horizontas.jpg","contentUrl":"https:\/\/skaitytaknyga.lt\/wp-content\/uploads\/2024\/04\/1474438596_1462873524_horizontas.jpg","width":280,"height":430,"caption":"1474438596 1462873524 horizontas"},{"@type":"BreadcrumbList","@id":"https:\/\/skaitytaknyga.lt\/produktas\/patrick-modiano-horizontas\/#breadcrumb","itemListElement":[{"@type":"ListItem","position":1,"name":"Home","item":"https:\/\/skaitytaknyga.lt\/"},{"@type":"ListItem","position":2,"name":"Parduotuv\u0117","item":"https:\/\/skaitytaknyga.lt\/knygu-parduotuve\/"},{"@type":"ListItem","position":3,"name":"Horizontas"}]},{"@type":"WebSite","@id":"https:\/\/skaitytaknyga.lt\/#website","url":"https:\/\/skaitytaknyga.lt\/","name":"skaitytaknyga.lt","description":"Skaitytaknyga.lt \u2013 tai ma\u017eas \u0161eimos verslas, kuris prasid\u0117jo nuo meil\u0117s knygoms ir siekio i\u0161gelb\u0117ti knygas nuo likimo prie konteinerio. Kas vienam nereikalingas daiktas \u2013 kitam lobis, o mes esame tarpininkai, kurie padeda abiems tapti laimingesniems ???? \u017dinome kaip nelengva i\u0161gyventi ma\u017eiems verslams, tad nuo \u0161iol, \u010dia rasite ir kit\u0173, ma\u017e\u0173 \u0161eim\u0173 versl\u0173, rank\u0173 darbo, dovan\u0173 sau ir artimiesiems.","publisher":{"@id":"https:\/\/skaitytaknyga.lt\/#organization"},"potentialAction":[{"@type":"SearchAction","target":{"@type":"EntryPoint","urlTemplate":"https:\/\/skaitytaknyga.lt\/?s={search_term_string}"},"query-input":{"@type":"PropertyValueSpecification","valueRequired":true,"valueName":"search_term_string"}}],"inLanguage":"en-GB"},{"@type":"Organization","@id":"https:\/\/skaitytaknyga.lt\/#organization","name":"skaitytaknyga.lt","url":"https:\/\/skaitytaknyga.lt\/","logo":{"@type":"ImageObject","inLanguage":"en-GB","@id":"https:\/\/skaitytaknyga.lt\/#\/schema\/logo\/image\/","url":"https:\/\/skaitytaknyga.lt\/wp-content\/uploads\/2024\/05\/cropped-cropped-cropped-02_00843_jt3bggkj1j3HLc7SyY6rEUpg.jpeg","contentUrl":"https:\/\/skaitytaknyga.lt\/wp-content\/uploads\/2024\/05\/cropped-cropped-cropped-02_00843_jt3bggkj1j3HLc7SyY6rEUpg.jpeg","width":1600,"height":1600,"caption":"skaitytaknyga.lt"},"image":{"@id":"https:\/\/skaitytaknyga.lt\/#\/schema\/logo\/image\/"},"sameAs":["https:\/\/www.facebook.com\/skaitytaknyga\/"]}]}},"_links":{"self":[{"href":"https:\/\/skaitytaknyga.lt\/en\/wp-json\/wp\/v2\/product\/2689","targetHints":{"allow":["GET"]}}],"collection":[{"href":"https:\/\/skaitytaknyga.lt\/en\/wp-json\/wp\/v2\/product"}],"about":[{"href":"https:\/\/skaitytaknyga.lt\/en\/wp-json\/wp\/v2\/types\/product"}],"replies":[{"embeddable":true,"href":"https:\/\/skaitytaknyga.lt\/en\/wp-json\/wp\/v2\/comments?post=2689"}],"wp:featuredmedia":[{"embeddable":true,"href":"https:\/\/skaitytaknyga.lt\/en\/wp-json\/wp\/v2\/media\/2720"}],"wp:attachment":[{"href":"https:\/\/skaitytaknyga.lt\/en\/wp-json\/wp\/v2\/media?parent=2689"}],"wp:term":[{"taxonomy":"product_brand","embeddable":true,"href":"https:\/\/skaitytaknyga.lt\/en\/wp-json\/wp\/v2\/product_brand?post=2689"},{"taxonomy":"product_cat","embeddable":true,"href":"https:\/\/skaitytaknyga.lt\/en\/wp-json\/wp\/v2\/product_cat?post=2689"},{"taxonomy":"product_tag","embeddable":true,"href":"https:\/\/skaitytaknyga.lt\/en\/wp-json\/wp\/v2\/product_tag?post=2689"}],"curies":[{"name":"wp","href":"https:\/\/api.w.org\/{rel}","templated":true}]}}