{"id":2687,"date":"2024-04-17T13:16:42","date_gmt":"2024-04-17T13:16:42","guid":{"rendered":"https:\/\/skaitytaknyga.lt\/?post_type=product&#038;p=2687"},"modified":"2025-12-06T11:59:43","modified_gmt":"2025-12-06T09:59:43","slug":"e-m-forster-kelias-i-indija","status":"publish","type":"product","link":"https:\/\/skaitytaknyga.lt\/en\/produktas\/e-m-forster-kelias-i-indija\/","title":{"rendered":"E. M. Forster \u201eKelias \u012f Indij\u0105\u201c"},"content":{"rendered":"<p>Tai vienas pirm\u0173j\u0173 XX a. antikolonijini\u0173 angl\u0173 roman\u0173. Jame pateikiamas svarbus to meto klausimas: ar \u012fmanomi normal\u016bs santykiai tarp Vakar\u0173 ir Ryt\u0173? Romane ie\u0161koma b\u016bd\u0173, kaip per\u017eengti tautinius, rasinius ir religinius prietarus ir kaip u\u017emegzti nuo\u0161ird\u017eius ir atvirus santykius tarp \u017emoni\u0173.<\/p>\n<p>Romano veiksmas vyksta \u010candrapuro mieste. Vienas pagrindini\u0173 heroj\u0173 &#8211; indas Azizas &#8211; protingas ir i\u0161silavin\u0119s gydytojas, svajojantis ne tik apie laisv\u0105 Indij\u0105, bet ir apie suprating\u0105 vis\u0173 taut\u0173 ir rasi\u0173 bendradarbiavim\u0105. Ta\u010diau ind\u0173 ir angl\u0173 santykiai \u012ftempti. Rasinius skirtumus, paverg\u0117j\u0173 ir pavergt\u0173j\u0173 lemt\u012f per\u017eengti sunku. Azizas apkaltinamas angl\u0117s Adelos u\u017epuolimu ir nepadoriu elgesiu su ja. Tai vos nesibaigia tragi\u0161kai ir parodo, kad tarp \u0161i\u0173 dviej\u0173 taut\u0173 normal\u016bs santykiai kol kas ne\u012fmanomi.<\/p>\n<p>\u0160is E.M.Forsterio k\u016brinys &#8211; tikra lobi\u0173 skrynia ind\u0173 kult\u016bros gerb\u0117jams. Tikslios detal\u0117s, gamtos vaizdai, \u017emoni\u0173 ir papro\u010di\u0173 apra\u0161ymai bei \u012f tekst\u0105 \u012fpinti indi\u0161ki \u017eod\u017eiai ir posakiai sukuria neparkatojam\u0105 atmosfer\u0105. Indija skaitan\u010diajam \u0161\u012f roman\u0105 patraukli egzotika bei sunkiai suvokiamais prietarais ir ritualais. Pasak ra\u0161ytojo, Indija europiet\u012f gali i\u0161mokyti daug ko: nat\u016bralumo, atvirumo, pagarbos ir \u0161ilt\u0173 \u017emogi\u0161k\u0173 santyki\u0173.<\/p>\n","protected":false},"excerpt":{"rendered":"<p>Tai vienas pirm\u0173j\u0173 XX a. antikolonijini\u0173 angl\u0173 roman\u0173. Jame pateikiamas svarbus to meto klausimas: ar \u012fmanomi normal\u016bs santykiai tarp Vakar\u0173 ir Ryt\u0173? Romane ie\u0161koma b\u016bd\u0173, kaip per\u017eengti tautinius, rasinius ir religinius prietarus ir kaip u\u017emegzti nuo\u0161ird\u017eius ir atvirus santykius tarp \u017emoni\u0173. Romano veiksmas vyksta \u010candrapuro mieste. Vienas pagrindini\u0173 heroj\u0173 &#8211; indas Azizas &#8211; protingas ir i\u0161silavin\u0119s gydytojas, svajojantis ne tik apie laisv\u0105 Indij\u0105, bet ir apie suprating\u0105 vis\u0173 taut\u0173 ir rasi\u0173 bendradarbiavim\u0105. Ta\u010diau ind\u0173 ir angl\u0173 santykiai \u012ftempti. Rasinius skirtumus, paverg\u0117j\u0173 ir pavergt\u0173j\u0173 lemt\u012f per\u017eengti sunku. Azizas apkaltinamas angl\u0117s Adelos u\u017epuolimu ir nepadoriu elgesiu su ja. Tai vos nesibaigia tragi\u0161kai ir parodo, kad tarp \u0161i\u0173 dviej\u0173 taut\u0173 normal\u016bs santykiai kol kas ne\u012fmanomi. \u0160is E.M.Forsterio k\u016brinys &#8211; tikra lobi\u0173 skrynia ind\u0173 kult\u016bros gerb\u0117jams. Tikslios detal\u0117s, gamtos vaizdai, \u017emoni\u0173 ir papro\u010di\u0173 apra\u0161ymai bei \u012f tekst\u0105 \u012fpinti indi\u0161ki \u017eod\u017eiai ir posakiai sukuria neparkatojam\u0105 atmosfer\u0105. Indija skaitan\u010diajam \u0161\u012f roman\u0105 patraukli egzotika bei sunkiai suvokiamais prietarais ir ritualais. Pasak ra\u0161ytojo, Indija europiet\u012f gali i\u0161mokyti daug ko: nat\u016bralumo, atvirumo, pagarbos ir \u0161ilt\u0173 \u017emogi\u0161k\u0173 santyki\u0173.<\/p>\n","protected":false},"featured_media":2718,"comment_status":"closed","ping_status":"closed","template":"","meta":{"_acf_changed":false,"site-sidebar-layout":"default","site-content-layout":"","ast-site-content-layout":"default","site-content-style":"default","site-sidebar-style":"default","ast-global-header-display":"","ast-banner-title-visibility":"","ast-main-header-display":"","ast-hfb-above-header-display":"","ast-hfb-below-header-display":"","ast-hfb-mobile-header-display":"","site-post-title":"","ast-breadcrumbs-content":"","ast-featured-img":"","footer-sml-layout":"","ast-disable-related-posts":"","theme-transparent-header-meta":"","adv-header-id-meta":"","stick-header-meta":"","header-above-stick-meta":"","header-main-stick-meta":"","header-below-stick-meta":"","astra-migrate-meta-layouts":"default","ast-page-background-enabled":"default","ast-page-background-meta":{"desktop":{"background-color":"","background-image":"","background-repeat":"repeat","background-position":"center center","background-size":"auto","background-attachment":"scroll","background-type":"","background-media":"","overlay-type":"","overlay-color":"","overlay-opacity":"","overlay-gradient":""},"tablet":{"background-color":"","background-image":"","background-repeat":"repeat","background-position":"center center","background-size":"auto","background-attachment":"scroll","background-type":"","background-media":"","overlay-type":"","overlay-color":"","overlay-opacity":"","overlay-gradient":""},"mobile":{"background-color":"","background-image":"","background-repeat":"repeat","background-position":"center center","background-size":"auto","background-attachment":"scroll","background-type":"","background-media":"","overlay-type":"","overlay-color":"","overlay-opacity":"","overlay-gradient":""}},"ast-content-background-meta":{"desktop":{"background-color":"var(--ast-global-color-4)","background-image":"","background-repeat":"repeat","background-position":"center center","background-size":"auto","background-attachment":"scroll","background-type":"","background-media":"","overlay-type":"","overlay-color":"","overlay-opacity":"","overlay-gradient":""},"tablet":{"background-color":"var(--ast-global-color-4)","background-image":"","background-repeat":"repeat","background-position":"center center","background-size":"auto","background-attachment":"scroll","background-type":"","background-media":"","overlay-type":"","overlay-color":"","overlay-opacity":"","overlay-gradient":""},"mobile":{"background-color":"var(--ast-global-color-4)","background-image":"","background-repeat":"repeat","background-position":"center center","background-size":"auto","background-attachment":"scroll","background-type":"","background-media":"","overlay-type":"","overlay-color":"","overlay-opacity":"","overlay-gradient":""}}},"product_brand":[],"product_cat":[31],"product_tag":[],"class_list":{"0":"post-2687","1":"product","2":"type-product","3":"status-publish","4":"has-post-thumbnail","6":"product_cat-grozine-literatura","7":"desktop-align-left","8":"tablet-align-left","9":"mobile-align-left","11":"first","12":"outofstock","13":"shipping-taxable","14":"purchasable","15":"product-type-simple"},"acf":[],"yoast_head":"<!-- This site is optimized with the Yoast SEO plugin v27.0 - https:\/\/yoast.com\/product\/yoast-seo-wordpress\/ -->\n<title>E. M. Forster \u201eKelias \u012f Indij\u0105\u201c - Skaitytaknyga<\/title>\n<meta name=\"description\" content=\"Tai vienas pirm\u0173j\u0173 XX a. antikolonijini\u0173 angl\u0173 roman\u0173. Jame pateikiamas svarbus to meto klausimas: ar \u012fmanomi normal\u016bs santykiai tarp Vakar\u0173 ir Ryt\u0173?\" \/>\n<meta name=\"robots\" content=\"index, follow, max-snippet:-1, max-image-preview:large, max-video-preview:-1\" \/>\n<link rel=\"canonical\" href=\"https:\/\/skaitytaknyga.lt\/en\/produktas\/e-m-forster-kelias-i-indija\/\" \/>\n<meta property=\"og:locale\" content=\"en_GB\" \/>\n<meta property=\"og:locale:alternate\" content=\"lt_LT\" \/>\n<meta property=\"og:type\" content=\"article\" \/>\n<meta property=\"og:title\" content=\"E. M. Forster \u201eKelias \u012f Indij\u0105\u201c - Skaitytaknyga\" \/>\n<meta property=\"og:description\" content=\"Tai vienas pirm\u0173j\u0173 XX a. antikolonijini\u0173 angl\u0173 roman\u0173. Jame pateikiamas svarbus to meto klausimas: ar \u012fmanomi normal\u016bs santykiai tarp Vakar\u0173 ir Ryt\u0173?\" \/>\n<meta property=\"og:url\" content=\"https:\/\/skaitytaknyga.lt\/en\/produktas\/e-m-forster-kelias-i-indija\/\" \/>\n<meta property=\"og:site_name\" content=\"Skaitytaknyga\" \/>\n<meta property=\"article:publisher\" content=\"https:\/\/www.facebook.com\/skaitytaknyga\/\" \/>\n<meta property=\"article:modified_time\" content=\"2025-12-06T09:59:43+00:00\" \/>\n<meta property=\"og:image\" content=\"https:\/\/skaitytaknyga.lt\/wp-content\/uploads\/2024\/04\/1462882510_img0014-001.jpg\" \/>\n\t<meta property=\"og:image:width\" content=\"248\" \/>\n\t<meta property=\"og:image:height\" content=\"430\" \/>\n\t<meta property=\"og:image:type\" content=\"image\/jpeg\" \/>\n<meta name=\"twitter:card\" content=\"summary_large_image\" \/>\n<meta name=\"twitter:label1\" content=\"Estimated reading time\" \/>\n\t<meta name=\"twitter:data1\" content=\"1 minute\" \/>\n<script type=\"application\/ld+json\" class=\"yoast-schema-graph\">{\"@context\":\"https:\/\/schema.org\",\"@graph\":[{\"@type\":\"WebPage\",\"@id\":\"https:\/\/skaitytaknyga.lt\/produktas\/e-m-forster-kelias-i-indija\/\",\"url\":\"https:\/\/skaitytaknyga.lt\/produktas\/e-m-forster-kelias-i-indija\/\",\"name\":\"E. M. Forster \u201eKelias \u012f Indij\u0105\u201c - Skaitytaknyga\",\"isPartOf\":{\"@id\":\"https:\/\/skaitytaknyga.lt\/#website\"},\"primaryImageOfPage\":{\"@id\":\"https:\/\/skaitytaknyga.lt\/produktas\/e-m-forster-kelias-i-indija\/#primaryimage\"},\"image\":{\"@id\":\"https:\/\/skaitytaknyga.lt\/produktas\/e-m-forster-kelias-i-indija\/#primaryimage\"},\"thumbnailUrl\":\"https:\/\/skaitytaknyga.lt\/wp-content\/uploads\/2024\/04\/1462882510_img0014-001.jpg\",\"datePublished\":\"2024-04-17T13:16:42+00:00\",\"dateModified\":\"2025-12-06T09:59:43+00:00\",\"description\":\"Tai vienas pirm\u0173j\u0173 XX a. antikolonijini\u0173 angl\u0173 roman\u0173. Jame pateikiamas svarbus to meto klausimas: ar \u012fmanomi normal\u016bs santykiai tarp Vakar\u0173 ir Ryt\u0173?\",\"breadcrumb\":{\"@id\":\"https:\/\/skaitytaknyga.lt\/produktas\/e-m-forster-kelias-i-indija\/#breadcrumb\"},\"inLanguage\":\"en-GB\",\"potentialAction\":[{\"@type\":\"ReadAction\",\"target\":[\"https:\/\/skaitytaknyga.lt\/produktas\/e-m-forster-kelias-i-indija\/\"]}]},{\"@type\":\"ImageObject\",\"inLanguage\":\"en-GB\",\"@id\":\"https:\/\/skaitytaknyga.lt\/produktas\/e-m-forster-kelias-i-indija\/#primaryimage\",\"url\":\"https:\/\/skaitytaknyga.lt\/wp-content\/uploads\/2024\/04\/1462882510_img0014-001.jpg\",\"contentUrl\":\"https:\/\/skaitytaknyga.lt\/wp-content\/uploads\/2024\/04\/1462882510_img0014-001.jpg\",\"width\":248,\"height\":430,\"caption\":\"1462882510 img0014 001\"},{\"@type\":\"BreadcrumbList\",\"@id\":\"https:\/\/skaitytaknyga.lt\/produktas\/e-m-forster-kelias-i-indija\/#breadcrumb\",\"itemListElement\":[{\"@type\":\"ListItem\",\"position\":1,\"name\":\"Home\",\"item\":\"https:\/\/skaitytaknyga.lt\/\"},{\"@type\":\"ListItem\",\"position\":2,\"name\":\"Parduotuv\u0117\",\"item\":\"https:\/\/skaitytaknyga.lt\/knygu-parduotuve\/\"},{\"@type\":\"ListItem\",\"position\":3,\"name\":\"E. M. Forster \u201eKelias \u012f Indij\u0105\u201c\"}]},{\"@type\":\"WebSite\",\"@id\":\"https:\/\/skaitytaknyga.lt\/#website\",\"url\":\"https:\/\/skaitytaknyga.lt\/\",\"name\":\"skaitytaknyga.lt\",\"description\":\"Skaitytaknyga.lt \u2013 tai ma\u017eas \u0161eimos verslas, kuris prasid\u0117jo nuo meil\u0117s knygoms ir siekio i\u0161gelb\u0117ti knygas nuo likimo prie konteinerio. Kas vienam nereikalingas daiktas \u2013 kitam lobis, o mes esame tarpininkai, kurie padeda abiems tapti laimingesniems ???? \u017dinome kaip nelengva i\u0161gyventi ma\u017eiems verslams, tad nuo \u0161iol, \u010dia rasite ir kit\u0173, ma\u017e\u0173 \u0161eim\u0173 versl\u0173, rank\u0173 darbo, dovan\u0173 sau ir artimiesiems.\",\"publisher\":{\"@id\":\"https:\/\/skaitytaknyga.lt\/#organization\"},\"potentialAction\":[{\"@type\":\"SearchAction\",\"target\":{\"@type\":\"EntryPoint\",\"urlTemplate\":\"https:\/\/skaitytaknyga.lt\/?s={search_term_string}\"},\"query-input\":{\"@type\":\"PropertyValueSpecification\",\"valueRequired\":true,\"valueName\":\"search_term_string\"}}],\"inLanguage\":\"en-GB\"},{\"@type\":\"Organization\",\"@id\":\"https:\/\/skaitytaknyga.lt\/#organization\",\"name\":\"skaitytaknyga.lt\",\"url\":\"https:\/\/skaitytaknyga.lt\/\",\"logo\":{\"@type\":\"ImageObject\",\"inLanguage\":\"en-GB\",\"@id\":\"https:\/\/skaitytaknyga.lt\/#\/schema\/logo\/image\/\",\"url\":\"https:\/\/skaitytaknyga.lt\/wp-content\/uploads\/2024\/05\/cropped-cropped-cropped-02_00843_jt3bggkj1j3HLc7SyY6rEUpg.jpeg\",\"contentUrl\":\"https:\/\/skaitytaknyga.lt\/wp-content\/uploads\/2024\/05\/cropped-cropped-cropped-02_00843_jt3bggkj1j3HLc7SyY6rEUpg.jpeg\",\"width\":1600,\"height\":1600,\"caption\":\"skaitytaknyga.lt\"},\"image\":{\"@id\":\"https:\/\/skaitytaknyga.lt\/#\/schema\/logo\/image\/\"},\"sameAs\":[\"https:\/\/www.facebook.com\/skaitytaknyga\/\"]}]}<\/script>\n<!-- \/ Yoast SEO plugin. -->","yoast_head_json":{"title":"E. M. Forster \u201eKelias \u012f Indij\u0105\u201c - Skaitytaknyga","description":"Tai vienas pirm\u0173j\u0173 XX a. antikolonijini\u0173 angl\u0173 roman\u0173. Jame pateikiamas svarbus to meto klausimas: ar \u012fmanomi normal\u016bs santykiai tarp Vakar\u0173 ir Ryt\u0173?","robots":{"index":"index","follow":"follow","max-snippet":"max-snippet:-1","max-image-preview":"max-image-preview:large","max-video-preview":"max-video-preview:-1"},"canonical":"https:\/\/skaitytaknyga.lt\/en\/produktas\/e-m-forster-kelias-i-indija\/","og_locale":"en_GB","og_type":"article","og_title":"E. M. Forster \u201eKelias \u012f Indij\u0105\u201c - Skaitytaknyga","og_description":"Tai vienas pirm\u0173j\u0173 XX a. antikolonijini\u0173 angl\u0173 roman\u0173. Jame pateikiamas svarbus to meto klausimas: ar \u012fmanomi normal\u016bs santykiai tarp Vakar\u0173 ir Ryt\u0173?","og_url":"https:\/\/skaitytaknyga.lt\/en\/produktas\/e-m-forster-kelias-i-indija\/","og_site_name":"Skaitytaknyga","article_publisher":"https:\/\/www.facebook.com\/skaitytaknyga\/","article_modified_time":"2025-12-06T09:59:43+00:00","og_image":[{"width":248,"height":430,"url":"https:\/\/skaitytaknyga.lt\/wp-content\/uploads\/2024\/04\/1462882510_img0014-001.jpg","type":"image\/jpeg"}],"twitter_card":"summary_large_image","twitter_misc":{"Estimated reading time":"1 minute"},"schema":{"@context":"https:\/\/schema.org","@graph":[{"@type":"WebPage","@id":"https:\/\/skaitytaknyga.lt\/produktas\/e-m-forster-kelias-i-indija\/","url":"https:\/\/skaitytaknyga.lt\/produktas\/e-m-forster-kelias-i-indija\/","name":"E. M. Forster \u201eKelias \u012f Indij\u0105\u201c - Skaitytaknyga","isPartOf":{"@id":"https:\/\/skaitytaknyga.lt\/#website"},"primaryImageOfPage":{"@id":"https:\/\/skaitytaknyga.lt\/produktas\/e-m-forster-kelias-i-indija\/#primaryimage"},"image":{"@id":"https:\/\/skaitytaknyga.lt\/produktas\/e-m-forster-kelias-i-indija\/#primaryimage"},"thumbnailUrl":"https:\/\/skaitytaknyga.lt\/wp-content\/uploads\/2024\/04\/1462882510_img0014-001.jpg","datePublished":"2024-04-17T13:16:42+00:00","dateModified":"2025-12-06T09:59:43+00:00","description":"Tai vienas pirm\u0173j\u0173 XX a. antikolonijini\u0173 angl\u0173 roman\u0173. Jame pateikiamas svarbus to meto klausimas: ar \u012fmanomi normal\u016bs santykiai tarp Vakar\u0173 ir Ryt\u0173?","breadcrumb":{"@id":"https:\/\/skaitytaknyga.lt\/produktas\/e-m-forster-kelias-i-indija\/#breadcrumb"},"inLanguage":"en-GB","potentialAction":[{"@type":"ReadAction","target":["https:\/\/skaitytaknyga.lt\/produktas\/e-m-forster-kelias-i-indija\/"]}]},{"@type":"ImageObject","inLanguage":"en-GB","@id":"https:\/\/skaitytaknyga.lt\/produktas\/e-m-forster-kelias-i-indija\/#primaryimage","url":"https:\/\/skaitytaknyga.lt\/wp-content\/uploads\/2024\/04\/1462882510_img0014-001.jpg","contentUrl":"https:\/\/skaitytaknyga.lt\/wp-content\/uploads\/2024\/04\/1462882510_img0014-001.jpg","width":248,"height":430,"caption":"1462882510 img0014 001"},{"@type":"BreadcrumbList","@id":"https:\/\/skaitytaknyga.lt\/produktas\/e-m-forster-kelias-i-indija\/#breadcrumb","itemListElement":[{"@type":"ListItem","position":1,"name":"Home","item":"https:\/\/skaitytaknyga.lt\/"},{"@type":"ListItem","position":2,"name":"Parduotuv\u0117","item":"https:\/\/skaitytaknyga.lt\/knygu-parduotuve\/"},{"@type":"ListItem","position":3,"name":"E. M. Forster \u201eKelias \u012f Indij\u0105\u201c"}]},{"@type":"WebSite","@id":"https:\/\/skaitytaknyga.lt\/#website","url":"https:\/\/skaitytaknyga.lt\/","name":"skaitytaknyga.lt","description":"Skaitytaknyga.lt \u2013 tai ma\u017eas \u0161eimos verslas, kuris prasid\u0117jo nuo meil\u0117s knygoms ir siekio i\u0161gelb\u0117ti knygas nuo likimo prie konteinerio. Kas vienam nereikalingas daiktas \u2013 kitam lobis, o mes esame tarpininkai, kurie padeda abiems tapti laimingesniems ???? \u017dinome kaip nelengva i\u0161gyventi ma\u017eiems verslams, tad nuo \u0161iol, \u010dia rasite ir kit\u0173, ma\u017e\u0173 \u0161eim\u0173 versl\u0173, rank\u0173 darbo, dovan\u0173 sau ir artimiesiems.","publisher":{"@id":"https:\/\/skaitytaknyga.lt\/#organization"},"potentialAction":[{"@type":"SearchAction","target":{"@type":"EntryPoint","urlTemplate":"https:\/\/skaitytaknyga.lt\/?s={search_term_string}"},"query-input":{"@type":"PropertyValueSpecification","valueRequired":true,"valueName":"search_term_string"}}],"inLanguage":"en-GB"},{"@type":"Organization","@id":"https:\/\/skaitytaknyga.lt\/#organization","name":"skaitytaknyga.lt","url":"https:\/\/skaitytaknyga.lt\/","logo":{"@type":"ImageObject","inLanguage":"en-GB","@id":"https:\/\/skaitytaknyga.lt\/#\/schema\/logo\/image\/","url":"https:\/\/skaitytaknyga.lt\/wp-content\/uploads\/2024\/05\/cropped-cropped-cropped-02_00843_jt3bggkj1j3HLc7SyY6rEUpg.jpeg","contentUrl":"https:\/\/skaitytaknyga.lt\/wp-content\/uploads\/2024\/05\/cropped-cropped-cropped-02_00843_jt3bggkj1j3HLc7SyY6rEUpg.jpeg","width":1600,"height":1600,"caption":"skaitytaknyga.lt"},"image":{"@id":"https:\/\/skaitytaknyga.lt\/#\/schema\/logo\/image\/"},"sameAs":["https:\/\/www.facebook.com\/skaitytaknyga\/"]}]}},"_links":{"self":[{"href":"https:\/\/skaitytaknyga.lt\/en\/wp-json\/wp\/v2\/product\/2687","targetHints":{"allow":["GET"]}}],"collection":[{"href":"https:\/\/skaitytaknyga.lt\/en\/wp-json\/wp\/v2\/product"}],"about":[{"href":"https:\/\/skaitytaknyga.lt\/en\/wp-json\/wp\/v2\/types\/product"}],"replies":[{"embeddable":true,"href":"https:\/\/skaitytaknyga.lt\/en\/wp-json\/wp\/v2\/comments?post=2687"}],"wp:featuredmedia":[{"embeddable":true,"href":"https:\/\/skaitytaknyga.lt\/en\/wp-json\/wp\/v2\/media\/2718"}],"wp:attachment":[{"href":"https:\/\/skaitytaknyga.lt\/en\/wp-json\/wp\/v2\/media?parent=2687"}],"wp:term":[{"taxonomy":"product_brand","embeddable":true,"href":"https:\/\/skaitytaknyga.lt\/en\/wp-json\/wp\/v2\/product_brand?post=2687"},{"taxonomy":"product_cat","embeddable":true,"href":"https:\/\/skaitytaknyga.lt\/en\/wp-json\/wp\/v2\/product_cat?post=2687"},{"taxonomy":"product_tag","embeddable":true,"href":"https:\/\/skaitytaknyga.lt\/en\/wp-json\/wp\/v2\/product_tag?post=2687"}],"curies":[{"name":"wp","href":"https:\/\/api.w.org\/{rel}","templated":true}]}}