{"id":2677,"date":"2024-04-17T13:16:42","date_gmt":"2024-04-17T13:16:42","guid":{"rendered":"https:\/\/skaitytaknyga.lt\/?post_type=product&#038;p=2677"},"modified":"2026-03-11T17:31:48","modified_gmt":"2026-03-11T15:31:48","slug":"yves-bossart-be-siandienos-rytoj-nebutu-vakarykstes-dienos-filosofiniai-mintiniai-zaidimai","status":"publish","type":"product","link":"https:\/\/skaitytaknyga.lt\/en\/produktas\/yves-bossart-be-siandienos-rytoj-nebutu-vakarykstes-dienos-filosofiniai-mintiniai-zaidimai\/","title":{"rendered":"Be \u0161iandienos rytoj neb\u016bt\u0173 vakaryk\u0161t\u0117s dienos: filosofiniai mintiniai \u017eaidimai"},"content":{"rendered":"<p>J\u016bs\u0173 rankose \u2013 smagi, \u012fkvepianti ir m\u0105styti, diskutuoti skatinanti knyga, kurioje pateikiami patys \u012fvairiausi skirting\u0173 laikotarpi\u0173 \u017einomiausi\u0173 pasaulyje filosof\u0173 mintiniai \u017eaidimai, arba m\u0105stymo eksperimentai. Jau daugiau nei du t\u016bkstan\u010dius met\u0173 tokie m\u0105stymo eksperimentai yra svarbus ir veiksmingas filosofijos \u012frankis.<\/p>\n<p>M\u0105stymo eksperimentas \u2013 tai hipotez\u0117, teorija ar principas, kai m\u0105stant galvojama apie pasekmes: kas gali atsitikti arba kas atsitikt\u0173, jeigu?.. Tokie m\u0105stymo eksperimentai padeda rasti atsakymus \u012f esminius gyvenimo klausimus. Kaip mes gyventume, jei b\u016btume nemirtingi? Kaip gali priri\u0161tas \u0161uo b\u016bti laimingas? Ar privalome pad\u0117ti varg\u0161ams? Ar \u017einios turi ribas? Ar esame laisvi apsispr\u0119sti? Ar egzistuoja tikra meil\u0117? Ar galima valgyti gyv\u016bnus? Kas b\u016bna po mirties? Ar galiu tik\u0117ti Diev\u0105? Pagaliau kas atsirado anks\u010diau \u2013 vi\u0161ta ar kiau\u0161inis? \u012e kai kuriuos klausimus filosofija dar tebeie\u0161ko atsakym\u0173, o kai kuriuos jau geba pagr\u012fstai paai\u0161kinti.<\/p>\n<p>Knygoje pateikiamos filosofin\u0117s m\u012fsl\u0117s, proto \u017eaidimai ir analogijos, susijusios su svarbiausiomis filosofijos temomis. Nagrin\u0117jami laim\u0117s, erdv\u0117s, laiko klausimai, moral\u0117s teorijos. Skaitant knyg\u0105 atrodo, tarsi s\u0117d\u0117tum\u0117te prie vieno stalo su garsiausiais filosofais ir tame draugi\u0161kame ratelyje m\u0117gintum\u0117te suprasti j\u0173 teorijas, pateiktum\u0117te savo kontrargumentus.<\/p>\n<p>Filosofijos labirintais smals\u0173 skaitytoj\u0105 ved\u017eioja ir pasiklysti neleid\u017eia profesionali knygos autoriaus Yveso Bossarto (g. 1983) ranka. Tai \u0161veicar\u0173 filosofas, studijav\u0119s filosofij\u0105 Liucernoje, Ciuriche ir Heidelberge. Berlyno Humbolt\u0173 universitete Y. Bossartas apgyn\u0117 filosofijos moksl\u0173 daktaro disertacij\u0105 \u201eFilosofija pagal Wittgenstein\u0105&#8221;.<\/p>\n<p>Originalus pavadinimas: Ohne Heute g\u00e4be es morgen kein Gestern: Philosophische Gedankenspiele<br \/>\nAutorius: Yves Bossart<br \/>\nLeid\u0117jas: Gelm\u0117s<br \/>\nMetai: 2017<br \/>\nPuslapiai: 240<br \/>\nISBN: 9786098168518<br \/>\nVersijos kodas: PT.<br \/>\nFormatas: 14 x 21 x 2 cm, mink\u0161ti vir\u0161eliai<br \/>\nKalba: Lietuvi\u0173<br \/>\nVert\u0117jas: Vilija \u017demaitaityt\u0117<\/p>\n","protected":false},"excerpt":{"rendered":"<p>J\u016bs\u0173 rankose \u2013 smagi, \u012fkvepianti ir m\u0105styti, diskutuoti skatinanti knyga, kurioje pateikiami patys \u012fvairiausi skirting\u0173 laikotarpi\u0173 \u017einomiausi\u0173 pasaulyje filosof\u0173 mintiniai \u017eaidimai, arba m\u0105stymo eksperimentai. Jau daugiau nei du t\u016bkstan\u010dius met\u0173 tokie m\u0105stymo eksperimentai yra svarbus ir veiksmingas filosofijos \u012frankis. M\u0105stymo eksperimentas \u2013 tai hipotez\u0117, teorija ar principas, kai m\u0105stant galvojama apie pasekmes: kas gali atsitikti arba kas atsitikt\u0173, jeigu?.. Tokie m\u0105stymo eksperimentai padeda rasti atsakymus \u012f esminius gyvenimo klausimus. Kaip mes gyventume, jei b\u016btume nemirtingi? Kaip gali priri\u0161tas \u0161uo b\u016bti laimingas? Ar privalome pad\u0117ti varg\u0161ams? Ar \u017einios turi ribas? Ar esame laisvi apsispr\u0119sti? Ar egzistuoja tikra meil\u0117? Ar galima valgyti gyv\u016bnus? Kas b\u016bna po mirties? Ar galiu tik\u0117ti Diev\u0105? Pagaliau kas atsirado anks\u010diau \u2013 vi\u0161ta ar kiau\u0161inis? \u012e kai kuriuos klausimus filosofija dar tebeie\u0161ko atsakym\u0173, o kai kuriuos jau geba pagr\u012fstai paai\u0161kinti. Knygoje pateikiamos filosofin\u0117s m\u012fsl\u0117s, proto \u017eaidimai ir analogijos, susijusios su svarbiausiomis filosofijos temomis. Nagrin\u0117jami laim\u0117s, erdv\u0117s, laiko klausimai, moral\u0117s teorijos. Skaitant knyg\u0105 atrodo, tarsi s\u0117d\u0117tum\u0117te prie vieno stalo su garsiausiais filosofais ir tame draugi\u0161kame ratelyje m\u0117gintum\u0117te suprasti j\u0173 teorijas, pateiktum\u0117te savo kontrargumentus. Filosofijos labirintais smals\u0173 skaitytoj\u0105 ved\u017eioja ir pasiklysti neleid\u017eia profesionali knygos autoriaus Yveso Bossarto (g. 1983) ranka. Tai \u0161veicar\u0173 filosofas, studijav\u0119s filosofij\u0105 Liucernoje, Ciuriche ir Heidelberge. Berlyno Humbolt\u0173 universitete Y. Bossartas apgyn\u0117 filosofijos moksl\u0173 daktaro disertacij\u0105 \u201eFilosofija pagal Wittgenstein\u0105&#8221;. Originalus pavadinimas: Ohne Heute g\u00e4be es morgen kein Gestern: Philosophische Gedankenspiele Autorius: Yves Bossart Leid\u0117jas: Gelm\u0117s Metai: 2017 Puslapiai: 240 ISBN: 9786098168518 Versijos kodas: PT. Formatas: 14 x 21 x 2 cm, mink\u0161ti vir\u0161eliai Kalba: Lietuvi\u0173 Vert\u0117jas: Vilija \u017demaitaityt\u0117<\/p>\n","protected":false},"featured_media":2708,"comment_status":"closed","ping_status":"closed","template":"","meta":{"_acf_changed":false,"site-sidebar-layout":"default","site-content-layout":"","ast-site-content-layout":"default","site-content-style":"default","site-sidebar-style":"default","ast-global-header-display":"","ast-banner-title-visibility":"","ast-main-header-display":"","ast-hfb-above-header-display":"","ast-hfb-below-header-display":"","ast-hfb-mobile-header-display":"","site-post-title":"","ast-breadcrumbs-content":"","ast-featured-img":"","footer-sml-layout":"","ast-disable-related-posts":"","theme-transparent-header-meta":"default","adv-header-id-meta":"","stick-header-meta":"","header-above-stick-meta":"","header-main-stick-meta":"","header-below-stick-meta":"","astra-migrate-meta-layouts":"set","ast-page-background-enabled":"default","ast-page-background-meta":{"desktop":{"background-color":"","background-image":"","background-repeat":"repeat","background-position":"center center","background-size":"auto","background-attachment":"scroll","background-type":"","background-media":"","overlay-type":"","overlay-color":"","overlay-opacity":"","overlay-gradient":""},"tablet":{"background-color":"","background-image":"","background-repeat":"repeat","background-position":"center center","background-size":"auto","background-attachment":"scroll","background-type":"","background-media":"","overlay-type":"","overlay-color":"","overlay-opacity":"","overlay-gradient":""},"mobile":{"background-color":"","background-image":"","background-repeat":"repeat","background-position":"center center","background-size":"auto","background-attachment":"scroll","background-type":"","background-media":"","overlay-type":"","overlay-color":"","overlay-opacity":"","overlay-gradient":""}},"ast-content-background-meta":{"desktop":{"background-color":"var(--ast-global-color-4)","background-image":"","background-repeat":"repeat","background-position":"center center","background-size":"auto","background-attachment":"scroll","background-type":"","background-media":"","overlay-type":"","overlay-color":"","overlay-opacity":"","overlay-gradient":""},"tablet":{"background-color":"var(--ast-global-color-4)","background-image":"","background-repeat":"repeat","background-position":"center center","background-size":"auto","background-attachment":"scroll","background-type":"","background-media":"","overlay-type":"","overlay-color":"","overlay-opacity":"","overlay-gradient":""},"mobile":{"background-color":"var(--ast-global-color-4)","background-image":"","background-repeat":"repeat","background-position":"center center","background-size":"auto","background-attachment":"scroll","background-type":"","background-media":"","overlay-type":"","overlay-color":"","overlay-opacity":"","overlay-gradient":""}}},"product_brand":[],"product_cat":[9753],"product_tag":[9770],"class_list":{"0":"post-2677","1":"product","2":"type-product","3":"status-publish","4":"has-post-thumbnail","6":"product_cat-religija","7":"product_tag-yves-bossart","8":"desktop-align-left","9":"tablet-align-left","10":"mobile-align-left","12":"first","13":"instock","14":"shipping-taxable","15":"purchasable","16":"product-type-simple"},"acf":[],"yoast_head":"<!-- This site is optimized with the Yoast SEO plugin v27.0 - https:\/\/yoast.com\/product\/yoast-seo-wordpress\/ -->\n<title>Be \u0161iandienos rytoj neb\u016bt\u0173 vakaryk\u0161t\u0117s dienos: filosofiniai mintiniai \u017eaidimai<\/title>\n<meta name=\"description\" content=\"J\u016bs\u0173 rankose \u2013 smagi, \u012fkvepianti ir m\u0105styti, diskutuoti skatinanti knyga, kurioje pateikiami patys \u012fvairiausi skirting\u0173 laikotarpi\u0173 \u017einomiausi\u0173 pasaulyje\" \/>\n<meta name=\"robots\" content=\"index, follow, max-snippet:-1, max-image-preview:large, max-video-preview:-1\" \/>\n<link rel=\"canonical\" href=\"https:\/\/skaitytaknyga.lt\/en\/produktas\/yves-bossart-be-siandienos-rytoj-nebutu-vakarykstes-dienos-filosofiniai-mintiniai-zaidimai\/\" \/>\n<meta property=\"og:locale\" content=\"en_GB\" \/>\n<meta property=\"og:locale:alternate\" content=\"lt_LT\" \/>\n<meta property=\"og:type\" content=\"article\" \/>\n<meta property=\"og:title\" content=\"Be \u0161iandienos rytoj neb\u016bt\u0173 vakaryk\u0161t\u0117s dienos: filosofiniai mintiniai \u017eaidimai\" \/>\n<meta property=\"og:description\" content=\"J\u016bs\u0173 rankose \u2013 smagi, \u012fkvepianti ir m\u0105styti, diskutuoti skatinanti knyga, kurioje pateikiami patys \u012fvairiausi skirting\u0173 laikotarpi\u0173 \u017einomiausi\u0173 pasaulyje\" \/>\n<meta property=\"og:url\" content=\"https:\/\/skaitytaknyga.lt\/en\/produktas\/yves-bossart-be-siandienos-rytoj-nebutu-vakarykstes-dienos-filosofiniai-mintiniai-zaidimai\/\" \/>\n<meta property=\"og:site_name\" content=\"Skaitytaknyga\" \/>\n<meta property=\"article:publisher\" content=\"https:\/\/www.facebook.com\/skaitytaknyga\/\" \/>\n<meta property=\"article:modified_time\" content=\"2026-03-11T15:31:48+00:00\" \/>\n<meta property=\"og:image\" content=\"https:\/\/skaitytaknyga.lt\/wp-content\/uploads\/2024\/04\/1507013128_Filosofiniai-zaidimai-virselis-2-368x450-1.jpg\" \/>\n\t<meta property=\"og:image:width\" content=\"320\" \/>\n\t<meta property=\"og:image:height\" content=\"391\" \/>\n\t<meta property=\"og:image:type\" content=\"image\/jpeg\" \/>\n<meta name=\"twitter:card\" content=\"summary_large_image\" \/>\n<meta name=\"twitter:label1\" content=\"Estimated reading time\" \/>\n\t<meta name=\"twitter:data1\" content=\"2 minutes\" \/>\n<script type=\"application\/ld+json\" class=\"yoast-schema-graph\">{\"@context\":\"https:\/\/schema.org\",\"@graph\":[{\"@type\":\"WebPage\",\"@id\":\"https:\/\/skaitytaknyga.lt\/produktas\/yves-bossart-be-siandienos-rytoj-nebutu-vakarykstes-dienos-filosofiniai-mintiniai-zaidimai\/\",\"url\":\"https:\/\/skaitytaknyga.lt\/produktas\/yves-bossart-be-siandienos-rytoj-nebutu-vakarykstes-dienos-filosofiniai-mintiniai-zaidimai\/\",\"name\":\"Be \u0161iandienos rytoj neb\u016bt\u0173 vakaryk\u0161t\u0117s dienos: filosofiniai mintiniai \u017eaidimai\",\"isPartOf\":{\"@id\":\"https:\/\/skaitytaknyga.lt\/#website\"},\"primaryImageOfPage\":{\"@id\":\"https:\/\/skaitytaknyga.lt\/produktas\/yves-bossart-be-siandienos-rytoj-nebutu-vakarykstes-dienos-filosofiniai-mintiniai-zaidimai\/#primaryimage\"},\"image\":{\"@id\":\"https:\/\/skaitytaknyga.lt\/produktas\/yves-bossart-be-siandienos-rytoj-nebutu-vakarykstes-dienos-filosofiniai-mintiniai-zaidimai\/#primaryimage\"},\"thumbnailUrl\":\"https:\/\/skaitytaknyga.lt\/wp-content\/uploads\/2024\/04\/1507013128_Filosofiniai-zaidimai-virselis-2-368x450-1.jpg\",\"datePublished\":\"2024-04-17T13:16:42+00:00\",\"dateModified\":\"2026-03-11T15:31:48+00:00\",\"description\":\"J\u016bs\u0173 rankose \u2013 smagi, \u012fkvepianti ir m\u0105styti, diskutuoti skatinanti knyga, kurioje pateikiami patys \u012fvairiausi skirting\u0173 laikotarpi\u0173 \u017einomiausi\u0173 pasaulyje\",\"breadcrumb\":{\"@id\":\"https:\/\/skaitytaknyga.lt\/produktas\/yves-bossart-be-siandienos-rytoj-nebutu-vakarykstes-dienos-filosofiniai-mintiniai-zaidimai\/#breadcrumb\"},\"inLanguage\":\"en-GB\",\"potentialAction\":[{\"@type\":\"ReadAction\",\"target\":[\"https:\/\/skaitytaknyga.lt\/produktas\/yves-bossart-be-siandienos-rytoj-nebutu-vakarykstes-dienos-filosofiniai-mintiniai-zaidimai\/\"]}]},{\"@type\":\"ImageObject\",\"inLanguage\":\"en-GB\",\"@id\":\"https:\/\/skaitytaknyga.lt\/produktas\/yves-bossart-be-siandienos-rytoj-nebutu-vakarykstes-dienos-filosofiniai-mintiniai-zaidimai\/#primaryimage\",\"url\":\"https:\/\/skaitytaknyga.lt\/wp-content\/uploads\/2024\/04\/1507013128_Filosofiniai-zaidimai-virselis-2-368x450-1.jpg\",\"contentUrl\":\"https:\/\/skaitytaknyga.lt\/wp-content\/uploads\/2024\/04\/1507013128_Filosofiniai-zaidimai-virselis-2-368x450-1.jpg\",\"width\":320,\"height\":391,\"caption\":\"Be \u0161iandienos rytoj neb\u016bt\u0173 vakaryk\u0161t\u0117s dienos: filosofiniai mintiniai \u017eaidimai\"},{\"@type\":\"BreadcrumbList\",\"@id\":\"https:\/\/skaitytaknyga.lt\/produktas\/yves-bossart-be-siandienos-rytoj-nebutu-vakarykstes-dienos-filosofiniai-mintiniai-zaidimai\/#breadcrumb\",\"itemListElement\":[{\"@type\":\"ListItem\",\"position\":1,\"name\":\"Home\",\"item\":\"https:\/\/skaitytaknyga.lt\/\"},{\"@type\":\"ListItem\",\"position\":2,\"name\":\"Parduotuv\u0117\",\"item\":\"https:\/\/skaitytaknyga.lt\/knygu-parduotuve\/\"},{\"@type\":\"ListItem\",\"position\":3,\"name\":\"Be \u0161iandienos rytoj neb\u016bt\u0173 vakaryk\u0161t\u0117s dienos: filosofiniai mintiniai \u017eaidimai\"}]},{\"@type\":\"WebSite\",\"@id\":\"https:\/\/skaitytaknyga.lt\/#website\",\"url\":\"https:\/\/skaitytaknyga.lt\/\",\"name\":\"skaitytaknyga.lt\",\"description\":\"Skaitytaknyga.lt \u2013 tai ma\u017eas \u0161eimos verslas, kuris prasid\u0117jo nuo meil\u0117s knygoms ir siekio i\u0161gelb\u0117ti knygas nuo likimo prie konteinerio. Kas vienam nereikalingas daiktas \u2013 kitam lobis, o mes esame tarpininkai, kurie padeda abiems tapti laimingesniems ???? \u017dinome kaip nelengva i\u0161gyventi ma\u017eiems verslams, tad nuo \u0161iol, \u010dia rasite ir kit\u0173, ma\u017e\u0173 \u0161eim\u0173 versl\u0173, rank\u0173 darbo, dovan\u0173 sau ir artimiesiems.\",\"publisher\":{\"@id\":\"https:\/\/skaitytaknyga.lt\/#organization\"},\"potentialAction\":[{\"@type\":\"SearchAction\",\"target\":{\"@type\":\"EntryPoint\",\"urlTemplate\":\"https:\/\/skaitytaknyga.lt\/?s={search_term_string}\"},\"query-input\":{\"@type\":\"PropertyValueSpecification\",\"valueRequired\":true,\"valueName\":\"search_term_string\"}}],\"inLanguage\":\"en-GB\"},{\"@type\":\"Organization\",\"@id\":\"https:\/\/skaitytaknyga.lt\/#organization\",\"name\":\"skaitytaknyga.lt\",\"url\":\"https:\/\/skaitytaknyga.lt\/\",\"logo\":{\"@type\":\"ImageObject\",\"inLanguage\":\"en-GB\",\"@id\":\"https:\/\/skaitytaknyga.lt\/#\/schema\/logo\/image\/\",\"url\":\"https:\/\/skaitytaknyga.lt\/wp-content\/uploads\/2024\/05\/cropped-cropped-cropped-02_00843_jt3bggkj1j3HLc7SyY6rEUpg.jpeg\",\"contentUrl\":\"https:\/\/skaitytaknyga.lt\/wp-content\/uploads\/2024\/05\/cropped-cropped-cropped-02_00843_jt3bggkj1j3HLc7SyY6rEUpg.jpeg\",\"width\":1600,\"height\":1600,\"caption\":\"skaitytaknyga.lt\"},\"image\":{\"@id\":\"https:\/\/skaitytaknyga.lt\/#\/schema\/logo\/image\/\"},\"sameAs\":[\"https:\/\/www.facebook.com\/skaitytaknyga\/\"]}]}<\/script>\n<!-- \/ Yoast SEO plugin. -->","yoast_head_json":{"title":"Be \u0161iandienos rytoj neb\u016bt\u0173 vakaryk\u0161t\u0117s dienos: filosofiniai mintiniai \u017eaidimai","description":"J\u016bs\u0173 rankose \u2013 smagi, \u012fkvepianti ir m\u0105styti, diskutuoti skatinanti knyga, kurioje pateikiami patys \u012fvairiausi skirting\u0173 laikotarpi\u0173 \u017einomiausi\u0173 pasaulyje","robots":{"index":"index","follow":"follow","max-snippet":"max-snippet:-1","max-image-preview":"max-image-preview:large","max-video-preview":"max-video-preview:-1"},"canonical":"https:\/\/skaitytaknyga.lt\/en\/produktas\/yves-bossart-be-siandienos-rytoj-nebutu-vakarykstes-dienos-filosofiniai-mintiniai-zaidimai\/","og_locale":"en_GB","og_type":"article","og_title":"[:lt]Be \u0161iandienos rytoj neb\u016bt\u0173 vakaryk\u0161t\u0117s dienos: filosofiniai mintiniai \u017eaidimai[:] - Skaitytaknyga","og_description":"J\u016bs\u0173 rankose \u2013 smagi, \u012fkvepianti ir m\u0105styti, diskutuoti skatinanti knyga, kurioje pateikiami patys \u012fvairiausi skirting\u0173 laikotarpi\u0173 \u017einomiausi\u0173 pasaulyje","og_url":"https:\/\/skaitytaknyga.lt\/en\/produktas\/yves-bossart-be-siandienos-rytoj-nebutu-vakarykstes-dienos-filosofiniai-mintiniai-zaidimai\/","og_site_name":"Skaitytaknyga","article_publisher":"https:\/\/www.facebook.com\/skaitytaknyga\/","article_modified_time":"2026-03-11T15:31:48+00:00","og_image":[{"width":320,"height":391,"url":"https:\/\/skaitytaknyga.lt\/wp-content\/uploads\/2024\/04\/1507013128_Filosofiniai-zaidimai-virselis-2-368x450-1.jpg","type":"image\/jpeg"}],"twitter_card":"summary_large_image","twitter_misc":{"Estimated reading time":"2 minutes"},"schema":{"@context":"https:\/\/schema.org","@graph":[{"@type":"WebPage","@id":"https:\/\/skaitytaknyga.lt\/produktas\/yves-bossart-be-siandienos-rytoj-nebutu-vakarykstes-dienos-filosofiniai-mintiniai-zaidimai\/","url":"https:\/\/skaitytaknyga.lt\/produktas\/yves-bossart-be-siandienos-rytoj-nebutu-vakarykstes-dienos-filosofiniai-mintiniai-zaidimai\/","name":"Be \u0161iandienos rytoj neb\u016bt\u0173 vakaryk\u0161t\u0117s dienos: filosofiniai mintiniai \u017eaidimai","isPartOf":{"@id":"https:\/\/skaitytaknyga.lt\/#website"},"primaryImageOfPage":{"@id":"https:\/\/skaitytaknyga.lt\/produktas\/yves-bossart-be-siandienos-rytoj-nebutu-vakarykstes-dienos-filosofiniai-mintiniai-zaidimai\/#primaryimage"},"image":{"@id":"https:\/\/skaitytaknyga.lt\/produktas\/yves-bossart-be-siandienos-rytoj-nebutu-vakarykstes-dienos-filosofiniai-mintiniai-zaidimai\/#primaryimage"},"thumbnailUrl":"https:\/\/skaitytaknyga.lt\/wp-content\/uploads\/2024\/04\/1507013128_Filosofiniai-zaidimai-virselis-2-368x450-1.jpg","datePublished":"2024-04-17T13:16:42+00:00","dateModified":"2026-03-11T15:31:48+00:00","description":"J\u016bs\u0173 rankose \u2013 smagi, \u012fkvepianti ir m\u0105styti, diskutuoti skatinanti knyga, kurioje pateikiami patys \u012fvairiausi skirting\u0173 laikotarpi\u0173 \u017einomiausi\u0173 pasaulyje","breadcrumb":{"@id":"https:\/\/skaitytaknyga.lt\/produktas\/yves-bossart-be-siandienos-rytoj-nebutu-vakarykstes-dienos-filosofiniai-mintiniai-zaidimai\/#breadcrumb"},"inLanguage":"en-GB","potentialAction":[{"@type":"ReadAction","target":["https:\/\/skaitytaknyga.lt\/produktas\/yves-bossart-be-siandienos-rytoj-nebutu-vakarykstes-dienos-filosofiniai-mintiniai-zaidimai\/"]}]},{"@type":"ImageObject","inLanguage":"en-GB","@id":"https:\/\/skaitytaknyga.lt\/produktas\/yves-bossart-be-siandienos-rytoj-nebutu-vakarykstes-dienos-filosofiniai-mintiniai-zaidimai\/#primaryimage","url":"https:\/\/skaitytaknyga.lt\/wp-content\/uploads\/2024\/04\/1507013128_Filosofiniai-zaidimai-virselis-2-368x450-1.jpg","contentUrl":"https:\/\/skaitytaknyga.lt\/wp-content\/uploads\/2024\/04\/1507013128_Filosofiniai-zaidimai-virselis-2-368x450-1.jpg","width":320,"height":391,"caption":"Be \u0161iandienos rytoj neb\u016bt\u0173 vakaryk\u0161t\u0117s dienos: filosofiniai mintiniai \u017eaidimai"},{"@type":"BreadcrumbList","@id":"https:\/\/skaitytaknyga.lt\/produktas\/yves-bossart-be-siandienos-rytoj-nebutu-vakarykstes-dienos-filosofiniai-mintiniai-zaidimai\/#breadcrumb","itemListElement":[{"@type":"ListItem","position":1,"name":"Home","item":"https:\/\/skaitytaknyga.lt\/"},{"@type":"ListItem","position":2,"name":"Parduotuv\u0117","item":"https:\/\/skaitytaknyga.lt\/knygu-parduotuve\/"},{"@type":"ListItem","position":3,"name":"Be \u0161iandienos rytoj neb\u016bt\u0173 vakaryk\u0161t\u0117s dienos: filosofiniai mintiniai \u017eaidimai"}]},{"@type":"WebSite","@id":"https:\/\/skaitytaknyga.lt\/#website","url":"https:\/\/skaitytaknyga.lt\/","name":"skaitytaknyga.lt","description":"Skaitytaknyga.lt \u2013 tai ma\u017eas \u0161eimos verslas, kuris prasid\u0117jo nuo meil\u0117s knygoms ir siekio i\u0161gelb\u0117ti knygas nuo likimo prie konteinerio. Kas vienam nereikalingas daiktas \u2013 kitam lobis, o mes esame tarpininkai, kurie padeda abiems tapti laimingesniems ???? \u017dinome kaip nelengva i\u0161gyventi ma\u017eiems verslams, tad nuo \u0161iol, \u010dia rasite ir kit\u0173, ma\u017e\u0173 \u0161eim\u0173 versl\u0173, rank\u0173 darbo, dovan\u0173 sau ir artimiesiems.","publisher":{"@id":"https:\/\/skaitytaknyga.lt\/#organization"},"potentialAction":[{"@type":"SearchAction","target":{"@type":"EntryPoint","urlTemplate":"https:\/\/skaitytaknyga.lt\/?s={search_term_string}"},"query-input":{"@type":"PropertyValueSpecification","valueRequired":true,"valueName":"search_term_string"}}],"inLanguage":"en-GB"},{"@type":"Organization","@id":"https:\/\/skaitytaknyga.lt\/#organization","name":"skaitytaknyga.lt","url":"https:\/\/skaitytaknyga.lt\/","logo":{"@type":"ImageObject","inLanguage":"en-GB","@id":"https:\/\/skaitytaknyga.lt\/#\/schema\/logo\/image\/","url":"https:\/\/skaitytaknyga.lt\/wp-content\/uploads\/2024\/05\/cropped-cropped-cropped-02_00843_jt3bggkj1j3HLc7SyY6rEUpg.jpeg","contentUrl":"https:\/\/skaitytaknyga.lt\/wp-content\/uploads\/2024\/05\/cropped-cropped-cropped-02_00843_jt3bggkj1j3HLc7SyY6rEUpg.jpeg","width":1600,"height":1600,"caption":"skaitytaknyga.lt"},"image":{"@id":"https:\/\/skaitytaknyga.lt\/#\/schema\/logo\/image\/"},"sameAs":["https:\/\/www.facebook.com\/skaitytaknyga\/"]}]}},"_links":{"self":[{"href":"https:\/\/skaitytaknyga.lt\/en\/wp-json\/wp\/v2\/product\/2677","targetHints":{"allow":["GET"]}}],"collection":[{"href":"https:\/\/skaitytaknyga.lt\/en\/wp-json\/wp\/v2\/product"}],"about":[{"href":"https:\/\/skaitytaknyga.lt\/en\/wp-json\/wp\/v2\/types\/product"}],"replies":[{"embeddable":true,"href":"https:\/\/skaitytaknyga.lt\/en\/wp-json\/wp\/v2\/comments?post=2677"}],"wp:featuredmedia":[{"embeddable":true,"href":"https:\/\/skaitytaknyga.lt\/en\/wp-json\/wp\/v2\/media\/2708"}],"wp:attachment":[{"href":"https:\/\/skaitytaknyga.lt\/en\/wp-json\/wp\/v2\/media?parent=2677"}],"wp:term":[{"taxonomy":"product_brand","embeddable":true,"href":"https:\/\/skaitytaknyga.lt\/en\/wp-json\/wp\/v2\/product_brand?post=2677"},{"taxonomy":"product_cat","embeddable":true,"href":"https:\/\/skaitytaknyga.lt\/en\/wp-json\/wp\/v2\/product_cat?post=2677"},{"taxonomy":"product_tag","embeddable":true,"href":"https:\/\/skaitytaknyga.lt\/en\/wp-json\/wp\/v2\/product_tag?post=2677"}],"curies":[{"name":"wp","href":"https:\/\/api.w.org\/{rel}","templated":true}]}}