{"id":26511,"date":"2026-05-10T20:00:29","date_gmt":"2026-05-10T17:00:29","guid":{"rendered":"https:\/\/skaitytaknyga.lt\/?post_type=product&#038;p=26511"},"modified":"2026-05-10T20:04:03","modified_gmt":"2026-05-10T17:04:03","slug":"brangus-gyvenime","status":"publish","type":"product","link":"https:\/\/skaitytaknyga.lt\/en\/produktas\/brangus-gyvenime\/","title":{"rendered":"Brangus gyvenime"},"content":{"rendered":"<p>2013 met\u0173 Nobelio premijos laureat\u0117s knyga.<\/p>\n<p>A. Munro pasakoja istorijas, nutinkan\u010dias paprastiems \u017emon\u0117s. Jie turi tr\u016bkum\u0173 ir neatlieka joki\u0173 \u017eygdarbi\u0173, jie tiesiog gyvena \u2013 myl\u0117dami, i\u0161duodami, klysdami, ie\u0161kodami. Ta\u010diau kasdienio gyvenimo t\u0117km\u0117je ra\u0161ytojai pavyksta u\u017e\u010diuopti akimirkas, kurios leid\u017eia prisiliesti prie \u017emogaus sielos gelm\u0117s, \u2013 kai \u017emog\u0173 visam laikui pakei\u010dia atsitiktinis susitikimas, neatliktas veiksmas ar tiesiog netik\u0117tas likimo vingis.<\/p>\n<p>Rinkinys \u201eBrangus gyvenime\u201c yra tobulas d\u0117l A. Munro \u012f\u017evalgumo ir neprilygstamos pasakotojos dovanos ir liudija, koks nenusp\u0117jamas, nuostabus ir nepaprastas yra \u017emogaus gyvenimas.<\/p>\n<p>Kanadie\u010di\u0173 ra\u0161ytojai Alice Munro Nobelio literat\u016bros premija buvo skirta u\u017e apsakymus, kuriuose skleid\u017eiasi \u017emogaus b\u016bties trapumas. Ra\u0161ytoja \u2013 neabejotina trumpojo \u017eanro meistr\u0117, keliuose puslapiuose sutalpinanti i\u0161tisus gyvenimus, sud\u0117tingas jausm\u0173 istorijas ir painias gyvenimo dramas. Romanams prilygstantys A. Munro apsakymai \u012fsimena ir d\u0117l \u012ftaigaus \u017emogaus dvasinio pasaulio atvaizdavimo.<\/p>\n<p>Nepaprasta&#8230; Joks kitas ra\u0161ytojas nepasako tiek daug per tiek ma\u017eai.<\/p>\n","protected":false},"excerpt":{"rendered":"<p>2013 met\u0173 Nobelio premijos laureat\u0117s knyga. A. Munro pasakoja istorijas, nutinkan\u010dias paprastiems \u017emon\u0117s. Jie turi tr\u016bkum\u0173 ir neatlieka joki\u0173 \u017eygdarbi\u0173, jie tiesiog gyvena \u2013 myl\u0117dami, i\u0161duodami, klysdami, ie\u0161kodami. Ta\u010diau kasdienio gyvenimo t\u0117km\u0117je ra\u0161ytojai pavyksta u\u017e\u010diuopti akimirkas, kurios leid\u017eia prisiliesti prie \u017emogaus sielos gelm\u0117s, \u2013 kai \u017emog\u0173 visam laikui pakei\u010dia atsitiktinis susitikimas, neatliktas veiksmas ar tiesiog netik\u0117tas likimo vingis. Rinkinys \u201eBrangus gyvenime\u201c yra tobulas d\u0117l A. Munro \u012f\u017evalgumo ir neprilygstamos pasakotojos dovanos ir liudija, koks nenusp\u0117jamas, nuostabus ir nepaprastas yra \u017emogaus gyvenimas. Kanadie\u010di\u0173 ra\u0161ytojai Alice Munro Nobelio literat\u016bros premija buvo skirta u\u017e apsakymus, kuriuose skleid\u017eiasi \u017emogaus b\u016bties trapumas. Ra\u0161ytoja \u2013 neabejotina trumpojo \u017eanro meistr\u0117, keliuose puslapiuose sutalpinanti i\u0161tisus gyvenimus, sud\u0117tingas jausm\u0173 istorijas ir painias gyvenimo dramas. Romanams prilygstantys A. Munro apsakymai \u012fsimena ir d\u0117l \u012ftaigaus \u017emogaus dvasinio pasaulio atvaizdavimo. Nepaprasta&#8230; Joks kitas ra\u0161ytojas nepasako tiek daug per tiek ma\u017eai.<\/p>\n","protected":false},"featured_media":26516,"comment_status":"open","ping_status":"closed","template":"","meta":{"_acf_changed":false,"site-sidebar-layout":"default","site-content-layout":"","ast-site-content-layout":"default","site-content-style":"default","site-sidebar-style":"default","ast-global-header-display":"","ast-banner-title-visibility":"","ast-main-header-display":"","ast-hfb-above-header-display":"","ast-hfb-below-header-display":"","ast-hfb-mobile-header-display":"","site-post-title":"","ast-breadcrumbs-content":"","ast-featured-img":"","footer-sml-layout":"","ast-disable-related-posts":"","theme-transparent-header-meta":"","adv-header-id-meta":"","stick-header-meta":"","header-above-stick-meta":"","header-main-stick-meta":"","header-below-stick-meta":"","astra-migrate-meta-layouts":"default","ast-page-background-enabled":"default","ast-page-background-meta":{"desktop":{"background-color":"","background-image":"","background-repeat":"repeat","background-position":"center center","background-size":"auto","background-attachment":"scroll","background-type":"","background-media":"","overlay-type":"","overlay-color":"","overlay-opacity":"","overlay-gradient":""},"tablet":{"background-color":"","background-image":"","background-repeat":"repeat","background-position":"center center","background-size":"auto","background-attachment":"scroll","background-type":"","background-media":"","overlay-type":"","overlay-color":"","overlay-opacity":"","overlay-gradient":""},"mobile":{"background-color":"","background-image":"","background-repeat":"repeat","background-position":"center center","background-size":"auto","background-attachment":"scroll","background-type":"","background-media":"","overlay-type":"","overlay-color":"","overlay-opacity":"","overlay-gradient":""}},"ast-content-background-meta":{"desktop":{"background-color":"var(--ast-global-color-4)","background-image":"","background-repeat":"repeat","background-position":"center center","background-size":"auto","background-attachment":"scroll","background-type":"","background-media":"","overlay-type":"","overlay-color":"","overlay-opacity":"","overlay-gradient":""},"tablet":{"background-color":"var(--ast-global-color-4)","background-image":"","background-repeat":"repeat","background-position":"center center","background-size":"auto","background-attachment":"scroll","background-type":"","background-media":"","overlay-type":"","overlay-color":"","overlay-opacity":"","overlay-gradient":""},"mobile":{"background-color":"var(--ast-global-color-4)","background-image":"","background-repeat":"repeat","background-position":"center center","background-size":"auto","background-attachment":"scroll","background-type":"","background-media":"","overlay-type":"","overlay-color":"","overlay-opacity":"","overlay-gradient":""}}},"product_brand":[],"product_cat":[9734],"product_tag":[],"class_list":{"0":"post-26511","1":"product","2":"type-product","3":"status-publish","4":"has-post-thumbnail","6":"product_cat-romanai","7":"desktop-align-left","8":"tablet-align-left","9":"mobile-align-left","11":"first","12":"instock","13":"shipping-taxable","14":"purchasable","15":"product-type-simple"},"acf":[],"yoast_head":"<!-- This site is optimized with the Yoast SEO plugin v27.4 - https:\/\/yoast.com\/product\/yoast-seo-wordpress\/ -->\n<title>Brangus gyvenime<\/title>\n<meta name=\"description\" content=\"2013 met\u0173 Nobelio premijos laureat\u0117s knyga. A. Munro pasakoja istorijas, nutinkan\u010dias paprastiems \u017emon\u0117s. Jie turi tr\u016bkum\u0173 ir neatlieka joki\u0173 \u017eygdarbi\u0173,\" \/>\n<meta name=\"robots\" content=\"index, follow, max-snippet:-1, max-image-preview:large, max-video-preview:-1\" \/>\n<link rel=\"canonical\" href=\"https:\/\/skaitytaknyga.lt\/en\/produktas\/brangus-gyvenime\/\" \/>\n<meta property=\"og:locale\" content=\"en_GB\" \/>\n<meta property=\"og:locale:alternate\" content=\"lt_LT\" \/>\n<meta property=\"og:type\" content=\"article\" \/>\n<meta property=\"og:title\" content=\"Brangus gyvenime\" \/>\n<meta property=\"og:description\" content=\"2013 met\u0173 Nobelio premijos laureat\u0117s knyga. A. Munro pasakoja istorijas, nutinkan\u010dias paprastiems \u017emon\u0117s. Jie turi tr\u016bkum\u0173 ir neatlieka joki\u0173 \u017eygdarbi\u0173,\" \/>\n<meta property=\"og:url\" content=\"https:\/\/skaitytaknyga.lt\/en\/produktas\/brangus-gyvenime\/\" \/>\n<meta property=\"og:site_name\" content=\"Skaitytaknyga\" \/>\n<meta property=\"article:publisher\" content=\"https:\/\/www.facebook.com\/skaitytaknyga\/\" \/>\n<meta property=\"article:modified_time\" content=\"2026-05-10T17:04:03+00:00\" \/>\n<meta property=\"og:image\" content=\"https:\/\/skaitytaknyga.lt\/wp-content\/uploads\/2026\/05\/Brangus-gyvenime.webp\" \/>\n\t<meta property=\"og:image:width\" content=\"458\" \/>\n\t<meta property=\"og:image:height\" content=\"750\" \/>\n\t<meta property=\"og:image:type\" content=\"image\/webp\" \/>\n<meta name=\"twitter:card\" content=\"summary_large_image\" \/>\n<meta name=\"twitter:label1\" content=\"Estimated reading time\" \/>\n\t<meta name=\"twitter:data1\" content=\"1 minute\" \/>\n<script type=\"application\/ld+json\" class=\"yoast-schema-graph\">{\"@context\":\"https:\\\/\\\/schema.org\",\"@graph\":[{\"@type\":\"WebPage\",\"@id\":\"https:\\\/\\\/skaitytaknyga.lt\\\/produktas\\\/brangus-gyvenime\\\/\",\"url\":\"https:\\\/\\\/skaitytaknyga.lt\\\/produktas\\\/brangus-gyvenime\\\/\",\"name\":\"Brangus gyvenime\",\"isPartOf\":{\"@id\":\"https:\\\/\\\/skaitytaknyga.lt\\\/#website\"},\"primaryImageOfPage\":{\"@id\":\"https:\\\/\\\/skaitytaknyga.lt\\\/produktas\\\/brangus-gyvenime\\\/#primaryimage\"},\"image\":{\"@id\":\"https:\\\/\\\/skaitytaknyga.lt\\\/produktas\\\/brangus-gyvenime\\\/#primaryimage\"},\"thumbnailUrl\":\"https:\\\/\\\/skaitytaknyga.lt\\\/wp-content\\\/uploads\\\/2026\\\/05\\\/Brangus-gyvenime.webp\",\"datePublished\":\"2026-05-10T17:00:29+00:00\",\"dateModified\":\"2026-05-10T17:04:03+00:00\",\"description\":\"2013 met\u0173 Nobelio premijos laureat\u0117s knyga. A. Munro pasakoja istorijas, nutinkan\u010dias paprastiems \u017emon\u0117s. Jie turi tr\u016bkum\u0173 ir neatlieka joki\u0173 \u017eygdarbi\u0173,\",\"breadcrumb\":{\"@id\":\"https:\\\/\\\/skaitytaknyga.lt\\\/produktas\\\/brangus-gyvenime\\\/#breadcrumb\"},\"inLanguage\":\"en-GB\",\"potentialAction\":[{\"@type\":\"ReadAction\",\"target\":[\"https:\\\/\\\/skaitytaknyga.lt\\\/produktas\\\/brangus-gyvenime\\\/\"]}]},{\"@type\":\"ImageObject\",\"inLanguage\":\"en-GB\",\"@id\":\"https:\\\/\\\/skaitytaknyga.lt\\\/produktas\\\/brangus-gyvenime\\\/#primaryimage\",\"url\":\"https:\\\/\\\/skaitytaknyga.lt\\\/wp-content\\\/uploads\\\/2026\\\/05\\\/Brangus-gyvenime.webp\",\"contentUrl\":\"https:\\\/\\\/skaitytaknyga.lt\\\/wp-content\\\/uploads\\\/2026\\\/05\\\/Brangus-gyvenime.webp\",\"width\":458,\"height\":750,\"caption\":\"Brangus gyvenime\"},{\"@type\":\"BreadcrumbList\",\"@id\":\"https:\\\/\\\/skaitytaknyga.lt\\\/produktas\\\/brangus-gyvenime\\\/#breadcrumb\",\"itemListElement\":[{\"@type\":\"ListItem\",\"position\":1,\"name\":\"Home\",\"item\":\"https:\\\/\\\/skaitytaknyga.lt\\\/\"},{\"@type\":\"ListItem\",\"position\":2,\"name\":\"Parduotuv\u0117\",\"item\":\"https:\\\/\\\/skaitytaknyga.lt\\\/knygu-parduotuve\\\/\"},{\"@type\":\"ListItem\",\"position\":3,\"name\":\"Brangus gyvenime\"}]},{\"@type\":\"WebSite\",\"@id\":\"https:\\\/\\\/skaitytaknyga.lt\\\/#website\",\"url\":\"https:\\\/\\\/skaitytaknyga.lt\\\/\",\"name\":\"skaitytaknyga.lt\",\"description\":\"Skaitytaknyga.lt \u2013 tai ma\u017eas \u0161eimos verslas, kuris prasid\u0117jo nuo meil\u0117s knygoms ir siekio i\u0161gelb\u0117ti knygas nuo likimo prie konteinerio. Kas vienam nereikalingas daiktas \u2013 kitam lobis, o mes esame tarpininkai, kurie padeda abiems tapti laimingesniems ???? \u017dinome kaip nelengva i\u0161gyventi ma\u017eiems verslams, tad nuo \u0161iol, \u010dia rasite ir kit\u0173, ma\u017e\u0173 \u0161eim\u0173 versl\u0173, rank\u0173 darbo, dovan\u0173 sau ir artimiesiems.\",\"publisher\":{\"@id\":\"https:\\\/\\\/skaitytaknyga.lt\\\/#organization\"},\"potentialAction\":[{\"@type\":\"SearchAction\",\"target\":{\"@type\":\"EntryPoint\",\"urlTemplate\":\"https:\\\/\\\/skaitytaknyga.lt\\\/?s={search_term_string}\"},\"query-input\":{\"@type\":\"PropertyValueSpecification\",\"valueRequired\":true,\"valueName\":\"search_term_string\"}}],\"inLanguage\":\"en-GB\"},{\"@type\":\"Organization\",\"@id\":\"https:\\\/\\\/skaitytaknyga.lt\\\/#organization\",\"name\":\"skaitytaknyga.lt\",\"url\":\"https:\\\/\\\/skaitytaknyga.lt\\\/\",\"logo\":{\"@type\":\"ImageObject\",\"inLanguage\":\"en-GB\",\"@id\":\"https:\\\/\\\/skaitytaknyga.lt\\\/#\\\/schema\\\/logo\\\/image\\\/\",\"url\":\"https:\\\/\\\/skaitytaknyga.lt\\\/wp-content\\\/uploads\\\/2024\\\/05\\\/cropped-cropped-cropped-02_00843_jt3bggkj1j3HLc7SyY6rEUpg.jpeg\",\"contentUrl\":\"https:\\\/\\\/skaitytaknyga.lt\\\/wp-content\\\/uploads\\\/2024\\\/05\\\/cropped-cropped-cropped-02_00843_jt3bggkj1j3HLc7SyY6rEUpg.jpeg\",\"width\":1600,\"height\":1600,\"caption\":\"skaitytaknyga.lt\"},\"image\":{\"@id\":\"https:\\\/\\\/skaitytaknyga.lt\\\/#\\\/schema\\\/logo\\\/image\\\/\"},\"sameAs\":[\"https:\\\/\\\/www.facebook.com\\\/skaitytaknyga\\\/\"]}]}<\/script>\n<!-- \/ Yoast SEO plugin. -->","yoast_head_json":{"title":"Brangus gyvenime","description":"2013 met\u0173 Nobelio premijos laureat\u0117s knyga. A. Munro pasakoja istorijas, nutinkan\u010dias paprastiems \u017emon\u0117s. Jie turi tr\u016bkum\u0173 ir neatlieka joki\u0173 \u017eygdarbi\u0173,","robots":{"index":"index","follow":"follow","max-snippet":"max-snippet:-1","max-image-preview":"max-image-preview:large","max-video-preview":"max-video-preview:-1"},"canonical":"https:\/\/skaitytaknyga.lt\/en\/produktas\/brangus-gyvenime\/","og_locale":"en_GB","og_type":"article","og_title":"[:lt]Brangus gyvenime[:] - Skaitytaknyga","og_description":"2013 met\u0173 Nobelio premijos laureat\u0117s knyga. A. Munro pasakoja istorijas, nutinkan\u010dias paprastiems \u017emon\u0117s. Jie turi tr\u016bkum\u0173 ir neatlieka joki\u0173 \u017eygdarbi\u0173,","og_url":"https:\/\/skaitytaknyga.lt\/en\/produktas\/brangus-gyvenime\/","og_site_name":"Skaitytaknyga","article_publisher":"https:\/\/www.facebook.com\/skaitytaknyga\/","article_modified_time":"2026-05-10T17:04:03+00:00","og_image":[{"width":458,"height":750,"url":"https:\/\/skaitytaknyga.lt\/wp-content\/uploads\/2026\/05\/Brangus-gyvenime.webp","type":"image\/webp"}],"twitter_card":"summary_large_image","twitter_misc":{"Estimated reading time":"1 minute"},"schema":{"@context":"https:\/\/schema.org","@graph":[{"@type":"WebPage","@id":"https:\/\/skaitytaknyga.lt\/produktas\/brangus-gyvenime\/","url":"https:\/\/skaitytaknyga.lt\/produktas\/brangus-gyvenime\/","name":"Brangus gyvenime","isPartOf":{"@id":"https:\/\/skaitytaknyga.lt\/#website"},"primaryImageOfPage":{"@id":"https:\/\/skaitytaknyga.lt\/produktas\/brangus-gyvenime\/#primaryimage"},"image":{"@id":"https:\/\/skaitytaknyga.lt\/produktas\/brangus-gyvenime\/#primaryimage"},"thumbnailUrl":"https:\/\/skaitytaknyga.lt\/wp-content\/uploads\/2026\/05\/Brangus-gyvenime.webp","datePublished":"2026-05-10T17:00:29+00:00","dateModified":"2026-05-10T17:04:03+00:00","description":"2013 met\u0173 Nobelio premijos laureat\u0117s knyga. A. Munro pasakoja istorijas, nutinkan\u010dias paprastiems \u017emon\u0117s. Jie turi tr\u016bkum\u0173 ir neatlieka joki\u0173 \u017eygdarbi\u0173,","breadcrumb":{"@id":"https:\/\/skaitytaknyga.lt\/produktas\/brangus-gyvenime\/#breadcrumb"},"inLanguage":"en-GB","potentialAction":[{"@type":"ReadAction","target":["https:\/\/skaitytaknyga.lt\/produktas\/brangus-gyvenime\/"]}]},{"@type":"ImageObject","inLanguage":"en-GB","@id":"https:\/\/skaitytaknyga.lt\/produktas\/brangus-gyvenime\/#primaryimage","url":"https:\/\/skaitytaknyga.lt\/wp-content\/uploads\/2026\/05\/Brangus-gyvenime.webp","contentUrl":"https:\/\/skaitytaknyga.lt\/wp-content\/uploads\/2026\/05\/Brangus-gyvenime.webp","width":458,"height":750,"caption":"Brangus gyvenime"},{"@type":"BreadcrumbList","@id":"https:\/\/skaitytaknyga.lt\/produktas\/brangus-gyvenime\/#breadcrumb","itemListElement":[{"@type":"ListItem","position":1,"name":"Home","item":"https:\/\/skaitytaknyga.lt\/"},{"@type":"ListItem","position":2,"name":"Parduotuv\u0117","item":"https:\/\/skaitytaknyga.lt\/knygu-parduotuve\/"},{"@type":"ListItem","position":3,"name":"Brangus gyvenime"}]},{"@type":"WebSite","@id":"https:\/\/skaitytaknyga.lt\/#website","url":"https:\/\/skaitytaknyga.lt\/","name":"skaitytaknyga.lt","description":"Skaitytaknyga.lt \u2013 tai ma\u017eas \u0161eimos verslas, kuris prasid\u0117jo nuo meil\u0117s knygoms ir siekio i\u0161gelb\u0117ti knygas nuo likimo prie konteinerio. Kas vienam nereikalingas daiktas \u2013 kitam lobis, o mes esame tarpininkai, kurie padeda abiems tapti laimingesniems ???? \u017dinome kaip nelengva i\u0161gyventi ma\u017eiems verslams, tad nuo \u0161iol, \u010dia rasite ir kit\u0173, ma\u017e\u0173 \u0161eim\u0173 versl\u0173, rank\u0173 darbo, dovan\u0173 sau ir artimiesiems.","publisher":{"@id":"https:\/\/skaitytaknyga.lt\/#organization"},"potentialAction":[{"@type":"SearchAction","target":{"@type":"EntryPoint","urlTemplate":"https:\/\/skaitytaknyga.lt\/?s={search_term_string}"},"query-input":{"@type":"PropertyValueSpecification","valueRequired":true,"valueName":"search_term_string"}}],"inLanguage":"en-GB"},{"@type":"Organization","@id":"https:\/\/skaitytaknyga.lt\/#organization","name":"skaitytaknyga.lt","url":"https:\/\/skaitytaknyga.lt\/","logo":{"@type":"ImageObject","inLanguage":"en-GB","@id":"https:\/\/skaitytaknyga.lt\/#\/schema\/logo\/image\/","url":"https:\/\/skaitytaknyga.lt\/wp-content\/uploads\/2024\/05\/cropped-cropped-cropped-02_00843_jt3bggkj1j3HLc7SyY6rEUpg.jpeg","contentUrl":"https:\/\/skaitytaknyga.lt\/wp-content\/uploads\/2024\/05\/cropped-cropped-cropped-02_00843_jt3bggkj1j3HLc7SyY6rEUpg.jpeg","width":1600,"height":1600,"caption":"skaitytaknyga.lt"},"image":{"@id":"https:\/\/skaitytaknyga.lt\/#\/schema\/logo\/image\/"},"sameAs":["https:\/\/www.facebook.com\/skaitytaknyga\/"]}]}},"_links":{"self":[{"href":"https:\/\/skaitytaknyga.lt\/en\/wp-json\/wp\/v2\/product\/26511","targetHints":{"allow":["GET"]}}],"collection":[{"href":"https:\/\/skaitytaknyga.lt\/en\/wp-json\/wp\/v2\/product"}],"about":[{"href":"https:\/\/skaitytaknyga.lt\/en\/wp-json\/wp\/v2\/types\/product"}],"replies":[{"embeddable":true,"href":"https:\/\/skaitytaknyga.lt\/en\/wp-json\/wp\/v2\/comments?post=26511"}],"wp:featuredmedia":[{"embeddable":true,"href":"https:\/\/skaitytaknyga.lt\/en\/wp-json\/wp\/v2\/media\/26516"}],"wp:attachment":[{"href":"https:\/\/skaitytaknyga.lt\/en\/wp-json\/wp\/v2\/media?parent=26511"}],"wp:term":[{"taxonomy":"product_brand","embeddable":true,"href":"https:\/\/skaitytaknyga.lt\/en\/wp-json\/wp\/v2\/product_brand?post=26511"},{"taxonomy":"product_cat","embeddable":true,"href":"https:\/\/skaitytaknyga.lt\/en\/wp-json\/wp\/v2\/product_cat?post=26511"},{"taxonomy":"product_tag","embeddable":true,"href":"https:\/\/skaitytaknyga.lt\/en\/wp-json\/wp\/v2\/product_tag?post=26511"}],"curies":[{"name":"wp","href":"https:\/\/api.w.org\/{rel}","templated":true}]}}