{"id":26510,"date":"2026-05-10T20:00:28","date_gmt":"2026-05-10T17:00:28","guid":{"rendered":"https:\/\/skaitytaknyga.lt\/?post_type=product&#038;p=26510"},"modified":"2026-05-10T20:07:58","modified_gmt":"2026-05-10T17:07:58","slug":"gydytojas-liubomiras-laucevicius","status":"publish","type":"product","link":"https:\/\/skaitytaknyga.lt\/en\/produktas\/gydytojas-liubomiras-laucevicius\/","title":{"rendered":"Gydytojas Liubomiras Laucevi\u010dius (yra skaitymo \u017eymi\u0173)"},"content":{"rendered":"<p>Gyventi, myl\u0117ti, b\u016bti mylimam&#8230;<\/p>\n<p>Liubomiras Laucevi\u010dius (1905\u20131993) \u2013 vienas garsiausi\u0173 XX a. Lietuvos medik\u0173, gydytojas praktikas, pedagogas, mokslininkas, i\u0161skirtinis medicinos eruditas. Likimas jam skyr\u0117 pa\u010dius sunkiausius i\u0161bandymus \u2013 karo i\u0161bla\u0161kyta \u0161eima, Sibiro lageriai, alinantis klaid\u017eiojimas sovietme\u010dio ideologijos labirintais. Bet visa tai nepalau\u017e\u0117, galb\u016bt net dar labiau sustiprino jo tik\u0117jim\u0105 savo pa\u0161aukimu, nor\u0105 dirbti ir b\u016bti naudingam Lietuvai ir jos \u017emon\u0117ms. Jis \u0117jo per gyvenim\u0105 oriu aristokrato \u017eingsniu, auk\u0161tai i\u0161kelta galva, ta\u010diau be puikyb\u0117s, atvira \u0161irdimi. Jis nesiek\u0117 garb\u0117s, bet jos nusipeln\u0117.<\/p>\n<p>\u0160ioje knygoje spausdinami labai atviri paties Liubomiro Laucevi\u010diaus pasakojimai, u\u017era\u0161yti 1992 metais, jo artim\u0173j\u0173 bei koleg\u0173 neprogin\u0117s mintys, pateikiama istorini\u0173 duomen\u0173 apie bajor\u0173 Laucevi\u010di\u0173 gimin\u0119 ir herb\u0105. Knyga gausiai iliustruota nuotraukomis i\u0161 asmenini\u0173 archyv\u0173.<br \/>\n***<br \/>\nLabai skaudu, kad m\u016bs\u0173  \u0161eimos buvo taip i\u0161draskytos. T\u0173  jausm\u0173, gyvenimo negalima lyginti su \u0161eimomis, kuriose vaikai visada tur\u0117jo mylint\u012f  ir mylim\u0105 t\u0117v\u0105 ir mam\u0105, stabil\u0173  gyvenim\u0105. Kartu su vaikais gyvenome tame pa\u010diame name nuo pat gimimo, tik suaug\u0119 jie paliko namus. J\u0173 gyvenimas nuo skaudaus m\u016bs\u0173 gyvenimo skiriasi kaip dangus ir \u017eem\u0117. \u2013 Marija Regina Laucevi\u010di\u016bt\u0117-Raudien\u0117, dukra<\/p>\n","protected":false},"excerpt":{"rendered":"<p>Gyventi, myl\u0117ti, b\u016bti mylimam&#8230; Liubomiras Laucevi\u010dius (1905\u20131993) \u2013 vienas garsiausi\u0173 XX a. Lietuvos medik\u0173, gydytojas praktikas, pedagogas, mokslininkas, i\u0161skirtinis medicinos eruditas. Likimas jam skyr\u0117 pa\u010dius sunkiausius i\u0161bandymus \u2013 karo i\u0161bla\u0161kyta \u0161eima, Sibiro lageriai, alinantis klaid\u017eiojimas sovietme\u010dio ideologijos labirintais. Bet visa tai nepalau\u017e\u0117, galb\u016bt net dar labiau sustiprino jo tik\u0117jim\u0105 savo pa\u0161aukimu, nor\u0105 dirbti ir b\u016bti naudingam Lietuvai ir jos \u017emon\u0117ms. Jis \u0117jo per gyvenim\u0105 oriu aristokrato \u017eingsniu, auk\u0161tai i\u0161kelta galva, ta\u010diau be puikyb\u0117s, atvira \u0161irdimi. Jis nesiek\u0117 garb\u0117s, bet jos nusipeln\u0117. \u0160ioje knygoje spausdinami labai atviri paties Liubomiro Laucevi\u010diaus pasakojimai, u\u017era\u0161yti 1992 metais, jo artim\u0173j\u0173 bei koleg\u0173 neprogin\u0117s mintys, pateikiama istorini\u0173 duomen\u0173 apie bajor\u0173 Laucevi\u010di\u0173 gimin\u0119 ir herb\u0105. Knyga gausiai iliustruota nuotraukomis i\u0161 asmenini\u0173 archyv\u0173. *** Labai skaudu, kad m\u016bs\u0173 \u0161eimos buvo taip i\u0161draskytos. T\u0173 jausm\u0173, gyvenimo negalima lyginti su \u0161eimomis, kuriose vaikai visada tur\u0117jo mylint\u012f ir mylim\u0105 t\u0117v\u0105 ir mam\u0105, stabil\u0173 gyvenim\u0105. Kartu su vaikais gyvenome tame pa\u010diame name nuo pat gimimo, tik suaug\u0119 jie paliko namus. J\u0173 gyvenimas nuo skaudaus m\u016bs\u0173 gyvenimo skiriasi kaip dangus ir \u017eem\u0117. \u2013 Marija Regina Laucevi\u010di\u016bt\u0117-Raudien\u0117, dukra<\/p>\n","protected":false},"featured_media":26515,"comment_status":"open","ping_status":"closed","template":"","meta":{"_acf_changed":false,"site-sidebar-layout":"default","site-content-layout":"","ast-site-content-layout":"default","site-content-style":"default","site-sidebar-style":"default","ast-global-header-display":"","ast-banner-title-visibility":"","ast-main-header-display":"","ast-hfb-above-header-display":"","ast-hfb-below-header-display":"","ast-hfb-mobile-header-display":"","site-post-title":"","ast-breadcrumbs-content":"","ast-featured-img":"","footer-sml-layout":"","ast-disable-related-posts":"","theme-transparent-header-meta":"","adv-header-id-meta":"","stick-header-meta":"","header-above-stick-meta":"","header-main-stick-meta":"","header-below-stick-meta":"","astra-migrate-meta-layouts":"default","ast-page-background-enabled":"default","ast-page-background-meta":{"desktop":{"background-color":"","background-image":"","background-repeat":"repeat","background-position":"center center","background-size":"auto","background-attachment":"scroll","background-type":"","background-media":"","overlay-type":"","overlay-color":"","overlay-opacity":"","overlay-gradient":""},"tablet":{"background-color":"","background-image":"","background-repeat":"repeat","background-position":"center center","background-size":"auto","background-attachment":"scroll","background-type":"","background-media":"","overlay-type":"","overlay-color":"","overlay-opacity":"","overlay-gradient":""},"mobile":{"background-color":"","background-image":"","background-repeat":"repeat","background-position":"center center","background-size":"auto","background-attachment":"scroll","background-type":"","background-media":"","overlay-type":"","overlay-color":"","overlay-opacity":"","overlay-gradient":""}},"ast-content-background-meta":{"desktop":{"background-color":"var(--ast-global-color-4)","background-image":"","background-repeat":"repeat","background-position":"center center","background-size":"auto","background-attachment":"scroll","background-type":"","background-media":"","overlay-type":"","overlay-color":"","overlay-opacity":"","overlay-gradient":""},"tablet":{"background-color":"var(--ast-global-color-4)","background-image":"","background-repeat":"repeat","background-position":"center center","background-size":"auto","background-attachment":"scroll","background-type":"","background-media":"","overlay-type":"","overlay-color":"","overlay-opacity":"","overlay-gradient":""},"mobile":{"background-color":"var(--ast-global-color-4)","background-image":"","background-repeat":"repeat","background-position":"center center","background-size":"auto","background-attachment":"scroll","background-type":"","background-media":"","overlay-type":"","overlay-color":"","overlay-opacity":"","overlay-gradient":""}}},"product_brand":[],"product_cat":[33],"product_tag":[],"class_list":{"0":"post-26510","1":"product","2":"type-product","3":"status-publish","4":"has-post-thumbnail","6":"product_cat-biografijos","7":"desktop-align-left","8":"tablet-align-left","9":"mobile-align-left","11":"first","12":"instock","13":"shipping-taxable","14":"purchasable","15":"product-type-simple"},"acf":[],"yoast_head":"<!-- This site is optimized with the Yoast SEO plugin v27.4 - https:\/\/yoast.com\/product\/yoast-seo-wordpress\/ -->\n<title>Gydytojas Liubomiras Laucevi\u010dius (yra skaitymo \u017eymi\u0173)<\/title>\n<meta name=\"description\" content=\"Gyventi, myl\u0117ti, b\u016bti mylimam... Liubomiras Laucevi\u010dius (1905\u20131993) \u2013 vienas garsiausi\u0173 XX a. Lietuvos medik\u0173, gydytojas praktikas, pedagogas,\" \/>\n<meta name=\"robots\" content=\"index, follow, max-snippet:-1, max-image-preview:large, max-video-preview:-1\" \/>\n<link rel=\"canonical\" href=\"https:\/\/skaitytaknyga.lt\/en\/produktas\/gydytojas-liubomiras-laucevicius\/\" \/>\n<meta property=\"og:locale\" content=\"en_GB\" \/>\n<meta property=\"og:locale:alternate\" content=\"lt_LT\" \/>\n<meta property=\"og:type\" content=\"article\" \/>\n<meta property=\"og:title\" content=\"Gydytojas Liubomiras Laucevi\u010dius (yra skaitymo \u017eymi\u0173)\" \/>\n<meta property=\"og:description\" content=\"Gyventi, myl\u0117ti, b\u016bti mylimam... Liubomiras Laucevi\u010dius (1905\u20131993) \u2013 vienas garsiausi\u0173 XX a. Lietuvos medik\u0173, gydytojas praktikas, pedagogas,\" \/>\n<meta property=\"og:url\" content=\"https:\/\/skaitytaknyga.lt\/en\/produktas\/gydytojas-liubomiras-laucevicius\/\" \/>\n<meta property=\"og:site_name\" content=\"Skaitytaknyga\" \/>\n<meta property=\"article:publisher\" content=\"https:\/\/www.facebook.com\/skaitytaknyga\/\" \/>\n<meta property=\"article:modified_time\" content=\"2026-05-10T17:07:58+00:00\" \/>\n<meta property=\"og:image\" content=\"https:\/\/skaitytaknyga.lt\/wp-content\/uploads\/2026\/05\/Gydytojas-Liubomiras-Laucevicius-e1778432514823.webp\" \/>\n\t<meta property=\"og:image:width\" content=\"300\" \/>\n\t<meta property=\"og:image:height\" content=\"427\" \/>\n\t<meta property=\"og:image:type\" content=\"image\/webp\" \/>\n<meta name=\"twitter:card\" content=\"summary_large_image\" \/>\n<meta name=\"twitter:label1\" content=\"Estimated reading time\" \/>\n\t<meta name=\"twitter:data1\" content=\"1 minute\" \/>\n<script type=\"application\/ld+json\" class=\"yoast-schema-graph\">{\"@context\":\"https:\\\/\\\/schema.org\",\"@graph\":[{\"@type\":\"WebPage\",\"@id\":\"https:\\\/\\\/skaitytaknyga.lt\\\/produktas\\\/gydytojas-liubomiras-laucevicius\\\/\",\"url\":\"https:\\\/\\\/skaitytaknyga.lt\\\/produktas\\\/gydytojas-liubomiras-laucevicius\\\/\",\"name\":\"Gydytojas Liubomiras Laucevi\u010dius (yra skaitymo \u017eymi\u0173)\",\"isPartOf\":{\"@id\":\"https:\\\/\\\/skaitytaknyga.lt\\\/#website\"},\"primaryImageOfPage\":{\"@id\":\"https:\\\/\\\/skaitytaknyga.lt\\\/produktas\\\/gydytojas-liubomiras-laucevicius\\\/#primaryimage\"},\"image\":{\"@id\":\"https:\\\/\\\/skaitytaknyga.lt\\\/produktas\\\/gydytojas-liubomiras-laucevicius\\\/#primaryimage\"},\"thumbnailUrl\":\"https:\\\/\\\/skaitytaknyga.lt\\\/wp-content\\\/uploads\\\/2026\\\/05\\\/Gydytojas-Liubomiras-Laucevicius-e1778432514823.webp\",\"datePublished\":\"2026-05-10T17:00:28+00:00\",\"dateModified\":\"2026-05-10T17:07:58+00:00\",\"description\":\"Gyventi, myl\u0117ti, b\u016bti mylimam... Liubomiras Laucevi\u010dius (1905\u20131993) \u2013 vienas garsiausi\u0173 XX a. Lietuvos medik\u0173, gydytojas praktikas, pedagogas,\",\"breadcrumb\":{\"@id\":\"https:\\\/\\\/skaitytaknyga.lt\\\/produktas\\\/gydytojas-liubomiras-laucevicius\\\/#breadcrumb\"},\"inLanguage\":\"en-GB\",\"potentialAction\":[{\"@type\":\"ReadAction\",\"target\":[\"https:\\\/\\\/skaitytaknyga.lt\\\/produktas\\\/gydytojas-liubomiras-laucevicius\\\/\"]}]},{\"@type\":\"ImageObject\",\"inLanguage\":\"en-GB\",\"@id\":\"https:\\\/\\\/skaitytaknyga.lt\\\/produktas\\\/gydytojas-liubomiras-laucevicius\\\/#primaryimage\",\"url\":\"https:\\\/\\\/skaitytaknyga.lt\\\/wp-content\\\/uploads\\\/2026\\\/05\\\/Gydytojas-Liubomiras-Laucevicius-e1778432514823.webp\",\"contentUrl\":\"https:\\\/\\\/skaitytaknyga.lt\\\/wp-content\\\/uploads\\\/2026\\\/05\\\/Gydytojas-Liubomiras-Laucevicius-e1778432514823.webp\",\"width\":300,\"height\":427,\"caption\":\"Gydytojas Liubomiras Laucevi\u010dius\"},{\"@type\":\"BreadcrumbList\",\"@id\":\"https:\\\/\\\/skaitytaknyga.lt\\\/produktas\\\/gydytojas-liubomiras-laucevicius\\\/#breadcrumb\",\"itemListElement\":[{\"@type\":\"ListItem\",\"position\":1,\"name\":\"Home\",\"item\":\"https:\\\/\\\/skaitytaknyga.lt\\\/\"},{\"@type\":\"ListItem\",\"position\":2,\"name\":\"Parduotuv\u0117\",\"item\":\"https:\\\/\\\/skaitytaknyga.lt\\\/knygu-parduotuve\\\/\"},{\"@type\":\"ListItem\",\"position\":3,\"name\":\"Gydytojas Liubomiras Laucevi\u010dius (yra skaitymo \u017eymi\u0173)\"}]},{\"@type\":\"WebSite\",\"@id\":\"https:\\\/\\\/skaitytaknyga.lt\\\/#website\",\"url\":\"https:\\\/\\\/skaitytaknyga.lt\\\/\",\"name\":\"skaitytaknyga.lt\",\"description\":\"Skaitytaknyga.lt \u2013 tai ma\u017eas \u0161eimos verslas, kuris prasid\u0117jo nuo meil\u0117s knygoms ir siekio i\u0161gelb\u0117ti knygas nuo likimo prie konteinerio. Kas vienam nereikalingas daiktas \u2013 kitam lobis, o mes esame tarpininkai, kurie padeda abiems tapti laimingesniems ???? \u017dinome kaip nelengva i\u0161gyventi ma\u017eiems verslams, tad nuo \u0161iol, \u010dia rasite ir kit\u0173, ma\u017e\u0173 \u0161eim\u0173 versl\u0173, rank\u0173 darbo, dovan\u0173 sau ir artimiesiems.\",\"publisher\":{\"@id\":\"https:\\\/\\\/skaitytaknyga.lt\\\/#organization\"},\"potentialAction\":[{\"@type\":\"SearchAction\",\"target\":{\"@type\":\"EntryPoint\",\"urlTemplate\":\"https:\\\/\\\/skaitytaknyga.lt\\\/?s={search_term_string}\"},\"query-input\":{\"@type\":\"PropertyValueSpecification\",\"valueRequired\":true,\"valueName\":\"search_term_string\"}}],\"inLanguage\":\"en-GB\"},{\"@type\":\"Organization\",\"@id\":\"https:\\\/\\\/skaitytaknyga.lt\\\/#organization\",\"name\":\"skaitytaknyga.lt\",\"url\":\"https:\\\/\\\/skaitytaknyga.lt\\\/\",\"logo\":{\"@type\":\"ImageObject\",\"inLanguage\":\"en-GB\",\"@id\":\"https:\\\/\\\/skaitytaknyga.lt\\\/#\\\/schema\\\/logo\\\/image\\\/\",\"url\":\"https:\\\/\\\/skaitytaknyga.lt\\\/wp-content\\\/uploads\\\/2024\\\/05\\\/cropped-cropped-cropped-02_00843_jt3bggkj1j3HLc7SyY6rEUpg.jpeg\",\"contentUrl\":\"https:\\\/\\\/skaitytaknyga.lt\\\/wp-content\\\/uploads\\\/2024\\\/05\\\/cropped-cropped-cropped-02_00843_jt3bggkj1j3HLc7SyY6rEUpg.jpeg\",\"width\":1600,\"height\":1600,\"caption\":\"skaitytaknyga.lt\"},\"image\":{\"@id\":\"https:\\\/\\\/skaitytaknyga.lt\\\/#\\\/schema\\\/logo\\\/image\\\/\"},\"sameAs\":[\"https:\\\/\\\/www.facebook.com\\\/skaitytaknyga\\\/\"]}]}<\/script>\n<!-- \/ Yoast SEO plugin. -->","yoast_head_json":{"title":"Gydytojas Liubomiras Laucevi\u010dius (yra skaitymo \u017eymi\u0173)","description":"Gyventi, myl\u0117ti, b\u016bti mylimam... Liubomiras Laucevi\u010dius (1905\u20131993) \u2013 vienas garsiausi\u0173 XX a. Lietuvos medik\u0173, gydytojas praktikas, pedagogas,","robots":{"index":"index","follow":"follow","max-snippet":"max-snippet:-1","max-image-preview":"max-image-preview:large","max-video-preview":"max-video-preview:-1"},"canonical":"https:\/\/skaitytaknyga.lt\/en\/produktas\/gydytojas-liubomiras-laucevicius\/","og_locale":"en_GB","og_type":"article","og_title":"[:lt]Gydytojas Liubomiras Laucevi\u010dius (yra skaitymo \u017eymi\u0173)[:] - Skaitytaknyga","og_description":"Gyventi, myl\u0117ti, b\u016bti mylimam... Liubomiras Laucevi\u010dius (1905\u20131993) \u2013 vienas garsiausi\u0173 XX a. Lietuvos medik\u0173, gydytojas praktikas, pedagogas,","og_url":"https:\/\/skaitytaknyga.lt\/en\/produktas\/gydytojas-liubomiras-laucevicius\/","og_site_name":"Skaitytaknyga","article_publisher":"https:\/\/www.facebook.com\/skaitytaknyga\/","article_modified_time":"2026-05-10T17:07:58+00:00","og_image":[{"width":300,"height":427,"url":"https:\/\/skaitytaknyga.lt\/wp-content\/uploads\/2026\/05\/Gydytojas-Liubomiras-Laucevicius-e1778432514823.webp","type":"image\/webp"}],"twitter_card":"summary_large_image","twitter_misc":{"Estimated reading time":"1 minute"},"schema":{"@context":"https:\/\/schema.org","@graph":[{"@type":"WebPage","@id":"https:\/\/skaitytaknyga.lt\/produktas\/gydytojas-liubomiras-laucevicius\/","url":"https:\/\/skaitytaknyga.lt\/produktas\/gydytojas-liubomiras-laucevicius\/","name":"Gydytojas Liubomiras Laucevi\u010dius (yra skaitymo \u017eymi\u0173)","isPartOf":{"@id":"https:\/\/skaitytaknyga.lt\/#website"},"primaryImageOfPage":{"@id":"https:\/\/skaitytaknyga.lt\/produktas\/gydytojas-liubomiras-laucevicius\/#primaryimage"},"image":{"@id":"https:\/\/skaitytaknyga.lt\/produktas\/gydytojas-liubomiras-laucevicius\/#primaryimage"},"thumbnailUrl":"https:\/\/skaitytaknyga.lt\/wp-content\/uploads\/2026\/05\/Gydytojas-Liubomiras-Laucevicius-e1778432514823.webp","datePublished":"2026-05-10T17:00:28+00:00","dateModified":"2026-05-10T17:07:58+00:00","description":"Gyventi, myl\u0117ti, b\u016bti mylimam... Liubomiras Laucevi\u010dius (1905\u20131993) \u2013 vienas garsiausi\u0173 XX a. Lietuvos medik\u0173, gydytojas praktikas, pedagogas,","breadcrumb":{"@id":"https:\/\/skaitytaknyga.lt\/produktas\/gydytojas-liubomiras-laucevicius\/#breadcrumb"},"inLanguage":"en-GB","potentialAction":[{"@type":"ReadAction","target":["https:\/\/skaitytaknyga.lt\/produktas\/gydytojas-liubomiras-laucevicius\/"]}]},{"@type":"ImageObject","inLanguage":"en-GB","@id":"https:\/\/skaitytaknyga.lt\/produktas\/gydytojas-liubomiras-laucevicius\/#primaryimage","url":"https:\/\/skaitytaknyga.lt\/wp-content\/uploads\/2026\/05\/Gydytojas-Liubomiras-Laucevicius-e1778432514823.webp","contentUrl":"https:\/\/skaitytaknyga.lt\/wp-content\/uploads\/2026\/05\/Gydytojas-Liubomiras-Laucevicius-e1778432514823.webp","width":300,"height":427,"caption":"Gydytojas Liubomiras Laucevi\u010dius"},{"@type":"BreadcrumbList","@id":"https:\/\/skaitytaknyga.lt\/produktas\/gydytojas-liubomiras-laucevicius\/#breadcrumb","itemListElement":[{"@type":"ListItem","position":1,"name":"Home","item":"https:\/\/skaitytaknyga.lt\/"},{"@type":"ListItem","position":2,"name":"Parduotuv\u0117","item":"https:\/\/skaitytaknyga.lt\/knygu-parduotuve\/"},{"@type":"ListItem","position":3,"name":"Gydytojas Liubomiras Laucevi\u010dius (yra skaitymo \u017eymi\u0173)"}]},{"@type":"WebSite","@id":"https:\/\/skaitytaknyga.lt\/#website","url":"https:\/\/skaitytaknyga.lt\/","name":"skaitytaknyga.lt","description":"Skaitytaknyga.lt \u2013 tai ma\u017eas \u0161eimos verslas, kuris prasid\u0117jo nuo meil\u0117s knygoms ir siekio i\u0161gelb\u0117ti knygas nuo likimo prie konteinerio. Kas vienam nereikalingas daiktas \u2013 kitam lobis, o mes esame tarpininkai, kurie padeda abiems tapti laimingesniems ???? \u017dinome kaip nelengva i\u0161gyventi ma\u017eiems verslams, tad nuo \u0161iol, \u010dia rasite ir kit\u0173, ma\u017e\u0173 \u0161eim\u0173 versl\u0173, rank\u0173 darbo, dovan\u0173 sau ir artimiesiems.","publisher":{"@id":"https:\/\/skaitytaknyga.lt\/#organization"},"potentialAction":[{"@type":"SearchAction","target":{"@type":"EntryPoint","urlTemplate":"https:\/\/skaitytaknyga.lt\/?s={search_term_string}"},"query-input":{"@type":"PropertyValueSpecification","valueRequired":true,"valueName":"search_term_string"}}],"inLanguage":"en-GB"},{"@type":"Organization","@id":"https:\/\/skaitytaknyga.lt\/#organization","name":"skaitytaknyga.lt","url":"https:\/\/skaitytaknyga.lt\/","logo":{"@type":"ImageObject","inLanguage":"en-GB","@id":"https:\/\/skaitytaknyga.lt\/#\/schema\/logo\/image\/","url":"https:\/\/skaitytaknyga.lt\/wp-content\/uploads\/2024\/05\/cropped-cropped-cropped-02_00843_jt3bggkj1j3HLc7SyY6rEUpg.jpeg","contentUrl":"https:\/\/skaitytaknyga.lt\/wp-content\/uploads\/2024\/05\/cropped-cropped-cropped-02_00843_jt3bggkj1j3HLc7SyY6rEUpg.jpeg","width":1600,"height":1600,"caption":"skaitytaknyga.lt"},"image":{"@id":"https:\/\/skaitytaknyga.lt\/#\/schema\/logo\/image\/"},"sameAs":["https:\/\/www.facebook.com\/skaitytaknyga\/"]}]}},"_links":{"self":[{"href":"https:\/\/skaitytaknyga.lt\/en\/wp-json\/wp\/v2\/product\/26510","targetHints":{"allow":["GET"]}}],"collection":[{"href":"https:\/\/skaitytaknyga.lt\/en\/wp-json\/wp\/v2\/product"}],"about":[{"href":"https:\/\/skaitytaknyga.lt\/en\/wp-json\/wp\/v2\/types\/product"}],"replies":[{"embeddable":true,"href":"https:\/\/skaitytaknyga.lt\/en\/wp-json\/wp\/v2\/comments?post=26510"}],"wp:featuredmedia":[{"embeddable":true,"href":"https:\/\/skaitytaknyga.lt\/en\/wp-json\/wp\/v2\/media\/26515"}],"wp:attachment":[{"href":"https:\/\/skaitytaknyga.lt\/en\/wp-json\/wp\/v2\/media?parent=26510"}],"wp:term":[{"taxonomy":"product_brand","embeddable":true,"href":"https:\/\/skaitytaknyga.lt\/en\/wp-json\/wp\/v2\/product_brand?post=26510"},{"taxonomy":"product_cat","embeddable":true,"href":"https:\/\/skaitytaknyga.lt\/en\/wp-json\/wp\/v2\/product_cat?post=26510"},{"taxonomy":"product_tag","embeddable":true,"href":"https:\/\/skaitytaknyga.lt\/en\/wp-json\/wp\/v2\/product_tag?post=26510"}],"curies":[{"name":"wp","href":"https:\/\/api.w.org\/{rel}","templated":true}]}}