{"id":26490,"date":"2026-05-07T19:20:57","date_gmt":"2026-05-07T16:20:57","guid":{"rendered":"https:\/\/skaitytaknyga.lt\/?post_type=product&#038;p=26490"},"modified":"2026-05-11T15:10:39","modified_gmt":"2026-05-11T12:10:39","slug":"rytas-ir-vakaras-kasdieniai-skaitiniai","status":"publish","type":"product","link":"https:\/\/skaitytaknyga.lt\/en\/produktas\/rytas-ir-vakaras-kasdieniai-skaitiniai\/","title":{"rendered":"Rytas ir vakaras. Kasdieniai skaitiniai"},"content":{"rendered":"<p>Per pastaruosius \u0161imt\u0105 penkiasde\u0161imt met\u0173 jau klasika tap\u0119 \u010carlzo Hadono Sperd\u017eeno kasdieniai skaitiniai \u012fkv\u0117p\u0117 nesuskai\u010diuojam\u0105 daugyb\u0119 krik\u0161\u010dioni\u0173 kiekvien\u0105 ryt\u0105 ir vakar\u0105 skirti Dievo \u017eod\u017eio ties\u0173 apm\u0105stymams. Jie suvok\u0117, jog b\u0117gant metams kiek\u00adviena apm\u0105stymams parinkta Biblijos eilut\u0117 vis i\u0161 naujo atskleid\u017eia svarbias pamokas.<\/p>\n<p>Galimyb\u0117 kiekvien\u0105 ryt\u0105 ir vakar\u0105 praleisti su Dievo \u017eod\u017eiu suteiks \u0161ios knygos skaitytojams nauj\u0105 gyvenimo d\u017eiaugsm\u0105. Apm\u0105stydami Dievo \u017eod\u012f ir Jo principus, jie deramai pasiruo\u0161 susigrumti su naujos dienos r\u016bpes\u010diais arba ras ramyb\u0119 baigiantis dienai. \u0160iuose rinktiniuose apm\u0105stymuose persipynusios puikios Sperd\u017eeno biblin\u0117s \u012f\u017evalgos, nepaprastas i\u0161kalbingumas ir ai\u0161ki logika sustiprins tikin\u010di\u0173j\u0173 bendryst\u0119 su Dievu per Jo viengim\u012f S\u016bn\u0173 J\u0117z\u0173 Krist\u0173.<\/p>\n<p>\u0160is antras pataisytas knygos \u201eRytas ir Vakaras\u201c leidimas dienos \u0161vies\u0105 i\u0161vydo pra\u00ad\u0117jus 13 met\u0173 po pirmojo leidimo, kur\u012f gerai \u012fvertino Lietuvos krik\u0161\u010dionys. Antrajame leidime buvo patikslintas vertimas, Biblijoje minimi asmenvard\u017eiai ir vietovard\u017eiai. Kai kurie pasen\u0119, dabartinei lietuvi\u0173 kalbos vartosenai neb\u016bdingi \u017eod\u017eiai ir posakiai pakeisti \u0161iuolaikiniais. Taisytos stiliaus bei korekt\u016bros klaidos, skland\u017eiau sueiliuoti knygoje esantys poetiniai intarpai.<\/p>\n<p>Knygos ypatyb\u0117s:<\/p>\n<p>Plonas biblinis popierius<br \/>\nNaujas knygos dizainas<br \/>\nPatogus skaityti \u0161riftas<br \/>\nBiblijos eilu\u010di\u0173 rodykl\u0117<br \/>\nSkirtukas<\/p>\n","protected":false},"excerpt":{"rendered":"<p>Per pastaruosius \u0161imt\u0105 penkiasde\u0161imt met\u0173 jau klasika tap\u0119 \u010carlzo Hadono Sperd\u017eeno kasdieniai skaitiniai \u012fkv\u0117p\u0117 nesuskai\u010diuojam\u0105 daugyb\u0119 krik\u0161\u010dioni\u0173 kiekvien\u0105 ryt\u0105 ir vakar\u0105 skirti Dievo \u017eod\u017eio ties\u0173 apm\u0105stymams. Jie suvok\u0117, jog b\u0117gant metams kiek\u00adviena apm\u0105stymams parinkta Biblijos eilut\u0117 vis i\u0161 naujo atskleid\u017eia svarbias pamokas. Galimyb\u0117 kiekvien\u0105 ryt\u0105 ir vakar\u0105 praleisti su Dievo \u017eod\u017eiu suteiks \u0161ios knygos skaitytojams nauj\u0105 gyvenimo d\u017eiaugsm\u0105. Apm\u0105stydami Dievo \u017eod\u012f ir Jo principus, jie deramai pasiruo\u0161 susigrumti su naujos dienos r\u016bpes\u010diais arba ras ramyb\u0119 baigiantis dienai. \u0160iuose rinktiniuose apm\u0105stymuose persipynusios puikios Sperd\u017eeno biblin\u0117s \u012f\u017evalgos, nepaprastas i\u0161kalbingumas ir ai\u0161ki logika sustiprins tikin\u010di\u0173j\u0173 bendryst\u0119 su Dievu per Jo viengim\u012f S\u016bn\u0173 J\u0117z\u0173 Krist\u0173. \u0160is antras pataisytas knygos \u201eRytas ir Vakaras\u201c leidimas dienos \u0161vies\u0105 i\u0161vydo pra\u00ad\u0117jus 13 met\u0173 po pirmojo leidimo, kur\u012f gerai \u012fvertino Lietuvos krik\u0161\u010dionys. Antrajame leidime buvo patikslintas vertimas, Biblijoje minimi asmenvard\u017eiai ir vietovard\u017eiai. Kai kurie pasen\u0119, dabartinei lietuvi\u0173 kalbos vartosenai neb\u016bdingi \u017eod\u017eiai ir posakiai pakeisti \u0161iuolaikiniais. Taisytos stiliaus bei korekt\u016bros klaidos, skland\u017eiau sueiliuoti knygoje esantys poetiniai intarpai. Knygos ypatyb\u0117s: Plonas biblinis popierius Naujas knygos dizainas Patogus skaityti \u0161riftas Biblijos eilu\u010di\u0173 rodykl\u0117 Skirtukas<\/p>\n","protected":false},"featured_media":26495,"comment_status":"open","ping_status":"closed","template":"","meta":{"_acf_changed":false,"site-sidebar-layout":"default","site-content-layout":"","ast-site-content-layout":"default","site-content-style":"default","site-sidebar-style":"default","ast-global-header-display":"","ast-banner-title-visibility":"","ast-main-header-display":"","ast-hfb-above-header-display":"","ast-hfb-below-header-display":"","ast-hfb-mobile-header-display":"","site-post-title":"","ast-breadcrumbs-content":"","ast-featured-img":"","footer-sml-layout":"","ast-disable-related-posts":"","theme-transparent-header-meta":"","adv-header-id-meta":"","stick-header-meta":"","header-above-stick-meta":"","header-main-stick-meta":"","header-below-stick-meta":"","astra-migrate-meta-layouts":"default","ast-page-background-enabled":"default","ast-page-background-meta":{"desktop":{"background-color":"","background-image":"","background-repeat":"repeat","background-position":"center center","background-size":"auto","background-attachment":"scroll","background-type":"","background-media":"","overlay-type":"","overlay-color":"","overlay-opacity":"","overlay-gradient":""},"tablet":{"background-color":"","background-image":"","background-repeat":"repeat","background-position":"center center","background-size":"auto","background-attachment":"scroll","background-type":"","background-media":"","overlay-type":"","overlay-color":"","overlay-opacity":"","overlay-gradient":""},"mobile":{"background-color":"","background-image":"","background-repeat":"repeat","background-position":"center center","background-size":"auto","background-attachment":"scroll","background-type":"","background-media":"","overlay-type":"","overlay-color":"","overlay-opacity":"","overlay-gradient":""}},"ast-content-background-meta":{"desktop":{"background-color":"var(--ast-global-color-4)","background-image":"","background-repeat":"repeat","background-position":"center center","background-size":"auto","background-attachment":"scroll","background-type":"","background-media":"","overlay-type":"","overlay-color":"","overlay-opacity":"","overlay-gradient":""},"tablet":{"background-color":"var(--ast-global-color-4)","background-image":"","background-repeat":"repeat","background-position":"center center","background-size":"auto","background-attachment":"scroll","background-type":"","background-media":"","overlay-type":"","overlay-color":"","overlay-opacity":"","overlay-gradient":""},"mobile":{"background-color":"var(--ast-global-color-4)","background-image":"","background-repeat":"repeat","background-position":"center center","background-size":"auto","background-attachment":"scroll","background-type":"","background-media":"","overlay-type":"","overlay-color":"","overlay-opacity":"","overlay-gradient":""}}},"product_brand":[],"product_cat":[9753],"product_tag":[],"class_list":{"0":"post-26490","1":"product","2":"type-product","3":"status-publish","4":"has-post-thumbnail","6":"product_cat-religija","7":"desktop-align-left","8":"tablet-align-left","9":"mobile-align-left","11":"first","12":"outofstock","13":"shipping-taxable","14":"purchasable","15":"product-type-simple"},"acf":[],"yoast_head":"<!-- This site is optimized with the Yoast SEO plugin v27.4 - https:\/\/yoast.com\/product\/yoast-seo-wordpress\/ -->\n<title>Rytas ir vakaras. Kasdieniai skaitiniai<\/title>\n<meta name=\"description\" content=\"Per pastaruosius \u0161imt\u0105 penkiasde\u0161imt met\u0173 jau klasika tap\u0119 \u010carlzo Hadono Sperd\u017eeno kasdieniai skaitiniai \u012fkv\u0117p\u0117 nesuskai\u010diuojam\u0105 daugyb\u0119 krik\u0161\u010dioni\u0173\" \/>\n<meta name=\"robots\" content=\"index, follow, max-snippet:-1, max-image-preview:large, max-video-preview:-1\" \/>\n<link rel=\"canonical\" href=\"https:\/\/skaitytaknyga.lt\/en\/produktas\/rytas-ir-vakaras-kasdieniai-skaitiniai\/\" \/>\n<meta property=\"og:locale\" content=\"en_GB\" \/>\n<meta property=\"og:locale:alternate\" content=\"lt_LT\" \/>\n<meta property=\"og:type\" content=\"article\" \/>\n<meta property=\"og:title\" content=\"Rytas ir vakaras. Kasdieniai skaitiniai\" \/>\n<meta property=\"og:description\" content=\"Per pastaruosius \u0161imt\u0105 penkiasde\u0161imt met\u0173 jau klasika tap\u0119 \u010carlzo Hadono Sperd\u017eeno kasdieniai skaitiniai \u012fkv\u0117p\u0117 nesuskai\u010diuojam\u0105 daugyb\u0119 krik\u0161\u010dioni\u0173\" \/>\n<meta property=\"og:url\" content=\"https:\/\/skaitytaknyga.lt\/en\/produktas\/rytas-ir-vakaras-kasdieniai-skaitiniai\/\" \/>\n<meta property=\"og:site_name\" content=\"Skaitytaknyga\" \/>\n<meta property=\"article:publisher\" content=\"https:\/\/www.facebook.com\/skaitytaknyga\/\" \/>\n<meta property=\"article:modified_time\" content=\"2026-05-11T12:10:39+00:00\" \/>\n<meta property=\"og:image\" content=\"https:\/\/skaitytaknyga.lt\/wp-content\/uploads\/2026\/05\/Rytas-ir-vakaras.-Kasdieniai-skaitiniai.webp\" \/>\n\t<meta property=\"og:image:width\" content=\"350\" \/>\n\t<meta property=\"og:image:height\" content=\"472\" \/>\n\t<meta property=\"og:image:type\" content=\"image\/webp\" \/>\n<meta name=\"twitter:card\" content=\"summary_large_image\" \/>\n<meta name=\"twitter:label1\" content=\"Estimated reading time\" \/>\n\t<meta name=\"twitter:data1\" content=\"1 minute\" \/>\n<script type=\"application\/ld+json\" class=\"yoast-schema-graph\">{\"@context\":\"https:\\\/\\\/schema.org\",\"@graph\":[{\"@type\":\"WebPage\",\"@id\":\"https:\\\/\\\/skaitytaknyga.lt\\\/produktas\\\/rytas-ir-vakaras-kasdieniai-skaitiniai\\\/\",\"url\":\"https:\\\/\\\/skaitytaknyga.lt\\\/produktas\\\/rytas-ir-vakaras-kasdieniai-skaitiniai\\\/\",\"name\":\"Rytas ir vakaras. Kasdieniai skaitiniai\",\"isPartOf\":{\"@id\":\"https:\\\/\\\/skaitytaknyga.lt\\\/#website\"},\"primaryImageOfPage\":{\"@id\":\"https:\\\/\\\/skaitytaknyga.lt\\\/produktas\\\/rytas-ir-vakaras-kasdieniai-skaitiniai\\\/#primaryimage\"},\"image\":{\"@id\":\"https:\\\/\\\/skaitytaknyga.lt\\\/produktas\\\/rytas-ir-vakaras-kasdieniai-skaitiniai\\\/#primaryimage\"},\"thumbnailUrl\":\"https:\\\/\\\/skaitytaknyga.lt\\\/wp-content\\\/uploads\\\/2026\\\/05\\\/Rytas-ir-vakaras.-Kasdieniai-skaitiniai.webp\",\"datePublished\":\"2026-05-07T16:20:57+00:00\",\"dateModified\":\"2026-05-11T12:10:39+00:00\",\"description\":\"Per pastaruosius \u0161imt\u0105 penkiasde\u0161imt met\u0173 jau klasika tap\u0119 \u010carlzo Hadono Sperd\u017eeno kasdieniai skaitiniai \u012fkv\u0117p\u0117 nesuskai\u010diuojam\u0105 daugyb\u0119 krik\u0161\u010dioni\u0173\",\"breadcrumb\":{\"@id\":\"https:\\\/\\\/skaitytaknyga.lt\\\/produktas\\\/rytas-ir-vakaras-kasdieniai-skaitiniai\\\/#breadcrumb\"},\"inLanguage\":\"en-GB\",\"potentialAction\":[{\"@type\":\"ReadAction\",\"target\":[\"https:\\\/\\\/skaitytaknyga.lt\\\/produktas\\\/rytas-ir-vakaras-kasdieniai-skaitiniai\\\/\"]}]},{\"@type\":\"ImageObject\",\"inLanguage\":\"en-GB\",\"@id\":\"https:\\\/\\\/skaitytaknyga.lt\\\/produktas\\\/rytas-ir-vakaras-kasdieniai-skaitiniai\\\/#primaryimage\",\"url\":\"https:\\\/\\\/skaitytaknyga.lt\\\/wp-content\\\/uploads\\\/2026\\\/05\\\/Rytas-ir-vakaras.-Kasdieniai-skaitiniai.webp\",\"contentUrl\":\"https:\\\/\\\/skaitytaknyga.lt\\\/wp-content\\\/uploads\\\/2026\\\/05\\\/Rytas-ir-vakaras.-Kasdieniai-skaitiniai.webp\",\"width\":350,\"height\":472,\"caption\":\"Rytas ir vakaras. Kasdieniai skaitiniai\"},{\"@type\":\"BreadcrumbList\",\"@id\":\"https:\\\/\\\/skaitytaknyga.lt\\\/produktas\\\/rytas-ir-vakaras-kasdieniai-skaitiniai\\\/#breadcrumb\",\"itemListElement\":[{\"@type\":\"ListItem\",\"position\":1,\"name\":\"Home\",\"item\":\"https:\\\/\\\/skaitytaknyga.lt\\\/\"},{\"@type\":\"ListItem\",\"position\":2,\"name\":\"Parduotuv\u0117\",\"item\":\"https:\\\/\\\/skaitytaknyga.lt\\\/knygu-parduotuve\\\/\"},{\"@type\":\"ListItem\",\"position\":3,\"name\":\"Rytas ir vakaras. Kasdieniai skaitiniai\"}]},{\"@type\":\"WebSite\",\"@id\":\"https:\\\/\\\/skaitytaknyga.lt\\\/#website\",\"url\":\"https:\\\/\\\/skaitytaknyga.lt\\\/\",\"name\":\"skaitytaknyga.lt\",\"description\":\"Skaitytaknyga.lt \u2013 tai ma\u017eas \u0161eimos verslas, kuris prasid\u0117jo nuo meil\u0117s knygoms ir siekio i\u0161gelb\u0117ti knygas nuo likimo prie konteinerio. Kas vienam nereikalingas daiktas \u2013 kitam lobis, o mes esame tarpininkai, kurie padeda abiems tapti laimingesniems ???? \u017dinome kaip nelengva i\u0161gyventi ma\u017eiems verslams, tad nuo \u0161iol, \u010dia rasite ir kit\u0173, ma\u017e\u0173 \u0161eim\u0173 versl\u0173, rank\u0173 darbo, dovan\u0173 sau ir artimiesiems.\",\"publisher\":{\"@id\":\"https:\\\/\\\/skaitytaknyga.lt\\\/#organization\"},\"potentialAction\":[{\"@type\":\"SearchAction\",\"target\":{\"@type\":\"EntryPoint\",\"urlTemplate\":\"https:\\\/\\\/skaitytaknyga.lt\\\/?s={search_term_string}\"},\"query-input\":{\"@type\":\"PropertyValueSpecification\",\"valueRequired\":true,\"valueName\":\"search_term_string\"}}],\"inLanguage\":\"en-GB\"},{\"@type\":\"Organization\",\"@id\":\"https:\\\/\\\/skaitytaknyga.lt\\\/#organization\",\"name\":\"skaitytaknyga.lt\",\"url\":\"https:\\\/\\\/skaitytaknyga.lt\\\/\",\"logo\":{\"@type\":\"ImageObject\",\"inLanguage\":\"en-GB\",\"@id\":\"https:\\\/\\\/skaitytaknyga.lt\\\/#\\\/schema\\\/logo\\\/image\\\/\",\"url\":\"https:\\\/\\\/skaitytaknyga.lt\\\/wp-content\\\/uploads\\\/2024\\\/05\\\/cropped-cropped-cropped-02_00843_jt3bggkj1j3HLc7SyY6rEUpg.jpeg\",\"contentUrl\":\"https:\\\/\\\/skaitytaknyga.lt\\\/wp-content\\\/uploads\\\/2024\\\/05\\\/cropped-cropped-cropped-02_00843_jt3bggkj1j3HLc7SyY6rEUpg.jpeg\",\"width\":1600,\"height\":1600,\"caption\":\"skaitytaknyga.lt\"},\"image\":{\"@id\":\"https:\\\/\\\/skaitytaknyga.lt\\\/#\\\/schema\\\/logo\\\/image\\\/\"},\"sameAs\":[\"https:\\\/\\\/www.facebook.com\\\/skaitytaknyga\\\/\"]}]}<\/script>\n<!-- \/ Yoast SEO plugin. -->","yoast_head_json":{"title":"Rytas ir vakaras. Kasdieniai skaitiniai","description":"Per pastaruosius \u0161imt\u0105 penkiasde\u0161imt met\u0173 jau klasika tap\u0119 \u010carlzo Hadono Sperd\u017eeno kasdieniai skaitiniai \u012fkv\u0117p\u0117 nesuskai\u010diuojam\u0105 daugyb\u0119 krik\u0161\u010dioni\u0173","robots":{"index":"index","follow":"follow","max-snippet":"max-snippet:-1","max-image-preview":"max-image-preview:large","max-video-preview":"max-video-preview:-1"},"canonical":"https:\/\/skaitytaknyga.lt\/en\/produktas\/rytas-ir-vakaras-kasdieniai-skaitiniai\/","og_locale":"en_GB","og_type":"article","og_title":"[:lt]Rytas ir vakaras. Kasdieniai skaitiniai[:] - Skaitytaknyga","og_description":"Per pastaruosius \u0161imt\u0105 penkiasde\u0161imt met\u0173 jau klasika tap\u0119 \u010carlzo Hadono Sperd\u017eeno kasdieniai skaitiniai \u012fkv\u0117p\u0117 nesuskai\u010diuojam\u0105 daugyb\u0119 krik\u0161\u010dioni\u0173","og_url":"https:\/\/skaitytaknyga.lt\/en\/produktas\/rytas-ir-vakaras-kasdieniai-skaitiniai\/","og_site_name":"Skaitytaknyga","article_publisher":"https:\/\/www.facebook.com\/skaitytaknyga\/","article_modified_time":"2026-05-11T12:10:39+00:00","og_image":[{"width":350,"height":472,"url":"https:\/\/skaitytaknyga.lt\/wp-content\/uploads\/2026\/05\/Rytas-ir-vakaras.-Kasdieniai-skaitiniai.webp","type":"image\/webp"}],"twitter_card":"summary_large_image","twitter_misc":{"Estimated reading time":"1 minute"},"schema":{"@context":"https:\/\/schema.org","@graph":[{"@type":"WebPage","@id":"https:\/\/skaitytaknyga.lt\/produktas\/rytas-ir-vakaras-kasdieniai-skaitiniai\/","url":"https:\/\/skaitytaknyga.lt\/produktas\/rytas-ir-vakaras-kasdieniai-skaitiniai\/","name":"Rytas ir vakaras. Kasdieniai skaitiniai","isPartOf":{"@id":"https:\/\/skaitytaknyga.lt\/#website"},"primaryImageOfPage":{"@id":"https:\/\/skaitytaknyga.lt\/produktas\/rytas-ir-vakaras-kasdieniai-skaitiniai\/#primaryimage"},"image":{"@id":"https:\/\/skaitytaknyga.lt\/produktas\/rytas-ir-vakaras-kasdieniai-skaitiniai\/#primaryimage"},"thumbnailUrl":"https:\/\/skaitytaknyga.lt\/wp-content\/uploads\/2026\/05\/Rytas-ir-vakaras.-Kasdieniai-skaitiniai.webp","datePublished":"2026-05-07T16:20:57+00:00","dateModified":"2026-05-11T12:10:39+00:00","description":"Per pastaruosius \u0161imt\u0105 penkiasde\u0161imt met\u0173 jau klasika tap\u0119 \u010carlzo Hadono Sperd\u017eeno kasdieniai skaitiniai \u012fkv\u0117p\u0117 nesuskai\u010diuojam\u0105 daugyb\u0119 krik\u0161\u010dioni\u0173","breadcrumb":{"@id":"https:\/\/skaitytaknyga.lt\/produktas\/rytas-ir-vakaras-kasdieniai-skaitiniai\/#breadcrumb"},"inLanguage":"en-GB","potentialAction":[{"@type":"ReadAction","target":["https:\/\/skaitytaknyga.lt\/produktas\/rytas-ir-vakaras-kasdieniai-skaitiniai\/"]}]},{"@type":"ImageObject","inLanguage":"en-GB","@id":"https:\/\/skaitytaknyga.lt\/produktas\/rytas-ir-vakaras-kasdieniai-skaitiniai\/#primaryimage","url":"https:\/\/skaitytaknyga.lt\/wp-content\/uploads\/2026\/05\/Rytas-ir-vakaras.-Kasdieniai-skaitiniai.webp","contentUrl":"https:\/\/skaitytaknyga.lt\/wp-content\/uploads\/2026\/05\/Rytas-ir-vakaras.-Kasdieniai-skaitiniai.webp","width":350,"height":472,"caption":"Rytas ir vakaras. Kasdieniai skaitiniai"},{"@type":"BreadcrumbList","@id":"https:\/\/skaitytaknyga.lt\/produktas\/rytas-ir-vakaras-kasdieniai-skaitiniai\/#breadcrumb","itemListElement":[{"@type":"ListItem","position":1,"name":"Home","item":"https:\/\/skaitytaknyga.lt\/"},{"@type":"ListItem","position":2,"name":"Parduotuv\u0117","item":"https:\/\/skaitytaknyga.lt\/knygu-parduotuve\/"},{"@type":"ListItem","position":3,"name":"Rytas ir vakaras. Kasdieniai skaitiniai"}]},{"@type":"WebSite","@id":"https:\/\/skaitytaknyga.lt\/#website","url":"https:\/\/skaitytaknyga.lt\/","name":"skaitytaknyga.lt","description":"Skaitytaknyga.lt \u2013 tai ma\u017eas \u0161eimos verslas, kuris prasid\u0117jo nuo meil\u0117s knygoms ir siekio i\u0161gelb\u0117ti knygas nuo likimo prie konteinerio. Kas vienam nereikalingas daiktas \u2013 kitam lobis, o mes esame tarpininkai, kurie padeda abiems tapti laimingesniems ???? \u017dinome kaip nelengva i\u0161gyventi ma\u017eiems verslams, tad nuo \u0161iol, \u010dia rasite ir kit\u0173, ma\u017e\u0173 \u0161eim\u0173 versl\u0173, rank\u0173 darbo, dovan\u0173 sau ir artimiesiems.","publisher":{"@id":"https:\/\/skaitytaknyga.lt\/#organization"},"potentialAction":[{"@type":"SearchAction","target":{"@type":"EntryPoint","urlTemplate":"https:\/\/skaitytaknyga.lt\/?s={search_term_string}"},"query-input":{"@type":"PropertyValueSpecification","valueRequired":true,"valueName":"search_term_string"}}],"inLanguage":"en-GB"},{"@type":"Organization","@id":"https:\/\/skaitytaknyga.lt\/#organization","name":"skaitytaknyga.lt","url":"https:\/\/skaitytaknyga.lt\/","logo":{"@type":"ImageObject","inLanguage":"en-GB","@id":"https:\/\/skaitytaknyga.lt\/#\/schema\/logo\/image\/","url":"https:\/\/skaitytaknyga.lt\/wp-content\/uploads\/2024\/05\/cropped-cropped-cropped-02_00843_jt3bggkj1j3HLc7SyY6rEUpg.jpeg","contentUrl":"https:\/\/skaitytaknyga.lt\/wp-content\/uploads\/2024\/05\/cropped-cropped-cropped-02_00843_jt3bggkj1j3HLc7SyY6rEUpg.jpeg","width":1600,"height":1600,"caption":"skaitytaknyga.lt"},"image":{"@id":"https:\/\/skaitytaknyga.lt\/#\/schema\/logo\/image\/"},"sameAs":["https:\/\/www.facebook.com\/skaitytaknyga\/"]}]}},"_links":{"self":[{"href":"https:\/\/skaitytaknyga.lt\/en\/wp-json\/wp\/v2\/product\/26490","targetHints":{"allow":["GET"]}}],"collection":[{"href":"https:\/\/skaitytaknyga.lt\/en\/wp-json\/wp\/v2\/product"}],"about":[{"href":"https:\/\/skaitytaknyga.lt\/en\/wp-json\/wp\/v2\/types\/product"}],"replies":[{"embeddable":true,"href":"https:\/\/skaitytaknyga.lt\/en\/wp-json\/wp\/v2\/comments?post=26490"}],"wp:featuredmedia":[{"embeddable":true,"href":"https:\/\/skaitytaknyga.lt\/en\/wp-json\/wp\/v2\/media\/26495"}],"wp:attachment":[{"href":"https:\/\/skaitytaknyga.lt\/en\/wp-json\/wp\/v2\/media?parent=26490"}],"wp:term":[{"taxonomy":"product_brand","embeddable":true,"href":"https:\/\/skaitytaknyga.lt\/en\/wp-json\/wp\/v2\/product_brand?post=26490"},{"taxonomy":"product_cat","embeddable":true,"href":"https:\/\/skaitytaknyga.lt\/en\/wp-json\/wp\/v2\/product_cat?post=26490"},{"taxonomy":"product_tag","embeddable":true,"href":"https:\/\/skaitytaknyga.lt\/en\/wp-json\/wp\/v2\/product_tag?post=26490"}],"curies":[{"name":"wp","href":"https:\/\/api.w.org\/{rel}","templated":true}]}}