{"id":26473,"date":"2026-05-06T17:23:52","date_gmt":"2026-05-06T14:23:52","guid":{"rendered":"https:\/\/skaitytaknyga.lt\/?post_type=product&#038;p=26473"},"modified":"2026-05-10T17:43:46","modified_gmt":"2026-05-10T14:43:46","slug":"meno-kryptys-nuo-1945-uju-temos-ir-koncepcijos","status":"publish","type":"product","link":"https:\/\/skaitytaknyga.lt\/en\/produktas\/meno-kryptys-nuo-1945-uju-temos-ir-koncepcijos\/","title":{"rendered":"Meno kryptys nuo 1945-\u0173j\u0173: temos ir koncepcijos (yra nedideli\u0173 defekt\u0173)"},"content":{"rendered":"<p>Knygoje \u201eMeno kryptys nuo 1945-\u0173j\u0173\u201c aptariamos \u0161iuolaikinio meno kryptys: arte povera, popmenas, neoekspresionizmas ir neodadaizmas, minimalusis ir konceptualusis, feministinis ir seksualini\u0173 ma\u017eum\u0173 menas.<\/p>\n<p>Gausiai iliustruota b\u016bdingiausiais \u012fvairiopo naujausio meno pavyzd\u017eiais. Yra platus literat\u016bros s\u0105ra\u0161as, i\u0161sami chronologin\u0117 lentel\u0117.<\/p>\n","protected":false},"excerpt":{"rendered":"<p>Knygoje \u201eMeno kryptys nuo 1945-\u0173j\u0173\u201c aptariamos \u0161iuolaikinio meno kryptys: arte povera, popmenas, neoekspresionizmas ir neodadaizmas, minimalusis ir konceptualusis, feministinis ir seksualini\u0173 ma\u017eum\u0173 menas. Gausiai iliustruota b\u016bdingiausiais \u012fvairiopo naujausio meno pavyzd\u017eiais. Yra platus literat\u016bros s\u0105ra\u0161as, i\u0161sami chronologin\u0117 lentel\u0117.<\/p>\n","protected":false},"featured_media":26478,"comment_status":"open","ping_status":"closed","template":"","meta":{"_acf_changed":false,"site-sidebar-layout":"default","site-content-layout":"","ast-site-content-layout":"default","site-content-style":"default","site-sidebar-style":"default","ast-global-header-display":"","ast-banner-title-visibility":"","ast-main-header-display":"","ast-hfb-above-header-display":"","ast-hfb-below-header-display":"","ast-hfb-mobile-header-display":"","site-post-title":"","ast-breadcrumbs-content":"","ast-featured-img":"","footer-sml-layout":"","ast-disable-related-posts":"","theme-transparent-header-meta":"","adv-header-id-meta":"","stick-header-meta":"","header-above-stick-meta":"","header-main-stick-meta":"","header-below-stick-meta":"","astra-migrate-meta-layouts":"default","ast-page-background-enabled":"default","ast-page-background-meta":{"desktop":{"background-color":"","background-image":"","background-repeat":"repeat","background-position":"center center","background-size":"auto","background-attachment":"scroll","background-type":"","background-media":"","overlay-type":"","overlay-color":"","overlay-opacity":"","overlay-gradient":""},"tablet":{"background-color":"","background-image":"","background-repeat":"repeat","background-position":"center center","background-size":"auto","background-attachment":"scroll","background-type":"","background-media":"","overlay-type":"","overlay-color":"","overlay-opacity":"","overlay-gradient":""},"mobile":{"background-color":"","background-image":"","background-repeat":"repeat","background-position":"center center","background-size":"auto","background-attachment":"scroll","background-type":"","background-media":"","overlay-type":"","overlay-color":"","overlay-opacity":"","overlay-gradient":""}},"ast-content-background-meta":{"desktop":{"background-color":"var(--ast-global-color-4)","background-image":"","background-repeat":"repeat","background-position":"center center","background-size":"auto","background-attachment":"scroll","background-type":"","background-media":"","overlay-type":"","overlay-color":"","overlay-opacity":"","overlay-gradient":""},"tablet":{"background-color":"var(--ast-global-color-4)","background-image":"","background-repeat":"repeat","background-position":"center center","background-size":"auto","background-attachment":"scroll","background-type":"","background-media":"","overlay-type":"","overlay-color":"","overlay-opacity":"","overlay-gradient":""},"mobile":{"background-color":"var(--ast-global-color-4)","background-image":"","background-repeat":"repeat","background-position":"center center","background-size":"auto","background-attachment":"scroll","background-type":"","background-media":"","overlay-type":"","overlay-color":"","overlay-opacity":"","overlay-gradient":""}}},"product_brand":[],"product_cat":[9875],"product_tag":[],"class_list":{"0":"post-26473","1":"product","2":"type-product","3":"status-publish","4":"has-post-thumbnail","6":"product_cat-meno-istorija","7":"desktop-align-left","8":"tablet-align-left","9":"mobile-align-left","11":"first","12":"instock","13":"shipping-taxable","14":"purchasable","15":"product-type-simple"},"acf":[],"yoast_head":"<!-- This site is optimized with the Yoast SEO plugin v27.4 - https:\/\/yoast.com\/product\/yoast-seo-wordpress\/ -->\n<title>Meno kryptys nuo 1945-\u0173j\u0173: temos ir koncepcijos (yra nedideli\u0173 defekt\u0173)<\/title>\n<meta name=\"description\" content=\"Knygoje \u201eMeno kryptys nuo 1945-\u0173j\u0173\u201c aptariamos \u0161iuolaikinio meno kryptys: arte povera, popmenas, neoekspresionizmas ir neodadaizmas, minimalusis ir\" \/>\n<meta name=\"robots\" content=\"index, follow, max-snippet:-1, max-image-preview:large, max-video-preview:-1\" \/>\n<link rel=\"canonical\" href=\"https:\/\/skaitytaknyga.lt\/en\/produktas\/meno-kryptys-nuo-1945-uju-temos-ir-koncepcijos\/\" \/>\n<meta property=\"og:locale\" content=\"en_GB\" \/>\n<meta property=\"og:locale:alternate\" content=\"lt_LT\" \/>\n<meta property=\"og:type\" content=\"article\" \/>\n<meta property=\"og:title\" content=\"Meno kryptys nuo 1945-\u0173j\u0173: temos ir koncepcijos (yra nedideli\u0173 defekt\u0173)\" \/>\n<meta property=\"og:description\" content=\"Knygoje \u201eMeno kryptys nuo 1945-\u0173j\u0173\u201c aptariamos \u0161iuolaikinio meno kryptys: arte povera, popmenas, neoekspresionizmas ir neodadaizmas, minimalusis ir\" \/>\n<meta property=\"og:url\" content=\"https:\/\/skaitytaknyga.lt\/en\/produktas\/meno-kryptys-nuo-1945-uju-temos-ir-koncepcijos\/\" \/>\n<meta property=\"og:site_name\" content=\"Skaitytaknyga\" \/>\n<meta property=\"article:publisher\" content=\"https:\/\/www.facebook.com\/skaitytaknyga\/\" \/>\n<meta property=\"article:modified_time\" content=\"2026-05-10T14:43:46+00:00\" \/>\n<meta property=\"og:image\" content=\"https:\/\/skaitytaknyga.lt\/wp-content\/uploads\/2026\/05\/Meno-kryptys-nuo-1945-uju-temos-ir-koncepcijos-e1778080113945.webp\" \/>\n\t<meta property=\"og:image:width\" content=\"300\" \/>\n\t<meta property=\"og:image:height\" content=\"425\" \/>\n\t<meta property=\"og:image:type\" content=\"image\/webp\" \/>\n<meta name=\"twitter:card\" content=\"summary_large_image\" \/>\n<script type=\"application\/ld+json\" class=\"yoast-schema-graph\">{\"@context\":\"https:\\\/\\\/schema.org\",\"@graph\":[{\"@type\":\"WebPage\",\"@id\":\"https:\\\/\\\/skaitytaknyga.lt\\\/produktas\\\/meno-kryptys-nuo-1945-uju-temos-ir-koncepcijos\\\/\",\"url\":\"https:\\\/\\\/skaitytaknyga.lt\\\/produktas\\\/meno-kryptys-nuo-1945-uju-temos-ir-koncepcijos\\\/\",\"name\":\"Meno kryptys nuo 1945-\u0173j\u0173: temos ir koncepcijos (yra nedideli\u0173 defekt\u0173)\",\"isPartOf\":{\"@id\":\"https:\\\/\\\/skaitytaknyga.lt\\\/#website\"},\"primaryImageOfPage\":{\"@id\":\"https:\\\/\\\/skaitytaknyga.lt\\\/produktas\\\/meno-kryptys-nuo-1945-uju-temos-ir-koncepcijos\\\/#primaryimage\"},\"image\":{\"@id\":\"https:\\\/\\\/skaitytaknyga.lt\\\/produktas\\\/meno-kryptys-nuo-1945-uju-temos-ir-koncepcijos\\\/#primaryimage\"},\"thumbnailUrl\":\"https:\\\/\\\/skaitytaknyga.lt\\\/wp-content\\\/uploads\\\/2026\\\/05\\\/Meno-kryptys-nuo-1945-uju-temos-ir-koncepcijos-e1778080113945.webp\",\"datePublished\":\"2026-05-06T14:23:52+00:00\",\"dateModified\":\"2026-05-10T14:43:46+00:00\",\"description\":\"Knygoje \u201eMeno kryptys nuo 1945-\u0173j\u0173\u201c aptariamos \u0161iuolaikinio meno kryptys: arte povera, popmenas, neoekspresionizmas ir neodadaizmas, minimalusis ir\",\"breadcrumb\":{\"@id\":\"https:\\\/\\\/skaitytaknyga.lt\\\/produktas\\\/meno-kryptys-nuo-1945-uju-temos-ir-koncepcijos\\\/#breadcrumb\"},\"inLanguage\":\"en-GB\",\"potentialAction\":[{\"@type\":\"ReadAction\",\"target\":[\"https:\\\/\\\/skaitytaknyga.lt\\\/produktas\\\/meno-kryptys-nuo-1945-uju-temos-ir-koncepcijos\\\/\"]}]},{\"@type\":\"ImageObject\",\"inLanguage\":\"en-GB\",\"@id\":\"https:\\\/\\\/skaitytaknyga.lt\\\/produktas\\\/meno-kryptys-nuo-1945-uju-temos-ir-koncepcijos\\\/#primaryimage\",\"url\":\"https:\\\/\\\/skaitytaknyga.lt\\\/wp-content\\\/uploads\\\/2026\\\/05\\\/Meno-kryptys-nuo-1945-uju-temos-ir-koncepcijos-e1778080113945.webp\",\"contentUrl\":\"https:\\\/\\\/skaitytaknyga.lt\\\/wp-content\\\/uploads\\\/2026\\\/05\\\/Meno-kryptys-nuo-1945-uju-temos-ir-koncepcijos-e1778080113945.webp\",\"width\":300,\"height\":425,\"caption\":\"Meno kryptys nuo 1945 \u0173j\u0173 temos ir koncepcijos\"},{\"@type\":\"BreadcrumbList\",\"@id\":\"https:\\\/\\\/skaitytaknyga.lt\\\/produktas\\\/meno-kryptys-nuo-1945-uju-temos-ir-koncepcijos\\\/#breadcrumb\",\"itemListElement\":[{\"@type\":\"ListItem\",\"position\":1,\"name\":\"Home\",\"item\":\"https:\\\/\\\/skaitytaknyga.lt\\\/\"},{\"@type\":\"ListItem\",\"position\":2,\"name\":\"Parduotuv\u0117\",\"item\":\"https:\\\/\\\/skaitytaknyga.lt\\\/knygu-parduotuve\\\/\"},{\"@type\":\"ListItem\",\"position\":3,\"name\":\"Meno kryptys nuo 1945-\u0173j\u0173: temos ir koncepcijos (yra nedideli\u0173 defekt\u0173)\"}]},{\"@type\":\"WebSite\",\"@id\":\"https:\\\/\\\/skaitytaknyga.lt\\\/#website\",\"url\":\"https:\\\/\\\/skaitytaknyga.lt\\\/\",\"name\":\"skaitytaknyga.lt\",\"description\":\"Skaitytaknyga.lt \u2013 tai ma\u017eas \u0161eimos verslas, kuris prasid\u0117jo nuo meil\u0117s knygoms ir siekio i\u0161gelb\u0117ti knygas nuo likimo prie konteinerio. Kas vienam nereikalingas daiktas \u2013 kitam lobis, o mes esame tarpininkai, kurie padeda abiems tapti laimingesniems ???? \u017dinome kaip nelengva i\u0161gyventi ma\u017eiems verslams, tad nuo \u0161iol, \u010dia rasite ir kit\u0173, ma\u017e\u0173 \u0161eim\u0173 versl\u0173, rank\u0173 darbo, dovan\u0173 sau ir artimiesiems.\",\"publisher\":{\"@id\":\"https:\\\/\\\/skaitytaknyga.lt\\\/#organization\"},\"potentialAction\":[{\"@type\":\"SearchAction\",\"target\":{\"@type\":\"EntryPoint\",\"urlTemplate\":\"https:\\\/\\\/skaitytaknyga.lt\\\/?s={search_term_string}\"},\"query-input\":{\"@type\":\"PropertyValueSpecification\",\"valueRequired\":true,\"valueName\":\"search_term_string\"}}],\"inLanguage\":\"en-GB\"},{\"@type\":\"Organization\",\"@id\":\"https:\\\/\\\/skaitytaknyga.lt\\\/#organization\",\"name\":\"skaitytaknyga.lt\",\"url\":\"https:\\\/\\\/skaitytaknyga.lt\\\/\",\"logo\":{\"@type\":\"ImageObject\",\"inLanguage\":\"en-GB\",\"@id\":\"https:\\\/\\\/skaitytaknyga.lt\\\/#\\\/schema\\\/logo\\\/image\\\/\",\"url\":\"https:\\\/\\\/skaitytaknyga.lt\\\/wp-content\\\/uploads\\\/2024\\\/05\\\/cropped-cropped-cropped-02_00843_jt3bggkj1j3HLc7SyY6rEUpg.jpeg\",\"contentUrl\":\"https:\\\/\\\/skaitytaknyga.lt\\\/wp-content\\\/uploads\\\/2024\\\/05\\\/cropped-cropped-cropped-02_00843_jt3bggkj1j3HLc7SyY6rEUpg.jpeg\",\"width\":1600,\"height\":1600,\"caption\":\"skaitytaknyga.lt\"},\"image\":{\"@id\":\"https:\\\/\\\/skaitytaknyga.lt\\\/#\\\/schema\\\/logo\\\/image\\\/\"},\"sameAs\":[\"https:\\\/\\\/www.facebook.com\\\/skaitytaknyga\\\/\"]}]}<\/script>\n<!-- \/ Yoast SEO plugin. -->","yoast_head_json":{"title":"Meno kryptys nuo 1945-\u0173j\u0173: temos ir koncepcijos (yra nedideli\u0173 defekt\u0173)","description":"Knygoje \u201eMeno kryptys nuo 1945-\u0173j\u0173\u201c aptariamos \u0161iuolaikinio meno kryptys: arte povera, popmenas, neoekspresionizmas ir neodadaizmas, minimalusis ir","robots":{"index":"index","follow":"follow","max-snippet":"max-snippet:-1","max-image-preview":"max-image-preview:large","max-video-preview":"max-video-preview:-1"},"canonical":"https:\/\/skaitytaknyga.lt\/en\/produktas\/meno-kryptys-nuo-1945-uju-temos-ir-koncepcijos\/","og_locale":"en_GB","og_type":"article","og_title":"[:lt]Meno kryptys nuo 1945-\u0173j\u0173: temos ir koncepcijos (yra nedideli\u0173 defekt\u0173)[:] - Skaitytaknyga","og_description":"Knygoje \u201eMeno kryptys nuo 1945-\u0173j\u0173\u201c aptariamos \u0161iuolaikinio meno kryptys: arte povera, popmenas, neoekspresionizmas ir neodadaizmas, minimalusis ir","og_url":"https:\/\/skaitytaknyga.lt\/en\/produktas\/meno-kryptys-nuo-1945-uju-temos-ir-koncepcijos\/","og_site_name":"Skaitytaknyga","article_publisher":"https:\/\/www.facebook.com\/skaitytaknyga\/","article_modified_time":"2026-05-10T14:43:46+00:00","og_image":[{"width":300,"height":425,"url":"https:\/\/skaitytaknyga.lt\/wp-content\/uploads\/2026\/05\/Meno-kryptys-nuo-1945-uju-temos-ir-koncepcijos-e1778080113945.webp","type":"image\/webp"}],"twitter_card":"summary_large_image","schema":{"@context":"https:\/\/schema.org","@graph":[{"@type":"WebPage","@id":"https:\/\/skaitytaknyga.lt\/produktas\/meno-kryptys-nuo-1945-uju-temos-ir-koncepcijos\/","url":"https:\/\/skaitytaknyga.lt\/produktas\/meno-kryptys-nuo-1945-uju-temos-ir-koncepcijos\/","name":"Meno kryptys nuo 1945-\u0173j\u0173: temos ir koncepcijos (yra nedideli\u0173 defekt\u0173)","isPartOf":{"@id":"https:\/\/skaitytaknyga.lt\/#website"},"primaryImageOfPage":{"@id":"https:\/\/skaitytaknyga.lt\/produktas\/meno-kryptys-nuo-1945-uju-temos-ir-koncepcijos\/#primaryimage"},"image":{"@id":"https:\/\/skaitytaknyga.lt\/produktas\/meno-kryptys-nuo-1945-uju-temos-ir-koncepcijos\/#primaryimage"},"thumbnailUrl":"https:\/\/skaitytaknyga.lt\/wp-content\/uploads\/2026\/05\/Meno-kryptys-nuo-1945-uju-temos-ir-koncepcijos-e1778080113945.webp","datePublished":"2026-05-06T14:23:52+00:00","dateModified":"2026-05-10T14:43:46+00:00","description":"Knygoje \u201eMeno kryptys nuo 1945-\u0173j\u0173\u201c aptariamos \u0161iuolaikinio meno kryptys: arte povera, popmenas, neoekspresionizmas ir neodadaizmas, minimalusis ir","breadcrumb":{"@id":"https:\/\/skaitytaknyga.lt\/produktas\/meno-kryptys-nuo-1945-uju-temos-ir-koncepcijos\/#breadcrumb"},"inLanguage":"en-GB","potentialAction":[{"@type":"ReadAction","target":["https:\/\/skaitytaknyga.lt\/produktas\/meno-kryptys-nuo-1945-uju-temos-ir-koncepcijos\/"]}]},{"@type":"ImageObject","inLanguage":"en-GB","@id":"https:\/\/skaitytaknyga.lt\/produktas\/meno-kryptys-nuo-1945-uju-temos-ir-koncepcijos\/#primaryimage","url":"https:\/\/skaitytaknyga.lt\/wp-content\/uploads\/2026\/05\/Meno-kryptys-nuo-1945-uju-temos-ir-koncepcijos-e1778080113945.webp","contentUrl":"https:\/\/skaitytaknyga.lt\/wp-content\/uploads\/2026\/05\/Meno-kryptys-nuo-1945-uju-temos-ir-koncepcijos-e1778080113945.webp","width":300,"height":425,"caption":"Meno kryptys nuo 1945 \u0173j\u0173 temos ir koncepcijos"},{"@type":"BreadcrumbList","@id":"https:\/\/skaitytaknyga.lt\/produktas\/meno-kryptys-nuo-1945-uju-temos-ir-koncepcijos\/#breadcrumb","itemListElement":[{"@type":"ListItem","position":1,"name":"Home","item":"https:\/\/skaitytaknyga.lt\/"},{"@type":"ListItem","position":2,"name":"Parduotuv\u0117","item":"https:\/\/skaitytaknyga.lt\/knygu-parduotuve\/"},{"@type":"ListItem","position":3,"name":"Meno kryptys nuo 1945-\u0173j\u0173: temos ir koncepcijos (yra nedideli\u0173 defekt\u0173)"}]},{"@type":"WebSite","@id":"https:\/\/skaitytaknyga.lt\/#website","url":"https:\/\/skaitytaknyga.lt\/","name":"skaitytaknyga.lt","description":"Skaitytaknyga.lt \u2013 tai ma\u017eas \u0161eimos verslas, kuris prasid\u0117jo nuo meil\u0117s knygoms ir siekio i\u0161gelb\u0117ti knygas nuo likimo prie konteinerio. Kas vienam nereikalingas daiktas \u2013 kitam lobis, o mes esame tarpininkai, kurie padeda abiems tapti laimingesniems ???? \u017dinome kaip nelengva i\u0161gyventi ma\u017eiems verslams, tad nuo \u0161iol, \u010dia rasite ir kit\u0173, ma\u017e\u0173 \u0161eim\u0173 versl\u0173, rank\u0173 darbo, dovan\u0173 sau ir artimiesiems.","publisher":{"@id":"https:\/\/skaitytaknyga.lt\/#organization"},"potentialAction":[{"@type":"SearchAction","target":{"@type":"EntryPoint","urlTemplate":"https:\/\/skaitytaknyga.lt\/?s={search_term_string}"},"query-input":{"@type":"PropertyValueSpecification","valueRequired":true,"valueName":"search_term_string"}}],"inLanguage":"en-GB"},{"@type":"Organization","@id":"https:\/\/skaitytaknyga.lt\/#organization","name":"skaitytaknyga.lt","url":"https:\/\/skaitytaknyga.lt\/","logo":{"@type":"ImageObject","inLanguage":"en-GB","@id":"https:\/\/skaitytaknyga.lt\/#\/schema\/logo\/image\/","url":"https:\/\/skaitytaknyga.lt\/wp-content\/uploads\/2024\/05\/cropped-cropped-cropped-02_00843_jt3bggkj1j3HLc7SyY6rEUpg.jpeg","contentUrl":"https:\/\/skaitytaknyga.lt\/wp-content\/uploads\/2024\/05\/cropped-cropped-cropped-02_00843_jt3bggkj1j3HLc7SyY6rEUpg.jpeg","width":1600,"height":1600,"caption":"skaitytaknyga.lt"},"image":{"@id":"https:\/\/skaitytaknyga.lt\/#\/schema\/logo\/image\/"},"sameAs":["https:\/\/www.facebook.com\/skaitytaknyga\/"]}]}},"_links":{"self":[{"href":"https:\/\/skaitytaknyga.lt\/en\/wp-json\/wp\/v2\/product\/26473","targetHints":{"allow":["GET"]}}],"collection":[{"href":"https:\/\/skaitytaknyga.lt\/en\/wp-json\/wp\/v2\/product"}],"about":[{"href":"https:\/\/skaitytaknyga.lt\/en\/wp-json\/wp\/v2\/types\/product"}],"replies":[{"embeddable":true,"href":"https:\/\/skaitytaknyga.lt\/en\/wp-json\/wp\/v2\/comments?post=26473"}],"wp:featuredmedia":[{"embeddable":true,"href":"https:\/\/skaitytaknyga.lt\/en\/wp-json\/wp\/v2\/media\/26478"}],"wp:attachment":[{"href":"https:\/\/skaitytaknyga.lt\/en\/wp-json\/wp\/v2\/media?parent=26473"}],"wp:term":[{"taxonomy":"product_brand","embeddable":true,"href":"https:\/\/skaitytaknyga.lt\/en\/wp-json\/wp\/v2\/product_brand?post=26473"},{"taxonomy":"product_cat","embeddable":true,"href":"https:\/\/skaitytaknyga.lt\/en\/wp-json\/wp\/v2\/product_cat?post=26473"},{"taxonomy":"product_tag","embeddable":true,"href":"https:\/\/skaitytaknyga.lt\/en\/wp-json\/wp\/v2\/product_tag?post=26473"}],"curies":[{"name":"wp","href":"https:\/\/api.w.org\/{rel}","templated":true}]}}