{"id":26463,"date":"2026-05-06T16:49:58","date_gmt":"2026-05-06T13:49:58","guid":{"rendered":"https:\/\/skaitytaknyga.lt\/?post_type=product&#038;p=26463"},"modified":"2026-05-06T17:23:21","modified_gmt":"2026-05-06T14:23:21","slug":"redaktoriaus-testamentas-dvieju-epochu-uzkulisiai","status":"publish","type":"product","link":"https:\/\/skaitytaknyga.lt\/en\/produktas\/redaktoriaus-testamentas-dvieju-epochu-uzkulisiai\/","title":{"rendered":"Redaktoriaus testamentas. Dviej\u0173 epoch\u0173 u\u017ekulisiai"},"content":{"rendered":"<p>\u201eRedaktoriaus testamente\u201c esu baltasis ir juodasis metra\u0161tininkas viename asmenyje \u2013 tas, kuris gal per ilgai u\u017esis\u0117d\u0117jo vyriausiojo redaktoriaus k\u0117d\u0117je, uostydamas parako dviejose epochose&#8230;<\/p>\n<p>Stengiausi pirmiausia b\u016bti atviras ir s\u0105\u017einingas sau, nors kartais i\u0161spr\u016bsdavo ir piktesnis \u017eodis, prasiver\u017edavo u\u017egautos ambicijos. Kai kasdien susiduri su nepadailinta tikrove, pats tampi jos atspind\u017eiu. Nesu joks prana\u0161as ar ai\u0161kiaregys, tod\u0117l nepretenduoju \u012f negin\u010dijam\u0105 ties\u0105 \u2013 to mane pirmiausia i\u0161mok\u0117 \u017eurnalistika.<\/p>\n<p>Tikrai atsiras ne vienas, kuris mano apra\u0161ytus \u012fvykius ir pa\u017eertus pam\u0105stymus \u012fvertins kitaip. D\u0117l to d\u017eiaugsiuosi, nes pasaulis juda \u012f priek\u012f tik tada, kai kibirk\u0161\u010diuoja skirtingi po\u017ei\u016briai.\u201c<\/p>\n<p>Gedvydas Vainauskas<\/p>\n","protected":false},"excerpt":{"rendered":"<p>\u201eRedaktoriaus testamente\u201c esu baltasis ir juodasis metra\u0161tininkas viename asmenyje \u2013 tas, kuris gal per ilgai u\u017esis\u0117d\u0117jo vyriausiojo redaktoriaus k\u0117d\u0117je, uostydamas parako dviejose epochose&#8230; Stengiausi pirmiausia b\u016bti atviras ir s\u0105\u017einingas sau, nors kartais i\u0161spr\u016bsdavo ir piktesnis \u017eodis, prasiver\u017edavo u\u017egautos ambicijos. Kai kasdien susiduri su nepadailinta tikrove, pats tampi jos atspind\u017eiu. Nesu joks prana\u0161as ar ai\u0161kiaregys, tod\u0117l nepretenduoju \u012f negin\u010dijam\u0105 ties\u0105 \u2013 to mane pirmiausia i\u0161mok\u0117 \u017eurnalistika. Tikrai atsiras ne vienas, kuris mano apra\u0161ytus \u012fvykius ir pa\u017eertus pam\u0105stymus \u012fvertins kitaip. D\u0117l to d\u017eiaugsiuosi, nes pasaulis juda \u012f priek\u012f tik tada, kai kibirk\u0161\u010diuoja skirtingi po\u017ei\u016briai.\u201c Gedvydas Vainauskas<\/p>\n","protected":false},"featured_media":26468,"comment_status":"open","ping_status":"closed","template":"","meta":{"_acf_changed":false,"site-sidebar-layout":"default","site-content-layout":"","ast-site-content-layout":"default","site-content-style":"default","site-sidebar-style":"default","ast-global-header-display":"","ast-banner-title-visibility":"","ast-main-header-display":"","ast-hfb-above-header-display":"","ast-hfb-below-header-display":"","ast-hfb-mobile-header-display":"","site-post-title":"","ast-breadcrumbs-content":"","ast-featured-img":"","footer-sml-layout":"","ast-disable-related-posts":"","theme-transparent-header-meta":"","adv-header-id-meta":"","stick-header-meta":"","header-above-stick-meta":"","header-main-stick-meta":"","header-below-stick-meta":"","astra-migrate-meta-layouts":"default","ast-page-background-enabled":"default","ast-page-background-meta":{"desktop":{"background-color":"","background-image":"","background-repeat":"repeat","background-position":"center center","background-size":"auto","background-attachment":"scroll","background-type":"","background-media":"","overlay-type":"","overlay-color":"","overlay-opacity":"","overlay-gradient":""},"tablet":{"background-color":"","background-image":"","background-repeat":"repeat","background-position":"center center","background-size":"auto","background-attachment":"scroll","background-type":"","background-media":"","overlay-type":"","overlay-color":"","overlay-opacity":"","overlay-gradient":""},"mobile":{"background-color":"","background-image":"","background-repeat":"repeat","background-position":"center center","background-size":"auto","background-attachment":"scroll","background-type":"","background-media":"","overlay-type":"","overlay-color":"","overlay-opacity":"","overlay-gradient":""}},"ast-content-background-meta":{"desktop":{"background-color":"var(--ast-global-color-4)","background-image":"","background-repeat":"repeat","background-position":"center center","background-size":"auto","background-attachment":"scroll","background-type":"","background-media":"","overlay-type":"","overlay-color":"","overlay-opacity":"","overlay-gradient":""},"tablet":{"background-color":"var(--ast-global-color-4)","background-image":"","background-repeat":"repeat","background-position":"center center","background-size":"auto","background-attachment":"scroll","background-type":"","background-media":"","overlay-type":"","overlay-color":"","overlay-opacity":"","overlay-gradient":""},"mobile":{"background-color":"var(--ast-global-color-4)","background-image":"","background-repeat":"repeat","background-position":"center center","background-size":"auto","background-attachment":"scroll","background-type":"","background-media":"","overlay-type":"","overlay-color":"","overlay-opacity":"","overlay-gradient":""}}},"product_brand":[],"product_cat":[33],"product_tag":[],"class_list":{"0":"post-26463","1":"product","2":"type-product","3":"status-publish","4":"has-post-thumbnail","6":"product_cat-biografijos","7":"desktop-align-left","8":"tablet-align-left","9":"mobile-align-left","11":"first","12":"instock","13":"shipping-taxable","14":"purchasable","15":"product-type-simple"},"acf":[],"yoast_head":"<!-- This site is optimized with the Yoast SEO plugin v27.4 - https:\/\/yoast.com\/product\/yoast-seo-wordpress\/ -->\n<title>Redaktoriaus testamentas. Dviej\u0173 epoch\u0173 u\u017ekulisiai<\/title>\n<meta name=\"description\" content=\"\u201eRedaktoriaus testamente\u201c esu baltasis ir juodasis metra\u0161tininkas viename asmenyje \u2013 tas, kuris gal per ilgai u\u017esis\u0117d\u0117jo vyriausiojo redaktoriaus k\u0117d\u0117je,\" \/>\n<meta name=\"robots\" content=\"index, follow, max-snippet:-1, max-image-preview:large, max-video-preview:-1\" \/>\n<link rel=\"canonical\" href=\"https:\/\/skaitytaknyga.lt\/en\/produktas\/redaktoriaus-testamentas-dvieju-epochu-uzkulisiai\/\" \/>\n<meta property=\"og:locale\" content=\"en_GB\" \/>\n<meta property=\"og:locale:alternate\" content=\"lt_LT\" \/>\n<meta property=\"og:type\" content=\"article\" \/>\n<meta property=\"og:title\" content=\"Redaktoriaus testamentas. Dviej\u0173 epoch\u0173 u\u017ekulisiai\" \/>\n<meta property=\"og:description\" content=\"\u201eRedaktoriaus testamente\u201c esu baltasis ir juodasis metra\u0161tininkas viename asmenyje \u2013 tas, kuris gal per ilgai u\u017esis\u0117d\u0117jo vyriausiojo redaktoriaus k\u0117d\u0117je,\" \/>\n<meta property=\"og:url\" content=\"https:\/\/skaitytaknyga.lt\/en\/produktas\/redaktoriaus-testamentas-dvieju-epochu-uzkulisiai\/\" \/>\n<meta property=\"og:site_name\" content=\"Skaitytaknyga\" \/>\n<meta property=\"article:publisher\" content=\"https:\/\/www.facebook.com\/skaitytaknyga\/\" \/>\n<meta property=\"article:modified_time\" content=\"2026-05-06T14:23:21+00:00\" \/>\n<meta property=\"og:image\" content=\"https:\/\/skaitytaknyga.lt\/wp-content\/uploads\/2026\/05\/Redaktoriaus-testamentas.-Dvieju-epochu-uzkulisiai.webp\" \/>\n\t<meta property=\"og:image:width\" content=\"366\" \/>\n\t<meta property=\"og:image:height\" content=\"600\" \/>\n\t<meta property=\"og:image:type\" content=\"image\/webp\" \/>\n<meta name=\"twitter:card\" content=\"summary_large_image\" \/>\n<meta name=\"twitter:label1\" content=\"Estimated reading time\" \/>\n\t<meta name=\"twitter:data1\" content=\"1 minute\" \/>\n<script type=\"application\/ld+json\" class=\"yoast-schema-graph\">{\"@context\":\"https:\\\/\\\/schema.org\",\"@graph\":[{\"@type\":\"WebPage\",\"@id\":\"https:\\\/\\\/skaitytaknyga.lt\\\/produktas\\\/redaktoriaus-testamentas-dvieju-epochu-uzkulisiai\\\/\",\"url\":\"https:\\\/\\\/skaitytaknyga.lt\\\/produktas\\\/redaktoriaus-testamentas-dvieju-epochu-uzkulisiai\\\/\",\"name\":\"Redaktoriaus testamentas. Dviej\u0173 epoch\u0173 u\u017ekulisiai\",\"isPartOf\":{\"@id\":\"https:\\\/\\\/skaitytaknyga.lt\\\/#website\"},\"primaryImageOfPage\":{\"@id\":\"https:\\\/\\\/skaitytaknyga.lt\\\/produktas\\\/redaktoriaus-testamentas-dvieju-epochu-uzkulisiai\\\/#primaryimage\"},\"image\":{\"@id\":\"https:\\\/\\\/skaitytaknyga.lt\\\/produktas\\\/redaktoriaus-testamentas-dvieju-epochu-uzkulisiai\\\/#primaryimage\"},\"thumbnailUrl\":\"https:\\\/\\\/skaitytaknyga.lt\\\/wp-content\\\/uploads\\\/2026\\\/05\\\/Redaktoriaus-testamentas.-Dvieju-epochu-uzkulisiai.webp\",\"datePublished\":\"2026-05-06T13:49:58+00:00\",\"dateModified\":\"2026-05-06T14:23:21+00:00\",\"description\":\"\u201eRedaktoriaus testamente\u201c esu baltasis ir juodasis metra\u0161tininkas viename asmenyje \u2013 tas, kuris gal per ilgai u\u017esis\u0117d\u0117jo vyriausiojo redaktoriaus k\u0117d\u0117je,\",\"breadcrumb\":{\"@id\":\"https:\\\/\\\/skaitytaknyga.lt\\\/produktas\\\/redaktoriaus-testamentas-dvieju-epochu-uzkulisiai\\\/#breadcrumb\"},\"inLanguage\":\"en-GB\",\"potentialAction\":[{\"@type\":\"ReadAction\",\"target\":[\"https:\\\/\\\/skaitytaknyga.lt\\\/produktas\\\/redaktoriaus-testamentas-dvieju-epochu-uzkulisiai\\\/\"]}]},{\"@type\":\"ImageObject\",\"inLanguage\":\"en-GB\",\"@id\":\"https:\\\/\\\/skaitytaknyga.lt\\\/produktas\\\/redaktoriaus-testamentas-dvieju-epochu-uzkulisiai\\\/#primaryimage\",\"url\":\"https:\\\/\\\/skaitytaknyga.lt\\\/wp-content\\\/uploads\\\/2026\\\/05\\\/Redaktoriaus-testamentas.-Dvieju-epochu-uzkulisiai.webp\",\"contentUrl\":\"https:\\\/\\\/skaitytaknyga.lt\\\/wp-content\\\/uploads\\\/2026\\\/05\\\/Redaktoriaus-testamentas.-Dvieju-epochu-uzkulisiai.webp\",\"width\":366,\"height\":600,\"caption\":\"Redaktoriaus testamentas. Dviej\u0173 epoch\u0173 u\u017ekulisiai\"},{\"@type\":\"BreadcrumbList\",\"@id\":\"https:\\\/\\\/skaitytaknyga.lt\\\/produktas\\\/redaktoriaus-testamentas-dvieju-epochu-uzkulisiai\\\/#breadcrumb\",\"itemListElement\":[{\"@type\":\"ListItem\",\"position\":1,\"name\":\"Home\",\"item\":\"https:\\\/\\\/skaitytaknyga.lt\\\/\"},{\"@type\":\"ListItem\",\"position\":2,\"name\":\"Parduotuv\u0117\",\"item\":\"https:\\\/\\\/skaitytaknyga.lt\\\/knygu-parduotuve\\\/\"},{\"@type\":\"ListItem\",\"position\":3,\"name\":\"Redaktoriaus testamentas. Dviej\u0173 epoch\u0173 u\u017ekulisiai\"}]},{\"@type\":\"WebSite\",\"@id\":\"https:\\\/\\\/skaitytaknyga.lt\\\/#website\",\"url\":\"https:\\\/\\\/skaitytaknyga.lt\\\/\",\"name\":\"skaitytaknyga.lt\",\"description\":\"Skaitytaknyga.lt \u2013 tai ma\u017eas \u0161eimos verslas, kuris prasid\u0117jo nuo meil\u0117s knygoms ir siekio i\u0161gelb\u0117ti knygas nuo likimo prie konteinerio. Kas vienam nereikalingas daiktas \u2013 kitam lobis, o mes esame tarpininkai, kurie padeda abiems tapti laimingesniems ???? \u017dinome kaip nelengva i\u0161gyventi ma\u017eiems verslams, tad nuo \u0161iol, \u010dia rasite ir kit\u0173, ma\u017e\u0173 \u0161eim\u0173 versl\u0173, rank\u0173 darbo, dovan\u0173 sau ir artimiesiems.\",\"publisher\":{\"@id\":\"https:\\\/\\\/skaitytaknyga.lt\\\/#organization\"},\"potentialAction\":[{\"@type\":\"SearchAction\",\"target\":{\"@type\":\"EntryPoint\",\"urlTemplate\":\"https:\\\/\\\/skaitytaknyga.lt\\\/?s={search_term_string}\"},\"query-input\":{\"@type\":\"PropertyValueSpecification\",\"valueRequired\":true,\"valueName\":\"search_term_string\"}}],\"inLanguage\":\"en-GB\"},{\"@type\":\"Organization\",\"@id\":\"https:\\\/\\\/skaitytaknyga.lt\\\/#organization\",\"name\":\"skaitytaknyga.lt\",\"url\":\"https:\\\/\\\/skaitytaknyga.lt\\\/\",\"logo\":{\"@type\":\"ImageObject\",\"inLanguage\":\"en-GB\",\"@id\":\"https:\\\/\\\/skaitytaknyga.lt\\\/#\\\/schema\\\/logo\\\/image\\\/\",\"url\":\"https:\\\/\\\/skaitytaknyga.lt\\\/wp-content\\\/uploads\\\/2024\\\/05\\\/cropped-cropped-cropped-02_00843_jt3bggkj1j3HLc7SyY6rEUpg.jpeg\",\"contentUrl\":\"https:\\\/\\\/skaitytaknyga.lt\\\/wp-content\\\/uploads\\\/2024\\\/05\\\/cropped-cropped-cropped-02_00843_jt3bggkj1j3HLc7SyY6rEUpg.jpeg\",\"width\":1600,\"height\":1600,\"caption\":\"skaitytaknyga.lt\"},\"image\":{\"@id\":\"https:\\\/\\\/skaitytaknyga.lt\\\/#\\\/schema\\\/logo\\\/image\\\/\"},\"sameAs\":[\"https:\\\/\\\/www.facebook.com\\\/skaitytaknyga\\\/\"]}]}<\/script>\n<!-- \/ Yoast SEO plugin. -->","yoast_head_json":{"title":"Redaktoriaus testamentas. Dviej\u0173 epoch\u0173 u\u017ekulisiai","description":"\u201eRedaktoriaus testamente\u201c esu baltasis ir juodasis metra\u0161tininkas viename asmenyje \u2013 tas, kuris gal per ilgai u\u017esis\u0117d\u0117jo vyriausiojo redaktoriaus k\u0117d\u0117je,","robots":{"index":"index","follow":"follow","max-snippet":"max-snippet:-1","max-image-preview":"max-image-preview:large","max-video-preview":"max-video-preview:-1"},"canonical":"https:\/\/skaitytaknyga.lt\/en\/produktas\/redaktoriaus-testamentas-dvieju-epochu-uzkulisiai\/","og_locale":"en_GB","og_type":"article","og_title":"[:lt]Redaktoriaus testamentas. Dviej\u0173 epoch\u0173 u\u017ekulisiai[:] - Skaitytaknyga","og_description":"\u201eRedaktoriaus testamente\u201c esu baltasis ir juodasis metra\u0161tininkas viename asmenyje \u2013 tas, kuris gal per ilgai u\u017esis\u0117d\u0117jo vyriausiojo redaktoriaus k\u0117d\u0117je,","og_url":"https:\/\/skaitytaknyga.lt\/en\/produktas\/redaktoriaus-testamentas-dvieju-epochu-uzkulisiai\/","og_site_name":"Skaitytaknyga","article_publisher":"https:\/\/www.facebook.com\/skaitytaknyga\/","article_modified_time":"2026-05-06T14:23:21+00:00","og_image":[{"width":366,"height":600,"url":"https:\/\/skaitytaknyga.lt\/wp-content\/uploads\/2026\/05\/Redaktoriaus-testamentas.-Dvieju-epochu-uzkulisiai.webp","type":"image\/webp"}],"twitter_card":"summary_large_image","twitter_misc":{"Estimated reading time":"1 minute"},"schema":{"@context":"https:\/\/schema.org","@graph":[{"@type":"WebPage","@id":"https:\/\/skaitytaknyga.lt\/produktas\/redaktoriaus-testamentas-dvieju-epochu-uzkulisiai\/","url":"https:\/\/skaitytaknyga.lt\/produktas\/redaktoriaus-testamentas-dvieju-epochu-uzkulisiai\/","name":"Redaktoriaus testamentas. Dviej\u0173 epoch\u0173 u\u017ekulisiai","isPartOf":{"@id":"https:\/\/skaitytaknyga.lt\/#website"},"primaryImageOfPage":{"@id":"https:\/\/skaitytaknyga.lt\/produktas\/redaktoriaus-testamentas-dvieju-epochu-uzkulisiai\/#primaryimage"},"image":{"@id":"https:\/\/skaitytaknyga.lt\/produktas\/redaktoriaus-testamentas-dvieju-epochu-uzkulisiai\/#primaryimage"},"thumbnailUrl":"https:\/\/skaitytaknyga.lt\/wp-content\/uploads\/2026\/05\/Redaktoriaus-testamentas.-Dvieju-epochu-uzkulisiai.webp","datePublished":"2026-05-06T13:49:58+00:00","dateModified":"2026-05-06T14:23:21+00:00","description":"\u201eRedaktoriaus testamente\u201c esu baltasis ir juodasis metra\u0161tininkas viename asmenyje \u2013 tas, kuris gal per ilgai u\u017esis\u0117d\u0117jo vyriausiojo redaktoriaus k\u0117d\u0117je,","breadcrumb":{"@id":"https:\/\/skaitytaknyga.lt\/produktas\/redaktoriaus-testamentas-dvieju-epochu-uzkulisiai\/#breadcrumb"},"inLanguage":"en-GB","potentialAction":[{"@type":"ReadAction","target":["https:\/\/skaitytaknyga.lt\/produktas\/redaktoriaus-testamentas-dvieju-epochu-uzkulisiai\/"]}]},{"@type":"ImageObject","inLanguage":"en-GB","@id":"https:\/\/skaitytaknyga.lt\/produktas\/redaktoriaus-testamentas-dvieju-epochu-uzkulisiai\/#primaryimage","url":"https:\/\/skaitytaknyga.lt\/wp-content\/uploads\/2026\/05\/Redaktoriaus-testamentas.-Dvieju-epochu-uzkulisiai.webp","contentUrl":"https:\/\/skaitytaknyga.lt\/wp-content\/uploads\/2026\/05\/Redaktoriaus-testamentas.-Dvieju-epochu-uzkulisiai.webp","width":366,"height":600,"caption":"Redaktoriaus testamentas. Dviej\u0173 epoch\u0173 u\u017ekulisiai"},{"@type":"BreadcrumbList","@id":"https:\/\/skaitytaknyga.lt\/produktas\/redaktoriaus-testamentas-dvieju-epochu-uzkulisiai\/#breadcrumb","itemListElement":[{"@type":"ListItem","position":1,"name":"Home","item":"https:\/\/skaitytaknyga.lt\/"},{"@type":"ListItem","position":2,"name":"Parduotuv\u0117","item":"https:\/\/skaitytaknyga.lt\/knygu-parduotuve\/"},{"@type":"ListItem","position":3,"name":"Redaktoriaus testamentas. Dviej\u0173 epoch\u0173 u\u017ekulisiai"}]},{"@type":"WebSite","@id":"https:\/\/skaitytaknyga.lt\/#website","url":"https:\/\/skaitytaknyga.lt\/","name":"skaitytaknyga.lt","description":"Skaitytaknyga.lt \u2013 tai ma\u017eas \u0161eimos verslas, kuris prasid\u0117jo nuo meil\u0117s knygoms ir siekio i\u0161gelb\u0117ti knygas nuo likimo prie konteinerio. Kas vienam nereikalingas daiktas \u2013 kitam lobis, o mes esame tarpininkai, kurie padeda abiems tapti laimingesniems ???? \u017dinome kaip nelengva i\u0161gyventi ma\u017eiems verslams, tad nuo \u0161iol, \u010dia rasite ir kit\u0173, ma\u017e\u0173 \u0161eim\u0173 versl\u0173, rank\u0173 darbo, dovan\u0173 sau ir artimiesiems.","publisher":{"@id":"https:\/\/skaitytaknyga.lt\/#organization"},"potentialAction":[{"@type":"SearchAction","target":{"@type":"EntryPoint","urlTemplate":"https:\/\/skaitytaknyga.lt\/?s={search_term_string}"},"query-input":{"@type":"PropertyValueSpecification","valueRequired":true,"valueName":"search_term_string"}}],"inLanguage":"en-GB"},{"@type":"Organization","@id":"https:\/\/skaitytaknyga.lt\/#organization","name":"skaitytaknyga.lt","url":"https:\/\/skaitytaknyga.lt\/","logo":{"@type":"ImageObject","inLanguage":"en-GB","@id":"https:\/\/skaitytaknyga.lt\/#\/schema\/logo\/image\/","url":"https:\/\/skaitytaknyga.lt\/wp-content\/uploads\/2024\/05\/cropped-cropped-cropped-02_00843_jt3bggkj1j3HLc7SyY6rEUpg.jpeg","contentUrl":"https:\/\/skaitytaknyga.lt\/wp-content\/uploads\/2024\/05\/cropped-cropped-cropped-02_00843_jt3bggkj1j3HLc7SyY6rEUpg.jpeg","width":1600,"height":1600,"caption":"skaitytaknyga.lt"},"image":{"@id":"https:\/\/skaitytaknyga.lt\/#\/schema\/logo\/image\/"},"sameAs":["https:\/\/www.facebook.com\/skaitytaknyga\/"]}]}},"_links":{"self":[{"href":"https:\/\/skaitytaknyga.lt\/en\/wp-json\/wp\/v2\/product\/26463","targetHints":{"allow":["GET"]}}],"collection":[{"href":"https:\/\/skaitytaknyga.lt\/en\/wp-json\/wp\/v2\/product"}],"about":[{"href":"https:\/\/skaitytaknyga.lt\/en\/wp-json\/wp\/v2\/types\/product"}],"replies":[{"embeddable":true,"href":"https:\/\/skaitytaknyga.lt\/en\/wp-json\/wp\/v2\/comments?post=26463"}],"wp:featuredmedia":[{"embeddable":true,"href":"https:\/\/skaitytaknyga.lt\/en\/wp-json\/wp\/v2\/media\/26468"}],"wp:attachment":[{"href":"https:\/\/skaitytaknyga.lt\/en\/wp-json\/wp\/v2\/media?parent=26463"}],"wp:term":[{"taxonomy":"product_brand","embeddable":true,"href":"https:\/\/skaitytaknyga.lt\/en\/wp-json\/wp\/v2\/product_brand?post=26463"},{"taxonomy":"product_cat","embeddable":true,"href":"https:\/\/skaitytaknyga.lt\/en\/wp-json\/wp\/v2\/product_cat?post=26463"},{"taxonomy":"product_tag","embeddable":true,"href":"https:\/\/skaitytaknyga.lt\/en\/wp-json\/wp\/v2\/product_tag?post=26463"}],"curies":[{"name":"wp","href":"https:\/\/api.w.org\/{rel}","templated":true}]}}