{"id":26462,"date":"2026-05-06T16:49:58","date_gmt":"2026-05-06T13:49:58","guid":{"rendered":"https:\/\/skaitytaknyga.lt\/?post_type=product&#038;p=26462"},"modified":"2026-05-06T17:23:21","modified_gmt":"2026-05-06T14:23:21","slug":"evangelijos-pagal-morku-apmastymai","status":"publish","type":"product","link":"https:\/\/skaitytaknyga.lt\/en\/produktas\/evangelijos-pagal-morku-apmastymai\/","title":{"rendered":"Evangelijos pagal Mork\u0173 apm\u0105stymai"},"content":{"rendered":"<p>Jei geriausias b\u016bdas suprasti krik\u0161\u010dioni\u0161k\u0105 tik\u0117jim\u0105 yra skaityti evangelijas, tuomet kitos knygos pagal svarb\u0105 turi b\u016bti tos, kurios padeda suprasti evangelijas.<\/p>\n<p>Steb\u0117damas \u0161\u012f poreik\u012f savo parapijoje D\u017eonas \u010carlzas Railis paruo\u0161\u0117 Evangelij\u0173 apm\u0105stymus, kurie paplito po vis\u0105 pasaul\u012f ir daugiau kaip \u0161imtmet\u012f nepraranda populiarumo bei naudingumo.<\/p>\n<p>Ai\u0161k\u016bs ir taikl\u016bs Railio \u017eod\u017eiai yra did\u017eiulis post\u016bmis skaityti pa\u010di\u0105 Biblij\u0105. Nors pagrindinis autoriaus tikslas \u2013 pad\u0117ti skaitytojui pa\u017einti Krist\u0173, jis taip pat turi ir dar vien\u0105 tiksl\u0105. Jis ra\u0161o taip, kad \u0161iuos Evangelijos pagal Mork\u0173 komentarus b\u016bt\u0173 galima skaityti balsu \u017emoni\u0173 grupei.<\/p>\n<p>Skirtingai nuo daugelio kit\u0173 autori\u0173, jo mintys vienodai gerai suprantamos ir skaitant, ir klausantis. Evangelij\u0173 komentar\u0173 i\u0161leista daug ir kur kas i\u0161samesni\u0173, ta\u010diau jokie kiti taip neprikausto d\u0117mesio, kai yra skaitomi balsu \u0161eimos rate, kaimyn\u0173 susib\u016brime ar per radij\u0105, kaip para\u0161ytieji D\u017e. \u010c. Railio.<\/p>\n","protected":false},"excerpt":{"rendered":"<p>Jei geriausias b\u016bdas suprasti krik\u0161\u010dioni\u0161k\u0105 tik\u0117jim\u0105 yra skaityti evangelijas, tuomet kitos knygos pagal svarb\u0105 turi b\u016bti tos, kurios padeda suprasti evangelijas. Steb\u0117damas \u0161\u012f poreik\u012f savo parapijoje D\u017eonas \u010carlzas Railis paruo\u0161\u0117 Evangelij\u0173 apm\u0105stymus, kurie paplito po vis\u0105 pasaul\u012f ir daugiau kaip \u0161imtmet\u012f nepraranda populiarumo bei naudingumo. Ai\u0161k\u016bs ir taikl\u016bs Railio \u017eod\u017eiai yra did\u017eiulis post\u016bmis skaityti pa\u010di\u0105 Biblij\u0105. Nors pagrindinis autoriaus tikslas \u2013 pad\u0117ti skaitytojui pa\u017einti Krist\u0173, jis taip pat turi ir dar vien\u0105 tiksl\u0105. Jis ra\u0161o taip, kad \u0161iuos Evangelijos pagal Mork\u0173 komentarus b\u016bt\u0173 galima skaityti balsu \u017emoni\u0173 grupei. Skirtingai nuo daugelio kit\u0173 autori\u0173, jo mintys vienodai gerai suprantamos ir skaitant, ir klausantis. Evangelij\u0173 komentar\u0173 i\u0161leista daug ir kur kas i\u0161samesni\u0173, ta\u010diau jokie kiti taip neprikausto d\u0117mesio, kai yra skaitomi balsu \u0161eimos rate, kaimyn\u0173 susib\u016brime ar per radij\u0105, kaip para\u0161ytieji D\u017e. \u010c. Railio.<\/p>\n","protected":false},"featured_media":26467,"comment_status":"open","ping_status":"closed","template":"","meta":{"_acf_changed":false,"site-sidebar-layout":"default","site-content-layout":"","ast-site-content-layout":"default","site-content-style":"default","site-sidebar-style":"default","ast-global-header-display":"","ast-banner-title-visibility":"","ast-main-header-display":"","ast-hfb-above-header-display":"","ast-hfb-below-header-display":"","ast-hfb-mobile-header-display":"","site-post-title":"","ast-breadcrumbs-content":"","ast-featured-img":"","footer-sml-layout":"","ast-disable-related-posts":"","theme-transparent-header-meta":"","adv-header-id-meta":"","stick-header-meta":"","header-above-stick-meta":"","header-main-stick-meta":"","header-below-stick-meta":"","astra-migrate-meta-layouts":"default","ast-page-background-enabled":"default","ast-page-background-meta":{"desktop":{"background-color":"","background-image":"","background-repeat":"repeat","background-position":"center center","background-size":"auto","background-attachment":"scroll","background-type":"","background-media":"","overlay-type":"","overlay-color":"","overlay-opacity":"","overlay-gradient":""},"tablet":{"background-color":"","background-image":"","background-repeat":"repeat","background-position":"center center","background-size":"auto","background-attachment":"scroll","background-type":"","background-media":"","overlay-type":"","overlay-color":"","overlay-opacity":"","overlay-gradient":""},"mobile":{"background-color":"","background-image":"","background-repeat":"repeat","background-position":"center center","background-size":"auto","background-attachment":"scroll","background-type":"","background-media":"","overlay-type":"","overlay-color":"","overlay-opacity":"","overlay-gradient":""}},"ast-content-background-meta":{"desktop":{"background-color":"var(--ast-global-color-4)","background-image":"","background-repeat":"repeat","background-position":"center center","background-size":"auto","background-attachment":"scroll","background-type":"","background-media":"","overlay-type":"","overlay-color":"","overlay-opacity":"","overlay-gradient":""},"tablet":{"background-color":"var(--ast-global-color-4)","background-image":"","background-repeat":"repeat","background-position":"center center","background-size":"auto","background-attachment":"scroll","background-type":"","background-media":"","overlay-type":"","overlay-color":"","overlay-opacity":"","overlay-gradient":""},"mobile":{"background-color":"var(--ast-global-color-4)","background-image":"","background-repeat":"repeat","background-position":"center center","background-size":"auto","background-attachment":"scroll","background-type":"","background-media":"","overlay-type":"","overlay-color":"","overlay-opacity":"","overlay-gradient":""}}},"product_brand":[],"product_cat":[9753],"product_tag":[],"class_list":{"0":"post-26462","1":"product","2":"type-product","3":"status-publish","4":"has-post-thumbnail","6":"product_cat-religija","7":"desktop-align-left","8":"tablet-align-left","9":"mobile-align-left","11":"first","12":"instock","13":"shipping-taxable","14":"purchasable","15":"product-type-simple"},"acf":[],"yoast_head":"<!-- This site is optimized with the Yoast SEO plugin v27.4 - https:\/\/yoast.com\/product\/yoast-seo-wordpress\/ -->\n<title>Evangelijos pagal Mork\u0173 apm\u0105stymai<\/title>\n<meta name=\"description\" content=\"Jei geriausias b\u016bdas suprasti krik\u0161\u010dioni\u0161k\u0105 tik\u0117jim\u0105 yra skaityti evangelijas, tuomet kitos knygos pagal svarb\u0105 turi b\u016bti tos, kurios padeda suprasti\" \/>\n<meta name=\"robots\" content=\"index, follow, max-snippet:-1, max-image-preview:large, max-video-preview:-1\" \/>\n<link rel=\"canonical\" href=\"https:\/\/skaitytaknyga.lt\/en\/produktas\/evangelijos-pagal-morku-apmastymai\/\" \/>\n<meta property=\"og:locale\" content=\"en_GB\" \/>\n<meta property=\"og:locale:alternate\" content=\"lt_LT\" \/>\n<meta property=\"og:type\" content=\"article\" \/>\n<meta property=\"og:title\" content=\"Evangelijos pagal Mork\u0173 apm\u0105stymai\" \/>\n<meta property=\"og:description\" content=\"Jei geriausias b\u016bdas suprasti krik\u0161\u010dioni\u0161k\u0105 tik\u0117jim\u0105 yra skaityti evangelijas, tuomet kitos knygos pagal svarb\u0105 turi b\u016bti tos, kurios padeda suprasti\" \/>\n<meta property=\"og:url\" content=\"https:\/\/skaitytaknyga.lt\/en\/produktas\/evangelijos-pagal-morku-apmastymai\/\" \/>\n<meta property=\"og:site_name\" content=\"Skaitytaknyga\" \/>\n<meta property=\"article:publisher\" content=\"https:\/\/www.facebook.com\/skaitytaknyga\/\" \/>\n<meta property=\"article:modified_time\" content=\"2026-05-06T14:23:21+00:00\" \/>\n<meta property=\"og:image\" content=\"https:\/\/skaitytaknyga.lt\/wp-content\/uploads\/2026\/05\/Evangelijos-pagal-Morku-apmastymai.webp\" \/>\n\t<meta property=\"og:image:width\" content=\"420\" \/>\n\t<meta property=\"og:image:height\" content=\"594\" \/>\n\t<meta property=\"og:image:type\" content=\"image\/webp\" \/>\n<meta name=\"twitter:card\" content=\"summary_large_image\" \/>\n<meta name=\"twitter:label1\" content=\"Estimated reading time\" \/>\n\t<meta name=\"twitter:data1\" content=\"1 minute\" \/>\n<script type=\"application\/ld+json\" class=\"yoast-schema-graph\">{\"@context\":\"https:\\\/\\\/schema.org\",\"@graph\":[{\"@type\":\"WebPage\",\"@id\":\"https:\\\/\\\/skaitytaknyga.lt\\\/produktas\\\/evangelijos-pagal-morku-apmastymai\\\/\",\"url\":\"https:\\\/\\\/skaitytaknyga.lt\\\/produktas\\\/evangelijos-pagal-morku-apmastymai\\\/\",\"name\":\"Evangelijos pagal Mork\u0173 apm\u0105stymai\",\"isPartOf\":{\"@id\":\"https:\\\/\\\/skaitytaknyga.lt\\\/#website\"},\"primaryImageOfPage\":{\"@id\":\"https:\\\/\\\/skaitytaknyga.lt\\\/produktas\\\/evangelijos-pagal-morku-apmastymai\\\/#primaryimage\"},\"image\":{\"@id\":\"https:\\\/\\\/skaitytaknyga.lt\\\/produktas\\\/evangelijos-pagal-morku-apmastymai\\\/#primaryimage\"},\"thumbnailUrl\":\"https:\\\/\\\/skaitytaknyga.lt\\\/wp-content\\\/uploads\\\/2026\\\/05\\\/Evangelijos-pagal-Morku-apmastymai.webp\",\"datePublished\":\"2026-05-06T13:49:58+00:00\",\"dateModified\":\"2026-05-06T14:23:21+00:00\",\"description\":\"Jei geriausias b\u016bdas suprasti krik\u0161\u010dioni\u0161k\u0105 tik\u0117jim\u0105 yra skaityti evangelijas, tuomet kitos knygos pagal svarb\u0105 turi b\u016bti tos, kurios padeda suprasti\",\"breadcrumb\":{\"@id\":\"https:\\\/\\\/skaitytaknyga.lt\\\/produktas\\\/evangelijos-pagal-morku-apmastymai\\\/#breadcrumb\"},\"inLanguage\":\"en-GB\",\"potentialAction\":[{\"@type\":\"ReadAction\",\"target\":[\"https:\\\/\\\/skaitytaknyga.lt\\\/produktas\\\/evangelijos-pagal-morku-apmastymai\\\/\"]}]},{\"@type\":\"ImageObject\",\"inLanguage\":\"en-GB\",\"@id\":\"https:\\\/\\\/skaitytaknyga.lt\\\/produktas\\\/evangelijos-pagal-morku-apmastymai\\\/#primaryimage\",\"url\":\"https:\\\/\\\/skaitytaknyga.lt\\\/wp-content\\\/uploads\\\/2026\\\/05\\\/Evangelijos-pagal-Morku-apmastymai.webp\",\"contentUrl\":\"https:\\\/\\\/skaitytaknyga.lt\\\/wp-content\\\/uploads\\\/2026\\\/05\\\/Evangelijos-pagal-Morku-apmastymai.webp\",\"width\":420,\"height\":594,\"caption\":\"Evangelijos pagal Mork\u0173 apm\u0105stymai\"},{\"@type\":\"BreadcrumbList\",\"@id\":\"https:\\\/\\\/skaitytaknyga.lt\\\/produktas\\\/evangelijos-pagal-morku-apmastymai\\\/#breadcrumb\",\"itemListElement\":[{\"@type\":\"ListItem\",\"position\":1,\"name\":\"Home\",\"item\":\"https:\\\/\\\/skaitytaknyga.lt\\\/\"},{\"@type\":\"ListItem\",\"position\":2,\"name\":\"Parduotuv\u0117\",\"item\":\"https:\\\/\\\/skaitytaknyga.lt\\\/knygu-parduotuve\\\/\"},{\"@type\":\"ListItem\",\"position\":3,\"name\":\"Evangelijos pagal Mork\u0173 apm\u0105stymai\"}]},{\"@type\":\"WebSite\",\"@id\":\"https:\\\/\\\/skaitytaknyga.lt\\\/#website\",\"url\":\"https:\\\/\\\/skaitytaknyga.lt\\\/\",\"name\":\"skaitytaknyga.lt\",\"description\":\"Skaitytaknyga.lt \u2013 tai ma\u017eas \u0161eimos verslas, kuris prasid\u0117jo nuo meil\u0117s knygoms ir siekio i\u0161gelb\u0117ti knygas nuo likimo prie konteinerio. Kas vienam nereikalingas daiktas \u2013 kitam lobis, o mes esame tarpininkai, kurie padeda abiems tapti laimingesniems ???? \u017dinome kaip nelengva i\u0161gyventi ma\u017eiems verslams, tad nuo \u0161iol, \u010dia rasite ir kit\u0173, ma\u017e\u0173 \u0161eim\u0173 versl\u0173, rank\u0173 darbo, dovan\u0173 sau ir artimiesiems.\",\"publisher\":{\"@id\":\"https:\\\/\\\/skaitytaknyga.lt\\\/#organization\"},\"potentialAction\":[{\"@type\":\"SearchAction\",\"target\":{\"@type\":\"EntryPoint\",\"urlTemplate\":\"https:\\\/\\\/skaitytaknyga.lt\\\/?s={search_term_string}\"},\"query-input\":{\"@type\":\"PropertyValueSpecification\",\"valueRequired\":true,\"valueName\":\"search_term_string\"}}],\"inLanguage\":\"en-GB\"},{\"@type\":\"Organization\",\"@id\":\"https:\\\/\\\/skaitytaknyga.lt\\\/#organization\",\"name\":\"skaitytaknyga.lt\",\"url\":\"https:\\\/\\\/skaitytaknyga.lt\\\/\",\"logo\":{\"@type\":\"ImageObject\",\"inLanguage\":\"en-GB\",\"@id\":\"https:\\\/\\\/skaitytaknyga.lt\\\/#\\\/schema\\\/logo\\\/image\\\/\",\"url\":\"https:\\\/\\\/skaitytaknyga.lt\\\/wp-content\\\/uploads\\\/2024\\\/05\\\/cropped-cropped-cropped-02_00843_jt3bggkj1j3HLc7SyY6rEUpg.jpeg\",\"contentUrl\":\"https:\\\/\\\/skaitytaknyga.lt\\\/wp-content\\\/uploads\\\/2024\\\/05\\\/cropped-cropped-cropped-02_00843_jt3bggkj1j3HLc7SyY6rEUpg.jpeg\",\"width\":1600,\"height\":1600,\"caption\":\"skaitytaknyga.lt\"},\"image\":{\"@id\":\"https:\\\/\\\/skaitytaknyga.lt\\\/#\\\/schema\\\/logo\\\/image\\\/\"},\"sameAs\":[\"https:\\\/\\\/www.facebook.com\\\/skaitytaknyga\\\/\"]}]}<\/script>\n<!-- \/ Yoast SEO plugin. -->","yoast_head_json":{"title":"Evangelijos pagal Mork\u0173 apm\u0105stymai","description":"Jei geriausias b\u016bdas suprasti krik\u0161\u010dioni\u0161k\u0105 tik\u0117jim\u0105 yra skaityti evangelijas, tuomet kitos knygos pagal svarb\u0105 turi b\u016bti tos, kurios padeda suprasti","robots":{"index":"index","follow":"follow","max-snippet":"max-snippet:-1","max-image-preview":"max-image-preview:large","max-video-preview":"max-video-preview:-1"},"canonical":"https:\/\/skaitytaknyga.lt\/en\/produktas\/evangelijos-pagal-morku-apmastymai\/","og_locale":"en_GB","og_type":"article","og_title":"[:lt]Evangelijos pagal Mork\u0173 apm\u0105stymai[:] - Skaitytaknyga","og_description":"Jei geriausias b\u016bdas suprasti krik\u0161\u010dioni\u0161k\u0105 tik\u0117jim\u0105 yra skaityti evangelijas, tuomet kitos knygos pagal svarb\u0105 turi b\u016bti tos, kurios padeda suprasti","og_url":"https:\/\/skaitytaknyga.lt\/en\/produktas\/evangelijos-pagal-morku-apmastymai\/","og_site_name":"Skaitytaknyga","article_publisher":"https:\/\/www.facebook.com\/skaitytaknyga\/","article_modified_time":"2026-05-06T14:23:21+00:00","og_image":[{"width":420,"height":594,"url":"https:\/\/skaitytaknyga.lt\/wp-content\/uploads\/2026\/05\/Evangelijos-pagal-Morku-apmastymai.webp","type":"image\/webp"}],"twitter_card":"summary_large_image","twitter_misc":{"Estimated reading time":"1 minute"},"schema":{"@context":"https:\/\/schema.org","@graph":[{"@type":"WebPage","@id":"https:\/\/skaitytaknyga.lt\/produktas\/evangelijos-pagal-morku-apmastymai\/","url":"https:\/\/skaitytaknyga.lt\/produktas\/evangelijos-pagal-morku-apmastymai\/","name":"Evangelijos pagal Mork\u0173 apm\u0105stymai","isPartOf":{"@id":"https:\/\/skaitytaknyga.lt\/#website"},"primaryImageOfPage":{"@id":"https:\/\/skaitytaknyga.lt\/produktas\/evangelijos-pagal-morku-apmastymai\/#primaryimage"},"image":{"@id":"https:\/\/skaitytaknyga.lt\/produktas\/evangelijos-pagal-morku-apmastymai\/#primaryimage"},"thumbnailUrl":"https:\/\/skaitytaknyga.lt\/wp-content\/uploads\/2026\/05\/Evangelijos-pagal-Morku-apmastymai.webp","datePublished":"2026-05-06T13:49:58+00:00","dateModified":"2026-05-06T14:23:21+00:00","description":"Jei geriausias b\u016bdas suprasti krik\u0161\u010dioni\u0161k\u0105 tik\u0117jim\u0105 yra skaityti evangelijas, tuomet kitos knygos pagal svarb\u0105 turi b\u016bti tos, kurios padeda suprasti","breadcrumb":{"@id":"https:\/\/skaitytaknyga.lt\/produktas\/evangelijos-pagal-morku-apmastymai\/#breadcrumb"},"inLanguage":"en-GB","potentialAction":[{"@type":"ReadAction","target":["https:\/\/skaitytaknyga.lt\/produktas\/evangelijos-pagal-morku-apmastymai\/"]}]},{"@type":"ImageObject","inLanguage":"en-GB","@id":"https:\/\/skaitytaknyga.lt\/produktas\/evangelijos-pagal-morku-apmastymai\/#primaryimage","url":"https:\/\/skaitytaknyga.lt\/wp-content\/uploads\/2026\/05\/Evangelijos-pagal-Morku-apmastymai.webp","contentUrl":"https:\/\/skaitytaknyga.lt\/wp-content\/uploads\/2026\/05\/Evangelijos-pagal-Morku-apmastymai.webp","width":420,"height":594,"caption":"Evangelijos pagal Mork\u0173 apm\u0105stymai"},{"@type":"BreadcrumbList","@id":"https:\/\/skaitytaknyga.lt\/produktas\/evangelijos-pagal-morku-apmastymai\/#breadcrumb","itemListElement":[{"@type":"ListItem","position":1,"name":"Home","item":"https:\/\/skaitytaknyga.lt\/"},{"@type":"ListItem","position":2,"name":"Parduotuv\u0117","item":"https:\/\/skaitytaknyga.lt\/knygu-parduotuve\/"},{"@type":"ListItem","position":3,"name":"Evangelijos pagal Mork\u0173 apm\u0105stymai"}]},{"@type":"WebSite","@id":"https:\/\/skaitytaknyga.lt\/#website","url":"https:\/\/skaitytaknyga.lt\/","name":"skaitytaknyga.lt","description":"Skaitytaknyga.lt \u2013 tai ma\u017eas \u0161eimos verslas, kuris prasid\u0117jo nuo meil\u0117s knygoms ir siekio i\u0161gelb\u0117ti knygas nuo likimo prie konteinerio. Kas vienam nereikalingas daiktas \u2013 kitam lobis, o mes esame tarpininkai, kurie padeda abiems tapti laimingesniems ???? \u017dinome kaip nelengva i\u0161gyventi ma\u017eiems verslams, tad nuo \u0161iol, \u010dia rasite ir kit\u0173, ma\u017e\u0173 \u0161eim\u0173 versl\u0173, rank\u0173 darbo, dovan\u0173 sau ir artimiesiems.","publisher":{"@id":"https:\/\/skaitytaknyga.lt\/#organization"},"potentialAction":[{"@type":"SearchAction","target":{"@type":"EntryPoint","urlTemplate":"https:\/\/skaitytaknyga.lt\/?s={search_term_string}"},"query-input":{"@type":"PropertyValueSpecification","valueRequired":true,"valueName":"search_term_string"}}],"inLanguage":"en-GB"},{"@type":"Organization","@id":"https:\/\/skaitytaknyga.lt\/#organization","name":"skaitytaknyga.lt","url":"https:\/\/skaitytaknyga.lt\/","logo":{"@type":"ImageObject","inLanguage":"en-GB","@id":"https:\/\/skaitytaknyga.lt\/#\/schema\/logo\/image\/","url":"https:\/\/skaitytaknyga.lt\/wp-content\/uploads\/2024\/05\/cropped-cropped-cropped-02_00843_jt3bggkj1j3HLc7SyY6rEUpg.jpeg","contentUrl":"https:\/\/skaitytaknyga.lt\/wp-content\/uploads\/2024\/05\/cropped-cropped-cropped-02_00843_jt3bggkj1j3HLc7SyY6rEUpg.jpeg","width":1600,"height":1600,"caption":"skaitytaknyga.lt"},"image":{"@id":"https:\/\/skaitytaknyga.lt\/#\/schema\/logo\/image\/"},"sameAs":["https:\/\/www.facebook.com\/skaitytaknyga\/"]}]}},"_links":{"self":[{"href":"https:\/\/skaitytaknyga.lt\/en\/wp-json\/wp\/v2\/product\/26462","targetHints":{"allow":["GET"]}}],"collection":[{"href":"https:\/\/skaitytaknyga.lt\/en\/wp-json\/wp\/v2\/product"}],"about":[{"href":"https:\/\/skaitytaknyga.lt\/en\/wp-json\/wp\/v2\/types\/product"}],"replies":[{"embeddable":true,"href":"https:\/\/skaitytaknyga.lt\/en\/wp-json\/wp\/v2\/comments?post=26462"}],"wp:featuredmedia":[{"embeddable":true,"href":"https:\/\/skaitytaknyga.lt\/en\/wp-json\/wp\/v2\/media\/26467"}],"wp:attachment":[{"href":"https:\/\/skaitytaknyga.lt\/en\/wp-json\/wp\/v2\/media?parent=26462"}],"wp:term":[{"taxonomy":"product_brand","embeddable":true,"href":"https:\/\/skaitytaknyga.lt\/en\/wp-json\/wp\/v2\/product_brand?post=26462"},{"taxonomy":"product_cat","embeddable":true,"href":"https:\/\/skaitytaknyga.lt\/en\/wp-json\/wp\/v2\/product_cat?post=26462"},{"taxonomy":"product_tag","embeddable":true,"href":"https:\/\/skaitytaknyga.lt\/en\/wp-json\/wp\/v2\/product_tag?post=26462"}],"curies":[{"name":"wp","href":"https:\/\/api.w.org\/{rel}","templated":true}]}}