{"id":26461,"date":"2026-05-06T16:49:58","date_gmt":"2026-05-06T13:49:58","guid":{"rendered":"https:\/\/skaitytaknyga.lt\/?post_type=product&#038;p=26461"},"modified":"2026-05-06T17:23:21","modified_gmt":"2026-05-06T14:23:21","slug":"vilniaus-atminties-punktyrai-2","status":"publish","type":"product","link":"https:\/\/skaitytaknyga.lt\/en\/produktas\/vilniaus-atminties-punktyrai-2\/","title":{"rendered":"Vilniaus atminties punktyrai"},"content":{"rendered":"<p>\u201eKiek \u017emoni\u0173, tiek ir Vilni\u0173. Kiekvienas j\u012f i\u0161vaik\u0161tome, i\u0161brai\u017eome pagal savo gyvenimus. Viskas prasid\u0117jo nuo vieno i\u0161 sen\u0173j\u0173 vilnie\u010di\u0173, kuris tiesiog pri\u0117jo prie man\u0119s gatv\u0117je ir prad\u0117jo vaizd\u017eiai pasakoti apie vaikyst\u0117s kvapus ir gri\u016bnan\u010dius kaminus pokario Vilniuje. Tai buvo tarsi likimo pir\u0161tas \u2013 impulsas u\u017era\u0161yti sen\u0173j\u0173 vilnie\u010di\u0173 pasakojimus apie j\u0173 kasdienius vaikyst\u0117s, paauglyst\u0117s ir jaunyst\u0117s mar\u0161rutus. Kad \u0161iuolaikinis miesto gyventojas gal\u0117t\u0173 tyrin\u0117ti ir pajusti, jog miestas, gatv\u0117s, pastatai yra gyvi, kad tos pa\u010dios vietos skirtingiems \u017emon\u0117ms turi vis kit\u0105 reik\u0161m\u0119, ta\u010diau visus sieja nematomi laiko, vietos, istorijos ry\u0161iai.&#8221;<\/p>\n<p>Gabija Lunevi\u010di\u016bt\u0117<br \/>\n&#8230;&#8230;<br \/>\nBirut\u0117 Verkelyt\u0117-Fedaravi\u010dien\u0117, tuomet moksleiv\u0117, \u012f paskutinio poilsio viet\u0105 su minia lyd\u0117jo tautos patriarch\u0105 Jon\u0105 Basanavi\u010di\u0173. Jekaterina \u0160pilevskaja vis\u0105 gyvenim\u0105 liko i\u0161tikima \u017dv\u0117rynui, kuriame ir i\u0161vydo pasaul\u012f. Dainorai Juchnevi\u010di\u016btei-Vaivadienei \u012f atmint\u012f \u012fsir\u0117\u017e\u0117 laimingos vaikyst\u0117s dienos seneli\u0173 viloje Valakampiuose. Gra\u017einos Mareckait\u0117s prisiminimai \u2013 od\u0117 Ras\u0173 priemies\u010diui&#8230; Dvylikos knygos heroj\u0173 pasakojimuose atsiveria Vilnius, koks buvo anuomet, prie\u0161 \u0161e\u0161iasde\u0161imt ar devyniasde\u0161imt met\u0173.<\/p>\n<p>Knyga kvie\u010dia pasivaik\u0161\u010dioti sen\u0173j\u0173 vilnie\u010di\u0173 p\u0117domis \u2013 kiekvien\u0105 pasakojim\u0105 papildo gausiai archyvin\u0117mis ir dabartin\u0117mis nuotraukomis iliustruota informacija apie minimus pastatus, vietas, \u012fvykius bei to laikme\u010dio \u017eem\u0117lapiai.<\/p>\n","protected":false},"excerpt":{"rendered":"<p>\u201eKiek \u017emoni\u0173, tiek ir Vilni\u0173. Kiekvienas j\u012f i\u0161vaik\u0161tome, i\u0161brai\u017eome pagal savo gyvenimus. Viskas prasid\u0117jo nuo vieno i\u0161 sen\u0173j\u0173 vilnie\u010di\u0173, kuris tiesiog pri\u0117jo prie man\u0119s gatv\u0117je ir prad\u0117jo vaizd\u017eiai pasakoti apie vaikyst\u0117s kvapus ir gri\u016bnan\u010dius kaminus pokario Vilniuje. Tai buvo tarsi likimo pir\u0161tas \u2013 impulsas u\u017era\u0161yti sen\u0173j\u0173 vilnie\u010di\u0173 pasakojimus apie j\u0173 kasdienius vaikyst\u0117s, paauglyst\u0117s ir jaunyst\u0117s mar\u0161rutus. Kad \u0161iuolaikinis miesto gyventojas gal\u0117t\u0173 tyrin\u0117ti ir pajusti, jog miestas, gatv\u0117s, pastatai yra gyvi, kad tos pa\u010dios vietos skirtingiems \u017emon\u0117ms turi vis kit\u0105 reik\u0161m\u0119, ta\u010diau visus sieja nematomi laiko, vietos, istorijos ry\u0161iai.&#8221; Gabija Lunevi\u010di\u016bt\u0117 &#8230;&#8230; Birut\u0117 Verkelyt\u0117-Fedaravi\u010dien\u0117, tuomet moksleiv\u0117, \u012f paskutinio poilsio viet\u0105 su minia lyd\u0117jo tautos patriarch\u0105 Jon\u0105 Basanavi\u010di\u0173. Jekaterina \u0160pilevskaja vis\u0105 gyvenim\u0105 liko i\u0161tikima \u017dv\u0117rynui, kuriame ir i\u0161vydo pasaul\u012f. Dainorai Juchnevi\u010di\u016btei-Vaivadienei \u012f atmint\u012f \u012fsir\u0117\u017e\u0117 laimingos vaikyst\u0117s dienos seneli\u0173 viloje Valakampiuose. Gra\u017einos Mareckait\u0117s prisiminimai \u2013 od\u0117 Ras\u0173 priemies\u010diui&#8230; Dvylikos knygos heroj\u0173 pasakojimuose atsiveria Vilnius, koks buvo anuomet, prie\u0161 \u0161e\u0161iasde\u0161imt ar devyniasde\u0161imt met\u0173. Knyga kvie\u010dia pasivaik\u0161\u010dioti sen\u0173j\u0173 vilnie\u010di\u0173 p\u0117domis \u2013 kiekvien\u0105 pasakojim\u0105 papildo gausiai archyvin\u0117mis ir dabartin\u0117mis nuotraukomis iliustruota informacija apie minimus pastatus, vietas, \u012fvykius bei to laikme\u010dio \u017eem\u0117lapiai.<\/p>\n","protected":false},"featured_media":26466,"comment_status":"open","ping_status":"closed","template":"","meta":{"_acf_changed":false,"site-sidebar-layout":"default","site-content-layout":"","ast-site-content-layout":"default","site-content-style":"default","site-sidebar-style":"default","ast-global-header-display":"","ast-banner-title-visibility":"","ast-main-header-display":"","ast-hfb-above-header-display":"","ast-hfb-below-header-display":"","ast-hfb-mobile-header-display":"","site-post-title":"","ast-breadcrumbs-content":"","ast-featured-img":"","footer-sml-layout":"","ast-disable-related-posts":"","theme-transparent-header-meta":"","adv-header-id-meta":"","stick-header-meta":"","header-above-stick-meta":"","header-main-stick-meta":"","header-below-stick-meta":"","astra-migrate-meta-layouts":"default","ast-page-background-enabled":"default","ast-page-background-meta":{"desktop":{"background-color":"","background-image":"","background-repeat":"repeat","background-position":"center center","background-size":"auto","background-attachment":"scroll","background-type":"","background-media":"","overlay-type":"","overlay-color":"","overlay-opacity":"","overlay-gradient":""},"tablet":{"background-color":"","background-image":"","background-repeat":"repeat","background-position":"center center","background-size":"auto","background-attachment":"scroll","background-type":"","background-media":"","overlay-type":"","overlay-color":"","overlay-opacity":"","overlay-gradient":""},"mobile":{"background-color":"","background-image":"","background-repeat":"repeat","background-position":"center center","background-size":"auto","background-attachment":"scroll","background-type":"","background-media":"","overlay-type":"","overlay-color":"","overlay-opacity":"","overlay-gradient":""}},"ast-content-background-meta":{"desktop":{"background-color":"var(--ast-global-color-4)","background-image":"","background-repeat":"repeat","background-position":"center center","background-size":"auto","background-attachment":"scroll","background-type":"","background-media":"","overlay-type":"","overlay-color":"","overlay-opacity":"","overlay-gradient":""},"tablet":{"background-color":"var(--ast-global-color-4)","background-image":"","background-repeat":"repeat","background-position":"center center","background-size":"auto","background-attachment":"scroll","background-type":"","background-media":"","overlay-type":"","overlay-color":"","overlay-opacity":"","overlay-gradient":""},"mobile":{"background-color":"var(--ast-global-color-4)","background-image":"","background-repeat":"repeat","background-position":"center center","background-size":"auto","background-attachment":"scroll","background-type":"","background-media":"","overlay-type":"","overlay-color":"","overlay-opacity":"","overlay-gradient":""}}},"product_brand":[],"product_cat":[9862],"product_tag":[],"class_list":{"0":"post-26461","1":"product","2":"type-product","3":"status-publish","4":"has-post-thumbnail","6":"product_cat-lietuvos-istorija","7":"desktop-align-left","8":"tablet-align-left","9":"mobile-align-left","11":"first","12":"instock","13":"shipping-taxable","14":"purchasable","15":"product-type-simple"},"acf":[],"yoast_head":"<!-- This site is optimized with the Yoast SEO plugin v27.4 - https:\/\/yoast.com\/product\/yoast-seo-wordpress\/ -->\n<title>Vilniaus atminties punktyrai<\/title>\n<meta name=\"description\" content=\"\u201eKiek \u017emoni\u0173, tiek ir Vilni\u0173. Kiekvienas j\u012f i\u0161vaik\u0161tome, i\u0161brai\u017eome pagal savo gyvenimus. Viskas prasid\u0117jo nuo vieno i\u0161 sen\u0173j\u0173 vilnie\u010di\u0173, kuris tiesiog\" \/>\n<meta name=\"robots\" content=\"index, follow, max-snippet:-1, max-image-preview:large, max-video-preview:-1\" \/>\n<link rel=\"canonical\" href=\"https:\/\/skaitytaknyga.lt\/en\/produktas\/vilniaus-atminties-punktyrai-2\/\" \/>\n<meta property=\"og:locale\" content=\"en_GB\" \/>\n<meta property=\"og:locale:alternate\" content=\"lt_LT\" \/>\n<meta property=\"og:type\" content=\"article\" \/>\n<meta property=\"og:title\" content=\"Vilniaus atminties punktyrai\" \/>\n<meta property=\"og:description\" content=\"\u201eKiek \u017emoni\u0173, tiek ir Vilni\u0173. Kiekvienas j\u012f i\u0161vaik\u0161tome, i\u0161brai\u017eome pagal savo gyvenimus. Viskas prasid\u0117jo nuo vieno i\u0161 sen\u0173j\u0173 vilnie\u010di\u0173, kuris tiesiog\" \/>\n<meta property=\"og:url\" content=\"https:\/\/skaitytaknyga.lt\/en\/produktas\/vilniaus-atminties-punktyrai-2\/\" \/>\n<meta property=\"og:site_name\" content=\"Skaitytaknyga\" \/>\n<meta property=\"article:publisher\" content=\"https:\/\/www.facebook.com\/skaitytaknyga\/\" \/>\n<meta property=\"article:modified_time\" content=\"2026-05-06T14:23:21+00:00\" \/>\n<meta property=\"og:image\" content=\"https:\/\/skaitytaknyga.lt\/wp-content\/uploads\/2026\/05\/Vilniaus-atminties-punktyrai.webp\" \/>\n\t<meta property=\"og:image:width\" content=\"539\" \/>\n\t<meta property=\"og:image:height\" content=\"801\" \/>\n\t<meta property=\"og:image:type\" content=\"image\/webp\" \/>\n<meta name=\"twitter:card\" content=\"summary_large_image\" \/>\n<meta name=\"twitter:label1\" content=\"Estimated reading time\" \/>\n\t<meta name=\"twitter:data1\" content=\"1 minute\" \/>\n<script type=\"application\/ld+json\" class=\"yoast-schema-graph\">{\"@context\":\"https:\\\/\\\/schema.org\",\"@graph\":[{\"@type\":\"WebPage\",\"@id\":\"https:\\\/\\\/skaitytaknyga.lt\\\/produktas\\\/vilniaus-atminties-punktyrai-2\\\/\",\"url\":\"https:\\\/\\\/skaitytaknyga.lt\\\/produktas\\\/vilniaus-atminties-punktyrai-2\\\/\",\"name\":\"Vilniaus atminties punktyrai\",\"isPartOf\":{\"@id\":\"https:\\\/\\\/skaitytaknyga.lt\\\/#website\"},\"primaryImageOfPage\":{\"@id\":\"https:\\\/\\\/skaitytaknyga.lt\\\/produktas\\\/vilniaus-atminties-punktyrai-2\\\/#primaryimage\"},\"image\":{\"@id\":\"https:\\\/\\\/skaitytaknyga.lt\\\/produktas\\\/vilniaus-atminties-punktyrai-2\\\/#primaryimage\"},\"thumbnailUrl\":\"https:\\\/\\\/skaitytaknyga.lt\\\/wp-content\\\/uploads\\\/2026\\\/05\\\/Vilniaus-atminties-punktyrai.webp\",\"datePublished\":\"2026-05-06T13:49:58+00:00\",\"dateModified\":\"2026-05-06T14:23:21+00:00\",\"description\":\"\u201eKiek \u017emoni\u0173, tiek ir Vilni\u0173. Kiekvienas j\u012f i\u0161vaik\u0161tome, i\u0161brai\u017eome pagal savo gyvenimus. Viskas prasid\u0117jo nuo vieno i\u0161 sen\u0173j\u0173 vilnie\u010di\u0173, kuris tiesiog\",\"breadcrumb\":{\"@id\":\"https:\\\/\\\/skaitytaknyga.lt\\\/produktas\\\/vilniaus-atminties-punktyrai-2\\\/#breadcrumb\"},\"inLanguage\":\"en-GB\",\"potentialAction\":[{\"@type\":\"ReadAction\",\"target\":[\"https:\\\/\\\/skaitytaknyga.lt\\\/produktas\\\/vilniaus-atminties-punktyrai-2\\\/\"]}]},{\"@type\":\"ImageObject\",\"inLanguage\":\"en-GB\",\"@id\":\"https:\\\/\\\/skaitytaknyga.lt\\\/produktas\\\/vilniaus-atminties-punktyrai-2\\\/#primaryimage\",\"url\":\"https:\\\/\\\/skaitytaknyga.lt\\\/wp-content\\\/uploads\\\/2026\\\/05\\\/Vilniaus-atminties-punktyrai.webp\",\"contentUrl\":\"https:\\\/\\\/skaitytaknyga.lt\\\/wp-content\\\/uploads\\\/2026\\\/05\\\/Vilniaus-atminties-punktyrai.webp\",\"width\":539,\"height\":801,\"caption\":\"Vilniaus atminties punktyrai\"},{\"@type\":\"BreadcrumbList\",\"@id\":\"https:\\\/\\\/skaitytaknyga.lt\\\/produktas\\\/vilniaus-atminties-punktyrai-2\\\/#breadcrumb\",\"itemListElement\":[{\"@type\":\"ListItem\",\"position\":1,\"name\":\"Home\",\"item\":\"https:\\\/\\\/skaitytaknyga.lt\\\/\"},{\"@type\":\"ListItem\",\"position\":2,\"name\":\"Parduotuv\u0117\",\"item\":\"https:\\\/\\\/skaitytaknyga.lt\\\/knygu-parduotuve\\\/\"},{\"@type\":\"ListItem\",\"position\":3,\"name\":\"Vilniaus atminties punktyrai\"}]},{\"@type\":\"WebSite\",\"@id\":\"https:\\\/\\\/skaitytaknyga.lt\\\/#website\",\"url\":\"https:\\\/\\\/skaitytaknyga.lt\\\/\",\"name\":\"skaitytaknyga.lt\",\"description\":\"Skaitytaknyga.lt \u2013 tai ma\u017eas \u0161eimos verslas, kuris prasid\u0117jo nuo meil\u0117s knygoms ir siekio i\u0161gelb\u0117ti knygas nuo likimo prie konteinerio. Kas vienam nereikalingas daiktas \u2013 kitam lobis, o mes esame tarpininkai, kurie padeda abiems tapti laimingesniems ???? \u017dinome kaip nelengva i\u0161gyventi ma\u017eiems verslams, tad nuo \u0161iol, \u010dia rasite ir kit\u0173, ma\u017e\u0173 \u0161eim\u0173 versl\u0173, rank\u0173 darbo, dovan\u0173 sau ir artimiesiems.\",\"publisher\":{\"@id\":\"https:\\\/\\\/skaitytaknyga.lt\\\/#organization\"},\"potentialAction\":[{\"@type\":\"SearchAction\",\"target\":{\"@type\":\"EntryPoint\",\"urlTemplate\":\"https:\\\/\\\/skaitytaknyga.lt\\\/?s={search_term_string}\"},\"query-input\":{\"@type\":\"PropertyValueSpecification\",\"valueRequired\":true,\"valueName\":\"search_term_string\"}}],\"inLanguage\":\"en-GB\"},{\"@type\":\"Organization\",\"@id\":\"https:\\\/\\\/skaitytaknyga.lt\\\/#organization\",\"name\":\"skaitytaknyga.lt\",\"url\":\"https:\\\/\\\/skaitytaknyga.lt\\\/\",\"logo\":{\"@type\":\"ImageObject\",\"inLanguage\":\"en-GB\",\"@id\":\"https:\\\/\\\/skaitytaknyga.lt\\\/#\\\/schema\\\/logo\\\/image\\\/\",\"url\":\"https:\\\/\\\/skaitytaknyga.lt\\\/wp-content\\\/uploads\\\/2024\\\/05\\\/cropped-cropped-cropped-02_00843_jt3bggkj1j3HLc7SyY6rEUpg.jpeg\",\"contentUrl\":\"https:\\\/\\\/skaitytaknyga.lt\\\/wp-content\\\/uploads\\\/2024\\\/05\\\/cropped-cropped-cropped-02_00843_jt3bggkj1j3HLc7SyY6rEUpg.jpeg\",\"width\":1600,\"height\":1600,\"caption\":\"skaitytaknyga.lt\"},\"image\":{\"@id\":\"https:\\\/\\\/skaitytaknyga.lt\\\/#\\\/schema\\\/logo\\\/image\\\/\"},\"sameAs\":[\"https:\\\/\\\/www.facebook.com\\\/skaitytaknyga\\\/\"]}]}<\/script>\n<!-- \/ Yoast SEO plugin. -->","yoast_head_json":{"title":"Vilniaus atminties punktyrai","description":"\u201eKiek \u017emoni\u0173, tiek ir Vilni\u0173. Kiekvienas j\u012f i\u0161vaik\u0161tome, i\u0161brai\u017eome pagal savo gyvenimus. Viskas prasid\u0117jo nuo vieno i\u0161 sen\u0173j\u0173 vilnie\u010di\u0173, kuris tiesiog","robots":{"index":"index","follow":"follow","max-snippet":"max-snippet:-1","max-image-preview":"max-image-preview:large","max-video-preview":"max-video-preview:-1"},"canonical":"https:\/\/skaitytaknyga.lt\/en\/produktas\/vilniaus-atminties-punktyrai-2\/","og_locale":"en_GB","og_type":"article","og_title":"[:lt]Vilniaus atminties punktyrai[:] - Skaitytaknyga","og_description":"\u201eKiek \u017emoni\u0173, tiek ir Vilni\u0173. Kiekvienas j\u012f i\u0161vaik\u0161tome, i\u0161brai\u017eome pagal savo gyvenimus. Viskas prasid\u0117jo nuo vieno i\u0161 sen\u0173j\u0173 vilnie\u010di\u0173, kuris tiesiog","og_url":"https:\/\/skaitytaknyga.lt\/en\/produktas\/vilniaus-atminties-punktyrai-2\/","og_site_name":"Skaitytaknyga","article_publisher":"https:\/\/www.facebook.com\/skaitytaknyga\/","article_modified_time":"2026-05-06T14:23:21+00:00","og_image":[{"width":539,"height":801,"url":"https:\/\/skaitytaknyga.lt\/wp-content\/uploads\/2026\/05\/Vilniaus-atminties-punktyrai.webp","type":"image\/webp"}],"twitter_card":"summary_large_image","twitter_misc":{"Estimated reading time":"1 minute"},"schema":{"@context":"https:\/\/schema.org","@graph":[{"@type":"WebPage","@id":"https:\/\/skaitytaknyga.lt\/produktas\/vilniaus-atminties-punktyrai-2\/","url":"https:\/\/skaitytaknyga.lt\/produktas\/vilniaus-atminties-punktyrai-2\/","name":"Vilniaus atminties punktyrai","isPartOf":{"@id":"https:\/\/skaitytaknyga.lt\/#website"},"primaryImageOfPage":{"@id":"https:\/\/skaitytaknyga.lt\/produktas\/vilniaus-atminties-punktyrai-2\/#primaryimage"},"image":{"@id":"https:\/\/skaitytaknyga.lt\/produktas\/vilniaus-atminties-punktyrai-2\/#primaryimage"},"thumbnailUrl":"https:\/\/skaitytaknyga.lt\/wp-content\/uploads\/2026\/05\/Vilniaus-atminties-punktyrai.webp","datePublished":"2026-05-06T13:49:58+00:00","dateModified":"2026-05-06T14:23:21+00:00","description":"\u201eKiek \u017emoni\u0173, tiek ir Vilni\u0173. Kiekvienas j\u012f i\u0161vaik\u0161tome, i\u0161brai\u017eome pagal savo gyvenimus. Viskas prasid\u0117jo nuo vieno i\u0161 sen\u0173j\u0173 vilnie\u010di\u0173, kuris tiesiog","breadcrumb":{"@id":"https:\/\/skaitytaknyga.lt\/produktas\/vilniaus-atminties-punktyrai-2\/#breadcrumb"},"inLanguage":"en-GB","potentialAction":[{"@type":"ReadAction","target":["https:\/\/skaitytaknyga.lt\/produktas\/vilniaus-atminties-punktyrai-2\/"]}]},{"@type":"ImageObject","inLanguage":"en-GB","@id":"https:\/\/skaitytaknyga.lt\/produktas\/vilniaus-atminties-punktyrai-2\/#primaryimage","url":"https:\/\/skaitytaknyga.lt\/wp-content\/uploads\/2026\/05\/Vilniaus-atminties-punktyrai.webp","contentUrl":"https:\/\/skaitytaknyga.lt\/wp-content\/uploads\/2026\/05\/Vilniaus-atminties-punktyrai.webp","width":539,"height":801,"caption":"Vilniaus atminties punktyrai"},{"@type":"BreadcrumbList","@id":"https:\/\/skaitytaknyga.lt\/produktas\/vilniaus-atminties-punktyrai-2\/#breadcrumb","itemListElement":[{"@type":"ListItem","position":1,"name":"Home","item":"https:\/\/skaitytaknyga.lt\/"},{"@type":"ListItem","position":2,"name":"Parduotuv\u0117","item":"https:\/\/skaitytaknyga.lt\/knygu-parduotuve\/"},{"@type":"ListItem","position":3,"name":"Vilniaus atminties punktyrai"}]},{"@type":"WebSite","@id":"https:\/\/skaitytaknyga.lt\/#website","url":"https:\/\/skaitytaknyga.lt\/","name":"skaitytaknyga.lt","description":"Skaitytaknyga.lt \u2013 tai ma\u017eas \u0161eimos verslas, kuris prasid\u0117jo nuo meil\u0117s knygoms ir siekio i\u0161gelb\u0117ti knygas nuo likimo prie konteinerio. Kas vienam nereikalingas daiktas \u2013 kitam lobis, o mes esame tarpininkai, kurie padeda abiems tapti laimingesniems ???? \u017dinome kaip nelengva i\u0161gyventi ma\u017eiems verslams, tad nuo \u0161iol, \u010dia rasite ir kit\u0173, ma\u017e\u0173 \u0161eim\u0173 versl\u0173, rank\u0173 darbo, dovan\u0173 sau ir artimiesiems.","publisher":{"@id":"https:\/\/skaitytaknyga.lt\/#organization"},"potentialAction":[{"@type":"SearchAction","target":{"@type":"EntryPoint","urlTemplate":"https:\/\/skaitytaknyga.lt\/?s={search_term_string}"},"query-input":{"@type":"PropertyValueSpecification","valueRequired":true,"valueName":"search_term_string"}}],"inLanguage":"en-GB"},{"@type":"Organization","@id":"https:\/\/skaitytaknyga.lt\/#organization","name":"skaitytaknyga.lt","url":"https:\/\/skaitytaknyga.lt\/","logo":{"@type":"ImageObject","inLanguage":"en-GB","@id":"https:\/\/skaitytaknyga.lt\/#\/schema\/logo\/image\/","url":"https:\/\/skaitytaknyga.lt\/wp-content\/uploads\/2024\/05\/cropped-cropped-cropped-02_00843_jt3bggkj1j3HLc7SyY6rEUpg.jpeg","contentUrl":"https:\/\/skaitytaknyga.lt\/wp-content\/uploads\/2024\/05\/cropped-cropped-cropped-02_00843_jt3bggkj1j3HLc7SyY6rEUpg.jpeg","width":1600,"height":1600,"caption":"skaitytaknyga.lt"},"image":{"@id":"https:\/\/skaitytaknyga.lt\/#\/schema\/logo\/image\/"},"sameAs":["https:\/\/www.facebook.com\/skaitytaknyga\/"]}]}},"_links":{"self":[{"href":"https:\/\/skaitytaknyga.lt\/en\/wp-json\/wp\/v2\/product\/26461","targetHints":{"allow":["GET"]}}],"collection":[{"href":"https:\/\/skaitytaknyga.lt\/en\/wp-json\/wp\/v2\/product"}],"about":[{"href":"https:\/\/skaitytaknyga.lt\/en\/wp-json\/wp\/v2\/types\/product"}],"replies":[{"embeddable":true,"href":"https:\/\/skaitytaknyga.lt\/en\/wp-json\/wp\/v2\/comments?post=26461"}],"wp:featuredmedia":[{"embeddable":true,"href":"https:\/\/skaitytaknyga.lt\/en\/wp-json\/wp\/v2\/media\/26466"}],"wp:attachment":[{"href":"https:\/\/skaitytaknyga.lt\/en\/wp-json\/wp\/v2\/media?parent=26461"}],"wp:term":[{"taxonomy":"product_brand","embeddable":true,"href":"https:\/\/skaitytaknyga.lt\/en\/wp-json\/wp\/v2\/product_brand?post=26461"},{"taxonomy":"product_cat","embeddable":true,"href":"https:\/\/skaitytaknyga.lt\/en\/wp-json\/wp\/v2\/product_cat?post=26461"},{"taxonomy":"product_tag","embeddable":true,"href":"https:\/\/skaitytaknyga.lt\/en\/wp-json\/wp\/v2\/product_tag?post=26461"}],"curies":[{"name":"wp","href":"https:\/\/api.w.org\/{rel}","templated":true}]}}