{"id":26460,"date":"2026-05-06T16:49:58","date_gmt":"2026-05-06T13:49:58","guid":{"rendered":"https:\/\/skaitytaknyga.lt\/?post_type=product&#038;p=26460"},"modified":"2026-05-06T17:23:21","modified_gmt":"2026-05-06T14:23:21","slug":"uzrasai-is-rokantiskiu","status":"publish","type":"product","link":"https:\/\/skaitytaknyga.lt\/en\/produktas\/uzrasai-is-rokantiskiu\/","title":{"rendered":"U\u017era\u0161ai i\u0161 Rokanti\u0161ki\u0173"},"content":{"rendered":"<p>Kaip papasakoti vieno gyvenimo istorij\u0105? T\u0105, kurios prad\u017ei\u0105 gaubia paslaptis, t\u0105, kurioje netr\u016bko sukr\u0117tim\u0173, santvark\u0173 poky\u010di\u0173 ir nepamir\u0161tam\u0173 susitikim\u0173, lydim\u0173 nebl\u0117stan\u010dio noro kurti. Maestro Donato Katkaus gyvenimas \u2013 tarsi svarbiausi\u0173 daugiau nei pus\u0117s am\u017eiaus Lietuvos kult\u016bros ir istorijos \u012fvyki\u0173 peiza\u017eas. Valstybinio Vilniaus kvarteto ir \u0160v. Kristoforo kamerinio orkestro \u012fk\u016br\u0117jas, dirigentas, muzikologas ir tiesiog \u2013 puikus istorij\u0173 pasakotojas vienaip ar kitaip atsidurdavo ten, kur apie esminius istorinius poslinkius diskutuodavo intelektualai, vir\u0117 intrigos, gim\u0117 k\u016briniai, keit\u0119 ir formav\u0119 istorij\u0105, b\u016br\u0117si draugijos, o muzika \u012f dang\u0173 kilo oro balionais. Tod\u0117l visai nenuostabu, kad Donato Katkaus gyvenime netr\u016bko susitikim\u0173 su daugybe nepaprast\u0173 \u017emoni\u0173, kuri\u0173 portretai \u0161alia paties maestro pasakojimo apie svarbiausius jo gyvenimo epizodus, charaktering\u0173 jo vis\u0105 gyvenim\u0105 ra\u0161yto dienora\u0161\u010dio i\u0161trauk\u0173 ir nugul\u0117 \u012f \u0161i\u0105 atsiminim\u0173 knyg\u0105. Kuo ji ypatinga? Maestro apie save ir sutiktuosius \u010dia pasakoja pats \u2013 pla\u010diai, atvirai ir be u\u017euolank\u0173.<\/p>\n<p>Donatas Katkus \u2013 altininkas, dirigentas, muzikologas, Lietuvos muzikos ir teatro akademijos profesorius, charizmati\u0161kas muzikin\u0117s kult\u016bros komentatorius, Valstybinio Vilniaus kvarteto ir \u0160v. Kristoforo kamerinio orkestro \u012fk\u016br\u0117jas, Kristupo vasaros festivalio iniciatorius, knyg\u0173 ir daugyb\u0117s kritikos straipsni\u0173 autorius. Energijos ir puikaus humoro jausmo nestokojantis a\u0161traus \u017eod\u017eio meistras, vis\u0105 gyvenim\u0105 paskyr\u0119s muzikai ir kult\u016brai, iki \u0161iol yra vienas \u012ftakingiausi\u0173 m\u016bs\u0173 kult\u016bros bals\u0173, apie tai, kas svarbiausia, kalbantis patraukliai, dr\u0105siai ir i\u0161 esm\u0117s.<\/p>\n","protected":false},"excerpt":{"rendered":"<p>Kaip papasakoti vieno gyvenimo istorij\u0105? T\u0105, kurios prad\u017ei\u0105 gaubia paslaptis, t\u0105, kurioje netr\u016bko sukr\u0117tim\u0173, santvark\u0173 poky\u010di\u0173 ir nepamir\u0161tam\u0173 susitikim\u0173, lydim\u0173 nebl\u0117stan\u010dio noro kurti. Maestro Donato Katkaus gyvenimas \u2013 tarsi svarbiausi\u0173 daugiau nei pus\u0117s am\u017eiaus Lietuvos kult\u016bros ir istorijos \u012fvyki\u0173 peiza\u017eas. Valstybinio Vilniaus kvarteto ir \u0160v. Kristoforo kamerinio orkestro \u012fk\u016br\u0117jas, dirigentas, muzikologas ir tiesiog \u2013 puikus istorij\u0173 pasakotojas vienaip ar kitaip atsidurdavo ten, kur apie esminius istorinius poslinkius diskutuodavo intelektualai, vir\u0117 intrigos, gim\u0117 k\u016briniai, keit\u0119 ir formav\u0119 istorij\u0105, b\u016br\u0117si draugijos, o muzika \u012f dang\u0173 kilo oro balionais. Tod\u0117l visai nenuostabu, kad Donato Katkaus gyvenime netr\u016bko susitikim\u0173 su daugybe nepaprast\u0173 \u017emoni\u0173, kuri\u0173 portretai \u0161alia paties maestro pasakojimo apie svarbiausius jo gyvenimo epizodus, charaktering\u0173 jo vis\u0105 gyvenim\u0105 ra\u0161yto dienora\u0161\u010dio i\u0161trauk\u0173 ir nugul\u0117 \u012f \u0161i\u0105 atsiminim\u0173 knyg\u0105. Kuo ji ypatinga? Maestro apie save ir sutiktuosius \u010dia pasakoja pats \u2013 pla\u010diai, atvirai ir be u\u017euolank\u0173. Donatas Katkus \u2013 altininkas, dirigentas, muzikologas, Lietuvos muzikos ir teatro akademijos profesorius, charizmati\u0161kas muzikin\u0117s kult\u016bros komentatorius, Valstybinio Vilniaus kvarteto ir \u0160v. Kristoforo kamerinio orkestro \u012fk\u016br\u0117jas, Kristupo vasaros festivalio iniciatorius, knyg\u0173 ir daugyb\u0117s kritikos straipsni\u0173 autorius. Energijos ir puikaus humoro jausmo nestokojantis a\u0161traus \u017eod\u017eio meistras, vis\u0105 gyvenim\u0105 paskyr\u0119s muzikai ir kult\u016brai, iki \u0161iol yra vienas \u012ftakingiausi\u0173 m\u016bs\u0173 kult\u016bros bals\u0173, apie tai, kas svarbiausia, kalbantis patraukliai, dr\u0105siai ir i\u0161 esm\u0117s.<\/p>\n","protected":false},"featured_media":26465,"comment_status":"open","ping_status":"closed","template":"","meta":{"_acf_changed":false,"site-sidebar-layout":"default","site-content-layout":"","ast-site-content-layout":"default","site-content-style":"default","site-sidebar-style":"default","ast-global-header-display":"","ast-banner-title-visibility":"","ast-main-header-display":"","ast-hfb-above-header-display":"","ast-hfb-below-header-display":"","ast-hfb-mobile-header-display":"","site-post-title":"","ast-breadcrumbs-content":"","ast-featured-img":"","footer-sml-layout":"","ast-disable-related-posts":"","theme-transparent-header-meta":"","adv-header-id-meta":"","stick-header-meta":"","header-above-stick-meta":"","header-main-stick-meta":"","header-below-stick-meta":"","astra-migrate-meta-layouts":"default","ast-page-background-enabled":"default","ast-page-background-meta":{"desktop":{"background-color":"","background-image":"","background-repeat":"repeat","background-position":"center center","background-size":"auto","background-attachment":"scroll","background-type":"","background-media":"","overlay-type":"","overlay-color":"","overlay-opacity":"","overlay-gradient":""},"tablet":{"background-color":"","background-image":"","background-repeat":"repeat","background-position":"center center","background-size":"auto","background-attachment":"scroll","background-type":"","background-media":"","overlay-type":"","overlay-color":"","overlay-opacity":"","overlay-gradient":""},"mobile":{"background-color":"","background-image":"","background-repeat":"repeat","background-position":"center center","background-size":"auto","background-attachment":"scroll","background-type":"","background-media":"","overlay-type":"","overlay-color":"","overlay-opacity":"","overlay-gradient":""}},"ast-content-background-meta":{"desktop":{"background-color":"var(--ast-global-color-4)","background-image":"","background-repeat":"repeat","background-position":"center center","background-size":"auto","background-attachment":"scroll","background-type":"","background-media":"","overlay-type":"","overlay-color":"","overlay-opacity":"","overlay-gradient":""},"tablet":{"background-color":"var(--ast-global-color-4)","background-image":"","background-repeat":"repeat","background-position":"center center","background-size":"auto","background-attachment":"scroll","background-type":"","background-media":"","overlay-type":"","overlay-color":"","overlay-opacity":"","overlay-gradient":""},"mobile":{"background-color":"var(--ast-global-color-4)","background-image":"","background-repeat":"repeat","background-position":"center center","background-size":"auto","background-attachment":"scroll","background-type":"","background-media":"","overlay-type":"","overlay-color":"","overlay-opacity":"","overlay-gradient":""}}},"product_brand":[],"product_cat":[33],"product_tag":[],"class_list":{"0":"post-26460","1":"product","2":"type-product","3":"status-publish","4":"has-post-thumbnail","6":"product_cat-biografijos","7":"desktop-align-left","8":"tablet-align-left","9":"mobile-align-left","11":"first","12":"instock","13":"shipping-taxable","14":"purchasable","15":"product-type-simple"},"acf":[],"yoast_head":"<!-- This site is optimized with the Yoast SEO plugin v27.4 - https:\/\/yoast.com\/product\/yoast-seo-wordpress\/ -->\n<title>U\u017era\u0161ai i\u0161 Rokanti\u0161ki\u0173<\/title>\n<meta name=\"description\" content=\"Kaip papasakoti vieno gyvenimo istorij\u0105? T\u0105, kurios prad\u017ei\u0105 gaubia paslaptis, t\u0105, kurioje netr\u016bko sukr\u0117tim\u0173, santvark\u0173 poky\u010di\u0173 ir nepamir\u0161tam\u0173 susitikim\u0173,\" \/>\n<meta name=\"robots\" content=\"index, follow, max-snippet:-1, max-image-preview:large, max-video-preview:-1\" \/>\n<link rel=\"canonical\" href=\"https:\/\/skaitytaknyga.lt\/en\/produktas\/uzrasai-is-rokantiskiu\/\" \/>\n<meta property=\"og:locale\" content=\"en_GB\" \/>\n<meta property=\"og:locale:alternate\" content=\"lt_LT\" \/>\n<meta property=\"og:type\" content=\"article\" \/>\n<meta property=\"og:title\" content=\"U\u017era\u0161ai i\u0161 Rokanti\u0161ki\u0173\" \/>\n<meta property=\"og:description\" content=\"Kaip papasakoti vieno gyvenimo istorij\u0105? T\u0105, kurios prad\u017ei\u0105 gaubia paslaptis, t\u0105, kurioje netr\u016bko sukr\u0117tim\u0173, santvark\u0173 poky\u010di\u0173 ir nepamir\u0161tam\u0173 susitikim\u0173,\" \/>\n<meta property=\"og:url\" content=\"https:\/\/skaitytaknyga.lt\/en\/produktas\/uzrasai-is-rokantiskiu\/\" \/>\n<meta property=\"og:site_name\" content=\"Skaitytaknyga\" \/>\n<meta property=\"article:publisher\" content=\"https:\/\/www.facebook.com\/skaitytaknyga\/\" \/>\n<meta property=\"article:modified_time\" content=\"2026-05-06T14:23:21+00:00\" \/>\n<meta property=\"og:image\" content=\"https:\/\/skaitytaknyga.lt\/wp-content\/uploads\/2026\/05\/Uzrasai-is-Rokantiskiu.webp\" \/>\n\t<meta property=\"og:image:width\" content=\"480\" \/>\n\t<meta property=\"og:image:height\" content=\"720\" \/>\n\t<meta property=\"og:image:type\" content=\"image\/webp\" \/>\n<meta name=\"twitter:card\" content=\"summary_large_image\" \/>\n<meta name=\"twitter:label1\" content=\"Estimated reading time\" \/>\n\t<meta name=\"twitter:data1\" content=\"1 minute\" \/>\n<script type=\"application\/ld+json\" class=\"yoast-schema-graph\">{\"@context\":\"https:\\\/\\\/schema.org\",\"@graph\":[{\"@type\":\"WebPage\",\"@id\":\"https:\\\/\\\/skaitytaknyga.lt\\\/produktas\\\/uzrasai-is-rokantiskiu\\\/\",\"url\":\"https:\\\/\\\/skaitytaknyga.lt\\\/produktas\\\/uzrasai-is-rokantiskiu\\\/\",\"name\":\"U\u017era\u0161ai i\u0161 Rokanti\u0161ki\u0173\",\"isPartOf\":{\"@id\":\"https:\\\/\\\/skaitytaknyga.lt\\\/#website\"},\"primaryImageOfPage\":{\"@id\":\"https:\\\/\\\/skaitytaknyga.lt\\\/produktas\\\/uzrasai-is-rokantiskiu\\\/#primaryimage\"},\"image\":{\"@id\":\"https:\\\/\\\/skaitytaknyga.lt\\\/produktas\\\/uzrasai-is-rokantiskiu\\\/#primaryimage\"},\"thumbnailUrl\":\"https:\\\/\\\/skaitytaknyga.lt\\\/wp-content\\\/uploads\\\/2026\\\/05\\\/Uzrasai-is-Rokantiskiu.webp\",\"datePublished\":\"2026-05-06T13:49:58+00:00\",\"dateModified\":\"2026-05-06T14:23:21+00:00\",\"description\":\"Kaip papasakoti vieno gyvenimo istorij\u0105? T\u0105, kurios prad\u017ei\u0105 gaubia paslaptis, t\u0105, kurioje netr\u016bko sukr\u0117tim\u0173, santvark\u0173 poky\u010di\u0173 ir nepamir\u0161tam\u0173 susitikim\u0173,\",\"breadcrumb\":{\"@id\":\"https:\\\/\\\/skaitytaknyga.lt\\\/produktas\\\/uzrasai-is-rokantiskiu\\\/#breadcrumb\"},\"inLanguage\":\"en-GB\",\"potentialAction\":[{\"@type\":\"ReadAction\",\"target\":[\"https:\\\/\\\/skaitytaknyga.lt\\\/produktas\\\/uzrasai-is-rokantiskiu\\\/\"]}]},{\"@type\":\"ImageObject\",\"inLanguage\":\"en-GB\",\"@id\":\"https:\\\/\\\/skaitytaknyga.lt\\\/produktas\\\/uzrasai-is-rokantiskiu\\\/#primaryimage\",\"url\":\"https:\\\/\\\/skaitytaknyga.lt\\\/wp-content\\\/uploads\\\/2026\\\/05\\\/Uzrasai-is-Rokantiskiu.webp\",\"contentUrl\":\"https:\\\/\\\/skaitytaknyga.lt\\\/wp-content\\\/uploads\\\/2026\\\/05\\\/Uzrasai-is-Rokantiskiu.webp\",\"width\":480,\"height\":720,\"caption\":\"U\u017era\u0161ai i\u0161 Rokanti\u0161ki\u0173\"},{\"@type\":\"BreadcrumbList\",\"@id\":\"https:\\\/\\\/skaitytaknyga.lt\\\/produktas\\\/uzrasai-is-rokantiskiu\\\/#breadcrumb\",\"itemListElement\":[{\"@type\":\"ListItem\",\"position\":1,\"name\":\"Home\",\"item\":\"https:\\\/\\\/skaitytaknyga.lt\\\/\"},{\"@type\":\"ListItem\",\"position\":2,\"name\":\"Parduotuv\u0117\",\"item\":\"https:\\\/\\\/skaitytaknyga.lt\\\/knygu-parduotuve\\\/\"},{\"@type\":\"ListItem\",\"position\":3,\"name\":\"U\u017era\u0161ai i\u0161 Rokanti\u0161ki\u0173\"}]},{\"@type\":\"WebSite\",\"@id\":\"https:\\\/\\\/skaitytaknyga.lt\\\/#website\",\"url\":\"https:\\\/\\\/skaitytaknyga.lt\\\/\",\"name\":\"skaitytaknyga.lt\",\"description\":\"Skaitytaknyga.lt \u2013 tai ma\u017eas \u0161eimos verslas, kuris prasid\u0117jo nuo meil\u0117s knygoms ir siekio i\u0161gelb\u0117ti knygas nuo likimo prie konteinerio. Kas vienam nereikalingas daiktas \u2013 kitam lobis, o mes esame tarpininkai, kurie padeda abiems tapti laimingesniems ???? \u017dinome kaip nelengva i\u0161gyventi ma\u017eiems verslams, tad nuo \u0161iol, \u010dia rasite ir kit\u0173, ma\u017e\u0173 \u0161eim\u0173 versl\u0173, rank\u0173 darbo, dovan\u0173 sau ir artimiesiems.\",\"publisher\":{\"@id\":\"https:\\\/\\\/skaitytaknyga.lt\\\/#organization\"},\"potentialAction\":[{\"@type\":\"SearchAction\",\"target\":{\"@type\":\"EntryPoint\",\"urlTemplate\":\"https:\\\/\\\/skaitytaknyga.lt\\\/?s={search_term_string}\"},\"query-input\":{\"@type\":\"PropertyValueSpecification\",\"valueRequired\":true,\"valueName\":\"search_term_string\"}}],\"inLanguage\":\"en-GB\"},{\"@type\":\"Organization\",\"@id\":\"https:\\\/\\\/skaitytaknyga.lt\\\/#organization\",\"name\":\"skaitytaknyga.lt\",\"url\":\"https:\\\/\\\/skaitytaknyga.lt\\\/\",\"logo\":{\"@type\":\"ImageObject\",\"inLanguage\":\"en-GB\",\"@id\":\"https:\\\/\\\/skaitytaknyga.lt\\\/#\\\/schema\\\/logo\\\/image\\\/\",\"url\":\"https:\\\/\\\/skaitytaknyga.lt\\\/wp-content\\\/uploads\\\/2024\\\/05\\\/cropped-cropped-cropped-02_00843_jt3bggkj1j3HLc7SyY6rEUpg.jpeg\",\"contentUrl\":\"https:\\\/\\\/skaitytaknyga.lt\\\/wp-content\\\/uploads\\\/2024\\\/05\\\/cropped-cropped-cropped-02_00843_jt3bggkj1j3HLc7SyY6rEUpg.jpeg\",\"width\":1600,\"height\":1600,\"caption\":\"skaitytaknyga.lt\"},\"image\":{\"@id\":\"https:\\\/\\\/skaitytaknyga.lt\\\/#\\\/schema\\\/logo\\\/image\\\/\"},\"sameAs\":[\"https:\\\/\\\/www.facebook.com\\\/skaitytaknyga\\\/\"]}]}<\/script>\n<!-- \/ Yoast SEO plugin. -->","yoast_head_json":{"title":"U\u017era\u0161ai i\u0161 Rokanti\u0161ki\u0173","description":"Kaip papasakoti vieno gyvenimo istorij\u0105? T\u0105, kurios prad\u017ei\u0105 gaubia paslaptis, t\u0105, kurioje netr\u016bko sukr\u0117tim\u0173, santvark\u0173 poky\u010di\u0173 ir nepamir\u0161tam\u0173 susitikim\u0173,","robots":{"index":"index","follow":"follow","max-snippet":"max-snippet:-1","max-image-preview":"max-image-preview:large","max-video-preview":"max-video-preview:-1"},"canonical":"https:\/\/skaitytaknyga.lt\/en\/produktas\/uzrasai-is-rokantiskiu\/","og_locale":"en_GB","og_type":"article","og_title":"[:lt]U\u017era\u0161ai i\u0161 Rokanti\u0161ki\u0173[:] - Skaitytaknyga","og_description":"Kaip papasakoti vieno gyvenimo istorij\u0105? T\u0105, kurios prad\u017ei\u0105 gaubia paslaptis, t\u0105, kurioje netr\u016bko sukr\u0117tim\u0173, santvark\u0173 poky\u010di\u0173 ir nepamir\u0161tam\u0173 susitikim\u0173,","og_url":"https:\/\/skaitytaknyga.lt\/en\/produktas\/uzrasai-is-rokantiskiu\/","og_site_name":"Skaitytaknyga","article_publisher":"https:\/\/www.facebook.com\/skaitytaknyga\/","article_modified_time":"2026-05-06T14:23:21+00:00","og_image":[{"width":480,"height":720,"url":"https:\/\/skaitytaknyga.lt\/wp-content\/uploads\/2026\/05\/Uzrasai-is-Rokantiskiu.webp","type":"image\/webp"}],"twitter_card":"summary_large_image","twitter_misc":{"Estimated reading time":"1 minute"},"schema":{"@context":"https:\/\/schema.org","@graph":[{"@type":"WebPage","@id":"https:\/\/skaitytaknyga.lt\/produktas\/uzrasai-is-rokantiskiu\/","url":"https:\/\/skaitytaknyga.lt\/produktas\/uzrasai-is-rokantiskiu\/","name":"U\u017era\u0161ai i\u0161 Rokanti\u0161ki\u0173","isPartOf":{"@id":"https:\/\/skaitytaknyga.lt\/#website"},"primaryImageOfPage":{"@id":"https:\/\/skaitytaknyga.lt\/produktas\/uzrasai-is-rokantiskiu\/#primaryimage"},"image":{"@id":"https:\/\/skaitytaknyga.lt\/produktas\/uzrasai-is-rokantiskiu\/#primaryimage"},"thumbnailUrl":"https:\/\/skaitytaknyga.lt\/wp-content\/uploads\/2026\/05\/Uzrasai-is-Rokantiskiu.webp","datePublished":"2026-05-06T13:49:58+00:00","dateModified":"2026-05-06T14:23:21+00:00","description":"Kaip papasakoti vieno gyvenimo istorij\u0105? T\u0105, kurios prad\u017ei\u0105 gaubia paslaptis, t\u0105, kurioje netr\u016bko sukr\u0117tim\u0173, santvark\u0173 poky\u010di\u0173 ir nepamir\u0161tam\u0173 susitikim\u0173,","breadcrumb":{"@id":"https:\/\/skaitytaknyga.lt\/produktas\/uzrasai-is-rokantiskiu\/#breadcrumb"},"inLanguage":"en-GB","potentialAction":[{"@type":"ReadAction","target":["https:\/\/skaitytaknyga.lt\/produktas\/uzrasai-is-rokantiskiu\/"]}]},{"@type":"ImageObject","inLanguage":"en-GB","@id":"https:\/\/skaitytaknyga.lt\/produktas\/uzrasai-is-rokantiskiu\/#primaryimage","url":"https:\/\/skaitytaknyga.lt\/wp-content\/uploads\/2026\/05\/Uzrasai-is-Rokantiskiu.webp","contentUrl":"https:\/\/skaitytaknyga.lt\/wp-content\/uploads\/2026\/05\/Uzrasai-is-Rokantiskiu.webp","width":480,"height":720,"caption":"U\u017era\u0161ai i\u0161 Rokanti\u0161ki\u0173"},{"@type":"BreadcrumbList","@id":"https:\/\/skaitytaknyga.lt\/produktas\/uzrasai-is-rokantiskiu\/#breadcrumb","itemListElement":[{"@type":"ListItem","position":1,"name":"Home","item":"https:\/\/skaitytaknyga.lt\/"},{"@type":"ListItem","position":2,"name":"Parduotuv\u0117","item":"https:\/\/skaitytaknyga.lt\/knygu-parduotuve\/"},{"@type":"ListItem","position":3,"name":"U\u017era\u0161ai i\u0161 Rokanti\u0161ki\u0173"}]},{"@type":"WebSite","@id":"https:\/\/skaitytaknyga.lt\/#website","url":"https:\/\/skaitytaknyga.lt\/","name":"skaitytaknyga.lt","description":"Skaitytaknyga.lt \u2013 tai ma\u017eas \u0161eimos verslas, kuris prasid\u0117jo nuo meil\u0117s knygoms ir siekio i\u0161gelb\u0117ti knygas nuo likimo prie konteinerio. Kas vienam nereikalingas daiktas \u2013 kitam lobis, o mes esame tarpininkai, kurie padeda abiems tapti laimingesniems ???? \u017dinome kaip nelengva i\u0161gyventi ma\u017eiems verslams, tad nuo \u0161iol, \u010dia rasite ir kit\u0173, ma\u017e\u0173 \u0161eim\u0173 versl\u0173, rank\u0173 darbo, dovan\u0173 sau ir artimiesiems.","publisher":{"@id":"https:\/\/skaitytaknyga.lt\/#organization"},"potentialAction":[{"@type":"SearchAction","target":{"@type":"EntryPoint","urlTemplate":"https:\/\/skaitytaknyga.lt\/?s={search_term_string}"},"query-input":{"@type":"PropertyValueSpecification","valueRequired":true,"valueName":"search_term_string"}}],"inLanguage":"en-GB"},{"@type":"Organization","@id":"https:\/\/skaitytaknyga.lt\/#organization","name":"skaitytaknyga.lt","url":"https:\/\/skaitytaknyga.lt\/","logo":{"@type":"ImageObject","inLanguage":"en-GB","@id":"https:\/\/skaitytaknyga.lt\/#\/schema\/logo\/image\/","url":"https:\/\/skaitytaknyga.lt\/wp-content\/uploads\/2024\/05\/cropped-cropped-cropped-02_00843_jt3bggkj1j3HLc7SyY6rEUpg.jpeg","contentUrl":"https:\/\/skaitytaknyga.lt\/wp-content\/uploads\/2024\/05\/cropped-cropped-cropped-02_00843_jt3bggkj1j3HLc7SyY6rEUpg.jpeg","width":1600,"height":1600,"caption":"skaitytaknyga.lt"},"image":{"@id":"https:\/\/skaitytaknyga.lt\/#\/schema\/logo\/image\/"},"sameAs":["https:\/\/www.facebook.com\/skaitytaknyga\/"]}]}},"_links":{"self":[{"href":"https:\/\/skaitytaknyga.lt\/en\/wp-json\/wp\/v2\/product\/26460","targetHints":{"allow":["GET"]}}],"collection":[{"href":"https:\/\/skaitytaknyga.lt\/en\/wp-json\/wp\/v2\/product"}],"about":[{"href":"https:\/\/skaitytaknyga.lt\/en\/wp-json\/wp\/v2\/types\/product"}],"replies":[{"embeddable":true,"href":"https:\/\/skaitytaknyga.lt\/en\/wp-json\/wp\/v2\/comments?post=26460"}],"wp:featuredmedia":[{"embeddable":true,"href":"https:\/\/skaitytaknyga.lt\/en\/wp-json\/wp\/v2\/media\/26465"}],"wp:attachment":[{"href":"https:\/\/skaitytaknyga.lt\/en\/wp-json\/wp\/v2\/media?parent=26460"}],"wp:term":[{"taxonomy":"product_brand","embeddable":true,"href":"https:\/\/skaitytaknyga.lt\/en\/wp-json\/wp\/v2\/product_brand?post=26460"},{"taxonomy":"product_cat","embeddable":true,"href":"https:\/\/skaitytaknyga.lt\/en\/wp-json\/wp\/v2\/product_cat?post=26460"},{"taxonomy":"product_tag","embeddable":true,"href":"https:\/\/skaitytaknyga.lt\/en\/wp-json\/wp\/v2\/product_tag?post=26460"}],"curies":[{"name":"wp","href":"https:\/\/api.w.org\/{rel}","templated":true}]}}