{"id":26449,"date":"2026-05-05T20:35:57","date_gmt":"2026-05-05T17:35:57","guid":{"rendered":"https:\/\/skaitytaknyga.lt\/?post_type=product&#038;p=26449"},"modified":"2026-05-06T17:23:21","modified_gmt":"2026-05-06T14:23:21","slug":"nepazistamasis-kelyje-i-emausa","status":"publish","type":"product","link":"https:\/\/skaitytaknyga.lt\/en\/produktas\/nepazistamasis-kelyje-i-emausa\/","title":{"rendered":"Nepa\u017e\u012fstamasis kelyje \u012f Emaus\u0105"},"content":{"rendered":"<p>Ji vadinta \u201cneteisingiausiai suprasta knyga istorijoje\u201d.<\/p>\n<p>Jos vardu buvo kariaujami kartai, ji sukeldavo skandalus, jos \u017eod\u017eiu buvo kuriama ir perkuriama politika. Teologai j\u0105 ir gyn\u0117, ir pl\u016bdo. Skeptikai \u2013 irgi. B\u016bdamas paprastas \u017emonijos narys, grei\u010diausiai ir j\u016bs susid\u016br\u0117te su painiava d\u0117l Biblijos. I\u0161lieka klausimas: \u201cO k\u0105 jis sako i\u0161 tikr\u0173j\u0173?\u201d<\/p>\n<p>\u0160ioje knygoje ai\u0161kiai ir logi\u0161kai ai\u0161kinamos svarbiausios Biblijos temos. U\u017euot susitelk\u0119s \u012f vien\u0105 dal\u012f ir ignoruodamas visum\u0105, \u2013 autorius chronologi\u0161kai susieja vis\u0105 tekst\u0105 \u012f vien\u0105 did\u017ei\u0105 visuotin\u0119 dram\u0105, \u017evelgdamas \u012f \u012fvykius i\u0161 perspektyvos t\u0173, kurie juose dalyvavo. Rezultatai i\u0161\u0117jo kartais komi\u0161ki, kartais bauginantys \u2013 bet visada teksto at\u017evilgiu teisingi.<\/p>\n<p>Perskait\u0119 galb\u016bt patik\u0117site Biblijos tiesa kaip niekada anks\u010diau. Galb\u016bt nuspr\u0119site netik\u0117ti. Autoriaus objektyvumas leid\u017eia apsispr\u0119sti jums.<\/p>\n<p>\u201cNors a\u0161 lankau ba\u017eny\u010di\u0105 daugiau kaip 30 met\u0173, Bibija man niekada netur\u0117jo jokios prasm\u0117s. Tai tebuvo pluo\u0161tas atskir\u0173 istorij\u0173. Dabar jos visos susijungia ai\u0161kiai ir logi\u0161kai. Tai tikrai ne\u012ftik\u0117tina.\u201d<\/p>\n<p>Johnas R. Crossas ra\u0161o remdamasis \u017einiomis, kurias sukaup\u0117 vis\u0105 gyvenim\u0105 studijuodamas Biblij\u0105. Be to, jis turi didel\u0119 kelioni\u0173 ir gyvenimo u\u017esienyje patirt\u012f. Johnas su savo \u0161eima yra i\u0161 Kanados.<\/p>\n","protected":false},"excerpt":{"rendered":"<p>Ji vadinta \u201cneteisingiausiai suprasta knyga istorijoje\u201d. Jos vardu buvo kariaujami kartai, ji sukeldavo skandalus, jos \u017eod\u017eiu buvo kuriama ir perkuriama politika. Teologai j\u0105 ir gyn\u0117, ir pl\u016bdo. Skeptikai \u2013 irgi. B\u016bdamas paprastas \u017emonijos narys, grei\u010diausiai ir j\u016bs susid\u016br\u0117te su painiava d\u0117l Biblijos. I\u0161lieka klausimas: \u201cO k\u0105 jis sako i\u0161 tikr\u0173j\u0173?\u201d \u0160ioje knygoje ai\u0161kiai ir logi\u0161kai ai\u0161kinamos svarbiausios Biblijos temos. U\u017euot susitelk\u0119s \u012f vien\u0105 dal\u012f ir ignoruodamas visum\u0105, \u2013 autorius chronologi\u0161kai susieja vis\u0105 tekst\u0105 \u012f vien\u0105 did\u017ei\u0105 visuotin\u0119 dram\u0105, \u017evelgdamas \u012f \u012fvykius i\u0161 perspektyvos t\u0173, kurie juose dalyvavo. Rezultatai i\u0161\u0117jo kartais komi\u0161ki, kartais bauginantys \u2013 bet visada teksto at\u017evilgiu teisingi. Perskait\u0119 galb\u016bt patik\u0117site Biblijos tiesa kaip niekada anks\u010diau. Galb\u016bt nuspr\u0119site netik\u0117ti. Autoriaus objektyvumas leid\u017eia apsispr\u0119sti jums. \u201cNors a\u0161 lankau ba\u017eny\u010di\u0105 daugiau kaip 30 met\u0173, Bibija man niekada netur\u0117jo jokios prasm\u0117s. Tai tebuvo pluo\u0161tas atskir\u0173 istorij\u0173. Dabar jos visos susijungia ai\u0161kiai ir logi\u0161kai. Tai tikrai ne\u012ftik\u0117tina.\u201d Johnas R. Crossas ra\u0161o remdamasis \u017einiomis, kurias sukaup\u0117 vis\u0105 gyvenim\u0105 studijuodamas Biblij\u0105. Be to, jis turi didel\u0119 kelioni\u0173 ir gyvenimo u\u017esienyje patirt\u012f. Johnas su savo \u0161eima yra i\u0161 Kanados.<\/p>\n","protected":false},"featured_media":26455,"comment_status":"open","ping_status":"closed","template":"","meta":{"_acf_changed":false,"site-sidebar-layout":"default","site-content-layout":"","ast-site-content-layout":"default","site-content-style":"default","site-sidebar-style":"default","ast-global-header-display":"","ast-banner-title-visibility":"","ast-main-header-display":"","ast-hfb-above-header-display":"","ast-hfb-below-header-display":"","ast-hfb-mobile-header-display":"","site-post-title":"","ast-breadcrumbs-content":"","ast-featured-img":"","footer-sml-layout":"","ast-disable-related-posts":"","theme-transparent-header-meta":"","adv-header-id-meta":"","stick-header-meta":"","header-above-stick-meta":"","header-main-stick-meta":"","header-below-stick-meta":"","astra-migrate-meta-layouts":"default","ast-page-background-enabled":"default","ast-page-background-meta":{"desktop":{"background-color":"","background-image":"","background-repeat":"repeat","background-position":"center center","background-size":"auto","background-attachment":"scroll","background-type":"","background-media":"","overlay-type":"","overlay-color":"","overlay-opacity":"","overlay-gradient":""},"tablet":{"background-color":"","background-image":"","background-repeat":"repeat","background-position":"center center","background-size":"auto","background-attachment":"scroll","background-type":"","background-media":"","overlay-type":"","overlay-color":"","overlay-opacity":"","overlay-gradient":""},"mobile":{"background-color":"","background-image":"","background-repeat":"repeat","background-position":"center center","background-size":"auto","background-attachment":"scroll","background-type":"","background-media":"","overlay-type":"","overlay-color":"","overlay-opacity":"","overlay-gradient":""}},"ast-content-background-meta":{"desktop":{"background-color":"var(--ast-global-color-4)","background-image":"","background-repeat":"repeat","background-position":"center center","background-size":"auto","background-attachment":"scroll","background-type":"","background-media":"","overlay-type":"","overlay-color":"","overlay-opacity":"","overlay-gradient":""},"tablet":{"background-color":"var(--ast-global-color-4)","background-image":"","background-repeat":"repeat","background-position":"center center","background-size":"auto","background-attachment":"scroll","background-type":"","background-media":"","overlay-type":"","overlay-color":"","overlay-opacity":"","overlay-gradient":""},"mobile":{"background-color":"var(--ast-global-color-4)","background-image":"","background-repeat":"repeat","background-position":"center center","background-size":"auto","background-attachment":"scroll","background-type":"","background-media":"","overlay-type":"","overlay-color":"","overlay-opacity":"","overlay-gradient":""}}},"product_brand":[],"product_cat":[9867],"product_tag":[],"class_list":{"0":"post-26449","1":"product","2":"type-product","3":"status-publish","4":"has-post-thumbnail","6":"product_cat-religija-negrozine-literatura","7":"desktop-align-left","8":"tablet-align-left","9":"mobile-align-left","11":"first","12":"instock","13":"shipping-taxable","14":"purchasable","15":"product-type-simple"},"acf":[],"yoast_head":"<!-- This site is optimized with the Yoast SEO plugin v27.4 - https:\/\/yoast.com\/product\/yoast-seo-wordpress\/ -->\n<title>Nepa\u017e\u012fstamasis kelyje \u012f Emaus\u0105<\/title>\n<meta name=\"description\" content=\"Ji vadinta \u201cneteisingiausiai suprasta knyga istorijoje\u201d. Jos vardu buvo kariaujami kartai, ji sukeldavo skandalus, jos \u017eod\u017eiu buvo kuriama ir perkuriama\" \/>\n<meta name=\"robots\" content=\"index, follow, max-snippet:-1, max-image-preview:large, max-video-preview:-1\" \/>\n<link rel=\"canonical\" href=\"https:\/\/skaitytaknyga.lt\/en\/produktas\/nepazistamasis-kelyje-i-emausa\/\" \/>\n<meta property=\"og:locale\" content=\"en_GB\" \/>\n<meta property=\"og:locale:alternate\" content=\"lt_LT\" \/>\n<meta property=\"og:type\" content=\"article\" \/>\n<meta property=\"og:title\" content=\"Nepa\u017e\u012fstamasis kelyje \u012f Emaus\u0105\" \/>\n<meta property=\"og:description\" content=\"Ji vadinta \u201cneteisingiausiai suprasta knyga istorijoje\u201d. Jos vardu buvo kariaujami kartai, ji sukeldavo skandalus, jos \u017eod\u017eiu buvo kuriama ir perkuriama\" \/>\n<meta property=\"og:url\" content=\"https:\/\/skaitytaknyga.lt\/en\/produktas\/nepazistamasis-kelyje-i-emausa\/\" \/>\n<meta property=\"og:site_name\" content=\"Skaitytaknyga\" \/>\n<meta property=\"article:publisher\" content=\"https:\/\/www.facebook.com\/skaitytaknyga\/\" \/>\n<meta property=\"article:modified_time\" content=\"2026-05-06T14:23:21+00:00\" \/>\n<meta property=\"og:image\" content=\"https:\/\/skaitytaknyga.lt\/wp-content\/uploads\/2026\/05\/Nepazistamasis-kelyje-i-Emausa-e1778074331191.jpg\" \/>\n\t<meta property=\"og:image:width\" content=\"300\" \/>\n\t<meta property=\"og:image:height\" content=\"447\" \/>\n\t<meta property=\"og:image:type\" content=\"image\/jpeg\" \/>\n<meta name=\"twitter:card\" content=\"summary_large_image\" \/>\n<meta name=\"twitter:label1\" content=\"Estimated reading time\" \/>\n\t<meta name=\"twitter:data1\" content=\"1 minute\" \/>\n<script type=\"application\/ld+json\" class=\"yoast-schema-graph\">{\"@context\":\"https:\\\/\\\/schema.org\",\"@graph\":[{\"@type\":\"WebPage\",\"@id\":\"https:\\\/\\\/skaitytaknyga.lt\\\/produktas\\\/nepazistamasis-kelyje-i-emausa\\\/\",\"url\":\"https:\\\/\\\/skaitytaknyga.lt\\\/produktas\\\/nepazistamasis-kelyje-i-emausa\\\/\",\"name\":\"Nepa\u017e\u012fstamasis kelyje \u012f Emaus\u0105\",\"isPartOf\":{\"@id\":\"https:\\\/\\\/skaitytaknyga.lt\\\/#website\"},\"primaryImageOfPage\":{\"@id\":\"https:\\\/\\\/skaitytaknyga.lt\\\/produktas\\\/nepazistamasis-kelyje-i-emausa\\\/#primaryimage\"},\"image\":{\"@id\":\"https:\\\/\\\/skaitytaknyga.lt\\\/produktas\\\/nepazistamasis-kelyje-i-emausa\\\/#primaryimage\"},\"thumbnailUrl\":\"https:\\\/\\\/skaitytaknyga.lt\\\/wp-content\\\/uploads\\\/2026\\\/05\\\/Nepazistamasis-kelyje-i-Emausa-e1778074331191.jpg\",\"datePublished\":\"2026-05-05T17:35:57+00:00\",\"dateModified\":\"2026-05-06T14:23:21+00:00\",\"description\":\"Ji vadinta \u201cneteisingiausiai suprasta knyga istorijoje\u201d. Jos vardu buvo kariaujami kartai, ji sukeldavo skandalus, jos \u017eod\u017eiu buvo kuriama ir perkuriama\",\"breadcrumb\":{\"@id\":\"https:\\\/\\\/skaitytaknyga.lt\\\/produktas\\\/nepazistamasis-kelyje-i-emausa\\\/#breadcrumb\"},\"inLanguage\":\"en-GB\",\"potentialAction\":[{\"@type\":\"ReadAction\",\"target\":[\"https:\\\/\\\/skaitytaknyga.lt\\\/produktas\\\/nepazistamasis-kelyje-i-emausa\\\/\"]}]},{\"@type\":\"ImageObject\",\"inLanguage\":\"en-GB\",\"@id\":\"https:\\\/\\\/skaitytaknyga.lt\\\/produktas\\\/nepazistamasis-kelyje-i-emausa\\\/#primaryimage\",\"url\":\"https:\\\/\\\/skaitytaknyga.lt\\\/wp-content\\\/uploads\\\/2026\\\/05\\\/Nepazistamasis-kelyje-i-Emausa-e1778074331191.jpg\",\"contentUrl\":\"https:\\\/\\\/skaitytaknyga.lt\\\/wp-content\\\/uploads\\\/2026\\\/05\\\/Nepazistamasis-kelyje-i-Emausa-e1778074331191.jpg\",\"width\":300,\"height\":447,\"caption\":\"Nepa\u017e\u012fstamasis kelyje \u012f Emaus\u0105\"},{\"@type\":\"BreadcrumbList\",\"@id\":\"https:\\\/\\\/skaitytaknyga.lt\\\/produktas\\\/nepazistamasis-kelyje-i-emausa\\\/#breadcrumb\",\"itemListElement\":[{\"@type\":\"ListItem\",\"position\":1,\"name\":\"Home\",\"item\":\"https:\\\/\\\/skaitytaknyga.lt\\\/\"},{\"@type\":\"ListItem\",\"position\":2,\"name\":\"Parduotuv\u0117\",\"item\":\"https:\\\/\\\/skaitytaknyga.lt\\\/knygu-parduotuve\\\/\"},{\"@type\":\"ListItem\",\"position\":3,\"name\":\"Nepa\u017e\u012fstamasis kelyje \u012f Emaus\u0105\"}]},{\"@type\":\"WebSite\",\"@id\":\"https:\\\/\\\/skaitytaknyga.lt\\\/#website\",\"url\":\"https:\\\/\\\/skaitytaknyga.lt\\\/\",\"name\":\"skaitytaknyga.lt\",\"description\":\"Skaitytaknyga.lt \u2013 tai ma\u017eas \u0161eimos verslas, kuris prasid\u0117jo nuo meil\u0117s knygoms ir siekio i\u0161gelb\u0117ti knygas nuo likimo prie konteinerio. Kas vienam nereikalingas daiktas \u2013 kitam lobis, o mes esame tarpininkai, kurie padeda abiems tapti laimingesniems ???? \u017dinome kaip nelengva i\u0161gyventi ma\u017eiems verslams, tad nuo \u0161iol, \u010dia rasite ir kit\u0173, ma\u017e\u0173 \u0161eim\u0173 versl\u0173, rank\u0173 darbo, dovan\u0173 sau ir artimiesiems.\",\"publisher\":{\"@id\":\"https:\\\/\\\/skaitytaknyga.lt\\\/#organization\"},\"potentialAction\":[{\"@type\":\"SearchAction\",\"target\":{\"@type\":\"EntryPoint\",\"urlTemplate\":\"https:\\\/\\\/skaitytaknyga.lt\\\/?s={search_term_string}\"},\"query-input\":{\"@type\":\"PropertyValueSpecification\",\"valueRequired\":true,\"valueName\":\"search_term_string\"}}],\"inLanguage\":\"en-GB\"},{\"@type\":\"Organization\",\"@id\":\"https:\\\/\\\/skaitytaknyga.lt\\\/#organization\",\"name\":\"skaitytaknyga.lt\",\"url\":\"https:\\\/\\\/skaitytaknyga.lt\\\/\",\"logo\":{\"@type\":\"ImageObject\",\"inLanguage\":\"en-GB\",\"@id\":\"https:\\\/\\\/skaitytaknyga.lt\\\/#\\\/schema\\\/logo\\\/image\\\/\",\"url\":\"https:\\\/\\\/skaitytaknyga.lt\\\/wp-content\\\/uploads\\\/2024\\\/05\\\/cropped-cropped-cropped-02_00843_jt3bggkj1j3HLc7SyY6rEUpg.jpeg\",\"contentUrl\":\"https:\\\/\\\/skaitytaknyga.lt\\\/wp-content\\\/uploads\\\/2024\\\/05\\\/cropped-cropped-cropped-02_00843_jt3bggkj1j3HLc7SyY6rEUpg.jpeg\",\"width\":1600,\"height\":1600,\"caption\":\"skaitytaknyga.lt\"},\"image\":{\"@id\":\"https:\\\/\\\/skaitytaknyga.lt\\\/#\\\/schema\\\/logo\\\/image\\\/\"},\"sameAs\":[\"https:\\\/\\\/www.facebook.com\\\/skaitytaknyga\\\/\"]}]}<\/script>\n<!-- \/ Yoast SEO plugin. -->","yoast_head_json":{"title":"Nepa\u017e\u012fstamasis kelyje \u012f Emaus\u0105","description":"Ji vadinta \u201cneteisingiausiai suprasta knyga istorijoje\u201d. Jos vardu buvo kariaujami kartai, ji sukeldavo skandalus, jos \u017eod\u017eiu buvo kuriama ir perkuriama","robots":{"index":"index","follow":"follow","max-snippet":"max-snippet:-1","max-image-preview":"max-image-preview:large","max-video-preview":"max-video-preview:-1"},"canonical":"https:\/\/skaitytaknyga.lt\/en\/produktas\/nepazistamasis-kelyje-i-emausa\/","og_locale":"en_GB","og_type":"article","og_title":"[:lt]Nepa\u017e\u012fstamasis kelyje \u012f Emaus\u0105[:] - Skaitytaknyga","og_description":"Ji vadinta \u201cneteisingiausiai suprasta knyga istorijoje\u201d. Jos vardu buvo kariaujami kartai, ji sukeldavo skandalus, jos \u017eod\u017eiu buvo kuriama ir perkuriama","og_url":"https:\/\/skaitytaknyga.lt\/en\/produktas\/nepazistamasis-kelyje-i-emausa\/","og_site_name":"Skaitytaknyga","article_publisher":"https:\/\/www.facebook.com\/skaitytaknyga\/","article_modified_time":"2026-05-06T14:23:21+00:00","og_image":[{"width":300,"height":447,"url":"https:\/\/skaitytaknyga.lt\/wp-content\/uploads\/2026\/05\/Nepazistamasis-kelyje-i-Emausa-e1778074331191.jpg","type":"image\/jpeg"}],"twitter_card":"summary_large_image","twitter_misc":{"Estimated reading time":"1 minute"},"schema":{"@context":"https:\/\/schema.org","@graph":[{"@type":"WebPage","@id":"https:\/\/skaitytaknyga.lt\/produktas\/nepazistamasis-kelyje-i-emausa\/","url":"https:\/\/skaitytaknyga.lt\/produktas\/nepazistamasis-kelyje-i-emausa\/","name":"Nepa\u017e\u012fstamasis kelyje \u012f Emaus\u0105","isPartOf":{"@id":"https:\/\/skaitytaknyga.lt\/#website"},"primaryImageOfPage":{"@id":"https:\/\/skaitytaknyga.lt\/produktas\/nepazistamasis-kelyje-i-emausa\/#primaryimage"},"image":{"@id":"https:\/\/skaitytaknyga.lt\/produktas\/nepazistamasis-kelyje-i-emausa\/#primaryimage"},"thumbnailUrl":"https:\/\/skaitytaknyga.lt\/wp-content\/uploads\/2026\/05\/Nepazistamasis-kelyje-i-Emausa-e1778074331191.jpg","datePublished":"2026-05-05T17:35:57+00:00","dateModified":"2026-05-06T14:23:21+00:00","description":"Ji vadinta \u201cneteisingiausiai suprasta knyga istorijoje\u201d. Jos vardu buvo kariaujami kartai, ji sukeldavo skandalus, jos \u017eod\u017eiu buvo kuriama ir perkuriama","breadcrumb":{"@id":"https:\/\/skaitytaknyga.lt\/produktas\/nepazistamasis-kelyje-i-emausa\/#breadcrumb"},"inLanguage":"en-GB","potentialAction":[{"@type":"ReadAction","target":["https:\/\/skaitytaknyga.lt\/produktas\/nepazistamasis-kelyje-i-emausa\/"]}]},{"@type":"ImageObject","inLanguage":"en-GB","@id":"https:\/\/skaitytaknyga.lt\/produktas\/nepazistamasis-kelyje-i-emausa\/#primaryimage","url":"https:\/\/skaitytaknyga.lt\/wp-content\/uploads\/2026\/05\/Nepazistamasis-kelyje-i-Emausa-e1778074331191.jpg","contentUrl":"https:\/\/skaitytaknyga.lt\/wp-content\/uploads\/2026\/05\/Nepazistamasis-kelyje-i-Emausa-e1778074331191.jpg","width":300,"height":447,"caption":"Nepa\u017e\u012fstamasis kelyje \u012f Emaus\u0105"},{"@type":"BreadcrumbList","@id":"https:\/\/skaitytaknyga.lt\/produktas\/nepazistamasis-kelyje-i-emausa\/#breadcrumb","itemListElement":[{"@type":"ListItem","position":1,"name":"Home","item":"https:\/\/skaitytaknyga.lt\/"},{"@type":"ListItem","position":2,"name":"Parduotuv\u0117","item":"https:\/\/skaitytaknyga.lt\/knygu-parduotuve\/"},{"@type":"ListItem","position":3,"name":"Nepa\u017e\u012fstamasis kelyje \u012f Emaus\u0105"}]},{"@type":"WebSite","@id":"https:\/\/skaitytaknyga.lt\/#website","url":"https:\/\/skaitytaknyga.lt\/","name":"skaitytaknyga.lt","description":"Skaitytaknyga.lt \u2013 tai ma\u017eas \u0161eimos verslas, kuris prasid\u0117jo nuo meil\u0117s knygoms ir siekio i\u0161gelb\u0117ti knygas nuo likimo prie konteinerio. Kas vienam nereikalingas daiktas \u2013 kitam lobis, o mes esame tarpininkai, kurie padeda abiems tapti laimingesniems ???? \u017dinome kaip nelengva i\u0161gyventi ma\u017eiems verslams, tad nuo \u0161iol, \u010dia rasite ir kit\u0173, ma\u017e\u0173 \u0161eim\u0173 versl\u0173, rank\u0173 darbo, dovan\u0173 sau ir artimiesiems.","publisher":{"@id":"https:\/\/skaitytaknyga.lt\/#organization"},"potentialAction":[{"@type":"SearchAction","target":{"@type":"EntryPoint","urlTemplate":"https:\/\/skaitytaknyga.lt\/?s={search_term_string}"},"query-input":{"@type":"PropertyValueSpecification","valueRequired":true,"valueName":"search_term_string"}}],"inLanguage":"en-GB"},{"@type":"Organization","@id":"https:\/\/skaitytaknyga.lt\/#organization","name":"skaitytaknyga.lt","url":"https:\/\/skaitytaknyga.lt\/","logo":{"@type":"ImageObject","inLanguage":"en-GB","@id":"https:\/\/skaitytaknyga.lt\/#\/schema\/logo\/image\/","url":"https:\/\/skaitytaknyga.lt\/wp-content\/uploads\/2024\/05\/cropped-cropped-cropped-02_00843_jt3bggkj1j3HLc7SyY6rEUpg.jpeg","contentUrl":"https:\/\/skaitytaknyga.lt\/wp-content\/uploads\/2024\/05\/cropped-cropped-cropped-02_00843_jt3bggkj1j3HLc7SyY6rEUpg.jpeg","width":1600,"height":1600,"caption":"skaitytaknyga.lt"},"image":{"@id":"https:\/\/skaitytaknyga.lt\/#\/schema\/logo\/image\/"},"sameAs":["https:\/\/www.facebook.com\/skaitytaknyga\/"]}]}},"_links":{"self":[{"href":"https:\/\/skaitytaknyga.lt\/en\/wp-json\/wp\/v2\/product\/26449","targetHints":{"allow":["GET"]}}],"collection":[{"href":"https:\/\/skaitytaknyga.lt\/en\/wp-json\/wp\/v2\/product"}],"about":[{"href":"https:\/\/skaitytaknyga.lt\/en\/wp-json\/wp\/v2\/types\/product"}],"replies":[{"embeddable":true,"href":"https:\/\/skaitytaknyga.lt\/en\/wp-json\/wp\/v2\/comments?post=26449"}],"wp:featuredmedia":[{"embeddable":true,"href":"https:\/\/skaitytaknyga.lt\/en\/wp-json\/wp\/v2\/media\/26455"}],"wp:attachment":[{"href":"https:\/\/skaitytaknyga.lt\/en\/wp-json\/wp\/v2\/media?parent=26449"}],"wp:term":[{"taxonomy":"product_brand","embeddable":true,"href":"https:\/\/skaitytaknyga.lt\/en\/wp-json\/wp\/v2\/product_brand?post=26449"},{"taxonomy":"product_cat","embeddable":true,"href":"https:\/\/skaitytaknyga.lt\/en\/wp-json\/wp\/v2\/product_cat?post=26449"},{"taxonomy":"product_tag","embeddable":true,"href":"https:\/\/skaitytaknyga.lt\/en\/wp-json\/wp\/v2\/product_tag?post=26449"}],"curies":[{"name":"wp","href":"https:\/\/api.w.org\/{rel}","templated":true}]}}