{"id":26447,"date":"2026-05-05T20:35:57","date_gmt":"2026-05-05T17:35:57","guid":{"rendered":"https:\/\/skaitytaknyga.lt\/?post_type=product&#038;p=26447"},"modified":"2026-05-06T17:23:21","modified_gmt":"2026-05-06T14:23:21","slug":"regetoja","status":"publish","type":"product","link":"https:\/\/skaitytaknyga.lt\/en\/produktas\/regetoja\/","title":{"rendered":"Reg\u0117toja"},"content":{"rendered":"<p>Tai bene pirmasis lietuvi\u0161kas istorinis mistinis meil\u0117s romanas.<\/p>\n<p>\u201eReg\u0117tojos\u201c veiksmas vyksta XIIIa. Lietuvoje ir Jotvoje, romane gausu istorini\u0173 ir balt\u0173 mitologijos detali\u0173, minimi svarb\u016bs to laikme\u010dio \u012fvykiai bei asmenys. \u010cia galima sutikti galingus ir narsius kunigaik\u0161\u010dius, \u017eavias kunigaik\u0161tytes, paslaptingas \u017einiuones ir slap\u010diausias magijos \u017einias \u012fvald\u017eiusius \u017eynius. Kaip ir \u0161iuolaikiniai \u017emon\u0117s, jie visi tro\u0161ko b\u016bti mylimi ir atrasti savo laim\u0119. <\/p>\n<p>Ner\u016bpestingai leptel\u0117jusi, kad jotvingi\u0173 kunigaik\u0161\u010diui Gausmiui reikia mylin\u010dios moters, kuri i\u0161tirpdyt\u0173 ledin\u012f \u0161alt\u012f jo akyse, kunigaik\u0161tyt\u0117 \u017dygint\u0117 tikrai netur\u0117jo galvoje sav\u0119s. Juo labiau kad ji visai nesiruo\u0161\u0117 tek\u0117ti \u2013 ypating\u0173 gali\u0173 turin\u010diai raganai santuoka tik kliudyt\u0173. Savo ateit\u012f ji \u012fsivaizdavo ma\u017eoje trobel\u0117je mi\u0161ko tankm\u0117je, gyvenant kaip \u017einiuonei. At\u0161iaurusis jotvingis taip pat visai netro\u0161ko vesti liesos \u017ealiaak\u0117s raganos. Ta\u010diau dievai ir galingi valdovai turi sav\u0173 plan\u0173. Kad ir nenoromis susi\u017ead\u0117j\u0119, \u017dygint\u0117 ir Gausmys pama\u017eu supranta, kad j\u0173 jausmai kei\u010diasi, o \u0161irdys \u2013 \u0161yla.<\/p>\n<p>Vis d\u0117lto por\u0105 gaubia daugyb\u0117 tamsi\u0173 paslap\u010di\u0173, slapt\u0173 prie\u0161\u0173 ir ne \u0161io pasaulio b\u016btybi\u0173, kurie kaip \u012fmanydami stengiasi visk\u0105 supainioti ir sukliudyti. Raganos \u017dygint\u0117s ir kunigaik\u0161\u010dio Gausmio laukia ilga kova d\u0117l laim\u0117s.<\/p>\n<p>Ar tikrai ragana gali pakeisti Lem\u010di\u0173 i\u0161tart\u0105 nuosprend\u012f?<\/p>\n<p>Lavisa Spell: \u201eReg\u0117toja&#8221; yra jau penktasis mano romanas, ta\u010diau ra\u0161ant \u0161i\u0105 istorij\u0105 man teko eiti dar nevaik\u0161\u010diotais takais. Mintis para\u0161yti istorin\u012f meil\u0117s roman\u0105 sukiojosi aplink mane jau seniai \u2013 kaip kat\u0117, pra\u0161anti pieno, kartais meiliai trindavosi ir murkdavo, kartais aik\u0161tingai dr\u0117kstel\u0117davo nagais. Ir buvo labai atkakli, tod\u0117l vien\u0105 kart\u0105 pasiry\u017eau.<\/p>\n<p>Nors mano pagrindinis d\u0117mesys buvo skirtas meil\u0117s istorijai, ta\u010diau taip pat teko nema\u017eai pasidom\u0117ti lietuvi\u0173 istorija bei mitologija. Istoriniai (a\u0161 juos vadinu kostiuminiais) meil\u0117s romanai yra be galo m\u0117gstami viso pasaulio skaitytoj\u0173, tod\u0117l man nor\u0117josi, kad atsirast\u0173 ir toks, kurio veiksmas vyksta \u0161lovingoje lietuvi\u0161koje senov\u0117je, kai dar giriose ir vandenyse gyveno deiv\u0117s ir dievai, o ragana buvo ypating\u0173 gali\u0173 ir nepaprasto gro\u017eio moteris. Moteris, kuriai atsispirti negal\u0117jo net kie\u010diausia \u0161irdis.<\/p>\n","protected":false},"excerpt":{"rendered":"<p>Tai bene pirmasis lietuvi\u0161kas istorinis mistinis meil\u0117s romanas. \u201eReg\u0117tojos\u201c veiksmas vyksta XIIIa. Lietuvoje ir Jotvoje, romane gausu istorini\u0173 ir balt\u0173 mitologijos detali\u0173, minimi svarb\u016bs to laikme\u010dio \u012fvykiai bei asmenys. \u010cia galima sutikti galingus ir narsius kunigaik\u0161\u010dius, \u017eavias kunigaik\u0161tytes, paslaptingas \u017einiuones ir slap\u010diausias magijos \u017einias \u012fvald\u017eiusius \u017eynius. Kaip ir \u0161iuolaikiniai \u017emon\u0117s, jie visi tro\u0161ko b\u016bti mylimi ir atrasti savo laim\u0119. Ner\u016bpestingai leptel\u0117jusi, kad jotvingi\u0173 kunigaik\u0161\u010diui Gausmiui reikia mylin\u010dios moters, kuri i\u0161tirpdyt\u0173 ledin\u012f \u0161alt\u012f jo akyse, kunigaik\u0161tyt\u0117 \u017dygint\u0117 tikrai netur\u0117jo galvoje sav\u0119s. Juo labiau kad ji visai nesiruo\u0161\u0117 tek\u0117ti \u2013 ypating\u0173 gali\u0173 turin\u010diai raganai santuoka tik kliudyt\u0173. Savo ateit\u012f ji \u012fsivaizdavo ma\u017eoje trobel\u0117je mi\u0161ko tankm\u0117je, gyvenant kaip \u017einiuonei. At\u0161iaurusis jotvingis taip pat visai netro\u0161ko vesti liesos \u017ealiaak\u0117s raganos. Ta\u010diau dievai ir galingi valdovai turi sav\u0173 plan\u0173. Kad ir nenoromis susi\u017ead\u0117j\u0119, \u017dygint\u0117 ir Gausmys pama\u017eu supranta, kad j\u0173 jausmai kei\u010diasi, o \u0161irdys \u2013 \u0161yla. Vis d\u0117lto por\u0105 gaubia daugyb\u0117 tamsi\u0173 paslap\u010di\u0173, slapt\u0173 prie\u0161\u0173 ir ne \u0161io pasaulio b\u016btybi\u0173, kurie kaip \u012fmanydami stengiasi visk\u0105 supainioti ir sukliudyti. Raganos \u017dygint\u0117s ir kunigaik\u0161\u010dio Gausmio laukia ilga kova d\u0117l laim\u0117s. Ar tikrai ragana gali pakeisti Lem\u010di\u0173 i\u0161tart\u0105 nuosprend\u012f? Lavisa Spell: \u201eReg\u0117toja&#8221; yra jau penktasis mano romanas, ta\u010diau ra\u0161ant \u0161i\u0105 istorij\u0105 man teko eiti dar nevaik\u0161\u010diotais takais. Mintis para\u0161yti istorin\u012f meil\u0117s roman\u0105 sukiojosi aplink mane jau seniai \u2013 kaip kat\u0117, pra\u0161anti pieno, kartais meiliai trindavosi ir murkdavo, kartais aik\u0161tingai dr\u0117kstel\u0117davo nagais. Ir buvo labai atkakli, tod\u0117l vien\u0105 kart\u0105 pasiry\u017eau. Nors mano pagrindinis d\u0117mesys buvo skirtas meil\u0117s istorijai, ta\u010diau taip pat teko nema\u017eai pasidom\u0117ti lietuvi\u0173 istorija bei mitologija. Istoriniai (a\u0161 juos vadinu kostiuminiais) meil\u0117s romanai yra be galo m\u0117gstami viso pasaulio skaitytoj\u0173, tod\u0117l man nor\u0117josi, kad atsirast\u0173 ir toks, kurio veiksmas vyksta \u0161lovingoje lietuvi\u0161koje senov\u0117je, kai dar giriose ir vandenyse gyveno deiv\u0117s ir dievai, o ragana buvo ypating\u0173 gali\u0173 ir nepaprasto gro\u017eio moteris. Moteris, kuriai atsispirti negal\u0117jo net kie\u010diausia \u0161irdis.<\/p>\n","protected":false},"featured_media":26452,"comment_status":"open","ping_status":"closed","template":"","meta":{"_acf_changed":false,"site-sidebar-layout":"default","site-content-layout":"","ast-site-content-layout":"default","site-content-style":"default","site-sidebar-style":"default","ast-global-header-display":"","ast-banner-title-visibility":"","ast-main-header-display":"","ast-hfb-above-header-display":"","ast-hfb-below-header-display":"","ast-hfb-mobile-header-display":"","site-post-title":"","ast-breadcrumbs-content":"","ast-featured-img":"","footer-sml-layout":"","ast-disable-related-posts":"","theme-transparent-header-meta":"","adv-header-id-meta":"","stick-header-meta":"","header-above-stick-meta":"","header-main-stick-meta":"","header-below-stick-meta":"","astra-migrate-meta-layouts":"default","ast-page-background-enabled":"default","ast-page-background-meta":{"desktop":{"background-color":"","background-image":"","background-repeat":"repeat","background-position":"center center","background-size":"auto","background-attachment":"scroll","background-type":"","background-media":"","overlay-type":"","overlay-color":"","overlay-opacity":"","overlay-gradient":""},"tablet":{"background-color":"","background-image":"","background-repeat":"repeat","background-position":"center center","background-size":"auto","background-attachment":"scroll","background-type":"","background-media":"","overlay-type":"","overlay-color":"","overlay-opacity":"","overlay-gradient":""},"mobile":{"background-color":"","background-image":"","background-repeat":"repeat","background-position":"center center","background-size":"auto","background-attachment":"scroll","background-type":"","background-media":"","overlay-type":"","overlay-color":"","overlay-opacity":"","overlay-gradient":""}},"ast-content-background-meta":{"desktop":{"background-color":"var(--ast-global-color-4)","background-image":"","background-repeat":"repeat","background-position":"center center","background-size":"auto","background-attachment":"scroll","background-type":"","background-media":"","overlay-type":"","overlay-color":"","overlay-opacity":"","overlay-gradient":""},"tablet":{"background-color":"var(--ast-global-color-4)","background-image":"","background-repeat":"repeat","background-position":"center center","background-size":"auto","background-attachment":"scroll","background-type":"","background-media":"","overlay-type":"","overlay-color":"","overlay-opacity":"","overlay-gradient":""},"mobile":{"background-color":"var(--ast-global-color-4)","background-image":"","background-repeat":"repeat","background-position":"center center","background-size":"auto","background-attachment":"scroll","background-type":"","background-media":"","overlay-type":"","overlay-color":"","overlay-opacity":"","overlay-gradient":""}}},"product_brand":[],"product_cat":[9734],"product_tag":[],"class_list":{"0":"post-26447","1":"product","2":"type-product","3":"status-publish","4":"has-post-thumbnail","6":"product_cat-romanai","7":"desktop-align-left","8":"tablet-align-left","9":"mobile-align-left","11":"first","12":"instock","13":"shipping-taxable","14":"purchasable","15":"product-type-simple"},"acf":[],"yoast_head":"<!-- This site is optimized with the Yoast SEO plugin v27.4 - https:\/\/yoast.com\/product\/yoast-seo-wordpress\/ -->\n<title>Reg\u0117toja<\/title>\n<meta name=\"description\" content=\"Tai bene pirmasis lietuvi\u0161kas istorinis mistinis meil\u0117s romanas. \u201eReg\u0117tojos\u201c veiksmas vyksta XIIIa. Lietuvoje ir Jotvoje, romane gausu istorini\u0173 ir balt\u0173\" \/>\n<meta name=\"robots\" content=\"index, follow, max-snippet:-1, max-image-preview:large, max-video-preview:-1\" \/>\n<link rel=\"canonical\" href=\"https:\/\/skaitytaknyga.lt\/en\/produktas\/regetoja\/\" \/>\n<meta property=\"og:locale\" content=\"en_GB\" \/>\n<meta property=\"og:locale:alternate\" content=\"lt_LT\" \/>\n<meta property=\"og:type\" content=\"article\" \/>\n<meta property=\"og:title\" content=\"Reg\u0117toja\" \/>\n<meta property=\"og:description\" content=\"Tai bene pirmasis lietuvi\u0161kas istorinis mistinis meil\u0117s romanas. \u201eReg\u0117tojos\u201c veiksmas vyksta XIIIa. Lietuvoje ir Jotvoje, romane gausu istorini\u0173 ir balt\u0173\" \/>\n<meta property=\"og:url\" content=\"https:\/\/skaitytaknyga.lt\/en\/produktas\/regetoja\/\" \/>\n<meta property=\"og:site_name\" content=\"Skaitytaknyga\" \/>\n<meta property=\"article:publisher\" content=\"https:\/\/www.facebook.com\/skaitytaknyga\/\" \/>\n<meta property=\"article:modified_time\" content=\"2026-05-06T14:23:21+00:00\" \/>\n<meta property=\"og:image\" content=\"https:\/\/skaitytaknyga.lt\/wp-content\/uploads\/2026\/05\/Regetoja.webp\" \/>\n\t<meta property=\"og:image:width\" content=\"400\" \/>\n\t<meta property=\"og:image:height\" content=\"592\" \/>\n\t<meta property=\"og:image:type\" content=\"image\/webp\" \/>\n<meta name=\"twitter:card\" content=\"summary_large_image\" \/>\n<meta name=\"twitter:label1\" content=\"Estimated reading time\" \/>\n\t<meta name=\"twitter:data1\" content=\"2 minutes\" \/>\n<script type=\"application\/ld+json\" class=\"yoast-schema-graph\">{\"@context\":\"https:\\\/\\\/schema.org\",\"@graph\":[{\"@type\":\"WebPage\",\"@id\":\"https:\\\/\\\/skaitytaknyga.lt\\\/produktas\\\/regetoja\\\/\",\"url\":\"https:\\\/\\\/skaitytaknyga.lt\\\/produktas\\\/regetoja\\\/\",\"name\":\"Reg\u0117toja\",\"isPartOf\":{\"@id\":\"https:\\\/\\\/skaitytaknyga.lt\\\/#website\"},\"primaryImageOfPage\":{\"@id\":\"https:\\\/\\\/skaitytaknyga.lt\\\/produktas\\\/regetoja\\\/#primaryimage\"},\"image\":{\"@id\":\"https:\\\/\\\/skaitytaknyga.lt\\\/produktas\\\/regetoja\\\/#primaryimage\"},\"thumbnailUrl\":\"https:\\\/\\\/skaitytaknyga.lt\\\/wp-content\\\/uploads\\\/2026\\\/05\\\/Regetoja.webp\",\"datePublished\":\"2026-05-05T17:35:57+00:00\",\"dateModified\":\"2026-05-06T14:23:21+00:00\",\"description\":\"Tai bene pirmasis lietuvi\u0161kas istorinis mistinis meil\u0117s romanas. \u201eReg\u0117tojos\u201c veiksmas vyksta XIIIa. Lietuvoje ir Jotvoje, romane gausu istorini\u0173 ir balt\u0173\",\"breadcrumb\":{\"@id\":\"https:\\\/\\\/skaitytaknyga.lt\\\/produktas\\\/regetoja\\\/#breadcrumb\"},\"inLanguage\":\"en-GB\",\"potentialAction\":[{\"@type\":\"ReadAction\",\"target\":[\"https:\\\/\\\/skaitytaknyga.lt\\\/produktas\\\/regetoja\\\/\"]}]},{\"@type\":\"ImageObject\",\"inLanguage\":\"en-GB\",\"@id\":\"https:\\\/\\\/skaitytaknyga.lt\\\/produktas\\\/regetoja\\\/#primaryimage\",\"url\":\"https:\\\/\\\/skaitytaknyga.lt\\\/wp-content\\\/uploads\\\/2026\\\/05\\\/Regetoja.webp\",\"contentUrl\":\"https:\\\/\\\/skaitytaknyga.lt\\\/wp-content\\\/uploads\\\/2026\\\/05\\\/Regetoja.webp\",\"width\":400,\"height\":592,\"caption\":\"Reg\u0117toja\"},{\"@type\":\"BreadcrumbList\",\"@id\":\"https:\\\/\\\/skaitytaknyga.lt\\\/produktas\\\/regetoja\\\/#breadcrumb\",\"itemListElement\":[{\"@type\":\"ListItem\",\"position\":1,\"name\":\"Home\",\"item\":\"https:\\\/\\\/skaitytaknyga.lt\\\/\"},{\"@type\":\"ListItem\",\"position\":2,\"name\":\"Parduotuv\u0117\",\"item\":\"https:\\\/\\\/skaitytaknyga.lt\\\/knygu-parduotuve\\\/\"},{\"@type\":\"ListItem\",\"position\":3,\"name\":\"Reg\u0117toja\"}]},{\"@type\":\"WebSite\",\"@id\":\"https:\\\/\\\/skaitytaknyga.lt\\\/#website\",\"url\":\"https:\\\/\\\/skaitytaknyga.lt\\\/\",\"name\":\"skaitytaknyga.lt\",\"description\":\"Skaitytaknyga.lt \u2013 tai ma\u017eas \u0161eimos verslas, kuris prasid\u0117jo nuo meil\u0117s knygoms ir siekio i\u0161gelb\u0117ti knygas nuo likimo prie konteinerio. Kas vienam nereikalingas daiktas \u2013 kitam lobis, o mes esame tarpininkai, kurie padeda abiems tapti laimingesniems ???? \u017dinome kaip nelengva i\u0161gyventi ma\u017eiems verslams, tad nuo \u0161iol, \u010dia rasite ir kit\u0173, ma\u017e\u0173 \u0161eim\u0173 versl\u0173, rank\u0173 darbo, dovan\u0173 sau ir artimiesiems.\",\"publisher\":{\"@id\":\"https:\\\/\\\/skaitytaknyga.lt\\\/#organization\"},\"potentialAction\":[{\"@type\":\"SearchAction\",\"target\":{\"@type\":\"EntryPoint\",\"urlTemplate\":\"https:\\\/\\\/skaitytaknyga.lt\\\/?s={search_term_string}\"},\"query-input\":{\"@type\":\"PropertyValueSpecification\",\"valueRequired\":true,\"valueName\":\"search_term_string\"}}],\"inLanguage\":\"en-GB\"},{\"@type\":\"Organization\",\"@id\":\"https:\\\/\\\/skaitytaknyga.lt\\\/#organization\",\"name\":\"skaitytaknyga.lt\",\"url\":\"https:\\\/\\\/skaitytaknyga.lt\\\/\",\"logo\":{\"@type\":\"ImageObject\",\"inLanguage\":\"en-GB\",\"@id\":\"https:\\\/\\\/skaitytaknyga.lt\\\/#\\\/schema\\\/logo\\\/image\\\/\",\"url\":\"https:\\\/\\\/skaitytaknyga.lt\\\/wp-content\\\/uploads\\\/2024\\\/05\\\/cropped-cropped-cropped-02_00843_jt3bggkj1j3HLc7SyY6rEUpg.jpeg\",\"contentUrl\":\"https:\\\/\\\/skaitytaknyga.lt\\\/wp-content\\\/uploads\\\/2024\\\/05\\\/cropped-cropped-cropped-02_00843_jt3bggkj1j3HLc7SyY6rEUpg.jpeg\",\"width\":1600,\"height\":1600,\"caption\":\"skaitytaknyga.lt\"},\"image\":{\"@id\":\"https:\\\/\\\/skaitytaknyga.lt\\\/#\\\/schema\\\/logo\\\/image\\\/\"},\"sameAs\":[\"https:\\\/\\\/www.facebook.com\\\/skaitytaknyga\\\/\"]}]}<\/script>\n<!-- \/ Yoast SEO plugin. -->","yoast_head_json":{"title":"Reg\u0117toja","description":"Tai bene pirmasis lietuvi\u0161kas istorinis mistinis meil\u0117s romanas. \u201eReg\u0117tojos\u201c veiksmas vyksta XIIIa. Lietuvoje ir Jotvoje, romane gausu istorini\u0173 ir balt\u0173","robots":{"index":"index","follow":"follow","max-snippet":"max-snippet:-1","max-image-preview":"max-image-preview:large","max-video-preview":"max-video-preview:-1"},"canonical":"https:\/\/skaitytaknyga.lt\/en\/produktas\/regetoja\/","og_locale":"en_GB","og_type":"article","og_title":"[:lt]Reg\u0117toja[:] - Skaitytaknyga","og_description":"Tai bene pirmasis lietuvi\u0161kas istorinis mistinis meil\u0117s romanas. \u201eReg\u0117tojos\u201c veiksmas vyksta XIIIa. Lietuvoje ir Jotvoje, romane gausu istorini\u0173 ir balt\u0173","og_url":"https:\/\/skaitytaknyga.lt\/en\/produktas\/regetoja\/","og_site_name":"Skaitytaknyga","article_publisher":"https:\/\/www.facebook.com\/skaitytaknyga\/","article_modified_time":"2026-05-06T14:23:21+00:00","og_image":[{"width":400,"height":592,"url":"https:\/\/skaitytaknyga.lt\/wp-content\/uploads\/2026\/05\/Regetoja.webp","type":"image\/webp"}],"twitter_card":"summary_large_image","twitter_misc":{"Estimated reading time":"2 minutes"},"schema":{"@context":"https:\/\/schema.org","@graph":[{"@type":"WebPage","@id":"https:\/\/skaitytaknyga.lt\/produktas\/regetoja\/","url":"https:\/\/skaitytaknyga.lt\/produktas\/regetoja\/","name":"Reg\u0117toja","isPartOf":{"@id":"https:\/\/skaitytaknyga.lt\/#website"},"primaryImageOfPage":{"@id":"https:\/\/skaitytaknyga.lt\/produktas\/regetoja\/#primaryimage"},"image":{"@id":"https:\/\/skaitytaknyga.lt\/produktas\/regetoja\/#primaryimage"},"thumbnailUrl":"https:\/\/skaitytaknyga.lt\/wp-content\/uploads\/2026\/05\/Regetoja.webp","datePublished":"2026-05-05T17:35:57+00:00","dateModified":"2026-05-06T14:23:21+00:00","description":"Tai bene pirmasis lietuvi\u0161kas istorinis mistinis meil\u0117s romanas. \u201eReg\u0117tojos\u201c veiksmas vyksta XIIIa. Lietuvoje ir Jotvoje, romane gausu istorini\u0173 ir balt\u0173","breadcrumb":{"@id":"https:\/\/skaitytaknyga.lt\/produktas\/regetoja\/#breadcrumb"},"inLanguage":"en-GB","potentialAction":[{"@type":"ReadAction","target":["https:\/\/skaitytaknyga.lt\/produktas\/regetoja\/"]}]},{"@type":"ImageObject","inLanguage":"en-GB","@id":"https:\/\/skaitytaknyga.lt\/produktas\/regetoja\/#primaryimage","url":"https:\/\/skaitytaknyga.lt\/wp-content\/uploads\/2026\/05\/Regetoja.webp","contentUrl":"https:\/\/skaitytaknyga.lt\/wp-content\/uploads\/2026\/05\/Regetoja.webp","width":400,"height":592,"caption":"Reg\u0117toja"},{"@type":"BreadcrumbList","@id":"https:\/\/skaitytaknyga.lt\/produktas\/regetoja\/#breadcrumb","itemListElement":[{"@type":"ListItem","position":1,"name":"Home","item":"https:\/\/skaitytaknyga.lt\/"},{"@type":"ListItem","position":2,"name":"Parduotuv\u0117","item":"https:\/\/skaitytaknyga.lt\/knygu-parduotuve\/"},{"@type":"ListItem","position":3,"name":"Reg\u0117toja"}]},{"@type":"WebSite","@id":"https:\/\/skaitytaknyga.lt\/#website","url":"https:\/\/skaitytaknyga.lt\/","name":"skaitytaknyga.lt","description":"Skaitytaknyga.lt \u2013 tai ma\u017eas \u0161eimos verslas, kuris prasid\u0117jo nuo meil\u0117s knygoms ir siekio i\u0161gelb\u0117ti knygas nuo likimo prie konteinerio. Kas vienam nereikalingas daiktas \u2013 kitam lobis, o mes esame tarpininkai, kurie padeda abiems tapti laimingesniems ???? \u017dinome kaip nelengva i\u0161gyventi ma\u017eiems verslams, tad nuo \u0161iol, \u010dia rasite ir kit\u0173, ma\u017e\u0173 \u0161eim\u0173 versl\u0173, rank\u0173 darbo, dovan\u0173 sau ir artimiesiems.","publisher":{"@id":"https:\/\/skaitytaknyga.lt\/#organization"},"potentialAction":[{"@type":"SearchAction","target":{"@type":"EntryPoint","urlTemplate":"https:\/\/skaitytaknyga.lt\/?s={search_term_string}"},"query-input":{"@type":"PropertyValueSpecification","valueRequired":true,"valueName":"search_term_string"}}],"inLanguage":"en-GB"},{"@type":"Organization","@id":"https:\/\/skaitytaknyga.lt\/#organization","name":"skaitytaknyga.lt","url":"https:\/\/skaitytaknyga.lt\/","logo":{"@type":"ImageObject","inLanguage":"en-GB","@id":"https:\/\/skaitytaknyga.lt\/#\/schema\/logo\/image\/","url":"https:\/\/skaitytaknyga.lt\/wp-content\/uploads\/2024\/05\/cropped-cropped-cropped-02_00843_jt3bggkj1j3HLc7SyY6rEUpg.jpeg","contentUrl":"https:\/\/skaitytaknyga.lt\/wp-content\/uploads\/2024\/05\/cropped-cropped-cropped-02_00843_jt3bggkj1j3HLc7SyY6rEUpg.jpeg","width":1600,"height":1600,"caption":"skaitytaknyga.lt"},"image":{"@id":"https:\/\/skaitytaknyga.lt\/#\/schema\/logo\/image\/"},"sameAs":["https:\/\/www.facebook.com\/skaitytaknyga\/"]}]}},"_links":{"self":[{"href":"https:\/\/skaitytaknyga.lt\/en\/wp-json\/wp\/v2\/product\/26447","targetHints":{"allow":["GET"]}}],"collection":[{"href":"https:\/\/skaitytaknyga.lt\/en\/wp-json\/wp\/v2\/product"}],"about":[{"href":"https:\/\/skaitytaknyga.lt\/en\/wp-json\/wp\/v2\/types\/product"}],"replies":[{"embeddable":true,"href":"https:\/\/skaitytaknyga.lt\/en\/wp-json\/wp\/v2\/comments?post=26447"}],"wp:featuredmedia":[{"embeddable":true,"href":"https:\/\/skaitytaknyga.lt\/en\/wp-json\/wp\/v2\/media\/26452"}],"wp:attachment":[{"href":"https:\/\/skaitytaknyga.lt\/en\/wp-json\/wp\/v2\/media?parent=26447"}],"wp:term":[{"taxonomy":"product_brand","embeddable":true,"href":"https:\/\/skaitytaknyga.lt\/en\/wp-json\/wp\/v2\/product_brand?post=26447"},{"taxonomy":"product_cat","embeddable":true,"href":"https:\/\/skaitytaknyga.lt\/en\/wp-json\/wp\/v2\/product_cat?post=26447"},{"taxonomy":"product_tag","embeddable":true,"href":"https:\/\/skaitytaknyga.lt\/en\/wp-json\/wp\/v2\/product_tag?post=26447"}],"curies":[{"name":"wp","href":"https:\/\/api.w.org\/{rel}","templated":true}]}}