{"id":26433,"date":"2026-04-29T09:40:27","date_gmt":"2026-04-29T06:40:27","guid":{"rendered":"https:\/\/skaitytaknyga.lt\/?post_type=product&#038;p=26433"},"modified":"2026-05-05T20:32:53","modified_gmt":"2026-05-05T17:32:53","slug":"deimantu-akrai","status":"publish","type":"product","link":"https:\/\/skaitytaknyga.lt\/en\/produktas\/deimantu-akrai\/","title":{"rendered":"Deimant\u0173 akrai"},"content":{"rendered":"<p>\u0160tai klasikin\u0117 situacija, kuri i\u0161tisus \u0161imtme\u010dius neduoda ramyb\u0117s \u012fvairiausi\u0173 kryp\u010di\u0173 psichologams ir \u017emogaus likimo tyrin\u0117tojams.<\/p>\n<p>Du \u017emon\u0117s gim\u0117 toje pa\u010dioje gatv\u0117je, j\u0173 t\u0117v\u0173 pad\u0117tis buvo pana\u0161i, jie mok\u0117si toje pat mokykloje, gyveno toje pat aplinkoje, bet&#8230; Kod\u0117l taip atsitiko, kad vienas per gyvenim\u0105 \u0117jo lengvai, suk\u016br\u0117 tvirt\u0105 \u0161eim\u0105, materiali\u0105 gerov\u0119, jam viskas sek\u0117si, o kitas taip ir neprad\u0117jo gyventi, ne\u012fgijo jokios profesijos, keit\u0117 darbus, viena po kitos i\u0161iro kelios jo \u0161eimos&#8230;<\/p>\n<p>Atsakymo \u012f \u0161\u012f klausim\u0105 \u0117m\u0117 ie\u0161koti ne tik profesional\u016bs psichologai, bet ir ra\u0161ytojai, verslininkai, dvasininkai \u2013 \u017emon\u0117s, pa\u017ein\u0119 gyvenimo skon\u012f, tikrieji praktikai, savo pastangomis u\u017ekop\u0119 \u012f s\u0117km\u0117s vir\u0161\u016bnes, nutv\u0117r\u0119 u\u017e uodegos laim\u0117s pauk\u0161t\u0119 ir panor\u0119 savo patirtimi pasidalyti su kitais. Taip XIX am\u017eiaus viduryje u\u017egim\u0117 vadinamoji savigalbos (self help) literat\u016bra. Dabar turime de\u0161imtis t\u016bkstan\u010di\u0173 jos pavyzd\u017ei\u0173 \u2013 nuo grynai praktini\u0173 patarim\u0173, kaip elgtis tam tikrose situacijose, iki \u012fsp\u016bding\u0173 filosofini\u0173, metafizini\u0173 ir dvasini\u0173 ie\u0161kojim\u0173 apie gyvenimo ir b\u016bties prasm\u0119.<\/p>\n<p>\u012e \u0161i\u0105 knyg\u0105 sud\u0117ti k\u016briniai priklauso savigalbos literat\u016bros aukso fondui. Para\u0161yti prie\u0161 daugiau nei \u0161imt\u0105 met\u0173, jie \u0161iandien yra tokie pat aktual\u016bs ir reikalingi, kokie buvo savo laiku.<\/p>\n","protected":false},"excerpt":{"rendered":"<p>\u0160tai klasikin\u0117 situacija, kuri i\u0161tisus \u0161imtme\u010dius neduoda ramyb\u0117s \u012fvairiausi\u0173 kryp\u010di\u0173 psichologams ir \u017emogaus likimo tyrin\u0117tojams. Du \u017emon\u0117s gim\u0117 toje pa\u010dioje gatv\u0117je, j\u0173 t\u0117v\u0173 pad\u0117tis buvo pana\u0161i, jie mok\u0117si toje pat mokykloje, gyveno toje pat aplinkoje, bet&#8230; Kod\u0117l taip atsitiko, kad vienas per gyvenim\u0105 \u0117jo lengvai, suk\u016br\u0117 tvirt\u0105 \u0161eim\u0105, materiali\u0105 gerov\u0119, jam viskas sek\u0117si, o kitas taip ir neprad\u0117jo gyventi, ne\u012fgijo jokios profesijos, keit\u0117 darbus, viena po kitos i\u0161iro kelios jo \u0161eimos&#8230; Atsakymo \u012f \u0161\u012f klausim\u0105 \u0117m\u0117 ie\u0161koti ne tik profesional\u016bs psichologai, bet ir ra\u0161ytojai, verslininkai, dvasininkai \u2013 \u017emon\u0117s, pa\u017ein\u0119 gyvenimo skon\u012f, tikrieji praktikai, savo pastangomis u\u017ekop\u0119 \u012f s\u0117km\u0117s vir\u0161\u016bnes, nutv\u0117r\u0119 u\u017e uodegos laim\u0117s pauk\u0161t\u0119 ir panor\u0119 savo patirtimi pasidalyti su kitais. Taip XIX am\u017eiaus viduryje u\u017egim\u0117 vadinamoji savigalbos (self help) literat\u016bra. Dabar turime de\u0161imtis t\u016bkstan\u010di\u0173 jos pavyzd\u017ei\u0173 \u2013 nuo grynai praktini\u0173 patarim\u0173, kaip elgtis tam tikrose situacijose, iki \u012fsp\u016bding\u0173 filosofini\u0173, metafizini\u0173 ir dvasini\u0173 ie\u0161kojim\u0173 apie gyvenimo ir b\u016bties prasm\u0119. \u012e \u0161i\u0105 knyg\u0105 sud\u0117ti k\u016briniai priklauso savigalbos literat\u016bros aukso fondui. Para\u0161yti prie\u0161 daugiau nei \u0161imt\u0105 met\u0173, jie \u0161iandien yra tokie pat aktual\u016bs ir reikalingi, kokie buvo savo laiku.<\/p>\n","protected":false},"featured_media":26442,"comment_status":"open","ping_status":"closed","template":"","meta":{"_acf_changed":false,"site-sidebar-layout":"default","site-content-layout":"","ast-site-content-layout":"default","site-content-style":"default","site-sidebar-style":"default","ast-global-header-display":"","ast-banner-title-visibility":"","ast-main-header-display":"","ast-hfb-above-header-display":"","ast-hfb-below-header-display":"","ast-hfb-mobile-header-display":"","site-post-title":"","ast-breadcrumbs-content":"","ast-featured-img":"","footer-sml-layout":"","ast-disable-related-posts":"","theme-transparent-header-meta":"","adv-header-id-meta":"","stick-header-meta":"","header-above-stick-meta":"","header-main-stick-meta":"","header-below-stick-meta":"","astra-migrate-meta-layouts":"default","ast-page-background-enabled":"default","ast-page-background-meta":{"desktop":{"background-color":"","background-image":"","background-repeat":"repeat","background-position":"center center","background-size":"auto","background-attachment":"scroll","background-type":"","background-media":"","overlay-type":"","overlay-color":"","overlay-opacity":"","overlay-gradient":""},"tablet":{"background-color":"","background-image":"","background-repeat":"repeat","background-position":"center center","background-size":"auto","background-attachment":"scroll","background-type":"","background-media":"","overlay-type":"","overlay-color":"","overlay-opacity":"","overlay-gradient":""},"mobile":{"background-color":"","background-image":"","background-repeat":"repeat","background-position":"center center","background-size":"auto","background-attachment":"scroll","background-type":"","background-media":"","overlay-type":"","overlay-color":"","overlay-opacity":"","overlay-gradient":""}},"ast-content-background-meta":{"desktop":{"background-color":"var(--ast-global-color-4)","background-image":"","background-repeat":"repeat","background-position":"center center","background-size":"auto","background-attachment":"scroll","background-type":"","background-media":"","overlay-type":"","overlay-color":"","overlay-opacity":"","overlay-gradient":""},"tablet":{"background-color":"var(--ast-global-color-4)","background-image":"","background-repeat":"repeat","background-position":"center center","background-size":"auto","background-attachment":"scroll","background-type":"","background-media":"","overlay-type":"","overlay-color":"","overlay-opacity":"","overlay-gradient":""},"mobile":{"background-color":"var(--ast-global-color-4)","background-image":"","background-repeat":"repeat","background-position":"center center","background-size":"auto","background-attachment":"scroll","background-type":"","background-media":"","overlay-type":"","overlay-color":"","overlay-opacity":"","overlay-gradient":""}}},"product_brand":[],"product_cat":[30],"product_tag":[],"class_list":{"0":"post-26433","1":"product","2":"type-product","3":"status-publish","4":"has-post-thumbnail","6":"product_cat-psichologija-ir-saviugda","7":"desktop-align-left","8":"tablet-align-left","9":"mobile-align-left","11":"first","12":"instock","13":"shipping-taxable","14":"purchasable","15":"product-type-simple"},"acf":[],"yoast_head":"<!-- This site is optimized with the Yoast SEO plugin v27.4 - https:\/\/yoast.com\/product\/yoast-seo-wordpress\/ -->\n<title>Deimant\u0173 akrai<\/title>\n<meta name=\"description\" content=\"\u0160tai klasikin\u0117 situacija, kuri i\u0161tisus \u0161imtme\u010dius neduoda ramyb\u0117s \u012fvairiausi\u0173 kryp\u010di\u0173 psichologams ir \u017emogaus likimo tyrin\u0117tojams. Du \u017emon\u0117s gim\u0117 toje\" \/>\n<meta name=\"robots\" content=\"index, follow, max-snippet:-1, max-image-preview:large, max-video-preview:-1\" \/>\n<link rel=\"canonical\" href=\"https:\/\/skaitytaknyga.lt\/en\/produktas\/deimantu-akrai\/\" \/>\n<meta property=\"og:locale\" content=\"en_GB\" \/>\n<meta property=\"og:locale:alternate\" content=\"lt_LT\" \/>\n<meta property=\"og:type\" content=\"article\" \/>\n<meta property=\"og:title\" content=\"Deimant\u0173 akrai\" \/>\n<meta property=\"og:description\" content=\"\u0160tai klasikin\u0117 situacija, kuri i\u0161tisus \u0161imtme\u010dius neduoda ramyb\u0117s \u012fvairiausi\u0173 kryp\u010di\u0173 psichologams ir \u017emogaus likimo tyrin\u0117tojams. Du \u017emon\u0117s gim\u0117 toje\" \/>\n<meta property=\"og:url\" content=\"https:\/\/skaitytaknyga.lt\/en\/produktas\/deimantu-akrai\/\" \/>\n<meta property=\"og:site_name\" content=\"Skaitytaknyga\" \/>\n<meta property=\"article:publisher\" content=\"https:\/\/www.facebook.com\/skaitytaknyga\/\" \/>\n<meta property=\"article:modified_time\" content=\"2026-05-05T17:32:53+00:00\" \/>\n<meta property=\"og:image\" content=\"https:\/\/skaitytaknyga.lt\/wp-content\/uploads\/2026\/05\/Deimantu-akrai-e1778001860199.webp\" \/>\n\t<meta property=\"og:image:width\" content=\"300\" \/>\n\t<meta property=\"og:image:height\" content=\"430\" \/>\n\t<meta property=\"og:image:type\" content=\"image\/webp\" \/>\n<meta name=\"twitter:card\" content=\"summary_large_image\" \/>\n<meta name=\"twitter:label1\" content=\"Estimated reading time\" \/>\n\t<meta name=\"twitter:data1\" content=\"1 minute\" \/>\n<script type=\"application\/ld+json\" class=\"yoast-schema-graph\">{\"@context\":\"https:\\\/\\\/schema.org\",\"@graph\":[{\"@type\":\"WebPage\",\"@id\":\"https:\\\/\\\/skaitytaknyga.lt\\\/produktas\\\/deimantu-akrai\\\/\",\"url\":\"https:\\\/\\\/skaitytaknyga.lt\\\/produktas\\\/deimantu-akrai\\\/\",\"name\":\"Deimant\u0173 akrai\",\"isPartOf\":{\"@id\":\"https:\\\/\\\/skaitytaknyga.lt\\\/#website\"},\"primaryImageOfPage\":{\"@id\":\"https:\\\/\\\/skaitytaknyga.lt\\\/produktas\\\/deimantu-akrai\\\/#primaryimage\"},\"image\":{\"@id\":\"https:\\\/\\\/skaitytaknyga.lt\\\/produktas\\\/deimantu-akrai\\\/#primaryimage\"},\"thumbnailUrl\":\"https:\\\/\\\/skaitytaknyga.lt\\\/wp-content\\\/uploads\\\/2026\\\/05\\\/Deimantu-akrai-e1778001860199.webp\",\"datePublished\":\"2026-04-29T06:40:27+00:00\",\"dateModified\":\"2026-05-05T17:32:53+00:00\",\"description\":\"\u0160tai klasikin\u0117 situacija, kuri i\u0161tisus \u0161imtme\u010dius neduoda ramyb\u0117s \u012fvairiausi\u0173 kryp\u010di\u0173 psichologams ir \u017emogaus likimo tyrin\u0117tojams. Du \u017emon\u0117s gim\u0117 toje\",\"breadcrumb\":{\"@id\":\"https:\\\/\\\/skaitytaknyga.lt\\\/produktas\\\/deimantu-akrai\\\/#breadcrumb\"},\"inLanguage\":\"en-GB\",\"potentialAction\":[{\"@type\":\"ReadAction\",\"target\":[\"https:\\\/\\\/skaitytaknyga.lt\\\/produktas\\\/deimantu-akrai\\\/\"]}]},{\"@type\":\"ImageObject\",\"inLanguage\":\"en-GB\",\"@id\":\"https:\\\/\\\/skaitytaknyga.lt\\\/produktas\\\/deimantu-akrai\\\/#primaryimage\",\"url\":\"https:\\\/\\\/skaitytaknyga.lt\\\/wp-content\\\/uploads\\\/2026\\\/05\\\/Deimantu-akrai-e1778001860199.webp\",\"contentUrl\":\"https:\\\/\\\/skaitytaknyga.lt\\\/wp-content\\\/uploads\\\/2026\\\/05\\\/Deimantu-akrai-e1778001860199.webp\",\"width\":300,\"height\":430,\"caption\":\"Deimant\u0173 akrai\"},{\"@type\":\"BreadcrumbList\",\"@id\":\"https:\\\/\\\/skaitytaknyga.lt\\\/produktas\\\/deimantu-akrai\\\/#breadcrumb\",\"itemListElement\":[{\"@type\":\"ListItem\",\"position\":1,\"name\":\"Home\",\"item\":\"https:\\\/\\\/skaitytaknyga.lt\\\/\"},{\"@type\":\"ListItem\",\"position\":2,\"name\":\"Parduotuv\u0117\",\"item\":\"https:\\\/\\\/skaitytaknyga.lt\\\/knygu-parduotuve\\\/\"},{\"@type\":\"ListItem\",\"position\":3,\"name\":\"Deimant\u0173 akrai\"}]},{\"@type\":\"WebSite\",\"@id\":\"https:\\\/\\\/skaitytaknyga.lt\\\/#website\",\"url\":\"https:\\\/\\\/skaitytaknyga.lt\\\/\",\"name\":\"skaitytaknyga.lt\",\"description\":\"Skaitytaknyga.lt \u2013 tai ma\u017eas \u0161eimos verslas, kuris prasid\u0117jo nuo meil\u0117s knygoms ir siekio i\u0161gelb\u0117ti knygas nuo likimo prie konteinerio. Kas vienam nereikalingas daiktas \u2013 kitam lobis, o mes esame tarpininkai, kurie padeda abiems tapti laimingesniems ???? \u017dinome kaip nelengva i\u0161gyventi ma\u017eiems verslams, tad nuo \u0161iol, \u010dia rasite ir kit\u0173, ma\u017e\u0173 \u0161eim\u0173 versl\u0173, rank\u0173 darbo, dovan\u0173 sau ir artimiesiems.\",\"publisher\":{\"@id\":\"https:\\\/\\\/skaitytaknyga.lt\\\/#organization\"},\"potentialAction\":[{\"@type\":\"SearchAction\",\"target\":{\"@type\":\"EntryPoint\",\"urlTemplate\":\"https:\\\/\\\/skaitytaknyga.lt\\\/?s={search_term_string}\"},\"query-input\":{\"@type\":\"PropertyValueSpecification\",\"valueRequired\":true,\"valueName\":\"search_term_string\"}}],\"inLanguage\":\"en-GB\"},{\"@type\":\"Organization\",\"@id\":\"https:\\\/\\\/skaitytaknyga.lt\\\/#organization\",\"name\":\"skaitytaknyga.lt\",\"url\":\"https:\\\/\\\/skaitytaknyga.lt\\\/\",\"logo\":{\"@type\":\"ImageObject\",\"inLanguage\":\"en-GB\",\"@id\":\"https:\\\/\\\/skaitytaknyga.lt\\\/#\\\/schema\\\/logo\\\/image\\\/\",\"url\":\"https:\\\/\\\/skaitytaknyga.lt\\\/wp-content\\\/uploads\\\/2024\\\/05\\\/cropped-cropped-cropped-02_00843_jt3bggkj1j3HLc7SyY6rEUpg.jpeg\",\"contentUrl\":\"https:\\\/\\\/skaitytaknyga.lt\\\/wp-content\\\/uploads\\\/2024\\\/05\\\/cropped-cropped-cropped-02_00843_jt3bggkj1j3HLc7SyY6rEUpg.jpeg\",\"width\":1600,\"height\":1600,\"caption\":\"skaitytaknyga.lt\"},\"image\":{\"@id\":\"https:\\\/\\\/skaitytaknyga.lt\\\/#\\\/schema\\\/logo\\\/image\\\/\"},\"sameAs\":[\"https:\\\/\\\/www.facebook.com\\\/skaitytaknyga\\\/\"]}]}<\/script>\n<!-- \/ Yoast SEO plugin. -->","yoast_head_json":{"title":"Deimant\u0173 akrai","description":"\u0160tai klasikin\u0117 situacija, kuri i\u0161tisus \u0161imtme\u010dius neduoda ramyb\u0117s \u012fvairiausi\u0173 kryp\u010di\u0173 psichologams ir \u017emogaus likimo tyrin\u0117tojams. Du \u017emon\u0117s gim\u0117 toje","robots":{"index":"index","follow":"follow","max-snippet":"max-snippet:-1","max-image-preview":"max-image-preview:large","max-video-preview":"max-video-preview:-1"},"canonical":"https:\/\/skaitytaknyga.lt\/en\/produktas\/deimantu-akrai\/","og_locale":"en_GB","og_type":"article","og_title":"[:lt]Deimant\u0173 akrai[:] - Skaitytaknyga","og_description":"\u0160tai klasikin\u0117 situacija, kuri i\u0161tisus \u0161imtme\u010dius neduoda ramyb\u0117s \u012fvairiausi\u0173 kryp\u010di\u0173 psichologams ir \u017emogaus likimo tyrin\u0117tojams. Du \u017emon\u0117s gim\u0117 toje","og_url":"https:\/\/skaitytaknyga.lt\/en\/produktas\/deimantu-akrai\/","og_site_name":"Skaitytaknyga","article_publisher":"https:\/\/www.facebook.com\/skaitytaknyga\/","article_modified_time":"2026-05-05T17:32:53+00:00","og_image":[{"width":300,"height":430,"url":"https:\/\/skaitytaknyga.lt\/wp-content\/uploads\/2026\/05\/Deimantu-akrai-e1778001860199.webp","type":"image\/webp"}],"twitter_card":"summary_large_image","twitter_misc":{"Estimated reading time":"1 minute"},"schema":{"@context":"https:\/\/schema.org","@graph":[{"@type":"WebPage","@id":"https:\/\/skaitytaknyga.lt\/produktas\/deimantu-akrai\/","url":"https:\/\/skaitytaknyga.lt\/produktas\/deimantu-akrai\/","name":"Deimant\u0173 akrai","isPartOf":{"@id":"https:\/\/skaitytaknyga.lt\/#website"},"primaryImageOfPage":{"@id":"https:\/\/skaitytaknyga.lt\/produktas\/deimantu-akrai\/#primaryimage"},"image":{"@id":"https:\/\/skaitytaknyga.lt\/produktas\/deimantu-akrai\/#primaryimage"},"thumbnailUrl":"https:\/\/skaitytaknyga.lt\/wp-content\/uploads\/2026\/05\/Deimantu-akrai-e1778001860199.webp","datePublished":"2026-04-29T06:40:27+00:00","dateModified":"2026-05-05T17:32:53+00:00","description":"\u0160tai klasikin\u0117 situacija, kuri i\u0161tisus \u0161imtme\u010dius neduoda ramyb\u0117s \u012fvairiausi\u0173 kryp\u010di\u0173 psichologams ir \u017emogaus likimo tyrin\u0117tojams. Du \u017emon\u0117s gim\u0117 toje","breadcrumb":{"@id":"https:\/\/skaitytaknyga.lt\/produktas\/deimantu-akrai\/#breadcrumb"},"inLanguage":"en-GB","potentialAction":[{"@type":"ReadAction","target":["https:\/\/skaitytaknyga.lt\/produktas\/deimantu-akrai\/"]}]},{"@type":"ImageObject","inLanguage":"en-GB","@id":"https:\/\/skaitytaknyga.lt\/produktas\/deimantu-akrai\/#primaryimage","url":"https:\/\/skaitytaknyga.lt\/wp-content\/uploads\/2026\/05\/Deimantu-akrai-e1778001860199.webp","contentUrl":"https:\/\/skaitytaknyga.lt\/wp-content\/uploads\/2026\/05\/Deimantu-akrai-e1778001860199.webp","width":300,"height":430,"caption":"Deimant\u0173 akrai"},{"@type":"BreadcrumbList","@id":"https:\/\/skaitytaknyga.lt\/produktas\/deimantu-akrai\/#breadcrumb","itemListElement":[{"@type":"ListItem","position":1,"name":"Home","item":"https:\/\/skaitytaknyga.lt\/"},{"@type":"ListItem","position":2,"name":"Parduotuv\u0117","item":"https:\/\/skaitytaknyga.lt\/knygu-parduotuve\/"},{"@type":"ListItem","position":3,"name":"Deimant\u0173 akrai"}]},{"@type":"WebSite","@id":"https:\/\/skaitytaknyga.lt\/#website","url":"https:\/\/skaitytaknyga.lt\/","name":"skaitytaknyga.lt","description":"Skaitytaknyga.lt \u2013 tai ma\u017eas \u0161eimos verslas, kuris prasid\u0117jo nuo meil\u0117s knygoms ir siekio i\u0161gelb\u0117ti knygas nuo likimo prie konteinerio. Kas vienam nereikalingas daiktas \u2013 kitam lobis, o mes esame tarpininkai, kurie padeda abiems tapti laimingesniems ???? \u017dinome kaip nelengva i\u0161gyventi ma\u017eiems verslams, tad nuo \u0161iol, \u010dia rasite ir kit\u0173, ma\u017e\u0173 \u0161eim\u0173 versl\u0173, rank\u0173 darbo, dovan\u0173 sau ir artimiesiems.","publisher":{"@id":"https:\/\/skaitytaknyga.lt\/#organization"},"potentialAction":[{"@type":"SearchAction","target":{"@type":"EntryPoint","urlTemplate":"https:\/\/skaitytaknyga.lt\/?s={search_term_string}"},"query-input":{"@type":"PropertyValueSpecification","valueRequired":true,"valueName":"search_term_string"}}],"inLanguage":"en-GB"},{"@type":"Organization","@id":"https:\/\/skaitytaknyga.lt\/#organization","name":"skaitytaknyga.lt","url":"https:\/\/skaitytaknyga.lt\/","logo":{"@type":"ImageObject","inLanguage":"en-GB","@id":"https:\/\/skaitytaknyga.lt\/#\/schema\/logo\/image\/","url":"https:\/\/skaitytaknyga.lt\/wp-content\/uploads\/2024\/05\/cropped-cropped-cropped-02_00843_jt3bggkj1j3HLc7SyY6rEUpg.jpeg","contentUrl":"https:\/\/skaitytaknyga.lt\/wp-content\/uploads\/2024\/05\/cropped-cropped-cropped-02_00843_jt3bggkj1j3HLc7SyY6rEUpg.jpeg","width":1600,"height":1600,"caption":"skaitytaknyga.lt"},"image":{"@id":"https:\/\/skaitytaknyga.lt\/#\/schema\/logo\/image\/"},"sameAs":["https:\/\/www.facebook.com\/skaitytaknyga\/"]}]}},"_links":{"self":[{"href":"https:\/\/skaitytaknyga.lt\/en\/wp-json\/wp\/v2\/product\/26433","targetHints":{"allow":["GET"]}}],"collection":[{"href":"https:\/\/skaitytaknyga.lt\/en\/wp-json\/wp\/v2\/product"}],"about":[{"href":"https:\/\/skaitytaknyga.lt\/en\/wp-json\/wp\/v2\/types\/product"}],"replies":[{"embeddable":true,"href":"https:\/\/skaitytaknyga.lt\/en\/wp-json\/wp\/v2\/comments?post=26433"}],"wp:featuredmedia":[{"embeddable":true,"href":"https:\/\/skaitytaknyga.lt\/en\/wp-json\/wp\/v2\/media\/26442"}],"wp:attachment":[{"href":"https:\/\/skaitytaknyga.lt\/en\/wp-json\/wp\/v2\/media?parent=26433"}],"wp:term":[{"taxonomy":"product_brand","embeddable":true,"href":"https:\/\/skaitytaknyga.lt\/en\/wp-json\/wp\/v2\/product_brand?post=26433"},{"taxonomy":"product_cat","embeddable":true,"href":"https:\/\/skaitytaknyga.lt\/en\/wp-json\/wp\/v2\/product_cat?post=26433"},{"taxonomy":"product_tag","embeddable":true,"href":"https:\/\/skaitytaknyga.lt\/en\/wp-json\/wp\/v2\/product_tag?post=26433"}],"curies":[{"name":"wp","href":"https:\/\/api.w.org\/{rel}","templated":true}]}}