{"id":26432,"date":"2026-04-29T09:40:27","date_gmt":"2026-04-29T06:40:27","guid":{"rendered":"https:\/\/skaitytaknyga.lt\/?post_type=product&#038;p=26432"},"modified":"2026-05-04T10:21:49","modified_gmt":"2026-05-04T07:21:49","slug":"paskutinis-gundymas","status":"publish","type":"product","link":"https:\/\/skaitytaknyga.lt\/en\/produktas\/paskutinis-gundymas\/","title":{"rendered":"Paskutinis gundymas"},"content":{"rendered":"<p><strong>Nikos Kazandzakis<\/strong>\u00a0(1883\u20131957) \u2013 vienas i\u0161kiliausi\u0173 XX a. graik\u0173 ra\u0161ytoj\u0173, filosof\u0173 ir pasaulin\u0117s literat\u016bros klasik\u0173. Paskutinis gundymas \u2013 tai epas apie J\u0117z\u0173, jo kelion\u0119 ir tapsm\u0105 Gelb\u0117toju; tiksliau \u2013 tai pasakojimas apie \u017emogaus pareig\u0105, nujau\u010diant pasaulio pabaig\u0105 ir siekiant i\u0161sigelb\u0117jimo ne tik sau, bet ir \u017emonijai.<\/p>\n<p>Autorius, pasitelk\u0119s biblin\u012f siu\u017eet\u0105, sukuria kitok\u012f \u2013 tikrovi\u0161k\u0105 ir tragi\u0161k\u0105 \u2013 J\u0117zaus paveiksl\u0105 ir parodo, jog vienintelis kelias \u012f i\u0161sigelb\u0117jim\u0105 yra aukojimasis pareigai ir pa\u0161aukimui: jei ta pareiga yra Dievas, tai J\u0117zaus kelias \u012f Diev\u0105 toks pat sud\u0117tingas ir kupinas pagund\u0173 kaip ir kiekvieno \u017emogaus.<\/p>\n<p>Paskutinis gundymas, jo vertimai ir to paties pavadinimo Martino Scorseses filmas (1988 m.) kelet\u0105 de\u0161imtme\u010di\u0173 provokavo a\u0161trias diskusijas literat\u016bros ir kino kritik\u0173 tarpe, o Europos krik\u0161\u010dioni\u0173, Graikijos akademiniuose ir politiniuose u\u017ekulisiuose tebevyksta rimti gin\u010dai d\u0117l teologin\u0117s k\u016brinio temos ir menin\u0117s J\u0117zaus biografijos interpretacijos.<\/p>\n<p>Knygos turinys ne kart\u0105 buvo pavadintas \u0161ventvagi\u0161ku, sykiu ir genialiu, o autorius \u2013 \u0161i\u0173 laik\u0173 prana\u0161u \u2013 eretiku.<\/p>\n","protected":false},"excerpt":{"rendered":"<p>Nikos Kazandzakis\u00a0(1883\u20131957) \u2013 vienas i\u0161kiliausi\u0173 XX a. graik\u0173 ra\u0161ytoj\u0173, filosof\u0173 ir pasaulin\u0117s literat\u016bros klasik\u0173. Paskutinis gundymas \u2013 tai epas apie J\u0117z\u0173, jo kelion\u0119 ir tapsm\u0105 Gelb\u0117toju; tiksliau \u2013 tai pasakojimas apie \u017emogaus pareig\u0105, nujau\u010diant pasaulio pabaig\u0105 ir siekiant i\u0161sigelb\u0117jimo ne tik sau, bet ir \u017emonijai. Autorius, pasitelk\u0119s biblin\u012f siu\u017eet\u0105, sukuria kitok\u012f \u2013 tikrovi\u0161k\u0105 ir tragi\u0161k\u0105 \u2013 J\u0117zaus paveiksl\u0105 ir parodo, jog vienintelis kelias \u012f i\u0161sigelb\u0117jim\u0105 yra aukojimasis pareigai ir pa\u0161aukimui: jei ta pareiga yra Dievas, tai J\u0117zaus kelias \u012f Diev\u0105 toks pat sud\u0117tingas ir kupinas pagund\u0173 kaip ir kiekvieno \u017emogaus. Paskutinis gundymas, jo vertimai ir to paties pavadinimo Martino Scorseses filmas (1988 m.) kelet\u0105 de\u0161imtme\u010di\u0173 provokavo a\u0161trias diskusijas literat\u016bros ir kino kritik\u0173 tarpe, o Europos krik\u0161\u010dioni\u0173, Graikijos akademiniuose ir politiniuose u\u017ekulisiuose tebevyksta rimti gin\u010dai d\u0117l teologin\u0117s k\u016brinio temos ir menin\u0117s J\u0117zaus biografijos interpretacijos. Knygos turinys ne kart\u0105 buvo pavadintas \u0161ventvagi\u0161ku, sykiu ir genialiu, o autorius \u2013 \u0161i\u0173 laik\u0173 prana\u0161u \u2013 eretiku.<\/p>\n","protected":false},"featured_media":26440,"comment_status":"open","ping_status":"closed","template":"","meta":{"_acf_changed":false,"site-sidebar-layout":"default","site-content-layout":"","ast-site-content-layout":"default","site-content-style":"default","site-sidebar-style":"default","ast-global-header-display":"","ast-banner-title-visibility":"","ast-main-header-display":"","ast-hfb-above-header-display":"","ast-hfb-below-header-display":"","ast-hfb-mobile-header-display":"","site-post-title":"","ast-breadcrumbs-content":"","ast-featured-img":"","footer-sml-layout":"","ast-disable-related-posts":"","theme-transparent-header-meta":"default","adv-header-id-meta":"","stick-header-meta":"","header-above-stick-meta":"","header-main-stick-meta":"","header-below-stick-meta":"","astra-migrate-meta-layouts":"set","ast-page-background-enabled":"default","ast-page-background-meta":{"desktop":{"background-color":"","background-image":"","background-repeat":"repeat","background-position":"center center","background-size":"auto","background-attachment":"scroll","background-type":"","background-media":"","overlay-type":"","overlay-color":"","overlay-opacity":"","overlay-gradient":""},"tablet":{"background-color":"","background-image":"","background-repeat":"repeat","background-position":"center center","background-size":"auto","background-attachment":"scroll","background-type":"","background-media":"","overlay-type":"","overlay-color":"","overlay-opacity":"","overlay-gradient":""},"mobile":{"background-color":"","background-image":"","background-repeat":"repeat","background-position":"center center","background-size":"auto","background-attachment":"scroll","background-type":"","background-media":"","overlay-type":"","overlay-color":"","overlay-opacity":"","overlay-gradient":""}},"ast-content-background-meta":{"desktop":{"background-color":"var(--ast-global-color-4)","background-image":"","background-repeat":"repeat","background-position":"center center","background-size":"auto","background-attachment":"scroll","background-type":"","background-media":"","overlay-type":"","overlay-color":"","overlay-opacity":"","overlay-gradient":""},"tablet":{"background-color":"var(--ast-global-color-4)","background-image":"","background-repeat":"repeat","background-position":"center center","background-size":"auto","background-attachment":"scroll","background-type":"","background-media":"","overlay-type":"","overlay-color":"","overlay-opacity":"","overlay-gradient":""},"mobile":{"background-color":"var(--ast-global-color-4)","background-image":"","background-repeat":"repeat","background-position":"center center","background-size":"auto","background-attachment":"scroll","background-type":"","background-media":"","overlay-type":"","overlay-color":"","overlay-opacity":"","overlay-gradient":""}}},"product_brand":[],"product_cat":[9618,15],"product_tag":[],"class_list":{"0":"post-26432","1":"product","2":"type-product","3":"status-publish","4":"has-post-thumbnail","6":"product_cat-istoriniai-romanai","7":"product_cat-uncategorized","8":"desktop-align-left","9":"tablet-align-left","10":"mobile-align-left","12":"first","13":"instock","14":"shipping-taxable","15":"purchasable","16":"product-type-simple"},"acf":[],"yoast_head":"<!-- This site is optimized with the Yoast SEO plugin v27.4 - https:\/\/yoast.com\/product\/yoast-seo-wordpress\/ -->\n<title>Paskutinis gundymas<\/title>\n<meta name=\"description\" content=\"Nikos Kazandzakis\u00a0(1883\u20131957) \u2013 vienas i\u0161kiliausi\u0173 XX a. graik\u0173 ra\u0161ytoj\u0173, filosof\u0173 ir pasaulin\u0117s literat\u016bros klasik\u0173. Paskutinis gundymas \u2013 tai epas apie\" \/>\n<meta name=\"robots\" content=\"index, follow, max-snippet:-1, max-image-preview:large, max-video-preview:-1\" \/>\n<link rel=\"canonical\" href=\"https:\/\/skaitytaknyga.lt\/en\/produktas\/paskutinis-gundymas\/\" \/>\n<meta property=\"og:locale\" content=\"en_GB\" \/>\n<meta property=\"og:locale:alternate\" content=\"lt_LT\" \/>\n<meta property=\"og:type\" content=\"article\" \/>\n<meta property=\"og:title\" content=\"Paskutinis gundymas\" \/>\n<meta property=\"og:description\" content=\"Nikos Kazandzakis\u00a0(1883\u20131957) \u2013 vienas i\u0161kiliausi\u0173 XX a. graik\u0173 ra\u0161ytoj\u0173, filosof\u0173 ir pasaulin\u0117s literat\u016bros klasik\u0173. Paskutinis gundymas \u2013 tai epas apie\" \/>\n<meta property=\"og:url\" content=\"https:\/\/skaitytaknyga.lt\/en\/produktas\/paskutinis-gundymas\/\" \/>\n<meta property=\"og:site_name\" content=\"Skaitytaknyga\" \/>\n<meta property=\"article:publisher\" content=\"https:\/\/www.facebook.com\/skaitytaknyga\/\" \/>\n<meta property=\"article:modified_time\" content=\"2026-05-04T07:21:49+00:00\" \/>\n<meta property=\"og:image\" content=\"https:\/\/skaitytaknyga.lt\/wp-content\/uploads\/2024\/07\/skaitytaknyga.png\" \/>\n\t<meta property=\"og:image:width\" content=\"747\" \/>\n\t<meta property=\"og:image:height\" content=\"496\" \/>\n\t<meta property=\"og:image:type\" content=\"image\/png\" \/>\n<meta name=\"twitter:card\" content=\"summary_large_image\" \/>\n<meta name=\"twitter:label1\" content=\"Estimated reading time\" \/>\n\t<meta name=\"twitter:data1\" content=\"1 minute\" \/>\n<script type=\"application\/ld+json\" class=\"yoast-schema-graph\">{\"@context\":\"https:\\\/\\\/schema.org\",\"@graph\":[{\"@type\":\"WebPage\",\"@id\":\"https:\\\/\\\/skaitytaknyga.lt\\\/produktas\\\/paskutinis-gundymas\\\/\",\"url\":\"https:\\\/\\\/skaitytaknyga.lt\\\/produktas\\\/paskutinis-gundymas\\\/\",\"name\":\"Paskutinis gundymas\",\"isPartOf\":{\"@id\":\"https:\\\/\\\/skaitytaknyga.lt\\\/#website\"},\"primaryImageOfPage\":{\"@id\":\"https:\\\/\\\/skaitytaknyga.lt\\\/produktas\\\/paskutinis-gundymas\\\/#primaryimage\"},\"image\":{\"@id\":\"https:\\\/\\\/skaitytaknyga.lt\\\/produktas\\\/paskutinis-gundymas\\\/#primaryimage\"},\"thumbnailUrl\":\"https:\\\/\\\/skaitytaknyga.lt\\\/wp-content\\\/uploads\\\/2026\\\/04\\\/Paskutinis-gundymas.webp\",\"datePublished\":\"2026-04-29T06:40:27+00:00\",\"dateModified\":\"2026-05-04T07:21:49+00:00\",\"description\":\"Nikos Kazandzakis\u00a0(1883\u20131957) \u2013 vienas i\u0161kiliausi\u0173 XX a. graik\u0173 ra\u0161ytoj\u0173, filosof\u0173 ir pasaulin\u0117s literat\u016bros klasik\u0173. Paskutinis gundymas \u2013 tai epas apie\",\"breadcrumb\":{\"@id\":\"https:\\\/\\\/skaitytaknyga.lt\\\/produktas\\\/paskutinis-gundymas\\\/#breadcrumb\"},\"inLanguage\":\"en-GB\",\"potentialAction\":[{\"@type\":\"ReadAction\",\"target\":[\"https:\\\/\\\/skaitytaknyga.lt\\\/produktas\\\/paskutinis-gundymas\\\/\"]}]},{\"@type\":\"ImageObject\",\"inLanguage\":\"en-GB\",\"@id\":\"https:\\\/\\\/skaitytaknyga.lt\\\/produktas\\\/paskutinis-gundymas\\\/#primaryimage\",\"url\":\"https:\\\/\\\/skaitytaknyga.lt\\\/wp-content\\\/uploads\\\/2026\\\/04\\\/Paskutinis-gundymas.webp\",\"contentUrl\":\"https:\\\/\\\/skaitytaknyga.lt\\\/wp-content\\\/uploads\\\/2026\\\/04\\\/Paskutinis-gundymas.webp\",\"width\":341,\"height\":542,\"caption\":\"Paskutinis gundymas\"},{\"@type\":\"BreadcrumbList\",\"@id\":\"https:\\\/\\\/skaitytaknyga.lt\\\/produktas\\\/paskutinis-gundymas\\\/#breadcrumb\",\"itemListElement\":[{\"@type\":\"ListItem\",\"position\":1,\"name\":\"Home\",\"item\":\"https:\\\/\\\/skaitytaknyga.lt\\\/\"},{\"@type\":\"ListItem\",\"position\":2,\"name\":\"Parduotuv\u0117\",\"item\":\"https:\\\/\\\/skaitytaknyga.lt\\\/knygu-parduotuve\\\/\"},{\"@type\":\"ListItem\",\"position\":3,\"name\":\"Paskutinis gundymas\"}]},{\"@type\":\"WebSite\",\"@id\":\"https:\\\/\\\/skaitytaknyga.lt\\\/#website\",\"url\":\"https:\\\/\\\/skaitytaknyga.lt\\\/\",\"name\":\"skaitytaknyga.lt\",\"description\":\"Skaitytaknyga.lt \u2013 tai ma\u017eas \u0161eimos verslas, kuris prasid\u0117jo nuo meil\u0117s knygoms ir siekio i\u0161gelb\u0117ti knygas nuo likimo prie konteinerio. Kas vienam nereikalingas daiktas \u2013 kitam lobis, o mes esame tarpininkai, kurie padeda abiems tapti laimingesniems ???? \u017dinome kaip nelengva i\u0161gyventi ma\u017eiems verslams, tad nuo \u0161iol, \u010dia rasite ir kit\u0173, ma\u017e\u0173 \u0161eim\u0173 versl\u0173, rank\u0173 darbo, dovan\u0173 sau ir artimiesiems.\",\"publisher\":{\"@id\":\"https:\\\/\\\/skaitytaknyga.lt\\\/#organization\"},\"potentialAction\":[{\"@type\":\"SearchAction\",\"target\":{\"@type\":\"EntryPoint\",\"urlTemplate\":\"https:\\\/\\\/skaitytaknyga.lt\\\/?s={search_term_string}\"},\"query-input\":{\"@type\":\"PropertyValueSpecification\",\"valueRequired\":true,\"valueName\":\"search_term_string\"}}],\"inLanguage\":\"en-GB\"},{\"@type\":\"Organization\",\"@id\":\"https:\\\/\\\/skaitytaknyga.lt\\\/#organization\",\"name\":\"skaitytaknyga.lt\",\"url\":\"https:\\\/\\\/skaitytaknyga.lt\\\/\",\"logo\":{\"@type\":\"ImageObject\",\"inLanguage\":\"en-GB\",\"@id\":\"https:\\\/\\\/skaitytaknyga.lt\\\/#\\\/schema\\\/logo\\\/image\\\/\",\"url\":\"https:\\\/\\\/skaitytaknyga.lt\\\/wp-content\\\/uploads\\\/2024\\\/05\\\/cropped-cropped-cropped-02_00843_jt3bggkj1j3HLc7SyY6rEUpg.jpeg\",\"contentUrl\":\"https:\\\/\\\/skaitytaknyga.lt\\\/wp-content\\\/uploads\\\/2024\\\/05\\\/cropped-cropped-cropped-02_00843_jt3bggkj1j3HLc7SyY6rEUpg.jpeg\",\"width\":1600,\"height\":1600,\"caption\":\"skaitytaknyga.lt\"},\"image\":{\"@id\":\"https:\\\/\\\/skaitytaknyga.lt\\\/#\\\/schema\\\/logo\\\/image\\\/\"},\"sameAs\":[\"https:\\\/\\\/www.facebook.com\\\/skaitytaknyga\\\/\"]}]}<\/script>\n<!-- \/ Yoast SEO plugin. -->","yoast_head_json":{"title":"Paskutinis gundymas","description":"Nikos Kazandzakis\u00a0(1883\u20131957) \u2013 vienas i\u0161kiliausi\u0173 XX a. graik\u0173 ra\u0161ytoj\u0173, filosof\u0173 ir pasaulin\u0117s literat\u016bros klasik\u0173. Paskutinis gundymas \u2013 tai epas apie","robots":{"index":"index","follow":"follow","max-snippet":"max-snippet:-1","max-image-preview":"max-image-preview:large","max-video-preview":"max-video-preview:-1"},"canonical":"https:\/\/skaitytaknyga.lt\/en\/produktas\/paskutinis-gundymas\/","og_locale":"en_GB","og_type":"article","og_title":"[:lt]Paskutinis gundymas[:] - Skaitytaknyga","og_description":"Nikos Kazandzakis\u00a0(1883\u20131957) \u2013 vienas i\u0161kiliausi\u0173 XX a. graik\u0173 ra\u0161ytoj\u0173, filosof\u0173 ir pasaulin\u0117s literat\u016bros klasik\u0173. Paskutinis gundymas \u2013 tai epas apie","og_url":"https:\/\/skaitytaknyga.lt\/en\/produktas\/paskutinis-gundymas\/","og_site_name":"Skaitytaknyga","article_publisher":"https:\/\/www.facebook.com\/skaitytaknyga\/","article_modified_time":"2026-05-04T07:21:49+00:00","og_image":[{"width":747,"height":496,"url":"https:\/\/skaitytaknyga.lt\/wp-content\/uploads\/2024\/07\/skaitytaknyga.png","type":"image\/png"}],"twitter_card":"summary_large_image","twitter_misc":{"Estimated reading time":"1 minute"},"schema":{"@context":"https:\/\/schema.org","@graph":[{"@type":"WebPage","@id":"https:\/\/skaitytaknyga.lt\/produktas\/paskutinis-gundymas\/","url":"https:\/\/skaitytaknyga.lt\/produktas\/paskutinis-gundymas\/","name":"Paskutinis gundymas","isPartOf":{"@id":"https:\/\/skaitytaknyga.lt\/#website"},"primaryImageOfPage":{"@id":"https:\/\/skaitytaknyga.lt\/produktas\/paskutinis-gundymas\/#primaryimage"},"image":{"@id":"https:\/\/skaitytaknyga.lt\/produktas\/paskutinis-gundymas\/#primaryimage"},"thumbnailUrl":"https:\/\/skaitytaknyga.lt\/wp-content\/uploads\/2026\/04\/Paskutinis-gundymas.webp","datePublished":"2026-04-29T06:40:27+00:00","dateModified":"2026-05-04T07:21:49+00:00","description":"Nikos Kazandzakis\u00a0(1883\u20131957) \u2013 vienas i\u0161kiliausi\u0173 XX a. graik\u0173 ra\u0161ytoj\u0173, filosof\u0173 ir pasaulin\u0117s literat\u016bros klasik\u0173. Paskutinis gundymas \u2013 tai epas apie","breadcrumb":{"@id":"https:\/\/skaitytaknyga.lt\/produktas\/paskutinis-gundymas\/#breadcrumb"},"inLanguage":"en-GB","potentialAction":[{"@type":"ReadAction","target":["https:\/\/skaitytaknyga.lt\/produktas\/paskutinis-gundymas\/"]}]},{"@type":"ImageObject","inLanguage":"en-GB","@id":"https:\/\/skaitytaknyga.lt\/produktas\/paskutinis-gundymas\/#primaryimage","url":"https:\/\/skaitytaknyga.lt\/wp-content\/uploads\/2026\/04\/Paskutinis-gundymas.webp","contentUrl":"https:\/\/skaitytaknyga.lt\/wp-content\/uploads\/2026\/04\/Paskutinis-gundymas.webp","width":341,"height":542,"caption":"Paskutinis gundymas"},{"@type":"BreadcrumbList","@id":"https:\/\/skaitytaknyga.lt\/produktas\/paskutinis-gundymas\/#breadcrumb","itemListElement":[{"@type":"ListItem","position":1,"name":"Home","item":"https:\/\/skaitytaknyga.lt\/"},{"@type":"ListItem","position":2,"name":"Parduotuv\u0117","item":"https:\/\/skaitytaknyga.lt\/knygu-parduotuve\/"},{"@type":"ListItem","position":3,"name":"Paskutinis gundymas"}]},{"@type":"WebSite","@id":"https:\/\/skaitytaknyga.lt\/#website","url":"https:\/\/skaitytaknyga.lt\/","name":"skaitytaknyga.lt","description":"Skaitytaknyga.lt \u2013 tai ma\u017eas \u0161eimos verslas, kuris prasid\u0117jo nuo meil\u0117s knygoms ir siekio i\u0161gelb\u0117ti knygas nuo likimo prie konteinerio. Kas vienam nereikalingas daiktas \u2013 kitam lobis, o mes esame tarpininkai, kurie padeda abiems tapti laimingesniems ???? \u017dinome kaip nelengva i\u0161gyventi ma\u017eiems verslams, tad nuo \u0161iol, \u010dia rasite ir kit\u0173, ma\u017e\u0173 \u0161eim\u0173 versl\u0173, rank\u0173 darbo, dovan\u0173 sau ir artimiesiems.","publisher":{"@id":"https:\/\/skaitytaknyga.lt\/#organization"},"potentialAction":[{"@type":"SearchAction","target":{"@type":"EntryPoint","urlTemplate":"https:\/\/skaitytaknyga.lt\/?s={search_term_string}"},"query-input":{"@type":"PropertyValueSpecification","valueRequired":true,"valueName":"search_term_string"}}],"inLanguage":"en-GB"},{"@type":"Organization","@id":"https:\/\/skaitytaknyga.lt\/#organization","name":"skaitytaknyga.lt","url":"https:\/\/skaitytaknyga.lt\/","logo":{"@type":"ImageObject","inLanguage":"en-GB","@id":"https:\/\/skaitytaknyga.lt\/#\/schema\/logo\/image\/","url":"https:\/\/skaitytaknyga.lt\/wp-content\/uploads\/2024\/05\/cropped-cropped-cropped-02_00843_jt3bggkj1j3HLc7SyY6rEUpg.jpeg","contentUrl":"https:\/\/skaitytaknyga.lt\/wp-content\/uploads\/2024\/05\/cropped-cropped-cropped-02_00843_jt3bggkj1j3HLc7SyY6rEUpg.jpeg","width":1600,"height":1600,"caption":"skaitytaknyga.lt"},"image":{"@id":"https:\/\/skaitytaknyga.lt\/#\/schema\/logo\/image\/"},"sameAs":["https:\/\/www.facebook.com\/skaitytaknyga\/"]}]}},"_links":{"self":[{"href":"https:\/\/skaitytaknyga.lt\/en\/wp-json\/wp\/v2\/product\/26432","targetHints":{"allow":["GET"]}}],"collection":[{"href":"https:\/\/skaitytaknyga.lt\/en\/wp-json\/wp\/v2\/product"}],"about":[{"href":"https:\/\/skaitytaknyga.lt\/en\/wp-json\/wp\/v2\/types\/product"}],"replies":[{"embeddable":true,"href":"https:\/\/skaitytaknyga.lt\/en\/wp-json\/wp\/v2\/comments?post=26432"}],"wp:featuredmedia":[{"embeddable":true,"href":"https:\/\/skaitytaknyga.lt\/en\/wp-json\/wp\/v2\/media\/26440"}],"wp:attachment":[{"href":"https:\/\/skaitytaknyga.lt\/en\/wp-json\/wp\/v2\/media?parent=26432"}],"wp:term":[{"taxonomy":"product_brand","embeddable":true,"href":"https:\/\/skaitytaknyga.lt\/en\/wp-json\/wp\/v2\/product_brand?post=26432"},{"taxonomy":"product_cat","embeddable":true,"href":"https:\/\/skaitytaknyga.lt\/en\/wp-json\/wp\/v2\/product_cat?post=26432"},{"taxonomy":"product_tag","embeddable":true,"href":"https:\/\/skaitytaknyga.lt\/en\/wp-json\/wp\/v2\/product_tag?post=26432"}],"curies":[{"name":"wp","href":"https:\/\/api.w.org\/{rel}","templated":true}]}}