{"id":26431,"date":"2026-04-29T09:40:27","date_gmt":"2026-04-29T06:40:27","guid":{"rendered":"https:\/\/skaitytaknyga.lt\/?post_type=product&#038;p=26431"},"modified":"2026-05-04T10:17:01","modified_gmt":"2026-05-04T07:17:01","slug":"spin-pardavimai-pardavimo-sekmes-receptas","status":"publish","type":"product","link":"https:\/\/skaitytaknyga.lt\/en\/produktas\/spin-pardavimai-pardavimo-sekmes-receptas\/","title":{"rendered":"SPIN pardavimai: pardavimo s\u0117km\u0117s receptas"},"content":{"rendered":"<p>\u201eA\u0161 labai d\u017eiaugiuosi, kad leidykla \u201eAlma littera\u201c i\u0161leido Neilo Rackhamo knyg\u0105 \u201eSPIN \u2013 pardavimo s\u0117km\u0117s receptas\u201c lietuvi\u0173 kalba. Kod\u0117l? Tod\u0117l, kad \u0161i knyga yra tikra bomba, kuri susprogdins visus mitus, susijusius su pardavimu. Be to, mano \u012fsitikinimu, \u0161i knyga yra Nr. 1 pasaulyje, atskleid\u017eianti didelio pardavimo paslapt\u012f. Dr\u012fstu tai tvirtinti tod\u0117l, kad esu perskait\u0119s \u0161imtus \u012fvairi\u0173 autori\u0173 knyg\u0173 apie pardavim\u0105, turiu 20-ies met\u0173 pardavimo patirties ir esu t\u016bkstan\u010dius kart\u0173 su geriausiais pardav\u0117jais lank\u0119sis 15-oje pasaulio \u0161ali\u0173. Galiu pasira\u0161yti ties kiekvienu \u0161ios knygos sakiniu. Ji para\u0161yta praktiko, kuris tikrai i\u0161mano tai, apie k\u0105 ra\u0161o.<\/p>\n<p>\u0160i Neilo Rackhamo knyga radikaliai pakeit\u0117 mano po\u017ei\u016br\u012f \u012f didelio pardavimo proces\u0105. Suteik\u0117 did\u017eiul\u012f pasitik\u0117jim\u0105 savo j\u0117gomis, ir, svarbiausia, pad\u0117jo pasiekti \u012fsp\u016bding\u0173 pardavimo rezultat\u0173. Tad rekomenduoju j\u0105 visiems, kurie u\u017esiima dideliu pardavimu ir siekia nepaprast\u0173 jo rezultat\u0173.\u201c<\/p>\n","protected":false},"excerpt":{"rendered":"<p>\u201eA\u0161 labai d\u017eiaugiuosi, kad leidykla \u201eAlma littera\u201c i\u0161leido Neilo Rackhamo knyg\u0105 \u201eSPIN \u2013 pardavimo s\u0117km\u0117s receptas\u201c lietuvi\u0173 kalba. Kod\u0117l? Tod\u0117l, kad \u0161i knyga yra tikra bomba, kuri susprogdins visus mitus, susijusius su pardavimu. Be to, mano \u012fsitikinimu, \u0161i knyga yra Nr. 1 pasaulyje, atskleid\u017eianti didelio pardavimo paslapt\u012f. Dr\u012fstu tai tvirtinti tod\u0117l, kad esu perskait\u0119s \u0161imtus \u012fvairi\u0173 autori\u0173 knyg\u0173 apie pardavim\u0105, turiu 20-ies met\u0173 pardavimo patirties ir esu t\u016bkstan\u010dius kart\u0173 su geriausiais pardav\u0117jais lank\u0119sis 15-oje pasaulio \u0161ali\u0173. Galiu pasira\u0161yti ties kiekvienu \u0161ios knygos sakiniu. Ji para\u0161yta praktiko, kuris tikrai i\u0161mano tai, apie k\u0105 ra\u0161o. \u0160i Neilo Rackhamo knyga radikaliai pakeit\u0117 mano po\u017ei\u016br\u012f \u012f didelio pardavimo proces\u0105. Suteik\u0117 did\u017eiul\u012f pasitik\u0117jim\u0105 savo j\u0117gomis, ir, svarbiausia, pad\u0117jo pasiekti \u012fsp\u016bding\u0173 pardavimo rezultat\u0173. Tad rekomenduoju j\u0105 visiems, kurie u\u017esiima dideliu pardavimu ir siekia nepaprast\u0173 jo rezultat\u0173.\u201c<\/p>\n","protected":false},"featured_media":26436,"comment_status":"closed","ping_status":"closed","template":"","meta":{"_acf_changed":false,"site-sidebar-layout":"default","site-content-layout":"","ast-site-content-layout":"default","site-content-style":"default","site-sidebar-style":"default","ast-global-header-display":"","ast-banner-title-visibility":"","ast-main-header-display":"","ast-hfb-above-header-display":"","ast-hfb-below-header-display":"","ast-hfb-mobile-header-display":"","site-post-title":"","ast-breadcrumbs-content":"","ast-featured-img":"","footer-sml-layout":"","ast-disable-related-posts":"","theme-transparent-header-meta":"","adv-header-id-meta":"","stick-header-meta":"","header-above-stick-meta":"","header-main-stick-meta":"","header-below-stick-meta":"","astra-migrate-meta-layouts":"default","ast-page-background-enabled":"default","ast-page-background-meta":{"desktop":{"background-color":"","background-image":"","background-repeat":"repeat","background-position":"center center","background-size":"auto","background-attachment":"scroll","background-type":"","background-media":"","overlay-type":"","overlay-color":"","overlay-opacity":"","overlay-gradient":""},"tablet":{"background-color":"","background-image":"","background-repeat":"repeat","background-position":"center center","background-size":"auto","background-attachment":"scroll","background-type":"","background-media":"","overlay-type":"","overlay-color":"","overlay-opacity":"","overlay-gradient":""},"mobile":{"background-color":"","background-image":"","background-repeat":"repeat","background-position":"center center","background-size":"auto","background-attachment":"scroll","background-type":"","background-media":"","overlay-type":"","overlay-color":"","overlay-opacity":"","overlay-gradient":""}},"ast-content-background-meta":{"desktop":{"background-color":"var(--ast-global-color-4)","background-image":"","background-repeat":"repeat","background-position":"center center","background-size":"auto","background-attachment":"scroll","background-type":"","background-media":"","overlay-type":"","overlay-color":"","overlay-opacity":"","overlay-gradient":""},"tablet":{"background-color":"var(--ast-global-color-4)","background-image":"","background-repeat":"repeat","background-position":"center center","background-size":"auto","background-attachment":"scroll","background-type":"","background-media":"","overlay-type":"","overlay-color":"","overlay-opacity":"","overlay-gradient":""},"mobile":{"background-color":"var(--ast-global-color-4)","background-image":"","background-repeat":"repeat","background-position":"center center","background-size":"auto","background-attachment":"scroll","background-type":"","background-media":"","overlay-type":"","overlay-color":"","overlay-opacity":"","overlay-gradient":""}}},"product_brand":[],"product_cat":[9887],"product_tag":[],"class_list":{"0":"post-26431","1":"product","2":"type-product","3":"status-publish","4":"has-post-thumbnail","6":"product_cat-verslas","7":"desktop-align-left","8":"tablet-align-left","9":"mobile-align-left","11":"first","12":"instock","13":"shipping-taxable","14":"purchasable","15":"product-type-simple"},"acf":[],"yoast_head":"<!-- This site is optimized with the Yoast SEO plugin v27.4 - https:\/\/yoast.com\/product\/yoast-seo-wordpress\/ -->\n<title>SPIN pardavimai: pardavimo s\u0117km\u0117s receptas<\/title>\n<meta name=\"description\" content=\"\u201eA\u0161 labai d\u017eiaugiuosi, kad leidykla \u201eAlma littera\u201c i\u0161leido Neilo Rackhamo knyg\u0105 \u201eSPIN \u2013 pardavimo s\u0117km\u0117s receptas\u201c lietuvi\u0173 kalba. Kod\u0117l? Tod\u0117l, kad \u0161i\" \/>\n<meta name=\"robots\" content=\"index, follow, max-snippet:-1, max-image-preview:large, max-video-preview:-1\" \/>\n<link rel=\"canonical\" href=\"https:\/\/skaitytaknyga.lt\/en\/produktas\/spin-pardavimai-pardavimo-sekmes-receptas\/\" \/>\n<meta property=\"og:locale\" content=\"en_GB\" \/>\n<meta property=\"og:locale:alternate\" content=\"lt_LT\" \/>\n<meta property=\"og:type\" content=\"article\" \/>\n<meta property=\"og:title\" content=\"SPIN pardavimai: pardavimo s\u0117km\u0117s receptas\" \/>\n<meta property=\"og:description\" content=\"\u201eA\u0161 labai d\u017eiaugiuosi, kad leidykla \u201eAlma littera\u201c i\u0161leido Neilo Rackhamo knyg\u0105 \u201eSPIN \u2013 pardavimo s\u0117km\u0117s receptas\u201c lietuvi\u0173 kalba. Kod\u0117l? Tod\u0117l, kad \u0161i\" \/>\n<meta property=\"og:url\" content=\"https:\/\/skaitytaknyga.lt\/en\/produktas\/spin-pardavimai-pardavimo-sekmes-receptas\/\" \/>\n<meta property=\"og:site_name\" content=\"Skaitytaknyga\" \/>\n<meta property=\"article:publisher\" content=\"https:\/\/www.facebook.com\/skaitytaknyga\/\" \/>\n<meta property=\"article:modified_time\" content=\"2026-05-04T07:17:01+00:00\" \/>\n<meta property=\"og:image\" content=\"https:\/\/skaitytaknyga.lt\/wp-content\/uploads\/2026\/04\/SPIN-pardavimai-pardavimo-sekmes-receptas.webp\" \/>\n\t<meta property=\"og:image:width\" content=\"535\" \/>\n\t<meta property=\"og:image:height\" content=\"801\" \/>\n\t<meta property=\"og:image:type\" content=\"image\/webp\" \/>\n<meta name=\"twitter:card\" content=\"summary_large_image\" \/>\n<meta name=\"twitter:label1\" content=\"Estimated reading time\" \/>\n\t<meta name=\"twitter:data1\" content=\"1 minute\" \/>\n<script type=\"application\/ld+json\" class=\"yoast-schema-graph\">{\"@context\":\"https:\\\/\\\/schema.org\",\"@graph\":[{\"@type\":\"WebPage\",\"@id\":\"https:\\\/\\\/skaitytaknyga.lt\\\/produktas\\\/spin-pardavimai-pardavimo-sekmes-receptas\\\/\",\"url\":\"https:\\\/\\\/skaitytaknyga.lt\\\/produktas\\\/spin-pardavimai-pardavimo-sekmes-receptas\\\/\",\"name\":\"SPIN pardavimai: pardavimo s\u0117km\u0117s receptas\",\"isPartOf\":{\"@id\":\"https:\\\/\\\/skaitytaknyga.lt\\\/#website\"},\"primaryImageOfPage\":{\"@id\":\"https:\\\/\\\/skaitytaknyga.lt\\\/produktas\\\/spin-pardavimai-pardavimo-sekmes-receptas\\\/#primaryimage\"},\"image\":{\"@id\":\"https:\\\/\\\/skaitytaknyga.lt\\\/produktas\\\/spin-pardavimai-pardavimo-sekmes-receptas\\\/#primaryimage\"},\"thumbnailUrl\":\"https:\\\/\\\/skaitytaknyga.lt\\\/wp-content\\\/uploads\\\/2026\\\/04\\\/SPIN-pardavimai-pardavimo-sekmes-receptas.webp\",\"datePublished\":\"2026-04-29T06:40:27+00:00\",\"dateModified\":\"2026-05-04T07:17:01+00:00\",\"description\":\"\u201eA\u0161 labai d\u017eiaugiuosi, kad leidykla \u201eAlma littera\u201c i\u0161leido Neilo Rackhamo knyg\u0105 \u201eSPIN \u2013 pardavimo s\u0117km\u0117s receptas\u201c lietuvi\u0173 kalba. Kod\u0117l? Tod\u0117l, kad \u0161i\",\"breadcrumb\":{\"@id\":\"https:\\\/\\\/skaitytaknyga.lt\\\/produktas\\\/spin-pardavimai-pardavimo-sekmes-receptas\\\/#breadcrumb\"},\"inLanguage\":\"en-GB\",\"potentialAction\":[{\"@type\":\"ReadAction\",\"target\":[\"https:\\\/\\\/skaitytaknyga.lt\\\/produktas\\\/spin-pardavimai-pardavimo-sekmes-receptas\\\/\"]}]},{\"@type\":\"ImageObject\",\"inLanguage\":\"en-GB\",\"@id\":\"https:\\\/\\\/skaitytaknyga.lt\\\/produktas\\\/spin-pardavimai-pardavimo-sekmes-receptas\\\/#primaryimage\",\"url\":\"https:\\\/\\\/skaitytaknyga.lt\\\/wp-content\\\/uploads\\\/2026\\\/04\\\/SPIN-pardavimai-pardavimo-sekmes-receptas.webp\",\"contentUrl\":\"https:\\\/\\\/skaitytaknyga.lt\\\/wp-content\\\/uploads\\\/2026\\\/04\\\/SPIN-pardavimai-pardavimo-sekmes-receptas.webp\",\"width\":535,\"height\":801,\"caption\":\"SPIN pardavimai pardavimo s\u0117km\u0117s receptas\"},{\"@type\":\"BreadcrumbList\",\"@id\":\"https:\\\/\\\/skaitytaknyga.lt\\\/produktas\\\/spin-pardavimai-pardavimo-sekmes-receptas\\\/#breadcrumb\",\"itemListElement\":[{\"@type\":\"ListItem\",\"position\":1,\"name\":\"Home\",\"item\":\"https:\\\/\\\/skaitytaknyga.lt\\\/\"},{\"@type\":\"ListItem\",\"position\":2,\"name\":\"Parduotuv\u0117\",\"item\":\"https:\\\/\\\/skaitytaknyga.lt\\\/knygu-parduotuve\\\/\"},{\"@type\":\"ListItem\",\"position\":3,\"name\":\"SPIN pardavimai: pardavimo s\u0117km\u0117s receptas\"}]},{\"@type\":\"WebSite\",\"@id\":\"https:\\\/\\\/skaitytaknyga.lt\\\/#website\",\"url\":\"https:\\\/\\\/skaitytaknyga.lt\\\/\",\"name\":\"skaitytaknyga.lt\",\"description\":\"Skaitytaknyga.lt \u2013 tai ma\u017eas \u0161eimos verslas, kuris prasid\u0117jo nuo meil\u0117s knygoms ir siekio i\u0161gelb\u0117ti knygas nuo likimo prie konteinerio. Kas vienam nereikalingas daiktas \u2013 kitam lobis, o mes esame tarpininkai, kurie padeda abiems tapti laimingesniems ???? \u017dinome kaip nelengva i\u0161gyventi ma\u017eiems verslams, tad nuo \u0161iol, \u010dia rasite ir kit\u0173, ma\u017e\u0173 \u0161eim\u0173 versl\u0173, rank\u0173 darbo, dovan\u0173 sau ir artimiesiems.\",\"publisher\":{\"@id\":\"https:\\\/\\\/skaitytaknyga.lt\\\/#organization\"},\"potentialAction\":[{\"@type\":\"SearchAction\",\"target\":{\"@type\":\"EntryPoint\",\"urlTemplate\":\"https:\\\/\\\/skaitytaknyga.lt\\\/?s={search_term_string}\"},\"query-input\":{\"@type\":\"PropertyValueSpecification\",\"valueRequired\":true,\"valueName\":\"search_term_string\"}}],\"inLanguage\":\"en-GB\"},{\"@type\":\"Organization\",\"@id\":\"https:\\\/\\\/skaitytaknyga.lt\\\/#organization\",\"name\":\"skaitytaknyga.lt\",\"url\":\"https:\\\/\\\/skaitytaknyga.lt\\\/\",\"logo\":{\"@type\":\"ImageObject\",\"inLanguage\":\"en-GB\",\"@id\":\"https:\\\/\\\/skaitytaknyga.lt\\\/#\\\/schema\\\/logo\\\/image\\\/\",\"url\":\"https:\\\/\\\/skaitytaknyga.lt\\\/wp-content\\\/uploads\\\/2024\\\/05\\\/cropped-cropped-cropped-02_00843_jt3bggkj1j3HLc7SyY6rEUpg.jpeg\",\"contentUrl\":\"https:\\\/\\\/skaitytaknyga.lt\\\/wp-content\\\/uploads\\\/2024\\\/05\\\/cropped-cropped-cropped-02_00843_jt3bggkj1j3HLc7SyY6rEUpg.jpeg\",\"width\":1600,\"height\":1600,\"caption\":\"skaitytaknyga.lt\"},\"image\":{\"@id\":\"https:\\\/\\\/skaitytaknyga.lt\\\/#\\\/schema\\\/logo\\\/image\\\/\"},\"sameAs\":[\"https:\\\/\\\/www.facebook.com\\\/skaitytaknyga\\\/\"]}]}<\/script>\n<!-- \/ Yoast SEO plugin. -->","yoast_head_json":{"title":"SPIN pardavimai: pardavimo s\u0117km\u0117s receptas","description":"\u201eA\u0161 labai d\u017eiaugiuosi, kad leidykla \u201eAlma littera\u201c i\u0161leido Neilo Rackhamo knyg\u0105 \u201eSPIN \u2013 pardavimo s\u0117km\u0117s receptas\u201c lietuvi\u0173 kalba. Kod\u0117l? Tod\u0117l, kad \u0161i","robots":{"index":"index","follow":"follow","max-snippet":"max-snippet:-1","max-image-preview":"max-image-preview:large","max-video-preview":"max-video-preview:-1"},"canonical":"https:\/\/skaitytaknyga.lt\/en\/produktas\/spin-pardavimai-pardavimo-sekmes-receptas\/","og_locale":"en_GB","og_type":"article","og_title":"[:lt]SPIN pardavimai: pardavimo s\u0117km\u0117s receptas[:] - Skaitytaknyga","og_description":"\u201eA\u0161 labai d\u017eiaugiuosi, kad leidykla \u201eAlma littera\u201c i\u0161leido Neilo Rackhamo knyg\u0105 \u201eSPIN \u2013 pardavimo s\u0117km\u0117s receptas\u201c lietuvi\u0173 kalba. Kod\u0117l? Tod\u0117l, kad \u0161i","og_url":"https:\/\/skaitytaknyga.lt\/en\/produktas\/spin-pardavimai-pardavimo-sekmes-receptas\/","og_site_name":"Skaitytaknyga","article_publisher":"https:\/\/www.facebook.com\/skaitytaknyga\/","article_modified_time":"2026-05-04T07:17:01+00:00","og_image":[{"width":535,"height":801,"url":"https:\/\/skaitytaknyga.lt\/wp-content\/uploads\/2026\/04\/SPIN-pardavimai-pardavimo-sekmes-receptas.webp","type":"image\/webp"}],"twitter_card":"summary_large_image","twitter_misc":{"Estimated reading time":"1 minute"},"schema":{"@context":"https:\/\/schema.org","@graph":[{"@type":"WebPage","@id":"https:\/\/skaitytaknyga.lt\/produktas\/spin-pardavimai-pardavimo-sekmes-receptas\/","url":"https:\/\/skaitytaknyga.lt\/produktas\/spin-pardavimai-pardavimo-sekmes-receptas\/","name":"SPIN pardavimai: pardavimo s\u0117km\u0117s receptas","isPartOf":{"@id":"https:\/\/skaitytaknyga.lt\/#website"},"primaryImageOfPage":{"@id":"https:\/\/skaitytaknyga.lt\/produktas\/spin-pardavimai-pardavimo-sekmes-receptas\/#primaryimage"},"image":{"@id":"https:\/\/skaitytaknyga.lt\/produktas\/spin-pardavimai-pardavimo-sekmes-receptas\/#primaryimage"},"thumbnailUrl":"https:\/\/skaitytaknyga.lt\/wp-content\/uploads\/2026\/04\/SPIN-pardavimai-pardavimo-sekmes-receptas.webp","datePublished":"2026-04-29T06:40:27+00:00","dateModified":"2026-05-04T07:17:01+00:00","description":"\u201eA\u0161 labai d\u017eiaugiuosi, kad leidykla \u201eAlma littera\u201c i\u0161leido Neilo Rackhamo knyg\u0105 \u201eSPIN \u2013 pardavimo s\u0117km\u0117s receptas\u201c lietuvi\u0173 kalba. Kod\u0117l? Tod\u0117l, kad \u0161i","breadcrumb":{"@id":"https:\/\/skaitytaknyga.lt\/produktas\/spin-pardavimai-pardavimo-sekmes-receptas\/#breadcrumb"},"inLanguage":"en-GB","potentialAction":[{"@type":"ReadAction","target":["https:\/\/skaitytaknyga.lt\/produktas\/spin-pardavimai-pardavimo-sekmes-receptas\/"]}]},{"@type":"ImageObject","inLanguage":"en-GB","@id":"https:\/\/skaitytaknyga.lt\/produktas\/spin-pardavimai-pardavimo-sekmes-receptas\/#primaryimage","url":"https:\/\/skaitytaknyga.lt\/wp-content\/uploads\/2026\/04\/SPIN-pardavimai-pardavimo-sekmes-receptas.webp","contentUrl":"https:\/\/skaitytaknyga.lt\/wp-content\/uploads\/2026\/04\/SPIN-pardavimai-pardavimo-sekmes-receptas.webp","width":535,"height":801,"caption":"SPIN pardavimai pardavimo s\u0117km\u0117s receptas"},{"@type":"BreadcrumbList","@id":"https:\/\/skaitytaknyga.lt\/produktas\/spin-pardavimai-pardavimo-sekmes-receptas\/#breadcrumb","itemListElement":[{"@type":"ListItem","position":1,"name":"Home","item":"https:\/\/skaitytaknyga.lt\/"},{"@type":"ListItem","position":2,"name":"Parduotuv\u0117","item":"https:\/\/skaitytaknyga.lt\/knygu-parduotuve\/"},{"@type":"ListItem","position":3,"name":"SPIN pardavimai: pardavimo s\u0117km\u0117s receptas"}]},{"@type":"WebSite","@id":"https:\/\/skaitytaknyga.lt\/#website","url":"https:\/\/skaitytaknyga.lt\/","name":"skaitytaknyga.lt","description":"Skaitytaknyga.lt \u2013 tai ma\u017eas \u0161eimos verslas, kuris prasid\u0117jo nuo meil\u0117s knygoms ir siekio i\u0161gelb\u0117ti knygas nuo likimo prie konteinerio. Kas vienam nereikalingas daiktas \u2013 kitam lobis, o mes esame tarpininkai, kurie padeda abiems tapti laimingesniems ???? \u017dinome kaip nelengva i\u0161gyventi ma\u017eiems verslams, tad nuo \u0161iol, \u010dia rasite ir kit\u0173, ma\u017e\u0173 \u0161eim\u0173 versl\u0173, rank\u0173 darbo, dovan\u0173 sau ir artimiesiems.","publisher":{"@id":"https:\/\/skaitytaknyga.lt\/#organization"},"potentialAction":[{"@type":"SearchAction","target":{"@type":"EntryPoint","urlTemplate":"https:\/\/skaitytaknyga.lt\/?s={search_term_string}"},"query-input":{"@type":"PropertyValueSpecification","valueRequired":true,"valueName":"search_term_string"}}],"inLanguage":"en-GB"},{"@type":"Organization","@id":"https:\/\/skaitytaknyga.lt\/#organization","name":"skaitytaknyga.lt","url":"https:\/\/skaitytaknyga.lt\/","logo":{"@type":"ImageObject","inLanguage":"en-GB","@id":"https:\/\/skaitytaknyga.lt\/#\/schema\/logo\/image\/","url":"https:\/\/skaitytaknyga.lt\/wp-content\/uploads\/2024\/05\/cropped-cropped-cropped-02_00843_jt3bggkj1j3HLc7SyY6rEUpg.jpeg","contentUrl":"https:\/\/skaitytaknyga.lt\/wp-content\/uploads\/2024\/05\/cropped-cropped-cropped-02_00843_jt3bggkj1j3HLc7SyY6rEUpg.jpeg","width":1600,"height":1600,"caption":"skaitytaknyga.lt"},"image":{"@id":"https:\/\/skaitytaknyga.lt\/#\/schema\/logo\/image\/"},"sameAs":["https:\/\/www.facebook.com\/skaitytaknyga\/"]}]}},"_links":{"self":[{"href":"https:\/\/skaitytaknyga.lt\/en\/wp-json\/wp\/v2\/product\/26431","targetHints":{"allow":["GET"]}}],"collection":[{"href":"https:\/\/skaitytaknyga.lt\/en\/wp-json\/wp\/v2\/product"}],"about":[{"href":"https:\/\/skaitytaknyga.lt\/en\/wp-json\/wp\/v2\/types\/product"}],"replies":[{"embeddable":true,"href":"https:\/\/skaitytaknyga.lt\/en\/wp-json\/wp\/v2\/comments?post=26431"}],"wp:featuredmedia":[{"embeddable":true,"href":"https:\/\/skaitytaknyga.lt\/en\/wp-json\/wp\/v2\/media\/26436"}],"wp:attachment":[{"href":"https:\/\/skaitytaknyga.lt\/en\/wp-json\/wp\/v2\/media?parent=26431"}],"wp:term":[{"taxonomy":"product_brand","embeddable":true,"href":"https:\/\/skaitytaknyga.lt\/en\/wp-json\/wp\/v2\/product_brand?post=26431"},{"taxonomy":"product_cat","embeddable":true,"href":"https:\/\/skaitytaknyga.lt\/en\/wp-json\/wp\/v2\/product_cat?post=26431"},{"taxonomy":"product_tag","embeddable":true,"href":"https:\/\/skaitytaknyga.lt\/en\/wp-json\/wp\/v2\/product_tag?post=26431"}],"curies":[{"name":"wp","href":"https:\/\/api.w.org\/{rel}","templated":true}]}}