{"id":26422,"date":"2026-04-28T11:52:34","date_gmt":"2026-04-28T08:52:34","guid":{"rendered":"https:\/\/skaitytaknyga.lt\/?post_type=product&#038;p=26422"},"modified":"2026-04-29T09:38:42","modified_gmt":"2026-04-29T06:38:42","slug":"sumanesnis-pardavimas","status":"publish","type":"product","link":"https:\/\/skaitytaknyga.lt\/en\/produktas\/sumanesnis-pardavimas\/","title":{"rendered":"Sumanesnis pardavimas"},"content":{"rendered":"<p>Visi k\u0105 nors parduoda. Vieni parduoda id\u0117jas, kiti &#8211; paslaugas, dar kiti parduoda produktus. Kad ir k\u0105 j\u016bs pardavin\u0117jate, \u0161i knyga pad\u0117s daryti tai geriau, ir tai darant geriau jaustis.<\/p>\n<p>Sumanesnis pardavimas auk\u0161tyn kojomis apver\u010dia tradicin\u012f preki\u0173 pristatym\u0105 ir parodo, kad j\u016bs\u0173 s\u0117km\u0119 padidins r\u016bpinimasis pirmiausia pirk\u0117jo poreikiais. Naujos s\u0117kming\u0173 pardavim\u0173 strategijos susijusios su konsultaciniais savitarpio santykiais. Tokius santykius turite prad\u0117ti kurti tuojau pat. Savo nepakartojamu \u201ea\u0161 skolingas jums&#8221; metodu Keithas Dugdale\u2018as ir Davidas Lambertas jums parodys, kaip tai padaryti.<\/p>\n<p>Senamadis primygtinis preki\u0173 brukimas jau neduoda ger\u0173 rezultat\u0173. \u017dmon\u0117s nori pirkti patys, o ne jausti, kad prek\u0117 jiems brukama, o tai i\u0161 XXI am\u017eiaus pardav\u0117jo reikalauja nauj\u0173 \u012fg\u016bd\u017ei\u0173 ir metod\u0173. Skaitydami Sumanesn\u012f pardavim\u0105 su\u017einosite, kas tinka ir kas netinka \u0161iandienos konkurencingoms pardavim\u0173 s\u0105lygoms. I\u0161siai\u0161kinsite, kaip su savo klientais bei pirk\u0117jais sukurti pagr\u012fstus pasitik\u0117jimu savitarpio santykius ir nuo\u0161ird\u017eius ry\u0161ius, kaip i\u0161tirti ir patenkinti j\u0173 poreikius, kad metai po met\u0173 gal\u0117tum\u0117te s\u0117kmingai su jais dirbti. Su\u017einosite, kaip tapti tuo asmeniu, kuriam pirk\u0117jai skambina, kai jiems prireikia pagalbos.<\/p>\n<p>Prakti\u0161kas ir nuodugniai i\u0161bandytas metodas pad\u0117s jums \u012fgauti pirk\u0117j\u0173 pasitik\u0117jim\u0105; suprasti, ko jiems reikia ir ko jie nori; ir jiems tai duoti tokiu b\u016bdu, kuris grei\u010diau yra pagalba, o ne pardavimas. \u201eA\u0161 skolingas jums&#8221; metodas \u017eengia nauj\u0173 pardavim\u0173 strategij\u0173 prie\u0161akyje ir konsultacin\u012f pardavim\u0105 pakelia \u012f nauj\u0105 lygmen\u012f. \u0160is naujas efektyvus metodas pateikiamas kaip keletas nesunkiai \u012fsisavinam\u0173 darbo \u012franki\u0173, kurie j\u016bs\u0173 santykius su pirk\u0117jais pad\u0117s paversti pastovia, pagr\u012fsta pasitik\u0117jimu partneryste.<\/p>\n<p>Taigi norite b\u016bti geresnis pardav\u0117jas? Prisiminkite, kad sumanesnio pardavimo pagrindas yra r\u016bpinimasis pirmiausia savo pirk\u0117ju.<\/p>\n","protected":false},"excerpt":{"rendered":"<p>Visi k\u0105 nors parduoda. Vieni parduoda id\u0117jas, kiti &#8211; paslaugas, dar kiti parduoda produktus. Kad ir k\u0105 j\u016bs pardavin\u0117jate, \u0161i knyga pad\u0117s daryti tai geriau, ir tai darant geriau jaustis. Sumanesnis pardavimas auk\u0161tyn kojomis apver\u010dia tradicin\u012f preki\u0173 pristatym\u0105 ir parodo, kad j\u016bs\u0173 s\u0117km\u0119 padidins r\u016bpinimasis pirmiausia pirk\u0117jo poreikiais. Naujos s\u0117kming\u0173 pardavim\u0173 strategijos susijusios su konsultaciniais savitarpio santykiais. Tokius santykius turite prad\u0117ti kurti tuojau pat. Savo nepakartojamu \u201ea\u0161 skolingas jums&#8221; metodu Keithas Dugdale\u2018as ir Davidas Lambertas jums parodys, kaip tai padaryti. Senamadis primygtinis preki\u0173 brukimas jau neduoda ger\u0173 rezultat\u0173. \u017dmon\u0117s nori pirkti patys, o ne jausti, kad prek\u0117 jiems brukama, o tai i\u0161 XXI am\u017eiaus pardav\u0117jo reikalauja nauj\u0173 \u012fg\u016bd\u017ei\u0173 ir metod\u0173. Skaitydami Sumanesn\u012f pardavim\u0105 su\u017einosite, kas tinka ir kas netinka \u0161iandienos konkurencingoms pardavim\u0173 s\u0105lygoms. I\u0161siai\u0161kinsite, kaip su savo klientais bei pirk\u0117jais sukurti pagr\u012fstus pasitik\u0117jimu savitarpio santykius ir nuo\u0161ird\u017eius ry\u0161ius, kaip i\u0161tirti ir patenkinti j\u0173 poreikius, kad metai po met\u0173 gal\u0117tum\u0117te s\u0117kmingai su jais dirbti. Su\u017einosite, kaip tapti tuo asmeniu, kuriam pirk\u0117jai skambina, kai jiems prireikia pagalbos. Prakti\u0161kas ir nuodugniai i\u0161bandytas metodas pad\u0117s jums \u012fgauti pirk\u0117j\u0173 pasitik\u0117jim\u0105; suprasti, ko jiems reikia ir ko jie nori; ir jiems tai duoti tokiu b\u016bdu, kuris grei\u010diau yra pagalba, o ne pardavimas. \u201eA\u0161 skolingas jums&#8221; metodas \u017eengia nauj\u0173 pardavim\u0173 strategij\u0173 prie\u0161akyje ir konsultacin\u012f pardavim\u0105 pakelia \u012f nauj\u0105 lygmen\u012f. \u0160is naujas efektyvus metodas pateikiamas kaip keletas nesunkiai \u012fsisavinam\u0173 darbo \u012franki\u0173, kurie j\u016bs\u0173 santykius su pirk\u0117jais pad\u0117s paversti pastovia, pagr\u012fsta pasitik\u0117jimu partneryste. Taigi norite b\u016bti geresnis pardav\u0117jas? Prisiminkite, kad sumanesnio pardavimo pagrindas yra r\u016bpinimasis pirmiausia savo pirk\u0117ju.<\/p>\n","protected":false},"featured_media":26429,"comment_status":"open","ping_status":"closed","template":"","meta":{"_acf_changed":false,"site-sidebar-layout":"default","site-content-layout":"","ast-site-content-layout":"default","site-content-style":"default","site-sidebar-style":"default","ast-global-header-display":"","ast-banner-title-visibility":"","ast-main-header-display":"","ast-hfb-above-header-display":"","ast-hfb-below-header-display":"","ast-hfb-mobile-header-display":"","site-post-title":"","ast-breadcrumbs-content":"","ast-featured-img":"","footer-sml-layout":"","ast-disable-related-posts":"","theme-transparent-header-meta":"","adv-header-id-meta":"","stick-header-meta":"","header-above-stick-meta":"","header-main-stick-meta":"","header-below-stick-meta":"","astra-migrate-meta-layouts":"default","ast-page-background-enabled":"default","ast-page-background-meta":{"desktop":{"background-color":"","background-image":"","background-repeat":"repeat","background-position":"center center","background-size":"auto","background-attachment":"scroll","background-type":"","background-media":"","overlay-type":"","overlay-color":"","overlay-opacity":"","overlay-gradient":""},"tablet":{"background-color":"","background-image":"","background-repeat":"repeat","background-position":"center center","background-size":"auto","background-attachment":"scroll","background-type":"","background-media":"","overlay-type":"","overlay-color":"","overlay-opacity":"","overlay-gradient":""},"mobile":{"background-color":"","background-image":"","background-repeat":"repeat","background-position":"center center","background-size":"auto","background-attachment":"scroll","background-type":"","background-media":"","overlay-type":"","overlay-color":"","overlay-opacity":"","overlay-gradient":""}},"ast-content-background-meta":{"desktop":{"background-color":"var(--ast-global-color-4)","background-image":"","background-repeat":"repeat","background-position":"center center","background-size":"auto","background-attachment":"scroll","background-type":"","background-media":"","overlay-type":"","overlay-color":"","overlay-opacity":"","overlay-gradient":""},"tablet":{"background-color":"var(--ast-global-color-4)","background-image":"","background-repeat":"repeat","background-position":"center center","background-size":"auto","background-attachment":"scroll","background-type":"","background-media":"","overlay-type":"","overlay-color":"","overlay-opacity":"","overlay-gradient":""},"mobile":{"background-color":"var(--ast-global-color-4)","background-image":"","background-repeat":"repeat","background-position":"center center","background-size":"auto","background-attachment":"scroll","background-type":"","background-media":"","overlay-type":"","overlay-color":"","overlay-opacity":"","overlay-gradient":""}}},"product_brand":[],"product_cat":[9887],"product_tag":[],"class_list":{"0":"post-26422","1":"product","2":"type-product","3":"status-publish","4":"has-post-thumbnail","6":"product_cat-verslas","7":"desktop-align-left","8":"tablet-align-left","9":"mobile-align-left","11":"first","12":"instock","13":"shipping-taxable","14":"purchasable","15":"product-type-simple"},"acf":[],"yoast_head":"<!-- This site is optimized with the Yoast SEO plugin v27.4 - https:\/\/yoast.com\/product\/yoast-seo-wordpress\/ -->\n<title>Sumanesnis pardavimas<\/title>\n<meta name=\"description\" content=\"Visi k\u0105 nors parduoda. Vieni parduoda id\u0117jas, kiti - paslaugas, dar kiti parduoda produktus. Kad ir k\u0105 j\u016bs pardavin\u0117jate, \u0161i knyga pad\u0117s daryti tai\" \/>\n<meta name=\"robots\" content=\"index, follow, max-snippet:-1, max-image-preview:large, max-video-preview:-1\" \/>\n<link rel=\"canonical\" href=\"https:\/\/skaitytaknyga.lt\/en\/produktas\/sumanesnis-pardavimas\/\" \/>\n<meta property=\"og:locale\" content=\"en_GB\" \/>\n<meta property=\"og:locale:alternate\" content=\"lt_LT\" \/>\n<meta property=\"og:type\" content=\"article\" \/>\n<meta property=\"og:title\" content=\"Sumanesnis pardavimas\" \/>\n<meta property=\"og:description\" content=\"Visi k\u0105 nors parduoda. Vieni parduoda id\u0117jas, kiti - paslaugas, dar kiti parduoda produktus. Kad ir k\u0105 j\u016bs pardavin\u0117jate, \u0161i knyga pad\u0117s daryti tai\" \/>\n<meta property=\"og:url\" content=\"https:\/\/skaitytaknyga.lt\/en\/produktas\/sumanesnis-pardavimas\/\" \/>\n<meta property=\"og:site_name\" content=\"Skaitytaknyga\" \/>\n<meta property=\"article:publisher\" content=\"https:\/\/www.facebook.com\/skaitytaknyga\/\" \/>\n<meta property=\"article:modified_time\" content=\"2026-04-29T06:38:42+00:00\" \/>\n<meta property=\"og:image\" content=\"https:\/\/skaitytaknyga.lt\/wp-content\/uploads\/2026\/04\/Sumanesnis-pardavimas.webp\" \/>\n\t<meta property=\"og:image:width\" content=\"546\" \/>\n\t<meta property=\"og:image:height\" content=\"801\" \/>\n\t<meta property=\"og:image:type\" content=\"image\/webp\" \/>\n<meta name=\"twitter:card\" content=\"summary_large_image\" \/>\n<meta name=\"twitter:label1\" content=\"Estimated reading time\" \/>\n\t<meta name=\"twitter:data1\" content=\"2 minutes\" \/>\n<script type=\"application\/ld+json\" class=\"yoast-schema-graph\">{\"@context\":\"https:\\\/\\\/schema.org\",\"@graph\":[{\"@type\":\"WebPage\",\"@id\":\"https:\\\/\\\/skaitytaknyga.lt\\\/produktas\\\/sumanesnis-pardavimas\\\/\",\"url\":\"https:\\\/\\\/skaitytaknyga.lt\\\/produktas\\\/sumanesnis-pardavimas\\\/\",\"name\":\"Sumanesnis pardavimas\",\"isPartOf\":{\"@id\":\"https:\\\/\\\/skaitytaknyga.lt\\\/#website\"},\"primaryImageOfPage\":{\"@id\":\"https:\\\/\\\/skaitytaknyga.lt\\\/produktas\\\/sumanesnis-pardavimas\\\/#primaryimage\"},\"image\":{\"@id\":\"https:\\\/\\\/skaitytaknyga.lt\\\/produktas\\\/sumanesnis-pardavimas\\\/#primaryimage\"},\"thumbnailUrl\":\"https:\\\/\\\/skaitytaknyga.lt\\\/wp-content\\\/uploads\\\/2026\\\/04\\\/Sumanesnis-pardavimas.webp\",\"datePublished\":\"2026-04-28T08:52:34+00:00\",\"dateModified\":\"2026-04-29T06:38:42+00:00\",\"description\":\"Visi k\u0105 nors parduoda. Vieni parduoda id\u0117jas, kiti - paslaugas, dar kiti parduoda produktus. Kad ir k\u0105 j\u016bs pardavin\u0117jate, \u0161i knyga pad\u0117s daryti tai\",\"breadcrumb\":{\"@id\":\"https:\\\/\\\/skaitytaknyga.lt\\\/produktas\\\/sumanesnis-pardavimas\\\/#breadcrumb\"},\"inLanguage\":\"en-GB\",\"potentialAction\":[{\"@type\":\"ReadAction\",\"target\":[\"https:\\\/\\\/skaitytaknyga.lt\\\/produktas\\\/sumanesnis-pardavimas\\\/\"]}]},{\"@type\":\"ImageObject\",\"inLanguage\":\"en-GB\",\"@id\":\"https:\\\/\\\/skaitytaknyga.lt\\\/produktas\\\/sumanesnis-pardavimas\\\/#primaryimage\",\"url\":\"https:\\\/\\\/skaitytaknyga.lt\\\/wp-content\\\/uploads\\\/2026\\\/04\\\/Sumanesnis-pardavimas.webp\",\"contentUrl\":\"https:\\\/\\\/skaitytaknyga.lt\\\/wp-content\\\/uploads\\\/2026\\\/04\\\/Sumanesnis-pardavimas.webp\",\"width\":546,\"height\":801,\"caption\":\"Sumanesnis pardavimas\"},{\"@type\":\"BreadcrumbList\",\"@id\":\"https:\\\/\\\/skaitytaknyga.lt\\\/produktas\\\/sumanesnis-pardavimas\\\/#breadcrumb\",\"itemListElement\":[{\"@type\":\"ListItem\",\"position\":1,\"name\":\"Home\",\"item\":\"https:\\\/\\\/skaitytaknyga.lt\\\/\"},{\"@type\":\"ListItem\",\"position\":2,\"name\":\"Parduotuv\u0117\",\"item\":\"https:\\\/\\\/skaitytaknyga.lt\\\/knygu-parduotuve\\\/\"},{\"@type\":\"ListItem\",\"position\":3,\"name\":\"Sumanesnis pardavimas\"}]},{\"@type\":\"WebSite\",\"@id\":\"https:\\\/\\\/skaitytaknyga.lt\\\/#website\",\"url\":\"https:\\\/\\\/skaitytaknyga.lt\\\/\",\"name\":\"skaitytaknyga.lt\",\"description\":\"Skaitytaknyga.lt \u2013 tai ma\u017eas \u0161eimos verslas, kuris prasid\u0117jo nuo meil\u0117s knygoms ir siekio i\u0161gelb\u0117ti knygas nuo likimo prie konteinerio. Kas vienam nereikalingas daiktas \u2013 kitam lobis, o mes esame tarpininkai, kurie padeda abiems tapti laimingesniems ???? \u017dinome kaip nelengva i\u0161gyventi ma\u017eiems verslams, tad nuo \u0161iol, \u010dia rasite ir kit\u0173, ma\u017e\u0173 \u0161eim\u0173 versl\u0173, rank\u0173 darbo, dovan\u0173 sau ir artimiesiems.\",\"publisher\":{\"@id\":\"https:\\\/\\\/skaitytaknyga.lt\\\/#organization\"},\"potentialAction\":[{\"@type\":\"SearchAction\",\"target\":{\"@type\":\"EntryPoint\",\"urlTemplate\":\"https:\\\/\\\/skaitytaknyga.lt\\\/?s={search_term_string}\"},\"query-input\":{\"@type\":\"PropertyValueSpecification\",\"valueRequired\":true,\"valueName\":\"search_term_string\"}}],\"inLanguage\":\"en-GB\"},{\"@type\":\"Organization\",\"@id\":\"https:\\\/\\\/skaitytaknyga.lt\\\/#organization\",\"name\":\"skaitytaknyga.lt\",\"url\":\"https:\\\/\\\/skaitytaknyga.lt\\\/\",\"logo\":{\"@type\":\"ImageObject\",\"inLanguage\":\"en-GB\",\"@id\":\"https:\\\/\\\/skaitytaknyga.lt\\\/#\\\/schema\\\/logo\\\/image\\\/\",\"url\":\"https:\\\/\\\/skaitytaknyga.lt\\\/wp-content\\\/uploads\\\/2024\\\/05\\\/cropped-cropped-cropped-02_00843_jt3bggkj1j3HLc7SyY6rEUpg.jpeg\",\"contentUrl\":\"https:\\\/\\\/skaitytaknyga.lt\\\/wp-content\\\/uploads\\\/2024\\\/05\\\/cropped-cropped-cropped-02_00843_jt3bggkj1j3HLc7SyY6rEUpg.jpeg\",\"width\":1600,\"height\":1600,\"caption\":\"skaitytaknyga.lt\"},\"image\":{\"@id\":\"https:\\\/\\\/skaitytaknyga.lt\\\/#\\\/schema\\\/logo\\\/image\\\/\"},\"sameAs\":[\"https:\\\/\\\/www.facebook.com\\\/skaitytaknyga\\\/\"]}]}<\/script>\n<!-- \/ Yoast SEO plugin. -->","yoast_head_json":{"title":"Sumanesnis pardavimas","description":"Visi k\u0105 nors parduoda. Vieni parduoda id\u0117jas, kiti - paslaugas, dar kiti parduoda produktus. Kad ir k\u0105 j\u016bs pardavin\u0117jate, \u0161i knyga pad\u0117s daryti tai","robots":{"index":"index","follow":"follow","max-snippet":"max-snippet:-1","max-image-preview":"max-image-preview:large","max-video-preview":"max-video-preview:-1"},"canonical":"https:\/\/skaitytaknyga.lt\/en\/produktas\/sumanesnis-pardavimas\/","og_locale":"en_GB","og_type":"article","og_title":"[:lt]Sumanesnis pardavimas[:] - Skaitytaknyga","og_description":"Visi k\u0105 nors parduoda. Vieni parduoda id\u0117jas, kiti - paslaugas, dar kiti parduoda produktus. Kad ir k\u0105 j\u016bs pardavin\u0117jate, \u0161i knyga pad\u0117s daryti tai","og_url":"https:\/\/skaitytaknyga.lt\/en\/produktas\/sumanesnis-pardavimas\/","og_site_name":"Skaitytaknyga","article_publisher":"https:\/\/www.facebook.com\/skaitytaknyga\/","article_modified_time":"2026-04-29T06:38:42+00:00","og_image":[{"width":546,"height":801,"url":"https:\/\/skaitytaknyga.lt\/wp-content\/uploads\/2026\/04\/Sumanesnis-pardavimas.webp","type":"image\/webp"}],"twitter_card":"summary_large_image","twitter_misc":{"Estimated reading time":"2 minutes"},"schema":{"@context":"https:\/\/schema.org","@graph":[{"@type":"WebPage","@id":"https:\/\/skaitytaknyga.lt\/produktas\/sumanesnis-pardavimas\/","url":"https:\/\/skaitytaknyga.lt\/produktas\/sumanesnis-pardavimas\/","name":"Sumanesnis pardavimas","isPartOf":{"@id":"https:\/\/skaitytaknyga.lt\/#website"},"primaryImageOfPage":{"@id":"https:\/\/skaitytaknyga.lt\/produktas\/sumanesnis-pardavimas\/#primaryimage"},"image":{"@id":"https:\/\/skaitytaknyga.lt\/produktas\/sumanesnis-pardavimas\/#primaryimage"},"thumbnailUrl":"https:\/\/skaitytaknyga.lt\/wp-content\/uploads\/2026\/04\/Sumanesnis-pardavimas.webp","datePublished":"2026-04-28T08:52:34+00:00","dateModified":"2026-04-29T06:38:42+00:00","description":"Visi k\u0105 nors parduoda. Vieni parduoda id\u0117jas, kiti - paslaugas, dar kiti parduoda produktus. Kad ir k\u0105 j\u016bs pardavin\u0117jate, \u0161i knyga pad\u0117s daryti tai","breadcrumb":{"@id":"https:\/\/skaitytaknyga.lt\/produktas\/sumanesnis-pardavimas\/#breadcrumb"},"inLanguage":"en-GB","potentialAction":[{"@type":"ReadAction","target":["https:\/\/skaitytaknyga.lt\/produktas\/sumanesnis-pardavimas\/"]}]},{"@type":"ImageObject","inLanguage":"en-GB","@id":"https:\/\/skaitytaknyga.lt\/produktas\/sumanesnis-pardavimas\/#primaryimage","url":"https:\/\/skaitytaknyga.lt\/wp-content\/uploads\/2026\/04\/Sumanesnis-pardavimas.webp","contentUrl":"https:\/\/skaitytaknyga.lt\/wp-content\/uploads\/2026\/04\/Sumanesnis-pardavimas.webp","width":546,"height":801,"caption":"Sumanesnis pardavimas"},{"@type":"BreadcrumbList","@id":"https:\/\/skaitytaknyga.lt\/produktas\/sumanesnis-pardavimas\/#breadcrumb","itemListElement":[{"@type":"ListItem","position":1,"name":"Home","item":"https:\/\/skaitytaknyga.lt\/"},{"@type":"ListItem","position":2,"name":"Parduotuv\u0117","item":"https:\/\/skaitytaknyga.lt\/knygu-parduotuve\/"},{"@type":"ListItem","position":3,"name":"Sumanesnis pardavimas"}]},{"@type":"WebSite","@id":"https:\/\/skaitytaknyga.lt\/#website","url":"https:\/\/skaitytaknyga.lt\/","name":"skaitytaknyga.lt","description":"Skaitytaknyga.lt \u2013 tai ma\u017eas \u0161eimos verslas, kuris prasid\u0117jo nuo meil\u0117s knygoms ir siekio i\u0161gelb\u0117ti knygas nuo likimo prie konteinerio. Kas vienam nereikalingas daiktas \u2013 kitam lobis, o mes esame tarpininkai, kurie padeda abiems tapti laimingesniems ???? \u017dinome kaip nelengva i\u0161gyventi ma\u017eiems verslams, tad nuo \u0161iol, \u010dia rasite ir kit\u0173, ma\u017e\u0173 \u0161eim\u0173 versl\u0173, rank\u0173 darbo, dovan\u0173 sau ir artimiesiems.","publisher":{"@id":"https:\/\/skaitytaknyga.lt\/#organization"},"potentialAction":[{"@type":"SearchAction","target":{"@type":"EntryPoint","urlTemplate":"https:\/\/skaitytaknyga.lt\/?s={search_term_string}"},"query-input":{"@type":"PropertyValueSpecification","valueRequired":true,"valueName":"search_term_string"}}],"inLanguage":"en-GB"},{"@type":"Organization","@id":"https:\/\/skaitytaknyga.lt\/#organization","name":"skaitytaknyga.lt","url":"https:\/\/skaitytaknyga.lt\/","logo":{"@type":"ImageObject","inLanguage":"en-GB","@id":"https:\/\/skaitytaknyga.lt\/#\/schema\/logo\/image\/","url":"https:\/\/skaitytaknyga.lt\/wp-content\/uploads\/2024\/05\/cropped-cropped-cropped-02_00843_jt3bggkj1j3HLc7SyY6rEUpg.jpeg","contentUrl":"https:\/\/skaitytaknyga.lt\/wp-content\/uploads\/2024\/05\/cropped-cropped-cropped-02_00843_jt3bggkj1j3HLc7SyY6rEUpg.jpeg","width":1600,"height":1600,"caption":"skaitytaknyga.lt"},"image":{"@id":"https:\/\/skaitytaknyga.lt\/#\/schema\/logo\/image\/"},"sameAs":["https:\/\/www.facebook.com\/skaitytaknyga\/"]}]}},"_links":{"self":[{"href":"https:\/\/skaitytaknyga.lt\/en\/wp-json\/wp\/v2\/product\/26422","targetHints":{"allow":["GET"]}}],"collection":[{"href":"https:\/\/skaitytaknyga.lt\/en\/wp-json\/wp\/v2\/product"}],"about":[{"href":"https:\/\/skaitytaknyga.lt\/en\/wp-json\/wp\/v2\/types\/product"}],"replies":[{"embeddable":true,"href":"https:\/\/skaitytaknyga.lt\/en\/wp-json\/wp\/v2\/comments?post=26422"}],"wp:featuredmedia":[{"embeddable":true,"href":"https:\/\/skaitytaknyga.lt\/en\/wp-json\/wp\/v2\/media\/26429"}],"wp:attachment":[{"href":"https:\/\/skaitytaknyga.lt\/en\/wp-json\/wp\/v2\/media?parent=26422"}],"wp:term":[{"taxonomy":"product_brand","embeddable":true,"href":"https:\/\/skaitytaknyga.lt\/en\/wp-json\/wp\/v2\/product_brand?post=26422"},{"taxonomy":"product_cat","embeddable":true,"href":"https:\/\/skaitytaknyga.lt\/en\/wp-json\/wp\/v2\/product_cat?post=26422"},{"taxonomy":"product_tag","embeddable":true,"href":"https:\/\/skaitytaknyga.lt\/en\/wp-json\/wp\/v2\/product_tag?post=26422"}],"curies":[{"name":"wp","href":"https:\/\/api.w.org\/{rel}","templated":true}]}}