{"id":26419,"date":"2026-04-28T11:52:30","date_gmt":"2026-04-28T08:52:30","guid":{"rendered":"https:\/\/skaitytaknyga.lt\/?post_type=product&#038;p=26419"},"modified":"2026-04-29T09:38:42","modified_gmt":"2026-04-29T06:38:42","slug":"homeopatija-savigydos-vadovas","status":"publish","type":"product","link":"https:\/\/skaitytaknyga.lt\/en\/produktas\/homeopatija-savigydos-vadovas\/","title":{"rendered":"Homeopatija. Savigydos vadovas"},"content":{"rendered":"<p>Wernerio Stumpfo \u201eHomeopatija\u201c \u2013 i\u0161samus savigydos vadovas visai \u0161eimai, kuriame aptariami 500 \u012fvairi\u0173 negalavim\u0173 ir pateikiami tiksl\u016bs nurodymai, kaip vartoti ir dozuoti vaistus.<\/p>\n<p>Knygoje gausu informacijos, kaip homeopatiniais vaistais gydytis per\u0161alus, sutrikus vir\u0161kinimo trakto veiklai, atsiradus psichikos problemoms, i\u0161sekimui, miego sutrikimams, moter\u0173 negalavimams, susirgus vaikui, nesunkiai susi\u017ealojus ar patyrus nedidel\u0119 traum\u0105. Taip pat ai\u0161kiai ir konkre\u010diai nurodomi klausimai sau, \u012f kuriuos privaloma atsakyti prie\u0161 imantis savigydos, pateikiama homeopatini\u0173 vaist\u0173 ap\u017evalga, i\u0161sami negalavim\u0173 rodykl\u0117, apibr\u0117\u017etos savigydos ribos.<\/p>\n<p>Werneris Stumpfas jau daugiau kaip 20 met\u0173 priva\u010diai dirba gydytoju ir u\u017esiima klasikine homeopatija \u2013 i\u0161 prad\u017ei\u0173 Miunchene, dabar Landshute (\u017demutin\u0117 Bavarija). Taip pat visoje Vokietijoje skaito paskaitas apie klasikin\u0119 homeopatij\u0105. Jis yra keleto knyg\u0173 apie homeopatij\u0105 autorius, tarp j\u0173 \u201eHomeopatija vaikams\u201c, kurios jau yra parduota daugiau kaip 350 t\u016bkst. egzempliori\u0173.<\/p>\n","protected":false},"excerpt":{"rendered":"<p>Wernerio Stumpfo \u201eHomeopatija\u201c \u2013 i\u0161samus savigydos vadovas visai \u0161eimai, kuriame aptariami 500 \u012fvairi\u0173 negalavim\u0173 ir pateikiami tiksl\u016bs nurodymai, kaip vartoti ir dozuoti vaistus. Knygoje gausu informacijos, kaip homeopatiniais vaistais gydytis per\u0161alus, sutrikus vir\u0161kinimo trakto veiklai, atsiradus psichikos problemoms, i\u0161sekimui, miego sutrikimams, moter\u0173 negalavimams, susirgus vaikui, nesunkiai susi\u017ealojus ar patyrus nedidel\u0119 traum\u0105. Taip pat ai\u0161kiai ir konkre\u010diai nurodomi klausimai sau, \u012f kuriuos privaloma atsakyti prie\u0161 imantis savigydos, pateikiama homeopatini\u0173 vaist\u0173 ap\u017evalga, i\u0161sami negalavim\u0173 rodykl\u0117, apibr\u0117\u017etos savigydos ribos. Werneris Stumpfas jau daugiau kaip 20 met\u0173 priva\u010diai dirba gydytoju ir u\u017esiima klasikine homeopatija \u2013 i\u0161 prad\u017ei\u0173 Miunchene, dabar Landshute (\u017demutin\u0117 Bavarija). Taip pat visoje Vokietijoje skaito paskaitas apie klasikin\u0119 homeopatij\u0105. Jis yra keleto knyg\u0173 apie homeopatij\u0105 autorius, tarp j\u0173 \u201eHomeopatija vaikams\u201c, kurios jau yra parduota daugiau kaip 350 t\u016bkst. egzempliori\u0173.<\/p>\n","protected":false},"featured_media":26424,"comment_status":"open","ping_status":"closed","template":"","meta":{"_acf_changed":false,"site-sidebar-layout":"default","site-content-layout":"","ast-site-content-layout":"default","site-content-style":"default","site-sidebar-style":"default","ast-global-header-display":"","ast-banner-title-visibility":"","ast-main-header-display":"","ast-hfb-above-header-display":"","ast-hfb-below-header-display":"","ast-hfb-mobile-header-display":"","site-post-title":"","ast-breadcrumbs-content":"","ast-featured-img":"","footer-sml-layout":"","ast-disable-related-posts":"","theme-transparent-header-meta":"","adv-header-id-meta":"","stick-header-meta":"","header-above-stick-meta":"","header-main-stick-meta":"","header-below-stick-meta":"","astra-migrate-meta-layouts":"default","ast-page-background-enabled":"default","ast-page-background-meta":{"desktop":{"background-color":"","background-image":"","background-repeat":"repeat","background-position":"center center","background-size":"auto","background-attachment":"scroll","background-type":"","background-media":"","overlay-type":"","overlay-color":"","overlay-opacity":"","overlay-gradient":""},"tablet":{"background-color":"","background-image":"","background-repeat":"repeat","background-position":"center center","background-size":"auto","background-attachment":"scroll","background-type":"","background-media":"","overlay-type":"","overlay-color":"","overlay-opacity":"","overlay-gradient":""},"mobile":{"background-color":"","background-image":"","background-repeat":"repeat","background-position":"center center","background-size":"auto","background-attachment":"scroll","background-type":"","background-media":"","overlay-type":"","overlay-color":"","overlay-opacity":"","overlay-gradient":""}},"ast-content-background-meta":{"desktop":{"background-color":"var(--ast-global-color-4)","background-image":"","background-repeat":"repeat","background-position":"center center","background-size":"auto","background-attachment":"scroll","background-type":"","background-media":"","overlay-type":"","overlay-color":"","overlay-opacity":"","overlay-gradient":""},"tablet":{"background-color":"var(--ast-global-color-4)","background-image":"","background-repeat":"repeat","background-position":"center center","background-size":"auto","background-attachment":"scroll","background-type":"","background-media":"","overlay-type":"","overlay-color":"","overlay-opacity":"","overlay-gradient":""},"mobile":{"background-color":"var(--ast-global-color-4)","background-image":"","background-repeat":"repeat","background-position":"center center","background-size":"auto","background-attachment":"scroll","background-type":"","background-media":"","overlay-type":"","overlay-color":"","overlay-opacity":"","overlay-gradient":""}}},"product_brand":[],"product_cat":[9857],"product_tag":[],"class_list":{"0":"post-26419","1":"product","2":"type-product","3":"status-publish","4":"has-post-thumbnail","6":"product_cat-naturali-medicina","7":"desktop-align-left","8":"tablet-align-left","9":"mobile-align-left","11":"first","12":"instock","13":"shipping-taxable","14":"purchasable","15":"product-type-simple"},"acf":[],"yoast_head":"<!-- This site is optimized with the Yoast SEO plugin v27.4 - https:\/\/yoast.com\/product\/yoast-seo-wordpress\/ -->\n<title>Homeopatija. Savigydos vadovas<\/title>\n<meta name=\"description\" content=\"Wernerio Stumpfo \u201eHomeopatija\u201c \u2013 i\u0161samus savigydos vadovas visai \u0161eimai, kuriame aptariami 500 \u012fvairi\u0173 negalavim\u0173 ir pateikiami tiksl\u016bs nurodymai, kaip\" \/>\n<meta name=\"robots\" content=\"index, follow, max-snippet:-1, max-image-preview:large, max-video-preview:-1\" \/>\n<link rel=\"canonical\" href=\"https:\/\/skaitytaknyga.lt\/en\/produktas\/homeopatija-savigydos-vadovas\/\" \/>\n<meta property=\"og:locale\" content=\"en_GB\" \/>\n<meta property=\"og:locale:alternate\" content=\"lt_LT\" \/>\n<meta property=\"og:type\" content=\"article\" \/>\n<meta property=\"og:title\" content=\"Homeopatija. Savigydos vadovas\" \/>\n<meta property=\"og:description\" content=\"Wernerio Stumpfo \u201eHomeopatija\u201c \u2013 i\u0161samus savigydos vadovas visai \u0161eimai, kuriame aptariami 500 \u012fvairi\u0173 negalavim\u0173 ir pateikiami tiksl\u016bs nurodymai, kaip\" \/>\n<meta property=\"og:url\" content=\"https:\/\/skaitytaknyga.lt\/en\/produktas\/homeopatija-savigydos-vadovas\/\" \/>\n<meta property=\"og:site_name\" content=\"Skaitytaknyga\" \/>\n<meta property=\"article:publisher\" content=\"https:\/\/www.facebook.com\/skaitytaknyga\/\" \/>\n<meta property=\"article:modified_time\" content=\"2026-04-29T06:38:42+00:00\" \/>\n<meta property=\"og:image\" content=\"https:\/\/skaitytaknyga.lt\/wp-content\/uploads\/2026\/04\/Homeopatija.-Savigydos-vadovas.webp\" \/>\n\t<meta property=\"og:image:width\" content=\"494\" \/>\n\t<meta property=\"og:image:height\" content=\"680\" \/>\n\t<meta property=\"og:image:type\" content=\"image\/webp\" \/>\n<meta name=\"twitter:card\" content=\"summary_large_image\" \/>\n<meta name=\"twitter:label1\" content=\"Estimated reading time\" \/>\n\t<meta name=\"twitter:data1\" content=\"1 minute\" \/>\n<script type=\"application\/ld+json\" class=\"yoast-schema-graph\">{\"@context\":\"https:\\\/\\\/schema.org\",\"@graph\":[{\"@type\":\"WebPage\",\"@id\":\"https:\\\/\\\/skaitytaknyga.lt\\\/produktas\\\/homeopatija-savigydos-vadovas\\\/\",\"url\":\"https:\\\/\\\/skaitytaknyga.lt\\\/produktas\\\/homeopatija-savigydos-vadovas\\\/\",\"name\":\"Homeopatija. Savigydos vadovas\",\"isPartOf\":{\"@id\":\"https:\\\/\\\/skaitytaknyga.lt\\\/#website\"},\"primaryImageOfPage\":{\"@id\":\"https:\\\/\\\/skaitytaknyga.lt\\\/produktas\\\/homeopatija-savigydos-vadovas\\\/#primaryimage\"},\"image\":{\"@id\":\"https:\\\/\\\/skaitytaknyga.lt\\\/produktas\\\/homeopatija-savigydos-vadovas\\\/#primaryimage\"},\"thumbnailUrl\":\"https:\\\/\\\/skaitytaknyga.lt\\\/wp-content\\\/uploads\\\/2026\\\/04\\\/Homeopatija.-Savigydos-vadovas.webp\",\"datePublished\":\"2026-04-28T08:52:30+00:00\",\"dateModified\":\"2026-04-29T06:38:42+00:00\",\"description\":\"Wernerio Stumpfo \u201eHomeopatija\u201c \u2013 i\u0161samus savigydos vadovas visai \u0161eimai, kuriame aptariami 500 \u012fvairi\u0173 negalavim\u0173 ir pateikiami tiksl\u016bs nurodymai, kaip\",\"breadcrumb\":{\"@id\":\"https:\\\/\\\/skaitytaknyga.lt\\\/produktas\\\/homeopatija-savigydos-vadovas\\\/#breadcrumb\"},\"inLanguage\":\"en-GB\",\"potentialAction\":[{\"@type\":\"ReadAction\",\"target\":[\"https:\\\/\\\/skaitytaknyga.lt\\\/produktas\\\/homeopatija-savigydos-vadovas\\\/\"]}]},{\"@type\":\"ImageObject\",\"inLanguage\":\"en-GB\",\"@id\":\"https:\\\/\\\/skaitytaknyga.lt\\\/produktas\\\/homeopatija-savigydos-vadovas\\\/#primaryimage\",\"url\":\"https:\\\/\\\/skaitytaknyga.lt\\\/wp-content\\\/uploads\\\/2026\\\/04\\\/Homeopatija.-Savigydos-vadovas.webp\",\"contentUrl\":\"https:\\\/\\\/skaitytaknyga.lt\\\/wp-content\\\/uploads\\\/2026\\\/04\\\/Homeopatija.-Savigydos-vadovas.webp\",\"width\":494,\"height\":680,\"caption\":\"Homeopatija. Savigydos vadovas\"},{\"@type\":\"BreadcrumbList\",\"@id\":\"https:\\\/\\\/skaitytaknyga.lt\\\/produktas\\\/homeopatija-savigydos-vadovas\\\/#breadcrumb\",\"itemListElement\":[{\"@type\":\"ListItem\",\"position\":1,\"name\":\"Home\",\"item\":\"https:\\\/\\\/skaitytaknyga.lt\\\/\"},{\"@type\":\"ListItem\",\"position\":2,\"name\":\"Parduotuv\u0117\",\"item\":\"https:\\\/\\\/skaitytaknyga.lt\\\/knygu-parduotuve\\\/\"},{\"@type\":\"ListItem\",\"position\":3,\"name\":\"Homeopatija. Savigydos vadovas\"}]},{\"@type\":\"WebSite\",\"@id\":\"https:\\\/\\\/skaitytaknyga.lt\\\/#website\",\"url\":\"https:\\\/\\\/skaitytaknyga.lt\\\/\",\"name\":\"skaitytaknyga.lt\",\"description\":\"Skaitytaknyga.lt \u2013 tai ma\u017eas \u0161eimos verslas, kuris prasid\u0117jo nuo meil\u0117s knygoms ir siekio i\u0161gelb\u0117ti knygas nuo likimo prie konteinerio. Kas vienam nereikalingas daiktas \u2013 kitam lobis, o mes esame tarpininkai, kurie padeda abiems tapti laimingesniems ???? \u017dinome kaip nelengva i\u0161gyventi ma\u017eiems verslams, tad nuo \u0161iol, \u010dia rasite ir kit\u0173, ma\u017e\u0173 \u0161eim\u0173 versl\u0173, rank\u0173 darbo, dovan\u0173 sau ir artimiesiems.\",\"publisher\":{\"@id\":\"https:\\\/\\\/skaitytaknyga.lt\\\/#organization\"},\"potentialAction\":[{\"@type\":\"SearchAction\",\"target\":{\"@type\":\"EntryPoint\",\"urlTemplate\":\"https:\\\/\\\/skaitytaknyga.lt\\\/?s={search_term_string}\"},\"query-input\":{\"@type\":\"PropertyValueSpecification\",\"valueRequired\":true,\"valueName\":\"search_term_string\"}}],\"inLanguage\":\"en-GB\"},{\"@type\":\"Organization\",\"@id\":\"https:\\\/\\\/skaitytaknyga.lt\\\/#organization\",\"name\":\"skaitytaknyga.lt\",\"url\":\"https:\\\/\\\/skaitytaknyga.lt\\\/\",\"logo\":{\"@type\":\"ImageObject\",\"inLanguage\":\"en-GB\",\"@id\":\"https:\\\/\\\/skaitytaknyga.lt\\\/#\\\/schema\\\/logo\\\/image\\\/\",\"url\":\"https:\\\/\\\/skaitytaknyga.lt\\\/wp-content\\\/uploads\\\/2024\\\/05\\\/cropped-cropped-cropped-02_00843_jt3bggkj1j3HLc7SyY6rEUpg.jpeg\",\"contentUrl\":\"https:\\\/\\\/skaitytaknyga.lt\\\/wp-content\\\/uploads\\\/2024\\\/05\\\/cropped-cropped-cropped-02_00843_jt3bggkj1j3HLc7SyY6rEUpg.jpeg\",\"width\":1600,\"height\":1600,\"caption\":\"skaitytaknyga.lt\"},\"image\":{\"@id\":\"https:\\\/\\\/skaitytaknyga.lt\\\/#\\\/schema\\\/logo\\\/image\\\/\"},\"sameAs\":[\"https:\\\/\\\/www.facebook.com\\\/skaitytaknyga\\\/\"]}]}<\/script>\n<!-- \/ Yoast SEO plugin. -->","yoast_head_json":{"title":"Homeopatija. Savigydos vadovas","description":"Wernerio Stumpfo \u201eHomeopatija\u201c \u2013 i\u0161samus savigydos vadovas visai \u0161eimai, kuriame aptariami 500 \u012fvairi\u0173 negalavim\u0173 ir pateikiami tiksl\u016bs nurodymai, kaip","robots":{"index":"index","follow":"follow","max-snippet":"max-snippet:-1","max-image-preview":"max-image-preview:large","max-video-preview":"max-video-preview:-1"},"canonical":"https:\/\/skaitytaknyga.lt\/en\/produktas\/homeopatija-savigydos-vadovas\/","og_locale":"en_GB","og_type":"article","og_title":"[:lt]Homeopatija. Savigydos vadovas[:] - Skaitytaknyga","og_description":"Wernerio Stumpfo \u201eHomeopatija\u201c \u2013 i\u0161samus savigydos vadovas visai \u0161eimai, kuriame aptariami 500 \u012fvairi\u0173 negalavim\u0173 ir pateikiami tiksl\u016bs nurodymai, kaip","og_url":"https:\/\/skaitytaknyga.lt\/en\/produktas\/homeopatija-savigydos-vadovas\/","og_site_name":"Skaitytaknyga","article_publisher":"https:\/\/www.facebook.com\/skaitytaknyga\/","article_modified_time":"2026-04-29T06:38:42+00:00","og_image":[{"width":494,"height":680,"url":"https:\/\/skaitytaknyga.lt\/wp-content\/uploads\/2026\/04\/Homeopatija.-Savigydos-vadovas.webp","type":"image\/webp"}],"twitter_card":"summary_large_image","twitter_misc":{"Estimated reading time":"1 minute"},"schema":{"@context":"https:\/\/schema.org","@graph":[{"@type":"WebPage","@id":"https:\/\/skaitytaknyga.lt\/produktas\/homeopatija-savigydos-vadovas\/","url":"https:\/\/skaitytaknyga.lt\/produktas\/homeopatija-savigydos-vadovas\/","name":"Homeopatija. Savigydos vadovas","isPartOf":{"@id":"https:\/\/skaitytaknyga.lt\/#website"},"primaryImageOfPage":{"@id":"https:\/\/skaitytaknyga.lt\/produktas\/homeopatija-savigydos-vadovas\/#primaryimage"},"image":{"@id":"https:\/\/skaitytaknyga.lt\/produktas\/homeopatija-savigydos-vadovas\/#primaryimage"},"thumbnailUrl":"https:\/\/skaitytaknyga.lt\/wp-content\/uploads\/2026\/04\/Homeopatija.-Savigydos-vadovas.webp","datePublished":"2026-04-28T08:52:30+00:00","dateModified":"2026-04-29T06:38:42+00:00","description":"Wernerio Stumpfo \u201eHomeopatija\u201c \u2013 i\u0161samus savigydos vadovas visai \u0161eimai, kuriame aptariami 500 \u012fvairi\u0173 negalavim\u0173 ir pateikiami tiksl\u016bs nurodymai, kaip","breadcrumb":{"@id":"https:\/\/skaitytaknyga.lt\/produktas\/homeopatija-savigydos-vadovas\/#breadcrumb"},"inLanguage":"en-GB","potentialAction":[{"@type":"ReadAction","target":["https:\/\/skaitytaknyga.lt\/produktas\/homeopatija-savigydos-vadovas\/"]}]},{"@type":"ImageObject","inLanguage":"en-GB","@id":"https:\/\/skaitytaknyga.lt\/produktas\/homeopatija-savigydos-vadovas\/#primaryimage","url":"https:\/\/skaitytaknyga.lt\/wp-content\/uploads\/2026\/04\/Homeopatija.-Savigydos-vadovas.webp","contentUrl":"https:\/\/skaitytaknyga.lt\/wp-content\/uploads\/2026\/04\/Homeopatija.-Savigydos-vadovas.webp","width":494,"height":680,"caption":"Homeopatija. Savigydos vadovas"},{"@type":"BreadcrumbList","@id":"https:\/\/skaitytaknyga.lt\/produktas\/homeopatija-savigydos-vadovas\/#breadcrumb","itemListElement":[{"@type":"ListItem","position":1,"name":"Home","item":"https:\/\/skaitytaknyga.lt\/"},{"@type":"ListItem","position":2,"name":"Parduotuv\u0117","item":"https:\/\/skaitytaknyga.lt\/knygu-parduotuve\/"},{"@type":"ListItem","position":3,"name":"Homeopatija. Savigydos vadovas"}]},{"@type":"WebSite","@id":"https:\/\/skaitytaknyga.lt\/#website","url":"https:\/\/skaitytaknyga.lt\/","name":"skaitytaknyga.lt","description":"Skaitytaknyga.lt \u2013 tai ma\u017eas \u0161eimos verslas, kuris prasid\u0117jo nuo meil\u0117s knygoms ir siekio i\u0161gelb\u0117ti knygas nuo likimo prie konteinerio. Kas vienam nereikalingas daiktas \u2013 kitam lobis, o mes esame tarpininkai, kurie padeda abiems tapti laimingesniems ???? \u017dinome kaip nelengva i\u0161gyventi ma\u017eiems verslams, tad nuo \u0161iol, \u010dia rasite ir kit\u0173, ma\u017e\u0173 \u0161eim\u0173 versl\u0173, rank\u0173 darbo, dovan\u0173 sau ir artimiesiems.","publisher":{"@id":"https:\/\/skaitytaknyga.lt\/#organization"},"potentialAction":[{"@type":"SearchAction","target":{"@type":"EntryPoint","urlTemplate":"https:\/\/skaitytaknyga.lt\/?s={search_term_string}"},"query-input":{"@type":"PropertyValueSpecification","valueRequired":true,"valueName":"search_term_string"}}],"inLanguage":"en-GB"},{"@type":"Organization","@id":"https:\/\/skaitytaknyga.lt\/#organization","name":"skaitytaknyga.lt","url":"https:\/\/skaitytaknyga.lt\/","logo":{"@type":"ImageObject","inLanguage":"en-GB","@id":"https:\/\/skaitytaknyga.lt\/#\/schema\/logo\/image\/","url":"https:\/\/skaitytaknyga.lt\/wp-content\/uploads\/2024\/05\/cropped-cropped-cropped-02_00843_jt3bggkj1j3HLc7SyY6rEUpg.jpeg","contentUrl":"https:\/\/skaitytaknyga.lt\/wp-content\/uploads\/2024\/05\/cropped-cropped-cropped-02_00843_jt3bggkj1j3HLc7SyY6rEUpg.jpeg","width":1600,"height":1600,"caption":"skaitytaknyga.lt"},"image":{"@id":"https:\/\/skaitytaknyga.lt\/#\/schema\/logo\/image\/"},"sameAs":["https:\/\/www.facebook.com\/skaitytaknyga\/"]}]}},"_links":{"self":[{"href":"https:\/\/skaitytaknyga.lt\/en\/wp-json\/wp\/v2\/product\/26419","targetHints":{"allow":["GET"]}}],"collection":[{"href":"https:\/\/skaitytaknyga.lt\/en\/wp-json\/wp\/v2\/product"}],"about":[{"href":"https:\/\/skaitytaknyga.lt\/en\/wp-json\/wp\/v2\/types\/product"}],"replies":[{"embeddable":true,"href":"https:\/\/skaitytaknyga.lt\/en\/wp-json\/wp\/v2\/comments?post=26419"}],"wp:featuredmedia":[{"embeddable":true,"href":"https:\/\/skaitytaknyga.lt\/en\/wp-json\/wp\/v2\/media\/26424"}],"wp:attachment":[{"href":"https:\/\/skaitytaknyga.lt\/en\/wp-json\/wp\/v2\/media?parent=26419"}],"wp:term":[{"taxonomy":"product_brand","embeddable":true,"href":"https:\/\/skaitytaknyga.lt\/en\/wp-json\/wp\/v2\/product_brand?post=26419"},{"taxonomy":"product_cat","embeddable":true,"href":"https:\/\/skaitytaknyga.lt\/en\/wp-json\/wp\/v2\/product_cat?post=26419"},{"taxonomy":"product_tag","embeddable":true,"href":"https:\/\/skaitytaknyga.lt\/en\/wp-json\/wp\/v2\/product_tag?post=26419"}],"curies":[{"name":"wp","href":"https:\/\/api.w.org\/{rel}","templated":true}]}}