{"id":26409,"date":"2026-04-28T10:44:19","date_gmt":"2026-04-28T07:44:19","guid":{"rendered":"https:\/\/skaitytaknyga.lt\/?post_type=product&#038;p=26409"},"modified":"2026-04-28T11:48:42","modified_gmt":"2026-04-28T08:48:42","slug":"misteris","status":"publish","type":"product","link":"https:\/\/skaitytaknyga.lt\/en\/produktas\/misteris\/","title":{"rendered":"Misteris"},"content":{"rendered":"<p>U\u017esimir\u0161kite skaitydami aistringos meil\u0117s istorij\u0105!<\/p>\n<p>\u201eMisteris\u201c \u2013 naujas, jaudinantis E L James \u2013 garsiosios \u201ePenkiasde\u0161imt pilk\u0173 atspalvi\u0173\u201c trilogijos autor\u0117s \u2013 romanas.<\/p>\n<p>2019-ieji, Londonas. Maksimas Trevelianas negali sk\u0173stis gyvenimu. Jis puikiai atrodo, turi daug ry\u0161i\u0173 auk\u0161tuomen\u0117je, pinig\u0173 jam netr\u016bksta, jam niekada nereik\u0117jo dirbti ir jis retai nakt\u012f leid\u017eia vienas. Bet nutikus tragedijai viskas staiga pasikei\u010dia \u2013 Maksimas paveldi gimin\u0117s grafo titul\u0105, turtus, dvarus ir&#8230; vis\u0105 su \u0161iuo g\u0117riu susijusi\u0105 atsakomyb\u0119. \u0160iam gyvenimo vaidmeniui Maksimas nepasiruo\u0161\u0119s ir kaip \u012fmanydamas m\u0117gina prie jo pratintis.<\/p>\n<p>Bet did\u017eiausias i\u0161\u0161\u016bkis \u2013 atsispirti aistrai, kuri\u0105 jis pajunta netik\u0117tai pasirod\u017eiusiai paslaptingai merginai, neseniai atvykusiai \u012f Anglij\u0105 ir neturin\u010diai nieko, tik paini\u0105 praeit\u012f. Ji slapuk\u0117, bet gra\u017ei ir muzikali, ji tikra paslaptis, Maksimas geid\u017eia \u0161ios merginos ir jo geismas netrukus virsta jausmais, kuri\u0173 jis dar niekada n\u0117ra patyr\u0119s. Kas ji, Alesija Dema\u010di? Ar Maksimas gali apginti j\u0105 nuo gresian\u010dio pavojaus? K\u0105 darys ji, su\u017einojusi, kad ir Maksimas turi sav\u0173 paslap\u010di\u0173?<\/p>\n<p>\u012evyki\u0173 kupina Misterio kelion\u0117 prasideda Londono centre ir veda skaitytoj\u0105 \u012f pasaki\u0161k\u0105j\u012f Kornval\u012f, o i\u0161 ten \u2013 \u012f ma\u017e\u0105 Pietry\u010di\u0173 Europos \u0161al\u012f; ji kupina aistros, pavoj\u0173 ir neleid\u017eia atsikv\u0117pti iki paskutinio puslapio.<\/p>\n","protected":false},"excerpt":{"rendered":"<p>U\u017esimir\u0161kite skaitydami aistringos meil\u0117s istorij\u0105! \u201eMisteris\u201c \u2013 naujas, jaudinantis E L James \u2013 garsiosios \u201ePenkiasde\u0161imt pilk\u0173 atspalvi\u0173\u201c trilogijos autor\u0117s \u2013 romanas. 2019-ieji, Londonas. Maksimas Trevelianas negali sk\u0173stis gyvenimu. Jis puikiai atrodo, turi daug ry\u0161i\u0173 auk\u0161tuomen\u0117je, pinig\u0173 jam netr\u016bksta, jam niekada nereik\u0117jo dirbti ir jis retai nakt\u012f leid\u017eia vienas. Bet nutikus tragedijai viskas staiga pasikei\u010dia \u2013 Maksimas paveldi gimin\u0117s grafo titul\u0105, turtus, dvarus ir&#8230; vis\u0105 su \u0161iuo g\u0117riu susijusi\u0105 atsakomyb\u0119. \u0160iam gyvenimo vaidmeniui Maksimas nepasiruo\u0161\u0119s ir kaip \u012fmanydamas m\u0117gina prie jo pratintis. Bet did\u017eiausias i\u0161\u0161\u016bkis \u2013 atsispirti aistrai, kuri\u0105 jis pajunta netik\u0117tai pasirod\u017eiusiai paslaptingai merginai, neseniai atvykusiai \u012f Anglij\u0105 ir neturin\u010diai nieko, tik paini\u0105 praeit\u012f. Ji slapuk\u0117, bet gra\u017ei ir muzikali, ji tikra paslaptis, Maksimas geid\u017eia \u0161ios merginos ir jo geismas netrukus virsta jausmais, kuri\u0173 jis dar niekada n\u0117ra patyr\u0119s. Kas ji, Alesija Dema\u010di? Ar Maksimas gali apginti j\u0105 nuo gresian\u010dio pavojaus? K\u0105 darys ji, su\u017einojusi, kad ir Maksimas turi sav\u0173 paslap\u010di\u0173? \u012evyki\u0173 kupina Misterio kelion\u0117 prasideda Londono centre ir veda skaitytoj\u0105 \u012f pasaki\u0161k\u0105j\u012f Kornval\u012f, o i\u0161 ten \u2013 \u012f ma\u017e\u0105 Pietry\u010di\u0173 Europos \u0161al\u012f; ji kupina aistros, pavoj\u0173 ir neleid\u017eia atsikv\u0117pti iki paskutinio puslapio.<\/p>\n","protected":false},"featured_media":26414,"comment_status":"open","ping_status":"closed","template":"","meta":{"_acf_changed":false,"site-sidebar-layout":"default","site-content-layout":"","ast-site-content-layout":"default","site-content-style":"default","site-sidebar-style":"default","ast-global-header-display":"","ast-banner-title-visibility":"","ast-main-header-display":"","ast-hfb-above-header-display":"","ast-hfb-below-header-display":"","ast-hfb-mobile-header-display":"","site-post-title":"","ast-breadcrumbs-content":"","ast-featured-img":"","footer-sml-layout":"","ast-disable-related-posts":"","theme-transparent-header-meta":"","adv-header-id-meta":"","stick-header-meta":"","header-above-stick-meta":"","header-main-stick-meta":"","header-below-stick-meta":"","astra-migrate-meta-layouts":"default","ast-page-background-enabled":"default","ast-page-background-meta":{"desktop":{"background-color":"","background-image":"","background-repeat":"repeat","background-position":"center center","background-size":"auto","background-attachment":"scroll","background-type":"","background-media":"","overlay-type":"","overlay-color":"","overlay-opacity":"","overlay-gradient":""},"tablet":{"background-color":"","background-image":"","background-repeat":"repeat","background-position":"center center","background-size":"auto","background-attachment":"scroll","background-type":"","background-media":"","overlay-type":"","overlay-color":"","overlay-opacity":"","overlay-gradient":""},"mobile":{"background-color":"","background-image":"","background-repeat":"repeat","background-position":"center center","background-size":"auto","background-attachment":"scroll","background-type":"","background-media":"","overlay-type":"","overlay-color":"","overlay-opacity":"","overlay-gradient":""}},"ast-content-background-meta":{"desktop":{"background-color":"var(--ast-global-color-4)","background-image":"","background-repeat":"repeat","background-position":"center center","background-size":"auto","background-attachment":"scroll","background-type":"","background-media":"","overlay-type":"","overlay-color":"","overlay-opacity":"","overlay-gradient":""},"tablet":{"background-color":"var(--ast-global-color-4)","background-image":"","background-repeat":"repeat","background-position":"center center","background-size":"auto","background-attachment":"scroll","background-type":"","background-media":"","overlay-type":"","overlay-color":"","overlay-opacity":"","overlay-gradient":""},"mobile":{"background-color":"var(--ast-global-color-4)","background-image":"","background-repeat":"repeat","background-position":"center center","background-size":"auto","background-attachment":"scroll","background-type":"","background-media":"","overlay-type":"","overlay-color":"","overlay-opacity":"","overlay-gradient":""}}},"product_brand":[],"product_cat":[9583],"product_tag":[],"class_list":{"0":"post-26409","1":"product","2":"type-product","3":"status-publish","4":"has-post-thumbnail","6":"product_cat-erotiniai-romanai","7":"desktop-align-left","8":"tablet-align-left","9":"mobile-align-left","11":"first","12":"instock","13":"shipping-taxable","14":"purchasable","15":"product-type-simple"},"acf":[],"yoast_head":"<!-- This site is optimized with the Yoast SEO plugin v27.4 - https:\/\/yoast.com\/product\/yoast-seo-wordpress\/ -->\n<title>Misteris<\/title>\n<meta name=\"description\" content=\"U\u017esimir\u0161kite skaitydami aistringos meil\u0117s istorij\u0105! \u201eMisteris\u201c \u2013 naujas, jaudinantis E L James \u2013 garsiosios \u201ePenkiasde\u0161imt pilk\u0173 atspalvi\u0173\u201c trilogijos\" \/>\n<meta name=\"robots\" content=\"index, follow, max-snippet:-1, max-image-preview:large, max-video-preview:-1\" \/>\n<link rel=\"canonical\" href=\"https:\/\/skaitytaknyga.lt\/en\/produktas\/misteris\/\" \/>\n<meta property=\"og:locale\" content=\"en_GB\" \/>\n<meta property=\"og:locale:alternate\" content=\"lt_LT\" \/>\n<meta property=\"og:type\" content=\"article\" \/>\n<meta property=\"og:title\" content=\"Misteris\" \/>\n<meta property=\"og:description\" content=\"U\u017esimir\u0161kite skaitydami aistringos meil\u0117s istorij\u0105! \u201eMisteris\u201c \u2013 naujas, jaudinantis E L James \u2013 garsiosios \u201ePenkiasde\u0161imt pilk\u0173 atspalvi\u0173\u201c trilogijos\" \/>\n<meta property=\"og:url\" content=\"https:\/\/skaitytaknyga.lt\/en\/produktas\/misteris\/\" \/>\n<meta property=\"og:site_name\" content=\"Skaitytaknyga\" \/>\n<meta property=\"article:publisher\" content=\"https:\/\/www.facebook.com\/skaitytaknyga\/\" \/>\n<meta property=\"article:modified_time\" content=\"2026-04-28T08:48:42+00:00\" \/>\n<meta property=\"og:image\" content=\"https:\/\/skaitytaknyga.lt\/wp-content\/uploads\/2026\/04\/Misteris.webp\" \/>\n\t<meta property=\"og:image:width\" content=\"366\" \/>\n\t<meta property=\"og:image:height\" content=\"600\" \/>\n\t<meta property=\"og:image:type\" content=\"image\/webp\" \/>\n<meta name=\"twitter:card\" content=\"summary_large_image\" \/>\n<meta name=\"twitter:label1\" content=\"Estimated reading time\" \/>\n\t<meta name=\"twitter:data1\" content=\"1 minute\" \/>\n<script type=\"application\/ld+json\" class=\"yoast-schema-graph\">{\"@context\":\"https:\\\/\\\/schema.org\",\"@graph\":[{\"@type\":\"WebPage\",\"@id\":\"https:\\\/\\\/skaitytaknyga.lt\\\/produktas\\\/misteris\\\/\",\"url\":\"https:\\\/\\\/skaitytaknyga.lt\\\/produktas\\\/misteris\\\/\",\"name\":\"Misteris\",\"isPartOf\":{\"@id\":\"https:\\\/\\\/skaitytaknyga.lt\\\/#website\"},\"primaryImageOfPage\":{\"@id\":\"https:\\\/\\\/skaitytaknyga.lt\\\/produktas\\\/misteris\\\/#primaryimage\"},\"image\":{\"@id\":\"https:\\\/\\\/skaitytaknyga.lt\\\/produktas\\\/misteris\\\/#primaryimage\"},\"thumbnailUrl\":\"https:\\\/\\\/skaitytaknyga.lt\\\/wp-content\\\/uploads\\\/2026\\\/04\\\/Misteris.webp\",\"datePublished\":\"2026-04-28T07:44:19+00:00\",\"dateModified\":\"2026-04-28T08:48:42+00:00\",\"description\":\"U\u017esimir\u0161kite skaitydami aistringos meil\u0117s istorij\u0105! \u201eMisteris\u201c \u2013 naujas, jaudinantis E L James \u2013 garsiosios \u201ePenkiasde\u0161imt pilk\u0173 atspalvi\u0173\u201c trilogijos\",\"breadcrumb\":{\"@id\":\"https:\\\/\\\/skaitytaknyga.lt\\\/produktas\\\/misteris\\\/#breadcrumb\"},\"inLanguage\":\"en-GB\",\"potentialAction\":[{\"@type\":\"ReadAction\",\"target\":[\"https:\\\/\\\/skaitytaknyga.lt\\\/produktas\\\/misteris\\\/\"]}]},{\"@type\":\"ImageObject\",\"inLanguage\":\"en-GB\",\"@id\":\"https:\\\/\\\/skaitytaknyga.lt\\\/produktas\\\/misteris\\\/#primaryimage\",\"url\":\"https:\\\/\\\/skaitytaknyga.lt\\\/wp-content\\\/uploads\\\/2026\\\/04\\\/Misteris.webp\",\"contentUrl\":\"https:\\\/\\\/skaitytaknyga.lt\\\/wp-content\\\/uploads\\\/2026\\\/04\\\/Misteris.webp\",\"width\":366,\"height\":600,\"caption\":\"Misteris\"},{\"@type\":\"BreadcrumbList\",\"@id\":\"https:\\\/\\\/skaitytaknyga.lt\\\/produktas\\\/misteris\\\/#breadcrumb\",\"itemListElement\":[{\"@type\":\"ListItem\",\"position\":1,\"name\":\"Home\",\"item\":\"https:\\\/\\\/skaitytaknyga.lt\\\/\"},{\"@type\":\"ListItem\",\"position\":2,\"name\":\"Parduotuv\u0117\",\"item\":\"https:\\\/\\\/skaitytaknyga.lt\\\/knygu-parduotuve\\\/\"},{\"@type\":\"ListItem\",\"position\":3,\"name\":\"Misteris\"}]},{\"@type\":\"WebSite\",\"@id\":\"https:\\\/\\\/skaitytaknyga.lt\\\/#website\",\"url\":\"https:\\\/\\\/skaitytaknyga.lt\\\/\",\"name\":\"skaitytaknyga.lt\",\"description\":\"Skaitytaknyga.lt \u2013 tai ma\u017eas \u0161eimos verslas, kuris prasid\u0117jo nuo meil\u0117s knygoms ir siekio i\u0161gelb\u0117ti knygas nuo likimo prie konteinerio. Kas vienam nereikalingas daiktas \u2013 kitam lobis, o mes esame tarpininkai, kurie padeda abiems tapti laimingesniems ???? \u017dinome kaip nelengva i\u0161gyventi ma\u017eiems verslams, tad nuo \u0161iol, \u010dia rasite ir kit\u0173, ma\u017e\u0173 \u0161eim\u0173 versl\u0173, rank\u0173 darbo, dovan\u0173 sau ir artimiesiems.\",\"publisher\":{\"@id\":\"https:\\\/\\\/skaitytaknyga.lt\\\/#organization\"},\"potentialAction\":[{\"@type\":\"SearchAction\",\"target\":{\"@type\":\"EntryPoint\",\"urlTemplate\":\"https:\\\/\\\/skaitytaknyga.lt\\\/?s={search_term_string}\"},\"query-input\":{\"@type\":\"PropertyValueSpecification\",\"valueRequired\":true,\"valueName\":\"search_term_string\"}}],\"inLanguage\":\"en-GB\"},{\"@type\":\"Organization\",\"@id\":\"https:\\\/\\\/skaitytaknyga.lt\\\/#organization\",\"name\":\"skaitytaknyga.lt\",\"url\":\"https:\\\/\\\/skaitytaknyga.lt\\\/\",\"logo\":{\"@type\":\"ImageObject\",\"inLanguage\":\"en-GB\",\"@id\":\"https:\\\/\\\/skaitytaknyga.lt\\\/#\\\/schema\\\/logo\\\/image\\\/\",\"url\":\"https:\\\/\\\/skaitytaknyga.lt\\\/wp-content\\\/uploads\\\/2024\\\/05\\\/cropped-cropped-cropped-02_00843_jt3bggkj1j3HLc7SyY6rEUpg.jpeg\",\"contentUrl\":\"https:\\\/\\\/skaitytaknyga.lt\\\/wp-content\\\/uploads\\\/2024\\\/05\\\/cropped-cropped-cropped-02_00843_jt3bggkj1j3HLc7SyY6rEUpg.jpeg\",\"width\":1600,\"height\":1600,\"caption\":\"skaitytaknyga.lt\"},\"image\":{\"@id\":\"https:\\\/\\\/skaitytaknyga.lt\\\/#\\\/schema\\\/logo\\\/image\\\/\"},\"sameAs\":[\"https:\\\/\\\/www.facebook.com\\\/skaitytaknyga\\\/\"]}]}<\/script>\n<!-- \/ Yoast SEO plugin. -->","yoast_head_json":{"title":"Misteris","description":"U\u017esimir\u0161kite skaitydami aistringos meil\u0117s istorij\u0105! \u201eMisteris\u201c \u2013 naujas, jaudinantis E L James \u2013 garsiosios \u201ePenkiasde\u0161imt pilk\u0173 atspalvi\u0173\u201c trilogijos","robots":{"index":"index","follow":"follow","max-snippet":"max-snippet:-1","max-image-preview":"max-image-preview:large","max-video-preview":"max-video-preview:-1"},"canonical":"https:\/\/skaitytaknyga.lt\/en\/produktas\/misteris\/","og_locale":"en_GB","og_type":"article","og_title":"[:lt]Misteris[:] - Skaitytaknyga","og_description":"U\u017esimir\u0161kite skaitydami aistringos meil\u0117s istorij\u0105! \u201eMisteris\u201c \u2013 naujas, jaudinantis E L James \u2013 garsiosios \u201ePenkiasde\u0161imt pilk\u0173 atspalvi\u0173\u201c trilogijos","og_url":"https:\/\/skaitytaknyga.lt\/en\/produktas\/misteris\/","og_site_name":"Skaitytaknyga","article_publisher":"https:\/\/www.facebook.com\/skaitytaknyga\/","article_modified_time":"2026-04-28T08:48:42+00:00","og_image":[{"width":366,"height":600,"url":"https:\/\/skaitytaknyga.lt\/wp-content\/uploads\/2026\/04\/Misteris.webp","type":"image\/webp"}],"twitter_card":"summary_large_image","twitter_misc":{"Estimated reading time":"1 minute"},"schema":{"@context":"https:\/\/schema.org","@graph":[{"@type":"WebPage","@id":"https:\/\/skaitytaknyga.lt\/produktas\/misteris\/","url":"https:\/\/skaitytaknyga.lt\/produktas\/misteris\/","name":"Misteris","isPartOf":{"@id":"https:\/\/skaitytaknyga.lt\/#website"},"primaryImageOfPage":{"@id":"https:\/\/skaitytaknyga.lt\/produktas\/misteris\/#primaryimage"},"image":{"@id":"https:\/\/skaitytaknyga.lt\/produktas\/misteris\/#primaryimage"},"thumbnailUrl":"https:\/\/skaitytaknyga.lt\/wp-content\/uploads\/2026\/04\/Misteris.webp","datePublished":"2026-04-28T07:44:19+00:00","dateModified":"2026-04-28T08:48:42+00:00","description":"U\u017esimir\u0161kite skaitydami aistringos meil\u0117s istorij\u0105! \u201eMisteris\u201c \u2013 naujas, jaudinantis E L James \u2013 garsiosios \u201ePenkiasde\u0161imt pilk\u0173 atspalvi\u0173\u201c trilogijos","breadcrumb":{"@id":"https:\/\/skaitytaknyga.lt\/produktas\/misteris\/#breadcrumb"},"inLanguage":"en-GB","potentialAction":[{"@type":"ReadAction","target":["https:\/\/skaitytaknyga.lt\/produktas\/misteris\/"]}]},{"@type":"ImageObject","inLanguage":"en-GB","@id":"https:\/\/skaitytaknyga.lt\/produktas\/misteris\/#primaryimage","url":"https:\/\/skaitytaknyga.lt\/wp-content\/uploads\/2026\/04\/Misteris.webp","contentUrl":"https:\/\/skaitytaknyga.lt\/wp-content\/uploads\/2026\/04\/Misteris.webp","width":366,"height":600,"caption":"Misteris"},{"@type":"BreadcrumbList","@id":"https:\/\/skaitytaknyga.lt\/produktas\/misteris\/#breadcrumb","itemListElement":[{"@type":"ListItem","position":1,"name":"Home","item":"https:\/\/skaitytaknyga.lt\/"},{"@type":"ListItem","position":2,"name":"Parduotuv\u0117","item":"https:\/\/skaitytaknyga.lt\/knygu-parduotuve\/"},{"@type":"ListItem","position":3,"name":"Misteris"}]},{"@type":"WebSite","@id":"https:\/\/skaitytaknyga.lt\/#website","url":"https:\/\/skaitytaknyga.lt\/","name":"skaitytaknyga.lt","description":"Skaitytaknyga.lt \u2013 tai ma\u017eas \u0161eimos verslas, kuris prasid\u0117jo nuo meil\u0117s knygoms ir siekio i\u0161gelb\u0117ti knygas nuo likimo prie konteinerio. Kas vienam nereikalingas daiktas \u2013 kitam lobis, o mes esame tarpininkai, kurie padeda abiems tapti laimingesniems ???? \u017dinome kaip nelengva i\u0161gyventi ma\u017eiems verslams, tad nuo \u0161iol, \u010dia rasite ir kit\u0173, ma\u017e\u0173 \u0161eim\u0173 versl\u0173, rank\u0173 darbo, dovan\u0173 sau ir artimiesiems.","publisher":{"@id":"https:\/\/skaitytaknyga.lt\/#organization"},"potentialAction":[{"@type":"SearchAction","target":{"@type":"EntryPoint","urlTemplate":"https:\/\/skaitytaknyga.lt\/?s={search_term_string}"},"query-input":{"@type":"PropertyValueSpecification","valueRequired":true,"valueName":"search_term_string"}}],"inLanguage":"en-GB"},{"@type":"Organization","@id":"https:\/\/skaitytaknyga.lt\/#organization","name":"skaitytaknyga.lt","url":"https:\/\/skaitytaknyga.lt\/","logo":{"@type":"ImageObject","inLanguage":"en-GB","@id":"https:\/\/skaitytaknyga.lt\/#\/schema\/logo\/image\/","url":"https:\/\/skaitytaknyga.lt\/wp-content\/uploads\/2024\/05\/cropped-cropped-cropped-02_00843_jt3bggkj1j3HLc7SyY6rEUpg.jpeg","contentUrl":"https:\/\/skaitytaknyga.lt\/wp-content\/uploads\/2024\/05\/cropped-cropped-cropped-02_00843_jt3bggkj1j3HLc7SyY6rEUpg.jpeg","width":1600,"height":1600,"caption":"skaitytaknyga.lt"},"image":{"@id":"https:\/\/skaitytaknyga.lt\/#\/schema\/logo\/image\/"},"sameAs":["https:\/\/www.facebook.com\/skaitytaknyga\/"]}]}},"_links":{"self":[{"href":"https:\/\/skaitytaknyga.lt\/en\/wp-json\/wp\/v2\/product\/26409","targetHints":{"allow":["GET"]}}],"collection":[{"href":"https:\/\/skaitytaknyga.lt\/en\/wp-json\/wp\/v2\/product"}],"about":[{"href":"https:\/\/skaitytaknyga.lt\/en\/wp-json\/wp\/v2\/types\/product"}],"replies":[{"embeddable":true,"href":"https:\/\/skaitytaknyga.lt\/en\/wp-json\/wp\/v2\/comments?post=26409"}],"wp:featuredmedia":[{"embeddable":true,"href":"https:\/\/skaitytaknyga.lt\/en\/wp-json\/wp\/v2\/media\/26414"}],"wp:attachment":[{"href":"https:\/\/skaitytaknyga.lt\/en\/wp-json\/wp\/v2\/media?parent=26409"}],"wp:term":[{"taxonomy":"product_brand","embeddable":true,"href":"https:\/\/skaitytaknyga.lt\/en\/wp-json\/wp\/v2\/product_brand?post=26409"},{"taxonomy":"product_cat","embeddable":true,"href":"https:\/\/skaitytaknyga.lt\/en\/wp-json\/wp\/v2\/product_cat?post=26409"},{"taxonomy":"product_tag","embeddable":true,"href":"https:\/\/skaitytaknyga.lt\/en\/wp-json\/wp\/v2\/product_tag?post=26409"}],"curies":[{"name":"wp","href":"https:\/\/api.w.org\/{rel}","templated":true}]}}