{"id":26403,"date":"2026-04-27T11:54:36","date_gmt":"2026-04-27T08:54:36","guid":{"rendered":"https:\/\/skaitytaknyga.lt\/?post_type=product&#038;p=26403"},"modified":"2026-04-28T11:48:42","modified_gmt":"2026-04-28T08:48:42","slug":"kaip-tapti-zinomam-etiski-rysiai-su-visuomene","status":"publish","type":"product","link":"https:\/\/skaitytaknyga.lt\/en\/produktas\/kaip-tapti-zinomam-etiski-rysiai-su-visuomene\/","title":{"rendered":"Kaip tapti \u017einomam: eti\u0161ki ry\u0161iai su visuomene"},"content":{"rendered":"<p>Knygoje pateikti patarimai skirti praktiniam ry\u0161i\u0173 su visuomene specialist\u0173 darbui. Jie pad\u0117s visuomenei papasakoti apie save. Knygos autorius \u2013 ry\u0161i\u0173 su visuomene bendrov\u0117s \u201eEPRS Vilnius\u201c bendrasavininkis \u2013 paprastai ai\u0161kina, kaip efektyviausiai panaudoti ry\u0161i\u0173 su visuomene galimybes, pateikia bendravimo su lietuvi\u0161ka \u017einiasklaida klaiding\u0173 ir s\u0117kming\u0173 pavyzd\u017ei\u0173, kuriuos surinko dirbdamas tarptautini\u0173 ry\u0161i\u0173 su visuomene tinkl\u0173 agent\u016brose, taip pat patarin\u0117damas LR Prezidentui kriz\u0117s valdymo klausimais apkaltos proceso metu.<\/p>\n<p>Knygoje pateikti pavyzd\u017eiai pad\u0117s atlikti da\u017eniausiai pasitaikan\u010dias ry\u0161i\u0173 su visuomene u\u017eduotis: ra\u0161yti prane\u0161imus \u017einiasklaidai, rengti spaudos konferencijas, informuoti \u017einiasklaid\u0105.<\/p>\n","protected":false},"excerpt":{"rendered":"<p>Knygoje pateikti patarimai skirti praktiniam ry\u0161i\u0173 su visuomene specialist\u0173 darbui. Jie pad\u0117s visuomenei papasakoti apie save. Knygos autorius \u2013 ry\u0161i\u0173 su visuomene bendrov\u0117s \u201eEPRS Vilnius\u201c bendrasavininkis \u2013 paprastai ai\u0161kina, kaip efektyviausiai panaudoti ry\u0161i\u0173 su visuomene galimybes, pateikia bendravimo su lietuvi\u0161ka \u017einiasklaida klaiding\u0173 ir s\u0117kming\u0173 pavyzd\u017ei\u0173, kuriuos surinko dirbdamas tarptautini\u0173 ry\u0161i\u0173 su visuomene tinkl\u0173 agent\u016brose, taip pat patarin\u0117damas LR Prezidentui kriz\u0117s valdymo klausimais apkaltos proceso metu. Knygoje pateikti pavyzd\u017eiai pad\u0117s atlikti da\u017eniausiai pasitaikan\u010dias ry\u0161i\u0173 su visuomene u\u017eduotis: ra\u0161yti prane\u0161imus \u017einiasklaidai, rengti spaudos konferencijas, informuoti \u017einiasklaid\u0105.<\/p>\n","protected":false},"featured_media":26408,"comment_status":"open","ping_status":"closed","template":"","meta":{"_acf_changed":false,"site-sidebar-layout":"default","site-content-layout":"","ast-site-content-layout":"default","site-content-style":"default","site-sidebar-style":"default","ast-global-header-display":"","ast-banner-title-visibility":"","ast-main-header-display":"","ast-hfb-above-header-display":"","ast-hfb-below-header-display":"","ast-hfb-mobile-header-display":"","site-post-title":"","ast-breadcrumbs-content":"","ast-featured-img":"","footer-sml-layout":"","ast-disable-related-posts":"","theme-transparent-header-meta":"","adv-header-id-meta":"","stick-header-meta":"","header-above-stick-meta":"","header-main-stick-meta":"","header-below-stick-meta":"","astra-migrate-meta-layouts":"default","ast-page-background-enabled":"default","ast-page-background-meta":{"desktop":{"background-color":"","background-image":"","background-repeat":"repeat","background-position":"center center","background-size":"auto","background-attachment":"scroll","background-type":"","background-media":"","overlay-type":"","overlay-color":"","overlay-opacity":"","overlay-gradient":""},"tablet":{"background-color":"","background-image":"","background-repeat":"repeat","background-position":"center center","background-size":"auto","background-attachment":"scroll","background-type":"","background-media":"","overlay-type":"","overlay-color":"","overlay-opacity":"","overlay-gradient":""},"mobile":{"background-color":"","background-image":"","background-repeat":"repeat","background-position":"center center","background-size":"auto","background-attachment":"scroll","background-type":"","background-media":"","overlay-type":"","overlay-color":"","overlay-opacity":"","overlay-gradient":""}},"ast-content-background-meta":{"desktop":{"background-color":"var(--ast-global-color-4)","background-image":"","background-repeat":"repeat","background-position":"center center","background-size":"auto","background-attachment":"scroll","background-type":"","background-media":"","overlay-type":"","overlay-color":"","overlay-opacity":"","overlay-gradient":""},"tablet":{"background-color":"var(--ast-global-color-4)","background-image":"","background-repeat":"repeat","background-position":"center center","background-size":"auto","background-attachment":"scroll","background-type":"","background-media":"","overlay-type":"","overlay-color":"","overlay-opacity":"","overlay-gradient":""},"mobile":{"background-color":"var(--ast-global-color-4)","background-image":"","background-repeat":"repeat","background-position":"center center","background-size":"auto","background-attachment":"scroll","background-type":"","background-media":"","overlay-type":"","overlay-color":"","overlay-opacity":"","overlay-gradient":""}}},"product_brand":[],"product_cat":[15],"product_tag":[],"class_list":{"0":"post-26403","1":"product","2":"type-product","3":"status-publish","4":"has-post-thumbnail","6":"product_cat-uncategorized","7":"desktop-align-left","8":"tablet-align-left","9":"mobile-align-left","11":"first","12":"instock","13":"shipping-taxable","14":"purchasable","15":"product-type-simple"},"acf":[],"yoast_head":"<!-- This site is optimized with the Yoast SEO plugin v27.4 - https:\/\/yoast.com\/product\/yoast-seo-wordpress\/ -->\n<title>Kaip tapti \u017einomam: eti\u0161ki ry\u0161iai su visuomene<\/title>\n<meta name=\"description\" content=\"Knygoje pateikti patarimai skirti praktiniam ry\u0161i\u0173 su visuomene specialist\u0173 darbui. Jie pad\u0117s visuomenei papasakoti apie save. Knygos autorius \u2013 ry\u0161i\u0173 su\" \/>\n<meta name=\"robots\" content=\"index, follow, max-snippet:-1, max-image-preview:large, max-video-preview:-1\" \/>\n<link rel=\"canonical\" href=\"https:\/\/skaitytaknyga.lt\/en\/produktas\/kaip-tapti-zinomam-etiski-rysiai-su-visuomene\/\" \/>\n<meta property=\"og:locale\" content=\"en_GB\" \/>\n<meta property=\"og:locale:alternate\" content=\"lt_LT\" \/>\n<meta property=\"og:type\" content=\"article\" \/>\n<meta property=\"og:title\" content=\"Kaip tapti \u017einomam: eti\u0161ki ry\u0161iai su visuomene\" \/>\n<meta property=\"og:description\" content=\"Knygoje pateikti patarimai skirti praktiniam ry\u0161i\u0173 su visuomene specialist\u0173 darbui. Jie pad\u0117s visuomenei papasakoti apie save. Knygos autorius \u2013 ry\u0161i\u0173 su\" \/>\n<meta property=\"og:url\" content=\"https:\/\/skaitytaknyga.lt\/en\/produktas\/kaip-tapti-zinomam-etiski-rysiai-su-visuomene\/\" \/>\n<meta property=\"og:site_name\" content=\"Skaitytaknyga\" \/>\n<meta property=\"article:publisher\" content=\"https:\/\/www.facebook.com\/skaitytaknyga\/\" \/>\n<meta property=\"article:modified_time\" content=\"2026-04-28T08:48:42+00:00\" \/>\n<meta property=\"og:image\" content=\"https:\/\/skaitytaknyga.lt\/wp-content\/uploads\/2026\/04\/Kaip-tapti-zinomam-etiski-rysiai-su-visuomene.webp\" \/>\n\t<meta property=\"og:image:width\" content=\"348\" \/>\n\t<meta property=\"og:image:height\" content=\"477\" \/>\n\t<meta property=\"og:image:type\" content=\"image\/webp\" \/>\n<meta name=\"twitter:card\" content=\"summary_large_image\" \/>\n<meta name=\"twitter:label1\" content=\"Estimated reading time\" \/>\n\t<meta name=\"twitter:data1\" content=\"1 minute\" \/>\n<script type=\"application\/ld+json\" class=\"yoast-schema-graph\">{\"@context\":\"https:\\\/\\\/schema.org\",\"@graph\":[{\"@type\":\"WebPage\",\"@id\":\"https:\\\/\\\/skaitytaknyga.lt\\\/produktas\\\/kaip-tapti-zinomam-etiski-rysiai-su-visuomene\\\/\",\"url\":\"https:\\\/\\\/skaitytaknyga.lt\\\/produktas\\\/kaip-tapti-zinomam-etiski-rysiai-su-visuomene\\\/\",\"name\":\"Kaip tapti \u017einomam: eti\u0161ki ry\u0161iai su visuomene\",\"isPartOf\":{\"@id\":\"https:\\\/\\\/skaitytaknyga.lt\\\/#website\"},\"primaryImageOfPage\":{\"@id\":\"https:\\\/\\\/skaitytaknyga.lt\\\/produktas\\\/kaip-tapti-zinomam-etiski-rysiai-su-visuomene\\\/#primaryimage\"},\"image\":{\"@id\":\"https:\\\/\\\/skaitytaknyga.lt\\\/produktas\\\/kaip-tapti-zinomam-etiski-rysiai-su-visuomene\\\/#primaryimage\"},\"thumbnailUrl\":\"https:\\\/\\\/skaitytaknyga.lt\\\/wp-content\\\/uploads\\\/2026\\\/04\\\/Kaip-tapti-zinomam-etiski-rysiai-su-visuomene.webp\",\"datePublished\":\"2026-04-27T08:54:36+00:00\",\"dateModified\":\"2026-04-28T08:48:42+00:00\",\"description\":\"Knygoje pateikti patarimai skirti praktiniam ry\u0161i\u0173 su visuomene specialist\u0173 darbui. Jie pad\u0117s visuomenei papasakoti apie save. Knygos autorius \u2013 ry\u0161i\u0173 su\",\"breadcrumb\":{\"@id\":\"https:\\\/\\\/skaitytaknyga.lt\\\/produktas\\\/kaip-tapti-zinomam-etiski-rysiai-su-visuomene\\\/#breadcrumb\"},\"inLanguage\":\"en-GB\",\"potentialAction\":[{\"@type\":\"ReadAction\",\"target\":[\"https:\\\/\\\/skaitytaknyga.lt\\\/produktas\\\/kaip-tapti-zinomam-etiski-rysiai-su-visuomene\\\/\"]}]},{\"@type\":\"ImageObject\",\"inLanguage\":\"en-GB\",\"@id\":\"https:\\\/\\\/skaitytaknyga.lt\\\/produktas\\\/kaip-tapti-zinomam-etiski-rysiai-su-visuomene\\\/#primaryimage\",\"url\":\"https:\\\/\\\/skaitytaknyga.lt\\\/wp-content\\\/uploads\\\/2026\\\/04\\\/Kaip-tapti-zinomam-etiski-rysiai-su-visuomene.webp\",\"contentUrl\":\"https:\\\/\\\/skaitytaknyga.lt\\\/wp-content\\\/uploads\\\/2026\\\/04\\\/Kaip-tapti-zinomam-etiski-rysiai-su-visuomene.webp\",\"width\":348,\"height\":477,\"caption\":\"Kaip tapti \u017einomam eti\u0161ki ry\u0161iai su visuomene\"},{\"@type\":\"BreadcrumbList\",\"@id\":\"https:\\\/\\\/skaitytaknyga.lt\\\/produktas\\\/kaip-tapti-zinomam-etiski-rysiai-su-visuomene\\\/#breadcrumb\",\"itemListElement\":[{\"@type\":\"ListItem\",\"position\":1,\"name\":\"Home\",\"item\":\"https:\\\/\\\/skaitytaknyga.lt\\\/\"},{\"@type\":\"ListItem\",\"position\":2,\"name\":\"Parduotuv\u0117\",\"item\":\"https:\\\/\\\/skaitytaknyga.lt\\\/knygu-parduotuve\\\/\"},{\"@type\":\"ListItem\",\"position\":3,\"name\":\"Kaip tapti \u017einomam: eti\u0161ki ry\u0161iai su visuomene\"}]},{\"@type\":\"WebSite\",\"@id\":\"https:\\\/\\\/skaitytaknyga.lt\\\/#website\",\"url\":\"https:\\\/\\\/skaitytaknyga.lt\\\/\",\"name\":\"skaitytaknyga.lt\",\"description\":\"Skaitytaknyga.lt \u2013 tai ma\u017eas \u0161eimos verslas, kuris prasid\u0117jo nuo meil\u0117s knygoms ir siekio i\u0161gelb\u0117ti knygas nuo likimo prie konteinerio. Kas vienam nereikalingas daiktas \u2013 kitam lobis, o mes esame tarpininkai, kurie padeda abiems tapti laimingesniems ???? \u017dinome kaip nelengva i\u0161gyventi ma\u017eiems verslams, tad nuo \u0161iol, \u010dia rasite ir kit\u0173, ma\u017e\u0173 \u0161eim\u0173 versl\u0173, rank\u0173 darbo, dovan\u0173 sau ir artimiesiems.\",\"publisher\":{\"@id\":\"https:\\\/\\\/skaitytaknyga.lt\\\/#organization\"},\"potentialAction\":[{\"@type\":\"SearchAction\",\"target\":{\"@type\":\"EntryPoint\",\"urlTemplate\":\"https:\\\/\\\/skaitytaknyga.lt\\\/?s={search_term_string}\"},\"query-input\":{\"@type\":\"PropertyValueSpecification\",\"valueRequired\":true,\"valueName\":\"search_term_string\"}}],\"inLanguage\":\"en-GB\"},{\"@type\":\"Organization\",\"@id\":\"https:\\\/\\\/skaitytaknyga.lt\\\/#organization\",\"name\":\"skaitytaknyga.lt\",\"url\":\"https:\\\/\\\/skaitytaknyga.lt\\\/\",\"logo\":{\"@type\":\"ImageObject\",\"inLanguage\":\"en-GB\",\"@id\":\"https:\\\/\\\/skaitytaknyga.lt\\\/#\\\/schema\\\/logo\\\/image\\\/\",\"url\":\"https:\\\/\\\/skaitytaknyga.lt\\\/wp-content\\\/uploads\\\/2024\\\/05\\\/cropped-cropped-cropped-02_00843_jt3bggkj1j3HLc7SyY6rEUpg.jpeg\",\"contentUrl\":\"https:\\\/\\\/skaitytaknyga.lt\\\/wp-content\\\/uploads\\\/2024\\\/05\\\/cropped-cropped-cropped-02_00843_jt3bggkj1j3HLc7SyY6rEUpg.jpeg\",\"width\":1600,\"height\":1600,\"caption\":\"skaitytaknyga.lt\"},\"image\":{\"@id\":\"https:\\\/\\\/skaitytaknyga.lt\\\/#\\\/schema\\\/logo\\\/image\\\/\"},\"sameAs\":[\"https:\\\/\\\/www.facebook.com\\\/skaitytaknyga\\\/\"]}]}<\/script>\n<!-- \/ Yoast SEO plugin. -->","yoast_head_json":{"title":"Kaip tapti \u017einomam: eti\u0161ki ry\u0161iai su visuomene","description":"Knygoje pateikti patarimai skirti praktiniam ry\u0161i\u0173 su visuomene specialist\u0173 darbui. Jie pad\u0117s visuomenei papasakoti apie save. Knygos autorius \u2013 ry\u0161i\u0173 su","robots":{"index":"index","follow":"follow","max-snippet":"max-snippet:-1","max-image-preview":"max-image-preview:large","max-video-preview":"max-video-preview:-1"},"canonical":"https:\/\/skaitytaknyga.lt\/en\/produktas\/kaip-tapti-zinomam-etiski-rysiai-su-visuomene\/","og_locale":"en_GB","og_type":"article","og_title":"[:lt]Kaip tapti \u017einomam: eti\u0161ki ry\u0161iai su visuomene[:] - Skaitytaknyga","og_description":"Knygoje pateikti patarimai skirti praktiniam ry\u0161i\u0173 su visuomene specialist\u0173 darbui. Jie pad\u0117s visuomenei papasakoti apie save. Knygos autorius \u2013 ry\u0161i\u0173 su","og_url":"https:\/\/skaitytaknyga.lt\/en\/produktas\/kaip-tapti-zinomam-etiski-rysiai-su-visuomene\/","og_site_name":"Skaitytaknyga","article_publisher":"https:\/\/www.facebook.com\/skaitytaknyga\/","article_modified_time":"2026-04-28T08:48:42+00:00","og_image":[{"width":348,"height":477,"url":"https:\/\/skaitytaknyga.lt\/wp-content\/uploads\/2026\/04\/Kaip-tapti-zinomam-etiski-rysiai-su-visuomene.webp","type":"image\/webp"}],"twitter_card":"summary_large_image","twitter_misc":{"Estimated reading time":"1 minute"},"schema":{"@context":"https:\/\/schema.org","@graph":[{"@type":"WebPage","@id":"https:\/\/skaitytaknyga.lt\/produktas\/kaip-tapti-zinomam-etiski-rysiai-su-visuomene\/","url":"https:\/\/skaitytaknyga.lt\/produktas\/kaip-tapti-zinomam-etiski-rysiai-su-visuomene\/","name":"Kaip tapti \u017einomam: eti\u0161ki ry\u0161iai su visuomene","isPartOf":{"@id":"https:\/\/skaitytaknyga.lt\/#website"},"primaryImageOfPage":{"@id":"https:\/\/skaitytaknyga.lt\/produktas\/kaip-tapti-zinomam-etiski-rysiai-su-visuomene\/#primaryimage"},"image":{"@id":"https:\/\/skaitytaknyga.lt\/produktas\/kaip-tapti-zinomam-etiski-rysiai-su-visuomene\/#primaryimage"},"thumbnailUrl":"https:\/\/skaitytaknyga.lt\/wp-content\/uploads\/2026\/04\/Kaip-tapti-zinomam-etiski-rysiai-su-visuomene.webp","datePublished":"2026-04-27T08:54:36+00:00","dateModified":"2026-04-28T08:48:42+00:00","description":"Knygoje pateikti patarimai skirti praktiniam ry\u0161i\u0173 su visuomene specialist\u0173 darbui. Jie pad\u0117s visuomenei papasakoti apie save. Knygos autorius \u2013 ry\u0161i\u0173 su","breadcrumb":{"@id":"https:\/\/skaitytaknyga.lt\/produktas\/kaip-tapti-zinomam-etiski-rysiai-su-visuomene\/#breadcrumb"},"inLanguage":"en-GB","potentialAction":[{"@type":"ReadAction","target":["https:\/\/skaitytaknyga.lt\/produktas\/kaip-tapti-zinomam-etiski-rysiai-su-visuomene\/"]}]},{"@type":"ImageObject","inLanguage":"en-GB","@id":"https:\/\/skaitytaknyga.lt\/produktas\/kaip-tapti-zinomam-etiski-rysiai-su-visuomene\/#primaryimage","url":"https:\/\/skaitytaknyga.lt\/wp-content\/uploads\/2026\/04\/Kaip-tapti-zinomam-etiski-rysiai-su-visuomene.webp","contentUrl":"https:\/\/skaitytaknyga.lt\/wp-content\/uploads\/2026\/04\/Kaip-tapti-zinomam-etiski-rysiai-su-visuomene.webp","width":348,"height":477,"caption":"Kaip tapti \u017einomam eti\u0161ki ry\u0161iai su visuomene"},{"@type":"BreadcrumbList","@id":"https:\/\/skaitytaknyga.lt\/produktas\/kaip-tapti-zinomam-etiski-rysiai-su-visuomene\/#breadcrumb","itemListElement":[{"@type":"ListItem","position":1,"name":"Home","item":"https:\/\/skaitytaknyga.lt\/"},{"@type":"ListItem","position":2,"name":"Parduotuv\u0117","item":"https:\/\/skaitytaknyga.lt\/knygu-parduotuve\/"},{"@type":"ListItem","position":3,"name":"Kaip tapti \u017einomam: eti\u0161ki ry\u0161iai su visuomene"}]},{"@type":"WebSite","@id":"https:\/\/skaitytaknyga.lt\/#website","url":"https:\/\/skaitytaknyga.lt\/","name":"skaitytaknyga.lt","description":"Skaitytaknyga.lt \u2013 tai ma\u017eas \u0161eimos verslas, kuris prasid\u0117jo nuo meil\u0117s knygoms ir siekio i\u0161gelb\u0117ti knygas nuo likimo prie konteinerio. Kas vienam nereikalingas daiktas \u2013 kitam lobis, o mes esame tarpininkai, kurie padeda abiems tapti laimingesniems ???? \u017dinome kaip nelengva i\u0161gyventi ma\u017eiems verslams, tad nuo \u0161iol, \u010dia rasite ir kit\u0173, ma\u017e\u0173 \u0161eim\u0173 versl\u0173, rank\u0173 darbo, dovan\u0173 sau ir artimiesiems.","publisher":{"@id":"https:\/\/skaitytaknyga.lt\/#organization"},"potentialAction":[{"@type":"SearchAction","target":{"@type":"EntryPoint","urlTemplate":"https:\/\/skaitytaknyga.lt\/?s={search_term_string}"},"query-input":{"@type":"PropertyValueSpecification","valueRequired":true,"valueName":"search_term_string"}}],"inLanguage":"en-GB"},{"@type":"Organization","@id":"https:\/\/skaitytaknyga.lt\/#organization","name":"skaitytaknyga.lt","url":"https:\/\/skaitytaknyga.lt\/","logo":{"@type":"ImageObject","inLanguage":"en-GB","@id":"https:\/\/skaitytaknyga.lt\/#\/schema\/logo\/image\/","url":"https:\/\/skaitytaknyga.lt\/wp-content\/uploads\/2024\/05\/cropped-cropped-cropped-02_00843_jt3bggkj1j3HLc7SyY6rEUpg.jpeg","contentUrl":"https:\/\/skaitytaknyga.lt\/wp-content\/uploads\/2024\/05\/cropped-cropped-cropped-02_00843_jt3bggkj1j3HLc7SyY6rEUpg.jpeg","width":1600,"height":1600,"caption":"skaitytaknyga.lt"},"image":{"@id":"https:\/\/skaitytaknyga.lt\/#\/schema\/logo\/image\/"},"sameAs":["https:\/\/www.facebook.com\/skaitytaknyga\/"]}]}},"_links":{"self":[{"href":"https:\/\/skaitytaknyga.lt\/en\/wp-json\/wp\/v2\/product\/26403","targetHints":{"allow":["GET"]}}],"collection":[{"href":"https:\/\/skaitytaknyga.lt\/en\/wp-json\/wp\/v2\/product"}],"about":[{"href":"https:\/\/skaitytaknyga.lt\/en\/wp-json\/wp\/v2\/types\/product"}],"replies":[{"embeddable":true,"href":"https:\/\/skaitytaknyga.lt\/en\/wp-json\/wp\/v2\/comments?post=26403"}],"wp:featuredmedia":[{"embeddable":true,"href":"https:\/\/skaitytaknyga.lt\/en\/wp-json\/wp\/v2\/media\/26408"}],"wp:attachment":[{"href":"https:\/\/skaitytaknyga.lt\/en\/wp-json\/wp\/v2\/media?parent=26403"}],"wp:term":[{"taxonomy":"product_brand","embeddable":true,"href":"https:\/\/skaitytaknyga.lt\/en\/wp-json\/wp\/v2\/product_brand?post=26403"},{"taxonomy":"product_cat","embeddable":true,"href":"https:\/\/skaitytaknyga.lt\/en\/wp-json\/wp\/v2\/product_cat?post=26403"},{"taxonomy":"product_tag","embeddable":true,"href":"https:\/\/skaitytaknyga.lt\/en\/wp-json\/wp\/v2\/product_tag?post=26403"}],"curies":[{"name":"wp","href":"https:\/\/api.w.org\/{rel}","templated":true}]}}