{"id":26402,"date":"2026-04-27T11:54:35","date_gmt":"2026-04-27T08:54:35","guid":{"rendered":"https:\/\/skaitytaknyga.lt\/?post_type=product&#038;p=26402"},"modified":"2026-04-28T11:48:42","modified_gmt":"2026-04-28T08:48:42","slug":"liepa-ir-rokis-nepasiduoda","status":"publish","type":"product","link":"https:\/\/skaitytaknyga.lt\/en\/produktas\/liepa-ir-rokis-nepasiduoda\/","title":{"rendered":"Liepa ir Rokis nepasiduoda"},"content":{"rendered":"<p>Kai tik Liepa pamat\u0117 rud\u0173 ir balt\u0173 gaur\u0173 kupet\u0105 nam\u0173 stotel\u0117je, jos veide nu\u0161vito \u0161ypsena. \u010cia lauk\u0117 draugas. Geriausias ir gauruo\u010diausias draugas.<\/p>\n<p>\u2013 Roki!<\/p>\n<p>Liepa kone i\u0161\u0161oko i\u0161 autobuso, kuprin\u0119 numet\u0117 kur pakliuvo, priklaup\u0117 ir apkabinimu pasisveikino su \u0161eimos \u0161unimi. Tai buvo did\u017eiulis, visoje apylink\u0117je simpati\u0161kiausias senbernaras. Jis b\u016bt\u0173 paj\u0117g\u0119s draugauti ir su pa\u010diu did\u017eiausiu niurzga, tokia plati buvo jo mil\u017eini\u0161ka \u0161irdis.<\/p>\n","protected":false},"excerpt":{"rendered":"<p>Kai tik Liepa pamat\u0117 rud\u0173 ir balt\u0173 gaur\u0173 kupet\u0105 nam\u0173 stotel\u0117je, jos veide nu\u0161vito \u0161ypsena. \u010cia lauk\u0117 draugas. Geriausias ir gauruo\u010diausias draugas. \u2013 Roki! Liepa kone i\u0161\u0161oko i\u0161 autobuso, kuprin\u0119 numet\u0117 kur pakliuvo, priklaup\u0117 ir apkabinimu pasisveikino su \u0161eimos \u0161unimi. Tai buvo did\u017eiulis, visoje apylink\u0117je simpati\u0161kiausias senbernaras. Jis b\u016bt\u0173 paj\u0117g\u0119s draugauti ir su pa\u010diu did\u017eiausiu niurzga, tokia plati buvo jo mil\u017eini\u0161ka \u0161irdis.<\/p>\n","protected":false},"featured_media":26407,"comment_status":"open","ping_status":"closed","template":"","meta":{"_acf_changed":false,"site-sidebar-layout":"default","site-content-layout":"","ast-site-content-layout":"default","site-content-style":"default","site-sidebar-style":"default","ast-global-header-display":"","ast-banner-title-visibility":"","ast-main-header-display":"","ast-hfb-above-header-display":"","ast-hfb-below-header-display":"","ast-hfb-mobile-header-display":"","site-post-title":"","ast-breadcrumbs-content":"","ast-featured-img":"","footer-sml-layout":"","ast-disable-related-posts":"","theme-transparent-header-meta":"","adv-header-id-meta":"","stick-header-meta":"","header-above-stick-meta":"","header-main-stick-meta":"","header-below-stick-meta":"","astra-migrate-meta-layouts":"default","ast-page-background-enabled":"default","ast-page-background-meta":{"desktop":{"background-color":"","background-image":"","background-repeat":"repeat","background-position":"center center","background-size":"auto","background-attachment":"scroll","background-type":"","background-media":"","overlay-type":"","overlay-color":"","overlay-opacity":"","overlay-gradient":""},"tablet":{"background-color":"","background-image":"","background-repeat":"repeat","background-position":"center center","background-size":"auto","background-attachment":"scroll","background-type":"","background-media":"","overlay-type":"","overlay-color":"","overlay-opacity":"","overlay-gradient":""},"mobile":{"background-color":"","background-image":"","background-repeat":"repeat","background-position":"center center","background-size":"auto","background-attachment":"scroll","background-type":"","background-media":"","overlay-type":"","overlay-color":"","overlay-opacity":"","overlay-gradient":""}},"ast-content-background-meta":{"desktop":{"background-color":"var(--ast-global-color-4)","background-image":"","background-repeat":"repeat","background-position":"center center","background-size":"auto","background-attachment":"scroll","background-type":"","background-media":"","overlay-type":"","overlay-color":"","overlay-opacity":"","overlay-gradient":""},"tablet":{"background-color":"var(--ast-global-color-4)","background-image":"","background-repeat":"repeat","background-position":"center center","background-size":"auto","background-attachment":"scroll","background-type":"","background-media":"","overlay-type":"","overlay-color":"","overlay-opacity":"","overlay-gradient":""},"mobile":{"background-color":"var(--ast-global-color-4)","background-image":"","background-repeat":"repeat","background-position":"center center","background-size":"auto","background-attachment":"scroll","background-type":"","background-media":"","overlay-type":"","overlay-color":"","overlay-opacity":"","overlay-gradient":""}}},"product_brand":[],"product_cat":[35],"product_tag":[],"class_list":{"0":"post-26402","1":"product","2":"type-product","3":"status-publish","4":"has-post-thumbnail","6":"product_cat-vaikams-ir-paaugliams","7":"desktop-align-left","8":"tablet-align-left","9":"mobile-align-left","11":"first","12":"instock","13":"shipping-taxable","14":"purchasable","15":"product-type-simple"},"acf":[],"yoast_head":"<!-- This site is optimized with the Yoast SEO plugin v27.4 - https:\/\/yoast.com\/product\/yoast-seo-wordpress\/ -->\n<title>Liepa ir Rokis nepasiduoda<\/title>\n<meta name=\"description\" content=\"Kai tik Liepa pamat\u0117 rud\u0173 ir balt\u0173 gaur\u0173 kupet\u0105 nam\u0173 stotel\u0117je, jos veide nu\u0161vito \u0161ypsena. \u010cia lauk\u0117 draugas. Geriausias ir gauruo\u010diausias draugas. \u2013\" \/>\n<meta name=\"robots\" content=\"index, follow, max-snippet:-1, max-image-preview:large, max-video-preview:-1\" \/>\n<link rel=\"canonical\" href=\"https:\/\/skaitytaknyga.lt\/en\/produktas\/liepa-ir-rokis-nepasiduoda\/\" \/>\n<meta property=\"og:locale\" content=\"en_GB\" \/>\n<meta property=\"og:locale:alternate\" content=\"lt_LT\" \/>\n<meta property=\"og:type\" content=\"article\" \/>\n<meta property=\"og:title\" content=\"Liepa ir Rokis nepasiduoda\" \/>\n<meta property=\"og:description\" content=\"Kai tik Liepa pamat\u0117 rud\u0173 ir balt\u0173 gaur\u0173 kupet\u0105 nam\u0173 stotel\u0117je, jos veide nu\u0161vito \u0161ypsena. \u010cia lauk\u0117 draugas. Geriausias ir gauruo\u010diausias draugas. \u2013\" \/>\n<meta property=\"og:url\" content=\"https:\/\/skaitytaknyga.lt\/en\/produktas\/liepa-ir-rokis-nepasiduoda\/\" \/>\n<meta property=\"og:site_name\" content=\"Skaitytaknyga\" \/>\n<meta property=\"article:publisher\" content=\"https:\/\/www.facebook.com\/skaitytaknyga\/\" \/>\n<meta property=\"article:modified_time\" content=\"2026-04-28T08:48:42+00:00\" \/>\n<meta property=\"og:image\" content=\"https:\/\/skaitytaknyga.lt\/wp-content\/uploads\/2026\/04\/Liepa-ir-Rokis-nepasiduoda.webp\" \/>\n\t<meta property=\"og:image:width\" content=\"454\" \/>\n\t<meta property=\"og:image:height\" content=\"562\" \/>\n\t<meta property=\"og:image:type\" content=\"image\/webp\" \/>\n<meta name=\"twitter:card\" content=\"summary_large_image\" \/>\n<script type=\"application\/ld+json\" class=\"yoast-schema-graph\">{\"@context\":\"https:\\\/\\\/schema.org\",\"@graph\":[{\"@type\":\"WebPage\",\"@id\":\"https:\\\/\\\/skaitytaknyga.lt\\\/produktas\\\/liepa-ir-rokis-nepasiduoda\\\/\",\"url\":\"https:\\\/\\\/skaitytaknyga.lt\\\/produktas\\\/liepa-ir-rokis-nepasiduoda\\\/\",\"name\":\"Liepa ir Rokis nepasiduoda\",\"isPartOf\":{\"@id\":\"https:\\\/\\\/skaitytaknyga.lt\\\/#website\"},\"primaryImageOfPage\":{\"@id\":\"https:\\\/\\\/skaitytaknyga.lt\\\/produktas\\\/liepa-ir-rokis-nepasiduoda\\\/#primaryimage\"},\"image\":{\"@id\":\"https:\\\/\\\/skaitytaknyga.lt\\\/produktas\\\/liepa-ir-rokis-nepasiduoda\\\/#primaryimage\"},\"thumbnailUrl\":\"https:\\\/\\\/skaitytaknyga.lt\\\/wp-content\\\/uploads\\\/2026\\\/04\\\/Liepa-ir-Rokis-nepasiduoda.webp\",\"datePublished\":\"2026-04-27T08:54:35+00:00\",\"dateModified\":\"2026-04-28T08:48:42+00:00\",\"description\":\"Kai tik Liepa pamat\u0117 rud\u0173 ir balt\u0173 gaur\u0173 kupet\u0105 nam\u0173 stotel\u0117je, jos veide nu\u0161vito \u0161ypsena. \u010cia lauk\u0117 draugas. Geriausias ir gauruo\u010diausias draugas. \u2013\",\"breadcrumb\":{\"@id\":\"https:\\\/\\\/skaitytaknyga.lt\\\/produktas\\\/liepa-ir-rokis-nepasiduoda\\\/#breadcrumb\"},\"inLanguage\":\"en-GB\",\"potentialAction\":[{\"@type\":\"ReadAction\",\"target\":[\"https:\\\/\\\/skaitytaknyga.lt\\\/produktas\\\/liepa-ir-rokis-nepasiduoda\\\/\"]}]},{\"@type\":\"ImageObject\",\"inLanguage\":\"en-GB\",\"@id\":\"https:\\\/\\\/skaitytaknyga.lt\\\/produktas\\\/liepa-ir-rokis-nepasiduoda\\\/#primaryimage\",\"url\":\"https:\\\/\\\/skaitytaknyga.lt\\\/wp-content\\\/uploads\\\/2026\\\/04\\\/Liepa-ir-Rokis-nepasiduoda.webp\",\"contentUrl\":\"https:\\\/\\\/skaitytaknyga.lt\\\/wp-content\\\/uploads\\\/2026\\\/04\\\/Liepa-ir-Rokis-nepasiduoda.webp\",\"width\":454,\"height\":562,\"caption\":\"Liepa ir Rokis nepasiduoda\"},{\"@type\":\"BreadcrumbList\",\"@id\":\"https:\\\/\\\/skaitytaknyga.lt\\\/produktas\\\/liepa-ir-rokis-nepasiduoda\\\/#breadcrumb\",\"itemListElement\":[{\"@type\":\"ListItem\",\"position\":1,\"name\":\"Home\",\"item\":\"https:\\\/\\\/skaitytaknyga.lt\\\/\"},{\"@type\":\"ListItem\",\"position\":2,\"name\":\"Parduotuv\u0117\",\"item\":\"https:\\\/\\\/skaitytaknyga.lt\\\/knygu-parduotuve\\\/\"},{\"@type\":\"ListItem\",\"position\":3,\"name\":\"Liepa ir Rokis nepasiduoda\"}]},{\"@type\":\"WebSite\",\"@id\":\"https:\\\/\\\/skaitytaknyga.lt\\\/#website\",\"url\":\"https:\\\/\\\/skaitytaknyga.lt\\\/\",\"name\":\"skaitytaknyga.lt\",\"description\":\"Skaitytaknyga.lt \u2013 tai ma\u017eas \u0161eimos verslas, kuris prasid\u0117jo nuo meil\u0117s knygoms ir siekio i\u0161gelb\u0117ti knygas nuo likimo prie konteinerio. Kas vienam nereikalingas daiktas \u2013 kitam lobis, o mes esame tarpininkai, kurie padeda abiems tapti laimingesniems ???? \u017dinome kaip nelengva i\u0161gyventi ma\u017eiems verslams, tad nuo \u0161iol, \u010dia rasite ir kit\u0173, ma\u017e\u0173 \u0161eim\u0173 versl\u0173, rank\u0173 darbo, dovan\u0173 sau ir artimiesiems.\",\"publisher\":{\"@id\":\"https:\\\/\\\/skaitytaknyga.lt\\\/#organization\"},\"potentialAction\":[{\"@type\":\"SearchAction\",\"target\":{\"@type\":\"EntryPoint\",\"urlTemplate\":\"https:\\\/\\\/skaitytaknyga.lt\\\/?s={search_term_string}\"},\"query-input\":{\"@type\":\"PropertyValueSpecification\",\"valueRequired\":true,\"valueName\":\"search_term_string\"}}],\"inLanguage\":\"en-GB\"},{\"@type\":\"Organization\",\"@id\":\"https:\\\/\\\/skaitytaknyga.lt\\\/#organization\",\"name\":\"skaitytaknyga.lt\",\"url\":\"https:\\\/\\\/skaitytaknyga.lt\\\/\",\"logo\":{\"@type\":\"ImageObject\",\"inLanguage\":\"en-GB\",\"@id\":\"https:\\\/\\\/skaitytaknyga.lt\\\/#\\\/schema\\\/logo\\\/image\\\/\",\"url\":\"https:\\\/\\\/skaitytaknyga.lt\\\/wp-content\\\/uploads\\\/2024\\\/05\\\/cropped-cropped-cropped-02_00843_jt3bggkj1j3HLc7SyY6rEUpg.jpeg\",\"contentUrl\":\"https:\\\/\\\/skaitytaknyga.lt\\\/wp-content\\\/uploads\\\/2024\\\/05\\\/cropped-cropped-cropped-02_00843_jt3bggkj1j3HLc7SyY6rEUpg.jpeg\",\"width\":1600,\"height\":1600,\"caption\":\"skaitytaknyga.lt\"},\"image\":{\"@id\":\"https:\\\/\\\/skaitytaknyga.lt\\\/#\\\/schema\\\/logo\\\/image\\\/\"},\"sameAs\":[\"https:\\\/\\\/www.facebook.com\\\/skaitytaknyga\\\/\"]}]}<\/script>\n<!-- \/ Yoast SEO plugin. -->","yoast_head_json":{"title":"Liepa ir Rokis nepasiduoda","description":"Kai tik Liepa pamat\u0117 rud\u0173 ir balt\u0173 gaur\u0173 kupet\u0105 nam\u0173 stotel\u0117je, jos veide nu\u0161vito \u0161ypsena. \u010cia lauk\u0117 draugas. Geriausias ir gauruo\u010diausias draugas. \u2013","robots":{"index":"index","follow":"follow","max-snippet":"max-snippet:-1","max-image-preview":"max-image-preview:large","max-video-preview":"max-video-preview:-1"},"canonical":"https:\/\/skaitytaknyga.lt\/en\/produktas\/liepa-ir-rokis-nepasiduoda\/","og_locale":"en_GB","og_type":"article","og_title":"[:lt]Liepa ir Rokis nepasiduoda[:] - Skaitytaknyga","og_description":"Kai tik Liepa pamat\u0117 rud\u0173 ir balt\u0173 gaur\u0173 kupet\u0105 nam\u0173 stotel\u0117je, jos veide nu\u0161vito \u0161ypsena. \u010cia lauk\u0117 draugas. Geriausias ir gauruo\u010diausias draugas. \u2013","og_url":"https:\/\/skaitytaknyga.lt\/en\/produktas\/liepa-ir-rokis-nepasiduoda\/","og_site_name":"Skaitytaknyga","article_publisher":"https:\/\/www.facebook.com\/skaitytaknyga\/","article_modified_time":"2026-04-28T08:48:42+00:00","og_image":[{"width":454,"height":562,"url":"https:\/\/skaitytaknyga.lt\/wp-content\/uploads\/2026\/04\/Liepa-ir-Rokis-nepasiduoda.webp","type":"image\/webp"}],"twitter_card":"summary_large_image","schema":{"@context":"https:\/\/schema.org","@graph":[{"@type":"WebPage","@id":"https:\/\/skaitytaknyga.lt\/produktas\/liepa-ir-rokis-nepasiduoda\/","url":"https:\/\/skaitytaknyga.lt\/produktas\/liepa-ir-rokis-nepasiduoda\/","name":"Liepa ir Rokis nepasiduoda","isPartOf":{"@id":"https:\/\/skaitytaknyga.lt\/#website"},"primaryImageOfPage":{"@id":"https:\/\/skaitytaknyga.lt\/produktas\/liepa-ir-rokis-nepasiduoda\/#primaryimage"},"image":{"@id":"https:\/\/skaitytaknyga.lt\/produktas\/liepa-ir-rokis-nepasiduoda\/#primaryimage"},"thumbnailUrl":"https:\/\/skaitytaknyga.lt\/wp-content\/uploads\/2026\/04\/Liepa-ir-Rokis-nepasiduoda.webp","datePublished":"2026-04-27T08:54:35+00:00","dateModified":"2026-04-28T08:48:42+00:00","description":"Kai tik Liepa pamat\u0117 rud\u0173 ir balt\u0173 gaur\u0173 kupet\u0105 nam\u0173 stotel\u0117je, jos veide nu\u0161vito \u0161ypsena. \u010cia lauk\u0117 draugas. Geriausias ir gauruo\u010diausias draugas. \u2013","breadcrumb":{"@id":"https:\/\/skaitytaknyga.lt\/produktas\/liepa-ir-rokis-nepasiduoda\/#breadcrumb"},"inLanguage":"en-GB","potentialAction":[{"@type":"ReadAction","target":["https:\/\/skaitytaknyga.lt\/produktas\/liepa-ir-rokis-nepasiduoda\/"]}]},{"@type":"ImageObject","inLanguage":"en-GB","@id":"https:\/\/skaitytaknyga.lt\/produktas\/liepa-ir-rokis-nepasiduoda\/#primaryimage","url":"https:\/\/skaitytaknyga.lt\/wp-content\/uploads\/2026\/04\/Liepa-ir-Rokis-nepasiduoda.webp","contentUrl":"https:\/\/skaitytaknyga.lt\/wp-content\/uploads\/2026\/04\/Liepa-ir-Rokis-nepasiduoda.webp","width":454,"height":562,"caption":"Liepa ir Rokis nepasiduoda"},{"@type":"BreadcrumbList","@id":"https:\/\/skaitytaknyga.lt\/produktas\/liepa-ir-rokis-nepasiduoda\/#breadcrumb","itemListElement":[{"@type":"ListItem","position":1,"name":"Home","item":"https:\/\/skaitytaknyga.lt\/"},{"@type":"ListItem","position":2,"name":"Parduotuv\u0117","item":"https:\/\/skaitytaknyga.lt\/knygu-parduotuve\/"},{"@type":"ListItem","position":3,"name":"Liepa ir Rokis nepasiduoda"}]},{"@type":"WebSite","@id":"https:\/\/skaitytaknyga.lt\/#website","url":"https:\/\/skaitytaknyga.lt\/","name":"skaitytaknyga.lt","description":"Skaitytaknyga.lt \u2013 tai ma\u017eas \u0161eimos verslas, kuris prasid\u0117jo nuo meil\u0117s knygoms ir siekio i\u0161gelb\u0117ti knygas nuo likimo prie konteinerio. Kas vienam nereikalingas daiktas \u2013 kitam lobis, o mes esame tarpininkai, kurie padeda abiems tapti laimingesniems ???? \u017dinome kaip nelengva i\u0161gyventi ma\u017eiems verslams, tad nuo \u0161iol, \u010dia rasite ir kit\u0173, ma\u017e\u0173 \u0161eim\u0173 versl\u0173, rank\u0173 darbo, dovan\u0173 sau ir artimiesiems.","publisher":{"@id":"https:\/\/skaitytaknyga.lt\/#organization"},"potentialAction":[{"@type":"SearchAction","target":{"@type":"EntryPoint","urlTemplate":"https:\/\/skaitytaknyga.lt\/?s={search_term_string}"},"query-input":{"@type":"PropertyValueSpecification","valueRequired":true,"valueName":"search_term_string"}}],"inLanguage":"en-GB"},{"@type":"Organization","@id":"https:\/\/skaitytaknyga.lt\/#organization","name":"skaitytaknyga.lt","url":"https:\/\/skaitytaknyga.lt\/","logo":{"@type":"ImageObject","inLanguage":"en-GB","@id":"https:\/\/skaitytaknyga.lt\/#\/schema\/logo\/image\/","url":"https:\/\/skaitytaknyga.lt\/wp-content\/uploads\/2024\/05\/cropped-cropped-cropped-02_00843_jt3bggkj1j3HLc7SyY6rEUpg.jpeg","contentUrl":"https:\/\/skaitytaknyga.lt\/wp-content\/uploads\/2024\/05\/cropped-cropped-cropped-02_00843_jt3bggkj1j3HLc7SyY6rEUpg.jpeg","width":1600,"height":1600,"caption":"skaitytaknyga.lt"},"image":{"@id":"https:\/\/skaitytaknyga.lt\/#\/schema\/logo\/image\/"},"sameAs":["https:\/\/www.facebook.com\/skaitytaknyga\/"]}]}},"_links":{"self":[{"href":"https:\/\/skaitytaknyga.lt\/en\/wp-json\/wp\/v2\/product\/26402","targetHints":{"allow":["GET"]}}],"collection":[{"href":"https:\/\/skaitytaknyga.lt\/en\/wp-json\/wp\/v2\/product"}],"about":[{"href":"https:\/\/skaitytaknyga.lt\/en\/wp-json\/wp\/v2\/types\/product"}],"replies":[{"embeddable":true,"href":"https:\/\/skaitytaknyga.lt\/en\/wp-json\/wp\/v2\/comments?post=26402"}],"wp:featuredmedia":[{"embeddable":true,"href":"https:\/\/skaitytaknyga.lt\/en\/wp-json\/wp\/v2\/media\/26407"}],"wp:attachment":[{"href":"https:\/\/skaitytaknyga.lt\/en\/wp-json\/wp\/v2\/media?parent=26402"}],"wp:term":[{"taxonomy":"product_brand","embeddable":true,"href":"https:\/\/skaitytaknyga.lt\/en\/wp-json\/wp\/v2\/product_brand?post=26402"},{"taxonomy":"product_cat","embeddable":true,"href":"https:\/\/skaitytaknyga.lt\/en\/wp-json\/wp\/v2\/product_cat?post=26402"},{"taxonomy":"product_tag","embeddable":true,"href":"https:\/\/skaitytaknyga.lt\/en\/wp-json\/wp\/v2\/product_tag?post=26402"}],"curies":[{"name":"wp","href":"https:\/\/api.w.org\/{rel}","templated":true}]}}