{"id":26400,"date":"2026-04-27T11:54:35","date_gmt":"2026-04-27T08:54:35","guid":{"rendered":"https:\/\/skaitytaknyga.lt\/?post_type=product&#038;p=26400"},"modified":"2026-04-27T11:59:15","modified_gmt":"2026-04-27T08:59:15","slug":"leliu-fabrikas","status":"publish","type":"product","link":"https:\/\/skaitytaknyga.lt\/en\/produktas\/leliu-fabrikas\/","title":{"rendered":"L\u0117li\u0173 fabrikas"},"content":{"rendered":"<p>Jaunos brit\u0173 meninink\u0117s Elizabeth Macneal literat\u016brinis debiutas \u201eL\u0117li\u0173 fabrikas\u201c tapo tikra sensacija: pra\u0117jus vos dviem m\u0117nesiams nuo knygos i\u0161leidimo Did\u017eiojoje Britanijoje, romanas jau buvo ver\u010diamas \u012f 28 kalbas. Kritikai \u201eL\u0117li\u0173 fabrik\u0105\u201c lygina su garsiaisiais Patriko Siuskindo \u201eKvepalais\u201c.<\/p>\n<p>XIX am\u017eiaus vidurys, Londonas. Meninink\u0117s gyslel\u0119 turin\u010dios dvyn\u0117s seserys Airis\u0117 ir Roza Vitl \u012fsidarbina l\u0117li\u0173 parduotuv\u0117je dekoruotojomis, ta\u010diau Airis\u0117 trok\u0161ta daugiau: i\u0161mokti tapyti. Tad kai jai pasi\u016bloma tapti dailininko Luiso Frosto modeliu, mergina sutinka tik su viena s\u0105lyga \u2013 ponas Frostas jai atskleis meno paslaptis. Rodos, did\u017eiausiai Airis\u0117s svajonei lemta i\u0161sipildyti.<br \/>\nTa\u010diau visk\u0105 pakei\u010dia menkas atsitiktinumas. Vien\u0105 dien\u0105, u\u017esukusi \u012f Haid Park\u0105 pasi\u017ei\u016br\u0117ti, kaip statomi \u017eymiosios 1851 m. Did\u017eiosios pramon\u0117s parodos paviljonai, mergina minioje \u017emoni\u0173 nety\u010dia prasilenkia su i\u0161kam\u0161\u0173 meistru Silu Rydu. Airisei \u0161is susitikimas nieko nerei\u0161kia. Ta\u010diau Silui jis \u017eymi visi\u0161kai naujo gyvenimo prad\u017ei\u0105. Gyvenimo, kuriame Airis\u0117 privalo priklausyti tik jam.<br \/>\nRomane susipina meno gro\u017eis ir galia, meil\u0117s paslaptys ir aklumas, pama\u017eu visk\u0105 aplink u\u017ego\u017eianti ir praryjanti aistra bei bauginantis vienintel\u012f tiksl\u0105 turin\u010dio \u017emogaus aps\u0117dimas. <\/p>\n<p>Elizabeth Macneal gyvena Ryt\u0173 Londone. Iki prad\u0117jo ra\u0161yti \u201eL\u0117li\u0173 fabrik\u0105\u201c, jos pagrindin\u0117 veikla buvo keramika.<br \/>\n&#8212;&#8212;&#8212;&#8212;&#8212;&#8212;&#8212;&#8212;&#8212;-<br \/>\n\u201eA\u0161trus, g\u0105sdinantis ir stulbinamai jausmingas pasakojimas apie meil\u0119, men\u0105 ir aps\u0117dim\u0105\u201c \u2013 Paula Hawkins, \u201eMergina traukinyje\u201c autor\u0117<\/p>\n","protected":false},"excerpt":{"rendered":"<p>Jaunos brit\u0173 meninink\u0117s Elizabeth Macneal literat\u016brinis debiutas \u201eL\u0117li\u0173 fabrikas\u201c tapo tikra sensacija: pra\u0117jus vos dviem m\u0117nesiams nuo knygos i\u0161leidimo Did\u017eiojoje Britanijoje, romanas jau buvo ver\u010diamas \u012f 28 kalbas. Kritikai \u201eL\u0117li\u0173 fabrik\u0105\u201c lygina su garsiaisiais Patriko Siuskindo \u201eKvepalais\u201c. XIX am\u017eiaus vidurys, Londonas. Meninink\u0117s gyslel\u0119 turin\u010dios dvyn\u0117s seserys Airis\u0117 ir Roza Vitl \u012fsidarbina l\u0117li\u0173 parduotuv\u0117je dekoruotojomis, ta\u010diau Airis\u0117 trok\u0161ta daugiau: i\u0161mokti tapyti. Tad kai jai pasi\u016bloma tapti dailininko Luiso Frosto modeliu, mergina sutinka tik su viena s\u0105lyga \u2013 ponas Frostas jai atskleis meno paslaptis. Rodos, did\u017eiausiai Airis\u0117s svajonei lemta i\u0161sipildyti. Ta\u010diau visk\u0105 pakei\u010dia menkas atsitiktinumas. Vien\u0105 dien\u0105, u\u017esukusi \u012f Haid Park\u0105 pasi\u017ei\u016br\u0117ti, kaip statomi \u017eymiosios 1851 m. Did\u017eiosios pramon\u0117s parodos paviljonai, mergina minioje \u017emoni\u0173 nety\u010dia prasilenkia su i\u0161kam\u0161\u0173 meistru Silu Rydu. Airisei \u0161is susitikimas nieko nerei\u0161kia. Ta\u010diau Silui jis \u017eymi visi\u0161kai naujo gyvenimo prad\u017ei\u0105. Gyvenimo, kuriame Airis\u0117 privalo priklausyti tik jam. Romane susipina meno gro\u017eis ir galia, meil\u0117s paslaptys ir aklumas, pama\u017eu visk\u0105 aplink u\u017ego\u017eianti ir praryjanti aistra bei bauginantis vienintel\u012f tiksl\u0105 turin\u010dio \u017emogaus aps\u0117dimas. Elizabeth Macneal gyvena Ryt\u0173 Londone. Iki prad\u0117jo ra\u0161yti \u201eL\u0117li\u0173 fabrik\u0105\u201c, jos pagrindin\u0117 veikla buvo keramika. &#8212;&#8212;&#8212;&#8212;&#8212;&#8212;&#8212;&#8212;&#8212;- \u201eA\u0161trus, g\u0105sdinantis ir stulbinamai jausmingas pasakojimas apie meil\u0119, men\u0105 ir aps\u0117dim\u0105\u201c \u2013 Paula Hawkins, \u201eMergina traukinyje\u201c autor\u0117<\/p>\n","protected":false},"featured_media":26405,"comment_status":"open","ping_status":"closed","template":"","meta":{"_acf_changed":false,"site-sidebar-layout":"default","site-content-layout":"","ast-site-content-layout":"default","site-content-style":"default","site-sidebar-style":"default","ast-global-header-display":"","ast-banner-title-visibility":"","ast-main-header-display":"","ast-hfb-above-header-display":"","ast-hfb-below-header-display":"","ast-hfb-mobile-header-display":"","site-post-title":"","ast-breadcrumbs-content":"","ast-featured-img":"","footer-sml-layout":"","ast-disable-related-posts":"","theme-transparent-header-meta":"","adv-header-id-meta":"","stick-header-meta":"","header-above-stick-meta":"","header-main-stick-meta":"","header-below-stick-meta":"","astra-migrate-meta-layouts":"default","ast-page-background-enabled":"default","ast-page-background-meta":{"desktop":{"background-color":"","background-image":"","background-repeat":"repeat","background-position":"center center","background-size":"auto","background-attachment":"scroll","background-type":"","background-media":"","overlay-type":"","overlay-color":"","overlay-opacity":"","overlay-gradient":""},"tablet":{"background-color":"","background-image":"","background-repeat":"repeat","background-position":"center center","background-size":"auto","background-attachment":"scroll","background-type":"","background-media":"","overlay-type":"","overlay-color":"","overlay-opacity":"","overlay-gradient":""},"mobile":{"background-color":"","background-image":"","background-repeat":"repeat","background-position":"center center","background-size":"auto","background-attachment":"scroll","background-type":"","background-media":"","overlay-type":"","overlay-color":"","overlay-opacity":"","overlay-gradient":""}},"ast-content-background-meta":{"desktop":{"background-color":"var(--ast-global-color-4)","background-image":"","background-repeat":"repeat","background-position":"center center","background-size":"auto","background-attachment":"scroll","background-type":"","background-media":"","overlay-type":"","overlay-color":"","overlay-opacity":"","overlay-gradient":""},"tablet":{"background-color":"var(--ast-global-color-4)","background-image":"","background-repeat":"repeat","background-position":"center center","background-size":"auto","background-attachment":"scroll","background-type":"","background-media":"","overlay-type":"","overlay-color":"","overlay-opacity":"","overlay-gradient":""},"mobile":{"background-color":"var(--ast-global-color-4)","background-image":"","background-repeat":"repeat","background-position":"center center","background-size":"auto","background-attachment":"scroll","background-type":"","background-media":"","overlay-type":"","overlay-color":"","overlay-opacity":"","overlay-gradient":""}}},"product_brand":[],"product_cat":[9581],"product_tag":[],"class_list":{"0":"post-26400","1":"product","2":"type-product","3":"status-publish","4":"has-post-thumbnail","6":"product_cat-kriminaliniai-romanai","7":"desktop-align-left","8":"tablet-align-left","9":"mobile-align-left","11":"first","12":"instock","13":"shipping-taxable","14":"purchasable","15":"product-type-simple"},"acf":[],"yoast_head":"<!-- This site is optimized with the Yoast SEO plugin v27.4 - https:\/\/yoast.com\/product\/yoast-seo-wordpress\/ -->\n<title>L\u0117li\u0173 fabrikas<\/title>\n<meta name=\"description\" content=\"Jaunos brit\u0173 meninink\u0117s Elizabeth Macneal literat\u016brinis debiutas \u201eL\u0117li\u0173 fabrikas\u201c tapo tikra sensacija: pra\u0117jus vos dviem m\u0117nesiams nuo knygos i\u0161leidimo\" \/>\n<meta name=\"robots\" content=\"index, follow, max-snippet:-1, max-image-preview:large, max-video-preview:-1\" \/>\n<link rel=\"canonical\" href=\"https:\/\/skaitytaknyga.lt\/en\/produktas\/leliu-fabrikas\/\" \/>\n<meta property=\"og:locale\" content=\"en_GB\" \/>\n<meta property=\"og:locale:alternate\" content=\"lt_LT\" \/>\n<meta property=\"og:type\" content=\"article\" \/>\n<meta property=\"og:title\" content=\"L\u0117li\u0173 fabrikas\" \/>\n<meta property=\"og:description\" content=\"Jaunos brit\u0173 meninink\u0117s Elizabeth Macneal literat\u016brinis debiutas \u201eL\u0117li\u0173 fabrikas\u201c tapo tikra sensacija: pra\u0117jus vos dviem m\u0117nesiams nuo knygos i\u0161leidimo\" \/>\n<meta property=\"og:url\" content=\"https:\/\/skaitytaknyga.lt\/en\/produktas\/leliu-fabrikas\/\" \/>\n<meta property=\"og:site_name\" content=\"Skaitytaknyga\" \/>\n<meta property=\"article:publisher\" content=\"https:\/\/www.facebook.com\/skaitytaknyga\/\" \/>\n<meta property=\"article:modified_time\" content=\"2026-04-27T08:59:15+00:00\" \/>\n<meta property=\"og:image\" content=\"https:\/\/skaitytaknyga.lt\/wp-content\/uploads\/2026\/04\/Leliu-fabrikas.webp\" \/>\n\t<meta property=\"og:image:width\" content=\"366\" \/>\n\t<meta property=\"og:image:height\" content=\"600\" \/>\n\t<meta property=\"og:image:type\" content=\"image\/webp\" \/>\n<meta name=\"twitter:card\" content=\"summary_large_image\" \/>\n<meta name=\"twitter:label1\" content=\"Estimated reading time\" \/>\n\t<meta name=\"twitter:data1\" content=\"1 minute\" \/>\n<script type=\"application\/ld+json\" class=\"yoast-schema-graph\">{\"@context\":\"https:\\\/\\\/schema.org\",\"@graph\":[{\"@type\":\"WebPage\",\"@id\":\"https:\\\/\\\/skaitytaknyga.lt\\\/produktas\\\/leliu-fabrikas\\\/\",\"url\":\"https:\\\/\\\/skaitytaknyga.lt\\\/produktas\\\/leliu-fabrikas\\\/\",\"name\":\"L\u0117li\u0173 fabrikas\",\"isPartOf\":{\"@id\":\"https:\\\/\\\/skaitytaknyga.lt\\\/#website\"},\"primaryImageOfPage\":{\"@id\":\"https:\\\/\\\/skaitytaknyga.lt\\\/produktas\\\/leliu-fabrikas\\\/#primaryimage\"},\"image\":{\"@id\":\"https:\\\/\\\/skaitytaknyga.lt\\\/produktas\\\/leliu-fabrikas\\\/#primaryimage\"},\"thumbnailUrl\":\"https:\\\/\\\/skaitytaknyga.lt\\\/wp-content\\\/uploads\\\/2026\\\/04\\\/Leliu-fabrikas.webp\",\"datePublished\":\"2026-04-27T08:54:35+00:00\",\"dateModified\":\"2026-04-27T08:59:15+00:00\",\"description\":\"Jaunos brit\u0173 meninink\u0117s Elizabeth Macneal literat\u016brinis debiutas \u201eL\u0117li\u0173 fabrikas\u201c tapo tikra sensacija: pra\u0117jus vos dviem m\u0117nesiams nuo knygos i\u0161leidimo\",\"breadcrumb\":{\"@id\":\"https:\\\/\\\/skaitytaknyga.lt\\\/produktas\\\/leliu-fabrikas\\\/#breadcrumb\"},\"inLanguage\":\"en-GB\",\"potentialAction\":[{\"@type\":\"ReadAction\",\"target\":[\"https:\\\/\\\/skaitytaknyga.lt\\\/produktas\\\/leliu-fabrikas\\\/\"]}]},{\"@type\":\"ImageObject\",\"inLanguage\":\"en-GB\",\"@id\":\"https:\\\/\\\/skaitytaknyga.lt\\\/produktas\\\/leliu-fabrikas\\\/#primaryimage\",\"url\":\"https:\\\/\\\/skaitytaknyga.lt\\\/wp-content\\\/uploads\\\/2026\\\/04\\\/Leliu-fabrikas.webp\",\"contentUrl\":\"https:\\\/\\\/skaitytaknyga.lt\\\/wp-content\\\/uploads\\\/2026\\\/04\\\/Leliu-fabrikas.webp\",\"width\":366,\"height\":600,\"caption\":\"L\u0117li\u0173 fabrikas\"},{\"@type\":\"BreadcrumbList\",\"@id\":\"https:\\\/\\\/skaitytaknyga.lt\\\/produktas\\\/leliu-fabrikas\\\/#breadcrumb\",\"itemListElement\":[{\"@type\":\"ListItem\",\"position\":1,\"name\":\"Home\",\"item\":\"https:\\\/\\\/skaitytaknyga.lt\\\/\"},{\"@type\":\"ListItem\",\"position\":2,\"name\":\"Parduotuv\u0117\",\"item\":\"https:\\\/\\\/skaitytaknyga.lt\\\/knygu-parduotuve\\\/\"},{\"@type\":\"ListItem\",\"position\":3,\"name\":\"L\u0117li\u0173 fabrikas\"}]},{\"@type\":\"WebSite\",\"@id\":\"https:\\\/\\\/skaitytaknyga.lt\\\/#website\",\"url\":\"https:\\\/\\\/skaitytaknyga.lt\\\/\",\"name\":\"skaitytaknyga.lt\",\"description\":\"Skaitytaknyga.lt \u2013 tai ma\u017eas \u0161eimos verslas, kuris prasid\u0117jo nuo meil\u0117s knygoms ir siekio i\u0161gelb\u0117ti knygas nuo likimo prie konteinerio. Kas vienam nereikalingas daiktas \u2013 kitam lobis, o mes esame tarpininkai, kurie padeda abiems tapti laimingesniems ???? \u017dinome kaip nelengva i\u0161gyventi ma\u017eiems verslams, tad nuo \u0161iol, \u010dia rasite ir kit\u0173, ma\u017e\u0173 \u0161eim\u0173 versl\u0173, rank\u0173 darbo, dovan\u0173 sau ir artimiesiems.\",\"publisher\":{\"@id\":\"https:\\\/\\\/skaitytaknyga.lt\\\/#organization\"},\"potentialAction\":[{\"@type\":\"SearchAction\",\"target\":{\"@type\":\"EntryPoint\",\"urlTemplate\":\"https:\\\/\\\/skaitytaknyga.lt\\\/?s={search_term_string}\"},\"query-input\":{\"@type\":\"PropertyValueSpecification\",\"valueRequired\":true,\"valueName\":\"search_term_string\"}}],\"inLanguage\":\"en-GB\"},{\"@type\":\"Organization\",\"@id\":\"https:\\\/\\\/skaitytaknyga.lt\\\/#organization\",\"name\":\"skaitytaknyga.lt\",\"url\":\"https:\\\/\\\/skaitytaknyga.lt\\\/\",\"logo\":{\"@type\":\"ImageObject\",\"inLanguage\":\"en-GB\",\"@id\":\"https:\\\/\\\/skaitytaknyga.lt\\\/#\\\/schema\\\/logo\\\/image\\\/\",\"url\":\"https:\\\/\\\/skaitytaknyga.lt\\\/wp-content\\\/uploads\\\/2024\\\/05\\\/cropped-cropped-cropped-02_00843_jt3bggkj1j3HLc7SyY6rEUpg.jpeg\",\"contentUrl\":\"https:\\\/\\\/skaitytaknyga.lt\\\/wp-content\\\/uploads\\\/2024\\\/05\\\/cropped-cropped-cropped-02_00843_jt3bggkj1j3HLc7SyY6rEUpg.jpeg\",\"width\":1600,\"height\":1600,\"caption\":\"skaitytaknyga.lt\"},\"image\":{\"@id\":\"https:\\\/\\\/skaitytaknyga.lt\\\/#\\\/schema\\\/logo\\\/image\\\/\"},\"sameAs\":[\"https:\\\/\\\/www.facebook.com\\\/skaitytaknyga\\\/\"]}]}<\/script>\n<!-- \/ Yoast SEO plugin. -->","yoast_head_json":{"title":"L\u0117li\u0173 fabrikas","description":"Jaunos brit\u0173 meninink\u0117s Elizabeth Macneal literat\u016brinis debiutas \u201eL\u0117li\u0173 fabrikas\u201c tapo tikra sensacija: pra\u0117jus vos dviem m\u0117nesiams nuo knygos i\u0161leidimo","robots":{"index":"index","follow":"follow","max-snippet":"max-snippet:-1","max-image-preview":"max-image-preview:large","max-video-preview":"max-video-preview:-1"},"canonical":"https:\/\/skaitytaknyga.lt\/en\/produktas\/leliu-fabrikas\/","og_locale":"en_GB","og_type":"article","og_title":"[:lt]L\u0117li\u0173 fabrikas[:] - Skaitytaknyga","og_description":"Jaunos brit\u0173 meninink\u0117s Elizabeth Macneal literat\u016brinis debiutas \u201eL\u0117li\u0173 fabrikas\u201c tapo tikra sensacija: pra\u0117jus vos dviem m\u0117nesiams nuo knygos i\u0161leidimo","og_url":"https:\/\/skaitytaknyga.lt\/en\/produktas\/leliu-fabrikas\/","og_site_name":"Skaitytaknyga","article_publisher":"https:\/\/www.facebook.com\/skaitytaknyga\/","article_modified_time":"2026-04-27T08:59:15+00:00","og_image":[{"width":366,"height":600,"url":"https:\/\/skaitytaknyga.lt\/wp-content\/uploads\/2026\/04\/Leliu-fabrikas.webp","type":"image\/webp"}],"twitter_card":"summary_large_image","twitter_misc":{"Estimated reading time":"1 minute"},"schema":{"@context":"https:\/\/schema.org","@graph":[{"@type":"WebPage","@id":"https:\/\/skaitytaknyga.lt\/produktas\/leliu-fabrikas\/","url":"https:\/\/skaitytaknyga.lt\/produktas\/leliu-fabrikas\/","name":"L\u0117li\u0173 fabrikas","isPartOf":{"@id":"https:\/\/skaitytaknyga.lt\/#website"},"primaryImageOfPage":{"@id":"https:\/\/skaitytaknyga.lt\/produktas\/leliu-fabrikas\/#primaryimage"},"image":{"@id":"https:\/\/skaitytaknyga.lt\/produktas\/leliu-fabrikas\/#primaryimage"},"thumbnailUrl":"https:\/\/skaitytaknyga.lt\/wp-content\/uploads\/2026\/04\/Leliu-fabrikas.webp","datePublished":"2026-04-27T08:54:35+00:00","dateModified":"2026-04-27T08:59:15+00:00","description":"Jaunos brit\u0173 meninink\u0117s Elizabeth Macneal literat\u016brinis debiutas \u201eL\u0117li\u0173 fabrikas\u201c tapo tikra sensacija: pra\u0117jus vos dviem m\u0117nesiams nuo knygos i\u0161leidimo","breadcrumb":{"@id":"https:\/\/skaitytaknyga.lt\/produktas\/leliu-fabrikas\/#breadcrumb"},"inLanguage":"en-GB","potentialAction":[{"@type":"ReadAction","target":["https:\/\/skaitytaknyga.lt\/produktas\/leliu-fabrikas\/"]}]},{"@type":"ImageObject","inLanguage":"en-GB","@id":"https:\/\/skaitytaknyga.lt\/produktas\/leliu-fabrikas\/#primaryimage","url":"https:\/\/skaitytaknyga.lt\/wp-content\/uploads\/2026\/04\/Leliu-fabrikas.webp","contentUrl":"https:\/\/skaitytaknyga.lt\/wp-content\/uploads\/2026\/04\/Leliu-fabrikas.webp","width":366,"height":600,"caption":"L\u0117li\u0173 fabrikas"},{"@type":"BreadcrumbList","@id":"https:\/\/skaitytaknyga.lt\/produktas\/leliu-fabrikas\/#breadcrumb","itemListElement":[{"@type":"ListItem","position":1,"name":"Home","item":"https:\/\/skaitytaknyga.lt\/"},{"@type":"ListItem","position":2,"name":"Parduotuv\u0117","item":"https:\/\/skaitytaknyga.lt\/knygu-parduotuve\/"},{"@type":"ListItem","position":3,"name":"L\u0117li\u0173 fabrikas"}]},{"@type":"WebSite","@id":"https:\/\/skaitytaknyga.lt\/#website","url":"https:\/\/skaitytaknyga.lt\/","name":"skaitytaknyga.lt","description":"Skaitytaknyga.lt \u2013 tai ma\u017eas \u0161eimos verslas, kuris prasid\u0117jo nuo meil\u0117s knygoms ir siekio i\u0161gelb\u0117ti knygas nuo likimo prie konteinerio. Kas vienam nereikalingas daiktas \u2013 kitam lobis, o mes esame tarpininkai, kurie padeda abiems tapti laimingesniems ???? \u017dinome kaip nelengva i\u0161gyventi ma\u017eiems verslams, tad nuo \u0161iol, \u010dia rasite ir kit\u0173, ma\u017e\u0173 \u0161eim\u0173 versl\u0173, rank\u0173 darbo, dovan\u0173 sau ir artimiesiems.","publisher":{"@id":"https:\/\/skaitytaknyga.lt\/#organization"},"potentialAction":[{"@type":"SearchAction","target":{"@type":"EntryPoint","urlTemplate":"https:\/\/skaitytaknyga.lt\/?s={search_term_string}"},"query-input":{"@type":"PropertyValueSpecification","valueRequired":true,"valueName":"search_term_string"}}],"inLanguage":"en-GB"},{"@type":"Organization","@id":"https:\/\/skaitytaknyga.lt\/#organization","name":"skaitytaknyga.lt","url":"https:\/\/skaitytaknyga.lt\/","logo":{"@type":"ImageObject","inLanguage":"en-GB","@id":"https:\/\/skaitytaknyga.lt\/#\/schema\/logo\/image\/","url":"https:\/\/skaitytaknyga.lt\/wp-content\/uploads\/2024\/05\/cropped-cropped-cropped-02_00843_jt3bggkj1j3HLc7SyY6rEUpg.jpeg","contentUrl":"https:\/\/skaitytaknyga.lt\/wp-content\/uploads\/2024\/05\/cropped-cropped-cropped-02_00843_jt3bggkj1j3HLc7SyY6rEUpg.jpeg","width":1600,"height":1600,"caption":"skaitytaknyga.lt"},"image":{"@id":"https:\/\/skaitytaknyga.lt\/#\/schema\/logo\/image\/"},"sameAs":["https:\/\/www.facebook.com\/skaitytaknyga\/"]}]}},"_links":{"self":[{"href":"https:\/\/skaitytaknyga.lt\/en\/wp-json\/wp\/v2\/product\/26400","targetHints":{"allow":["GET"]}}],"collection":[{"href":"https:\/\/skaitytaknyga.lt\/en\/wp-json\/wp\/v2\/product"}],"about":[{"href":"https:\/\/skaitytaknyga.lt\/en\/wp-json\/wp\/v2\/types\/product"}],"replies":[{"embeddable":true,"href":"https:\/\/skaitytaknyga.lt\/en\/wp-json\/wp\/v2\/comments?post=26400"}],"wp:featuredmedia":[{"embeddable":true,"href":"https:\/\/skaitytaknyga.lt\/en\/wp-json\/wp\/v2\/media\/26405"}],"wp:attachment":[{"href":"https:\/\/skaitytaknyga.lt\/en\/wp-json\/wp\/v2\/media?parent=26400"}],"wp:term":[{"taxonomy":"product_brand","embeddable":true,"href":"https:\/\/skaitytaknyga.lt\/en\/wp-json\/wp\/v2\/product_brand?post=26400"},{"taxonomy":"product_cat","embeddable":true,"href":"https:\/\/skaitytaknyga.lt\/en\/wp-json\/wp\/v2\/product_cat?post=26400"},{"taxonomy":"product_tag","embeddable":true,"href":"https:\/\/skaitytaknyga.lt\/en\/wp-json\/wp\/v2\/product_tag?post=26400"}],"curies":[{"name":"wp","href":"https:\/\/api.w.org\/{rel}","templated":true}]}}