{"id":26399,"date":"2026-04-27T11:54:34","date_gmt":"2026-04-27T08:54:34","guid":{"rendered":"https:\/\/skaitytaknyga.lt\/?post_type=product&#038;p=26399"},"modified":"2026-04-27T11:59:15","modified_gmt":"2026-04-27T08:59:15","slug":"neramus-kraujas","status":"publish","type":"product","link":"https:\/\/skaitytaknyga.lt\/en\/produktas\/neramus-kraujas\/","title":{"rendered":"Neramus kraujas"},"content":{"rendered":"<p>Priva\u010diam detektyvui Kormoranui Straikui lankant savo \u0161eim\u0105 Kornvalyje, pagalbos \u012f j\u012f kreipiasi moteris su pra\u0161ymu i\u0161tirti, kas nutiko jos motinai, paslaptingai dingusiai prie\u0161 keturiasde\u0161imt met\u0173 \u2013 1974-aisiais. Savo, kaip detektyvo, karjeroje Straikas dar n\u0117ra tur\u0117j\u0119s tokios senos ir vis dar nei\u0161tirtos bylos, tad i\u0161\u0161\u016bk\u012f priima. Kartu su i\u0161tikim\u0105ja partnere Robina Elakot (kuri turi r\u016bpes\u010di\u0173 d\u0117l skyryb\u0173, nepageidaujamo vyr\u0173 d\u0117mesio ir jausm\u0173 Straikui) Kormoranas bylos p\u0117dsakais leid\u017eiasi \u012f praeit\u012f. <\/p>\n<p>Straik\u0105, pama\u017eu narpliojant\u012f pain\u0173 u\u017euomin\u0173, \u012fkal\u010di\u0173 ir \u012ftarim\u0173 kamuol\u012f, tyrimo gijos veda prie psichopato \u017eudiko maniako, astrologijos, taro kort\u0173 ir toli gra\u017eu ne itin patikim\u0173 liudinink\u0173. Kormoranas su Robina gana greitai \u012fsitikina, kad net ir tokios senos bylos gali b\u016bti mirtinai pavojingos. <\/p>\n<p>Painus ir kvap\u0105 gniau\u017eiantis epinis romanas \u201eNeramus kraujas\u201c yra penktoji serijos apie sekl\u012f Straik\u0105 knyga, kuri\u0105 galima skaityti ir kaip atskir\u0105 k\u016brin\u012f. <\/p>\n<p>Robertas Galbraithas \u2013 J. K. Rowling, perkamiausi\u0173 knyg\u0173 apie Har\u012f Poter\u012f serijos ir romano \u201eNetik\u0117ta vakansija\u201c autor\u0117s, slapyvardis. Keturis ankstesnius detektyvus i\u0161 ciklo apie Kormoran\u0105 Straik\u0105, \u2013 \u201eGegut\u0117s \u0161auksmas\u201c, \u201e\u0160ilkaverpis\u201c, \u201eBlogis kaip amatas\u201c ir \u201eBaltoji mirtis\u201c \u2013 tapusius brit\u0173 ir tarptautiniais bestseleriais, ekranizavo \u201eBront\u00eb Film and Television\u201c.<\/p>\n","protected":false},"excerpt":{"rendered":"<p>Priva\u010diam detektyvui Kormoranui Straikui lankant savo \u0161eim\u0105 Kornvalyje, pagalbos \u012f j\u012f kreipiasi moteris su pra\u0161ymu i\u0161tirti, kas nutiko jos motinai, paslaptingai dingusiai prie\u0161 keturiasde\u0161imt met\u0173 \u2013 1974-aisiais. Savo, kaip detektyvo, karjeroje Straikas dar n\u0117ra tur\u0117j\u0119s tokios senos ir vis dar nei\u0161tirtos bylos, tad i\u0161\u0161\u016bk\u012f priima. Kartu su i\u0161tikim\u0105ja partnere Robina Elakot (kuri turi r\u016bpes\u010di\u0173 d\u0117l skyryb\u0173, nepageidaujamo vyr\u0173 d\u0117mesio ir jausm\u0173 Straikui) Kormoranas bylos p\u0117dsakais leid\u017eiasi \u012f praeit\u012f. Straik\u0105, pama\u017eu narpliojant\u012f pain\u0173 u\u017euomin\u0173, \u012fkal\u010di\u0173 ir \u012ftarim\u0173 kamuol\u012f, tyrimo gijos veda prie psichopato \u017eudiko maniako, astrologijos, taro kort\u0173 ir toli gra\u017eu ne itin patikim\u0173 liudinink\u0173. Kormoranas su Robina gana greitai \u012fsitikina, kad net ir tokios senos bylos gali b\u016bti mirtinai pavojingos. Painus ir kvap\u0105 gniau\u017eiantis epinis romanas \u201eNeramus kraujas\u201c yra penktoji serijos apie sekl\u012f Straik\u0105 knyga, kuri\u0105 galima skaityti ir kaip atskir\u0105 k\u016brin\u012f. Robertas Galbraithas \u2013 J. K. Rowling, perkamiausi\u0173 knyg\u0173 apie Har\u012f Poter\u012f serijos ir romano \u201eNetik\u0117ta vakansija\u201c autor\u0117s, slapyvardis. Keturis ankstesnius detektyvus i\u0161 ciklo apie Kormoran\u0105 Straik\u0105, \u2013 \u201eGegut\u0117s \u0161auksmas\u201c, \u201e\u0160ilkaverpis\u201c, \u201eBlogis kaip amatas\u201c ir \u201eBaltoji mirtis\u201c \u2013 tapusius brit\u0173 ir tarptautiniais bestseleriais, ekranizavo \u201eBront\u00eb Film and Television\u201c.<\/p>\n","protected":false},"featured_media":26404,"comment_status":"open","ping_status":"closed","template":"","meta":{"_acf_changed":false,"site-sidebar-layout":"default","site-content-layout":"","ast-site-content-layout":"default","site-content-style":"default","site-sidebar-style":"default","ast-global-header-display":"","ast-banner-title-visibility":"","ast-main-header-display":"","ast-hfb-above-header-display":"","ast-hfb-below-header-display":"","ast-hfb-mobile-header-display":"","site-post-title":"","ast-breadcrumbs-content":"","ast-featured-img":"","footer-sml-layout":"","ast-disable-related-posts":"","theme-transparent-header-meta":"","adv-header-id-meta":"","stick-header-meta":"","header-above-stick-meta":"","header-main-stick-meta":"","header-below-stick-meta":"","astra-migrate-meta-layouts":"default","ast-page-background-enabled":"default","ast-page-background-meta":{"desktop":{"background-color":"","background-image":"","background-repeat":"repeat","background-position":"center center","background-size":"auto","background-attachment":"scroll","background-type":"","background-media":"","overlay-type":"","overlay-color":"","overlay-opacity":"","overlay-gradient":""},"tablet":{"background-color":"","background-image":"","background-repeat":"repeat","background-position":"center center","background-size":"auto","background-attachment":"scroll","background-type":"","background-media":"","overlay-type":"","overlay-color":"","overlay-opacity":"","overlay-gradient":""},"mobile":{"background-color":"","background-image":"","background-repeat":"repeat","background-position":"center center","background-size":"auto","background-attachment":"scroll","background-type":"","background-media":"","overlay-type":"","overlay-color":"","overlay-opacity":"","overlay-gradient":""}},"ast-content-background-meta":{"desktop":{"background-color":"var(--ast-global-color-4)","background-image":"","background-repeat":"repeat","background-position":"center center","background-size":"auto","background-attachment":"scroll","background-type":"","background-media":"","overlay-type":"","overlay-color":"","overlay-opacity":"","overlay-gradient":""},"tablet":{"background-color":"var(--ast-global-color-4)","background-image":"","background-repeat":"repeat","background-position":"center center","background-size":"auto","background-attachment":"scroll","background-type":"","background-media":"","overlay-type":"","overlay-color":"","overlay-opacity":"","overlay-gradient":""},"mobile":{"background-color":"var(--ast-global-color-4)","background-image":"","background-repeat":"repeat","background-position":"center center","background-size":"auto","background-attachment":"scroll","background-type":"","background-media":"","overlay-type":"","overlay-color":"","overlay-opacity":"","overlay-gradient":""}}},"product_brand":[],"product_cat":[9581],"product_tag":[],"class_list":{"0":"post-26399","1":"product","2":"type-product","3":"status-publish","4":"has-post-thumbnail","6":"product_cat-kriminaliniai-romanai","7":"desktop-align-left","8":"tablet-align-left","9":"mobile-align-left","11":"first","12":"instock","13":"shipping-taxable","14":"purchasable","15":"product-type-simple"},"acf":[],"yoast_head":"<!-- This site is optimized with the Yoast SEO plugin v27.4 - https:\/\/yoast.com\/product\/yoast-seo-wordpress\/ -->\n<title>Neramus kraujas<\/title>\n<meta name=\"description\" content=\"Priva\u010diam detektyvui Kormoranui Straikui lankant savo \u0161eim\u0105 Kornvalyje, pagalbos \u012f j\u012f kreipiasi moteris su pra\u0161ymu i\u0161tirti, kas nutiko jos motinai,\" \/>\n<meta name=\"robots\" content=\"index, follow, max-snippet:-1, max-image-preview:large, max-video-preview:-1\" \/>\n<link rel=\"canonical\" href=\"https:\/\/skaitytaknyga.lt\/en\/produktas\/neramus-kraujas\/\" \/>\n<meta property=\"og:locale\" content=\"en_GB\" \/>\n<meta property=\"og:locale:alternate\" content=\"lt_LT\" \/>\n<meta property=\"og:type\" content=\"article\" \/>\n<meta property=\"og:title\" content=\"Neramus kraujas\" \/>\n<meta property=\"og:description\" content=\"Priva\u010diam detektyvui Kormoranui Straikui lankant savo \u0161eim\u0105 Kornvalyje, pagalbos \u012f j\u012f kreipiasi moteris su pra\u0161ymu i\u0161tirti, kas nutiko jos motinai,\" \/>\n<meta property=\"og:url\" content=\"https:\/\/skaitytaknyga.lt\/en\/produktas\/neramus-kraujas\/\" \/>\n<meta property=\"og:site_name\" content=\"Skaitytaknyga\" \/>\n<meta property=\"article:publisher\" content=\"https:\/\/www.facebook.com\/skaitytaknyga\/\" \/>\n<meta property=\"article:modified_time\" content=\"2026-04-27T08:59:15+00:00\" \/>\n<meta property=\"og:image\" content=\"https:\/\/skaitytaknyga.lt\/wp-content\/uploads\/2026\/04\/Neramus-kraujas.webp\" \/>\n\t<meta property=\"og:image:width\" content=\"366\" \/>\n\t<meta property=\"og:image:height\" content=\"600\" \/>\n\t<meta property=\"og:image:type\" content=\"image\/webp\" \/>\n<meta name=\"twitter:card\" content=\"summary_large_image\" \/>\n<meta name=\"twitter:label1\" content=\"Estimated reading time\" \/>\n\t<meta name=\"twitter:data1\" content=\"1 minute\" \/>\n<script type=\"application\/ld+json\" class=\"yoast-schema-graph\">{\"@context\":\"https:\\\/\\\/schema.org\",\"@graph\":[{\"@type\":\"WebPage\",\"@id\":\"https:\\\/\\\/skaitytaknyga.lt\\\/produktas\\\/neramus-kraujas\\\/\",\"url\":\"https:\\\/\\\/skaitytaknyga.lt\\\/produktas\\\/neramus-kraujas\\\/\",\"name\":\"Neramus kraujas\",\"isPartOf\":{\"@id\":\"https:\\\/\\\/skaitytaknyga.lt\\\/#website\"},\"primaryImageOfPage\":{\"@id\":\"https:\\\/\\\/skaitytaknyga.lt\\\/produktas\\\/neramus-kraujas\\\/#primaryimage\"},\"image\":{\"@id\":\"https:\\\/\\\/skaitytaknyga.lt\\\/produktas\\\/neramus-kraujas\\\/#primaryimage\"},\"thumbnailUrl\":\"https:\\\/\\\/skaitytaknyga.lt\\\/wp-content\\\/uploads\\\/2026\\\/04\\\/Neramus-kraujas.webp\",\"datePublished\":\"2026-04-27T08:54:34+00:00\",\"dateModified\":\"2026-04-27T08:59:15+00:00\",\"description\":\"Priva\u010diam detektyvui Kormoranui Straikui lankant savo \u0161eim\u0105 Kornvalyje, pagalbos \u012f j\u012f kreipiasi moteris su pra\u0161ymu i\u0161tirti, kas nutiko jos motinai,\",\"breadcrumb\":{\"@id\":\"https:\\\/\\\/skaitytaknyga.lt\\\/produktas\\\/neramus-kraujas\\\/#breadcrumb\"},\"inLanguage\":\"en-GB\",\"potentialAction\":[{\"@type\":\"ReadAction\",\"target\":[\"https:\\\/\\\/skaitytaknyga.lt\\\/produktas\\\/neramus-kraujas\\\/\"]}]},{\"@type\":\"ImageObject\",\"inLanguage\":\"en-GB\",\"@id\":\"https:\\\/\\\/skaitytaknyga.lt\\\/produktas\\\/neramus-kraujas\\\/#primaryimage\",\"url\":\"https:\\\/\\\/skaitytaknyga.lt\\\/wp-content\\\/uploads\\\/2026\\\/04\\\/Neramus-kraujas.webp\",\"contentUrl\":\"https:\\\/\\\/skaitytaknyga.lt\\\/wp-content\\\/uploads\\\/2026\\\/04\\\/Neramus-kraujas.webp\",\"width\":366,\"height\":600,\"caption\":\"Neramus kraujas\"},{\"@type\":\"BreadcrumbList\",\"@id\":\"https:\\\/\\\/skaitytaknyga.lt\\\/produktas\\\/neramus-kraujas\\\/#breadcrumb\",\"itemListElement\":[{\"@type\":\"ListItem\",\"position\":1,\"name\":\"Home\",\"item\":\"https:\\\/\\\/skaitytaknyga.lt\\\/\"},{\"@type\":\"ListItem\",\"position\":2,\"name\":\"Parduotuv\u0117\",\"item\":\"https:\\\/\\\/skaitytaknyga.lt\\\/knygu-parduotuve\\\/\"},{\"@type\":\"ListItem\",\"position\":3,\"name\":\"Neramus kraujas\"}]},{\"@type\":\"WebSite\",\"@id\":\"https:\\\/\\\/skaitytaknyga.lt\\\/#website\",\"url\":\"https:\\\/\\\/skaitytaknyga.lt\\\/\",\"name\":\"skaitytaknyga.lt\",\"description\":\"Skaitytaknyga.lt \u2013 tai ma\u017eas \u0161eimos verslas, kuris prasid\u0117jo nuo meil\u0117s knygoms ir siekio i\u0161gelb\u0117ti knygas nuo likimo prie konteinerio. Kas vienam nereikalingas daiktas \u2013 kitam lobis, o mes esame tarpininkai, kurie padeda abiems tapti laimingesniems ???? \u017dinome kaip nelengva i\u0161gyventi ma\u017eiems verslams, tad nuo \u0161iol, \u010dia rasite ir kit\u0173, ma\u017e\u0173 \u0161eim\u0173 versl\u0173, rank\u0173 darbo, dovan\u0173 sau ir artimiesiems.\",\"publisher\":{\"@id\":\"https:\\\/\\\/skaitytaknyga.lt\\\/#organization\"},\"potentialAction\":[{\"@type\":\"SearchAction\",\"target\":{\"@type\":\"EntryPoint\",\"urlTemplate\":\"https:\\\/\\\/skaitytaknyga.lt\\\/?s={search_term_string}\"},\"query-input\":{\"@type\":\"PropertyValueSpecification\",\"valueRequired\":true,\"valueName\":\"search_term_string\"}}],\"inLanguage\":\"en-GB\"},{\"@type\":\"Organization\",\"@id\":\"https:\\\/\\\/skaitytaknyga.lt\\\/#organization\",\"name\":\"skaitytaknyga.lt\",\"url\":\"https:\\\/\\\/skaitytaknyga.lt\\\/\",\"logo\":{\"@type\":\"ImageObject\",\"inLanguage\":\"en-GB\",\"@id\":\"https:\\\/\\\/skaitytaknyga.lt\\\/#\\\/schema\\\/logo\\\/image\\\/\",\"url\":\"https:\\\/\\\/skaitytaknyga.lt\\\/wp-content\\\/uploads\\\/2024\\\/05\\\/cropped-cropped-cropped-02_00843_jt3bggkj1j3HLc7SyY6rEUpg.jpeg\",\"contentUrl\":\"https:\\\/\\\/skaitytaknyga.lt\\\/wp-content\\\/uploads\\\/2024\\\/05\\\/cropped-cropped-cropped-02_00843_jt3bggkj1j3HLc7SyY6rEUpg.jpeg\",\"width\":1600,\"height\":1600,\"caption\":\"skaitytaknyga.lt\"},\"image\":{\"@id\":\"https:\\\/\\\/skaitytaknyga.lt\\\/#\\\/schema\\\/logo\\\/image\\\/\"},\"sameAs\":[\"https:\\\/\\\/www.facebook.com\\\/skaitytaknyga\\\/\"]}]}<\/script>\n<!-- \/ Yoast SEO plugin. -->","yoast_head_json":{"title":"Neramus kraujas","description":"Priva\u010diam detektyvui Kormoranui Straikui lankant savo \u0161eim\u0105 Kornvalyje, pagalbos \u012f j\u012f kreipiasi moteris su pra\u0161ymu i\u0161tirti, kas nutiko jos motinai,","robots":{"index":"index","follow":"follow","max-snippet":"max-snippet:-1","max-image-preview":"max-image-preview:large","max-video-preview":"max-video-preview:-1"},"canonical":"https:\/\/skaitytaknyga.lt\/en\/produktas\/neramus-kraujas\/","og_locale":"en_GB","og_type":"article","og_title":"[:lt]Neramus kraujas[:] - Skaitytaknyga","og_description":"Priva\u010diam detektyvui Kormoranui Straikui lankant savo \u0161eim\u0105 Kornvalyje, pagalbos \u012f j\u012f kreipiasi moteris su pra\u0161ymu i\u0161tirti, kas nutiko jos motinai,","og_url":"https:\/\/skaitytaknyga.lt\/en\/produktas\/neramus-kraujas\/","og_site_name":"Skaitytaknyga","article_publisher":"https:\/\/www.facebook.com\/skaitytaknyga\/","article_modified_time":"2026-04-27T08:59:15+00:00","og_image":[{"width":366,"height":600,"url":"https:\/\/skaitytaknyga.lt\/wp-content\/uploads\/2026\/04\/Neramus-kraujas.webp","type":"image\/webp"}],"twitter_card":"summary_large_image","twitter_misc":{"Estimated reading time":"1 minute"},"schema":{"@context":"https:\/\/schema.org","@graph":[{"@type":"WebPage","@id":"https:\/\/skaitytaknyga.lt\/produktas\/neramus-kraujas\/","url":"https:\/\/skaitytaknyga.lt\/produktas\/neramus-kraujas\/","name":"Neramus kraujas","isPartOf":{"@id":"https:\/\/skaitytaknyga.lt\/#website"},"primaryImageOfPage":{"@id":"https:\/\/skaitytaknyga.lt\/produktas\/neramus-kraujas\/#primaryimage"},"image":{"@id":"https:\/\/skaitytaknyga.lt\/produktas\/neramus-kraujas\/#primaryimage"},"thumbnailUrl":"https:\/\/skaitytaknyga.lt\/wp-content\/uploads\/2026\/04\/Neramus-kraujas.webp","datePublished":"2026-04-27T08:54:34+00:00","dateModified":"2026-04-27T08:59:15+00:00","description":"Priva\u010diam detektyvui Kormoranui Straikui lankant savo \u0161eim\u0105 Kornvalyje, pagalbos \u012f j\u012f kreipiasi moteris su pra\u0161ymu i\u0161tirti, kas nutiko jos motinai,","breadcrumb":{"@id":"https:\/\/skaitytaknyga.lt\/produktas\/neramus-kraujas\/#breadcrumb"},"inLanguage":"en-GB","potentialAction":[{"@type":"ReadAction","target":["https:\/\/skaitytaknyga.lt\/produktas\/neramus-kraujas\/"]}]},{"@type":"ImageObject","inLanguage":"en-GB","@id":"https:\/\/skaitytaknyga.lt\/produktas\/neramus-kraujas\/#primaryimage","url":"https:\/\/skaitytaknyga.lt\/wp-content\/uploads\/2026\/04\/Neramus-kraujas.webp","contentUrl":"https:\/\/skaitytaknyga.lt\/wp-content\/uploads\/2026\/04\/Neramus-kraujas.webp","width":366,"height":600,"caption":"Neramus kraujas"},{"@type":"BreadcrumbList","@id":"https:\/\/skaitytaknyga.lt\/produktas\/neramus-kraujas\/#breadcrumb","itemListElement":[{"@type":"ListItem","position":1,"name":"Home","item":"https:\/\/skaitytaknyga.lt\/"},{"@type":"ListItem","position":2,"name":"Parduotuv\u0117","item":"https:\/\/skaitytaknyga.lt\/knygu-parduotuve\/"},{"@type":"ListItem","position":3,"name":"Neramus kraujas"}]},{"@type":"WebSite","@id":"https:\/\/skaitytaknyga.lt\/#website","url":"https:\/\/skaitytaknyga.lt\/","name":"skaitytaknyga.lt","description":"Skaitytaknyga.lt \u2013 tai ma\u017eas \u0161eimos verslas, kuris prasid\u0117jo nuo meil\u0117s knygoms ir siekio i\u0161gelb\u0117ti knygas nuo likimo prie konteinerio. Kas vienam nereikalingas daiktas \u2013 kitam lobis, o mes esame tarpininkai, kurie padeda abiems tapti laimingesniems ???? \u017dinome kaip nelengva i\u0161gyventi ma\u017eiems verslams, tad nuo \u0161iol, \u010dia rasite ir kit\u0173, ma\u017e\u0173 \u0161eim\u0173 versl\u0173, rank\u0173 darbo, dovan\u0173 sau ir artimiesiems.","publisher":{"@id":"https:\/\/skaitytaknyga.lt\/#organization"},"potentialAction":[{"@type":"SearchAction","target":{"@type":"EntryPoint","urlTemplate":"https:\/\/skaitytaknyga.lt\/?s={search_term_string}"},"query-input":{"@type":"PropertyValueSpecification","valueRequired":true,"valueName":"search_term_string"}}],"inLanguage":"en-GB"},{"@type":"Organization","@id":"https:\/\/skaitytaknyga.lt\/#organization","name":"skaitytaknyga.lt","url":"https:\/\/skaitytaknyga.lt\/","logo":{"@type":"ImageObject","inLanguage":"en-GB","@id":"https:\/\/skaitytaknyga.lt\/#\/schema\/logo\/image\/","url":"https:\/\/skaitytaknyga.lt\/wp-content\/uploads\/2024\/05\/cropped-cropped-cropped-02_00843_jt3bggkj1j3HLc7SyY6rEUpg.jpeg","contentUrl":"https:\/\/skaitytaknyga.lt\/wp-content\/uploads\/2024\/05\/cropped-cropped-cropped-02_00843_jt3bggkj1j3HLc7SyY6rEUpg.jpeg","width":1600,"height":1600,"caption":"skaitytaknyga.lt"},"image":{"@id":"https:\/\/skaitytaknyga.lt\/#\/schema\/logo\/image\/"},"sameAs":["https:\/\/www.facebook.com\/skaitytaknyga\/"]}]}},"_links":{"self":[{"href":"https:\/\/skaitytaknyga.lt\/en\/wp-json\/wp\/v2\/product\/26399","targetHints":{"allow":["GET"]}}],"collection":[{"href":"https:\/\/skaitytaknyga.lt\/en\/wp-json\/wp\/v2\/product"}],"about":[{"href":"https:\/\/skaitytaknyga.lt\/en\/wp-json\/wp\/v2\/types\/product"}],"replies":[{"embeddable":true,"href":"https:\/\/skaitytaknyga.lt\/en\/wp-json\/wp\/v2\/comments?post=26399"}],"wp:featuredmedia":[{"embeddable":true,"href":"https:\/\/skaitytaknyga.lt\/en\/wp-json\/wp\/v2\/media\/26404"}],"wp:attachment":[{"href":"https:\/\/skaitytaknyga.lt\/en\/wp-json\/wp\/v2\/media?parent=26399"}],"wp:term":[{"taxonomy":"product_brand","embeddable":true,"href":"https:\/\/skaitytaknyga.lt\/en\/wp-json\/wp\/v2\/product_brand?post=26399"},{"taxonomy":"product_cat","embeddable":true,"href":"https:\/\/skaitytaknyga.lt\/en\/wp-json\/wp\/v2\/product_cat?post=26399"},{"taxonomy":"product_tag","embeddable":true,"href":"https:\/\/skaitytaknyga.lt\/en\/wp-json\/wp\/v2\/product_tag?post=26399"}],"curies":[{"name":"wp","href":"https:\/\/api.w.org\/{rel}","templated":true}]}}