{"id":26391,"date":"2026-04-27T10:22:35","date_gmt":"2026-04-27T07:22:35","guid":{"rendered":"https:\/\/skaitytaknyga.lt\/?post_type=product&#038;p=26391"},"modified":"2026-04-27T11:59:15","modified_gmt":"2026-04-27T08:59:15","slug":"uzverstas-dienorastis","status":"publish","type":"product","link":"https:\/\/skaitytaknyga.lt\/en\/produktas\/uzverstas-dienorastis\/","title":{"rendered":"U\u017everstas dienora\u0161tis"},"content":{"rendered":"<p>Jette A. Kaarsb\u00f8l (g. 1961 m. Hileriode) \u2013 dan\u0173 ra\u0161ytoja. \u201eU\u017everstas dienora\u0161tis\u201c \u2013 debiutinis jos romanas, i\u0161 karto sulauk\u0119s skaitytoj\u0173 pripa\u017einimo ir i\u0161verstas \u012f daugel\u012f Europos kalb\u0173.<\/p>\n<p>Kopenhaga, 1875-ieji. Geros \u0161eimos dukra Frederik\u0117 ruo\u0161iasi tek\u0117ti u\u017e jauno pastoriaus ir dalytis su juo visais kuklaus gyvenimo d\u017eiaugsmais bei vargais. Ta\u010diau laisvamani\u0173 b\u016brelio, \u012f kur\u012f atsitiktinai patenka ir Frederik\u0117, siela \u2013 \u017eavus, protingas gydytojas Frederikas atveria jai kito gyvenimo galimyb\u0119.<\/p>\n<p>J. A. Kaarsb\u00f8l romanas \u2013 tikras kaip pats gyvenimas; devyniolikto ir dvide\u0161imto am\u017ei\u0173 sand\u016bros Kopenhag\u0105, regis, galima u\u017euosti, paliesti ir joje apsigyventi. Beveik bergmani\u0161kos dramos, verdan\u010dios Frederik\u0117s sieloje, \u2013 am\u017einos, o vyro ir moters santyki\u0173 labirintas \u2013 sud\u0117tingesnis, nei galime \u012fsivaizduoti&#8230;<\/p>\n","protected":false},"excerpt":{"rendered":"<p>Jette A. Kaarsb\u00f8l (g. 1961 m. Hileriode) \u2013 dan\u0173 ra\u0161ytoja. \u201eU\u017everstas dienora\u0161tis\u201c \u2013 debiutinis jos romanas, i\u0161 karto sulauk\u0119s skaitytoj\u0173 pripa\u017einimo ir i\u0161verstas \u012f daugel\u012f Europos kalb\u0173. Kopenhaga, 1875-ieji. Geros \u0161eimos dukra Frederik\u0117 ruo\u0161iasi tek\u0117ti u\u017e jauno pastoriaus ir dalytis su juo visais kuklaus gyvenimo d\u017eiaugsmais bei vargais. Ta\u010diau laisvamani\u0173 b\u016brelio, \u012f kur\u012f atsitiktinai patenka ir Frederik\u0117, siela \u2013 \u017eavus, protingas gydytojas Frederikas atveria jai kito gyvenimo galimyb\u0119. J. A. Kaarsb\u00f8l romanas \u2013 tikras kaip pats gyvenimas; devyniolikto ir dvide\u0161imto am\u017ei\u0173 sand\u016bros Kopenhag\u0105, regis, galima u\u017euosti, paliesti ir joje apsigyventi. Beveik bergmani\u0161kos dramos, verdan\u010dios Frederik\u0117s sieloje, \u2013 am\u017einos, o vyro ir moters santyki\u0173 labirintas \u2013 sud\u0117tingesnis, nei galime \u012fsivaizduoti&#8230;<\/p>\n","protected":false},"featured_media":26398,"comment_status":"open","ping_status":"closed","template":"","meta":{"_acf_changed":false,"site-sidebar-layout":"default","site-content-layout":"","ast-site-content-layout":"default","site-content-style":"default","site-sidebar-style":"default","ast-global-header-display":"","ast-banner-title-visibility":"","ast-main-header-display":"","ast-hfb-above-header-display":"","ast-hfb-below-header-display":"","ast-hfb-mobile-header-display":"","site-post-title":"","ast-breadcrumbs-content":"","ast-featured-img":"","footer-sml-layout":"","ast-disable-related-posts":"","theme-transparent-header-meta":"","adv-header-id-meta":"","stick-header-meta":"","header-above-stick-meta":"","header-main-stick-meta":"","header-below-stick-meta":"","astra-migrate-meta-layouts":"default","ast-page-background-enabled":"default","ast-page-background-meta":{"desktop":{"background-color":"","background-image":"","background-repeat":"repeat","background-position":"center center","background-size":"auto","background-attachment":"scroll","background-type":"","background-media":"","overlay-type":"","overlay-color":"","overlay-opacity":"","overlay-gradient":""},"tablet":{"background-color":"","background-image":"","background-repeat":"repeat","background-position":"center center","background-size":"auto","background-attachment":"scroll","background-type":"","background-media":"","overlay-type":"","overlay-color":"","overlay-opacity":"","overlay-gradient":""},"mobile":{"background-color":"","background-image":"","background-repeat":"repeat","background-position":"center center","background-size":"auto","background-attachment":"scroll","background-type":"","background-media":"","overlay-type":"","overlay-color":"","overlay-opacity":"","overlay-gradient":""}},"ast-content-background-meta":{"desktop":{"background-color":"var(--ast-global-color-4)","background-image":"","background-repeat":"repeat","background-position":"center center","background-size":"auto","background-attachment":"scroll","background-type":"","background-media":"","overlay-type":"","overlay-color":"","overlay-opacity":"","overlay-gradient":""},"tablet":{"background-color":"var(--ast-global-color-4)","background-image":"","background-repeat":"repeat","background-position":"center center","background-size":"auto","background-attachment":"scroll","background-type":"","background-media":"","overlay-type":"","overlay-color":"","overlay-opacity":"","overlay-gradient":""},"mobile":{"background-color":"var(--ast-global-color-4)","background-image":"","background-repeat":"repeat","background-position":"center center","background-size":"auto","background-attachment":"scroll","background-type":"","background-media":"","overlay-type":"","overlay-color":"","overlay-opacity":"","overlay-gradient":""}}},"product_brand":[],"product_cat":[9618],"product_tag":[],"class_list":{"0":"post-26391","1":"product","2":"type-product","3":"status-publish","4":"has-post-thumbnail","6":"product_cat-istoriniai-romanai","7":"desktop-align-left","8":"tablet-align-left","9":"mobile-align-left","11":"first","12":"instock","13":"shipping-taxable","14":"purchasable","15":"product-type-simple"},"acf":[],"yoast_head":"<!-- This site is optimized with the Yoast SEO plugin v27.4 - https:\/\/yoast.com\/product\/yoast-seo-wordpress\/ -->\n<title>U\u017everstas dienora\u0161tis<\/title>\n<meta name=\"description\" content=\"Jette A. Kaarsb\u00f8l (g. 1961 m. Hileriode) \u2013 dan\u0173 ra\u0161ytoja. \u201eU\u017everstas dienora\u0161tis\u201c \u2013 debiutinis jos romanas, i\u0161 karto sulauk\u0119s skaitytoj\u0173 pripa\u017einimo ir\" \/>\n<meta name=\"robots\" content=\"index, follow, max-snippet:-1, max-image-preview:large, max-video-preview:-1\" \/>\n<link rel=\"canonical\" href=\"https:\/\/skaitytaknyga.lt\/en\/produktas\/uzverstas-dienorastis\/\" \/>\n<meta property=\"og:locale\" content=\"en_GB\" \/>\n<meta property=\"og:locale:alternate\" content=\"lt_LT\" \/>\n<meta property=\"og:type\" content=\"article\" \/>\n<meta property=\"og:title\" content=\"U\u017everstas dienora\u0161tis\" \/>\n<meta property=\"og:description\" content=\"Jette A. Kaarsb\u00f8l (g. 1961 m. Hileriode) \u2013 dan\u0173 ra\u0161ytoja. \u201eU\u017everstas dienora\u0161tis\u201c \u2013 debiutinis jos romanas, i\u0161 karto sulauk\u0119s skaitytoj\u0173 pripa\u017einimo ir\" \/>\n<meta property=\"og:url\" content=\"https:\/\/skaitytaknyga.lt\/en\/produktas\/uzverstas-dienorastis\/\" \/>\n<meta property=\"og:site_name\" content=\"Skaitytaknyga\" \/>\n<meta property=\"article:publisher\" content=\"https:\/\/www.facebook.com\/skaitytaknyga\/\" \/>\n<meta property=\"article:modified_time\" content=\"2026-04-27T08:59:15+00:00\" \/>\n<meta property=\"og:image\" content=\"https:\/\/skaitytaknyga.lt\/wp-content\/uploads\/2026\/04\/Uzverstas-dienorastis.webp\" \/>\n\t<meta property=\"og:image:width\" content=\"525\" \/>\n\t<meta property=\"og:image:height\" content=\"801\" \/>\n\t<meta property=\"og:image:type\" content=\"image\/webp\" \/>\n<meta name=\"twitter:card\" content=\"summary_large_image\" \/>\n<meta name=\"twitter:label1\" content=\"Estimated reading time\" \/>\n\t<meta name=\"twitter:data1\" content=\"1 minute\" \/>\n<script type=\"application\/ld+json\" class=\"yoast-schema-graph\">{\"@context\":\"https:\\\/\\\/schema.org\",\"@graph\":[{\"@type\":\"WebPage\",\"@id\":\"https:\\\/\\\/skaitytaknyga.lt\\\/produktas\\\/uzverstas-dienorastis\\\/\",\"url\":\"https:\\\/\\\/skaitytaknyga.lt\\\/produktas\\\/uzverstas-dienorastis\\\/\",\"name\":\"U\u017everstas dienora\u0161tis\",\"isPartOf\":{\"@id\":\"https:\\\/\\\/skaitytaknyga.lt\\\/#website\"},\"primaryImageOfPage\":{\"@id\":\"https:\\\/\\\/skaitytaknyga.lt\\\/produktas\\\/uzverstas-dienorastis\\\/#primaryimage\"},\"image\":{\"@id\":\"https:\\\/\\\/skaitytaknyga.lt\\\/produktas\\\/uzverstas-dienorastis\\\/#primaryimage\"},\"thumbnailUrl\":\"https:\\\/\\\/skaitytaknyga.lt\\\/wp-content\\\/uploads\\\/2026\\\/04\\\/Uzverstas-dienorastis.webp\",\"datePublished\":\"2026-04-27T07:22:35+00:00\",\"dateModified\":\"2026-04-27T08:59:15+00:00\",\"description\":\"Jette A. Kaarsb\u00f8l (g. 1961 m. Hileriode) \u2013 dan\u0173 ra\u0161ytoja. \u201eU\u017everstas dienora\u0161tis\u201c \u2013 debiutinis jos romanas, i\u0161 karto sulauk\u0119s skaitytoj\u0173 pripa\u017einimo ir\",\"breadcrumb\":{\"@id\":\"https:\\\/\\\/skaitytaknyga.lt\\\/produktas\\\/uzverstas-dienorastis\\\/#breadcrumb\"},\"inLanguage\":\"en-GB\",\"potentialAction\":[{\"@type\":\"ReadAction\",\"target\":[\"https:\\\/\\\/skaitytaknyga.lt\\\/produktas\\\/uzverstas-dienorastis\\\/\"]}]},{\"@type\":\"ImageObject\",\"inLanguage\":\"en-GB\",\"@id\":\"https:\\\/\\\/skaitytaknyga.lt\\\/produktas\\\/uzverstas-dienorastis\\\/#primaryimage\",\"url\":\"https:\\\/\\\/skaitytaknyga.lt\\\/wp-content\\\/uploads\\\/2026\\\/04\\\/Uzverstas-dienorastis.webp\",\"contentUrl\":\"https:\\\/\\\/skaitytaknyga.lt\\\/wp-content\\\/uploads\\\/2026\\\/04\\\/Uzverstas-dienorastis.webp\",\"width\":525,\"height\":801,\"caption\":\"U\u017everstas dienora\u0161tis\"},{\"@type\":\"BreadcrumbList\",\"@id\":\"https:\\\/\\\/skaitytaknyga.lt\\\/produktas\\\/uzverstas-dienorastis\\\/#breadcrumb\",\"itemListElement\":[{\"@type\":\"ListItem\",\"position\":1,\"name\":\"Home\",\"item\":\"https:\\\/\\\/skaitytaknyga.lt\\\/\"},{\"@type\":\"ListItem\",\"position\":2,\"name\":\"Parduotuv\u0117\",\"item\":\"https:\\\/\\\/skaitytaknyga.lt\\\/knygu-parduotuve\\\/\"},{\"@type\":\"ListItem\",\"position\":3,\"name\":\"U\u017everstas dienora\u0161tis\"}]},{\"@type\":\"WebSite\",\"@id\":\"https:\\\/\\\/skaitytaknyga.lt\\\/#website\",\"url\":\"https:\\\/\\\/skaitytaknyga.lt\\\/\",\"name\":\"skaitytaknyga.lt\",\"description\":\"Skaitytaknyga.lt \u2013 tai ma\u017eas \u0161eimos verslas, kuris prasid\u0117jo nuo meil\u0117s knygoms ir siekio i\u0161gelb\u0117ti knygas nuo likimo prie konteinerio. Kas vienam nereikalingas daiktas \u2013 kitam lobis, o mes esame tarpininkai, kurie padeda abiems tapti laimingesniems ???? \u017dinome kaip nelengva i\u0161gyventi ma\u017eiems verslams, tad nuo \u0161iol, \u010dia rasite ir kit\u0173, ma\u017e\u0173 \u0161eim\u0173 versl\u0173, rank\u0173 darbo, dovan\u0173 sau ir artimiesiems.\",\"publisher\":{\"@id\":\"https:\\\/\\\/skaitytaknyga.lt\\\/#organization\"},\"potentialAction\":[{\"@type\":\"SearchAction\",\"target\":{\"@type\":\"EntryPoint\",\"urlTemplate\":\"https:\\\/\\\/skaitytaknyga.lt\\\/?s={search_term_string}\"},\"query-input\":{\"@type\":\"PropertyValueSpecification\",\"valueRequired\":true,\"valueName\":\"search_term_string\"}}],\"inLanguage\":\"en-GB\"},{\"@type\":\"Organization\",\"@id\":\"https:\\\/\\\/skaitytaknyga.lt\\\/#organization\",\"name\":\"skaitytaknyga.lt\",\"url\":\"https:\\\/\\\/skaitytaknyga.lt\\\/\",\"logo\":{\"@type\":\"ImageObject\",\"inLanguage\":\"en-GB\",\"@id\":\"https:\\\/\\\/skaitytaknyga.lt\\\/#\\\/schema\\\/logo\\\/image\\\/\",\"url\":\"https:\\\/\\\/skaitytaknyga.lt\\\/wp-content\\\/uploads\\\/2024\\\/05\\\/cropped-cropped-cropped-02_00843_jt3bggkj1j3HLc7SyY6rEUpg.jpeg\",\"contentUrl\":\"https:\\\/\\\/skaitytaknyga.lt\\\/wp-content\\\/uploads\\\/2024\\\/05\\\/cropped-cropped-cropped-02_00843_jt3bggkj1j3HLc7SyY6rEUpg.jpeg\",\"width\":1600,\"height\":1600,\"caption\":\"skaitytaknyga.lt\"},\"image\":{\"@id\":\"https:\\\/\\\/skaitytaknyga.lt\\\/#\\\/schema\\\/logo\\\/image\\\/\"},\"sameAs\":[\"https:\\\/\\\/www.facebook.com\\\/skaitytaknyga\\\/\"]}]}<\/script>\n<!-- \/ Yoast SEO plugin. -->","yoast_head_json":{"title":"U\u017everstas dienora\u0161tis","description":"Jette A. Kaarsb\u00f8l (g. 1961 m. Hileriode) \u2013 dan\u0173 ra\u0161ytoja. \u201eU\u017everstas dienora\u0161tis\u201c \u2013 debiutinis jos romanas, i\u0161 karto sulauk\u0119s skaitytoj\u0173 pripa\u017einimo ir","robots":{"index":"index","follow":"follow","max-snippet":"max-snippet:-1","max-image-preview":"max-image-preview:large","max-video-preview":"max-video-preview:-1"},"canonical":"https:\/\/skaitytaknyga.lt\/en\/produktas\/uzverstas-dienorastis\/","og_locale":"en_GB","og_type":"article","og_title":"[:lt]U\u017everstas dienora\u0161tis[:] - Skaitytaknyga","og_description":"Jette A. Kaarsb\u00f8l (g. 1961 m. Hileriode) \u2013 dan\u0173 ra\u0161ytoja. \u201eU\u017everstas dienora\u0161tis\u201c \u2013 debiutinis jos romanas, i\u0161 karto sulauk\u0119s skaitytoj\u0173 pripa\u017einimo ir","og_url":"https:\/\/skaitytaknyga.lt\/en\/produktas\/uzverstas-dienorastis\/","og_site_name":"Skaitytaknyga","article_publisher":"https:\/\/www.facebook.com\/skaitytaknyga\/","article_modified_time":"2026-04-27T08:59:15+00:00","og_image":[{"width":525,"height":801,"url":"https:\/\/skaitytaknyga.lt\/wp-content\/uploads\/2026\/04\/Uzverstas-dienorastis.webp","type":"image\/webp"}],"twitter_card":"summary_large_image","twitter_misc":{"Estimated reading time":"1 minute"},"schema":{"@context":"https:\/\/schema.org","@graph":[{"@type":"WebPage","@id":"https:\/\/skaitytaknyga.lt\/produktas\/uzverstas-dienorastis\/","url":"https:\/\/skaitytaknyga.lt\/produktas\/uzverstas-dienorastis\/","name":"U\u017everstas dienora\u0161tis","isPartOf":{"@id":"https:\/\/skaitytaknyga.lt\/#website"},"primaryImageOfPage":{"@id":"https:\/\/skaitytaknyga.lt\/produktas\/uzverstas-dienorastis\/#primaryimage"},"image":{"@id":"https:\/\/skaitytaknyga.lt\/produktas\/uzverstas-dienorastis\/#primaryimage"},"thumbnailUrl":"https:\/\/skaitytaknyga.lt\/wp-content\/uploads\/2026\/04\/Uzverstas-dienorastis.webp","datePublished":"2026-04-27T07:22:35+00:00","dateModified":"2026-04-27T08:59:15+00:00","description":"Jette A. Kaarsb\u00f8l (g. 1961 m. Hileriode) \u2013 dan\u0173 ra\u0161ytoja. \u201eU\u017everstas dienora\u0161tis\u201c \u2013 debiutinis jos romanas, i\u0161 karto sulauk\u0119s skaitytoj\u0173 pripa\u017einimo ir","breadcrumb":{"@id":"https:\/\/skaitytaknyga.lt\/produktas\/uzverstas-dienorastis\/#breadcrumb"},"inLanguage":"en-GB","potentialAction":[{"@type":"ReadAction","target":["https:\/\/skaitytaknyga.lt\/produktas\/uzverstas-dienorastis\/"]}]},{"@type":"ImageObject","inLanguage":"en-GB","@id":"https:\/\/skaitytaknyga.lt\/produktas\/uzverstas-dienorastis\/#primaryimage","url":"https:\/\/skaitytaknyga.lt\/wp-content\/uploads\/2026\/04\/Uzverstas-dienorastis.webp","contentUrl":"https:\/\/skaitytaknyga.lt\/wp-content\/uploads\/2026\/04\/Uzverstas-dienorastis.webp","width":525,"height":801,"caption":"U\u017everstas dienora\u0161tis"},{"@type":"BreadcrumbList","@id":"https:\/\/skaitytaknyga.lt\/produktas\/uzverstas-dienorastis\/#breadcrumb","itemListElement":[{"@type":"ListItem","position":1,"name":"Home","item":"https:\/\/skaitytaknyga.lt\/"},{"@type":"ListItem","position":2,"name":"Parduotuv\u0117","item":"https:\/\/skaitytaknyga.lt\/knygu-parduotuve\/"},{"@type":"ListItem","position":3,"name":"U\u017everstas dienora\u0161tis"}]},{"@type":"WebSite","@id":"https:\/\/skaitytaknyga.lt\/#website","url":"https:\/\/skaitytaknyga.lt\/","name":"skaitytaknyga.lt","description":"Skaitytaknyga.lt \u2013 tai ma\u017eas \u0161eimos verslas, kuris prasid\u0117jo nuo meil\u0117s knygoms ir siekio i\u0161gelb\u0117ti knygas nuo likimo prie konteinerio. Kas vienam nereikalingas daiktas \u2013 kitam lobis, o mes esame tarpininkai, kurie padeda abiems tapti laimingesniems ???? \u017dinome kaip nelengva i\u0161gyventi ma\u017eiems verslams, tad nuo \u0161iol, \u010dia rasite ir kit\u0173, ma\u017e\u0173 \u0161eim\u0173 versl\u0173, rank\u0173 darbo, dovan\u0173 sau ir artimiesiems.","publisher":{"@id":"https:\/\/skaitytaknyga.lt\/#organization"},"potentialAction":[{"@type":"SearchAction","target":{"@type":"EntryPoint","urlTemplate":"https:\/\/skaitytaknyga.lt\/?s={search_term_string}"},"query-input":{"@type":"PropertyValueSpecification","valueRequired":true,"valueName":"search_term_string"}}],"inLanguage":"en-GB"},{"@type":"Organization","@id":"https:\/\/skaitytaknyga.lt\/#organization","name":"skaitytaknyga.lt","url":"https:\/\/skaitytaknyga.lt\/","logo":{"@type":"ImageObject","inLanguage":"en-GB","@id":"https:\/\/skaitytaknyga.lt\/#\/schema\/logo\/image\/","url":"https:\/\/skaitytaknyga.lt\/wp-content\/uploads\/2024\/05\/cropped-cropped-cropped-02_00843_jt3bggkj1j3HLc7SyY6rEUpg.jpeg","contentUrl":"https:\/\/skaitytaknyga.lt\/wp-content\/uploads\/2024\/05\/cropped-cropped-cropped-02_00843_jt3bggkj1j3HLc7SyY6rEUpg.jpeg","width":1600,"height":1600,"caption":"skaitytaknyga.lt"},"image":{"@id":"https:\/\/skaitytaknyga.lt\/#\/schema\/logo\/image\/"},"sameAs":["https:\/\/www.facebook.com\/skaitytaknyga\/"]}]}},"_links":{"self":[{"href":"https:\/\/skaitytaknyga.lt\/en\/wp-json\/wp\/v2\/product\/26391","targetHints":{"allow":["GET"]}}],"collection":[{"href":"https:\/\/skaitytaknyga.lt\/en\/wp-json\/wp\/v2\/product"}],"about":[{"href":"https:\/\/skaitytaknyga.lt\/en\/wp-json\/wp\/v2\/types\/product"}],"replies":[{"embeddable":true,"href":"https:\/\/skaitytaknyga.lt\/en\/wp-json\/wp\/v2\/comments?post=26391"}],"wp:featuredmedia":[{"embeddable":true,"href":"https:\/\/skaitytaknyga.lt\/en\/wp-json\/wp\/v2\/media\/26398"}],"wp:attachment":[{"href":"https:\/\/skaitytaknyga.lt\/en\/wp-json\/wp\/v2\/media?parent=26391"}],"wp:term":[{"taxonomy":"product_brand","embeddable":true,"href":"https:\/\/skaitytaknyga.lt\/en\/wp-json\/wp\/v2\/product_brand?post=26391"},{"taxonomy":"product_cat","embeddable":true,"href":"https:\/\/skaitytaknyga.lt\/en\/wp-json\/wp\/v2\/product_cat?post=26391"},{"taxonomy":"product_tag","embeddable":true,"href":"https:\/\/skaitytaknyga.lt\/en\/wp-json\/wp\/v2\/product_tag?post=26391"}],"curies":[{"name":"wp","href":"https:\/\/api.w.org\/{rel}","templated":true}]}}