{"id":26390,"date":"2026-04-27T10:22:35","date_gmt":"2026-04-27T07:22:35","guid":{"rendered":"https:\/\/skaitytaknyga.lt\/?post_type=product&#038;p=26390"},"modified":"2026-04-27T11:59:15","modified_gmt":"2026-04-27T08:59:15","slug":"daisy-jones-the-six-viena-istorija-apie-meile-ir-muzika","status":"publish","type":"product","link":"https:\/\/skaitytaknyga.lt\/en\/produktas\/daisy-jones-the-six-viena-istorija-apie-meile-ir-muzika\/","title":{"rendered":"Daisy Jones &#038; The Six: viena istorija apie meil\u0119 ir muzik\u0105"},"content":{"rendered":"<p>Kod\u0117l i\u0161siskyr\u0117 \u201eDaisy Jones &#038; The Six&#8221;, niekas taip ir nesu\u017einojo. Iki \u0161iol&#8230;<\/p>\n<p>Deiz\u0117 D\u017eouns \u2013 negin\u010dijamai ry\u0161kiausia ir gra\u017eiausia a\u0161tuntojo de\u0161imtme\u010dio vakar\u0117li\u0173 mergina Los And\u017eele, kuriai pabodo sl\u0117pti savo muzikin\u012f talent\u0105 garsi\u0173 vyr\u0173 \u0161e\u0161\u0117lyje. Bilis Danas \u2013 m\u012fslingas ir vis\u0173 mergin\u0173 geid\u017eiamas grup\u0117s \u201eThe Six&#8221; vokalistas. Drauge jie 1979 metais i\u0161leid\u017eia geriausi\u0105 album\u0105; jo muzikin\u0117 kokyb\u0117 ir emocinis svoris tokie akivaizd\u016bs, kad net pati grup\u0117 \u201eDaisy Jones &#038; The Six&#8221; nedvejoja sulauksianti did\u017eiul\u0117s s\u0117km\u0117s. Deja, j\u0173 \u017evaig\u017ed\u0117 \u0161viet\u0117 ry\u0161kiai, bet labai trumpai. Kas past\u016bm\u0117jo grup\u0119 savo noru atsisakyti \u0161lov\u0117s, vos prie jos prisilietus? Pirm\u0105 kart\u0105 grup\u0117s nariai pasakoja apie svaiginan\u010dio a\u0161tuntojo de\u0161imtme\u010dio fone i\u0161siskleidus\u012f ne\u012ftik\u0117tin\u0105 k\u016brybin\u012f duet\u0105, grup\u0117s i\u0161siskyrimo prie\u017eastis ir, ai\u0161ku, apie visk\u0105, kas eina i\u0161vien su rokenrolu \u2013 svaigalus, vakar\u0117lius ir seks\u0105. Tiesa, pasakotoj\u0173 versijos ne visada sutampa, bet d\u0117l vieno dalyko sutinka visi: n\u0117 viena daina negimsta vien tik i\u0161 nat\u0173 ir \u017eod\u017ei\u0173.<\/p>\n<p>Prarijau \u201eDaisy Jones &#038; The Six&#8221; per dien\u0105 ir d\u0117l \u0161ios knygos pame\u010diau galv\u0105. Taylor Jenkins Reid nuk\u0117l\u0117 mane \u012f magi\u0161k\u0105j\u012f a\u0161tuntojo de\u0161imtme\u010dio muzikos pasaul\u012f ir padovanojo neu\u017emir\u0161tam\u0105 patirt\u012f. Knygos veik\u0117jai daugiasluoksniai ir sud\u0117tingi. Deiz\u0117 ir jos grup\u0117 mane paverg\u0117. \u017dinau, kad pavergs ir jus.<\/p>\n<p>Reese Witherspoon<\/p>\n<p>\u201eDaisy Jones &#038; The Six&#8221; su\u017eav\u0117jo ne tik Reese Witherspoon knyg\u0173 klub\u0105 ir medijos prodiuserius, kurie \u017eada pagal knyg\u0105 sukurt\u0105 TV serial\u0105, bet ir milijonus skaitytoj\u0173 visame pasaulyje \u2013 Goodreads bendruomen\u0117 paskelb\u0117 \u0161i\u0105 knyg\u0105 geriausia 2019 met\u0173 istorin\u0117s gro\u017ein\u0117s literat\u016bros knyga. \u201eDaisy Jones &#038; The Six&#8221; tapo JAV nacionaliniu bestseleriu ir The New York Times bestseleriu, j\u0105 rekomenduoja madingieji Vogue ir Elle bei melomanams skirtas Rolling Stone.<\/p>\n","protected":false},"excerpt":{"rendered":"<p>Kod\u0117l i\u0161siskyr\u0117 \u201eDaisy Jones &#038; The Six&#8221;, niekas taip ir nesu\u017einojo. Iki \u0161iol&#8230; Deiz\u0117 D\u017eouns \u2013 negin\u010dijamai ry\u0161kiausia ir gra\u017eiausia a\u0161tuntojo de\u0161imtme\u010dio vakar\u0117li\u0173 mergina Los And\u017eele, kuriai pabodo sl\u0117pti savo muzikin\u012f talent\u0105 garsi\u0173 vyr\u0173 \u0161e\u0161\u0117lyje. Bilis Danas \u2013 m\u012fslingas ir vis\u0173 mergin\u0173 geid\u017eiamas grup\u0117s \u201eThe Six&#8221; vokalistas. Drauge jie 1979 metais i\u0161leid\u017eia geriausi\u0105 album\u0105; jo muzikin\u0117 kokyb\u0117 ir emocinis svoris tokie akivaizd\u016bs, kad net pati grup\u0117 \u201eDaisy Jones &#038; The Six&#8221; nedvejoja sulauksianti did\u017eiul\u0117s s\u0117km\u0117s. Deja, j\u0173 \u017evaig\u017ed\u0117 \u0161viet\u0117 ry\u0161kiai, bet labai trumpai. Kas past\u016bm\u0117jo grup\u0119 savo noru atsisakyti \u0161lov\u0117s, vos prie jos prisilietus? Pirm\u0105 kart\u0105 grup\u0117s nariai pasakoja apie svaiginan\u010dio a\u0161tuntojo de\u0161imtme\u010dio fone i\u0161siskleidus\u012f ne\u012ftik\u0117tin\u0105 k\u016brybin\u012f duet\u0105, grup\u0117s i\u0161siskyrimo prie\u017eastis ir, ai\u0161ku, apie visk\u0105, kas eina i\u0161vien su rokenrolu \u2013 svaigalus, vakar\u0117lius ir seks\u0105. Tiesa, pasakotoj\u0173 versijos ne visada sutampa, bet d\u0117l vieno dalyko sutinka visi: n\u0117 viena daina negimsta vien tik i\u0161 nat\u0173 ir \u017eod\u017ei\u0173. Prarijau \u201eDaisy Jones &#038; The Six&#8221; per dien\u0105 ir d\u0117l \u0161ios knygos pame\u010diau galv\u0105. Taylor Jenkins Reid nuk\u0117l\u0117 mane \u012f magi\u0161k\u0105j\u012f a\u0161tuntojo de\u0161imtme\u010dio muzikos pasaul\u012f ir padovanojo neu\u017emir\u0161tam\u0105 patirt\u012f. Knygos veik\u0117jai daugiasluoksniai ir sud\u0117tingi. Deiz\u0117 ir jos grup\u0117 mane paverg\u0117. \u017dinau, kad pavergs ir jus. Reese Witherspoon \u201eDaisy Jones &#038; The Six&#8221; su\u017eav\u0117jo ne tik Reese Witherspoon knyg\u0173 klub\u0105 ir medijos prodiuserius, kurie \u017eada pagal knyg\u0105 sukurt\u0105 TV serial\u0105, bet ir milijonus skaitytoj\u0173 visame pasaulyje \u2013 Goodreads bendruomen\u0117 paskelb\u0117 \u0161i\u0105 knyg\u0105 geriausia 2019 met\u0173 istorin\u0117s gro\u017ein\u0117s literat\u016bros knyga. \u201eDaisy Jones &#038; The Six&#8221; tapo JAV nacionaliniu bestseleriu ir The New York Times bestseleriu, j\u0105 rekomenduoja madingieji Vogue ir Elle bei melomanams skirtas Rolling Stone.<\/p>\n","protected":false},"featured_media":26397,"comment_status":"open","ping_status":"closed","template":"","meta":{"_acf_changed":false,"site-sidebar-layout":"default","site-content-layout":"","ast-site-content-layout":"default","site-content-style":"default","site-sidebar-style":"default","ast-global-header-display":"","ast-banner-title-visibility":"","ast-main-header-display":"","ast-hfb-above-header-display":"","ast-hfb-below-header-display":"","ast-hfb-mobile-header-display":"","site-post-title":"","ast-breadcrumbs-content":"","ast-featured-img":"","footer-sml-layout":"","ast-disable-related-posts":"","theme-transparent-header-meta":"","adv-header-id-meta":"","stick-header-meta":"","header-above-stick-meta":"","header-main-stick-meta":"","header-below-stick-meta":"","astra-migrate-meta-layouts":"default","ast-page-background-enabled":"default","ast-page-background-meta":{"desktop":{"background-color":"","background-image":"","background-repeat":"repeat","background-position":"center center","background-size":"auto","background-attachment":"scroll","background-type":"","background-media":"","overlay-type":"","overlay-color":"","overlay-opacity":"","overlay-gradient":""},"tablet":{"background-color":"","background-image":"","background-repeat":"repeat","background-position":"center center","background-size":"auto","background-attachment":"scroll","background-type":"","background-media":"","overlay-type":"","overlay-color":"","overlay-opacity":"","overlay-gradient":""},"mobile":{"background-color":"","background-image":"","background-repeat":"repeat","background-position":"center center","background-size":"auto","background-attachment":"scroll","background-type":"","background-media":"","overlay-type":"","overlay-color":"","overlay-opacity":"","overlay-gradient":""}},"ast-content-background-meta":{"desktop":{"background-color":"var(--ast-global-color-4)","background-image":"","background-repeat":"repeat","background-position":"center center","background-size":"auto","background-attachment":"scroll","background-type":"","background-media":"","overlay-type":"","overlay-color":"","overlay-opacity":"","overlay-gradient":""},"tablet":{"background-color":"var(--ast-global-color-4)","background-image":"","background-repeat":"repeat","background-position":"center center","background-size":"auto","background-attachment":"scroll","background-type":"","background-media":"","overlay-type":"","overlay-color":"","overlay-opacity":"","overlay-gradient":""},"mobile":{"background-color":"var(--ast-global-color-4)","background-image":"","background-repeat":"repeat","background-position":"center center","background-size":"auto","background-attachment":"scroll","background-type":"","background-media":"","overlay-type":"","overlay-color":"","overlay-opacity":"","overlay-gradient":""}}},"product_brand":[],"product_cat":[9734],"product_tag":[],"class_list":{"0":"post-26390","1":"product","2":"type-product","3":"status-publish","4":"has-post-thumbnail","6":"product_cat-romanai","7":"desktop-align-left","8":"tablet-align-left","9":"mobile-align-left","11":"first","12":"instock","13":"shipping-taxable","14":"purchasable","15":"product-type-simple"},"acf":[],"yoast_head":"<!-- This site is optimized with the Yoast SEO plugin v27.4 - https:\/\/yoast.com\/product\/yoast-seo-wordpress\/ -->\n<title>Daisy Jones &amp; The Six: viena istorija apie meil\u0119 ir muzik\u0105<\/title>\n<meta name=\"description\" content=\"Kod\u0117l i\u0161siskyr\u0117 \u201eDaisy Jones &amp; The Six&quot;, niekas taip ir nesu\u017einojo. Iki \u0161iol... Deiz\u0117 D\u017eouns \u2013 negin\u010dijamai ry\u0161kiausia ir gra\u017eiausia a\u0161tuntojo de\u0161imtme\u010dio\" \/>\n<meta name=\"robots\" content=\"index, follow, max-snippet:-1, max-image-preview:large, max-video-preview:-1\" \/>\n<link rel=\"canonical\" href=\"https:\/\/skaitytaknyga.lt\/en\/produktas\/daisy-jones-the-six-viena-istorija-apie-meile-ir-muzika\/\" \/>\n<meta property=\"og:locale\" content=\"en_GB\" \/>\n<meta property=\"og:locale:alternate\" content=\"lt_LT\" \/>\n<meta property=\"og:type\" content=\"article\" \/>\n<meta property=\"og:title\" content=\"Daisy Jones &amp; The Six: viena istorija apie meil\u0119 ir muzik\u0105\" \/>\n<meta property=\"og:description\" content=\"Kod\u0117l i\u0161siskyr\u0117 \u201eDaisy Jones &amp; The Six&quot;, niekas taip ir nesu\u017einojo. Iki \u0161iol... Deiz\u0117 D\u017eouns \u2013 negin\u010dijamai ry\u0161kiausia ir gra\u017eiausia a\u0161tuntojo de\u0161imtme\u010dio\" \/>\n<meta property=\"og:url\" content=\"https:\/\/skaitytaknyga.lt\/en\/produktas\/daisy-jones-the-six-viena-istorija-apie-meile-ir-muzika\/\" \/>\n<meta property=\"og:site_name\" content=\"Skaitytaknyga\" \/>\n<meta property=\"article:publisher\" content=\"https:\/\/www.facebook.com\/skaitytaknyga\/\" \/>\n<meta property=\"article:modified_time\" content=\"2026-04-27T08:59:15+00:00\" \/>\n<meta property=\"og:image\" content=\"https:\/\/skaitytaknyga.lt\/wp-content\/uploads\/2026\/04\/Daisy-Jones-The-Six-viena-istorija-apie-meile-ir-muzika.webp\" \/>\n\t<meta property=\"og:image:width\" content=\"366\" \/>\n\t<meta property=\"og:image:height\" content=\"600\" \/>\n\t<meta property=\"og:image:type\" content=\"image\/webp\" \/>\n<meta name=\"twitter:card\" content=\"summary_large_image\" \/>\n<meta name=\"twitter:label1\" content=\"Estimated reading time\" \/>\n\t<meta name=\"twitter:data1\" content=\"2 minutes\" \/>\n<script type=\"application\/ld+json\" class=\"yoast-schema-graph\">{\"@context\":\"https:\\\/\\\/schema.org\",\"@graph\":[{\"@type\":\"WebPage\",\"@id\":\"https:\\\/\\\/skaitytaknyga.lt\\\/produktas\\\/daisy-jones-the-six-viena-istorija-apie-meile-ir-muzika\\\/\",\"url\":\"https:\\\/\\\/skaitytaknyga.lt\\\/produktas\\\/daisy-jones-the-six-viena-istorija-apie-meile-ir-muzika\\\/\",\"name\":\"Daisy Jones & The Six: viena istorija apie meil\u0119 ir muzik\u0105\",\"isPartOf\":{\"@id\":\"https:\\\/\\\/skaitytaknyga.lt\\\/#website\"},\"primaryImageOfPage\":{\"@id\":\"https:\\\/\\\/skaitytaknyga.lt\\\/produktas\\\/daisy-jones-the-six-viena-istorija-apie-meile-ir-muzika\\\/#primaryimage\"},\"image\":{\"@id\":\"https:\\\/\\\/skaitytaknyga.lt\\\/produktas\\\/daisy-jones-the-six-viena-istorija-apie-meile-ir-muzika\\\/#primaryimage\"},\"thumbnailUrl\":\"https:\\\/\\\/skaitytaknyga.lt\\\/wp-content\\\/uploads\\\/2026\\\/04\\\/Daisy-Jones-The-Six-viena-istorija-apie-meile-ir-muzika.webp\",\"datePublished\":\"2026-04-27T07:22:35+00:00\",\"dateModified\":\"2026-04-27T08:59:15+00:00\",\"description\":\"Kod\u0117l i\u0161siskyr\u0117 \u201eDaisy Jones & The Six\\\", niekas taip ir nesu\u017einojo. Iki \u0161iol... Deiz\u0117 D\u017eouns \u2013 negin\u010dijamai ry\u0161kiausia ir gra\u017eiausia a\u0161tuntojo de\u0161imtme\u010dio\",\"breadcrumb\":{\"@id\":\"https:\\\/\\\/skaitytaknyga.lt\\\/produktas\\\/daisy-jones-the-six-viena-istorija-apie-meile-ir-muzika\\\/#breadcrumb\"},\"inLanguage\":\"en-GB\",\"potentialAction\":[{\"@type\":\"ReadAction\",\"target\":[\"https:\\\/\\\/skaitytaknyga.lt\\\/produktas\\\/daisy-jones-the-six-viena-istorija-apie-meile-ir-muzika\\\/\"]}]},{\"@type\":\"ImageObject\",\"inLanguage\":\"en-GB\",\"@id\":\"https:\\\/\\\/skaitytaknyga.lt\\\/produktas\\\/daisy-jones-the-six-viena-istorija-apie-meile-ir-muzika\\\/#primaryimage\",\"url\":\"https:\\\/\\\/skaitytaknyga.lt\\\/wp-content\\\/uploads\\\/2026\\\/04\\\/Daisy-Jones-The-Six-viena-istorija-apie-meile-ir-muzika.webp\",\"contentUrl\":\"https:\\\/\\\/skaitytaknyga.lt\\\/wp-content\\\/uploads\\\/2026\\\/04\\\/Daisy-Jones-The-Six-viena-istorija-apie-meile-ir-muzika.webp\",\"width\":366,\"height\":600,\"caption\":\"Daisy Jones & The Six viena istorija apie meil\u0119 ir muzik\u0105\"},{\"@type\":\"BreadcrumbList\",\"@id\":\"https:\\\/\\\/skaitytaknyga.lt\\\/produktas\\\/daisy-jones-the-six-viena-istorija-apie-meile-ir-muzika\\\/#breadcrumb\",\"itemListElement\":[{\"@type\":\"ListItem\",\"position\":1,\"name\":\"Home\",\"item\":\"https:\\\/\\\/skaitytaknyga.lt\\\/\"},{\"@type\":\"ListItem\",\"position\":2,\"name\":\"Parduotuv\u0117\",\"item\":\"https:\\\/\\\/skaitytaknyga.lt\\\/knygu-parduotuve\\\/\"},{\"@type\":\"ListItem\",\"position\":3,\"name\":\"Daisy Jones &#038; The Six: viena istorija apie meil\u0119 ir muzik\u0105\"}]},{\"@type\":\"WebSite\",\"@id\":\"https:\\\/\\\/skaitytaknyga.lt\\\/#website\",\"url\":\"https:\\\/\\\/skaitytaknyga.lt\\\/\",\"name\":\"skaitytaknyga.lt\",\"description\":\"Skaitytaknyga.lt \u2013 tai ma\u017eas \u0161eimos verslas, kuris prasid\u0117jo nuo meil\u0117s knygoms ir siekio i\u0161gelb\u0117ti knygas nuo likimo prie konteinerio. Kas vienam nereikalingas daiktas \u2013 kitam lobis, o mes esame tarpininkai, kurie padeda abiems tapti laimingesniems ???? \u017dinome kaip nelengva i\u0161gyventi ma\u017eiems verslams, tad nuo \u0161iol, \u010dia rasite ir kit\u0173, ma\u017e\u0173 \u0161eim\u0173 versl\u0173, rank\u0173 darbo, dovan\u0173 sau ir artimiesiems.\",\"publisher\":{\"@id\":\"https:\\\/\\\/skaitytaknyga.lt\\\/#organization\"},\"potentialAction\":[{\"@type\":\"SearchAction\",\"target\":{\"@type\":\"EntryPoint\",\"urlTemplate\":\"https:\\\/\\\/skaitytaknyga.lt\\\/?s={search_term_string}\"},\"query-input\":{\"@type\":\"PropertyValueSpecification\",\"valueRequired\":true,\"valueName\":\"search_term_string\"}}],\"inLanguage\":\"en-GB\"},{\"@type\":\"Organization\",\"@id\":\"https:\\\/\\\/skaitytaknyga.lt\\\/#organization\",\"name\":\"skaitytaknyga.lt\",\"url\":\"https:\\\/\\\/skaitytaknyga.lt\\\/\",\"logo\":{\"@type\":\"ImageObject\",\"inLanguage\":\"en-GB\",\"@id\":\"https:\\\/\\\/skaitytaknyga.lt\\\/#\\\/schema\\\/logo\\\/image\\\/\",\"url\":\"https:\\\/\\\/skaitytaknyga.lt\\\/wp-content\\\/uploads\\\/2024\\\/05\\\/cropped-cropped-cropped-02_00843_jt3bggkj1j3HLc7SyY6rEUpg.jpeg\",\"contentUrl\":\"https:\\\/\\\/skaitytaknyga.lt\\\/wp-content\\\/uploads\\\/2024\\\/05\\\/cropped-cropped-cropped-02_00843_jt3bggkj1j3HLc7SyY6rEUpg.jpeg\",\"width\":1600,\"height\":1600,\"caption\":\"skaitytaknyga.lt\"},\"image\":{\"@id\":\"https:\\\/\\\/skaitytaknyga.lt\\\/#\\\/schema\\\/logo\\\/image\\\/\"},\"sameAs\":[\"https:\\\/\\\/www.facebook.com\\\/skaitytaknyga\\\/\"]}]}<\/script>\n<!-- \/ Yoast SEO plugin. -->","yoast_head_json":{"title":"Daisy Jones & The Six: viena istorija apie meil\u0119 ir muzik\u0105","description":"Kod\u0117l i\u0161siskyr\u0117 \u201eDaisy Jones & The Six\", niekas taip ir nesu\u017einojo. Iki \u0161iol... Deiz\u0117 D\u017eouns \u2013 negin\u010dijamai ry\u0161kiausia ir gra\u017eiausia a\u0161tuntojo de\u0161imtme\u010dio","robots":{"index":"index","follow":"follow","max-snippet":"max-snippet:-1","max-image-preview":"max-image-preview:large","max-video-preview":"max-video-preview:-1"},"canonical":"https:\/\/skaitytaknyga.lt\/en\/produktas\/daisy-jones-the-six-viena-istorija-apie-meile-ir-muzika\/","og_locale":"en_GB","og_type":"article","og_title":"[:lt]Daisy Jones & The Six: viena istorija apie meil\u0119 ir muzik\u0105[:] - Skaitytaknyga","og_description":"Kod\u0117l i\u0161siskyr\u0117 \u201eDaisy Jones & The Six\", niekas taip ir nesu\u017einojo. Iki \u0161iol... Deiz\u0117 D\u017eouns \u2013 negin\u010dijamai ry\u0161kiausia ir gra\u017eiausia a\u0161tuntojo de\u0161imtme\u010dio","og_url":"https:\/\/skaitytaknyga.lt\/en\/produktas\/daisy-jones-the-six-viena-istorija-apie-meile-ir-muzika\/","og_site_name":"Skaitytaknyga","article_publisher":"https:\/\/www.facebook.com\/skaitytaknyga\/","article_modified_time":"2026-04-27T08:59:15+00:00","og_image":[{"width":366,"height":600,"url":"https:\/\/skaitytaknyga.lt\/wp-content\/uploads\/2026\/04\/Daisy-Jones-The-Six-viena-istorija-apie-meile-ir-muzika.webp","type":"image\/webp"}],"twitter_card":"summary_large_image","twitter_misc":{"Estimated reading time":"2 minutes"},"schema":{"@context":"https:\/\/schema.org","@graph":[{"@type":"WebPage","@id":"https:\/\/skaitytaknyga.lt\/produktas\/daisy-jones-the-six-viena-istorija-apie-meile-ir-muzika\/","url":"https:\/\/skaitytaknyga.lt\/produktas\/daisy-jones-the-six-viena-istorija-apie-meile-ir-muzika\/","name":"Daisy Jones & The Six: viena istorija apie meil\u0119 ir muzik\u0105","isPartOf":{"@id":"https:\/\/skaitytaknyga.lt\/#website"},"primaryImageOfPage":{"@id":"https:\/\/skaitytaknyga.lt\/produktas\/daisy-jones-the-six-viena-istorija-apie-meile-ir-muzika\/#primaryimage"},"image":{"@id":"https:\/\/skaitytaknyga.lt\/produktas\/daisy-jones-the-six-viena-istorija-apie-meile-ir-muzika\/#primaryimage"},"thumbnailUrl":"https:\/\/skaitytaknyga.lt\/wp-content\/uploads\/2026\/04\/Daisy-Jones-The-Six-viena-istorija-apie-meile-ir-muzika.webp","datePublished":"2026-04-27T07:22:35+00:00","dateModified":"2026-04-27T08:59:15+00:00","description":"Kod\u0117l i\u0161siskyr\u0117 \u201eDaisy Jones & The Six\", niekas taip ir nesu\u017einojo. Iki \u0161iol... Deiz\u0117 D\u017eouns \u2013 negin\u010dijamai ry\u0161kiausia ir gra\u017eiausia a\u0161tuntojo de\u0161imtme\u010dio","breadcrumb":{"@id":"https:\/\/skaitytaknyga.lt\/produktas\/daisy-jones-the-six-viena-istorija-apie-meile-ir-muzika\/#breadcrumb"},"inLanguage":"en-GB","potentialAction":[{"@type":"ReadAction","target":["https:\/\/skaitytaknyga.lt\/produktas\/daisy-jones-the-six-viena-istorija-apie-meile-ir-muzika\/"]}]},{"@type":"ImageObject","inLanguage":"en-GB","@id":"https:\/\/skaitytaknyga.lt\/produktas\/daisy-jones-the-six-viena-istorija-apie-meile-ir-muzika\/#primaryimage","url":"https:\/\/skaitytaknyga.lt\/wp-content\/uploads\/2026\/04\/Daisy-Jones-The-Six-viena-istorija-apie-meile-ir-muzika.webp","contentUrl":"https:\/\/skaitytaknyga.lt\/wp-content\/uploads\/2026\/04\/Daisy-Jones-The-Six-viena-istorija-apie-meile-ir-muzika.webp","width":366,"height":600,"caption":"Daisy Jones & The Six viena istorija apie meil\u0119 ir muzik\u0105"},{"@type":"BreadcrumbList","@id":"https:\/\/skaitytaknyga.lt\/produktas\/daisy-jones-the-six-viena-istorija-apie-meile-ir-muzika\/#breadcrumb","itemListElement":[{"@type":"ListItem","position":1,"name":"Home","item":"https:\/\/skaitytaknyga.lt\/"},{"@type":"ListItem","position":2,"name":"Parduotuv\u0117","item":"https:\/\/skaitytaknyga.lt\/knygu-parduotuve\/"},{"@type":"ListItem","position":3,"name":"Daisy Jones &#038; The Six: viena istorija apie meil\u0119 ir muzik\u0105"}]},{"@type":"WebSite","@id":"https:\/\/skaitytaknyga.lt\/#website","url":"https:\/\/skaitytaknyga.lt\/","name":"skaitytaknyga.lt","description":"Skaitytaknyga.lt \u2013 tai ma\u017eas \u0161eimos verslas, kuris prasid\u0117jo nuo meil\u0117s knygoms ir siekio i\u0161gelb\u0117ti knygas nuo likimo prie konteinerio. Kas vienam nereikalingas daiktas \u2013 kitam lobis, o mes esame tarpininkai, kurie padeda abiems tapti laimingesniems ???? \u017dinome kaip nelengva i\u0161gyventi ma\u017eiems verslams, tad nuo \u0161iol, \u010dia rasite ir kit\u0173, ma\u017e\u0173 \u0161eim\u0173 versl\u0173, rank\u0173 darbo, dovan\u0173 sau ir artimiesiems.","publisher":{"@id":"https:\/\/skaitytaknyga.lt\/#organization"},"potentialAction":[{"@type":"SearchAction","target":{"@type":"EntryPoint","urlTemplate":"https:\/\/skaitytaknyga.lt\/?s={search_term_string}"},"query-input":{"@type":"PropertyValueSpecification","valueRequired":true,"valueName":"search_term_string"}}],"inLanguage":"en-GB"},{"@type":"Organization","@id":"https:\/\/skaitytaknyga.lt\/#organization","name":"skaitytaknyga.lt","url":"https:\/\/skaitytaknyga.lt\/","logo":{"@type":"ImageObject","inLanguage":"en-GB","@id":"https:\/\/skaitytaknyga.lt\/#\/schema\/logo\/image\/","url":"https:\/\/skaitytaknyga.lt\/wp-content\/uploads\/2024\/05\/cropped-cropped-cropped-02_00843_jt3bggkj1j3HLc7SyY6rEUpg.jpeg","contentUrl":"https:\/\/skaitytaknyga.lt\/wp-content\/uploads\/2024\/05\/cropped-cropped-cropped-02_00843_jt3bggkj1j3HLc7SyY6rEUpg.jpeg","width":1600,"height":1600,"caption":"skaitytaknyga.lt"},"image":{"@id":"https:\/\/skaitytaknyga.lt\/#\/schema\/logo\/image\/"},"sameAs":["https:\/\/www.facebook.com\/skaitytaknyga\/"]}]}},"_links":{"self":[{"href":"https:\/\/skaitytaknyga.lt\/en\/wp-json\/wp\/v2\/product\/26390","targetHints":{"allow":["GET"]}}],"collection":[{"href":"https:\/\/skaitytaknyga.lt\/en\/wp-json\/wp\/v2\/product"}],"about":[{"href":"https:\/\/skaitytaknyga.lt\/en\/wp-json\/wp\/v2\/types\/product"}],"replies":[{"embeddable":true,"href":"https:\/\/skaitytaknyga.lt\/en\/wp-json\/wp\/v2\/comments?post=26390"}],"wp:featuredmedia":[{"embeddable":true,"href":"https:\/\/skaitytaknyga.lt\/en\/wp-json\/wp\/v2\/media\/26397"}],"wp:attachment":[{"href":"https:\/\/skaitytaknyga.lt\/en\/wp-json\/wp\/v2\/media?parent=26390"}],"wp:term":[{"taxonomy":"product_brand","embeddable":true,"href":"https:\/\/skaitytaknyga.lt\/en\/wp-json\/wp\/v2\/product_brand?post=26390"},{"taxonomy":"product_cat","embeddable":true,"href":"https:\/\/skaitytaknyga.lt\/en\/wp-json\/wp\/v2\/product_cat?post=26390"},{"taxonomy":"product_tag","embeddable":true,"href":"https:\/\/skaitytaknyga.lt\/en\/wp-json\/wp\/v2\/product_tag?post=26390"}],"curies":[{"name":"wp","href":"https:\/\/api.w.org\/{rel}","templated":true}]}}