{"id":26389,"date":"2026-04-27T10:22:35","date_gmt":"2026-04-27T07:22:35","guid":{"rendered":"https:\/\/skaitytaknyga.lt\/?post_type=product&#038;p=26389"},"modified":"2026-04-27T11:59:01","modified_gmt":"2026-04-27T08:59:01","slug":"supernova","status":"publish","type":"product","link":"https:\/\/skaitytaknyga.lt\/en\/produktas\/supernova\/","title":{"rendered":"Supernova"},"content":{"rendered":"<p>\u201eNew York Times&#8221; bestselerio \u201eSeptyni Evelinos Hugo vyrai&#8221; autor\u0117s romanas<\/p>\n<p>\u201eJaudinantis ir galingas&#8230; Reid meistri\u0161kai u\u017ekabina \u0161irdies stygas ir nebepaleid\u017eia. Stulbinamas debiutinis romanas.&#8221; &#8211; Publishers Weekly<\/p>\n<p>Ar kada gird\u0117jai apie supernovas? Jos su\u017eimba ry\u0161kiau u\u017e kitus dangaus k\u016bnus ir greitai u\u017eg\u0119sta, i\u0161skirdamos ne\u012ftik\u0117tin\u0105 energijos pli\u016bpsn\u012f. Tikiu, kad ir judviem su Benu taip nutiko&#8230; Per t\u0105 trump\u0105 laiko tarpsn\u012f patyr\u0117te daugiau aistros nei kiti \u017emon\u0117s per vis\u0105 gyvenim\u0105.<\/p>\n<p>Els\u0117 Poter \u2013 paprasta, dvide\u0161imtmet\u012f perkopusi mergina \u2013 \u012ftraukiama \u012f ypating\u0105 istorij\u0105. Lieting\u0105 Nauj\u0173j\u0173 met\u0173 dien\u0105 Els\u0117 u\u017esisako pic\u0105. I\u0161siruo\u0161usi jos pasiimti n\u0117 nenumano, kad picerijoje k\u0105 nors sutiks, juo labiau \u2013 patraukl\u0173 ir \u017eav\u0173 Ben\u0105 Ros\u0105. Tarp dviej\u0173 nepa\u017e\u012fstam\u0173j\u0173 akimirksniu \u012fsi\u017eiebia kibirk\u0161\u010diuojanti trauka. N\u0117 dvide\u0161imt keturi\u0173 valand\u0173 nei\u0161tv\u0117r\u0119s Benas pakvie\u010dia Els\u0119 \u012f pasimatym\u0105. Per kelet\u0105 savai\u010di\u0173 abu \u012fsimyli iki aus\u0173, slapta susituokia.<\/p>\n<p>Vos po devyni\u0173 dien\u0173 dvira\u010diu va\u017eiuojant\u012f Ben\u0105 partrenkia sunkve\u017eimis. Namie jo laukusi Els\u0117 i\u0161girsta siren\u0173 kauksm\u0105, bet kol i\u0161b\u0117ga \u012f lauk\u0105, Benas i\u0161ve\u017eamas \u012f Skubiosios pagalbos skyri\u0173. Ligonin\u0117je ji susipa\u017e\u012fsta su Suzana \u2013 niekad nematyta anyta, n\u0117 nenutuokian\u010dia, kad Els\u0117 egzistuoja.<\/p>\n<p>Knygoje pasakojama u\u017eburianti Els\u0117s ir Beno meil\u0117s istorija ir primenama, kad yra ne vienas kelias \u012f laiming\u0105 pabaig\u0105.<\/p>\n<p>\u201eJuoksit\u0117s, verksite, skriete skriesite per \u0161iuos pa\u0161\u0117lusiai \u012fdomius puslapius.&#8221; \u2013 Redbook<\/p>\n<p>\u201eJausmingame, \u0161ird\u012f gniau\u017eian\u010diame romane Taylor Jenkins Reid tyrin\u0117ja trumput\u0117s meil\u0117s ir atsidavimo istorij\u0105, ver\u010dian\u010di\u0105 susim\u0105styti: k\u0105 gi rei\u0161kia b\u016bti kieno nors gyvenimo meile?&#8221; \u2013 Emma McLaughlin ir Nicola Kraus<\/p>\n<p>\u201eJaudinanti, nuostabi, vietomis skaudi istorija. Taylor Jenkins Reid knygoje netr\u016bksta s\u0105mojo ir tikr\u0173, ap\u010diuopiam\u0173 emocij\u0173. Skaitykite, m\u0117gaukit\u0117s, dalinkit\u0117s.&#8221; \u2013 Sarah Jio<\/p>\n<p>\u201eMiela, nuo\u0161irdi, stulbinanti istorija apie jaun\u0105 moter\u012f, i\u0161 vis\u0173 j\u0117g\u0173 besistengian\u010di\u0105 susitaikyti su vyro netektimi. Verkiau ir juokiausi kartu su veik\u0117jais, galiausiai pati juos \u012fsimyl\u0117jau.&#8221; \u2013 Sarah Pekkanen<\/p>\n","protected":false},"excerpt":{"rendered":"<p>\u201eNew York Times&#8221; bestselerio \u201eSeptyni Evelinos Hugo vyrai&#8221; autor\u0117s romanas \u201eJaudinantis ir galingas&#8230; Reid meistri\u0161kai u\u017ekabina \u0161irdies stygas ir nebepaleid\u017eia. Stulbinamas debiutinis romanas.&#8221; &#8211; Publishers Weekly Ar kada gird\u0117jai apie supernovas? Jos su\u017eimba ry\u0161kiau u\u017e kitus dangaus k\u016bnus ir greitai u\u017eg\u0119sta, i\u0161skirdamos ne\u012ftik\u0117tin\u0105 energijos pli\u016bpsn\u012f. Tikiu, kad ir judviem su Benu taip nutiko&#8230; Per t\u0105 trump\u0105 laiko tarpsn\u012f patyr\u0117te daugiau aistros nei kiti \u017emon\u0117s per vis\u0105 gyvenim\u0105. Els\u0117 Poter \u2013 paprasta, dvide\u0161imtmet\u012f perkopusi mergina \u2013 \u012ftraukiama \u012f ypating\u0105 istorij\u0105. Lieting\u0105 Nauj\u0173j\u0173 met\u0173 dien\u0105 Els\u0117 u\u017esisako pic\u0105. I\u0161siruo\u0161usi jos pasiimti n\u0117 nenumano, kad picerijoje k\u0105 nors sutiks, juo labiau \u2013 patraukl\u0173 ir \u017eav\u0173 Ben\u0105 Ros\u0105. Tarp dviej\u0173 nepa\u017e\u012fstam\u0173j\u0173 akimirksniu \u012fsi\u017eiebia kibirk\u0161\u010diuojanti trauka. N\u0117 dvide\u0161imt keturi\u0173 valand\u0173 nei\u0161tv\u0117r\u0119s Benas pakvie\u010dia Els\u0119 \u012f pasimatym\u0105. Per kelet\u0105 savai\u010di\u0173 abu \u012fsimyli iki aus\u0173, slapta susituokia. Vos po devyni\u0173 dien\u0173 dvira\u010diu va\u017eiuojant\u012f Ben\u0105 partrenkia sunkve\u017eimis. Namie jo laukusi Els\u0117 i\u0161girsta siren\u0173 kauksm\u0105, bet kol i\u0161b\u0117ga \u012f lauk\u0105, Benas i\u0161ve\u017eamas \u012f Skubiosios pagalbos skyri\u0173. Ligonin\u0117je ji susipa\u017e\u012fsta su Suzana \u2013 niekad nematyta anyta, n\u0117 nenutuokian\u010dia, kad Els\u0117 egzistuoja. Knygoje pasakojama u\u017eburianti Els\u0117s ir Beno meil\u0117s istorija ir primenama, kad yra ne vienas kelias \u012f laiming\u0105 pabaig\u0105. \u201eJuoksit\u0117s, verksite, skriete skriesite per \u0161iuos pa\u0161\u0117lusiai \u012fdomius puslapius.&#8221; \u2013 Redbook \u201eJausmingame, \u0161ird\u012f gniau\u017eian\u010diame romane Taylor Jenkins Reid tyrin\u0117ja trumput\u0117s meil\u0117s ir atsidavimo istorij\u0105, ver\u010dian\u010di\u0105 susim\u0105styti: k\u0105 gi rei\u0161kia b\u016bti kieno nors gyvenimo meile?&#8221; \u2013 Emma McLaughlin ir Nicola Kraus \u201eJaudinanti, nuostabi, vietomis skaudi istorija. Taylor Jenkins Reid knygoje netr\u016bksta s\u0105mojo ir tikr\u0173, ap\u010diuopiam\u0173 emocij\u0173. Skaitykite, m\u0117gaukit\u0117s, dalinkit\u0117s.&#8221; \u2013 Sarah Jio \u201eMiela, nuo\u0161irdi, stulbinanti istorija apie jaun\u0105 moter\u012f, i\u0161 vis\u0173 j\u0117g\u0173 besistengian\u010di\u0105 susitaikyti su vyro netektimi. Verkiau ir juokiausi kartu su veik\u0117jais, galiausiai pati juos \u012fsimyl\u0117jau.&#8221; \u2013 Sarah Pekkanen<\/p>\n","protected":false},"featured_media":26396,"comment_status":"open","ping_status":"closed","template":"","meta":{"_acf_changed":false,"site-sidebar-layout":"default","site-content-layout":"","ast-site-content-layout":"default","site-content-style":"default","site-sidebar-style":"default","ast-global-header-display":"","ast-banner-title-visibility":"","ast-main-header-display":"","ast-hfb-above-header-display":"","ast-hfb-below-header-display":"","ast-hfb-mobile-header-display":"","site-post-title":"","ast-breadcrumbs-content":"","ast-featured-img":"","footer-sml-layout":"","ast-disable-related-posts":"","theme-transparent-header-meta":"","adv-header-id-meta":"","stick-header-meta":"","header-above-stick-meta":"","header-main-stick-meta":"","header-below-stick-meta":"","astra-migrate-meta-layouts":"default","ast-page-background-enabled":"default","ast-page-background-meta":{"desktop":{"background-color":"","background-image":"","background-repeat":"repeat","background-position":"center center","background-size":"auto","background-attachment":"scroll","background-type":"","background-media":"","overlay-type":"","overlay-color":"","overlay-opacity":"","overlay-gradient":""},"tablet":{"background-color":"","background-image":"","background-repeat":"repeat","background-position":"center center","background-size":"auto","background-attachment":"scroll","background-type":"","background-media":"","overlay-type":"","overlay-color":"","overlay-opacity":"","overlay-gradient":""},"mobile":{"background-color":"","background-image":"","background-repeat":"repeat","background-position":"center center","background-size":"auto","background-attachment":"scroll","background-type":"","background-media":"","overlay-type":"","overlay-color":"","overlay-opacity":"","overlay-gradient":""}},"ast-content-background-meta":{"desktop":{"background-color":"var(--ast-global-color-4)","background-image":"","background-repeat":"repeat","background-position":"center center","background-size":"auto","background-attachment":"scroll","background-type":"","background-media":"","overlay-type":"","overlay-color":"","overlay-opacity":"","overlay-gradient":""},"tablet":{"background-color":"var(--ast-global-color-4)","background-image":"","background-repeat":"repeat","background-position":"center center","background-size":"auto","background-attachment":"scroll","background-type":"","background-media":"","overlay-type":"","overlay-color":"","overlay-opacity":"","overlay-gradient":""},"mobile":{"background-color":"var(--ast-global-color-4)","background-image":"","background-repeat":"repeat","background-position":"center center","background-size":"auto","background-attachment":"scroll","background-type":"","background-media":"","overlay-type":"","overlay-color":"","overlay-opacity":"","overlay-gradient":""}}},"product_brand":[],"product_cat":[9734],"product_tag":[],"class_list":{"0":"post-26389","1":"product","2":"type-product","3":"status-publish","4":"has-post-thumbnail","6":"product_cat-romanai","7":"desktop-align-left","8":"tablet-align-left","9":"mobile-align-left","11":"first","12":"instock","13":"shipping-taxable","14":"purchasable","15":"product-type-simple"},"acf":[],"yoast_head":"<!-- This site is optimized with the Yoast SEO plugin v27.4 - https:\/\/yoast.com\/product\/yoast-seo-wordpress\/ -->\n<title>Supernova<\/title>\n<meta name=\"description\" content=\"\u201eNew York Times&quot; bestselerio \u201eSeptyni Evelinos Hugo vyrai&quot; autor\u0117s romanas \u201eJaudinantis ir galingas... Reid meistri\u0161kai u\u017ekabina \u0161irdies stygas ir\" \/>\n<meta name=\"robots\" content=\"index, follow, max-snippet:-1, max-image-preview:large, max-video-preview:-1\" \/>\n<link rel=\"canonical\" href=\"https:\/\/skaitytaknyga.lt\/en\/produktas\/supernova\/\" \/>\n<meta property=\"og:locale\" content=\"en_GB\" \/>\n<meta property=\"og:locale:alternate\" content=\"lt_LT\" \/>\n<meta property=\"og:type\" content=\"article\" \/>\n<meta property=\"og:title\" content=\"Supernova\" \/>\n<meta property=\"og:description\" content=\"\u201eNew York Times&quot; bestselerio \u201eSeptyni Evelinos Hugo vyrai&quot; autor\u0117s romanas \u201eJaudinantis ir galingas... Reid meistri\u0161kai u\u017ekabina \u0161irdies stygas ir\" \/>\n<meta property=\"og:url\" content=\"https:\/\/skaitytaknyga.lt\/en\/produktas\/supernova\/\" \/>\n<meta property=\"og:site_name\" content=\"Skaitytaknyga\" \/>\n<meta property=\"article:publisher\" content=\"https:\/\/www.facebook.com\/skaitytaknyga\/\" \/>\n<meta property=\"article:modified_time\" content=\"2026-04-27T08:59:01+00:00\" \/>\n<meta property=\"og:image\" content=\"https:\/\/skaitytaknyga.lt\/wp-content\/uploads\/2026\/04\/Supernova-e1777279770260.webp\" \/>\n\t<meta property=\"og:image:width\" content=\"498\" \/>\n\t<meta property=\"og:image:height\" content=\"740\" \/>\n\t<meta property=\"og:image:type\" content=\"image\/webp\" \/>\n<meta name=\"twitter:card\" content=\"summary_large_image\" \/>\n<meta name=\"twitter:label1\" content=\"Estimated reading time\" \/>\n\t<meta name=\"twitter:data1\" content=\"2 minutes\" \/>\n<script type=\"application\/ld+json\" class=\"yoast-schema-graph\">{\"@context\":\"https:\\\/\\\/schema.org\",\"@graph\":[{\"@type\":\"WebPage\",\"@id\":\"https:\\\/\\\/skaitytaknyga.lt\\\/produktas\\\/supernova\\\/\",\"url\":\"https:\\\/\\\/skaitytaknyga.lt\\\/produktas\\\/supernova\\\/\",\"name\":\"Supernova\",\"isPartOf\":{\"@id\":\"https:\\\/\\\/skaitytaknyga.lt\\\/#website\"},\"primaryImageOfPage\":{\"@id\":\"https:\\\/\\\/skaitytaknyga.lt\\\/produktas\\\/supernova\\\/#primaryimage\"},\"image\":{\"@id\":\"https:\\\/\\\/skaitytaknyga.lt\\\/produktas\\\/supernova\\\/#primaryimage\"},\"thumbnailUrl\":\"https:\\\/\\\/skaitytaknyga.lt\\\/wp-content\\\/uploads\\\/2026\\\/04\\\/Supernova-e1777279770260.webp\",\"datePublished\":\"2026-04-27T07:22:35+00:00\",\"dateModified\":\"2026-04-27T08:59:01+00:00\",\"description\":\"\u201eNew York Times\\\" bestselerio \u201eSeptyni Evelinos Hugo vyrai\\\" autor\u0117s romanas \u201eJaudinantis ir galingas... Reid meistri\u0161kai u\u017ekabina \u0161irdies stygas ir\",\"breadcrumb\":{\"@id\":\"https:\\\/\\\/skaitytaknyga.lt\\\/produktas\\\/supernova\\\/#breadcrumb\"},\"inLanguage\":\"en-GB\",\"potentialAction\":[{\"@type\":\"ReadAction\",\"target\":[\"https:\\\/\\\/skaitytaknyga.lt\\\/produktas\\\/supernova\\\/\"]}]},{\"@type\":\"ImageObject\",\"inLanguage\":\"en-GB\",\"@id\":\"https:\\\/\\\/skaitytaknyga.lt\\\/produktas\\\/supernova\\\/#primaryimage\",\"url\":\"https:\\\/\\\/skaitytaknyga.lt\\\/wp-content\\\/uploads\\\/2026\\\/04\\\/Supernova-e1777279770260.webp\",\"contentUrl\":\"https:\\\/\\\/skaitytaknyga.lt\\\/wp-content\\\/uploads\\\/2026\\\/04\\\/Supernova-e1777279770260.webp\",\"width\":498,\"height\":740,\"caption\":\"Supernova\"},{\"@type\":\"BreadcrumbList\",\"@id\":\"https:\\\/\\\/skaitytaknyga.lt\\\/produktas\\\/supernova\\\/#breadcrumb\",\"itemListElement\":[{\"@type\":\"ListItem\",\"position\":1,\"name\":\"Home\",\"item\":\"https:\\\/\\\/skaitytaknyga.lt\\\/\"},{\"@type\":\"ListItem\",\"position\":2,\"name\":\"Parduotuv\u0117\",\"item\":\"https:\\\/\\\/skaitytaknyga.lt\\\/knygu-parduotuve\\\/\"},{\"@type\":\"ListItem\",\"position\":3,\"name\":\"Supernova\"}]},{\"@type\":\"WebSite\",\"@id\":\"https:\\\/\\\/skaitytaknyga.lt\\\/#website\",\"url\":\"https:\\\/\\\/skaitytaknyga.lt\\\/\",\"name\":\"skaitytaknyga.lt\",\"description\":\"Skaitytaknyga.lt \u2013 tai ma\u017eas \u0161eimos verslas, kuris prasid\u0117jo nuo meil\u0117s knygoms ir siekio i\u0161gelb\u0117ti knygas nuo likimo prie konteinerio. Kas vienam nereikalingas daiktas \u2013 kitam lobis, o mes esame tarpininkai, kurie padeda abiems tapti laimingesniems ???? \u017dinome kaip nelengva i\u0161gyventi ma\u017eiems verslams, tad nuo \u0161iol, \u010dia rasite ir kit\u0173, ma\u017e\u0173 \u0161eim\u0173 versl\u0173, rank\u0173 darbo, dovan\u0173 sau ir artimiesiems.\",\"publisher\":{\"@id\":\"https:\\\/\\\/skaitytaknyga.lt\\\/#organization\"},\"potentialAction\":[{\"@type\":\"SearchAction\",\"target\":{\"@type\":\"EntryPoint\",\"urlTemplate\":\"https:\\\/\\\/skaitytaknyga.lt\\\/?s={search_term_string}\"},\"query-input\":{\"@type\":\"PropertyValueSpecification\",\"valueRequired\":true,\"valueName\":\"search_term_string\"}}],\"inLanguage\":\"en-GB\"},{\"@type\":\"Organization\",\"@id\":\"https:\\\/\\\/skaitytaknyga.lt\\\/#organization\",\"name\":\"skaitytaknyga.lt\",\"url\":\"https:\\\/\\\/skaitytaknyga.lt\\\/\",\"logo\":{\"@type\":\"ImageObject\",\"inLanguage\":\"en-GB\",\"@id\":\"https:\\\/\\\/skaitytaknyga.lt\\\/#\\\/schema\\\/logo\\\/image\\\/\",\"url\":\"https:\\\/\\\/skaitytaknyga.lt\\\/wp-content\\\/uploads\\\/2024\\\/05\\\/cropped-cropped-cropped-02_00843_jt3bggkj1j3HLc7SyY6rEUpg.jpeg\",\"contentUrl\":\"https:\\\/\\\/skaitytaknyga.lt\\\/wp-content\\\/uploads\\\/2024\\\/05\\\/cropped-cropped-cropped-02_00843_jt3bggkj1j3HLc7SyY6rEUpg.jpeg\",\"width\":1600,\"height\":1600,\"caption\":\"skaitytaknyga.lt\"},\"image\":{\"@id\":\"https:\\\/\\\/skaitytaknyga.lt\\\/#\\\/schema\\\/logo\\\/image\\\/\"},\"sameAs\":[\"https:\\\/\\\/www.facebook.com\\\/skaitytaknyga\\\/\"]}]}<\/script>\n<!-- \/ Yoast SEO plugin. -->","yoast_head_json":{"title":"Supernova","description":"\u201eNew York Times\" bestselerio \u201eSeptyni Evelinos Hugo vyrai\" autor\u0117s romanas \u201eJaudinantis ir galingas... Reid meistri\u0161kai u\u017ekabina \u0161irdies stygas ir","robots":{"index":"index","follow":"follow","max-snippet":"max-snippet:-1","max-image-preview":"max-image-preview:large","max-video-preview":"max-video-preview:-1"},"canonical":"https:\/\/skaitytaknyga.lt\/en\/produktas\/supernova\/","og_locale":"en_GB","og_type":"article","og_title":"[:lt]Supernova[:] - Skaitytaknyga","og_description":"\u201eNew York Times\" bestselerio \u201eSeptyni Evelinos Hugo vyrai\" autor\u0117s romanas \u201eJaudinantis ir galingas... Reid meistri\u0161kai u\u017ekabina \u0161irdies stygas ir","og_url":"https:\/\/skaitytaknyga.lt\/en\/produktas\/supernova\/","og_site_name":"Skaitytaknyga","article_publisher":"https:\/\/www.facebook.com\/skaitytaknyga\/","article_modified_time":"2026-04-27T08:59:01+00:00","og_image":[{"width":498,"height":740,"url":"https:\/\/skaitytaknyga.lt\/wp-content\/uploads\/2026\/04\/Supernova-e1777279770260.webp","type":"image\/webp"}],"twitter_card":"summary_large_image","twitter_misc":{"Estimated reading time":"2 minutes"},"schema":{"@context":"https:\/\/schema.org","@graph":[{"@type":"WebPage","@id":"https:\/\/skaitytaknyga.lt\/produktas\/supernova\/","url":"https:\/\/skaitytaknyga.lt\/produktas\/supernova\/","name":"Supernova","isPartOf":{"@id":"https:\/\/skaitytaknyga.lt\/#website"},"primaryImageOfPage":{"@id":"https:\/\/skaitytaknyga.lt\/produktas\/supernova\/#primaryimage"},"image":{"@id":"https:\/\/skaitytaknyga.lt\/produktas\/supernova\/#primaryimage"},"thumbnailUrl":"https:\/\/skaitytaknyga.lt\/wp-content\/uploads\/2026\/04\/Supernova-e1777279770260.webp","datePublished":"2026-04-27T07:22:35+00:00","dateModified":"2026-04-27T08:59:01+00:00","description":"\u201eNew York Times\" bestselerio \u201eSeptyni Evelinos Hugo vyrai\" autor\u0117s romanas \u201eJaudinantis ir galingas... Reid meistri\u0161kai u\u017ekabina \u0161irdies stygas ir","breadcrumb":{"@id":"https:\/\/skaitytaknyga.lt\/produktas\/supernova\/#breadcrumb"},"inLanguage":"en-GB","potentialAction":[{"@type":"ReadAction","target":["https:\/\/skaitytaknyga.lt\/produktas\/supernova\/"]}]},{"@type":"ImageObject","inLanguage":"en-GB","@id":"https:\/\/skaitytaknyga.lt\/produktas\/supernova\/#primaryimage","url":"https:\/\/skaitytaknyga.lt\/wp-content\/uploads\/2026\/04\/Supernova-e1777279770260.webp","contentUrl":"https:\/\/skaitytaknyga.lt\/wp-content\/uploads\/2026\/04\/Supernova-e1777279770260.webp","width":498,"height":740,"caption":"Supernova"},{"@type":"BreadcrumbList","@id":"https:\/\/skaitytaknyga.lt\/produktas\/supernova\/#breadcrumb","itemListElement":[{"@type":"ListItem","position":1,"name":"Home","item":"https:\/\/skaitytaknyga.lt\/"},{"@type":"ListItem","position":2,"name":"Parduotuv\u0117","item":"https:\/\/skaitytaknyga.lt\/knygu-parduotuve\/"},{"@type":"ListItem","position":3,"name":"Supernova"}]},{"@type":"WebSite","@id":"https:\/\/skaitytaknyga.lt\/#website","url":"https:\/\/skaitytaknyga.lt\/","name":"skaitytaknyga.lt","description":"Skaitytaknyga.lt \u2013 tai ma\u017eas \u0161eimos verslas, kuris prasid\u0117jo nuo meil\u0117s knygoms ir siekio i\u0161gelb\u0117ti knygas nuo likimo prie konteinerio. Kas vienam nereikalingas daiktas \u2013 kitam lobis, o mes esame tarpininkai, kurie padeda abiems tapti laimingesniems ???? \u017dinome kaip nelengva i\u0161gyventi ma\u017eiems verslams, tad nuo \u0161iol, \u010dia rasite ir kit\u0173, ma\u017e\u0173 \u0161eim\u0173 versl\u0173, rank\u0173 darbo, dovan\u0173 sau ir artimiesiems.","publisher":{"@id":"https:\/\/skaitytaknyga.lt\/#organization"},"potentialAction":[{"@type":"SearchAction","target":{"@type":"EntryPoint","urlTemplate":"https:\/\/skaitytaknyga.lt\/?s={search_term_string}"},"query-input":{"@type":"PropertyValueSpecification","valueRequired":true,"valueName":"search_term_string"}}],"inLanguage":"en-GB"},{"@type":"Organization","@id":"https:\/\/skaitytaknyga.lt\/#organization","name":"skaitytaknyga.lt","url":"https:\/\/skaitytaknyga.lt\/","logo":{"@type":"ImageObject","inLanguage":"en-GB","@id":"https:\/\/skaitytaknyga.lt\/#\/schema\/logo\/image\/","url":"https:\/\/skaitytaknyga.lt\/wp-content\/uploads\/2024\/05\/cropped-cropped-cropped-02_00843_jt3bggkj1j3HLc7SyY6rEUpg.jpeg","contentUrl":"https:\/\/skaitytaknyga.lt\/wp-content\/uploads\/2024\/05\/cropped-cropped-cropped-02_00843_jt3bggkj1j3HLc7SyY6rEUpg.jpeg","width":1600,"height":1600,"caption":"skaitytaknyga.lt"},"image":{"@id":"https:\/\/skaitytaknyga.lt\/#\/schema\/logo\/image\/"},"sameAs":["https:\/\/www.facebook.com\/skaitytaknyga\/"]}]}},"_links":{"self":[{"href":"https:\/\/skaitytaknyga.lt\/en\/wp-json\/wp\/v2\/product\/26389","targetHints":{"allow":["GET"]}}],"collection":[{"href":"https:\/\/skaitytaknyga.lt\/en\/wp-json\/wp\/v2\/product"}],"about":[{"href":"https:\/\/skaitytaknyga.lt\/en\/wp-json\/wp\/v2\/types\/product"}],"replies":[{"embeddable":true,"href":"https:\/\/skaitytaknyga.lt\/en\/wp-json\/wp\/v2\/comments?post=26389"}],"wp:featuredmedia":[{"embeddable":true,"href":"https:\/\/skaitytaknyga.lt\/en\/wp-json\/wp\/v2\/media\/26396"}],"wp:attachment":[{"href":"https:\/\/skaitytaknyga.lt\/en\/wp-json\/wp\/v2\/media?parent=26389"}],"wp:term":[{"taxonomy":"product_brand","embeddable":true,"href":"https:\/\/skaitytaknyga.lt\/en\/wp-json\/wp\/v2\/product_brand?post=26389"},{"taxonomy":"product_cat","embeddable":true,"href":"https:\/\/skaitytaknyga.lt\/en\/wp-json\/wp\/v2\/product_cat?post=26389"},{"taxonomy":"product_tag","embeddable":true,"href":"https:\/\/skaitytaknyga.lt\/en\/wp-json\/wp\/v2\/product_tag?post=26389"}],"curies":[{"name":"wp","href":"https:\/\/api.w.org\/{rel}","templated":true}]}}