{"id":26387,"date":"2026-04-27T10:22:35","date_gmt":"2026-04-27T07:22:35","guid":{"rendered":"https:\/\/skaitytaknyga.lt\/?post_type=product&#038;p=26387"},"modified":"2026-04-27T11:59:01","modified_gmt":"2026-04-27T08:59:01","slug":"romantizmo-epochos-menas","status":"publish","type":"product","link":"https:\/\/skaitytaknyga.lt\/en\/produktas\/romantizmo-epochos-menas\/","title":{"rendered":"Romantizmo epochos menas"},"content":{"rendered":"<p>Romantizmas, kaip meno kryptis, vienu metu pl\u0117tojosi ir Vokietijoje, ir Anglijoje. Tai l\u0117m\u0117 Pranc\u016bzijos did\u017eioji revoliucija. Romantizmas Europoje dominavo XIX am\u017eiaus pirmojoje pus\u0117je. \u0160i meno kryptis formavosi prie\u0161taravim\u0173 draskomoje neoklasicizmo epochoje, kuri garbino senov\u0119 ir propagavo gr\u012f\u017eim\u0105 \u012f laukin\u0119 gamt\u0105. Romantizmui b\u016bdinga s\u0105lygi\u0161kos situacijos, groteskas, simboliai, fantastika. Romantizmas neatsiejamas nuo to meto politinio bei socialinio konteksto. Filosofin\u0117s romantik\u0173 pa\u017ei\u016bros daugiausia pagr\u012fstos subjektyviojo idealizmo koncepcija. Romantikai \u012ftvirtino istorizmo princip\u0105, poetizavo asmenyb\u0119. \u201eRomantinis \u017eanras dar tik formuojasi; pati romantizmo prigimtis reikalauja, kad tas procesas vykt\u0173 nuolat ir niekada nesibaigt\u0173\u201c, \u2013 teig\u0117 \u0160l\u0117gelis. Romantizmas, pad\u0117j\u0119s pagrindus naujajai meno kult\u016brai, grei\u010diau buvo ne meno srov\u0117, o dvasin\u0117 b\u016bsena.<\/p>\n<p>\u0160i knyga padeda skaitytojui paprastai ir suvokiamai \u012fgyti b\u016btin\u0173 \u017eini\u0173 apie men\u0105, literat\u016br\u0105, civilizacijas.<\/p>\n","protected":false},"excerpt":{"rendered":"<p>Romantizmas, kaip meno kryptis, vienu metu pl\u0117tojosi ir Vokietijoje, ir Anglijoje. Tai l\u0117m\u0117 Pranc\u016bzijos did\u017eioji revoliucija. Romantizmas Europoje dominavo XIX am\u017eiaus pirmojoje pus\u0117je. \u0160i meno kryptis formavosi prie\u0161taravim\u0173 draskomoje neoklasicizmo epochoje, kuri garbino senov\u0119 ir propagavo gr\u012f\u017eim\u0105 \u012f laukin\u0119 gamt\u0105. Romantizmui b\u016bdinga s\u0105lygi\u0161kos situacijos, groteskas, simboliai, fantastika. Romantizmas neatsiejamas nuo to meto politinio bei socialinio konteksto. Filosofin\u0117s romantik\u0173 pa\u017ei\u016bros daugiausia pagr\u012fstos subjektyviojo idealizmo koncepcija. Romantikai \u012ftvirtino istorizmo princip\u0105, poetizavo asmenyb\u0119. \u201eRomantinis \u017eanras dar tik formuojasi; pati romantizmo prigimtis reikalauja, kad tas procesas vykt\u0173 nuolat ir niekada nesibaigt\u0173\u201c, \u2013 teig\u0117 \u0160l\u0117gelis. Romantizmas, pad\u0117j\u0119s pagrindus naujajai meno kult\u016brai, grei\u010diau buvo ne meno srov\u0117, o dvasin\u0117 b\u016bsena. \u0160i knyga padeda skaitytojui paprastai ir suvokiamai \u012fgyti b\u016btin\u0173 \u017eini\u0173 apie men\u0105, literat\u016br\u0105, civilizacijas.<\/p>\n","protected":false},"featured_media":26393,"comment_status":"open","ping_status":"closed","template":"","meta":{"_acf_changed":false,"site-sidebar-layout":"default","site-content-layout":"","ast-site-content-layout":"default","site-content-style":"default","site-sidebar-style":"default","ast-global-header-display":"","ast-banner-title-visibility":"","ast-main-header-display":"","ast-hfb-above-header-display":"","ast-hfb-below-header-display":"","ast-hfb-mobile-header-display":"","site-post-title":"","ast-breadcrumbs-content":"","ast-featured-img":"","footer-sml-layout":"","ast-disable-related-posts":"","theme-transparent-header-meta":"","adv-header-id-meta":"","stick-header-meta":"","header-above-stick-meta":"","header-main-stick-meta":"","header-below-stick-meta":"","astra-migrate-meta-layouts":"default","ast-page-background-enabled":"default","ast-page-background-meta":{"desktop":{"background-color":"","background-image":"","background-repeat":"repeat","background-position":"center center","background-size":"auto","background-attachment":"scroll","background-type":"","background-media":"","overlay-type":"","overlay-color":"","overlay-opacity":"","overlay-gradient":""},"tablet":{"background-color":"","background-image":"","background-repeat":"repeat","background-position":"center center","background-size":"auto","background-attachment":"scroll","background-type":"","background-media":"","overlay-type":"","overlay-color":"","overlay-opacity":"","overlay-gradient":""},"mobile":{"background-color":"","background-image":"","background-repeat":"repeat","background-position":"center center","background-size":"auto","background-attachment":"scroll","background-type":"","background-media":"","overlay-type":"","overlay-color":"","overlay-opacity":"","overlay-gradient":""}},"ast-content-background-meta":{"desktop":{"background-color":"var(--ast-global-color-4)","background-image":"","background-repeat":"repeat","background-position":"center center","background-size":"auto","background-attachment":"scroll","background-type":"","background-media":"","overlay-type":"","overlay-color":"","overlay-opacity":"","overlay-gradient":""},"tablet":{"background-color":"var(--ast-global-color-4)","background-image":"","background-repeat":"repeat","background-position":"center center","background-size":"auto","background-attachment":"scroll","background-type":"","background-media":"","overlay-type":"","overlay-color":"","overlay-opacity":"","overlay-gradient":""},"mobile":{"background-color":"var(--ast-global-color-4)","background-image":"","background-repeat":"repeat","background-position":"center center","background-size":"auto","background-attachment":"scroll","background-type":"","background-media":"","overlay-type":"","overlay-color":"","overlay-opacity":"","overlay-gradient":""}}},"product_brand":[],"product_cat":[9875],"product_tag":[],"class_list":{"0":"post-26387","1":"product","2":"type-product","3":"status-publish","4":"has-post-thumbnail","6":"product_cat-meno-istorija","7":"desktop-align-left","8":"tablet-align-left","9":"mobile-align-left","11":"first","12":"instock","13":"shipping-taxable","14":"purchasable","15":"product-type-simple"},"acf":[],"yoast_head":"<!-- This site is optimized with the Yoast SEO plugin v27.4 - https:\/\/yoast.com\/product\/yoast-seo-wordpress\/ -->\n<title>Romantizmo epochos menas<\/title>\n<meta name=\"description\" content=\"Romantizmas, kaip meno kryptis, vienu metu pl\u0117tojosi ir Vokietijoje, ir Anglijoje. Tai l\u0117m\u0117 Pranc\u016bzijos did\u017eioji revoliucija. Romantizmas Europoje\" \/>\n<meta name=\"robots\" content=\"index, follow, max-snippet:-1, max-image-preview:large, max-video-preview:-1\" \/>\n<link rel=\"canonical\" href=\"https:\/\/skaitytaknyga.lt\/en\/produktas\/romantizmo-epochos-menas\/\" \/>\n<meta property=\"og:locale\" content=\"en_GB\" \/>\n<meta property=\"og:locale:alternate\" content=\"lt_LT\" \/>\n<meta property=\"og:type\" content=\"article\" \/>\n<meta property=\"og:title\" content=\"Romantizmo epochos menas\" \/>\n<meta property=\"og:description\" content=\"Romantizmas, kaip meno kryptis, vienu metu pl\u0117tojosi ir Vokietijoje, ir Anglijoje. Tai l\u0117m\u0117 Pranc\u016bzijos did\u017eioji revoliucija. Romantizmas Europoje\" \/>\n<meta property=\"og:url\" content=\"https:\/\/skaitytaknyga.lt\/en\/produktas\/romantizmo-epochos-menas\/\" \/>\n<meta property=\"og:site_name\" content=\"Skaitytaknyga\" \/>\n<meta property=\"article:publisher\" content=\"https:\/\/www.facebook.com\/skaitytaknyga\/\" \/>\n<meta property=\"article:modified_time\" content=\"2026-04-27T08:59:01+00:00\" \/>\n<meta property=\"og:image\" content=\"https:\/\/skaitytaknyga.lt\/wp-content\/uploads\/2026\/04\/Romantizmo-epochos-menas.webp\" \/>\n\t<meta property=\"og:image:width\" content=\"353\" \/>\n\t<meta property=\"og:image:height\" content=\"600\" \/>\n\t<meta property=\"og:image:type\" content=\"image\/webp\" \/>\n<meta name=\"twitter:card\" content=\"summary_large_image\" \/>\n<meta name=\"twitter:label1\" content=\"Estimated reading time\" \/>\n\t<meta name=\"twitter:data1\" content=\"1 minute\" \/>\n<script type=\"application\/ld+json\" class=\"yoast-schema-graph\">{\"@context\":\"https:\\\/\\\/schema.org\",\"@graph\":[{\"@type\":\"WebPage\",\"@id\":\"https:\\\/\\\/skaitytaknyga.lt\\\/produktas\\\/romantizmo-epochos-menas\\\/\",\"url\":\"https:\\\/\\\/skaitytaknyga.lt\\\/produktas\\\/romantizmo-epochos-menas\\\/\",\"name\":\"Romantizmo epochos menas\",\"isPartOf\":{\"@id\":\"https:\\\/\\\/skaitytaknyga.lt\\\/#website\"},\"primaryImageOfPage\":{\"@id\":\"https:\\\/\\\/skaitytaknyga.lt\\\/produktas\\\/romantizmo-epochos-menas\\\/#primaryimage\"},\"image\":{\"@id\":\"https:\\\/\\\/skaitytaknyga.lt\\\/produktas\\\/romantizmo-epochos-menas\\\/#primaryimage\"},\"thumbnailUrl\":\"https:\\\/\\\/skaitytaknyga.lt\\\/wp-content\\\/uploads\\\/2026\\\/04\\\/Romantizmo-epochos-menas.webp\",\"datePublished\":\"2026-04-27T07:22:35+00:00\",\"dateModified\":\"2026-04-27T08:59:01+00:00\",\"description\":\"Romantizmas, kaip meno kryptis, vienu metu pl\u0117tojosi ir Vokietijoje, ir Anglijoje. Tai l\u0117m\u0117 Pranc\u016bzijos did\u017eioji revoliucija. Romantizmas Europoje\",\"breadcrumb\":{\"@id\":\"https:\\\/\\\/skaitytaknyga.lt\\\/produktas\\\/romantizmo-epochos-menas\\\/#breadcrumb\"},\"inLanguage\":\"en-GB\",\"potentialAction\":[{\"@type\":\"ReadAction\",\"target\":[\"https:\\\/\\\/skaitytaknyga.lt\\\/produktas\\\/romantizmo-epochos-menas\\\/\"]}]},{\"@type\":\"ImageObject\",\"inLanguage\":\"en-GB\",\"@id\":\"https:\\\/\\\/skaitytaknyga.lt\\\/produktas\\\/romantizmo-epochos-menas\\\/#primaryimage\",\"url\":\"https:\\\/\\\/skaitytaknyga.lt\\\/wp-content\\\/uploads\\\/2026\\\/04\\\/Romantizmo-epochos-menas.webp\",\"contentUrl\":\"https:\\\/\\\/skaitytaknyga.lt\\\/wp-content\\\/uploads\\\/2026\\\/04\\\/Romantizmo-epochos-menas.webp\",\"width\":353,\"height\":600,\"caption\":\"Romantizmo epochos menas\"},{\"@type\":\"BreadcrumbList\",\"@id\":\"https:\\\/\\\/skaitytaknyga.lt\\\/produktas\\\/romantizmo-epochos-menas\\\/#breadcrumb\",\"itemListElement\":[{\"@type\":\"ListItem\",\"position\":1,\"name\":\"Home\",\"item\":\"https:\\\/\\\/skaitytaknyga.lt\\\/\"},{\"@type\":\"ListItem\",\"position\":2,\"name\":\"Parduotuv\u0117\",\"item\":\"https:\\\/\\\/skaitytaknyga.lt\\\/knygu-parduotuve\\\/\"},{\"@type\":\"ListItem\",\"position\":3,\"name\":\"Romantizmo epochos menas\"}]},{\"@type\":\"WebSite\",\"@id\":\"https:\\\/\\\/skaitytaknyga.lt\\\/#website\",\"url\":\"https:\\\/\\\/skaitytaknyga.lt\\\/\",\"name\":\"skaitytaknyga.lt\",\"description\":\"Skaitytaknyga.lt \u2013 tai ma\u017eas \u0161eimos verslas, kuris prasid\u0117jo nuo meil\u0117s knygoms ir siekio i\u0161gelb\u0117ti knygas nuo likimo prie konteinerio. Kas vienam nereikalingas daiktas \u2013 kitam lobis, o mes esame tarpininkai, kurie padeda abiems tapti laimingesniems ???? \u017dinome kaip nelengva i\u0161gyventi ma\u017eiems verslams, tad nuo \u0161iol, \u010dia rasite ir kit\u0173, ma\u017e\u0173 \u0161eim\u0173 versl\u0173, rank\u0173 darbo, dovan\u0173 sau ir artimiesiems.\",\"publisher\":{\"@id\":\"https:\\\/\\\/skaitytaknyga.lt\\\/#organization\"},\"potentialAction\":[{\"@type\":\"SearchAction\",\"target\":{\"@type\":\"EntryPoint\",\"urlTemplate\":\"https:\\\/\\\/skaitytaknyga.lt\\\/?s={search_term_string}\"},\"query-input\":{\"@type\":\"PropertyValueSpecification\",\"valueRequired\":true,\"valueName\":\"search_term_string\"}}],\"inLanguage\":\"en-GB\"},{\"@type\":\"Organization\",\"@id\":\"https:\\\/\\\/skaitytaknyga.lt\\\/#organization\",\"name\":\"skaitytaknyga.lt\",\"url\":\"https:\\\/\\\/skaitytaknyga.lt\\\/\",\"logo\":{\"@type\":\"ImageObject\",\"inLanguage\":\"en-GB\",\"@id\":\"https:\\\/\\\/skaitytaknyga.lt\\\/#\\\/schema\\\/logo\\\/image\\\/\",\"url\":\"https:\\\/\\\/skaitytaknyga.lt\\\/wp-content\\\/uploads\\\/2024\\\/05\\\/cropped-cropped-cropped-02_00843_jt3bggkj1j3HLc7SyY6rEUpg.jpeg\",\"contentUrl\":\"https:\\\/\\\/skaitytaknyga.lt\\\/wp-content\\\/uploads\\\/2024\\\/05\\\/cropped-cropped-cropped-02_00843_jt3bggkj1j3HLc7SyY6rEUpg.jpeg\",\"width\":1600,\"height\":1600,\"caption\":\"skaitytaknyga.lt\"},\"image\":{\"@id\":\"https:\\\/\\\/skaitytaknyga.lt\\\/#\\\/schema\\\/logo\\\/image\\\/\"},\"sameAs\":[\"https:\\\/\\\/www.facebook.com\\\/skaitytaknyga\\\/\"]}]}<\/script>\n<!-- \/ Yoast SEO plugin. -->","yoast_head_json":{"title":"Romantizmo epochos menas","description":"Romantizmas, kaip meno kryptis, vienu metu pl\u0117tojosi ir Vokietijoje, ir Anglijoje. Tai l\u0117m\u0117 Pranc\u016bzijos did\u017eioji revoliucija. Romantizmas Europoje","robots":{"index":"index","follow":"follow","max-snippet":"max-snippet:-1","max-image-preview":"max-image-preview:large","max-video-preview":"max-video-preview:-1"},"canonical":"https:\/\/skaitytaknyga.lt\/en\/produktas\/romantizmo-epochos-menas\/","og_locale":"en_GB","og_type":"article","og_title":"[:lt]Romantizmo epochos menas[:] - Skaitytaknyga","og_description":"Romantizmas, kaip meno kryptis, vienu metu pl\u0117tojosi ir Vokietijoje, ir Anglijoje. Tai l\u0117m\u0117 Pranc\u016bzijos did\u017eioji revoliucija. Romantizmas Europoje","og_url":"https:\/\/skaitytaknyga.lt\/en\/produktas\/romantizmo-epochos-menas\/","og_site_name":"Skaitytaknyga","article_publisher":"https:\/\/www.facebook.com\/skaitytaknyga\/","article_modified_time":"2026-04-27T08:59:01+00:00","og_image":[{"width":353,"height":600,"url":"https:\/\/skaitytaknyga.lt\/wp-content\/uploads\/2026\/04\/Romantizmo-epochos-menas.webp","type":"image\/webp"}],"twitter_card":"summary_large_image","twitter_misc":{"Estimated reading time":"1 minute"},"schema":{"@context":"https:\/\/schema.org","@graph":[{"@type":"WebPage","@id":"https:\/\/skaitytaknyga.lt\/produktas\/romantizmo-epochos-menas\/","url":"https:\/\/skaitytaknyga.lt\/produktas\/romantizmo-epochos-menas\/","name":"Romantizmo epochos menas","isPartOf":{"@id":"https:\/\/skaitytaknyga.lt\/#website"},"primaryImageOfPage":{"@id":"https:\/\/skaitytaknyga.lt\/produktas\/romantizmo-epochos-menas\/#primaryimage"},"image":{"@id":"https:\/\/skaitytaknyga.lt\/produktas\/romantizmo-epochos-menas\/#primaryimage"},"thumbnailUrl":"https:\/\/skaitytaknyga.lt\/wp-content\/uploads\/2026\/04\/Romantizmo-epochos-menas.webp","datePublished":"2026-04-27T07:22:35+00:00","dateModified":"2026-04-27T08:59:01+00:00","description":"Romantizmas, kaip meno kryptis, vienu metu pl\u0117tojosi ir Vokietijoje, ir Anglijoje. Tai l\u0117m\u0117 Pranc\u016bzijos did\u017eioji revoliucija. Romantizmas Europoje","breadcrumb":{"@id":"https:\/\/skaitytaknyga.lt\/produktas\/romantizmo-epochos-menas\/#breadcrumb"},"inLanguage":"en-GB","potentialAction":[{"@type":"ReadAction","target":["https:\/\/skaitytaknyga.lt\/produktas\/romantizmo-epochos-menas\/"]}]},{"@type":"ImageObject","inLanguage":"en-GB","@id":"https:\/\/skaitytaknyga.lt\/produktas\/romantizmo-epochos-menas\/#primaryimage","url":"https:\/\/skaitytaknyga.lt\/wp-content\/uploads\/2026\/04\/Romantizmo-epochos-menas.webp","contentUrl":"https:\/\/skaitytaknyga.lt\/wp-content\/uploads\/2026\/04\/Romantizmo-epochos-menas.webp","width":353,"height":600,"caption":"Romantizmo epochos menas"},{"@type":"BreadcrumbList","@id":"https:\/\/skaitytaknyga.lt\/produktas\/romantizmo-epochos-menas\/#breadcrumb","itemListElement":[{"@type":"ListItem","position":1,"name":"Home","item":"https:\/\/skaitytaknyga.lt\/"},{"@type":"ListItem","position":2,"name":"Parduotuv\u0117","item":"https:\/\/skaitytaknyga.lt\/knygu-parduotuve\/"},{"@type":"ListItem","position":3,"name":"Romantizmo epochos menas"}]},{"@type":"WebSite","@id":"https:\/\/skaitytaknyga.lt\/#website","url":"https:\/\/skaitytaknyga.lt\/","name":"skaitytaknyga.lt","description":"Skaitytaknyga.lt \u2013 tai ma\u017eas \u0161eimos verslas, kuris prasid\u0117jo nuo meil\u0117s knygoms ir siekio i\u0161gelb\u0117ti knygas nuo likimo prie konteinerio. Kas vienam nereikalingas daiktas \u2013 kitam lobis, o mes esame tarpininkai, kurie padeda abiems tapti laimingesniems ???? \u017dinome kaip nelengva i\u0161gyventi ma\u017eiems verslams, tad nuo \u0161iol, \u010dia rasite ir kit\u0173, ma\u017e\u0173 \u0161eim\u0173 versl\u0173, rank\u0173 darbo, dovan\u0173 sau ir artimiesiems.","publisher":{"@id":"https:\/\/skaitytaknyga.lt\/#organization"},"potentialAction":[{"@type":"SearchAction","target":{"@type":"EntryPoint","urlTemplate":"https:\/\/skaitytaknyga.lt\/?s={search_term_string}"},"query-input":{"@type":"PropertyValueSpecification","valueRequired":true,"valueName":"search_term_string"}}],"inLanguage":"en-GB"},{"@type":"Organization","@id":"https:\/\/skaitytaknyga.lt\/#organization","name":"skaitytaknyga.lt","url":"https:\/\/skaitytaknyga.lt\/","logo":{"@type":"ImageObject","inLanguage":"en-GB","@id":"https:\/\/skaitytaknyga.lt\/#\/schema\/logo\/image\/","url":"https:\/\/skaitytaknyga.lt\/wp-content\/uploads\/2024\/05\/cropped-cropped-cropped-02_00843_jt3bggkj1j3HLc7SyY6rEUpg.jpeg","contentUrl":"https:\/\/skaitytaknyga.lt\/wp-content\/uploads\/2024\/05\/cropped-cropped-cropped-02_00843_jt3bggkj1j3HLc7SyY6rEUpg.jpeg","width":1600,"height":1600,"caption":"skaitytaknyga.lt"},"image":{"@id":"https:\/\/skaitytaknyga.lt\/#\/schema\/logo\/image\/"},"sameAs":["https:\/\/www.facebook.com\/skaitytaknyga\/"]}]}},"_links":{"self":[{"href":"https:\/\/skaitytaknyga.lt\/en\/wp-json\/wp\/v2\/product\/26387","targetHints":{"allow":["GET"]}}],"collection":[{"href":"https:\/\/skaitytaknyga.lt\/en\/wp-json\/wp\/v2\/product"}],"about":[{"href":"https:\/\/skaitytaknyga.lt\/en\/wp-json\/wp\/v2\/types\/product"}],"replies":[{"embeddable":true,"href":"https:\/\/skaitytaknyga.lt\/en\/wp-json\/wp\/v2\/comments?post=26387"}],"wp:featuredmedia":[{"embeddable":true,"href":"https:\/\/skaitytaknyga.lt\/en\/wp-json\/wp\/v2\/media\/26393"}],"wp:attachment":[{"href":"https:\/\/skaitytaknyga.lt\/en\/wp-json\/wp\/v2\/media?parent=26387"}],"wp:term":[{"taxonomy":"product_brand","embeddable":true,"href":"https:\/\/skaitytaknyga.lt\/en\/wp-json\/wp\/v2\/product_brand?post=26387"},{"taxonomy":"product_cat","embeddable":true,"href":"https:\/\/skaitytaknyga.lt\/en\/wp-json\/wp\/v2\/product_cat?post=26387"},{"taxonomy":"product_tag","embeddable":true,"href":"https:\/\/skaitytaknyga.lt\/en\/wp-json\/wp\/v2\/product_tag?post=26387"}],"curies":[{"name":"wp","href":"https:\/\/api.w.org\/{rel}","templated":true}]}}