{"id":26380,"date":"2026-04-27T09:05:55","date_gmt":"2026-04-27T06:05:55","guid":{"rendered":"https:\/\/skaitytaknyga.lt\/?post_type=product&#038;p=26380"},"modified":"2026-04-27T11:59:01","modified_gmt":"2026-04-27T08:59:01","slug":"naujoji-priesvezine-mityba","status":"publish","type":"product","link":"https:\/\/skaitytaknyga.lt\/en\/produktas\/naujoji-priesvezine-mityba\/","title":{"rendered":"Naujoji prie\u0161v\u0117\u017ein\u0117 mityba"},"content":{"rendered":"<p>Knyga \u201eNaujoji prie\u0161v\u0117\u017ein\u0117 mityba\u201c supa\u017eindina, kaip i\u0161 agresyvi\u0173 v\u0117\u017eio l\u0105steli\u0173 galima atimti maisto med\u017eiagas ir u\u017ekirsti keli\u0105 joms plisti. \u0160is mitybos b\u016bdas apsaugo ir nuo daugelio kit\u0173 med\u017eiag\u0173 apykaitos lig\u0173 \u2013 diabeto, \u0161irdies ir kraujagysli\u0173 lig\u0173 bei Alzheimerio ligos. Knygoje pateikiama:<\/p>\n<p>Daugiau nei 100 pusry\u010diams, pietums ir vakarienei skirt\u0173 sveik\u0173 valgi\u0173, sald\u017ei\u0173 ir a\u0161tri\u0173 u\u017ekand\u017ei\u0173 bei desert\u0173 recept\u0173.<\/p>\n<p>Kod\u0117l svarbu reguliariai sportuoti ir kokios sporto r\u016b\u0161ys padeda veiksmingiausiai kovoti su v\u0117\u017eiu.<\/p>\n<p>Svarbiausios priemon\u0117s, kuriomis galima sustiprinti k\u016bn\u0105 ir siel\u0105.<\/p>\n<p>Priedas: \u0161viesoforo spalv\u0173 principu sudarytas sveikatai nauding\u0173 maisto produkt\u0173 s\u0105ra\u0161as.<\/p>\n","protected":false},"excerpt":{"rendered":"<p>Knyga \u201eNaujoji prie\u0161v\u0117\u017ein\u0117 mityba\u201c supa\u017eindina, kaip i\u0161 agresyvi\u0173 v\u0117\u017eio l\u0105steli\u0173 galima atimti maisto med\u017eiagas ir u\u017ekirsti keli\u0105 joms plisti. \u0160is mitybos b\u016bdas apsaugo ir nuo daugelio kit\u0173 med\u017eiag\u0173 apykaitos lig\u0173 \u2013 diabeto, \u0161irdies ir kraujagysli\u0173 lig\u0173 bei Alzheimerio ligos. Knygoje pateikiama: Daugiau nei 100 pusry\u010diams, pietums ir vakarienei skirt\u0173 sveik\u0173 valgi\u0173, sald\u017ei\u0173 ir a\u0161tri\u0173 u\u017ekand\u017ei\u0173 bei desert\u0173 recept\u0173. Kod\u0117l svarbu reguliariai sportuoti ir kokios sporto r\u016b\u0161ys padeda veiksmingiausiai kovoti su v\u0117\u017eiu. Svarbiausios priemon\u0117s, kuriomis galima sustiprinti k\u016bn\u0105 ir siel\u0105. Priedas: \u0161viesoforo spalv\u0173 principu sudarytas sveikatai nauding\u0173 maisto produkt\u0173 s\u0105ra\u0161as.<\/p>\n","protected":false},"featured_media":26385,"comment_status":"open","ping_status":"closed","template":"","meta":{"_acf_changed":false,"site-sidebar-layout":"default","site-content-layout":"","ast-site-content-layout":"default","site-content-style":"default","site-sidebar-style":"default","ast-global-header-display":"","ast-banner-title-visibility":"","ast-main-header-display":"","ast-hfb-above-header-display":"","ast-hfb-below-header-display":"","ast-hfb-mobile-header-display":"","site-post-title":"","ast-breadcrumbs-content":"","ast-featured-img":"","footer-sml-layout":"","ast-disable-related-posts":"","theme-transparent-header-meta":"","adv-header-id-meta":"","stick-header-meta":"","header-above-stick-meta":"","header-main-stick-meta":"","header-below-stick-meta":"","astra-migrate-meta-layouts":"default","ast-page-background-enabled":"default","ast-page-background-meta":{"desktop":{"background-color":"","background-image":"","background-repeat":"repeat","background-position":"center center","background-size":"auto","background-attachment":"scroll","background-type":"","background-media":"","overlay-type":"","overlay-color":"","overlay-opacity":"","overlay-gradient":""},"tablet":{"background-color":"","background-image":"","background-repeat":"repeat","background-position":"center center","background-size":"auto","background-attachment":"scroll","background-type":"","background-media":"","overlay-type":"","overlay-color":"","overlay-opacity":"","overlay-gradient":""},"mobile":{"background-color":"","background-image":"","background-repeat":"repeat","background-position":"center center","background-size":"auto","background-attachment":"scroll","background-type":"","background-media":"","overlay-type":"","overlay-color":"","overlay-opacity":"","overlay-gradient":""}},"ast-content-background-meta":{"desktop":{"background-color":"var(--ast-global-color-4)","background-image":"","background-repeat":"repeat","background-position":"center center","background-size":"auto","background-attachment":"scroll","background-type":"","background-media":"","overlay-type":"","overlay-color":"","overlay-opacity":"","overlay-gradient":""},"tablet":{"background-color":"var(--ast-global-color-4)","background-image":"","background-repeat":"repeat","background-position":"center center","background-size":"auto","background-attachment":"scroll","background-type":"","background-media":"","overlay-type":"","overlay-color":"","overlay-opacity":"","overlay-gradient":""},"mobile":{"background-color":"var(--ast-global-color-4)","background-image":"","background-repeat":"repeat","background-position":"center center","background-size":"auto","background-attachment":"scroll","background-type":"","background-media":"","overlay-type":"","overlay-color":"","overlay-opacity":"","overlay-gradient":""}}},"product_brand":[],"product_cat":[9855],"product_tag":[],"class_list":{"0":"post-26380","1":"product","2":"type-product","3":"status-publish","4":"has-post-thumbnail","6":"product_cat-mityba-ir-dieta","7":"desktop-align-left","8":"tablet-align-left","9":"mobile-align-left","11":"first","12":"instock","13":"shipping-taxable","14":"purchasable","15":"product-type-simple"},"acf":[],"yoast_head":"<!-- This site is optimized with the Yoast SEO plugin v27.4 - https:\/\/yoast.com\/product\/yoast-seo-wordpress\/ -->\n<title>Naujoji prie\u0161v\u0117\u017ein\u0117 mityba<\/title>\n<meta name=\"description\" content=\"Knyga \u201eNaujoji prie\u0161v\u0117\u017ein\u0117 mityba\u201c supa\u017eindina, kaip i\u0161 agresyvi\u0173 v\u0117\u017eio l\u0105steli\u0173 galima atimti maisto med\u017eiagas ir u\u017ekirsti keli\u0105 joms plisti. \u0160is mitybos\" \/>\n<meta name=\"robots\" content=\"index, follow, max-snippet:-1, max-image-preview:large, max-video-preview:-1\" \/>\n<link rel=\"canonical\" href=\"https:\/\/skaitytaknyga.lt\/en\/produktas\/naujoji-priesvezine-mityba\/\" \/>\n<meta property=\"og:locale\" content=\"en_GB\" \/>\n<meta property=\"og:locale:alternate\" content=\"lt_LT\" \/>\n<meta property=\"og:type\" content=\"article\" \/>\n<meta property=\"og:title\" content=\"Naujoji prie\u0161v\u0117\u017ein\u0117 mityba\" \/>\n<meta property=\"og:description\" content=\"Knyga \u201eNaujoji prie\u0161v\u0117\u017ein\u0117 mityba\u201c supa\u017eindina, kaip i\u0161 agresyvi\u0173 v\u0117\u017eio l\u0105steli\u0173 galima atimti maisto med\u017eiagas ir u\u017ekirsti keli\u0105 joms plisti. \u0160is mitybos\" \/>\n<meta property=\"og:url\" content=\"https:\/\/skaitytaknyga.lt\/en\/produktas\/naujoji-priesvezine-mityba\/\" \/>\n<meta property=\"og:site_name\" content=\"Skaitytaknyga\" \/>\n<meta property=\"article:publisher\" content=\"https:\/\/www.facebook.com\/skaitytaknyga\/\" \/>\n<meta property=\"article:modified_time\" content=\"2026-04-27T08:59:01+00:00\" \/>\n<meta property=\"og:image\" content=\"https:\/\/skaitytaknyga.lt\/wp-content\/uploads\/2026\/04\/Naujoji-priesvezine-mityba.-Kaip-sustabdyti-vezio-gena.webp\" \/>\n\t<meta property=\"og:image:width\" content=\"492\" \/>\n\t<meta property=\"og:image:height\" content=\"679\" \/>\n\t<meta property=\"og:image:type\" content=\"image\/webp\" \/>\n<meta name=\"twitter:card\" content=\"summary_large_image\" \/>\n<meta name=\"twitter:label1\" content=\"Estimated reading time\" \/>\n\t<meta name=\"twitter:data1\" content=\"1 minute\" \/>\n<script type=\"application\/ld+json\" class=\"yoast-schema-graph\">{\"@context\":\"https:\\\/\\\/schema.org\",\"@graph\":[{\"@type\":\"WebPage\",\"@id\":\"https:\\\/\\\/skaitytaknyga.lt\\\/produktas\\\/naujoji-priesvezine-mityba\\\/\",\"url\":\"https:\\\/\\\/skaitytaknyga.lt\\\/produktas\\\/naujoji-priesvezine-mityba\\\/\",\"name\":\"Naujoji prie\u0161v\u0117\u017ein\u0117 mityba\",\"isPartOf\":{\"@id\":\"https:\\\/\\\/skaitytaknyga.lt\\\/#website\"},\"primaryImageOfPage\":{\"@id\":\"https:\\\/\\\/skaitytaknyga.lt\\\/produktas\\\/naujoji-priesvezine-mityba\\\/#primaryimage\"},\"image\":{\"@id\":\"https:\\\/\\\/skaitytaknyga.lt\\\/produktas\\\/naujoji-priesvezine-mityba\\\/#primaryimage\"},\"thumbnailUrl\":\"https:\\\/\\\/skaitytaknyga.lt\\\/wp-content\\\/uploads\\\/2026\\\/04\\\/Naujoji-priesvezine-mityba.-Kaip-sustabdyti-vezio-gena.webp\",\"datePublished\":\"2026-04-27T06:05:55+00:00\",\"dateModified\":\"2026-04-27T08:59:01+00:00\",\"description\":\"Knyga \u201eNaujoji prie\u0161v\u0117\u017ein\u0117 mityba\u201c supa\u017eindina, kaip i\u0161 agresyvi\u0173 v\u0117\u017eio l\u0105steli\u0173 galima atimti maisto med\u017eiagas ir u\u017ekirsti keli\u0105 joms plisti. \u0160is mitybos\",\"breadcrumb\":{\"@id\":\"https:\\\/\\\/skaitytaknyga.lt\\\/produktas\\\/naujoji-priesvezine-mityba\\\/#breadcrumb\"},\"inLanguage\":\"en-GB\",\"potentialAction\":[{\"@type\":\"ReadAction\",\"target\":[\"https:\\\/\\\/skaitytaknyga.lt\\\/produktas\\\/naujoji-priesvezine-mityba\\\/\"]}]},{\"@type\":\"ImageObject\",\"inLanguage\":\"en-GB\",\"@id\":\"https:\\\/\\\/skaitytaknyga.lt\\\/produktas\\\/naujoji-priesvezine-mityba\\\/#primaryimage\",\"url\":\"https:\\\/\\\/skaitytaknyga.lt\\\/wp-content\\\/uploads\\\/2026\\\/04\\\/Naujoji-priesvezine-mityba.-Kaip-sustabdyti-vezio-gena.webp\",\"contentUrl\":\"https:\\\/\\\/skaitytaknyga.lt\\\/wp-content\\\/uploads\\\/2026\\\/04\\\/Naujoji-priesvezine-mityba.-Kaip-sustabdyti-vezio-gena.webp\",\"width\":492,\"height\":679,\"caption\":\"Naujoji prie\u0161v\u0117\u017ein\u0117 mityba. Kaip sustabdyti v\u0117\u017eio gen\u0105\"},{\"@type\":\"BreadcrumbList\",\"@id\":\"https:\\\/\\\/skaitytaknyga.lt\\\/produktas\\\/naujoji-priesvezine-mityba\\\/#breadcrumb\",\"itemListElement\":[{\"@type\":\"ListItem\",\"position\":1,\"name\":\"Home\",\"item\":\"https:\\\/\\\/skaitytaknyga.lt\\\/\"},{\"@type\":\"ListItem\",\"position\":2,\"name\":\"Parduotuv\u0117\",\"item\":\"https:\\\/\\\/skaitytaknyga.lt\\\/knygu-parduotuve\\\/\"},{\"@type\":\"ListItem\",\"position\":3,\"name\":\"Naujoji prie\u0161v\u0117\u017ein\u0117 mityba\"}]},{\"@type\":\"WebSite\",\"@id\":\"https:\\\/\\\/skaitytaknyga.lt\\\/#website\",\"url\":\"https:\\\/\\\/skaitytaknyga.lt\\\/\",\"name\":\"skaitytaknyga.lt\",\"description\":\"Skaitytaknyga.lt \u2013 tai ma\u017eas \u0161eimos verslas, kuris prasid\u0117jo nuo meil\u0117s knygoms ir siekio i\u0161gelb\u0117ti knygas nuo likimo prie konteinerio. Kas vienam nereikalingas daiktas \u2013 kitam lobis, o mes esame tarpininkai, kurie padeda abiems tapti laimingesniems ???? \u017dinome kaip nelengva i\u0161gyventi ma\u017eiems verslams, tad nuo \u0161iol, \u010dia rasite ir kit\u0173, ma\u017e\u0173 \u0161eim\u0173 versl\u0173, rank\u0173 darbo, dovan\u0173 sau ir artimiesiems.\",\"publisher\":{\"@id\":\"https:\\\/\\\/skaitytaknyga.lt\\\/#organization\"},\"potentialAction\":[{\"@type\":\"SearchAction\",\"target\":{\"@type\":\"EntryPoint\",\"urlTemplate\":\"https:\\\/\\\/skaitytaknyga.lt\\\/?s={search_term_string}\"},\"query-input\":{\"@type\":\"PropertyValueSpecification\",\"valueRequired\":true,\"valueName\":\"search_term_string\"}}],\"inLanguage\":\"en-GB\"},{\"@type\":\"Organization\",\"@id\":\"https:\\\/\\\/skaitytaknyga.lt\\\/#organization\",\"name\":\"skaitytaknyga.lt\",\"url\":\"https:\\\/\\\/skaitytaknyga.lt\\\/\",\"logo\":{\"@type\":\"ImageObject\",\"inLanguage\":\"en-GB\",\"@id\":\"https:\\\/\\\/skaitytaknyga.lt\\\/#\\\/schema\\\/logo\\\/image\\\/\",\"url\":\"https:\\\/\\\/skaitytaknyga.lt\\\/wp-content\\\/uploads\\\/2024\\\/05\\\/cropped-cropped-cropped-02_00843_jt3bggkj1j3HLc7SyY6rEUpg.jpeg\",\"contentUrl\":\"https:\\\/\\\/skaitytaknyga.lt\\\/wp-content\\\/uploads\\\/2024\\\/05\\\/cropped-cropped-cropped-02_00843_jt3bggkj1j3HLc7SyY6rEUpg.jpeg\",\"width\":1600,\"height\":1600,\"caption\":\"skaitytaknyga.lt\"},\"image\":{\"@id\":\"https:\\\/\\\/skaitytaknyga.lt\\\/#\\\/schema\\\/logo\\\/image\\\/\"},\"sameAs\":[\"https:\\\/\\\/www.facebook.com\\\/skaitytaknyga\\\/\"]}]}<\/script>\n<!-- \/ Yoast SEO plugin. -->","yoast_head_json":{"title":"Naujoji prie\u0161v\u0117\u017ein\u0117 mityba","description":"Knyga \u201eNaujoji prie\u0161v\u0117\u017ein\u0117 mityba\u201c supa\u017eindina, kaip i\u0161 agresyvi\u0173 v\u0117\u017eio l\u0105steli\u0173 galima atimti maisto med\u017eiagas ir u\u017ekirsti keli\u0105 joms plisti. \u0160is mitybos","robots":{"index":"index","follow":"follow","max-snippet":"max-snippet:-1","max-image-preview":"max-image-preview:large","max-video-preview":"max-video-preview:-1"},"canonical":"https:\/\/skaitytaknyga.lt\/en\/produktas\/naujoji-priesvezine-mityba\/","og_locale":"en_GB","og_type":"article","og_title":"[:lt]Naujoji prie\u0161v\u0117\u017ein\u0117 mityba[:] - Skaitytaknyga","og_description":"Knyga \u201eNaujoji prie\u0161v\u0117\u017ein\u0117 mityba\u201c supa\u017eindina, kaip i\u0161 agresyvi\u0173 v\u0117\u017eio l\u0105steli\u0173 galima atimti maisto med\u017eiagas ir u\u017ekirsti keli\u0105 joms plisti. \u0160is mitybos","og_url":"https:\/\/skaitytaknyga.lt\/en\/produktas\/naujoji-priesvezine-mityba\/","og_site_name":"Skaitytaknyga","article_publisher":"https:\/\/www.facebook.com\/skaitytaknyga\/","article_modified_time":"2026-04-27T08:59:01+00:00","og_image":[{"width":492,"height":679,"url":"https:\/\/skaitytaknyga.lt\/wp-content\/uploads\/2026\/04\/Naujoji-priesvezine-mityba.-Kaip-sustabdyti-vezio-gena.webp","type":"image\/webp"}],"twitter_card":"summary_large_image","twitter_misc":{"Estimated reading time":"1 minute"},"schema":{"@context":"https:\/\/schema.org","@graph":[{"@type":"WebPage","@id":"https:\/\/skaitytaknyga.lt\/produktas\/naujoji-priesvezine-mityba\/","url":"https:\/\/skaitytaknyga.lt\/produktas\/naujoji-priesvezine-mityba\/","name":"Naujoji prie\u0161v\u0117\u017ein\u0117 mityba","isPartOf":{"@id":"https:\/\/skaitytaknyga.lt\/#website"},"primaryImageOfPage":{"@id":"https:\/\/skaitytaknyga.lt\/produktas\/naujoji-priesvezine-mityba\/#primaryimage"},"image":{"@id":"https:\/\/skaitytaknyga.lt\/produktas\/naujoji-priesvezine-mityba\/#primaryimage"},"thumbnailUrl":"https:\/\/skaitytaknyga.lt\/wp-content\/uploads\/2026\/04\/Naujoji-priesvezine-mityba.-Kaip-sustabdyti-vezio-gena.webp","datePublished":"2026-04-27T06:05:55+00:00","dateModified":"2026-04-27T08:59:01+00:00","description":"Knyga \u201eNaujoji prie\u0161v\u0117\u017ein\u0117 mityba\u201c supa\u017eindina, kaip i\u0161 agresyvi\u0173 v\u0117\u017eio l\u0105steli\u0173 galima atimti maisto med\u017eiagas ir u\u017ekirsti keli\u0105 joms plisti. \u0160is mitybos","breadcrumb":{"@id":"https:\/\/skaitytaknyga.lt\/produktas\/naujoji-priesvezine-mityba\/#breadcrumb"},"inLanguage":"en-GB","potentialAction":[{"@type":"ReadAction","target":["https:\/\/skaitytaknyga.lt\/produktas\/naujoji-priesvezine-mityba\/"]}]},{"@type":"ImageObject","inLanguage":"en-GB","@id":"https:\/\/skaitytaknyga.lt\/produktas\/naujoji-priesvezine-mityba\/#primaryimage","url":"https:\/\/skaitytaknyga.lt\/wp-content\/uploads\/2026\/04\/Naujoji-priesvezine-mityba.-Kaip-sustabdyti-vezio-gena.webp","contentUrl":"https:\/\/skaitytaknyga.lt\/wp-content\/uploads\/2026\/04\/Naujoji-priesvezine-mityba.-Kaip-sustabdyti-vezio-gena.webp","width":492,"height":679,"caption":"Naujoji prie\u0161v\u0117\u017ein\u0117 mityba. Kaip sustabdyti v\u0117\u017eio gen\u0105"},{"@type":"BreadcrumbList","@id":"https:\/\/skaitytaknyga.lt\/produktas\/naujoji-priesvezine-mityba\/#breadcrumb","itemListElement":[{"@type":"ListItem","position":1,"name":"Home","item":"https:\/\/skaitytaknyga.lt\/"},{"@type":"ListItem","position":2,"name":"Parduotuv\u0117","item":"https:\/\/skaitytaknyga.lt\/knygu-parduotuve\/"},{"@type":"ListItem","position":3,"name":"Naujoji prie\u0161v\u0117\u017ein\u0117 mityba"}]},{"@type":"WebSite","@id":"https:\/\/skaitytaknyga.lt\/#website","url":"https:\/\/skaitytaknyga.lt\/","name":"skaitytaknyga.lt","description":"Skaitytaknyga.lt \u2013 tai ma\u017eas \u0161eimos verslas, kuris prasid\u0117jo nuo meil\u0117s knygoms ir siekio i\u0161gelb\u0117ti knygas nuo likimo prie konteinerio. Kas vienam nereikalingas daiktas \u2013 kitam lobis, o mes esame tarpininkai, kurie padeda abiems tapti laimingesniems ???? \u017dinome kaip nelengva i\u0161gyventi ma\u017eiems verslams, tad nuo \u0161iol, \u010dia rasite ir kit\u0173, ma\u017e\u0173 \u0161eim\u0173 versl\u0173, rank\u0173 darbo, dovan\u0173 sau ir artimiesiems.","publisher":{"@id":"https:\/\/skaitytaknyga.lt\/#organization"},"potentialAction":[{"@type":"SearchAction","target":{"@type":"EntryPoint","urlTemplate":"https:\/\/skaitytaknyga.lt\/?s={search_term_string}"},"query-input":{"@type":"PropertyValueSpecification","valueRequired":true,"valueName":"search_term_string"}}],"inLanguage":"en-GB"},{"@type":"Organization","@id":"https:\/\/skaitytaknyga.lt\/#organization","name":"skaitytaknyga.lt","url":"https:\/\/skaitytaknyga.lt\/","logo":{"@type":"ImageObject","inLanguage":"en-GB","@id":"https:\/\/skaitytaknyga.lt\/#\/schema\/logo\/image\/","url":"https:\/\/skaitytaknyga.lt\/wp-content\/uploads\/2024\/05\/cropped-cropped-cropped-02_00843_jt3bggkj1j3HLc7SyY6rEUpg.jpeg","contentUrl":"https:\/\/skaitytaknyga.lt\/wp-content\/uploads\/2024\/05\/cropped-cropped-cropped-02_00843_jt3bggkj1j3HLc7SyY6rEUpg.jpeg","width":1600,"height":1600,"caption":"skaitytaknyga.lt"},"image":{"@id":"https:\/\/skaitytaknyga.lt\/#\/schema\/logo\/image\/"},"sameAs":["https:\/\/www.facebook.com\/skaitytaknyga\/"]}]}},"_links":{"self":[{"href":"https:\/\/skaitytaknyga.lt\/en\/wp-json\/wp\/v2\/product\/26380","targetHints":{"allow":["GET"]}}],"collection":[{"href":"https:\/\/skaitytaknyga.lt\/en\/wp-json\/wp\/v2\/product"}],"about":[{"href":"https:\/\/skaitytaknyga.lt\/en\/wp-json\/wp\/v2\/types\/product"}],"replies":[{"embeddable":true,"href":"https:\/\/skaitytaknyga.lt\/en\/wp-json\/wp\/v2\/comments?post=26380"}],"wp:featuredmedia":[{"embeddable":true,"href":"https:\/\/skaitytaknyga.lt\/en\/wp-json\/wp\/v2\/media\/26385"}],"wp:attachment":[{"href":"https:\/\/skaitytaknyga.lt\/en\/wp-json\/wp\/v2\/media?parent=26380"}],"wp:term":[{"taxonomy":"product_brand","embeddable":true,"href":"https:\/\/skaitytaknyga.lt\/en\/wp-json\/wp\/v2\/product_brand?post=26380"},{"taxonomy":"product_cat","embeddable":true,"href":"https:\/\/skaitytaknyga.lt\/en\/wp-json\/wp\/v2\/product_cat?post=26380"},{"taxonomy":"product_tag","embeddable":true,"href":"https:\/\/skaitytaknyga.lt\/en\/wp-json\/wp\/v2\/product_tag?post=26380"}],"curies":[{"name":"wp","href":"https:\/\/api.w.org\/{rel}","templated":true}]}}