{"id":26379,"date":"2026-04-27T09:05:55","date_gmt":"2026-04-27T06:05:55","guid":{"rendered":"https:\/\/skaitytaknyga.lt\/?post_type=product&#038;p=26379"},"modified":"2026-04-27T11:59:01","modified_gmt":"2026-04-27T08:59:01","slug":"kiborgu-zeme","status":"publish","type":"product","link":"https:\/\/skaitytaknyga.lt\/en\/produktas\/kiborgu-zeme\/","title":{"rendered":"Kiborg\u0173 \u017eem\u0117"},"content":{"rendered":"<p>Atostogaudamas gimtojoje \u0160ilut\u0117je \u017eurnalistas Dovydas Pancerovas (g. 1987) sulaukia netik\u0117to pasi\u016blymo skristi \u012f revoliucijos kre\u010diam\u0105 Ukrainos sostin\u0119 Kijev\u0105. Jam atrodo, kad tai bus tikras nuotykis, tod\u0117l nedvejodamas sutinka. Jau kit\u0105 dien\u0105 Dovydas atsiduria tarp barikad\u0173 ir svylan\u010di\u0173 padang\u0173, patenka \u012f tikr\u0105 smurto ir neapykantos uragan\u0105. Jam tr\u016bksta \u0161ilt\u0173 r\u016bb\u0173, jis neturi \u0161almo ir \u0161arvin\u0117s liemen\u0117s, o kuprin\u0117je viso labo guli d\u017einsai, ne\u0161iojamasis kompiuteris ir buteliukas vyri\u0161k\u0173 kvepal\u0173. Revoliucija sukre\u010dia jaun\u0105 reporter\u012f, j\u012f u\u017evaldo adrenalino tro\u0161kimas ir sunk\u016bs i\u0161gyvenimai. Jis ir v\u0117l gr\u012f\u017eta \u012f karo siaubiam\u0105 Ukrain\u0105.<\/p>\n<p>    Asmeninis santykis \u2013 did\u017eiausia knygos vertyb\u0117. Svarbiau ne tai, kad autorius pats lank\u0117si karo zonoje ir steng\u0117si informuoti apie \u012fvykius lietuvi\u0173 auditorij\u0105, o \u012fsitraukimas, empatija, r\u016bpestis. Taip pat svarbu, kad \u017eurnalistas nesipuikuoja patirtais i\u0161bandymais. \u201eLiterat\u016bra ir menas\u201c ap\u017evalgininkas Marijus Gailius<\/p>\n<p>    Pancerovas sugeba meistri\u0161kai valdyti k\u016brinio temp\u0105 tai u\u017e\u0161aldydamas veiksm\u0105 nykioje lietuvi\u0161koje kasdienyb\u0117je, tai iki maksimumo pakaitindamas liepsnojan\u010diame Maidane ar neramiuose Ukrainos rytuose. Jis gabiai atrenka ir sud\u0117lioja \u017eod\u017eius, tod\u0117l tekstas lengvai skaitomas, ir dviej\u0173 pavakarojim\u0173 \u0161iai knygai u\u017etenka. \u201eVerslo klas\u0117\u201c knyg\u0173 ap\u017evalgininkas Egidijus Jurgelionis<\/p>\n<p>     Pulsuojantis tekstas. Jauti Molotovo kokteili\u0173, degan\u010di\u0173 padang\u0173 ir mirties tvaik\u0105. Atviras Dovydo Pancerovo dienora\u0161tis primena ilgai saujoje laikyt\u0105 granat\u0105, kurios \u017eiedas i\u0161trauktas. Prisiminim\u0173 sprogimas kala itin stipriai. \u017durnalistas, publicistas, keliautojas Vytaras Radzevi\u010dius<\/p>\n","protected":false},"excerpt":{"rendered":"<p>Atostogaudamas gimtojoje \u0160ilut\u0117je \u017eurnalistas Dovydas Pancerovas (g. 1987) sulaukia netik\u0117to pasi\u016blymo skristi \u012f revoliucijos kre\u010diam\u0105 Ukrainos sostin\u0119 Kijev\u0105. Jam atrodo, kad tai bus tikras nuotykis, tod\u0117l nedvejodamas sutinka. Jau kit\u0105 dien\u0105 Dovydas atsiduria tarp barikad\u0173 ir svylan\u010di\u0173 padang\u0173, patenka \u012f tikr\u0105 smurto ir neapykantos uragan\u0105. Jam tr\u016bksta \u0161ilt\u0173 r\u016bb\u0173, jis neturi \u0161almo ir \u0161arvin\u0117s liemen\u0117s, o kuprin\u0117je viso labo guli d\u017einsai, ne\u0161iojamasis kompiuteris ir buteliukas vyri\u0161k\u0173 kvepal\u0173. Revoliucija sukre\u010dia jaun\u0105 reporter\u012f, j\u012f u\u017evaldo adrenalino tro\u0161kimas ir sunk\u016bs i\u0161gyvenimai. Jis ir v\u0117l gr\u012f\u017eta \u012f karo siaubiam\u0105 Ukrain\u0105. Asmeninis santykis \u2013 did\u017eiausia knygos vertyb\u0117. Svarbiau ne tai, kad autorius pats lank\u0117si karo zonoje ir steng\u0117si informuoti apie \u012fvykius lietuvi\u0173 auditorij\u0105, o \u012fsitraukimas, empatija, r\u016bpestis. Taip pat svarbu, kad \u017eurnalistas nesipuikuoja patirtais i\u0161bandymais. \u201eLiterat\u016bra ir menas\u201c ap\u017evalgininkas Marijus Gailius Pancerovas sugeba meistri\u0161kai valdyti k\u016brinio temp\u0105 tai u\u017e\u0161aldydamas veiksm\u0105 nykioje lietuvi\u0161koje kasdienyb\u0117je, tai iki maksimumo pakaitindamas liepsnojan\u010diame Maidane ar neramiuose Ukrainos rytuose. Jis gabiai atrenka ir sud\u0117lioja \u017eod\u017eius, tod\u0117l tekstas lengvai skaitomas, ir dviej\u0173 pavakarojim\u0173 \u0161iai knygai u\u017etenka. \u201eVerslo klas\u0117\u201c knyg\u0173 ap\u017evalgininkas Egidijus Jurgelionis Pulsuojantis tekstas. Jauti Molotovo kokteili\u0173, degan\u010di\u0173 padang\u0173 ir mirties tvaik\u0105. Atviras Dovydo Pancerovo dienora\u0161tis primena ilgai saujoje laikyt\u0105 granat\u0105, kurios \u017eiedas i\u0161trauktas. Prisiminim\u0173 sprogimas kala itin stipriai. \u017durnalistas, publicistas, keliautojas Vytaras Radzevi\u010dius<\/p>\n","protected":false},"featured_media":26384,"comment_status":"open","ping_status":"closed","template":"","meta":{"_acf_changed":false,"site-sidebar-layout":"default","site-content-layout":"","ast-site-content-layout":"default","site-content-style":"default","site-sidebar-style":"default","ast-global-header-display":"","ast-banner-title-visibility":"","ast-main-header-display":"","ast-hfb-above-header-display":"","ast-hfb-below-header-display":"","ast-hfb-mobile-header-display":"","site-post-title":"","ast-breadcrumbs-content":"","ast-featured-img":"","footer-sml-layout":"","ast-disable-related-posts":"","theme-transparent-header-meta":"","adv-header-id-meta":"","stick-header-meta":"","header-above-stick-meta":"","header-main-stick-meta":"","header-below-stick-meta":"","astra-migrate-meta-layouts":"default","ast-page-background-enabled":"default","ast-page-background-meta":{"desktop":{"background-color":"","background-image":"","background-repeat":"repeat","background-position":"center center","background-size":"auto","background-attachment":"scroll","background-type":"","background-media":"","overlay-type":"","overlay-color":"","overlay-opacity":"","overlay-gradient":""},"tablet":{"background-color":"","background-image":"","background-repeat":"repeat","background-position":"center center","background-size":"auto","background-attachment":"scroll","background-type":"","background-media":"","overlay-type":"","overlay-color":"","overlay-opacity":"","overlay-gradient":""},"mobile":{"background-color":"","background-image":"","background-repeat":"repeat","background-position":"center center","background-size":"auto","background-attachment":"scroll","background-type":"","background-media":"","overlay-type":"","overlay-color":"","overlay-opacity":"","overlay-gradient":""}},"ast-content-background-meta":{"desktop":{"background-color":"var(--ast-global-color-4)","background-image":"","background-repeat":"repeat","background-position":"center center","background-size":"auto","background-attachment":"scroll","background-type":"","background-media":"","overlay-type":"","overlay-color":"","overlay-opacity":"","overlay-gradient":""},"tablet":{"background-color":"var(--ast-global-color-4)","background-image":"","background-repeat":"repeat","background-position":"center center","background-size":"auto","background-attachment":"scroll","background-type":"","background-media":"","overlay-type":"","overlay-color":"","overlay-opacity":"","overlay-gradient":""},"mobile":{"background-color":"var(--ast-global-color-4)","background-image":"","background-repeat":"repeat","background-position":"center center","background-size":"auto","background-attachment":"scroll","background-type":"","background-media":"","overlay-type":"","overlay-color":"","overlay-opacity":"","overlay-gradient":""}}},"product_brand":[],"product_cat":[174],"product_tag":[],"class_list":{"0":"post-26379","1":"product","2":"type-product","3":"status-publish","4":"has-post-thumbnail","6":"product_cat-istorija-ir-politologija","7":"desktop-align-left","8":"tablet-align-left","9":"mobile-align-left","11":"first","12":"instock","13":"shipping-taxable","14":"purchasable","15":"product-type-simple"},"acf":[],"yoast_head":"<!-- This site is optimized with the Yoast SEO plugin v27.4 - https:\/\/yoast.com\/product\/yoast-seo-wordpress\/ -->\n<title>Kiborg\u0173 \u017eem\u0117<\/title>\n<meta name=\"description\" content=\"Atostogaudamas gimtojoje \u0160ilut\u0117je \u017eurnalistas Dovydas Pancerovas (g. 1987) sulaukia netik\u0117to pasi\u016blymo skristi \u012f revoliucijos kre\u010diam\u0105 Ukrainos sostin\u0119\" \/>\n<meta name=\"robots\" content=\"index, follow, max-snippet:-1, max-image-preview:large, max-video-preview:-1\" \/>\n<link rel=\"canonical\" href=\"https:\/\/skaitytaknyga.lt\/en\/produktas\/kiborgu-zeme\/\" \/>\n<meta property=\"og:locale\" content=\"en_GB\" \/>\n<meta property=\"og:locale:alternate\" content=\"lt_LT\" \/>\n<meta property=\"og:type\" content=\"article\" \/>\n<meta property=\"og:title\" content=\"Kiborg\u0173 \u017eem\u0117\" \/>\n<meta property=\"og:description\" content=\"Atostogaudamas gimtojoje \u0160ilut\u0117je \u017eurnalistas Dovydas Pancerovas (g. 1987) sulaukia netik\u0117to pasi\u016blymo skristi \u012f revoliucijos kre\u010diam\u0105 Ukrainos sostin\u0119\" \/>\n<meta property=\"og:url\" content=\"https:\/\/skaitytaknyga.lt\/en\/produktas\/kiborgu-zeme\/\" \/>\n<meta property=\"og:site_name\" content=\"Skaitytaknyga\" \/>\n<meta property=\"article:publisher\" content=\"https:\/\/www.facebook.com\/skaitytaknyga\/\" \/>\n<meta property=\"article:modified_time\" content=\"2026-04-27T08:59:01+00:00\" \/>\n<meta property=\"og:image\" content=\"https:\/\/skaitytaknyga.lt\/wp-content\/uploads\/2026\/04\/Kiborgu-zeme.webp\" \/>\n\t<meta property=\"og:image:width\" content=\"403\" \/>\n\t<meta property=\"og:image:height\" content=\"600\" \/>\n\t<meta property=\"og:image:type\" content=\"image\/webp\" \/>\n<meta name=\"twitter:card\" content=\"summary_large_image\" \/>\n<meta name=\"twitter:label1\" content=\"Estimated reading time\" \/>\n\t<meta name=\"twitter:data1\" content=\"1 minute\" \/>\n<script type=\"application\/ld+json\" class=\"yoast-schema-graph\">{\"@context\":\"https:\\\/\\\/schema.org\",\"@graph\":[{\"@type\":\"WebPage\",\"@id\":\"https:\\\/\\\/skaitytaknyga.lt\\\/produktas\\\/kiborgu-zeme\\\/\",\"url\":\"https:\\\/\\\/skaitytaknyga.lt\\\/produktas\\\/kiborgu-zeme\\\/\",\"name\":\"Kiborg\u0173 \u017eem\u0117\",\"isPartOf\":{\"@id\":\"https:\\\/\\\/skaitytaknyga.lt\\\/#website\"},\"primaryImageOfPage\":{\"@id\":\"https:\\\/\\\/skaitytaknyga.lt\\\/produktas\\\/kiborgu-zeme\\\/#primaryimage\"},\"image\":{\"@id\":\"https:\\\/\\\/skaitytaknyga.lt\\\/produktas\\\/kiborgu-zeme\\\/#primaryimage\"},\"thumbnailUrl\":\"https:\\\/\\\/skaitytaknyga.lt\\\/wp-content\\\/uploads\\\/2026\\\/04\\\/Kiborgu-zeme.webp\",\"datePublished\":\"2026-04-27T06:05:55+00:00\",\"dateModified\":\"2026-04-27T08:59:01+00:00\",\"description\":\"Atostogaudamas gimtojoje \u0160ilut\u0117je \u017eurnalistas Dovydas Pancerovas (g. 1987) sulaukia netik\u0117to pasi\u016blymo skristi \u012f revoliucijos kre\u010diam\u0105 Ukrainos sostin\u0119\",\"breadcrumb\":{\"@id\":\"https:\\\/\\\/skaitytaknyga.lt\\\/produktas\\\/kiborgu-zeme\\\/#breadcrumb\"},\"inLanguage\":\"en-GB\",\"potentialAction\":[{\"@type\":\"ReadAction\",\"target\":[\"https:\\\/\\\/skaitytaknyga.lt\\\/produktas\\\/kiborgu-zeme\\\/\"]}]},{\"@type\":\"ImageObject\",\"inLanguage\":\"en-GB\",\"@id\":\"https:\\\/\\\/skaitytaknyga.lt\\\/produktas\\\/kiborgu-zeme\\\/#primaryimage\",\"url\":\"https:\\\/\\\/skaitytaknyga.lt\\\/wp-content\\\/uploads\\\/2026\\\/04\\\/Kiborgu-zeme.webp\",\"contentUrl\":\"https:\\\/\\\/skaitytaknyga.lt\\\/wp-content\\\/uploads\\\/2026\\\/04\\\/Kiborgu-zeme.webp\",\"width\":403,\"height\":600,\"caption\":\"Kiborg\u0173 \u017eem\u0117\"},{\"@type\":\"BreadcrumbList\",\"@id\":\"https:\\\/\\\/skaitytaknyga.lt\\\/produktas\\\/kiborgu-zeme\\\/#breadcrumb\",\"itemListElement\":[{\"@type\":\"ListItem\",\"position\":1,\"name\":\"Home\",\"item\":\"https:\\\/\\\/skaitytaknyga.lt\\\/\"},{\"@type\":\"ListItem\",\"position\":2,\"name\":\"Parduotuv\u0117\",\"item\":\"https:\\\/\\\/skaitytaknyga.lt\\\/knygu-parduotuve\\\/\"},{\"@type\":\"ListItem\",\"position\":3,\"name\":\"Kiborg\u0173 \u017eem\u0117\"}]},{\"@type\":\"WebSite\",\"@id\":\"https:\\\/\\\/skaitytaknyga.lt\\\/#website\",\"url\":\"https:\\\/\\\/skaitytaknyga.lt\\\/\",\"name\":\"skaitytaknyga.lt\",\"description\":\"Skaitytaknyga.lt \u2013 tai ma\u017eas \u0161eimos verslas, kuris prasid\u0117jo nuo meil\u0117s knygoms ir siekio i\u0161gelb\u0117ti knygas nuo likimo prie konteinerio. Kas vienam nereikalingas daiktas \u2013 kitam lobis, o mes esame tarpininkai, kurie padeda abiems tapti laimingesniems ???? \u017dinome kaip nelengva i\u0161gyventi ma\u017eiems verslams, tad nuo \u0161iol, \u010dia rasite ir kit\u0173, ma\u017e\u0173 \u0161eim\u0173 versl\u0173, rank\u0173 darbo, dovan\u0173 sau ir artimiesiems.\",\"publisher\":{\"@id\":\"https:\\\/\\\/skaitytaknyga.lt\\\/#organization\"},\"potentialAction\":[{\"@type\":\"SearchAction\",\"target\":{\"@type\":\"EntryPoint\",\"urlTemplate\":\"https:\\\/\\\/skaitytaknyga.lt\\\/?s={search_term_string}\"},\"query-input\":{\"@type\":\"PropertyValueSpecification\",\"valueRequired\":true,\"valueName\":\"search_term_string\"}}],\"inLanguage\":\"en-GB\"},{\"@type\":\"Organization\",\"@id\":\"https:\\\/\\\/skaitytaknyga.lt\\\/#organization\",\"name\":\"skaitytaknyga.lt\",\"url\":\"https:\\\/\\\/skaitytaknyga.lt\\\/\",\"logo\":{\"@type\":\"ImageObject\",\"inLanguage\":\"en-GB\",\"@id\":\"https:\\\/\\\/skaitytaknyga.lt\\\/#\\\/schema\\\/logo\\\/image\\\/\",\"url\":\"https:\\\/\\\/skaitytaknyga.lt\\\/wp-content\\\/uploads\\\/2024\\\/05\\\/cropped-cropped-cropped-02_00843_jt3bggkj1j3HLc7SyY6rEUpg.jpeg\",\"contentUrl\":\"https:\\\/\\\/skaitytaknyga.lt\\\/wp-content\\\/uploads\\\/2024\\\/05\\\/cropped-cropped-cropped-02_00843_jt3bggkj1j3HLc7SyY6rEUpg.jpeg\",\"width\":1600,\"height\":1600,\"caption\":\"skaitytaknyga.lt\"},\"image\":{\"@id\":\"https:\\\/\\\/skaitytaknyga.lt\\\/#\\\/schema\\\/logo\\\/image\\\/\"},\"sameAs\":[\"https:\\\/\\\/www.facebook.com\\\/skaitytaknyga\\\/\"]}]}<\/script>\n<!-- \/ Yoast SEO plugin. -->","yoast_head_json":{"title":"Kiborg\u0173 \u017eem\u0117","description":"Atostogaudamas gimtojoje \u0160ilut\u0117je \u017eurnalistas Dovydas Pancerovas (g. 1987) sulaukia netik\u0117to pasi\u016blymo skristi \u012f revoliucijos kre\u010diam\u0105 Ukrainos sostin\u0119","robots":{"index":"index","follow":"follow","max-snippet":"max-snippet:-1","max-image-preview":"max-image-preview:large","max-video-preview":"max-video-preview:-1"},"canonical":"https:\/\/skaitytaknyga.lt\/en\/produktas\/kiborgu-zeme\/","og_locale":"en_GB","og_type":"article","og_title":"[:lt]Kiborg\u0173 \u017eem\u0117[:] - Skaitytaknyga","og_description":"Atostogaudamas gimtojoje \u0160ilut\u0117je \u017eurnalistas Dovydas Pancerovas (g. 1987) sulaukia netik\u0117to pasi\u016blymo skristi \u012f revoliucijos kre\u010diam\u0105 Ukrainos sostin\u0119","og_url":"https:\/\/skaitytaknyga.lt\/en\/produktas\/kiborgu-zeme\/","og_site_name":"Skaitytaknyga","article_publisher":"https:\/\/www.facebook.com\/skaitytaknyga\/","article_modified_time":"2026-04-27T08:59:01+00:00","og_image":[{"width":403,"height":600,"url":"https:\/\/skaitytaknyga.lt\/wp-content\/uploads\/2026\/04\/Kiborgu-zeme.webp","type":"image\/webp"}],"twitter_card":"summary_large_image","twitter_misc":{"Estimated reading time":"1 minute"},"schema":{"@context":"https:\/\/schema.org","@graph":[{"@type":"WebPage","@id":"https:\/\/skaitytaknyga.lt\/produktas\/kiborgu-zeme\/","url":"https:\/\/skaitytaknyga.lt\/produktas\/kiborgu-zeme\/","name":"Kiborg\u0173 \u017eem\u0117","isPartOf":{"@id":"https:\/\/skaitytaknyga.lt\/#website"},"primaryImageOfPage":{"@id":"https:\/\/skaitytaknyga.lt\/produktas\/kiborgu-zeme\/#primaryimage"},"image":{"@id":"https:\/\/skaitytaknyga.lt\/produktas\/kiborgu-zeme\/#primaryimage"},"thumbnailUrl":"https:\/\/skaitytaknyga.lt\/wp-content\/uploads\/2026\/04\/Kiborgu-zeme.webp","datePublished":"2026-04-27T06:05:55+00:00","dateModified":"2026-04-27T08:59:01+00:00","description":"Atostogaudamas gimtojoje \u0160ilut\u0117je \u017eurnalistas Dovydas Pancerovas (g. 1987) sulaukia netik\u0117to pasi\u016blymo skristi \u012f revoliucijos kre\u010diam\u0105 Ukrainos sostin\u0119","breadcrumb":{"@id":"https:\/\/skaitytaknyga.lt\/produktas\/kiborgu-zeme\/#breadcrumb"},"inLanguage":"en-GB","potentialAction":[{"@type":"ReadAction","target":["https:\/\/skaitytaknyga.lt\/produktas\/kiborgu-zeme\/"]}]},{"@type":"ImageObject","inLanguage":"en-GB","@id":"https:\/\/skaitytaknyga.lt\/produktas\/kiborgu-zeme\/#primaryimage","url":"https:\/\/skaitytaknyga.lt\/wp-content\/uploads\/2026\/04\/Kiborgu-zeme.webp","contentUrl":"https:\/\/skaitytaknyga.lt\/wp-content\/uploads\/2026\/04\/Kiborgu-zeme.webp","width":403,"height":600,"caption":"Kiborg\u0173 \u017eem\u0117"},{"@type":"BreadcrumbList","@id":"https:\/\/skaitytaknyga.lt\/produktas\/kiborgu-zeme\/#breadcrumb","itemListElement":[{"@type":"ListItem","position":1,"name":"Home","item":"https:\/\/skaitytaknyga.lt\/"},{"@type":"ListItem","position":2,"name":"Parduotuv\u0117","item":"https:\/\/skaitytaknyga.lt\/knygu-parduotuve\/"},{"@type":"ListItem","position":3,"name":"Kiborg\u0173 \u017eem\u0117"}]},{"@type":"WebSite","@id":"https:\/\/skaitytaknyga.lt\/#website","url":"https:\/\/skaitytaknyga.lt\/","name":"skaitytaknyga.lt","description":"Skaitytaknyga.lt \u2013 tai ma\u017eas \u0161eimos verslas, kuris prasid\u0117jo nuo meil\u0117s knygoms ir siekio i\u0161gelb\u0117ti knygas nuo likimo prie konteinerio. Kas vienam nereikalingas daiktas \u2013 kitam lobis, o mes esame tarpininkai, kurie padeda abiems tapti laimingesniems ???? \u017dinome kaip nelengva i\u0161gyventi ma\u017eiems verslams, tad nuo \u0161iol, \u010dia rasite ir kit\u0173, ma\u017e\u0173 \u0161eim\u0173 versl\u0173, rank\u0173 darbo, dovan\u0173 sau ir artimiesiems.","publisher":{"@id":"https:\/\/skaitytaknyga.lt\/#organization"},"potentialAction":[{"@type":"SearchAction","target":{"@type":"EntryPoint","urlTemplate":"https:\/\/skaitytaknyga.lt\/?s={search_term_string}"},"query-input":{"@type":"PropertyValueSpecification","valueRequired":true,"valueName":"search_term_string"}}],"inLanguage":"en-GB"},{"@type":"Organization","@id":"https:\/\/skaitytaknyga.lt\/#organization","name":"skaitytaknyga.lt","url":"https:\/\/skaitytaknyga.lt\/","logo":{"@type":"ImageObject","inLanguage":"en-GB","@id":"https:\/\/skaitytaknyga.lt\/#\/schema\/logo\/image\/","url":"https:\/\/skaitytaknyga.lt\/wp-content\/uploads\/2024\/05\/cropped-cropped-cropped-02_00843_jt3bggkj1j3HLc7SyY6rEUpg.jpeg","contentUrl":"https:\/\/skaitytaknyga.lt\/wp-content\/uploads\/2024\/05\/cropped-cropped-cropped-02_00843_jt3bggkj1j3HLc7SyY6rEUpg.jpeg","width":1600,"height":1600,"caption":"skaitytaknyga.lt"},"image":{"@id":"https:\/\/skaitytaknyga.lt\/#\/schema\/logo\/image\/"},"sameAs":["https:\/\/www.facebook.com\/skaitytaknyga\/"]}]}},"_links":{"self":[{"href":"https:\/\/skaitytaknyga.lt\/en\/wp-json\/wp\/v2\/product\/26379","targetHints":{"allow":["GET"]}}],"collection":[{"href":"https:\/\/skaitytaknyga.lt\/en\/wp-json\/wp\/v2\/product"}],"about":[{"href":"https:\/\/skaitytaknyga.lt\/en\/wp-json\/wp\/v2\/types\/product"}],"replies":[{"embeddable":true,"href":"https:\/\/skaitytaknyga.lt\/en\/wp-json\/wp\/v2\/comments?post=26379"}],"wp:featuredmedia":[{"embeddable":true,"href":"https:\/\/skaitytaknyga.lt\/en\/wp-json\/wp\/v2\/media\/26384"}],"wp:attachment":[{"href":"https:\/\/skaitytaknyga.lt\/en\/wp-json\/wp\/v2\/media?parent=26379"}],"wp:term":[{"taxonomy":"product_brand","embeddable":true,"href":"https:\/\/skaitytaknyga.lt\/en\/wp-json\/wp\/v2\/product_brand?post=26379"},{"taxonomy":"product_cat","embeddable":true,"href":"https:\/\/skaitytaknyga.lt\/en\/wp-json\/wp\/v2\/product_cat?post=26379"},{"taxonomy":"product_tag","embeddable":true,"href":"https:\/\/skaitytaknyga.lt\/en\/wp-json\/wp\/v2\/product_tag?post=26379"}],"curies":[{"name":"wp","href":"https:\/\/api.w.org\/{rel}","templated":true}]}}