{"id":26378,"date":"2026-04-27T09:05:55","date_gmt":"2026-04-27T06:05:55","guid":{"rendered":"https:\/\/skaitytaknyga.lt\/?post_type=product&#038;p=26378"},"modified":"2026-04-27T11:59:01","modified_gmt":"2026-04-27T08:59:01","slug":"likimu-katilai","status":"publish","type":"product","link":"https:\/\/skaitytaknyga.lt\/en\/produktas\/likimu-katilai\/","title":{"rendered":"Likim\u0173 katilai"},"content":{"rendered":"<p>Nepaisant pasaulyje vykstan\u010di\u0173 kataklizm\u0173, likim\u0173 katilai nenustojo vir\u0119. Kuo ar\u010diau \u017eem\u0117s pavir\u0161iaus, kuo ma\u017eiau statistikos, tuo glaud\u017eiau kiekvieno m\u016bs\u0173 likimo.<\/p>\n<p>Ar septyniasde\u0161imtieji, ar devyniasde\u0161imtieji, ar du t\u016bkstantieji, ar dar v\u0117liau&#8230; Tie patys angel\u0173 ir demon\u0173 poelgiai, tie patys jausmai, tie patys pir\u0161tai, ra\u0161antys lai\u0161kus \u2013 vieni laiko parker\u012f, kiti spaudin\u0117ja klaviat\u016br\u0105. Skiriasi tik priemon\u0117s ir k\u016bnas. Tas pats \u0161ampanas, ta pati migrena ir tas pats aspirinas.<\/p>\n<p>\u201eAr nor\u0117tum trumpai atsijungti nuo realyb\u0117s, \u017evilgtelti akies kra\u0161teliu \u012f nepa\u017e\u012fstam\u0173 \u017emoni\u0173 kasdienyb\u0119, galb\u016bt atpa\u017einti jos atspalvius ir palyginti su sav\u0105ja, tiesiog ramiai pasib\u016bti ir pamaitinti savo siel\u0105 lengvu knygos skaitymu? Tuomet kvie\u010diu akimis pasivaik\u0161\u010dioti po \u201eLikim\u0173 katil\u0173&#8221; piev\u0105.&#8221;<\/p>\n<p>Renata Rehnstedt<\/p>\n","protected":false},"excerpt":{"rendered":"<p>Nepaisant pasaulyje vykstan\u010di\u0173 kataklizm\u0173, likim\u0173 katilai nenustojo vir\u0119. Kuo ar\u010diau \u017eem\u0117s pavir\u0161iaus, kuo ma\u017eiau statistikos, tuo glaud\u017eiau kiekvieno m\u016bs\u0173 likimo. Ar septyniasde\u0161imtieji, ar devyniasde\u0161imtieji, ar du t\u016bkstantieji, ar dar v\u0117liau&#8230; Tie patys angel\u0173 ir demon\u0173 poelgiai, tie patys jausmai, tie patys pir\u0161tai, ra\u0161antys lai\u0161kus \u2013 vieni laiko parker\u012f, kiti spaudin\u0117ja klaviat\u016br\u0105. Skiriasi tik priemon\u0117s ir k\u016bnas. Tas pats \u0161ampanas, ta pati migrena ir tas pats aspirinas. \u201eAr nor\u0117tum trumpai atsijungti nuo realyb\u0117s, \u017evilgtelti akies kra\u0161teliu \u012f nepa\u017e\u012fstam\u0173 \u017emoni\u0173 kasdienyb\u0119, galb\u016bt atpa\u017einti jos atspalvius ir palyginti su sav\u0105ja, tiesiog ramiai pasib\u016bti ir pamaitinti savo siel\u0105 lengvu knygos skaitymu? Tuomet kvie\u010diu akimis pasivaik\u0161\u010dioti po \u201eLikim\u0173 katil\u0173&#8221; piev\u0105.&#8221; Renata Rehnstedt<\/p>\n","protected":false},"featured_media":26383,"comment_status":"open","ping_status":"closed","template":"","meta":{"_acf_changed":false,"site-sidebar-layout":"default","site-content-layout":"","ast-site-content-layout":"default","site-content-style":"default","site-sidebar-style":"default","ast-global-header-display":"","ast-banner-title-visibility":"","ast-main-header-display":"","ast-hfb-above-header-display":"","ast-hfb-below-header-display":"","ast-hfb-mobile-header-display":"","site-post-title":"","ast-breadcrumbs-content":"","ast-featured-img":"","footer-sml-layout":"","ast-disable-related-posts":"","theme-transparent-header-meta":"","adv-header-id-meta":"","stick-header-meta":"","header-above-stick-meta":"","header-main-stick-meta":"","header-below-stick-meta":"","astra-migrate-meta-layouts":"default","ast-page-background-enabled":"default","ast-page-background-meta":{"desktop":{"background-color":"","background-image":"","background-repeat":"repeat","background-position":"center center","background-size":"auto","background-attachment":"scroll","background-type":"","background-media":"","overlay-type":"","overlay-color":"","overlay-opacity":"","overlay-gradient":""},"tablet":{"background-color":"","background-image":"","background-repeat":"repeat","background-position":"center center","background-size":"auto","background-attachment":"scroll","background-type":"","background-media":"","overlay-type":"","overlay-color":"","overlay-opacity":"","overlay-gradient":""},"mobile":{"background-color":"","background-image":"","background-repeat":"repeat","background-position":"center center","background-size":"auto","background-attachment":"scroll","background-type":"","background-media":"","overlay-type":"","overlay-color":"","overlay-opacity":"","overlay-gradient":""}},"ast-content-background-meta":{"desktop":{"background-color":"var(--ast-global-color-4)","background-image":"","background-repeat":"repeat","background-position":"center center","background-size":"auto","background-attachment":"scroll","background-type":"","background-media":"","overlay-type":"","overlay-color":"","overlay-opacity":"","overlay-gradient":""},"tablet":{"background-color":"var(--ast-global-color-4)","background-image":"","background-repeat":"repeat","background-position":"center center","background-size":"auto","background-attachment":"scroll","background-type":"","background-media":"","overlay-type":"","overlay-color":"","overlay-opacity":"","overlay-gradient":""},"mobile":{"background-color":"var(--ast-global-color-4)","background-image":"","background-repeat":"repeat","background-position":"center center","background-size":"auto","background-attachment":"scroll","background-type":"","background-media":"","overlay-type":"","overlay-color":"","overlay-opacity":"","overlay-gradient":""}}},"product_brand":[],"product_cat":[9734],"product_tag":[],"class_list":{"0":"post-26378","1":"product","2":"type-product","3":"status-publish","4":"has-post-thumbnail","6":"product_cat-romanai","7":"desktop-align-left","8":"tablet-align-left","9":"mobile-align-left","11":"first","12":"instock","13":"shipping-taxable","14":"purchasable","15":"product-type-simple"},"acf":[],"yoast_head":"<!-- This site is optimized with the Yoast SEO plugin v27.4 - https:\/\/yoast.com\/product\/yoast-seo-wordpress\/ -->\n<title>Likim\u0173 katilai<\/title>\n<meta name=\"description\" content=\"Nepaisant pasaulyje vykstan\u010di\u0173 kataklizm\u0173, likim\u0173 katilai nenustojo vir\u0119. Kuo ar\u010diau \u017eem\u0117s pavir\u0161iaus, kuo ma\u017eiau statistikos, tuo glaud\u017eiau kiekvieno\" \/>\n<meta name=\"robots\" content=\"index, follow, max-snippet:-1, max-image-preview:large, max-video-preview:-1\" \/>\n<link rel=\"canonical\" href=\"https:\/\/skaitytaknyga.lt\/en\/produktas\/likimu-katilai\/\" \/>\n<meta property=\"og:locale\" content=\"en_GB\" \/>\n<meta property=\"og:locale:alternate\" content=\"lt_LT\" \/>\n<meta property=\"og:type\" content=\"article\" \/>\n<meta property=\"og:title\" content=\"Likim\u0173 katilai\" \/>\n<meta property=\"og:description\" content=\"Nepaisant pasaulyje vykstan\u010di\u0173 kataklizm\u0173, likim\u0173 katilai nenustojo vir\u0119. Kuo ar\u010diau \u017eem\u0117s pavir\u0161iaus, kuo ma\u017eiau statistikos, tuo glaud\u017eiau kiekvieno\" \/>\n<meta property=\"og:url\" content=\"https:\/\/skaitytaknyga.lt\/en\/produktas\/likimu-katilai\/\" \/>\n<meta property=\"og:site_name\" content=\"Skaitytaknyga\" \/>\n<meta property=\"article:publisher\" content=\"https:\/\/www.facebook.com\/skaitytaknyga\/\" \/>\n<meta property=\"article:modified_time\" content=\"2026-04-27T08:59:01+00:00\" \/>\n<meta property=\"og:image\" content=\"https:\/\/skaitytaknyga.lt\/wp-content\/uploads\/2026\/04\/Likimu-katilai-e1777270123957.webp\" \/>\n\t<meta property=\"og:image:width\" content=\"300\" \/>\n\t<meta property=\"og:image:height\" content=\"459\" \/>\n\t<meta property=\"og:image:type\" content=\"image\/webp\" \/>\n<meta name=\"twitter:card\" content=\"summary_large_image\" \/>\n<meta name=\"twitter:label1\" content=\"Estimated reading time\" \/>\n\t<meta name=\"twitter:data1\" content=\"1 minute\" \/>\n<script type=\"application\/ld+json\" class=\"yoast-schema-graph\">{\"@context\":\"https:\\\/\\\/schema.org\",\"@graph\":[{\"@type\":\"WebPage\",\"@id\":\"https:\\\/\\\/skaitytaknyga.lt\\\/produktas\\\/likimu-katilai\\\/\",\"url\":\"https:\\\/\\\/skaitytaknyga.lt\\\/produktas\\\/likimu-katilai\\\/\",\"name\":\"Likim\u0173 katilai\",\"isPartOf\":{\"@id\":\"https:\\\/\\\/skaitytaknyga.lt\\\/#website\"},\"primaryImageOfPage\":{\"@id\":\"https:\\\/\\\/skaitytaknyga.lt\\\/produktas\\\/likimu-katilai\\\/#primaryimage\"},\"image\":{\"@id\":\"https:\\\/\\\/skaitytaknyga.lt\\\/produktas\\\/likimu-katilai\\\/#primaryimage\"},\"thumbnailUrl\":\"https:\\\/\\\/skaitytaknyga.lt\\\/wp-content\\\/uploads\\\/2026\\\/04\\\/Likimu-katilai-e1777270123957.webp\",\"datePublished\":\"2026-04-27T06:05:55+00:00\",\"dateModified\":\"2026-04-27T08:59:01+00:00\",\"description\":\"Nepaisant pasaulyje vykstan\u010di\u0173 kataklizm\u0173, likim\u0173 katilai nenustojo vir\u0119. Kuo ar\u010diau \u017eem\u0117s pavir\u0161iaus, kuo ma\u017eiau statistikos, tuo glaud\u017eiau kiekvieno\",\"breadcrumb\":{\"@id\":\"https:\\\/\\\/skaitytaknyga.lt\\\/produktas\\\/likimu-katilai\\\/#breadcrumb\"},\"inLanguage\":\"en-GB\",\"potentialAction\":[{\"@type\":\"ReadAction\",\"target\":[\"https:\\\/\\\/skaitytaknyga.lt\\\/produktas\\\/likimu-katilai\\\/\"]}]},{\"@type\":\"ImageObject\",\"inLanguage\":\"en-GB\",\"@id\":\"https:\\\/\\\/skaitytaknyga.lt\\\/produktas\\\/likimu-katilai\\\/#primaryimage\",\"url\":\"https:\\\/\\\/skaitytaknyga.lt\\\/wp-content\\\/uploads\\\/2026\\\/04\\\/Likimu-katilai-e1777270123957.webp\",\"contentUrl\":\"https:\\\/\\\/skaitytaknyga.lt\\\/wp-content\\\/uploads\\\/2026\\\/04\\\/Likimu-katilai-e1777270123957.webp\",\"width\":300,\"height\":459,\"caption\":\"Likim\u0173 katilai\"},{\"@type\":\"BreadcrumbList\",\"@id\":\"https:\\\/\\\/skaitytaknyga.lt\\\/produktas\\\/likimu-katilai\\\/#breadcrumb\",\"itemListElement\":[{\"@type\":\"ListItem\",\"position\":1,\"name\":\"Home\",\"item\":\"https:\\\/\\\/skaitytaknyga.lt\\\/\"},{\"@type\":\"ListItem\",\"position\":2,\"name\":\"Parduotuv\u0117\",\"item\":\"https:\\\/\\\/skaitytaknyga.lt\\\/knygu-parduotuve\\\/\"},{\"@type\":\"ListItem\",\"position\":3,\"name\":\"Likim\u0173 katilai\"}]},{\"@type\":\"WebSite\",\"@id\":\"https:\\\/\\\/skaitytaknyga.lt\\\/#website\",\"url\":\"https:\\\/\\\/skaitytaknyga.lt\\\/\",\"name\":\"skaitytaknyga.lt\",\"description\":\"Skaitytaknyga.lt \u2013 tai ma\u017eas \u0161eimos verslas, kuris prasid\u0117jo nuo meil\u0117s knygoms ir siekio i\u0161gelb\u0117ti knygas nuo likimo prie konteinerio. Kas vienam nereikalingas daiktas \u2013 kitam lobis, o mes esame tarpininkai, kurie padeda abiems tapti laimingesniems ???? \u017dinome kaip nelengva i\u0161gyventi ma\u017eiems verslams, tad nuo \u0161iol, \u010dia rasite ir kit\u0173, ma\u017e\u0173 \u0161eim\u0173 versl\u0173, rank\u0173 darbo, dovan\u0173 sau ir artimiesiems.\",\"publisher\":{\"@id\":\"https:\\\/\\\/skaitytaknyga.lt\\\/#organization\"},\"potentialAction\":[{\"@type\":\"SearchAction\",\"target\":{\"@type\":\"EntryPoint\",\"urlTemplate\":\"https:\\\/\\\/skaitytaknyga.lt\\\/?s={search_term_string}\"},\"query-input\":{\"@type\":\"PropertyValueSpecification\",\"valueRequired\":true,\"valueName\":\"search_term_string\"}}],\"inLanguage\":\"en-GB\"},{\"@type\":\"Organization\",\"@id\":\"https:\\\/\\\/skaitytaknyga.lt\\\/#organization\",\"name\":\"skaitytaknyga.lt\",\"url\":\"https:\\\/\\\/skaitytaknyga.lt\\\/\",\"logo\":{\"@type\":\"ImageObject\",\"inLanguage\":\"en-GB\",\"@id\":\"https:\\\/\\\/skaitytaknyga.lt\\\/#\\\/schema\\\/logo\\\/image\\\/\",\"url\":\"https:\\\/\\\/skaitytaknyga.lt\\\/wp-content\\\/uploads\\\/2024\\\/05\\\/cropped-cropped-cropped-02_00843_jt3bggkj1j3HLc7SyY6rEUpg.jpeg\",\"contentUrl\":\"https:\\\/\\\/skaitytaknyga.lt\\\/wp-content\\\/uploads\\\/2024\\\/05\\\/cropped-cropped-cropped-02_00843_jt3bggkj1j3HLc7SyY6rEUpg.jpeg\",\"width\":1600,\"height\":1600,\"caption\":\"skaitytaknyga.lt\"},\"image\":{\"@id\":\"https:\\\/\\\/skaitytaknyga.lt\\\/#\\\/schema\\\/logo\\\/image\\\/\"},\"sameAs\":[\"https:\\\/\\\/www.facebook.com\\\/skaitytaknyga\\\/\"]}]}<\/script>\n<!-- \/ Yoast SEO plugin. -->","yoast_head_json":{"title":"Likim\u0173 katilai","description":"Nepaisant pasaulyje vykstan\u010di\u0173 kataklizm\u0173, likim\u0173 katilai nenustojo vir\u0119. Kuo ar\u010diau \u017eem\u0117s pavir\u0161iaus, kuo ma\u017eiau statistikos, tuo glaud\u017eiau kiekvieno","robots":{"index":"index","follow":"follow","max-snippet":"max-snippet:-1","max-image-preview":"max-image-preview:large","max-video-preview":"max-video-preview:-1"},"canonical":"https:\/\/skaitytaknyga.lt\/en\/produktas\/likimu-katilai\/","og_locale":"en_GB","og_type":"article","og_title":"[:lt]Likim\u0173 katilai[:] - Skaitytaknyga","og_description":"Nepaisant pasaulyje vykstan\u010di\u0173 kataklizm\u0173, likim\u0173 katilai nenustojo vir\u0119. Kuo ar\u010diau \u017eem\u0117s pavir\u0161iaus, kuo ma\u017eiau statistikos, tuo glaud\u017eiau kiekvieno","og_url":"https:\/\/skaitytaknyga.lt\/en\/produktas\/likimu-katilai\/","og_site_name":"Skaitytaknyga","article_publisher":"https:\/\/www.facebook.com\/skaitytaknyga\/","article_modified_time":"2026-04-27T08:59:01+00:00","og_image":[{"width":300,"height":459,"url":"https:\/\/skaitytaknyga.lt\/wp-content\/uploads\/2026\/04\/Likimu-katilai-e1777270123957.webp","type":"image\/webp"}],"twitter_card":"summary_large_image","twitter_misc":{"Estimated reading time":"1 minute"},"schema":{"@context":"https:\/\/schema.org","@graph":[{"@type":"WebPage","@id":"https:\/\/skaitytaknyga.lt\/produktas\/likimu-katilai\/","url":"https:\/\/skaitytaknyga.lt\/produktas\/likimu-katilai\/","name":"Likim\u0173 katilai","isPartOf":{"@id":"https:\/\/skaitytaknyga.lt\/#website"},"primaryImageOfPage":{"@id":"https:\/\/skaitytaknyga.lt\/produktas\/likimu-katilai\/#primaryimage"},"image":{"@id":"https:\/\/skaitytaknyga.lt\/produktas\/likimu-katilai\/#primaryimage"},"thumbnailUrl":"https:\/\/skaitytaknyga.lt\/wp-content\/uploads\/2026\/04\/Likimu-katilai-e1777270123957.webp","datePublished":"2026-04-27T06:05:55+00:00","dateModified":"2026-04-27T08:59:01+00:00","description":"Nepaisant pasaulyje vykstan\u010di\u0173 kataklizm\u0173, likim\u0173 katilai nenustojo vir\u0119. Kuo ar\u010diau \u017eem\u0117s pavir\u0161iaus, kuo ma\u017eiau statistikos, tuo glaud\u017eiau kiekvieno","breadcrumb":{"@id":"https:\/\/skaitytaknyga.lt\/produktas\/likimu-katilai\/#breadcrumb"},"inLanguage":"en-GB","potentialAction":[{"@type":"ReadAction","target":["https:\/\/skaitytaknyga.lt\/produktas\/likimu-katilai\/"]}]},{"@type":"ImageObject","inLanguage":"en-GB","@id":"https:\/\/skaitytaknyga.lt\/produktas\/likimu-katilai\/#primaryimage","url":"https:\/\/skaitytaknyga.lt\/wp-content\/uploads\/2026\/04\/Likimu-katilai-e1777270123957.webp","contentUrl":"https:\/\/skaitytaknyga.lt\/wp-content\/uploads\/2026\/04\/Likimu-katilai-e1777270123957.webp","width":300,"height":459,"caption":"Likim\u0173 katilai"},{"@type":"BreadcrumbList","@id":"https:\/\/skaitytaknyga.lt\/produktas\/likimu-katilai\/#breadcrumb","itemListElement":[{"@type":"ListItem","position":1,"name":"Home","item":"https:\/\/skaitytaknyga.lt\/"},{"@type":"ListItem","position":2,"name":"Parduotuv\u0117","item":"https:\/\/skaitytaknyga.lt\/knygu-parduotuve\/"},{"@type":"ListItem","position":3,"name":"Likim\u0173 katilai"}]},{"@type":"WebSite","@id":"https:\/\/skaitytaknyga.lt\/#website","url":"https:\/\/skaitytaknyga.lt\/","name":"skaitytaknyga.lt","description":"Skaitytaknyga.lt \u2013 tai ma\u017eas \u0161eimos verslas, kuris prasid\u0117jo nuo meil\u0117s knygoms ir siekio i\u0161gelb\u0117ti knygas nuo likimo prie konteinerio. Kas vienam nereikalingas daiktas \u2013 kitam lobis, o mes esame tarpininkai, kurie padeda abiems tapti laimingesniems ???? \u017dinome kaip nelengva i\u0161gyventi ma\u017eiems verslams, tad nuo \u0161iol, \u010dia rasite ir kit\u0173, ma\u017e\u0173 \u0161eim\u0173 versl\u0173, rank\u0173 darbo, dovan\u0173 sau ir artimiesiems.","publisher":{"@id":"https:\/\/skaitytaknyga.lt\/#organization"},"potentialAction":[{"@type":"SearchAction","target":{"@type":"EntryPoint","urlTemplate":"https:\/\/skaitytaknyga.lt\/?s={search_term_string}"},"query-input":{"@type":"PropertyValueSpecification","valueRequired":true,"valueName":"search_term_string"}}],"inLanguage":"en-GB"},{"@type":"Organization","@id":"https:\/\/skaitytaknyga.lt\/#organization","name":"skaitytaknyga.lt","url":"https:\/\/skaitytaknyga.lt\/","logo":{"@type":"ImageObject","inLanguage":"en-GB","@id":"https:\/\/skaitytaknyga.lt\/#\/schema\/logo\/image\/","url":"https:\/\/skaitytaknyga.lt\/wp-content\/uploads\/2024\/05\/cropped-cropped-cropped-02_00843_jt3bggkj1j3HLc7SyY6rEUpg.jpeg","contentUrl":"https:\/\/skaitytaknyga.lt\/wp-content\/uploads\/2024\/05\/cropped-cropped-cropped-02_00843_jt3bggkj1j3HLc7SyY6rEUpg.jpeg","width":1600,"height":1600,"caption":"skaitytaknyga.lt"},"image":{"@id":"https:\/\/skaitytaknyga.lt\/#\/schema\/logo\/image\/"},"sameAs":["https:\/\/www.facebook.com\/skaitytaknyga\/"]}]}},"_links":{"self":[{"href":"https:\/\/skaitytaknyga.lt\/en\/wp-json\/wp\/v2\/product\/26378","targetHints":{"allow":["GET"]}}],"collection":[{"href":"https:\/\/skaitytaknyga.lt\/en\/wp-json\/wp\/v2\/product"}],"about":[{"href":"https:\/\/skaitytaknyga.lt\/en\/wp-json\/wp\/v2\/types\/product"}],"replies":[{"embeddable":true,"href":"https:\/\/skaitytaknyga.lt\/en\/wp-json\/wp\/v2\/comments?post=26378"}],"wp:featuredmedia":[{"embeddable":true,"href":"https:\/\/skaitytaknyga.lt\/en\/wp-json\/wp\/v2\/media\/26383"}],"wp:attachment":[{"href":"https:\/\/skaitytaknyga.lt\/en\/wp-json\/wp\/v2\/media?parent=26378"}],"wp:term":[{"taxonomy":"product_brand","embeddable":true,"href":"https:\/\/skaitytaknyga.lt\/en\/wp-json\/wp\/v2\/product_brand?post=26378"},{"taxonomy":"product_cat","embeddable":true,"href":"https:\/\/skaitytaknyga.lt\/en\/wp-json\/wp\/v2\/product_cat?post=26378"},{"taxonomy":"product_tag","embeddable":true,"href":"https:\/\/skaitytaknyga.lt\/en\/wp-json\/wp\/v2\/product_tag?post=26378"}],"curies":[{"name":"wp","href":"https:\/\/api.w.org\/{rel}","templated":true}]}}