{"id":26377,"date":"2026-04-27T09:05:55","date_gmt":"2026-04-27T06:05:55","guid":{"rendered":"https:\/\/skaitytaknyga.lt\/?post_type=product&#038;p=26377"},"modified":"2026-04-27T11:59:01","modified_gmt":"2026-04-27T08:59:01","slug":"diferencines-diagnostikos-algoritmai","status":"publish","type":"product","link":"https:\/\/skaitytaknyga.lt\/en\/produktas\/diferencines-diagnostikos-algoritmai\/","title":{"rendered":"Diferencin\u0117s diagnostikos algoritmai"},"content":{"rendered":"<p>\u0160i knyga skirta medicinos studentams, pradedantiesiems gydytojams bei pa\u017eengusiems praktikams, norintiems i\u0161mokti ar prisiminti, kaip vertinti paciento simptomus ir patobulinti klinikinio m\u0105stymo \u012fg\u016bd\u017eius bei diagnoz\u0117s nustatym\u0105.<\/p>\n<p>Klinikin\u0117 medicina prasideda nuo paciento. Pacientas ateina pas mus ne su liga, o su simptomais. Daugelis gali i\u0161vardyti simptom\u0173 skirtumus, ta\u010diau sunku atskirti svarbias diagnostikos ypatybes nuo nereik\u0161ming\u0173 smulkmen\u0173, kurias mums pateikia daugelis pacient\u0173. Kyla pagunda pasikliauti vis labiau did\u0117jan\u010diomis diagnostikos priemoni\u0173 galimyb\u0117mis, bet bandymas jas taikyti negalvojant ne tik klaidina, bet ir brangiai kainuoja m\u016bs\u0173 pacientams.<\/p>\n<p>\u0160ioje knygoje stengiuosi pasi\u016blyti priemoni\u0173 rinkin\u012f, kaip i\u0161spr\u0119sti \u0161iuos i\u0161\u0161\u016bkius. Kiekviename skyriuje nagrin\u0117jamas vienas skundas, nustatomi pagrindiniai skirtumai, pateikiama strategija, kaip atskirti vien\u0105 simptom\u0105 nuo kito ir pakreipti m\u0105stymo proces\u0105, susijus\u012f su anamnez\u0117s surinkimu, ap\u017ei\u016bra ir pradiniais tyrimais. \u0160ioje knygoje naudojami algoritmai, padedantys diagnozuoti. Tai klinikinio samprotavimo metodas, kuris naudoja svarbias informacijos dalis kaip atskaitos ta\u0161kus, kad atskirt\u0173 diagnozi\u0173 grupes. Tai papildo (ne pakei\u010dia) klinikinius asmens \u012fg\u016bd\u017eius ir \u017einias apie lig\u0105. Jaunesniems diagnostikams ypa\u010d naudingi mokymosi algoritmai, nes jie ne tik suteikia sisteming\u0105 ir funkcional\u0173 b\u016bd\u0105 tiriant pacientus, bet ir tarnauja kaip pagrindas kaupti \u017einias ir klinikinio samprotavimo \u012fg\u016bd\u017eiams mokytis.<\/p>\n<p>Visada atminkite, kad jei tikit\u0117s i\u0161siugdyti klinikin\u012f sumanum\u0105, niekas geriau to nepadarys kaip pacientai. Jie yra geriausi m\u016bs\u0173 mokytojai ir \u012fkv\u0117pimo \u0161altiniai.<\/p>\n","protected":false},"excerpt":{"rendered":"<p>\u0160i knyga skirta medicinos studentams, pradedantiesiems gydytojams bei pa\u017eengusiems praktikams, norintiems i\u0161mokti ar prisiminti, kaip vertinti paciento simptomus ir patobulinti klinikinio m\u0105stymo \u012fg\u016bd\u017eius bei diagnoz\u0117s nustatym\u0105. Klinikin\u0117 medicina prasideda nuo paciento. Pacientas ateina pas mus ne su liga, o su simptomais. Daugelis gali i\u0161vardyti simptom\u0173 skirtumus, ta\u010diau sunku atskirti svarbias diagnostikos ypatybes nuo nereik\u0161ming\u0173 smulkmen\u0173, kurias mums pateikia daugelis pacient\u0173. Kyla pagunda pasikliauti vis labiau did\u0117jan\u010diomis diagnostikos priemoni\u0173 galimyb\u0117mis, bet bandymas jas taikyti negalvojant ne tik klaidina, bet ir brangiai kainuoja m\u016bs\u0173 pacientams. \u0160ioje knygoje stengiuosi pasi\u016blyti priemoni\u0173 rinkin\u012f, kaip i\u0161spr\u0119sti \u0161iuos i\u0161\u0161\u016bkius. Kiekviename skyriuje nagrin\u0117jamas vienas skundas, nustatomi pagrindiniai skirtumai, pateikiama strategija, kaip atskirti vien\u0105 simptom\u0105 nuo kito ir pakreipti m\u0105stymo proces\u0105, susijus\u012f su anamnez\u0117s surinkimu, ap\u017ei\u016bra ir pradiniais tyrimais. \u0160ioje knygoje naudojami algoritmai, padedantys diagnozuoti. Tai klinikinio samprotavimo metodas, kuris naudoja svarbias informacijos dalis kaip atskaitos ta\u0161kus, kad atskirt\u0173 diagnozi\u0173 grupes. Tai papildo (ne pakei\u010dia) klinikinius asmens \u012fg\u016bd\u017eius ir \u017einias apie lig\u0105. Jaunesniems diagnostikams ypa\u010d naudingi mokymosi algoritmai, nes jie ne tik suteikia sisteming\u0105 ir funkcional\u0173 b\u016bd\u0105 tiriant pacientus, bet ir tarnauja kaip pagrindas kaupti \u017einias ir klinikinio samprotavimo \u012fg\u016bd\u017eiams mokytis. Visada atminkite, kad jei tikit\u0117s i\u0161siugdyti klinikin\u012f sumanum\u0105, niekas geriau to nepadarys kaip pacientai. Jie yra geriausi m\u016bs\u0173 mokytojai ir \u012fkv\u0117pimo \u0161altiniai.<\/p>\n","protected":false},"featured_media":26382,"comment_status":"open","ping_status":"closed","template":"","meta":{"_acf_changed":false,"site-sidebar-layout":"default","site-content-layout":"","ast-site-content-layout":"default","site-content-style":"default","site-sidebar-style":"default","ast-global-header-display":"","ast-banner-title-visibility":"","ast-main-header-display":"","ast-hfb-above-header-display":"","ast-hfb-below-header-display":"","ast-hfb-mobile-header-display":"","site-post-title":"","ast-breadcrumbs-content":"","ast-featured-img":"","footer-sml-layout":"","ast-disable-related-posts":"","theme-transparent-header-meta":"","adv-header-id-meta":"","stick-header-meta":"","header-above-stick-meta":"","header-main-stick-meta":"","header-below-stick-meta":"","astra-migrate-meta-layouts":"default","ast-page-background-enabled":"default","ast-page-background-meta":{"desktop":{"background-color":"","background-image":"","background-repeat":"repeat","background-position":"center center","background-size":"auto","background-attachment":"scroll","background-type":"","background-media":"","overlay-type":"","overlay-color":"","overlay-opacity":"","overlay-gradient":""},"tablet":{"background-color":"","background-image":"","background-repeat":"repeat","background-position":"center center","background-size":"auto","background-attachment":"scroll","background-type":"","background-media":"","overlay-type":"","overlay-color":"","overlay-opacity":"","overlay-gradient":""},"mobile":{"background-color":"","background-image":"","background-repeat":"repeat","background-position":"center center","background-size":"auto","background-attachment":"scroll","background-type":"","background-media":"","overlay-type":"","overlay-color":"","overlay-opacity":"","overlay-gradient":""}},"ast-content-background-meta":{"desktop":{"background-color":"var(--ast-global-color-4)","background-image":"","background-repeat":"repeat","background-position":"center center","background-size":"auto","background-attachment":"scroll","background-type":"","background-media":"","overlay-type":"","overlay-color":"","overlay-opacity":"","overlay-gradient":""},"tablet":{"background-color":"var(--ast-global-color-4)","background-image":"","background-repeat":"repeat","background-position":"center center","background-size":"auto","background-attachment":"scroll","background-type":"","background-media":"","overlay-type":"","overlay-color":"","overlay-opacity":"","overlay-gradient":""},"mobile":{"background-color":"var(--ast-global-color-4)","background-image":"","background-repeat":"repeat","background-position":"center center","background-size":"auto","background-attachment":"scroll","background-type":"","background-media":"","overlay-type":"","overlay-color":"","overlay-opacity":"","overlay-gradient":""}}},"product_brand":[],"product_cat":[9854],"product_tag":[],"class_list":{"0":"post-26377","1":"product","2":"type-product","3":"status-publish","4":"has-post-thumbnail","6":"product_cat-medicina","7":"desktop-align-left","8":"tablet-align-left","9":"mobile-align-left","11":"first","12":"instock","13":"shipping-taxable","14":"purchasable","15":"product-type-simple"},"acf":[],"yoast_head":"<!-- This site is optimized with the Yoast SEO plugin v27.4 - https:\/\/yoast.com\/product\/yoast-seo-wordpress\/ -->\n<title>Diferencin\u0117s diagnostikos algoritmai<\/title>\n<meta name=\"description\" content=\"\u0160i knyga skirta medicinos studentams, pradedantiesiems gydytojams bei pa\u017eengusiems praktikams, norintiems i\u0161mokti ar prisiminti, kaip vertinti paciento\" \/>\n<meta name=\"robots\" content=\"index, follow, max-snippet:-1, max-image-preview:large, max-video-preview:-1\" \/>\n<link rel=\"canonical\" href=\"https:\/\/skaitytaknyga.lt\/en\/produktas\/diferencines-diagnostikos-algoritmai\/\" \/>\n<meta property=\"og:locale\" content=\"en_GB\" \/>\n<meta property=\"og:locale:alternate\" content=\"lt_LT\" \/>\n<meta property=\"og:type\" content=\"article\" \/>\n<meta property=\"og:title\" content=\"Diferencin\u0117s diagnostikos algoritmai\" \/>\n<meta property=\"og:description\" content=\"\u0160i knyga skirta medicinos studentams, pradedantiesiems gydytojams bei pa\u017eengusiems praktikams, norintiems i\u0161mokti ar prisiminti, kaip vertinti paciento\" \/>\n<meta property=\"og:url\" content=\"https:\/\/skaitytaknyga.lt\/en\/produktas\/diferencines-diagnostikos-algoritmai\/\" \/>\n<meta property=\"og:site_name\" content=\"Skaitytaknyga\" \/>\n<meta property=\"article:publisher\" content=\"https:\/\/www.facebook.com\/skaitytaknyga\/\" \/>\n<meta property=\"article:modified_time\" content=\"2026-04-27T08:59:01+00:00\" \/>\n<meta property=\"og:image\" content=\"https:\/\/skaitytaknyga.lt\/wp-content\/uploads\/2026\/04\/Diferencines-diagnostikos-algoritmai.webp\" \/>\n\t<meta property=\"og:image:width\" content=\"557\" \/>\n\t<meta property=\"og:image:height\" content=\"777\" \/>\n\t<meta property=\"og:image:type\" content=\"image\/webp\" \/>\n<meta name=\"twitter:card\" content=\"summary_large_image\" \/>\n<meta name=\"twitter:label1\" content=\"Estimated reading time\" \/>\n\t<meta name=\"twitter:data1\" content=\"1 minute\" \/>\n<script type=\"application\/ld+json\" class=\"yoast-schema-graph\">{\"@context\":\"https:\\\/\\\/schema.org\",\"@graph\":[{\"@type\":\"WebPage\",\"@id\":\"https:\\\/\\\/skaitytaknyga.lt\\\/produktas\\\/diferencines-diagnostikos-algoritmai\\\/\",\"url\":\"https:\\\/\\\/skaitytaknyga.lt\\\/produktas\\\/diferencines-diagnostikos-algoritmai\\\/\",\"name\":\"Diferencin\u0117s diagnostikos algoritmai\",\"isPartOf\":{\"@id\":\"https:\\\/\\\/skaitytaknyga.lt\\\/#website\"},\"primaryImageOfPage\":{\"@id\":\"https:\\\/\\\/skaitytaknyga.lt\\\/produktas\\\/diferencines-diagnostikos-algoritmai\\\/#primaryimage\"},\"image\":{\"@id\":\"https:\\\/\\\/skaitytaknyga.lt\\\/produktas\\\/diferencines-diagnostikos-algoritmai\\\/#primaryimage\"},\"thumbnailUrl\":\"https:\\\/\\\/skaitytaknyga.lt\\\/wp-content\\\/uploads\\\/2026\\\/04\\\/Diferencines-diagnostikos-algoritmai.webp\",\"datePublished\":\"2026-04-27T06:05:55+00:00\",\"dateModified\":\"2026-04-27T08:59:01+00:00\",\"description\":\"\u0160i knyga skirta medicinos studentams, pradedantiesiems gydytojams bei pa\u017eengusiems praktikams, norintiems i\u0161mokti ar prisiminti, kaip vertinti paciento\",\"breadcrumb\":{\"@id\":\"https:\\\/\\\/skaitytaknyga.lt\\\/produktas\\\/diferencines-diagnostikos-algoritmai\\\/#breadcrumb\"},\"inLanguage\":\"en-GB\",\"potentialAction\":[{\"@type\":\"ReadAction\",\"target\":[\"https:\\\/\\\/skaitytaknyga.lt\\\/produktas\\\/diferencines-diagnostikos-algoritmai\\\/\"]}]},{\"@type\":\"ImageObject\",\"inLanguage\":\"en-GB\",\"@id\":\"https:\\\/\\\/skaitytaknyga.lt\\\/produktas\\\/diferencines-diagnostikos-algoritmai\\\/#primaryimage\",\"url\":\"https:\\\/\\\/skaitytaknyga.lt\\\/wp-content\\\/uploads\\\/2026\\\/04\\\/Diferencines-diagnostikos-algoritmai.webp\",\"contentUrl\":\"https:\\\/\\\/skaitytaknyga.lt\\\/wp-content\\\/uploads\\\/2026\\\/04\\\/Diferencines-diagnostikos-algoritmai.webp\",\"width\":557,\"height\":777,\"caption\":\"Diferencin\u0117s diagnostikos algoritmai\"},{\"@type\":\"BreadcrumbList\",\"@id\":\"https:\\\/\\\/skaitytaknyga.lt\\\/produktas\\\/diferencines-diagnostikos-algoritmai\\\/#breadcrumb\",\"itemListElement\":[{\"@type\":\"ListItem\",\"position\":1,\"name\":\"Home\",\"item\":\"https:\\\/\\\/skaitytaknyga.lt\\\/\"},{\"@type\":\"ListItem\",\"position\":2,\"name\":\"Parduotuv\u0117\",\"item\":\"https:\\\/\\\/skaitytaknyga.lt\\\/knygu-parduotuve\\\/\"},{\"@type\":\"ListItem\",\"position\":3,\"name\":\"Diferencin\u0117s diagnostikos algoritmai\"}]},{\"@type\":\"WebSite\",\"@id\":\"https:\\\/\\\/skaitytaknyga.lt\\\/#website\",\"url\":\"https:\\\/\\\/skaitytaknyga.lt\\\/\",\"name\":\"skaitytaknyga.lt\",\"description\":\"Skaitytaknyga.lt \u2013 tai ma\u017eas \u0161eimos verslas, kuris prasid\u0117jo nuo meil\u0117s knygoms ir siekio i\u0161gelb\u0117ti knygas nuo likimo prie konteinerio. Kas vienam nereikalingas daiktas \u2013 kitam lobis, o mes esame tarpininkai, kurie padeda abiems tapti laimingesniems ???? \u017dinome kaip nelengva i\u0161gyventi ma\u017eiems verslams, tad nuo \u0161iol, \u010dia rasite ir kit\u0173, ma\u017e\u0173 \u0161eim\u0173 versl\u0173, rank\u0173 darbo, dovan\u0173 sau ir artimiesiems.\",\"publisher\":{\"@id\":\"https:\\\/\\\/skaitytaknyga.lt\\\/#organization\"},\"potentialAction\":[{\"@type\":\"SearchAction\",\"target\":{\"@type\":\"EntryPoint\",\"urlTemplate\":\"https:\\\/\\\/skaitytaknyga.lt\\\/?s={search_term_string}\"},\"query-input\":{\"@type\":\"PropertyValueSpecification\",\"valueRequired\":true,\"valueName\":\"search_term_string\"}}],\"inLanguage\":\"en-GB\"},{\"@type\":\"Organization\",\"@id\":\"https:\\\/\\\/skaitytaknyga.lt\\\/#organization\",\"name\":\"skaitytaknyga.lt\",\"url\":\"https:\\\/\\\/skaitytaknyga.lt\\\/\",\"logo\":{\"@type\":\"ImageObject\",\"inLanguage\":\"en-GB\",\"@id\":\"https:\\\/\\\/skaitytaknyga.lt\\\/#\\\/schema\\\/logo\\\/image\\\/\",\"url\":\"https:\\\/\\\/skaitytaknyga.lt\\\/wp-content\\\/uploads\\\/2024\\\/05\\\/cropped-cropped-cropped-02_00843_jt3bggkj1j3HLc7SyY6rEUpg.jpeg\",\"contentUrl\":\"https:\\\/\\\/skaitytaknyga.lt\\\/wp-content\\\/uploads\\\/2024\\\/05\\\/cropped-cropped-cropped-02_00843_jt3bggkj1j3HLc7SyY6rEUpg.jpeg\",\"width\":1600,\"height\":1600,\"caption\":\"skaitytaknyga.lt\"},\"image\":{\"@id\":\"https:\\\/\\\/skaitytaknyga.lt\\\/#\\\/schema\\\/logo\\\/image\\\/\"},\"sameAs\":[\"https:\\\/\\\/www.facebook.com\\\/skaitytaknyga\\\/\"]}]}<\/script>\n<!-- \/ Yoast SEO plugin. -->","yoast_head_json":{"title":"Diferencin\u0117s diagnostikos algoritmai","description":"\u0160i knyga skirta medicinos studentams, pradedantiesiems gydytojams bei pa\u017eengusiems praktikams, norintiems i\u0161mokti ar prisiminti, kaip vertinti paciento","robots":{"index":"index","follow":"follow","max-snippet":"max-snippet:-1","max-image-preview":"max-image-preview:large","max-video-preview":"max-video-preview:-1"},"canonical":"https:\/\/skaitytaknyga.lt\/en\/produktas\/diferencines-diagnostikos-algoritmai\/","og_locale":"en_GB","og_type":"article","og_title":"[:lt]Diferencin\u0117s diagnostikos algoritmai[:] - Skaitytaknyga","og_description":"\u0160i knyga skirta medicinos studentams, pradedantiesiems gydytojams bei pa\u017eengusiems praktikams, norintiems i\u0161mokti ar prisiminti, kaip vertinti paciento","og_url":"https:\/\/skaitytaknyga.lt\/en\/produktas\/diferencines-diagnostikos-algoritmai\/","og_site_name":"Skaitytaknyga","article_publisher":"https:\/\/www.facebook.com\/skaitytaknyga\/","article_modified_time":"2026-04-27T08:59:01+00:00","og_image":[{"width":557,"height":777,"url":"https:\/\/skaitytaknyga.lt\/wp-content\/uploads\/2026\/04\/Diferencines-diagnostikos-algoritmai.webp","type":"image\/webp"}],"twitter_card":"summary_large_image","twitter_misc":{"Estimated reading time":"1 minute"},"schema":{"@context":"https:\/\/schema.org","@graph":[{"@type":"WebPage","@id":"https:\/\/skaitytaknyga.lt\/produktas\/diferencines-diagnostikos-algoritmai\/","url":"https:\/\/skaitytaknyga.lt\/produktas\/diferencines-diagnostikos-algoritmai\/","name":"Diferencin\u0117s diagnostikos algoritmai","isPartOf":{"@id":"https:\/\/skaitytaknyga.lt\/#website"},"primaryImageOfPage":{"@id":"https:\/\/skaitytaknyga.lt\/produktas\/diferencines-diagnostikos-algoritmai\/#primaryimage"},"image":{"@id":"https:\/\/skaitytaknyga.lt\/produktas\/diferencines-diagnostikos-algoritmai\/#primaryimage"},"thumbnailUrl":"https:\/\/skaitytaknyga.lt\/wp-content\/uploads\/2026\/04\/Diferencines-diagnostikos-algoritmai.webp","datePublished":"2026-04-27T06:05:55+00:00","dateModified":"2026-04-27T08:59:01+00:00","description":"\u0160i knyga skirta medicinos studentams, pradedantiesiems gydytojams bei pa\u017eengusiems praktikams, norintiems i\u0161mokti ar prisiminti, kaip vertinti paciento","breadcrumb":{"@id":"https:\/\/skaitytaknyga.lt\/produktas\/diferencines-diagnostikos-algoritmai\/#breadcrumb"},"inLanguage":"en-GB","potentialAction":[{"@type":"ReadAction","target":["https:\/\/skaitytaknyga.lt\/produktas\/diferencines-diagnostikos-algoritmai\/"]}]},{"@type":"ImageObject","inLanguage":"en-GB","@id":"https:\/\/skaitytaknyga.lt\/produktas\/diferencines-diagnostikos-algoritmai\/#primaryimage","url":"https:\/\/skaitytaknyga.lt\/wp-content\/uploads\/2026\/04\/Diferencines-diagnostikos-algoritmai.webp","contentUrl":"https:\/\/skaitytaknyga.lt\/wp-content\/uploads\/2026\/04\/Diferencines-diagnostikos-algoritmai.webp","width":557,"height":777,"caption":"Diferencin\u0117s diagnostikos algoritmai"},{"@type":"BreadcrumbList","@id":"https:\/\/skaitytaknyga.lt\/produktas\/diferencines-diagnostikos-algoritmai\/#breadcrumb","itemListElement":[{"@type":"ListItem","position":1,"name":"Home","item":"https:\/\/skaitytaknyga.lt\/"},{"@type":"ListItem","position":2,"name":"Parduotuv\u0117","item":"https:\/\/skaitytaknyga.lt\/knygu-parduotuve\/"},{"@type":"ListItem","position":3,"name":"Diferencin\u0117s diagnostikos algoritmai"}]},{"@type":"WebSite","@id":"https:\/\/skaitytaknyga.lt\/#website","url":"https:\/\/skaitytaknyga.lt\/","name":"skaitytaknyga.lt","description":"Skaitytaknyga.lt \u2013 tai ma\u017eas \u0161eimos verslas, kuris prasid\u0117jo nuo meil\u0117s knygoms ir siekio i\u0161gelb\u0117ti knygas nuo likimo prie konteinerio. Kas vienam nereikalingas daiktas \u2013 kitam lobis, o mes esame tarpininkai, kurie padeda abiems tapti laimingesniems ???? \u017dinome kaip nelengva i\u0161gyventi ma\u017eiems verslams, tad nuo \u0161iol, \u010dia rasite ir kit\u0173, ma\u017e\u0173 \u0161eim\u0173 versl\u0173, rank\u0173 darbo, dovan\u0173 sau ir artimiesiems.","publisher":{"@id":"https:\/\/skaitytaknyga.lt\/#organization"},"potentialAction":[{"@type":"SearchAction","target":{"@type":"EntryPoint","urlTemplate":"https:\/\/skaitytaknyga.lt\/?s={search_term_string}"},"query-input":{"@type":"PropertyValueSpecification","valueRequired":true,"valueName":"search_term_string"}}],"inLanguage":"en-GB"},{"@type":"Organization","@id":"https:\/\/skaitytaknyga.lt\/#organization","name":"skaitytaknyga.lt","url":"https:\/\/skaitytaknyga.lt\/","logo":{"@type":"ImageObject","inLanguage":"en-GB","@id":"https:\/\/skaitytaknyga.lt\/#\/schema\/logo\/image\/","url":"https:\/\/skaitytaknyga.lt\/wp-content\/uploads\/2024\/05\/cropped-cropped-cropped-02_00843_jt3bggkj1j3HLc7SyY6rEUpg.jpeg","contentUrl":"https:\/\/skaitytaknyga.lt\/wp-content\/uploads\/2024\/05\/cropped-cropped-cropped-02_00843_jt3bggkj1j3HLc7SyY6rEUpg.jpeg","width":1600,"height":1600,"caption":"skaitytaknyga.lt"},"image":{"@id":"https:\/\/skaitytaknyga.lt\/#\/schema\/logo\/image\/"},"sameAs":["https:\/\/www.facebook.com\/skaitytaknyga\/"]}]}},"_links":{"self":[{"href":"https:\/\/skaitytaknyga.lt\/en\/wp-json\/wp\/v2\/product\/26377","targetHints":{"allow":["GET"]}}],"collection":[{"href":"https:\/\/skaitytaknyga.lt\/en\/wp-json\/wp\/v2\/product"}],"about":[{"href":"https:\/\/skaitytaknyga.lt\/en\/wp-json\/wp\/v2\/types\/product"}],"replies":[{"embeddable":true,"href":"https:\/\/skaitytaknyga.lt\/en\/wp-json\/wp\/v2\/comments?post=26377"}],"wp:featuredmedia":[{"embeddable":true,"href":"https:\/\/skaitytaknyga.lt\/en\/wp-json\/wp\/v2\/media\/26382"}],"wp:attachment":[{"href":"https:\/\/skaitytaknyga.lt\/en\/wp-json\/wp\/v2\/media?parent=26377"}],"wp:term":[{"taxonomy":"product_brand","embeddable":true,"href":"https:\/\/skaitytaknyga.lt\/en\/wp-json\/wp\/v2\/product_brand?post=26377"},{"taxonomy":"product_cat","embeddable":true,"href":"https:\/\/skaitytaknyga.lt\/en\/wp-json\/wp\/v2\/product_cat?post=26377"},{"taxonomy":"product_tag","embeddable":true,"href":"https:\/\/skaitytaknyga.lt\/en\/wp-json\/wp\/v2\/product_tag?post=26377"}],"curies":[{"name":"wp","href":"https:\/\/api.w.org\/{rel}","templated":true}]}}