{"id":2637,"date":"2024-04-17T16:16:18","date_gmt":"2024-04-17T13:16:18","guid":{"rendered":"https:\/\/skaitytaknyga.lt\/?post_type=product&#038;p=2637"},"modified":"2024-08-05T21:39:18","modified_gmt":"2024-08-05T18:39:18","slug":"f-kafka-amerika","status":"publish","type":"product","link":"https:\/\/skaitytaknyga.lt\/en\/produktas\/f-kafka-amerika\/","title":{"rendered":"F. Kafka \u201eAmerika\u201c"},"content":{"rendered":"<p>F. Kafka savo pirm\u0105j\u012f roman\u0105 &#8220;Amerika&#8221;, kur\u012f pats vadino &#8220;Pra\u017euv\u0117liu&#8221;, prad\u0117jo ra\u0161yti pra\u0117jusio am\u017eiaus antrojo de\u0161imtme\u010dio prad\u017eioje. De\u0161imt met\u0173 iki mirties F. Kafka \u0161\u012f k\u016brin\u012f vis tais\u0117 ir perra\u0161in\u0117jo, bet vis tiek nesp\u0117jo pabaigti. Romanas pasirod\u0117 tik 1927-aisiais, pra\u0117jus trejiems metams po ra\u0161ytojo mirties. Knygoje taip pat yra ir &#8220;Lai\u0161kas t\u0117vui&#8221;.<\/p>\n","protected":false},"excerpt":{"rendered":"<p>F. Kafka savo pirm\u0105j\u012f roman\u0105 &#8220;Amerika&#8221;, kur\u012f pats vadino &#8220;Pra\u017euv\u0117liu&#8221;, prad\u0117jo ra\u0161yti pra\u0117jusio am\u017eiaus antrojo de\u0161imtme\u010dio prad\u017eioje. De\u0161imt met\u0173 iki mirties F. Kafka \u0161\u012f k\u016brin\u012f vis tais\u0117 ir perra\u0161in\u0117jo, bet vis tiek nesp\u0117jo pabaigti. Romanas pasirod\u0117 tik 1927-aisiais, pra\u0117jus trejiems metams po ra\u0161ytojo mirties. Knygoje taip pat yra ir &#8220;Lai\u0161kas t\u0117vui&#8221;.<\/p>\n","protected":false},"featured_media":2668,"comment_status":"closed","ping_status":"closed","template":"","meta":{"_acf_changed":false,"site-sidebar-layout":"default","site-content-layout":"","ast-site-content-layout":"default","site-content-style":"default","site-sidebar-style":"default","ast-global-header-display":"","ast-banner-title-visibility":"","ast-main-header-display":"","ast-hfb-above-header-display":"","ast-hfb-below-header-display":"","ast-hfb-mobile-header-display":"","site-post-title":"","ast-breadcrumbs-content":"","ast-featured-img":"","footer-sml-layout":"","ast-disable-related-posts":"","theme-transparent-header-meta":"","adv-header-id-meta":"","stick-header-meta":"","header-above-stick-meta":"","header-main-stick-meta":"","header-below-stick-meta":"","astra-migrate-meta-layouts":"default","ast-page-background-enabled":"default","ast-page-background-meta":{"desktop":{"background-color":"","background-image":"","background-repeat":"repeat","background-position":"center center","background-size":"auto","background-attachment":"scroll","background-type":"","background-media":"","overlay-type":"","overlay-color":"","overlay-opacity":"","overlay-gradient":""},"tablet":{"background-color":"","background-image":"","background-repeat":"repeat","background-position":"center center","background-size":"auto","background-attachment":"scroll","background-type":"","background-media":"","overlay-type":"","overlay-color":"","overlay-opacity":"","overlay-gradient":""},"mobile":{"background-color":"","background-image":"","background-repeat":"repeat","background-position":"center center","background-size":"auto","background-attachment":"scroll","background-type":"","background-media":"","overlay-type":"","overlay-color":"","overlay-opacity":"","overlay-gradient":""}},"ast-content-background-meta":{"desktop":{"background-color":"var(--ast-global-color-4)","background-image":"","background-repeat":"repeat","background-position":"center center","background-size":"auto","background-attachment":"scroll","background-type":"","background-media":"","overlay-type":"","overlay-color":"","overlay-opacity":"","overlay-gradient":""},"tablet":{"background-color":"var(--ast-global-color-4)","background-image":"","background-repeat":"repeat","background-position":"center center","background-size":"auto","background-attachment":"scroll","background-type":"","background-media":"","overlay-type":"","overlay-color":"","overlay-opacity":"","overlay-gradient":""},"mobile":{"background-color":"var(--ast-global-color-4)","background-image":"","background-repeat":"repeat","background-position":"center center","background-size":"auto","background-attachment":"scroll","background-type":"","background-media":"","overlay-type":"","overlay-color":"","overlay-opacity":"","overlay-gradient":""}}},"product_brand":[],"product_cat":[31],"product_tag":[],"class_list":{"0":"post-2637","1":"product","2":"type-product","3":"status-publish","4":"has-post-thumbnail","6":"product_cat-grozine-literatura","7":"desktop-align-left","8":"tablet-align-left","9":"mobile-align-left","11":"first","12":"outofstock","13":"shipping-taxable","14":"purchasable","15":"product-type-simple"},"acf":[],"yoast_head":"<!-- This site is optimized with the Yoast SEO plugin v27.0 - https:\/\/yoast.com\/product\/yoast-seo-wordpress\/ -->\n<title>F. Kafka \u201eAmerika\u201c<\/title>\n<meta name=\"description\" content=\"F. Kafka savo pirm\u0105j\u012f roman\u0105 &quot;Amerika&quot;, kur\u012f pats vadino &quot;Pra\u017euv\u0117liu&quot;, prad\u0117jo ra\u0161yti pra\u0117jusio am\u017eiaus antrojo de\u0161imtme\u010dio prad\u017eioje. De\u0161imt met\u0173 iki\" \/>\n<meta name=\"robots\" content=\"index, follow, max-snippet:-1, max-image-preview:large, max-video-preview:-1\" \/>\n<link rel=\"canonical\" href=\"https:\/\/skaitytaknyga.lt\/en\/produktas\/f-kafka-amerika\/\" \/>\n<meta property=\"og:locale\" content=\"en_GB\" \/>\n<meta property=\"og:locale:alternate\" content=\"lt_LT\" \/>\n<meta property=\"og:type\" content=\"article\" \/>\n<meta property=\"og:title\" content=\"F. Kafka \u201eAmerika\u201c\" \/>\n<meta property=\"og:description\" content=\"F. Kafka savo pirm\u0105j\u012f roman\u0105 &quot;Amerika&quot;, kur\u012f pats vadino &quot;Pra\u017euv\u0117liu&quot;, prad\u0117jo ra\u0161yti pra\u0117jusio am\u017eiaus antrojo de\u0161imtme\u010dio prad\u017eioje. De\u0161imt met\u0173 iki\" \/>\n<meta property=\"og:url\" content=\"https:\/\/skaitytaknyga.lt\/en\/produktas\/f-kafka-amerika\/\" \/>\n<meta property=\"og:site_name\" content=\"Skaitytaknyga\" \/>\n<meta property=\"article:publisher\" content=\"https:\/\/www.facebook.com\/skaitytaknyga\/\" \/>\n<meta property=\"article:modified_time\" content=\"2024-08-05T18:39:18+00:00\" \/>\n<meta property=\"og:image\" content=\"https:\/\/skaitytaknyga.lt\/wp-content\/uploads\/2024\/04\/085030-img-20200224-084526-e1606567933155.jpg\" \/>\n\t<meta property=\"og:image:width\" content=\"426\" \/>\n\t<meta property=\"og:image:height\" content=\"748\" \/>\n\t<meta property=\"og:image:type\" content=\"image\/jpeg\" \/>\n<meta name=\"twitter:card\" content=\"summary_large_image\" \/>\n<script type=\"application\/ld+json\" class=\"yoast-schema-graph\">{\"@context\":\"https:\/\/schema.org\",\"@graph\":[{\"@type\":\"WebPage\",\"@id\":\"https:\/\/skaitytaknyga.lt\/produktas\/f-kafka-amerika\/\",\"url\":\"https:\/\/skaitytaknyga.lt\/produktas\/f-kafka-amerika\/\",\"name\":\"F. Kafka \u201eAmerika\u201c\",\"isPartOf\":{\"@id\":\"https:\/\/skaitytaknyga.lt\/#website\"},\"primaryImageOfPage\":{\"@id\":\"https:\/\/skaitytaknyga.lt\/produktas\/f-kafka-amerika\/#primaryimage\"},\"image\":{\"@id\":\"https:\/\/skaitytaknyga.lt\/produktas\/f-kafka-amerika\/#primaryimage\"},\"thumbnailUrl\":\"https:\/\/skaitytaknyga.lt\/wp-content\/uploads\/2024\/04\/085030-img-20200224-084526-e1606567933155.jpg\",\"datePublished\":\"2024-04-17T13:16:18+00:00\",\"dateModified\":\"2024-08-05T18:39:18+00:00\",\"description\":\"F. Kafka savo pirm\u0105j\u012f roman\u0105 \\\"Amerika\\\", kur\u012f pats vadino \\\"Pra\u017euv\u0117liu\\\", prad\u0117jo ra\u0161yti pra\u0117jusio am\u017eiaus antrojo de\u0161imtme\u010dio prad\u017eioje. De\u0161imt met\u0173 iki\",\"breadcrumb\":{\"@id\":\"https:\/\/skaitytaknyga.lt\/produktas\/f-kafka-amerika\/#breadcrumb\"},\"inLanguage\":\"en-GB\",\"potentialAction\":[{\"@type\":\"ReadAction\",\"target\":[\"https:\/\/skaitytaknyga.lt\/produktas\/f-kafka-amerika\/\"]}]},{\"@type\":\"ImageObject\",\"inLanguage\":\"en-GB\",\"@id\":\"https:\/\/skaitytaknyga.lt\/produktas\/f-kafka-amerika\/#primaryimage\",\"url\":\"https:\/\/skaitytaknyga.lt\/wp-content\/uploads\/2024\/04\/085030-img-20200224-084526-e1606567933155.jpg\",\"contentUrl\":\"https:\/\/skaitytaknyga.lt\/wp-content\/uploads\/2024\/04\/085030-img-20200224-084526-e1606567933155.jpg\",\"width\":426,\"height\":748,\"caption\":\"085030 img 20200224 084526 e1606567933155\"},{\"@type\":\"BreadcrumbList\",\"@id\":\"https:\/\/skaitytaknyga.lt\/produktas\/f-kafka-amerika\/#breadcrumb\",\"itemListElement\":[{\"@type\":\"ListItem\",\"position\":1,\"name\":\"Home\",\"item\":\"https:\/\/skaitytaknyga.lt\/\"},{\"@type\":\"ListItem\",\"position\":2,\"name\":\"Parduotuv\u0117\",\"item\":\"https:\/\/skaitytaknyga.lt\/knygu-parduotuve\/\"},{\"@type\":\"ListItem\",\"position\":3,\"name\":\"F. Kafka \u201eAmerika\u201c\"}]},{\"@type\":\"WebSite\",\"@id\":\"https:\/\/skaitytaknyga.lt\/#website\",\"url\":\"https:\/\/skaitytaknyga.lt\/\",\"name\":\"skaitytaknyga.lt\",\"description\":\"Skaitytaknyga.lt \u2013 tai ma\u017eas \u0161eimos verslas, kuris prasid\u0117jo nuo meil\u0117s knygoms ir siekio i\u0161gelb\u0117ti knygas nuo likimo prie konteinerio. Kas vienam nereikalingas daiktas \u2013 kitam lobis, o mes esame tarpininkai, kurie padeda abiems tapti laimingesniems ???? \u017dinome kaip nelengva i\u0161gyventi ma\u017eiems verslams, tad nuo \u0161iol, \u010dia rasite ir kit\u0173, ma\u017e\u0173 \u0161eim\u0173 versl\u0173, rank\u0173 darbo, dovan\u0173 sau ir artimiesiems.\",\"publisher\":{\"@id\":\"https:\/\/skaitytaknyga.lt\/#organization\"},\"potentialAction\":[{\"@type\":\"SearchAction\",\"target\":{\"@type\":\"EntryPoint\",\"urlTemplate\":\"https:\/\/skaitytaknyga.lt\/?s={search_term_string}\"},\"query-input\":{\"@type\":\"PropertyValueSpecification\",\"valueRequired\":true,\"valueName\":\"search_term_string\"}}],\"inLanguage\":\"en-GB\"},{\"@type\":\"Organization\",\"@id\":\"https:\/\/skaitytaknyga.lt\/#organization\",\"name\":\"skaitytaknyga.lt\",\"url\":\"https:\/\/skaitytaknyga.lt\/\",\"logo\":{\"@type\":\"ImageObject\",\"inLanguage\":\"en-GB\",\"@id\":\"https:\/\/skaitytaknyga.lt\/#\/schema\/logo\/image\/\",\"url\":\"https:\/\/skaitytaknyga.lt\/wp-content\/uploads\/2024\/05\/cropped-cropped-cropped-02_00843_jt3bggkj1j3HLc7SyY6rEUpg.jpeg\",\"contentUrl\":\"https:\/\/skaitytaknyga.lt\/wp-content\/uploads\/2024\/05\/cropped-cropped-cropped-02_00843_jt3bggkj1j3HLc7SyY6rEUpg.jpeg\",\"width\":1600,\"height\":1600,\"caption\":\"skaitytaknyga.lt\"},\"image\":{\"@id\":\"https:\/\/skaitytaknyga.lt\/#\/schema\/logo\/image\/\"},\"sameAs\":[\"https:\/\/www.facebook.com\/skaitytaknyga\/\"]}]}<\/script>\n<!-- \/ Yoast SEO plugin. -->","yoast_head_json":{"title":"F. Kafka \u201eAmerika\u201c","description":"F. Kafka savo pirm\u0105j\u012f roman\u0105 \"Amerika\", kur\u012f pats vadino \"Pra\u017euv\u0117liu\", prad\u0117jo ra\u0161yti pra\u0117jusio am\u017eiaus antrojo de\u0161imtme\u010dio prad\u017eioje. De\u0161imt met\u0173 iki","robots":{"index":"index","follow":"follow","max-snippet":"max-snippet:-1","max-image-preview":"max-image-preview:large","max-video-preview":"max-video-preview:-1"},"canonical":"https:\/\/skaitytaknyga.lt\/en\/produktas\/f-kafka-amerika\/","og_locale":"en_GB","og_type":"article","og_title":"[:lt]F. Kafka \u201eAmerika\u201c[:] - Skaitytaknyga","og_description":"F. Kafka savo pirm\u0105j\u012f roman\u0105 \"Amerika\", kur\u012f pats vadino \"Pra\u017euv\u0117liu\", prad\u0117jo ra\u0161yti pra\u0117jusio am\u017eiaus antrojo de\u0161imtme\u010dio prad\u017eioje. De\u0161imt met\u0173 iki","og_url":"https:\/\/skaitytaknyga.lt\/en\/produktas\/f-kafka-amerika\/","og_site_name":"Skaitytaknyga","article_publisher":"https:\/\/www.facebook.com\/skaitytaknyga\/","article_modified_time":"2024-08-05T18:39:18+00:00","og_image":[{"width":426,"height":748,"url":"https:\/\/skaitytaknyga.lt\/wp-content\/uploads\/2024\/04\/085030-img-20200224-084526-e1606567933155.jpg","type":"image\/jpeg"}],"twitter_card":"summary_large_image","schema":{"@context":"https:\/\/schema.org","@graph":[{"@type":"WebPage","@id":"https:\/\/skaitytaknyga.lt\/produktas\/f-kafka-amerika\/","url":"https:\/\/skaitytaknyga.lt\/produktas\/f-kafka-amerika\/","name":"F. Kafka \u201eAmerika\u201c","isPartOf":{"@id":"https:\/\/skaitytaknyga.lt\/#website"},"primaryImageOfPage":{"@id":"https:\/\/skaitytaknyga.lt\/produktas\/f-kafka-amerika\/#primaryimage"},"image":{"@id":"https:\/\/skaitytaknyga.lt\/produktas\/f-kafka-amerika\/#primaryimage"},"thumbnailUrl":"https:\/\/skaitytaknyga.lt\/wp-content\/uploads\/2024\/04\/085030-img-20200224-084526-e1606567933155.jpg","datePublished":"2024-04-17T13:16:18+00:00","dateModified":"2024-08-05T18:39:18+00:00","description":"F. Kafka savo pirm\u0105j\u012f roman\u0105 \"Amerika\", kur\u012f pats vadino \"Pra\u017euv\u0117liu\", prad\u0117jo ra\u0161yti pra\u0117jusio am\u017eiaus antrojo de\u0161imtme\u010dio prad\u017eioje. De\u0161imt met\u0173 iki","breadcrumb":{"@id":"https:\/\/skaitytaknyga.lt\/produktas\/f-kafka-amerika\/#breadcrumb"},"inLanguage":"en-GB","potentialAction":[{"@type":"ReadAction","target":["https:\/\/skaitytaknyga.lt\/produktas\/f-kafka-amerika\/"]}]},{"@type":"ImageObject","inLanguage":"en-GB","@id":"https:\/\/skaitytaknyga.lt\/produktas\/f-kafka-amerika\/#primaryimage","url":"https:\/\/skaitytaknyga.lt\/wp-content\/uploads\/2024\/04\/085030-img-20200224-084526-e1606567933155.jpg","contentUrl":"https:\/\/skaitytaknyga.lt\/wp-content\/uploads\/2024\/04\/085030-img-20200224-084526-e1606567933155.jpg","width":426,"height":748,"caption":"085030 img 20200224 084526 e1606567933155"},{"@type":"BreadcrumbList","@id":"https:\/\/skaitytaknyga.lt\/produktas\/f-kafka-amerika\/#breadcrumb","itemListElement":[{"@type":"ListItem","position":1,"name":"Home","item":"https:\/\/skaitytaknyga.lt\/"},{"@type":"ListItem","position":2,"name":"Parduotuv\u0117","item":"https:\/\/skaitytaknyga.lt\/knygu-parduotuve\/"},{"@type":"ListItem","position":3,"name":"F. Kafka \u201eAmerika\u201c"}]},{"@type":"WebSite","@id":"https:\/\/skaitytaknyga.lt\/#website","url":"https:\/\/skaitytaknyga.lt\/","name":"skaitytaknyga.lt","description":"Skaitytaknyga.lt \u2013 tai ma\u017eas \u0161eimos verslas, kuris prasid\u0117jo nuo meil\u0117s knygoms ir siekio i\u0161gelb\u0117ti knygas nuo likimo prie konteinerio. Kas vienam nereikalingas daiktas \u2013 kitam lobis, o mes esame tarpininkai, kurie padeda abiems tapti laimingesniems ???? \u017dinome kaip nelengva i\u0161gyventi ma\u017eiems verslams, tad nuo \u0161iol, \u010dia rasite ir kit\u0173, ma\u017e\u0173 \u0161eim\u0173 versl\u0173, rank\u0173 darbo, dovan\u0173 sau ir artimiesiems.","publisher":{"@id":"https:\/\/skaitytaknyga.lt\/#organization"},"potentialAction":[{"@type":"SearchAction","target":{"@type":"EntryPoint","urlTemplate":"https:\/\/skaitytaknyga.lt\/?s={search_term_string}"},"query-input":{"@type":"PropertyValueSpecification","valueRequired":true,"valueName":"search_term_string"}}],"inLanguage":"en-GB"},{"@type":"Organization","@id":"https:\/\/skaitytaknyga.lt\/#organization","name":"skaitytaknyga.lt","url":"https:\/\/skaitytaknyga.lt\/","logo":{"@type":"ImageObject","inLanguage":"en-GB","@id":"https:\/\/skaitytaknyga.lt\/#\/schema\/logo\/image\/","url":"https:\/\/skaitytaknyga.lt\/wp-content\/uploads\/2024\/05\/cropped-cropped-cropped-02_00843_jt3bggkj1j3HLc7SyY6rEUpg.jpeg","contentUrl":"https:\/\/skaitytaknyga.lt\/wp-content\/uploads\/2024\/05\/cropped-cropped-cropped-02_00843_jt3bggkj1j3HLc7SyY6rEUpg.jpeg","width":1600,"height":1600,"caption":"skaitytaknyga.lt"},"image":{"@id":"https:\/\/skaitytaknyga.lt\/#\/schema\/logo\/image\/"},"sameAs":["https:\/\/www.facebook.com\/skaitytaknyga\/"]}]}},"_links":{"self":[{"href":"https:\/\/skaitytaknyga.lt\/en\/wp-json\/wp\/v2\/product\/2637","targetHints":{"allow":["GET"]}}],"collection":[{"href":"https:\/\/skaitytaknyga.lt\/en\/wp-json\/wp\/v2\/product"}],"about":[{"href":"https:\/\/skaitytaknyga.lt\/en\/wp-json\/wp\/v2\/types\/product"}],"replies":[{"embeddable":true,"href":"https:\/\/skaitytaknyga.lt\/en\/wp-json\/wp\/v2\/comments?post=2637"}],"wp:featuredmedia":[{"embeddable":true,"href":"https:\/\/skaitytaknyga.lt\/en\/wp-json\/wp\/v2\/media\/2668"}],"wp:attachment":[{"href":"https:\/\/skaitytaknyga.lt\/en\/wp-json\/wp\/v2\/media?parent=2637"}],"wp:term":[{"taxonomy":"product_brand","embeddable":true,"href":"https:\/\/skaitytaknyga.lt\/en\/wp-json\/wp\/v2\/product_brand?post=2637"},{"taxonomy":"product_cat","embeddable":true,"href":"https:\/\/skaitytaknyga.lt\/en\/wp-json\/wp\/v2\/product_cat?post=2637"},{"taxonomy":"product_tag","embeddable":true,"href":"https:\/\/skaitytaknyga.lt\/en\/wp-json\/wp\/v2\/product_tag?post=2637"}],"curies":[{"name":"wp","href":"https:\/\/api.w.org\/{rel}","templated":true}]}}