{"id":26368,"date":"2026-04-27T08:55:22","date_gmt":"2026-04-27T05:55:22","guid":{"rendered":"https:\/\/skaitytaknyga.lt\/?post_type=product&#038;p=26368"},"modified":"2026-04-27T09:03:29","modified_gmt":"2026-04-27T06:03:29","slug":"efektyvi-prekyba-paverskite-savo-parduotuve-sekmes-fenomenu","status":"publish","type":"product","link":"https:\/\/skaitytaknyga.lt\/en\/produktas\/efektyvi-prekyba-paverskite-savo-parduotuve-sekmes-fenomenu\/","title":{"rendered":"Efektyvi prekyba. Paverskite savo parduotuv\u0119 s\u0117km\u0117s fenomenu"},"content":{"rendered":"<p>Efektyvios prekybos esm\u0117 \u2013 pad\u0117ti jums u\u017esidirbti daugiau pinig\u0173, laim\u0117ti prekybos m\u016b\u0161\u012f, pagelb\u0117ti jums ir j\u016bs\u0173 komandai i\u0161siskirti i\u0161 kit\u0173. \u010cia nera\u0161oma apie ne\u012fmanomus dalykus ir apie tai, kaip tapti vienu i\u0161 saujel\u0117s \u017emoni\u0173, kurie i\u0161rado k\u0105 nors nauja. \u0160i knyga gali i\u0161mokyti jus pasikliauti savo, kaip prekybininko, nuojauta ir patarti, kaip pasinaudoti kit\u0173 \u012fgyta patirtimi. Tai nuostabus asmenini\u0173 \u012f\u017evalg\u0173, i\u0161sami\u0173 situacij\u0173 analizi\u0173 ir daugyb\u0117s \u012fdomi\u0173 interviu su geriausiais prekybininkais derinys. Tai dar viena knyga, kuri\u0105 b\u016btina perskaityti visiems prekybininkams.<\/p>\n<p>\u201eEfektyvi prekyba\u201c \u2013 prakti\u0161ka ir atvira knyga. \u010cia atrasite nuorodas \u012f \u0161altinius, kurie pad\u0117s jums sukurti vis\u0105 prekybos strategij\u0105, sukurti nauj\u0105 stili\u0173, pasiekti geresni\u0173 rezultat\u0173 ir patirti daugiau ger\u0173 akimirk\u0173.<\/p>\n<p>Richard Hammond did\u017eiuojasi gal\u0117damas vadintis prekybininku. Jis turi daugiau nei dvide\u0161imt vien\u0173 met\u0173 patirt\u012f ir vis tiek kiekvien\u0105 dien\u0105 patiria malonum\u0105 dirbdamas \u0161\u012f darb\u0105. Jam puikiai sekasi konsultanto karjera \u2013 jo veiklos spektras labai platus \u2013 nuo globali\u0173 format\u0173 k\u016brimo iki darbo su prekybos centrais Centrin\u0117je Azijoje ir konsultacij\u0173 teikimas prekybos \u012fmon\u0117ms visoje Europoje.<\/p>\n","protected":false},"excerpt":{"rendered":"<p>Efektyvios prekybos esm\u0117 \u2013 pad\u0117ti jums u\u017esidirbti daugiau pinig\u0173, laim\u0117ti prekybos m\u016b\u0161\u012f, pagelb\u0117ti jums ir j\u016bs\u0173 komandai i\u0161siskirti i\u0161 kit\u0173. \u010cia nera\u0161oma apie ne\u012fmanomus dalykus ir apie tai, kaip tapti vienu i\u0161 saujel\u0117s \u017emoni\u0173, kurie i\u0161rado k\u0105 nors nauja. \u0160i knyga gali i\u0161mokyti jus pasikliauti savo, kaip prekybininko, nuojauta ir patarti, kaip pasinaudoti kit\u0173 \u012fgyta patirtimi. Tai nuostabus asmenini\u0173 \u012f\u017evalg\u0173, i\u0161sami\u0173 situacij\u0173 analizi\u0173 ir daugyb\u0117s \u012fdomi\u0173 interviu su geriausiais prekybininkais derinys. Tai dar viena knyga, kuri\u0105 b\u016btina perskaityti visiems prekybininkams. \u201eEfektyvi prekyba\u201c \u2013 prakti\u0161ka ir atvira knyga. \u010cia atrasite nuorodas \u012f \u0161altinius, kurie pad\u0117s jums sukurti vis\u0105 prekybos strategij\u0105, sukurti nauj\u0105 stili\u0173, pasiekti geresni\u0173 rezultat\u0173 ir patirti daugiau ger\u0173 akimirk\u0173. Richard Hammond did\u017eiuojasi gal\u0117damas vadintis prekybininku. Jis turi daugiau nei dvide\u0161imt vien\u0173 met\u0173 patirt\u012f ir vis tiek kiekvien\u0105 dien\u0105 patiria malonum\u0105 dirbdamas \u0161\u012f darb\u0105. Jam puikiai sekasi konsultanto karjera \u2013 jo veiklos spektras labai platus \u2013 nuo globali\u0173 format\u0173 k\u016brimo iki darbo su prekybos centrais Centrin\u0117je Azijoje ir konsultacij\u0173 teikimas prekybos \u012fmon\u0117ms visoje Europoje.<\/p>\n","protected":false},"featured_media":26373,"comment_status":"open","ping_status":"closed","template":"","meta":{"_acf_changed":false,"site-sidebar-layout":"default","site-content-layout":"","ast-site-content-layout":"default","site-content-style":"default","site-sidebar-style":"default","ast-global-header-display":"","ast-banner-title-visibility":"","ast-main-header-display":"","ast-hfb-above-header-display":"","ast-hfb-below-header-display":"","ast-hfb-mobile-header-display":"","site-post-title":"","ast-breadcrumbs-content":"","ast-featured-img":"","footer-sml-layout":"","ast-disable-related-posts":"","theme-transparent-header-meta":"","adv-header-id-meta":"","stick-header-meta":"","header-above-stick-meta":"","header-main-stick-meta":"","header-below-stick-meta":"","astra-migrate-meta-layouts":"default","ast-page-background-enabled":"default","ast-page-background-meta":{"desktop":{"background-color":"","background-image":"","background-repeat":"repeat","background-position":"center center","background-size":"auto","background-attachment":"scroll","background-type":"","background-media":"","overlay-type":"","overlay-color":"","overlay-opacity":"","overlay-gradient":""},"tablet":{"background-color":"","background-image":"","background-repeat":"repeat","background-position":"center center","background-size":"auto","background-attachment":"scroll","background-type":"","background-media":"","overlay-type":"","overlay-color":"","overlay-opacity":"","overlay-gradient":""},"mobile":{"background-color":"","background-image":"","background-repeat":"repeat","background-position":"center center","background-size":"auto","background-attachment":"scroll","background-type":"","background-media":"","overlay-type":"","overlay-color":"","overlay-opacity":"","overlay-gradient":""}},"ast-content-background-meta":{"desktop":{"background-color":"var(--ast-global-color-4)","background-image":"","background-repeat":"repeat","background-position":"center center","background-size":"auto","background-attachment":"scroll","background-type":"","background-media":"","overlay-type":"","overlay-color":"","overlay-opacity":"","overlay-gradient":""},"tablet":{"background-color":"var(--ast-global-color-4)","background-image":"","background-repeat":"repeat","background-position":"center center","background-size":"auto","background-attachment":"scroll","background-type":"","background-media":"","overlay-type":"","overlay-color":"","overlay-opacity":"","overlay-gradient":""},"mobile":{"background-color":"var(--ast-global-color-4)","background-image":"","background-repeat":"repeat","background-position":"center center","background-size":"auto","background-attachment":"scroll","background-type":"","background-media":"","overlay-type":"","overlay-color":"","overlay-opacity":"","overlay-gradient":""}}},"product_brand":[],"product_cat":[9887],"product_tag":[],"class_list":{"0":"post-26368","1":"product","2":"type-product","3":"status-publish","4":"has-post-thumbnail","6":"product_cat-verslas","7":"desktop-align-left","8":"tablet-align-left","9":"mobile-align-left","11":"first","12":"instock","13":"shipping-taxable","14":"purchasable","15":"product-type-simple"},"acf":[],"yoast_head":"<!-- This site is optimized with the Yoast SEO plugin v27.4 - https:\/\/yoast.com\/product\/yoast-seo-wordpress\/ -->\n<title>Efektyvi prekyba. Paverskite savo parduotuv\u0119 s\u0117km\u0117s fenomenu<\/title>\n<meta name=\"description\" content=\"Efektyvios prekybos esm\u0117 \u2013 pad\u0117ti jums u\u017esidirbti daugiau pinig\u0173, laim\u0117ti prekybos m\u016b\u0161\u012f, pagelb\u0117ti jums ir j\u016bs\u0173 komandai i\u0161siskirti i\u0161 kit\u0173. \u010cia nera\u0161oma\" \/>\n<meta name=\"robots\" content=\"index, follow, max-snippet:-1, max-image-preview:large, max-video-preview:-1\" \/>\n<link rel=\"canonical\" href=\"https:\/\/skaitytaknyga.lt\/en\/produktas\/efektyvi-prekyba-paverskite-savo-parduotuve-sekmes-fenomenu\/\" \/>\n<meta property=\"og:locale\" content=\"en_GB\" \/>\n<meta property=\"og:locale:alternate\" content=\"lt_LT\" \/>\n<meta property=\"og:type\" content=\"article\" \/>\n<meta property=\"og:title\" content=\"Efektyvi prekyba. Paverskite savo parduotuv\u0119 s\u0117km\u0117s fenomenu\" \/>\n<meta property=\"og:description\" content=\"Efektyvios prekybos esm\u0117 \u2013 pad\u0117ti jums u\u017esidirbti daugiau pinig\u0173, laim\u0117ti prekybos m\u016b\u0161\u012f, pagelb\u0117ti jums ir j\u016bs\u0173 komandai i\u0161siskirti i\u0161 kit\u0173. \u010cia nera\u0161oma\" \/>\n<meta property=\"og:url\" content=\"https:\/\/skaitytaknyga.lt\/en\/produktas\/efektyvi-prekyba-paverskite-savo-parduotuve-sekmes-fenomenu\/\" \/>\n<meta property=\"og:site_name\" content=\"Skaitytaknyga\" \/>\n<meta property=\"article:publisher\" content=\"https:\/\/www.facebook.com\/skaitytaknyga\/\" \/>\n<meta property=\"article:modified_time\" content=\"2026-04-27T06:03:29+00:00\" \/>\n<meta property=\"og:image\" content=\"https:\/\/skaitytaknyga.lt\/wp-content\/uploads\/2026\/04\/Efektyvi-prekyba.-Paverskite-savo-parduotuve-sekmes-fenomenu.webp\" \/>\n\t<meta property=\"og:image:width\" content=\"304\" \/>\n\t<meta property=\"og:image:height\" content=\"450\" \/>\n\t<meta property=\"og:image:type\" content=\"image\/webp\" \/>\n<meta name=\"twitter:card\" content=\"summary_large_image\" \/>\n<meta name=\"twitter:label1\" content=\"Estimated reading time\" \/>\n\t<meta name=\"twitter:data1\" content=\"1 minute\" \/>\n<script type=\"application\/ld+json\" class=\"yoast-schema-graph\">{\"@context\":\"https:\\\/\\\/schema.org\",\"@graph\":[{\"@type\":\"WebPage\",\"@id\":\"https:\\\/\\\/skaitytaknyga.lt\\\/produktas\\\/efektyvi-prekyba-paverskite-savo-parduotuve-sekmes-fenomenu\\\/\",\"url\":\"https:\\\/\\\/skaitytaknyga.lt\\\/produktas\\\/efektyvi-prekyba-paverskite-savo-parduotuve-sekmes-fenomenu\\\/\",\"name\":\"Efektyvi prekyba. Paverskite savo parduotuv\u0119 s\u0117km\u0117s fenomenu\",\"isPartOf\":{\"@id\":\"https:\\\/\\\/skaitytaknyga.lt\\\/#website\"},\"primaryImageOfPage\":{\"@id\":\"https:\\\/\\\/skaitytaknyga.lt\\\/produktas\\\/efektyvi-prekyba-paverskite-savo-parduotuve-sekmes-fenomenu\\\/#primaryimage\"},\"image\":{\"@id\":\"https:\\\/\\\/skaitytaknyga.lt\\\/produktas\\\/efektyvi-prekyba-paverskite-savo-parduotuve-sekmes-fenomenu\\\/#primaryimage\"},\"thumbnailUrl\":\"https:\\\/\\\/skaitytaknyga.lt\\\/wp-content\\\/uploads\\\/2026\\\/04\\\/Efektyvi-prekyba.-Paverskite-savo-parduotuve-sekmes-fenomenu.webp\",\"datePublished\":\"2026-04-27T05:55:22+00:00\",\"dateModified\":\"2026-04-27T06:03:29+00:00\",\"description\":\"Efektyvios prekybos esm\u0117 \u2013 pad\u0117ti jums u\u017esidirbti daugiau pinig\u0173, laim\u0117ti prekybos m\u016b\u0161\u012f, pagelb\u0117ti jums ir j\u016bs\u0173 komandai i\u0161siskirti i\u0161 kit\u0173. \u010cia nera\u0161oma\",\"breadcrumb\":{\"@id\":\"https:\\\/\\\/skaitytaknyga.lt\\\/produktas\\\/efektyvi-prekyba-paverskite-savo-parduotuve-sekmes-fenomenu\\\/#breadcrumb\"},\"inLanguage\":\"en-GB\",\"potentialAction\":[{\"@type\":\"ReadAction\",\"target\":[\"https:\\\/\\\/skaitytaknyga.lt\\\/produktas\\\/efektyvi-prekyba-paverskite-savo-parduotuve-sekmes-fenomenu\\\/\"]}]},{\"@type\":\"ImageObject\",\"inLanguage\":\"en-GB\",\"@id\":\"https:\\\/\\\/skaitytaknyga.lt\\\/produktas\\\/efektyvi-prekyba-paverskite-savo-parduotuve-sekmes-fenomenu\\\/#primaryimage\",\"url\":\"https:\\\/\\\/skaitytaknyga.lt\\\/wp-content\\\/uploads\\\/2026\\\/04\\\/Efektyvi-prekyba.-Paverskite-savo-parduotuve-sekmes-fenomenu.webp\",\"contentUrl\":\"https:\\\/\\\/skaitytaknyga.lt\\\/wp-content\\\/uploads\\\/2026\\\/04\\\/Efektyvi-prekyba.-Paverskite-savo-parduotuve-sekmes-fenomenu.webp\",\"width\":304,\"height\":450,\"caption\":\"Efektyvi prekyba. Paverskite savo parduotuv\u0119 s\u0117km\u0117s fenomenu\"},{\"@type\":\"BreadcrumbList\",\"@id\":\"https:\\\/\\\/skaitytaknyga.lt\\\/produktas\\\/efektyvi-prekyba-paverskite-savo-parduotuve-sekmes-fenomenu\\\/#breadcrumb\",\"itemListElement\":[{\"@type\":\"ListItem\",\"position\":1,\"name\":\"Home\",\"item\":\"https:\\\/\\\/skaitytaknyga.lt\\\/\"},{\"@type\":\"ListItem\",\"position\":2,\"name\":\"Parduotuv\u0117\",\"item\":\"https:\\\/\\\/skaitytaknyga.lt\\\/knygu-parduotuve\\\/\"},{\"@type\":\"ListItem\",\"position\":3,\"name\":\"Efektyvi prekyba. Paverskite savo parduotuv\u0119 s\u0117km\u0117s fenomenu\"}]},{\"@type\":\"WebSite\",\"@id\":\"https:\\\/\\\/skaitytaknyga.lt\\\/#website\",\"url\":\"https:\\\/\\\/skaitytaknyga.lt\\\/\",\"name\":\"skaitytaknyga.lt\",\"description\":\"Skaitytaknyga.lt \u2013 tai ma\u017eas \u0161eimos verslas, kuris prasid\u0117jo nuo meil\u0117s knygoms ir siekio i\u0161gelb\u0117ti knygas nuo likimo prie konteinerio. Kas vienam nereikalingas daiktas \u2013 kitam lobis, o mes esame tarpininkai, kurie padeda abiems tapti laimingesniems ???? \u017dinome kaip nelengva i\u0161gyventi ma\u017eiems verslams, tad nuo \u0161iol, \u010dia rasite ir kit\u0173, ma\u017e\u0173 \u0161eim\u0173 versl\u0173, rank\u0173 darbo, dovan\u0173 sau ir artimiesiems.\",\"publisher\":{\"@id\":\"https:\\\/\\\/skaitytaknyga.lt\\\/#organization\"},\"potentialAction\":[{\"@type\":\"SearchAction\",\"target\":{\"@type\":\"EntryPoint\",\"urlTemplate\":\"https:\\\/\\\/skaitytaknyga.lt\\\/?s={search_term_string}\"},\"query-input\":{\"@type\":\"PropertyValueSpecification\",\"valueRequired\":true,\"valueName\":\"search_term_string\"}}],\"inLanguage\":\"en-GB\"},{\"@type\":\"Organization\",\"@id\":\"https:\\\/\\\/skaitytaknyga.lt\\\/#organization\",\"name\":\"skaitytaknyga.lt\",\"url\":\"https:\\\/\\\/skaitytaknyga.lt\\\/\",\"logo\":{\"@type\":\"ImageObject\",\"inLanguage\":\"en-GB\",\"@id\":\"https:\\\/\\\/skaitytaknyga.lt\\\/#\\\/schema\\\/logo\\\/image\\\/\",\"url\":\"https:\\\/\\\/skaitytaknyga.lt\\\/wp-content\\\/uploads\\\/2024\\\/05\\\/cropped-cropped-cropped-02_00843_jt3bggkj1j3HLc7SyY6rEUpg.jpeg\",\"contentUrl\":\"https:\\\/\\\/skaitytaknyga.lt\\\/wp-content\\\/uploads\\\/2024\\\/05\\\/cropped-cropped-cropped-02_00843_jt3bggkj1j3HLc7SyY6rEUpg.jpeg\",\"width\":1600,\"height\":1600,\"caption\":\"skaitytaknyga.lt\"},\"image\":{\"@id\":\"https:\\\/\\\/skaitytaknyga.lt\\\/#\\\/schema\\\/logo\\\/image\\\/\"},\"sameAs\":[\"https:\\\/\\\/www.facebook.com\\\/skaitytaknyga\\\/\"]}]}<\/script>\n<!-- \/ Yoast SEO plugin. -->","yoast_head_json":{"title":"Efektyvi prekyba. Paverskite savo parduotuv\u0119 s\u0117km\u0117s fenomenu","description":"Efektyvios prekybos esm\u0117 \u2013 pad\u0117ti jums u\u017esidirbti daugiau pinig\u0173, laim\u0117ti prekybos m\u016b\u0161\u012f, pagelb\u0117ti jums ir j\u016bs\u0173 komandai i\u0161siskirti i\u0161 kit\u0173. \u010cia nera\u0161oma","robots":{"index":"index","follow":"follow","max-snippet":"max-snippet:-1","max-image-preview":"max-image-preview:large","max-video-preview":"max-video-preview:-1"},"canonical":"https:\/\/skaitytaknyga.lt\/en\/produktas\/efektyvi-prekyba-paverskite-savo-parduotuve-sekmes-fenomenu\/","og_locale":"en_GB","og_type":"article","og_title":"[:lt]Efektyvi prekyba. Paverskite savo parduotuv\u0119 s\u0117km\u0117s fenomenu[:] - Skaitytaknyga","og_description":"Efektyvios prekybos esm\u0117 \u2013 pad\u0117ti jums u\u017esidirbti daugiau pinig\u0173, laim\u0117ti prekybos m\u016b\u0161\u012f, pagelb\u0117ti jums ir j\u016bs\u0173 komandai i\u0161siskirti i\u0161 kit\u0173. \u010cia nera\u0161oma","og_url":"https:\/\/skaitytaknyga.lt\/en\/produktas\/efektyvi-prekyba-paverskite-savo-parduotuve-sekmes-fenomenu\/","og_site_name":"Skaitytaknyga","article_publisher":"https:\/\/www.facebook.com\/skaitytaknyga\/","article_modified_time":"2026-04-27T06:03:29+00:00","og_image":[{"width":304,"height":450,"url":"https:\/\/skaitytaknyga.lt\/wp-content\/uploads\/2026\/04\/Efektyvi-prekyba.-Paverskite-savo-parduotuve-sekmes-fenomenu.webp","type":"image\/webp"}],"twitter_card":"summary_large_image","twitter_misc":{"Estimated reading time":"1 minute"},"schema":{"@context":"https:\/\/schema.org","@graph":[{"@type":"WebPage","@id":"https:\/\/skaitytaknyga.lt\/produktas\/efektyvi-prekyba-paverskite-savo-parduotuve-sekmes-fenomenu\/","url":"https:\/\/skaitytaknyga.lt\/produktas\/efektyvi-prekyba-paverskite-savo-parduotuve-sekmes-fenomenu\/","name":"Efektyvi prekyba. Paverskite savo parduotuv\u0119 s\u0117km\u0117s fenomenu","isPartOf":{"@id":"https:\/\/skaitytaknyga.lt\/#website"},"primaryImageOfPage":{"@id":"https:\/\/skaitytaknyga.lt\/produktas\/efektyvi-prekyba-paverskite-savo-parduotuve-sekmes-fenomenu\/#primaryimage"},"image":{"@id":"https:\/\/skaitytaknyga.lt\/produktas\/efektyvi-prekyba-paverskite-savo-parduotuve-sekmes-fenomenu\/#primaryimage"},"thumbnailUrl":"https:\/\/skaitytaknyga.lt\/wp-content\/uploads\/2026\/04\/Efektyvi-prekyba.-Paverskite-savo-parduotuve-sekmes-fenomenu.webp","datePublished":"2026-04-27T05:55:22+00:00","dateModified":"2026-04-27T06:03:29+00:00","description":"Efektyvios prekybos esm\u0117 \u2013 pad\u0117ti jums u\u017esidirbti daugiau pinig\u0173, laim\u0117ti prekybos m\u016b\u0161\u012f, pagelb\u0117ti jums ir j\u016bs\u0173 komandai i\u0161siskirti i\u0161 kit\u0173. \u010cia nera\u0161oma","breadcrumb":{"@id":"https:\/\/skaitytaknyga.lt\/produktas\/efektyvi-prekyba-paverskite-savo-parduotuve-sekmes-fenomenu\/#breadcrumb"},"inLanguage":"en-GB","potentialAction":[{"@type":"ReadAction","target":["https:\/\/skaitytaknyga.lt\/produktas\/efektyvi-prekyba-paverskite-savo-parduotuve-sekmes-fenomenu\/"]}]},{"@type":"ImageObject","inLanguage":"en-GB","@id":"https:\/\/skaitytaknyga.lt\/produktas\/efektyvi-prekyba-paverskite-savo-parduotuve-sekmes-fenomenu\/#primaryimage","url":"https:\/\/skaitytaknyga.lt\/wp-content\/uploads\/2026\/04\/Efektyvi-prekyba.-Paverskite-savo-parduotuve-sekmes-fenomenu.webp","contentUrl":"https:\/\/skaitytaknyga.lt\/wp-content\/uploads\/2026\/04\/Efektyvi-prekyba.-Paverskite-savo-parduotuve-sekmes-fenomenu.webp","width":304,"height":450,"caption":"Efektyvi prekyba. Paverskite savo parduotuv\u0119 s\u0117km\u0117s fenomenu"},{"@type":"BreadcrumbList","@id":"https:\/\/skaitytaknyga.lt\/produktas\/efektyvi-prekyba-paverskite-savo-parduotuve-sekmes-fenomenu\/#breadcrumb","itemListElement":[{"@type":"ListItem","position":1,"name":"Home","item":"https:\/\/skaitytaknyga.lt\/"},{"@type":"ListItem","position":2,"name":"Parduotuv\u0117","item":"https:\/\/skaitytaknyga.lt\/knygu-parduotuve\/"},{"@type":"ListItem","position":3,"name":"Efektyvi prekyba. Paverskite savo parduotuv\u0119 s\u0117km\u0117s fenomenu"}]},{"@type":"WebSite","@id":"https:\/\/skaitytaknyga.lt\/#website","url":"https:\/\/skaitytaknyga.lt\/","name":"skaitytaknyga.lt","description":"Skaitytaknyga.lt \u2013 tai ma\u017eas \u0161eimos verslas, kuris prasid\u0117jo nuo meil\u0117s knygoms ir siekio i\u0161gelb\u0117ti knygas nuo likimo prie konteinerio. Kas vienam nereikalingas daiktas \u2013 kitam lobis, o mes esame tarpininkai, kurie padeda abiems tapti laimingesniems ???? \u017dinome kaip nelengva i\u0161gyventi ma\u017eiems verslams, tad nuo \u0161iol, \u010dia rasite ir kit\u0173, ma\u017e\u0173 \u0161eim\u0173 versl\u0173, rank\u0173 darbo, dovan\u0173 sau ir artimiesiems.","publisher":{"@id":"https:\/\/skaitytaknyga.lt\/#organization"},"potentialAction":[{"@type":"SearchAction","target":{"@type":"EntryPoint","urlTemplate":"https:\/\/skaitytaknyga.lt\/?s={search_term_string}"},"query-input":{"@type":"PropertyValueSpecification","valueRequired":true,"valueName":"search_term_string"}}],"inLanguage":"en-GB"},{"@type":"Organization","@id":"https:\/\/skaitytaknyga.lt\/#organization","name":"skaitytaknyga.lt","url":"https:\/\/skaitytaknyga.lt\/","logo":{"@type":"ImageObject","inLanguage":"en-GB","@id":"https:\/\/skaitytaknyga.lt\/#\/schema\/logo\/image\/","url":"https:\/\/skaitytaknyga.lt\/wp-content\/uploads\/2024\/05\/cropped-cropped-cropped-02_00843_jt3bggkj1j3HLc7SyY6rEUpg.jpeg","contentUrl":"https:\/\/skaitytaknyga.lt\/wp-content\/uploads\/2024\/05\/cropped-cropped-cropped-02_00843_jt3bggkj1j3HLc7SyY6rEUpg.jpeg","width":1600,"height":1600,"caption":"skaitytaknyga.lt"},"image":{"@id":"https:\/\/skaitytaknyga.lt\/#\/schema\/logo\/image\/"},"sameAs":["https:\/\/www.facebook.com\/skaitytaknyga\/"]}]}},"_links":{"self":[{"href":"https:\/\/skaitytaknyga.lt\/en\/wp-json\/wp\/v2\/product\/26368","targetHints":{"allow":["GET"]}}],"collection":[{"href":"https:\/\/skaitytaknyga.lt\/en\/wp-json\/wp\/v2\/product"}],"about":[{"href":"https:\/\/skaitytaknyga.lt\/en\/wp-json\/wp\/v2\/types\/product"}],"replies":[{"embeddable":true,"href":"https:\/\/skaitytaknyga.lt\/en\/wp-json\/wp\/v2\/comments?post=26368"}],"wp:featuredmedia":[{"embeddable":true,"href":"https:\/\/skaitytaknyga.lt\/en\/wp-json\/wp\/v2\/media\/26373"}],"wp:attachment":[{"href":"https:\/\/skaitytaknyga.lt\/en\/wp-json\/wp\/v2\/media?parent=26368"}],"wp:term":[{"taxonomy":"product_brand","embeddable":true,"href":"https:\/\/skaitytaknyga.lt\/en\/wp-json\/wp\/v2\/product_brand?post=26368"},{"taxonomy":"product_cat","embeddable":true,"href":"https:\/\/skaitytaknyga.lt\/en\/wp-json\/wp\/v2\/product_cat?post=26368"},{"taxonomy":"product_tag","embeddable":true,"href":"https:\/\/skaitytaknyga.lt\/en\/wp-json\/wp\/v2\/product_tag?post=26368"}],"curies":[{"name":"wp","href":"https:\/\/api.w.org\/{rel}","templated":true}]}}