{"id":26367,"date":"2026-04-27T08:55:21","date_gmt":"2026-04-27T05:55:21","guid":{"rendered":"https:\/\/skaitytaknyga.lt\/?post_type=product&#038;p=26367"},"modified":"2026-04-27T09:03:29","modified_gmt":"2026-04-27T06:03:29","slug":"lithuania-guide","status":"publish","type":"product","link":"https:\/\/skaitytaknyga.lt\/en\/produktas\/lithuania-guide\/","title":{"rendered":"Lithuania. Guide"},"content":{"rendered":"<p>Vadovas kra\u0161to istorijai, kult\u016brai ir gamtai pa\u017einti.<\/p>\n<p>\u012e\u017eangoje \u2013 bendros pastabos apie valstyb\u0119, jos istorij\u0105, kra\u0161tovaizd\u012f, \u012fdomias vietas, virtuv\u0119, suvenyrus. \u0160e\u0161iuose knygos skyriuose pasakojama apie Vilniaus, Kauno ir j\u0173 apylinki\u0173, \u017demaitijos, Auk\u0161taitijos, Dz\u016bkijos bei paj\u016brio ir pamario region\u0173 lankytinus objektus. \u010cia rasite architekt\u016bros paminkl\u0173 (\u012fvairi\u0173 tik\u0117jim\u0173 maldos nam\u0173, dvar\u0173, mal\u016bn\u0173, tilt\u0173), dail\u0117s k\u016brini\u0173 (sakralini\u0173 paveiksl\u0173, paminkl\u0173, kry\u017ei\u0173 ir koplyt\u0117li\u0173), gamtos \u012fdomybi\u0173 (nacionalini\u0173 ir regionini\u0173 park\u0173, e\u017eer\u0173, upi\u0173, akmen\u0173, kalv\u0173, med\u017ei\u0173), muziej\u0173, istorini\u0173 viet\u0173 ir kt. apra\u0161us.<\/p>\n<p>Skyri\u0173 lap\u0173 kampu\u010diai pa\u017eym\u0117ti skirtingomis spalvomis. Yra pamin\u0117t\u0173 asmen\u0173 ir pla\u010diau apra\u0161yt\u0173 vietovi\u0173 rodykl\u0117s, \u0161ios vietov\u0117s pa\u017eym\u0117tos region\u0173 \u017eem\u0117lapiuose, miest\u0173 planuose pa\u017eym\u0117ti apra\u0161yti objektai.<\/p>\n<p>Vadove yra apie 500 iliustracij\u0173.<\/p>\n","protected":false},"excerpt":{"rendered":"<p>Vadovas kra\u0161to istorijai, kult\u016brai ir gamtai pa\u017einti. \u012e\u017eangoje \u2013 bendros pastabos apie valstyb\u0119, jos istorij\u0105, kra\u0161tovaizd\u012f, \u012fdomias vietas, virtuv\u0119, suvenyrus. \u0160e\u0161iuose knygos skyriuose pasakojama apie Vilniaus, Kauno ir j\u0173 apylinki\u0173, \u017demaitijos, Auk\u0161taitijos, Dz\u016bkijos bei paj\u016brio ir pamario region\u0173 lankytinus objektus. \u010cia rasite architekt\u016bros paminkl\u0173 (\u012fvairi\u0173 tik\u0117jim\u0173 maldos nam\u0173, dvar\u0173, mal\u016bn\u0173, tilt\u0173), dail\u0117s k\u016brini\u0173 (sakralini\u0173 paveiksl\u0173, paminkl\u0173, kry\u017ei\u0173 ir koplyt\u0117li\u0173), gamtos \u012fdomybi\u0173 (nacionalini\u0173 ir regionini\u0173 park\u0173, e\u017eer\u0173, upi\u0173, akmen\u0173, kalv\u0173, med\u017ei\u0173), muziej\u0173, istorini\u0173 viet\u0173 ir kt. apra\u0161us. Skyri\u0173 lap\u0173 kampu\u010diai pa\u017eym\u0117ti skirtingomis spalvomis. Yra pamin\u0117t\u0173 asmen\u0173 ir pla\u010diau apra\u0161yt\u0173 vietovi\u0173 rodykl\u0117s, \u0161ios vietov\u0117s pa\u017eym\u0117tos region\u0173 \u017eem\u0117lapiuose, miest\u0173 planuose pa\u017eym\u0117ti apra\u0161yti objektai. Vadove yra apie 500 iliustracij\u0173.<\/p>\n","protected":false},"featured_media":26372,"comment_status":"open","ping_status":"closed","template":"","meta":{"_acf_changed":false,"site-sidebar-layout":"default","site-content-layout":"","ast-site-content-layout":"default","site-content-style":"default","site-sidebar-style":"default","ast-global-header-display":"","ast-banner-title-visibility":"","ast-main-header-display":"","ast-hfb-above-header-display":"","ast-hfb-below-header-display":"","ast-hfb-mobile-header-display":"","site-post-title":"","ast-breadcrumbs-content":"","ast-featured-img":"","footer-sml-layout":"","ast-disable-related-posts":"","theme-transparent-header-meta":"","adv-header-id-meta":"","stick-header-meta":"","header-above-stick-meta":"","header-main-stick-meta":"","header-below-stick-meta":"","astra-migrate-meta-layouts":"default","ast-page-background-enabled":"default","ast-page-background-meta":{"desktop":{"background-color":"","background-image":"","background-repeat":"repeat","background-position":"center center","background-size":"auto","background-attachment":"scroll","background-type":"","background-media":"","overlay-type":"","overlay-color":"","overlay-opacity":"","overlay-gradient":""},"tablet":{"background-color":"","background-image":"","background-repeat":"repeat","background-position":"center center","background-size":"auto","background-attachment":"scroll","background-type":"","background-media":"","overlay-type":"","overlay-color":"","overlay-opacity":"","overlay-gradient":""},"mobile":{"background-color":"","background-image":"","background-repeat":"repeat","background-position":"center center","background-size":"auto","background-attachment":"scroll","background-type":"","background-media":"","overlay-type":"","overlay-color":"","overlay-opacity":"","overlay-gradient":""}},"ast-content-background-meta":{"desktop":{"background-color":"var(--ast-global-color-4)","background-image":"","background-repeat":"repeat","background-position":"center center","background-size":"auto","background-attachment":"scroll","background-type":"","background-media":"","overlay-type":"","overlay-color":"","overlay-opacity":"","overlay-gradient":""},"tablet":{"background-color":"var(--ast-global-color-4)","background-image":"","background-repeat":"repeat","background-position":"center center","background-size":"auto","background-attachment":"scroll","background-type":"","background-media":"","overlay-type":"","overlay-color":"","overlay-opacity":"","overlay-gradient":""},"mobile":{"background-color":"var(--ast-global-color-4)","background-image":"","background-repeat":"repeat","background-position":"center center","background-size":"auto","background-attachment":"scroll","background-type":"","background-media":"","overlay-type":"","overlay-color":"","overlay-opacity":"","overlay-gradient":""}}},"product_brand":[],"product_cat":[448],"product_tag":[],"class_list":{"0":"post-26367","1":"product","2":"type-product","3":"status-publish","4":"has-post-thumbnail","6":"product_cat-keliones","7":"desktop-align-left","8":"tablet-align-left","9":"mobile-align-left","11":"first","12":"instock","13":"shipping-taxable","14":"purchasable","15":"product-type-simple"},"acf":[],"yoast_head":"<!-- This site is optimized with the Yoast SEO plugin v27.4 - https:\/\/yoast.com\/product\/yoast-seo-wordpress\/ -->\n<title>Lithuania. Guide<\/title>\n<meta name=\"description\" content=\"Vadovas kra\u0161to istorijai, kult\u016brai ir gamtai pa\u017einti. \u012e\u017eangoje \u2013 bendros pastabos apie valstyb\u0119, jos istorij\u0105, kra\u0161tovaizd\u012f, \u012fdomias vietas, virtuv\u0119,\" \/>\n<meta name=\"robots\" content=\"index, follow, max-snippet:-1, max-image-preview:large, max-video-preview:-1\" \/>\n<link rel=\"canonical\" href=\"https:\/\/skaitytaknyga.lt\/en\/produktas\/lithuania-guide\/\" \/>\n<meta property=\"og:locale\" content=\"en_GB\" \/>\n<meta property=\"og:locale:alternate\" content=\"lt_LT\" \/>\n<meta property=\"og:type\" content=\"article\" \/>\n<meta property=\"og:title\" content=\"Lithuania. Guide\" \/>\n<meta property=\"og:description\" content=\"Vadovas kra\u0161to istorijai, kult\u016brai ir gamtai pa\u017einti. \u012e\u017eangoje \u2013 bendros pastabos apie valstyb\u0119, jos istorij\u0105, kra\u0161tovaizd\u012f, \u012fdomias vietas, virtuv\u0119,\" \/>\n<meta property=\"og:url\" content=\"https:\/\/skaitytaknyga.lt\/en\/produktas\/lithuania-guide\/\" \/>\n<meta property=\"og:site_name\" content=\"Skaitytaknyga\" \/>\n<meta property=\"article:publisher\" content=\"https:\/\/www.facebook.com\/skaitytaknyga\/\" \/>\n<meta property=\"article:modified_time\" content=\"2026-04-27T06:03:29+00:00\" \/>\n<meta property=\"og:image\" content=\"https:\/\/skaitytaknyga.lt\/wp-content\/uploads\/2026\/04\/Lithuania.-Guide-e1777269397561.webp\" \/>\n\t<meta property=\"og:image:width\" content=\"300\" \/>\n\t<meta property=\"og:image:height\" content=\"518\" \/>\n\t<meta property=\"og:image:type\" content=\"image\/webp\" \/>\n<meta name=\"twitter:card\" content=\"summary_large_image\" \/>\n<meta name=\"twitter:label1\" content=\"Estimated reading time\" \/>\n\t<meta name=\"twitter:data1\" content=\"1 minute\" \/>\n<script type=\"application\/ld+json\" class=\"yoast-schema-graph\">{\"@context\":\"https:\\\/\\\/schema.org\",\"@graph\":[{\"@type\":\"WebPage\",\"@id\":\"https:\\\/\\\/skaitytaknyga.lt\\\/produktas\\\/lithuania-guide\\\/\",\"url\":\"https:\\\/\\\/skaitytaknyga.lt\\\/produktas\\\/lithuania-guide\\\/\",\"name\":\"Lithuania. Guide\",\"isPartOf\":{\"@id\":\"https:\\\/\\\/skaitytaknyga.lt\\\/#website\"},\"primaryImageOfPage\":{\"@id\":\"https:\\\/\\\/skaitytaknyga.lt\\\/produktas\\\/lithuania-guide\\\/#primaryimage\"},\"image\":{\"@id\":\"https:\\\/\\\/skaitytaknyga.lt\\\/produktas\\\/lithuania-guide\\\/#primaryimage\"},\"thumbnailUrl\":\"https:\\\/\\\/skaitytaknyga.lt\\\/wp-content\\\/uploads\\\/2026\\\/04\\\/Lithuania.-Guide-e1777269397561.webp\",\"datePublished\":\"2026-04-27T05:55:21+00:00\",\"dateModified\":\"2026-04-27T06:03:29+00:00\",\"description\":\"Vadovas kra\u0161to istorijai, kult\u016brai ir gamtai pa\u017einti. \u012e\u017eangoje \u2013 bendros pastabos apie valstyb\u0119, jos istorij\u0105, kra\u0161tovaizd\u012f, \u012fdomias vietas, virtuv\u0119,\",\"breadcrumb\":{\"@id\":\"https:\\\/\\\/skaitytaknyga.lt\\\/produktas\\\/lithuania-guide\\\/#breadcrumb\"},\"inLanguage\":\"en-GB\",\"potentialAction\":[{\"@type\":\"ReadAction\",\"target\":[\"https:\\\/\\\/skaitytaknyga.lt\\\/produktas\\\/lithuania-guide\\\/\"]}]},{\"@type\":\"ImageObject\",\"inLanguage\":\"en-GB\",\"@id\":\"https:\\\/\\\/skaitytaknyga.lt\\\/produktas\\\/lithuania-guide\\\/#primaryimage\",\"url\":\"https:\\\/\\\/skaitytaknyga.lt\\\/wp-content\\\/uploads\\\/2026\\\/04\\\/Lithuania.-Guide-e1777269397561.webp\",\"contentUrl\":\"https:\\\/\\\/skaitytaknyga.lt\\\/wp-content\\\/uploads\\\/2026\\\/04\\\/Lithuania.-Guide-e1777269397561.webp\",\"width\":300,\"height\":518,\"caption\":\"Lithuania. Guide\"},{\"@type\":\"BreadcrumbList\",\"@id\":\"https:\\\/\\\/skaitytaknyga.lt\\\/produktas\\\/lithuania-guide\\\/#breadcrumb\",\"itemListElement\":[{\"@type\":\"ListItem\",\"position\":1,\"name\":\"Home\",\"item\":\"https:\\\/\\\/skaitytaknyga.lt\\\/\"},{\"@type\":\"ListItem\",\"position\":2,\"name\":\"Parduotuv\u0117\",\"item\":\"https:\\\/\\\/skaitytaknyga.lt\\\/knygu-parduotuve\\\/\"},{\"@type\":\"ListItem\",\"position\":3,\"name\":\"Lithuania. Guide\"}]},{\"@type\":\"WebSite\",\"@id\":\"https:\\\/\\\/skaitytaknyga.lt\\\/#website\",\"url\":\"https:\\\/\\\/skaitytaknyga.lt\\\/\",\"name\":\"skaitytaknyga.lt\",\"description\":\"Skaitytaknyga.lt \u2013 tai ma\u017eas \u0161eimos verslas, kuris prasid\u0117jo nuo meil\u0117s knygoms ir siekio i\u0161gelb\u0117ti knygas nuo likimo prie konteinerio. Kas vienam nereikalingas daiktas \u2013 kitam lobis, o mes esame tarpininkai, kurie padeda abiems tapti laimingesniems ???? \u017dinome kaip nelengva i\u0161gyventi ma\u017eiems verslams, tad nuo \u0161iol, \u010dia rasite ir kit\u0173, ma\u017e\u0173 \u0161eim\u0173 versl\u0173, rank\u0173 darbo, dovan\u0173 sau ir artimiesiems.\",\"publisher\":{\"@id\":\"https:\\\/\\\/skaitytaknyga.lt\\\/#organization\"},\"potentialAction\":[{\"@type\":\"SearchAction\",\"target\":{\"@type\":\"EntryPoint\",\"urlTemplate\":\"https:\\\/\\\/skaitytaknyga.lt\\\/?s={search_term_string}\"},\"query-input\":{\"@type\":\"PropertyValueSpecification\",\"valueRequired\":true,\"valueName\":\"search_term_string\"}}],\"inLanguage\":\"en-GB\"},{\"@type\":\"Organization\",\"@id\":\"https:\\\/\\\/skaitytaknyga.lt\\\/#organization\",\"name\":\"skaitytaknyga.lt\",\"url\":\"https:\\\/\\\/skaitytaknyga.lt\\\/\",\"logo\":{\"@type\":\"ImageObject\",\"inLanguage\":\"en-GB\",\"@id\":\"https:\\\/\\\/skaitytaknyga.lt\\\/#\\\/schema\\\/logo\\\/image\\\/\",\"url\":\"https:\\\/\\\/skaitytaknyga.lt\\\/wp-content\\\/uploads\\\/2024\\\/05\\\/cropped-cropped-cropped-02_00843_jt3bggkj1j3HLc7SyY6rEUpg.jpeg\",\"contentUrl\":\"https:\\\/\\\/skaitytaknyga.lt\\\/wp-content\\\/uploads\\\/2024\\\/05\\\/cropped-cropped-cropped-02_00843_jt3bggkj1j3HLc7SyY6rEUpg.jpeg\",\"width\":1600,\"height\":1600,\"caption\":\"skaitytaknyga.lt\"},\"image\":{\"@id\":\"https:\\\/\\\/skaitytaknyga.lt\\\/#\\\/schema\\\/logo\\\/image\\\/\"},\"sameAs\":[\"https:\\\/\\\/www.facebook.com\\\/skaitytaknyga\\\/\"]}]}<\/script>\n<!-- \/ Yoast SEO plugin. -->","yoast_head_json":{"title":"Lithuania. Guide","description":"Vadovas kra\u0161to istorijai, kult\u016brai ir gamtai pa\u017einti. \u012e\u017eangoje \u2013 bendros pastabos apie valstyb\u0119, jos istorij\u0105, kra\u0161tovaizd\u012f, \u012fdomias vietas, virtuv\u0119,","robots":{"index":"index","follow":"follow","max-snippet":"max-snippet:-1","max-image-preview":"max-image-preview:large","max-video-preview":"max-video-preview:-1"},"canonical":"https:\/\/skaitytaknyga.lt\/en\/produktas\/lithuania-guide\/","og_locale":"en_GB","og_type":"article","og_title":"[:lt]Lithuania. Guide[:] - Skaitytaknyga","og_description":"Vadovas kra\u0161to istorijai, kult\u016brai ir gamtai pa\u017einti. \u012e\u017eangoje \u2013 bendros pastabos apie valstyb\u0119, jos istorij\u0105, kra\u0161tovaizd\u012f, \u012fdomias vietas, virtuv\u0119,","og_url":"https:\/\/skaitytaknyga.lt\/en\/produktas\/lithuania-guide\/","og_site_name":"Skaitytaknyga","article_publisher":"https:\/\/www.facebook.com\/skaitytaknyga\/","article_modified_time":"2026-04-27T06:03:29+00:00","og_image":[{"width":300,"height":518,"url":"https:\/\/skaitytaknyga.lt\/wp-content\/uploads\/2026\/04\/Lithuania.-Guide-e1777269397561.webp","type":"image\/webp"}],"twitter_card":"summary_large_image","twitter_misc":{"Estimated reading time":"1 minute"},"schema":{"@context":"https:\/\/schema.org","@graph":[{"@type":"WebPage","@id":"https:\/\/skaitytaknyga.lt\/produktas\/lithuania-guide\/","url":"https:\/\/skaitytaknyga.lt\/produktas\/lithuania-guide\/","name":"Lithuania. Guide","isPartOf":{"@id":"https:\/\/skaitytaknyga.lt\/#website"},"primaryImageOfPage":{"@id":"https:\/\/skaitytaknyga.lt\/produktas\/lithuania-guide\/#primaryimage"},"image":{"@id":"https:\/\/skaitytaknyga.lt\/produktas\/lithuania-guide\/#primaryimage"},"thumbnailUrl":"https:\/\/skaitytaknyga.lt\/wp-content\/uploads\/2026\/04\/Lithuania.-Guide-e1777269397561.webp","datePublished":"2026-04-27T05:55:21+00:00","dateModified":"2026-04-27T06:03:29+00:00","description":"Vadovas kra\u0161to istorijai, kult\u016brai ir gamtai pa\u017einti. \u012e\u017eangoje \u2013 bendros pastabos apie valstyb\u0119, jos istorij\u0105, kra\u0161tovaizd\u012f, \u012fdomias vietas, virtuv\u0119,","breadcrumb":{"@id":"https:\/\/skaitytaknyga.lt\/produktas\/lithuania-guide\/#breadcrumb"},"inLanguage":"en-GB","potentialAction":[{"@type":"ReadAction","target":["https:\/\/skaitytaknyga.lt\/produktas\/lithuania-guide\/"]}]},{"@type":"ImageObject","inLanguage":"en-GB","@id":"https:\/\/skaitytaknyga.lt\/produktas\/lithuania-guide\/#primaryimage","url":"https:\/\/skaitytaknyga.lt\/wp-content\/uploads\/2026\/04\/Lithuania.-Guide-e1777269397561.webp","contentUrl":"https:\/\/skaitytaknyga.lt\/wp-content\/uploads\/2026\/04\/Lithuania.-Guide-e1777269397561.webp","width":300,"height":518,"caption":"Lithuania. Guide"},{"@type":"BreadcrumbList","@id":"https:\/\/skaitytaknyga.lt\/produktas\/lithuania-guide\/#breadcrumb","itemListElement":[{"@type":"ListItem","position":1,"name":"Home","item":"https:\/\/skaitytaknyga.lt\/"},{"@type":"ListItem","position":2,"name":"Parduotuv\u0117","item":"https:\/\/skaitytaknyga.lt\/knygu-parduotuve\/"},{"@type":"ListItem","position":3,"name":"Lithuania. Guide"}]},{"@type":"WebSite","@id":"https:\/\/skaitytaknyga.lt\/#website","url":"https:\/\/skaitytaknyga.lt\/","name":"skaitytaknyga.lt","description":"Skaitytaknyga.lt \u2013 tai ma\u017eas \u0161eimos verslas, kuris prasid\u0117jo nuo meil\u0117s knygoms ir siekio i\u0161gelb\u0117ti knygas nuo likimo prie konteinerio. Kas vienam nereikalingas daiktas \u2013 kitam lobis, o mes esame tarpininkai, kurie padeda abiems tapti laimingesniems ???? \u017dinome kaip nelengva i\u0161gyventi ma\u017eiems verslams, tad nuo \u0161iol, \u010dia rasite ir kit\u0173, ma\u017e\u0173 \u0161eim\u0173 versl\u0173, rank\u0173 darbo, dovan\u0173 sau ir artimiesiems.","publisher":{"@id":"https:\/\/skaitytaknyga.lt\/#organization"},"potentialAction":[{"@type":"SearchAction","target":{"@type":"EntryPoint","urlTemplate":"https:\/\/skaitytaknyga.lt\/?s={search_term_string}"},"query-input":{"@type":"PropertyValueSpecification","valueRequired":true,"valueName":"search_term_string"}}],"inLanguage":"en-GB"},{"@type":"Organization","@id":"https:\/\/skaitytaknyga.lt\/#organization","name":"skaitytaknyga.lt","url":"https:\/\/skaitytaknyga.lt\/","logo":{"@type":"ImageObject","inLanguage":"en-GB","@id":"https:\/\/skaitytaknyga.lt\/#\/schema\/logo\/image\/","url":"https:\/\/skaitytaknyga.lt\/wp-content\/uploads\/2024\/05\/cropped-cropped-cropped-02_00843_jt3bggkj1j3HLc7SyY6rEUpg.jpeg","contentUrl":"https:\/\/skaitytaknyga.lt\/wp-content\/uploads\/2024\/05\/cropped-cropped-cropped-02_00843_jt3bggkj1j3HLc7SyY6rEUpg.jpeg","width":1600,"height":1600,"caption":"skaitytaknyga.lt"},"image":{"@id":"https:\/\/skaitytaknyga.lt\/#\/schema\/logo\/image\/"},"sameAs":["https:\/\/www.facebook.com\/skaitytaknyga\/"]}]}},"_links":{"self":[{"href":"https:\/\/skaitytaknyga.lt\/en\/wp-json\/wp\/v2\/product\/26367","targetHints":{"allow":["GET"]}}],"collection":[{"href":"https:\/\/skaitytaknyga.lt\/en\/wp-json\/wp\/v2\/product"}],"about":[{"href":"https:\/\/skaitytaknyga.lt\/en\/wp-json\/wp\/v2\/types\/product"}],"replies":[{"embeddable":true,"href":"https:\/\/skaitytaknyga.lt\/en\/wp-json\/wp\/v2\/comments?post=26367"}],"wp:featuredmedia":[{"embeddable":true,"href":"https:\/\/skaitytaknyga.lt\/en\/wp-json\/wp\/v2\/media\/26372"}],"wp:attachment":[{"href":"https:\/\/skaitytaknyga.lt\/en\/wp-json\/wp\/v2\/media?parent=26367"}],"wp:term":[{"taxonomy":"product_brand","embeddable":true,"href":"https:\/\/skaitytaknyga.lt\/en\/wp-json\/wp\/v2\/product_brand?post=26367"},{"taxonomy":"product_cat","embeddable":true,"href":"https:\/\/skaitytaknyga.lt\/en\/wp-json\/wp\/v2\/product_cat?post=26367"},{"taxonomy":"product_tag","embeddable":true,"href":"https:\/\/skaitytaknyga.lt\/en\/wp-json\/wp\/v2\/product_tag?post=26367"}],"curies":[{"name":"wp","href":"https:\/\/api.w.org\/{rel}","templated":true}]}}