{"id":26359,"date":"2026-04-24T11:45:21","date_gmt":"2026-04-24T08:45:21","guid":{"rendered":"https:\/\/skaitytaknyga.lt\/?post_type=product&#038;p=26359"},"modified":"2026-04-27T08:52:01","modified_gmt":"2026-04-27T05:52:01","slug":"lean-startup-metodika","status":"publish","type":"product","link":"https:\/\/skaitytaknyga.lt\/en\/produktas\/lean-startup-metodika\/","title":{"rendered":"Lean Startup metodika"},"content":{"rendered":"<p><em>Lean Startup<\/em>\u00a0metodo tikslas \u2013 i\u0161mokyti \u201evairuoti\u201c nauj\u0105 versl\u0105. U\u017euot kaip prielaidas k\u016br\u0119 ateities planus, nauj\u0105 versl\u0105 valdykite vairu, vadinam\u0105ja atgalinio ry\u0161io kilpa\u00a0<em>Gamink, \u012fvertink, mokykis<\/em>. Vairuodami matysite, kada laikas daryti staig\u0173 pos\u016bk\u012f, o kada t\u0119sti kelion\u0119 pasirinktu mar\u0161rutu. \u012ejung\u0119 varikl\u012f, maksimaliai greitai didinsite apsukas \u2013 auginsite savo versl\u0105.<\/p>\n<p><strong>Ericas Riesas (Eric Ries)<\/strong>\u00a0\u2013 antrepreneris, populiaraus interneto dienora\u0161\u010dio\u00a0<em>Startup Lessons Learned<\/em>\u00a0autorius, vienas i\u0161 bendrov\u0117s IMVU, kuri yra tre\u010diasis jo naujas verslas, \u012fk\u016br\u0117j\u0173 ir technikos direktorius. Jis da\u017enas prane\u0161\u0117jas verslo renginiuose, konsultav\u0119s verslo ir produkto strategijos klausimais daugyb\u0119 nauj\u0173 \u012fmoni\u0173, dideli\u0173 bendrovi\u0173 ir rizikos kapitalo \u012fmoni\u0173, Harvardo verslo mokyklos d\u0117stytojas, verslininkas.<\/p>\n<p>\u201eBendrov\u0117, su kuria man teko dirbti, suplanavo, kad vien\u0105 i\u0161 jos nauj\u0173 produkt\u0173 pam\u0117gs milijonai klient\u0173. Pasitelkusi triuk\u0161ming\u0105 pristatym\u0105, ji \u012fgyvendino savo plan\u0105. Ta\u010diau klientai nepuol\u0117 masi\u0161kai pirkti produkto. Dar blogiau, bendrov\u0117 investavo \u012f infrastrukt\u016br\u0105, darbuotojus, aptarnavim\u0105, kad gal\u0117t\u0173 susidoroti su laukiamu klient\u0173 antpl\u016bd\u017eiu. L\u016bkes\u010diams nei\u0161sipild\u017eius, bendrov\u0117 buvo taip susisais\u010diusi, kad nebegal\u0117jo laiku adaptuotis. Ji \u201epasiek\u0117\u201c nes\u0117km\u0119 \u2013 s\u0117kmingai, tiksliai ir grie\u017etai \u012fvykd\u0117 plan\u0105, kuris pasirod\u0117 es\u0105s labai blogas.\u201c<\/p>\n<p><strong><em>Eric Ries<\/em><\/strong><\/p>\n","protected":false},"excerpt":{"rendered":"<p>Lean Startup\u00a0metodo tikslas \u2013 i\u0161mokyti \u201evairuoti\u201c nauj\u0105 versl\u0105. U\u017euot kaip prielaidas k\u016br\u0119 ateities planus, nauj\u0105 versl\u0105 valdykite vairu, vadinam\u0105ja atgalinio ry\u0161io kilpa\u00a0Gamink, \u012fvertink, mokykis. Vairuodami matysite, kada laikas daryti staig\u0173 pos\u016bk\u012f, o kada t\u0119sti kelion\u0119 pasirinktu mar\u0161rutu. \u012ejung\u0119 varikl\u012f, maksimaliai greitai didinsite apsukas \u2013 auginsite savo versl\u0105. Ericas Riesas (Eric Ries)\u00a0\u2013 antrepreneris, populiaraus interneto dienora\u0161\u010dio\u00a0Startup Lessons Learned\u00a0autorius, vienas i\u0161 bendrov\u0117s IMVU, kuri yra tre\u010diasis jo naujas verslas, \u012fk\u016br\u0117j\u0173 ir technikos direktorius. Jis da\u017enas prane\u0161\u0117jas verslo renginiuose, konsultav\u0119s verslo ir produkto strategijos klausimais daugyb\u0119 nauj\u0173 \u012fmoni\u0173, dideli\u0173 bendrovi\u0173 ir rizikos kapitalo \u012fmoni\u0173, Harvardo verslo mokyklos d\u0117stytojas, verslininkas. \u201eBendrov\u0117, su kuria man teko dirbti, suplanavo, kad vien\u0105 i\u0161 jos nauj\u0173 produkt\u0173 pam\u0117gs milijonai klient\u0173. Pasitelkusi triuk\u0161ming\u0105 pristatym\u0105, ji \u012fgyvendino savo plan\u0105. Ta\u010diau klientai nepuol\u0117 masi\u0161kai pirkti produkto. Dar blogiau, bendrov\u0117 investavo \u012f infrastrukt\u016br\u0105, darbuotojus, aptarnavim\u0105, kad gal\u0117t\u0173 susidoroti su laukiamu klient\u0173 antpl\u016bd\u017eiu. L\u016bkes\u010diams nei\u0161sipild\u017eius, bendrov\u0117 buvo taip susisais\u010diusi, kad nebegal\u0117jo laiku adaptuotis. Ji \u201epasiek\u0117\u201c nes\u0117km\u0119 \u2013 s\u0117kmingai, tiksliai ir grie\u017etai \u012fvykd\u0117 plan\u0105, kuris pasirod\u0117 es\u0105s labai blogas.\u201c Eric Ries<\/p>\n","protected":false},"featured_media":26366,"comment_status":"open","ping_status":"closed","template":"","meta":{"_acf_changed":false,"site-sidebar-layout":"default","site-content-layout":"","ast-site-content-layout":"default","site-content-style":"default","site-sidebar-style":"default","ast-global-header-display":"","ast-banner-title-visibility":"","ast-main-header-display":"","ast-hfb-above-header-display":"","ast-hfb-below-header-display":"","ast-hfb-mobile-header-display":"","site-post-title":"","ast-breadcrumbs-content":"","ast-featured-img":"","footer-sml-layout":"","ast-disable-related-posts":"","theme-transparent-header-meta":"default","adv-header-id-meta":"","stick-header-meta":"","header-above-stick-meta":"","header-main-stick-meta":"","header-below-stick-meta":"","astra-migrate-meta-layouts":"set","ast-page-background-enabled":"default","ast-page-background-meta":{"desktop":{"background-color":"","background-image":"","background-repeat":"repeat","background-position":"center center","background-size":"auto","background-attachment":"scroll","background-type":"","background-media":"","overlay-type":"","overlay-color":"","overlay-opacity":"","overlay-gradient":""},"tablet":{"background-color":"","background-image":"","background-repeat":"repeat","background-position":"center center","background-size":"auto","background-attachment":"scroll","background-type":"","background-media":"","overlay-type":"","overlay-color":"","overlay-opacity":"","overlay-gradient":""},"mobile":{"background-color":"","background-image":"","background-repeat":"repeat","background-position":"center center","background-size":"auto","background-attachment":"scroll","background-type":"","background-media":"","overlay-type":"","overlay-color":"","overlay-opacity":"","overlay-gradient":""}},"ast-content-background-meta":{"desktop":{"background-color":"var(--ast-global-color-4)","background-image":"","background-repeat":"repeat","background-position":"center center","background-size":"auto","background-attachment":"scroll","background-type":"","background-media":"","overlay-type":"","overlay-color":"","overlay-opacity":"","overlay-gradient":""},"tablet":{"background-color":"var(--ast-global-color-4)","background-image":"","background-repeat":"repeat","background-position":"center center","background-size":"auto","background-attachment":"scroll","background-type":"","background-media":"","overlay-type":"","overlay-color":"","overlay-opacity":"","overlay-gradient":""},"mobile":{"background-color":"var(--ast-global-color-4)","background-image":"","background-repeat":"repeat","background-position":"center center","background-size":"auto","background-attachment":"scroll","background-type":"","background-media":"","overlay-type":"","overlay-color":"","overlay-opacity":"","overlay-gradient":""}}},"product_brand":[],"product_cat":[9887,15],"product_tag":[],"class_list":{"0":"post-26359","1":"product","2":"type-product","3":"status-publish","4":"has-post-thumbnail","6":"product_cat-verslas","7":"product_cat-uncategorized","8":"desktop-align-left","9":"tablet-align-left","10":"mobile-align-left","12":"first","13":"instock","14":"shipping-taxable","15":"purchasable","16":"product-type-simple"},"acf":[],"yoast_head":"<!-- This site is optimized with the Yoast SEO plugin v27.4 - https:\/\/yoast.com\/product\/yoast-seo-wordpress\/ -->\n<title>Lean Startup metodika<\/title>\n<meta name=\"description\" content=\"Lean Startup\u00a0metodo tikslas \u2013 i\u0161mokyti \u201evairuoti\u201c nauj\u0105 versl\u0105. U\u017euot kaip prielaidas k\u016br\u0119 ateities planus, nauj\u0105 versl\u0105 valdykite vairu, vadinam\u0105ja\" \/>\n<meta name=\"robots\" content=\"index, follow, max-snippet:-1, max-image-preview:large, max-video-preview:-1\" \/>\n<link rel=\"canonical\" href=\"https:\/\/skaitytaknyga.lt\/en\/produktas\/lean-startup-metodika\/\" \/>\n<meta property=\"og:locale\" content=\"en_GB\" \/>\n<meta property=\"og:locale:alternate\" content=\"lt_LT\" \/>\n<meta property=\"og:type\" content=\"article\" \/>\n<meta property=\"og:title\" content=\"Lean Startup metodika\" \/>\n<meta property=\"og:description\" content=\"Lean Startup\u00a0metodo tikslas \u2013 i\u0161mokyti \u201evairuoti\u201c nauj\u0105 versl\u0105. U\u017euot kaip prielaidas k\u016br\u0119 ateities planus, nauj\u0105 versl\u0105 valdykite vairu, vadinam\u0105ja\" \/>\n<meta property=\"og:url\" content=\"https:\/\/skaitytaknyga.lt\/en\/produktas\/lean-startup-metodika\/\" \/>\n<meta property=\"og:site_name\" content=\"Skaitytaknyga\" \/>\n<meta property=\"article:publisher\" content=\"https:\/\/www.facebook.com\/skaitytaknyga\/\" \/>\n<meta property=\"article:modified_time\" content=\"2026-04-27T05:52:01+00:00\" \/>\n<meta property=\"og:image\" content=\"https:\/\/skaitytaknyga.lt\/wp-content\/uploads\/2024\/07\/skaitytaknyga.png\" \/>\n\t<meta property=\"og:image:width\" content=\"747\" \/>\n\t<meta property=\"og:image:height\" content=\"496\" \/>\n\t<meta property=\"og:image:type\" content=\"image\/png\" \/>\n<meta name=\"twitter:card\" content=\"summary_large_image\" \/>\n<meta name=\"twitter:label1\" content=\"Estimated reading time\" \/>\n\t<meta name=\"twitter:data1\" content=\"2 minutes\" \/>\n<script type=\"application\/ld+json\" class=\"yoast-schema-graph\">{\"@context\":\"https:\\\/\\\/schema.org\",\"@graph\":[{\"@type\":\"WebPage\",\"@id\":\"https:\\\/\\\/skaitytaknyga.lt\\\/produktas\\\/lean-startup-metodika\\\/\",\"url\":\"https:\\\/\\\/skaitytaknyga.lt\\\/produktas\\\/lean-startup-metodika\\\/\",\"name\":\"Lean Startup metodika\",\"isPartOf\":{\"@id\":\"https:\\\/\\\/skaitytaknyga.lt\\\/#website\"},\"primaryImageOfPage\":{\"@id\":\"https:\\\/\\\/skaitytaknyga.lt\\\/produktas\\\/lean-startup-metodika\\\/#primaryimage\"},\"image\":{\"@id\":\"https:\\\/\\\/skaitytaknyga.lt\\\/produktas\\\/lean-startup-metodika\\\/#primaryimage\"},\"thumbnailUrl\":\"https:\\\/\\\/skaitytaknyga.lt\\\/wp-content\\\/uploads\\\/2026\\\/04\\\/Lean-Startup-metodika.webp\",\"datePublished\":\"2026-04-24T08:45:21+00:00\",\"dateModified\":\"2026-04-27T05:52:01+00:00\",\"description\":\"Lean Startup\u00a0metodo tikslas \u2013 i\u0161mokyti \u201evairuoti\u201c nauj\u0105 versl\u0105. U\u017euot kaip prielaidas k\u016br\u0119 ateities planus, nauj\u0105 versl\u0105 valdykite vairu, vadinam\u0105ja\",\"breadcrumb\":{\"@id\":\"https:\\\/\\\/skaitytaknyga.lt\\\/produktas\\\/lean-startup-metodika\\\/#breadcrumb\"},\"inLanguage\":\"en-GB\",\"potentialAction\":[{\"@type\":\"ReadAction\",\"target\":[\"https:\\\/\\\/skaitytaknyga.lt\\\/produktas\\\/lean-startup-metodika\\\/\"]}]},{\"@type\":\"ImageObject\",\"inLanguage\":\"en-GB\",\"@id\":\"https:\\\/\\\/skaitytaknyga.lt\\\/produktas\\\/lean-startup-metodika\\\/#primaryimage\",\"url\":\"https:\\\/\\\/skaitytaknyga.lt\\\/wp-content\\\/uploads\\\/2026\\\/04\\\/Lean-Startup-metodika.webp\",\"contentUrl\":\"https:\\\/\\\/skaitytaknyga.lt\\\/wp-content\\\/uploads\\\/2026\\\/04\\\/Lean-Startup-metodika.webp\",\"width\":536,\"height\":801,\"caption\":\"Lean Startup metodika\"},{\"@type\":\"BreadcrumbList\",\"@id\":\"https:\\\/\\\/skaitytaknyga.lt\\\/produktas\\\/lean-startup-metodika\\\/#breadcrumb\",\"itemListElement\":[{\"@type\":\"ListItem\",\"position\":1,\"name\":\"Home\",\"item\":\"https:\\\/\\\/skaitytaknyga.lt\\\/\"},{\"@type\":\"ListItem\",\"position\":2,\"name\":\"Parduotuv\u0117\",\"item\":\"https:\\\/\\\/skaitytaknyga.lt\\\/knygu-parduotuve\\\/\"},{\"@type\":\"ListItem\",\"position\":3,\"name\":\"Lean Startup metodika\"}]},{\"@type\":\"WebSite\",\"@id\":\"https:\\\/\\\/skaitytaknyga.lt\\\/#website\",\"url\":\"https:\\\/\\\/skaitytaknyga.lt\\\/\",\"name\":\"skaitytaknyga.lt\",\"description\":\"Skaitytaknyga.lt \u2013 tai ma\u017eas \u0161eimos verslas, kuris prasid\u0117jo nuo meil\u0117s knygoms ir siekio i\u0161gelb\u0117ti knygas nuo likimo prie konteinerio. Kas vienam nereikalingas daiktas \u2013 kitam lobis, o mes esame tarpininkai, kurie padeda abiems tapti laimingesniems ???? \u017dinome kaip nelengva i\u0161gyventi ma\u017eiems verslams, tad nuo \u0161iol, \u010dia rasite ir kit\u0173, ma\u017e\u0173 \u0161eim\u0173 versl\u0173, rank\u0173 darbo, dovan\u0173 sau ir artimiesiems.\",\"publisher\":{\"@id\":\"https:\\\/\\\/skaitytaknyga.lt\\\/#organization\"},\"potentialAction\":[{\"@type\":\"SearchAction\",\"target\":{\"@type\":\"EntryPoint\",\"urlTemplate\":\"https:\\\/\\\/skaitytaknyga.lt\\\/?s={search_term_string}\"},\"query-input\":{\"@type\":\"PropertyValueSpecification\",\"valueRequired\":true,\"valueName\":\"search_term_string\"}}],\"inLanguage\":\"en-GB\"},{\"@type\":\"Organization\",\"@id\":\"https:\\\/\\\/skaitytaknyga.lt\\\/#organization\",\"name\":\"skaitytaknyga.lt\",\"url\":\"https:\\\/\\\/skaitytaknyga.lt\\\/\",\"logo\":{\"@type\":\"ImageObject\",\"inLanguage\":\"en-GB\",\"@id\":\"https:\\\/\\\/skaitytaknyga.lt\\\/#\\\/schema\\\/logo\\\/image\\\/\",\"url\":\"https:\\\/\\\/skaitytaknyga.lt\\\/wp-content\\\/uploads\\\/2024\\\/05\\\/cropped-cropped-cropped-02_00843_jt3bggkj1j3HLc7SyY6rEUpg.jpeg\",\"contentUrl\":\"https:\\\/\\\/skaitytaknyga.lt\\\/wp-content\\\/uploads\\\/2024\\\/05\\\/cropped-cropped-cropped-02_00843_jt3bggkj1j3HLc7SyY6rEUpg.jpeg\",\"width\":1600,\"height\":1600,\"caption\":\"skaitytaknyga.lt\"},\"image\":{\"@id\":\"https:\\\/\\\/skaitytaknyga.lt\\\/#\\\/schema\\\/logo\\\/image\\\/\"},\"sameAs\":[\"https:\\\/\\\/www.facebook.com\\\/skaitytaknyga\\\/\"]}]}<\/script>\n<!-- \/ Yoast SEO plugin. -->","yoast_head_json":{"title":"Lean Startup metodika","description":"Lean Startup\u00a0metodo tikslas \u2013 i\u0161mokyti \u201evairuoti\u201c nauj\u0105 versl\u0105. U\u017euot kaip prielaidas k\u016br\u0119 ateities planus, nauj\u0105 versl\u0105 valdykite vairu, vadinam\u0105ja","robots":{"index":"index","follow":"follow","max-snippet":"max-snippet:-1","max-image-preview":"max-image-preview:large","max-video-preview":"max-video-preview:-1"},"canonical":"https:\/\/skaitytaknyga.lt\/en\/produktas\/lean-startup-metodika\/","og_locale":"en_GB","og_type":"article","og_title":"[:lt]Lean Startup metodika[:] - Skaitytaknyga","og_description":"Lean Startup\u00a0metodo tikslas \u2013 i\u0161mokyti \u201evairuoti\u201c nauj\u0105 versl\u0105. U\u017euot kaip prielaidas k\u016br\u0119 ateities planus, nauj\u0105 versl\u0105 valdykite vairu, vadinam\u0105ja","og_url":"https:\/\/skaitytaknyga.lt\/en\/produktas\/lean-startup-metodika\/","og_site_name":"Skaitytaknyga","article_publisher":"https:\/\/www.facebook.com\/skaitytaknyga\/","article_modified_time":"2026-04-27T05:52:01+00:00","og_image":[{"width":747,"height":496,"url":"https:\/\/skaitytaknyga.lt\/wp-content\/uploads\/2024\/07\/skaitytaknyga.png","type":"image\/png"}],"twitter_card":"summary_large_image","twitter_misc":{"Estimated reading time":"2 minutes"},"schema":{"@context":"https:\/\/schema.org","@graph":[{"@type":"WebPage","@id":"https:\/\/skaitytaknyga.lt\/produktas\/lean-startup-metodika\/","url":"https:\/\/skaitytaknyga.lt\/produktas\/lean-startup-metodika\/","name":"Lean Startup metodika","isPartOf":{"@id":"https:\/\/skaitytaknyga.lt\/#website"},"primaryImageOfPage":{"@id":"https:\/\/skaitytaknyga.lt\/produktas\/lean-startup-metodika\/#primaryimage"},"image":{"@id":"https:\/\/skaitytaknyga.lt\/produktas\/lean-startup-metodika\/#primaryimage"},"thumbnailUrl":"https:\/\/skaitytaknyga.lt\/wp-content\/uploads\/2026\/04\/Lean-Startup-metodika.webp","datePublished":"2026-04-24T08:45:21+00:00","dateModified":"2026-04-27T05:52:01+00:00","description":"Lean Startup\u00a0metodo tikslas \u2013 i\u0161mokyti \u201evairuoti\u201c nauj\u0105 versl\u0105. U\u017euot kaip prielaidas k\u016br\u0119 ateities planus, nauj\u0105 versl\u0105 valdykite vairu, vadinam\u0105ja","breadcrumb":{"@id":"https:\/\/skaitytaknyga.lt\/produktas\/lean-startup-metodika\/#breadcrumb"},"inLanguage":"en-GB","potentialAction":[{"@type":"ReadAction","target":["https:\/\/skaitytaknyga.lt\/produktas\/lean-startup-metodika\/"]}]},{"@type":"ImageObject","inLanguage":"en-GB","@id":"https:\/\/skaitytaknyga.lt\/produktas\/lean-startup-metodika\/#primaryimage","url":"https:\/\/skaitytaknyga.lt\/wp-content\/uploads\/2026\/04\/Lean-Startup-metodika.webp","contentUrl":"https:\/\/skaitytaknyga.lt\/wp-content\/uploads\/2026\/04\/Lean-Startup-metodika.webp","width":536,"height":801,"caption":"Lean Startup metodika"},{"@type":"BreadcrumbList","@id":"https:\/\/skaitytaknyga.lt\/produktas\/lean-startup-metodika\/#breadcrumb","itemListElement":[{"@type":"ListItem","position":1,"name":"Home","item":"https:\/\/skaitytaknyga.lt\/"},{"@type":"ListItem","position":2,"name":"Parduotuv\u0117","item":"https:\/\/skaitytaknyga.lt\/knygu-parduotuve\/"},{"@type":"ListItem","position":3,"name":"Lean Startup metodika"}]},{"@type":"WebSite","@id":"https:\/\/skaitytaknyga.lt\/#website","url":"https:\/\/skaitytaknyga.lt\/","name":"skaitytaknyga.lt","description":"Skaitytaknyga.lt \u2013 tai ma\u017eas \u0161eimos verslas, kuris prasid\u0117jo nuo meil\u0117s knygoms ir siekio i\u0161gelb\u0117ti knygas nuo likimo prie konteinerio. Kas vienam nereikalingas daiktas \u2013 kitam lobis, o mes esame tarpininkai, kurie padeda abiems tapti laimingesniems ???? \u017dinome kaip nelengva i\u0161gyventi ma\u017eiems verslams, tad nuo \u0161iol, \u010dia rasite ir kit\u0173, ma\u017e\u0173 \u0161eim\u0173 versl\u0173, rank\u0173 darbo, dovan\u0173 sau ir artimiesiems.","publisher":{"@id":"https:\/\/skaitytaknyga.lt\/#organization"},"potentialAction":[{"@type":"SearchAction","target":{"@type":"EntryPoint","urlTemplate":"https:\/\/skaitytaknyga.lt\/?s={search_term_string}"},"query-input":{"@type":"PropertyValueSpecification","valueRequired":true,"valueName":"search_term_string"}}],"inLanguage":"en-GB"},{"@type":"Organization","@id":"https:\/\/skaitytaknyga.lt\/#organization","name":"skaitytaknyga.lt","url":"https:\/\/skaitytaknyga.lt\/","logo":{"@type":"ImageObject","inLanguage":"en-GB","@id":"https:\/\/skaitytaknyga.lt\/#\/schema\/logo\/image\/","url":"https:\/\/skaitytaknyga.lt\/wp-content\/uploads\/2024\/05\/cropped-cropped-cropped-02_00843_jt3bggkj1j3HLc7SyY6rEUpg.jpeg","contentUrl":"https:\/\/skaitytaknyga.lt\/wp-content\/uploads\/2024\/05\/cropped-cropped-cropped-02_00843_jt3bggkj1j3HLc7SyY6rEUpg.jpeg","width":1600,"height":1600,"caption":"skaitytaknyga.lt"},"image":{"@id":"https:\/\/skaitytaknyga.lt\/#\/schema\/logo\/image\/"},"sameAs":["https:\/\/www.facebook.com\/skaitytaknyga\/"]}]}},"_links":{"self":[{"href":"https:\/\/skaitytaknyga.lt\/en\/wp-json\/wp\/v2\/product\/26359","targetHints":{"allow":["GET"]}}],"collection":[{"href":"https:\/\/skaitytaknyga.lt\/en\/wp-json\/wp\/v2\/product"}],"about":[{"href":"https:\/\/skaitytaknyga.lt\/en\/wp-json\/wp\/v2\/types\/product"}],"replies":[{"embeddable":true,"href":"https:\/\/skaitytaknyga.lt\/en\/wp-json\/wp\/v2\/comments?post=26359"}],"wp:featuredmedia":[{"embeddable":true,"href":"https:\/\/skaitytaknyga.lt\/en\/wp-json\/wp\/v2\/media\/26366"}],"wp:attachment":[{"href":"https:\/\/skaitytaknyga.lt\/en\/wp-json\/wp\/v2\/media?parent=26359"}],"wp:term":[{"taxonomy":"product_brand","embeddable":true,"href":"https:\/\/skaitytaknyga.lt\/en\/wp-json\/wp\/v2\/product_brand?post=26359"},{"taxonomy":"product_cat","embeddable":true,"href":"https:\/\/skaitytaknyga.lt\/en\/wp-json\/wp\/v2\/product_cat?post=26359"},{"taxonomy":"product_tag","embeddable":true,"href":"https:\/\/skaitytaknyga.lt\/en\/wp-json\/wp\/v2\/product_tag?post=26359"}],"curies":[{"name":"wp","href":"https:\/\/api.w.org\/{rel}","templated":true}]}}