{"id":26357,"date":"2026-04-24T11:45:21","date_gmt":"2026-04-24T08:45:21","guid":{"rendered":"https:\/\/skaitytaknyga.lt\/?post_type=product&#038;p=26357"},"modified":"2026-04-24T12:39:21","modified_gmt":"2026-04-24T09:39:21","slug":"viskas-prasideda-nuo-maisto-visaverte-mityba-30-dienu","status":"publish","type":"product","link":"https:\/\/skaitytaknyga.lt\/en\/produktas\/viskas-prasideda-nuo-maisto-visaverte-mityba-30-dienu\/","title":{"rendered":"Viskas prasideda nuo maisto. Visavert\u0117 mityba 30 dien\u0173 (ma\u017eas vir\u0161elio defektas)"},"content":{"rendered":"<p>Kad ir ko siektum\u0117te \u2013 atgauti energij\u0105, pataisyti nuotaik\u0105, pad\u0117ti sau susikaupti, geriau miegoti, tapti sporti\u0161kesni, palengvinti ligos, negalavimo simptomus, pagerinti k\u016bno formas ar gyvenimo kokyb\u0119, \u2013 viskas prasideda nuo maisto.<\/p>\n<p>Melissa ir Dallas Hartwig (Melisa ir Dalasas Hartvigai) \u2013 paleomitybos ir sveikos gyvensenos \u017einovai bei mokytojai, trisde\u0161imties dien\u0173 visavert\u0117s mitybos programos Whole30 k\u016br\u0117jai, pad\u0117j\u0119 atgauti sveikat\u0105 t\u016bkstan\u010diams \u017emoni\u0173 visame pasaulyje. Anatomijos ir fiziologijos bei fizin\u0117s terapijos specialisto ir licencijuotos sporto dietolog\u0117s knyg\u0105 \u201eViskas prasideda nuo maisto\u201c New York Times \u012fvertino kaip mitybos bestseler\u012f.<\/p>\n<p>Knyga \u201eViskas prasideda nuo maisto\u201c skiriama norintiems gyventi sveikai ar atgauti prarast\u0105 sveikat\u0105. Mitybos teorij\u0105, pagr\u012fst\u0105 moksliniais tyrimais ir savo pa\u010di\u0173 patirtimi, Melissa ir Dallasas Hartwigai i\u0161d\u0117sto paprastai ir ai\u0161kiai, o pateik\u0119 trisde\u0161imties dien\u0173 sveikos mitybos program\u0105 parodo, kaip atsikratyti \u017ealingo cukraus potraukio, atkurti nat\u016bralaus alkio mechanizmus, kaip valgyti, kad pasisotintume, bet vis tiek numestume svorio ir am\u017eiams pamir\u0161tume visokius su gyvenimo b\u016bdu siejam\u0173 lig\u0173 ir negalavim\u0173 simptomus. Galiausiai kvie\u010dia pasigaminti sveik\u0173 patiekal\u0173, kuri\u0173 paragav\u0119 tikrai apsilai\u017eysite pir\u0161tus.<\/p>\n<p>Knyga \u201eViskas prasideda nuo maisto\u201c remiasi realiai veikian\u010dia programa, kuri pad\u0117jo atgauti sveikat\u0105 t\u016bkstan\u010diams \u017emoni\u0173 visame pasaulyje. Knyga, kaip ir jos autori\u0173 sukurta sveikos mitybos programa Whole30, populiari \u012fvairiose \u0161alyse, o ypa\u010d JAV.<\/p>\n","protected":false},"excerpt":{"rendered":"<p>Kad ir ko siektum\u0117te \u2013 atgauti energij\u0105, pataisyti nuotaik\u0105, pad\u0117ti sau susikaupti, geriau miegoti, tapti sporti\u0161kesni, palengvinti ligos, negalavimo simptomus, pagerinti k\u016bno formas ar gyvenimo kokyb\u0119, \u2013 viskas prasideda nuo maisto. Melissa ir Dallas Hartwig (Melisa ir Dalasas Hartvigai) \u2013 paleomitybos ir sveikos gyvensenos \u017einovai bei mokytojai, trisde\u0161imties dien\u0173 visavert\u0117s mitybos programos Whole30 k\u016br\u0117jai, pad\u0117j\u0119 atgauti sveikat\u0105 t\u016bkstan\u010diams \u017emoni\u0173 visame pasaulyje. Anatomijos ir fiziologijos bei fizin\u0117s terapijos specialisto ir licencijuotos sporto dietolog\u0117s knyg\u0105 \u201eViskas prasideda nuo maisto\u201c New York Times \u012fvertino kaip mitybos bestseler\u012f. Knyga \u201eViskas prasideda nuo maisto\u201c skiriama norintiems gyventi sveikai ar atgauti prarast\u0105 sveikat\u0105. Mitybos teorij\u0105, pagr\u012fst\u0105 moksliniais tyrimais ir savo pa\u010di\u0173 patirtimi, Melissa ir Dallasas Hartwigai i\u0161d\u0117sto paprastai ir ai\u0161kiai, o pateik\u0119 trisde\u0161imties dien\u0173 sveikos mitybos program\u0105 parodo, kaip atsikratyti \u017ealingo cukraus potraukio, atkurti nat\u016bralaus alkio mechanizmus, kaip valgyti, kad pasisotintume, bet vis tiek numestume svorio ir am\u017eiams pamir\u0161tume visokius su gyvenimo b\u016bdu siejam\u0173 lig\u0173 ir negalavim\u0173 simptomus. Galiausiai kvie\u010dia pasigaminti sveik\u0173 patiekal\u0173, kuri\u0173 paragav\u0119 tikrai apsilai\u017eysite pir\u0161tus. Knyga \u201eViskas prasideda nuo maisto\u201c remiasi realiai veikian\u010dia programa, kuri pad\u0117jo atgauti sveikat\u0105 t\u016bkstan\u010diams \u017emoni\u0173 visame pasaulyje. Knyga, kaip ir jos autori\u0173 sukurta sveikos mitybos programa Whole30, populiari \u012fvairiose \u0161alyse, o ypa\u010d JAV.<\/p>\n","protected":false},"featured_media":26362,"comment_status":"open","ping_status":"closed","template":"","meta":{"_acf_changed":false,"site-sidebar-layout":"default","site-content-layout":"","ast-site-content-layout":"default","site-content-style":"default","site-sidebar-style":"default","ast-global-header-display":"","ast-banner-title-visibility":"","ast-main-header-display":"","ast-hfb-above-header-display":"","ast-hfb-below-header-display":"","ast-hfb-mobile-header-display":"","site-post-title":"","ast-breadcrumbs-content":"","ast-featured-img":"","footer-sml-layout":"","ast-disable-related-posts":"","theme-transparent-header-meta":"","adv-header-id-meta":"","stick-header-meta":"","header-above-stick-meta":"","header-main-stick-meta":"","header-below-stick-meta":"","astra-migrate-meta-layouts":"default","ast-page-background-enabled":"default","ast-page-background-meta":{"desktop":{"background-color":"","background-image":"","background-repeat":"repeat","background-position":"center center","background-size":"auto","background-attachment":"scroll","background-type":"","background-media":"","overlay-type":"","overlay-color":"","overlay-opacity":"","overlay-gradient":""},"tablet":{"background-color":"","background-image":"","background-repeat":"repeat","background-position":"center center","background-size":"auto","background-attachment":"scroll","background-type":"","background-media":"","overlay-type":"","overlay-color":"","overlay-opacity":"","overlay-gradient":""},"mobile":{"background-color":"","background-image":"","background-repeat":"repeat","background-position":"center center","background-size":"auto","background-attachment":"scroll","background-type":"","background-media":"","overlay-type":"","overlay-color":"","overlay-opacity":"","overlay-gradient":""}},"ast-content-background-meta":{"desktop":{"background-color":"var(--ast-global-color-4)","background-image":"","background-repeat":"repeat","background-position":"center center","background-size":"auto","background-attachment":"scroll","background-type":"","background-media":"","overlay-type":"","overlay-color":"","overlay-opacity":"","overlay-gradient":""},"tablet":{"background-color":"var(--ast-global-color-4)","background-image":"","background-repeat":"repeat","background-position":"center center","background-size":"auto","background-attachment":"scroll","background-type":"","background-media":"","overlay-type":"","overlay-color":"","overlay-opacity":"","overlay-gradient":""},"mobile":{"background-color":"var(--ast-global-color-4)","background-image":"","background-repeat":"repeat","background-position":"center center","background-size":"auto","background-attachment":"scroll","background-type":"","background-media":"","overlay-type":"","overlay-color":"","overlay-opacity":"","overlay-gradient":""}}},"product_brand":[],"product_cat":[9855],"product_tag":[],"class_list":{"0":"post-26357","1":"product","2":"type-product","3":"status-publish","4":"has-post-thumbnail","6":"product_cat-mityba-ir-dieta","7":"desktop-align-left","8":"tablet-align-left","9":"mobile-align-left","11":"first","12":"instock","13":"shipping-taxable","14":"purchasable","15":"product-type-simple"},"acf":[],"yoast_head":"<!-- This site is optimized with the Yoast SEO plugin v27.4 - https:\/\/yoast.com\/product\/yoast-seo-wordpress\/ -->\n<title>Viskas prasideda nuo maisto. Visavert\u0117 mityba 30 dien\u0173 (ma\u017eas vir\u0161elio defektas)<\/title>\n<meta name=\"description\" content=\"Kad ir ko siektum\u0117te \u2013 atgauti energij\u0105, pataisyti nuotaik\u0105, pad\u0117ti sau susikaupti, geriau miegoti, tapti sporti\u0161kesni, palengvinti ligos, negalavimo\" \/>\n<meta name=\"robots\" content=\"index, follow, max-snippet:-1, max-image-preview:large, max-video-preview:-1\" \/>\n<link rel=\"canonical\" href=\"https:\/\/skaitytaknyga.lt\/en\/produktas\/viskas-prasideda-nuo-maisto-visaverte-mityba-30-dienu\/\" \/>\n<meta property=\"og:locale\" content=\"en_GB\" \/>\n<meta property=\"og:locale:alternate\" content=\"lt_LT\" \/>\n<meta property=\"og:type\" content=\"article\" \/>\n<meta property=\"og:title\" content=\"Viskas prasideda nuo maisto. Visavert\u0117 mityba 30 dien\u0173 (ma\u017eas vir\u0161elio defektas)\" \/>\n<meta property=\"og:description\" content=\"Kad ir ko siektum\u0117te \u2013 atgauti energij\u0105, pataisyti nuotaik\u0105, pad\u0117ti sau susikaupti, geriau miegoti, tapti sporti\u0161kesni, palengvinti ligos, negalavimo\" \/>\n<meta property=\"og:url\" content=\"https:\/\/skaitytaknyga.lt\/en\/produktas\/viskas-prasideda-nuo-maisto-visaverte-mityba-30-dienu\/\" \/>\n<meta property=\"og:site_name\" content=\"Skaitytaknyga\" \/>\n<meta property=\"article:publisher\" content=\"https:\/\/www.facebook.com\/skaitytaknyga\/\" \/>\n<meta property=\"article:modified_time\" content=\"2026-04-24T09:39:21+00:00\" \/>\n<meta property=\"og:image\" content=\"https:\/\/skaitytaknyga.lt\/wp-content\/uploads\/2026\/04\/Viskas-prasideda-nuo-maisto.-Visaverte-mityba-30-dienu-e1777020776715.png\" \/>\n\t<meta property=\"og:image:width\" content=\"300\" \/>\n\t<meta property=\"og:image:height\" content=\"459\" \/>\n\t<meta property=\"og:image:type\" content=\"image\/png\" \/>\n<meta name=\"twitter:card\" content=\"summary_large_image\" \/>\n<meta name=\"twitter:label1\" content=\"Estimated reading time\" \/>\n\t<meta name=\"twitter:data1\" content=\"1 minute\" \/>\n<script type=\"application\/ld+json\" class=\"yoast-schema-graph\">{\"@context\":\"https:\\\/\\\/schema.org\",\"@graph\":[{\"@type\":\"WebPage\",\"@id\":\"https:\\\/\\\/skaitytaknyga.lt\\\/produktas\\\/viskas-prasideda-nuo-maisto-visaverte-mityba-30-dienu\\\/\",\"url\":\"https:\\\/\\\/skaitytaknyga.lt\\\/produktas\\\/viskas-prasideda-nuo-maisto-visaverte-mityba-30-dienu\\\/\",\"name\":\"Viskas prasideda nuo maisto. Visavert\u0117 mityba 30 dien\u0173 (ma\u017eas vir\u0161elio defektas)\",\"isPartOf\":{\"@id\":\"https:\\\/\\\/skaitytaknyga.lt\\\/#website\"},\"primaryImageOfPage\":{\"@id\":\"https:\\\/\\\/skaitytaknyga.lt\\\/produktas\\\/viskas-prasideda-nuo-maisto-visaverte-mityba-30-dienu\\\/#primaryimage\"},\"image\":{\"@id\":\"https:\\\/\\\/skaitytaknyga.lt\\\/produktas\\\/viskas-prasideda-nuo-maisto-visaverte-mityba-30-dienu\\\/#primaryimage\"},\"thumbnailUrl\":\"https:\\\/\\\/skaitytaknyga.lt\\\/wp-content\\\/uploads\\\/2026\\\/04\\\/Viskas-prasideda-nuo-maisto.-Visaverte-mityba-30-dienu-e1777020776715.png\",\"datePublished\":\"2026-04-24T08:45:21+00:00\",\"dateModified\":\"2026-04-24T09:39:21+00:00\",\"description\":\"Kad ir ko siektum\u0117te \u2013 atgauti energij\u0105, pataisyti nuotaik\u0105, pad\u0117ti sau susikaupti, geriau miegoti, tapti sporti\u0161kesni, palengvinti ligos, negalavimo\",\"breadcrumb\":{\"@id\":\"https:\\\/\\\/skaitytaknyga.lt\\\/produktas\\\/viskas-prasideda-nuo-maisto-visaverte-mityba-30-dienu\\\/#breadcrumb\"},\"inLanguage\":\"en-GB\",\"potentialAction\":[{\"@type\":\"ReadAction\",\"target\":[\"https:\\\/\\\/skaitytaknyga.lt\\\/produktas\\\/viskas-prasideda-nuo-maisto-visaverte-mityba-30-dienu\\\/\"]}]},{\"@type\":\"ImageObject\",\"inLanguage\":\"en-GB\",\"@id\":\"https:\\\/\\\/skaitytaknyga.lt\\\/produktas\\\/viskas-prasideda-nuo-maisto-visaverte-mityba-30-dienu\\\/#primaryimage\",\"url\":\"https:\\\/\\\/skaitytaknyga.lt\\\/wp-content\\\/uploads\\\/2026\\\/04\\\/Viskas-prasideda-nuo-maisto.-Visaverte-mityba-30-dienu-e1777020776715.png\",\"contentUrl\":\"https:\\\/\\\/skaitytaknyga.lt\\\/wp-content\\\/uploads\\\/2026\\\/04\\\/Viskas-prasideda-nuo-maisto.-Visaverte-mityba-30-dienu-e1777020776715.png\",\"width\":300,\"height\":459,\"caption\":\"Viskas prasideda nuo maisto. Visavert\u0117 mityba 30 dien\u0173\"},{\"@type\":\"BreadcrumbList\",\"@id\":\"https:\\\/\\\/skaitytaknyga.lt\\\/produktas\\\/viskas-prasideda-nuo-maisto-visaverte-mityba-30-dienu\\\/#breadcrumb\",\"itemListElement\":[{\"@type\":\"ListItem\",\"position\":1,\"name\":\"Home\",\"item\":\"https:\\\/\\\/skaitytaknyga.lt\\\/\"},{\"@type\":\"ListItem\",\"position\":2,\"name\":\"Parduotuv\u0117\",\"item\":\"https:\\\/\\\/skaitytaknyga.lt\\\/knygu-parduotuve\\\/\"},{\"@type\":\"ListItem\",\"position\":3,\"name\":\"Viskas prasideda nuo maisto. Visavert\u0117 mityba 30 dien\u0173 (ma\u017eas vir\u0161elio defektas)\"}]},{\"@type\":\"WebSite\",\"@id\":\"https:\\\/\\\/skaitytaknyga.lt\\\/#website\",\"url\":\"https:\\\/\\\/skaitytaknyga.lt\\\/\",\"name\":\"skaitytaknyga.lt\",\"description\":\"Skaitytaknyga.lt \u2013 tai ma\u017eas \u0161eimos verslas, kuris prasid\u0117jo nuo meil\u0117s knygoms ir siekio i\u0161gelb\u0117ti knygas nuo likimo prie konteinerio. Kas vienam nereikalingas daiktas \u2013 kitam lobis, o mes esame tarpininkai, kurie padeda abiems tapti laimingesniems ???? \u017dinome kaip nelengva i\u0161gyventi ma\u017eiems verslams, tad nuo \u0161iol, \u010dia rasite ir kit\u0173, ma\u017e\u0173 \u0161eim\u0173 versl\u0173, rank\u0173 darbo, dovan\u0173 sau ir artimiesiems.\",\"publisher\":{\"@id\":\"https:\\\/\\\/skaitytaknyga.lt\\\/#organization\"},\"potentialAction\":[{\"@type\":\"SearchAction\",\"target\":{\"@type\":\"EntryPoint\",\"urlTemplate\":\"https:\\\/\\\/skaitytaknyga.lt\\\/?s={search_term_string}\"},\"query-input\":{\"@type\":\"PropertyValueSpecification\",\"valueRequired\":true,\"valueName\":\"search_term_string\"}}],\"inLanguage\":\"en-GB\"},{\"@type\":\"Organization\",\"@id\":\"https:\\\/\\\/skaitytaknyga.lt\\\/#organization\",\"name\":\"skaitytaknyga.lt\",\"url\":\"https:\\\/\\\/skaitytaknyga.lt\\\/\",\"logo\":{\"@type\":\"ImageObject\",\"inLanguage\":\"en-GB\",\"@id\":\"https:\\\/\\\/skaitytaknyga.lt\\\/#\\\/schema\\\/logo\\\/image\\\/\",\"url\":\"https:\\\/\\\/skaitytaknyga.lt\\\/wp-content\\\/uploads\\\/2024\\\/05\\\/cropped-cropped-cropped-02_00843_jt3bggkj1j3HLc7SyY6rEUpg.jpeg\",\"contentUrl\":\"https:\\\/\\\/skaitytaknyga.lt\\\/wp-content\\\/uploads\\\/2024\\\/05\\\/cropped-cropped-cropped-02_00843_jt3bggkj1j3HLc7SyY6rEUpg.jpeg\",\"width\":1600,\"height\":1600,\"caption\":\"skaitytaknyga.lt\"},\"image\":{\"@id\":\"https:\\\/\\\/skaitytaknyga.lt\\\/#\\\/schema\\\/logo\\\/image\\\/\"},\"sameAs\":[\"https:\\\/\\\/www.facebook.com\\\/skaitytaknyga\\\/\"]}]}<\/script>\n<!-- \/ Yoast SEO plugin. -->","yoast_head_json":{"title":"Viskas prasideda nuo maisto. Visavert\u0117 mityba 30 dien\u0173 (ma\u017eas vir\u0161elio defektas)","description":"Kad ir ko siektum\u0117te \u2013 atgauti energij\u0105, pataisyti nuotaik\u0105, pad\u0117ti sau susikaupti, geriau miegoti, tapti sporti\u0161kesni, palengvinti ligos, negalavimo","robots":{"index":"index","follow":"follow","max-snippet":"max-snippet:-1","max-image-preview":"max-image-preview:large","max-video-preview":"max-video-preview:-1"},"canonical":"https:\/\/skaitytaknyga.lt\/en\/produktas\/viskas-prasideda-nuo-maisto-visaverte-mityba-30-dienu\/","og_locale":"en_GB","og_type":"article","og_title":"[:lt]Viskas prasideda nuo maisto. Visavert\u0117 mityba 30 dien\u0173 (ma\u017eas vir\u0161elio defektas)[:] - Skaitytaknyga","og_description":"Kad ir ko siektum\u0117te \u2013 atgauti energij\u0105, pataisyti nuotaik\u0105, pad\u0117ti sau susikaupti, geriau miegoti, tapti sporti\u0161kesni, palengvinti ligos, negalavimo","og_url":"https:\/\/skaitytaknyga.lt\/en\/produktas\/viskas-prasideda-nuo-maisto-visaverte-mityba-30-dienu\/","og_site_name":"Skaitytaknyga","article_publisher":"https:\/\/www.facebook.com\/skaitytaknyga\/","article_modified_time":"2026-04-24T09:39:21+00:00","og_image":[{"width":300,"height":459,"url":"https:\/\/skaitytaknyga.lt\/wp-content\/uploads\/2026\/04\/Viskas-prasideda-nuo-maisto.-Visaverte-mityba-30-dienu-e1777020776715.png","type":"image\/png"}],"twitter_card":"summary_large_image","twitter_misc":{"Estimated reading time":"1 minute"},"schema":{"@context":"https:\/\/schema.org","@graph":[{"@type":"WebPage","@id":"https:\/\/skaitytaknyga.lt\/produktas\/viskas-prasideda-nuo-maisto-visaverte-mityba-30-dienu\/","url":"https:\/\/skaitytaknyga.lt\/produktas\/viskas-prasideda-nuo-maisto-visaverte-mityba-30-dienu\/","name":"Viskas prasideda nuo maisto. Visavert\u0117 mityba 30 dien\u0173 (ma\u017eas vir\u0161elio defektas)","isPartOf":{"@id":"https:\/\/skaitytaknyga.lt\/#website"},"primaryImageOfPage":{"@id":"https:\/\/skaitytaknyga.lt\/produktas\/viskas-prasideda-nuo-maisto-visaverte-mityba-30-dienu\/#primaryimage"},"image":{"@id":"https:\/\/skaitytaknyga.lt\/produktas\/viskas-prasideda-nuo-maisto-visaverte-mityba-30-dienu\/#primaryimage"},"thumbnailUrl":"https:\/\/skaitytaknyga.lt\/wp-content\/uploads\/2026\/04\/Viskas-prasideda-nuo-maisto.-Visaverte-mityba-30-dienu-e1777020776715.png","datePublished":"2026-04-24T08:45:21+00:00","dateModified":"2026-04-24T09:39:21+00:00","description":"Kad ir ko siektum\u0117te \u2013 atgauti energij\u0105, pataisyti nuotaik\u0105, pad\u0117ti sau susikaupti, geriau miegoti, tapti sporti\u0161kesni, palengvinti ligos, negalavimo","breadcrumb":{"@id":"https:\/\/skaitytaknyga.lt\/produktas\/viskas-prasideda-nuo-maisto-visaverte-mityba-30-dienu\/#breadcrumb"},"inLanguage":"en-GB","potentialAction":[{"@type":"ReadAction","target":["https:\/\/skaitytaknyga.lt\/produktas\/viskas-prasideda-nuo-maisto-visaverte-mityba-30-dienu\/"]}]},{"@type":"ImageObject","inLanguage":"en-GB","@id":"https:\/\/skaitytaknyga.lt\/produktas\/viskas-prasideda-nuo-maisto-visaverte-mityba-30-dienu\/#primaryimage","url":"https:\/\/skaitytaknyga.lt\/wp-content\/uploads\/2026\/04\/Viskas-prasideda-nuo-maisto.-Visaverte-mityba-30-dienu-e1777020776715.png","contentUrl":"https:\/\/skaitytaknyga.lt\/wp-content\/uploads\/2026\/04\/Viskas-prasideda-nuo-maisto.-Visaverte-mityba-30-dienu-e1777020776715.png","width":300,"height":459,"caption":"Viskas prasideda nuo maisto. Visavert\u0117 mityba 30 dien\u0173"},{"@type":"BreadcrumbList","@id":"https:\/\/skaitytaknyga.lt\/produktas\/viskas-prasideda-nuo-maisto-visaverte-mityba-30-dienu\/#breadcrumb","itemListElement":[{"@type":"ListItem","position":1,"name":"Home","item":"https:\/\/skaitytaknyga.lt\/"},{"@type":"ListItem","position":2,"name":"Parduotuv\u0117","item":"https:\/\/skaitytaknyga.lt\/knygu-parduotuve\/"},{"@type":"ListItem","position":3,"name":"Viskas prasideda nuo maisto. Visavert\u0117 mityba 30 dien\u0173 (ma\u017eas vir\u0161elio defektas)"}]},{"@type":"WebSite","@id":"https:\/\/skaitytaknyga.lt\/#website","url":"https:\/\/skaitytaknyga.lt\/","name":"skaitytaknyga.lt","description":"Skaitytaknyga.lt \u2013 tai ma\u017eas \u0161eimos verslas, kuris prasid\u0117jo nuo meil\u0117s knygoms ir siekio i\u0161gelb\u0117ti knygas nuo likimo prie konteinerio. Kas vienam nereikalingas daiktas \u2013 kitam lobis, o mes esame tarpininkai, kurie padeda abiems tapti laimingesniems ???? \u017dinome kaip nelengva i\u0161gyventi ma\u017eiems verslams, tad nuo \u0161iol, \u010dia rasite ir kit\u0173, ma\u017e\u0173 \u0161eim\u0173 versl\u0173, rank\u0173 darbo, dovan\u0173 sau ir artimiesiems.","publisher":{"@id":"https:\/\/skaitytaknyga.lt\/#organization"},"potentialAction":[{"@type":"SearchAction","target":{"@type":"EntryPoint","urlTemplate":"https:\/\/skaitytaknyga.lt\/?s={search_term_string}"},"query-input":{"@type":"PropertyValueSpecification","valueRequired":true,"valueName":"search_term_string"}}],"inLanguage":"en-GB"},{"@type":"Organization","@id":"https:\/\/skaitytaknyga.lt\/#organization","name":"skaitytaknyga.lt","url":"https:\/\/skaitytaknyga.lt\/","logo":{"@type":"ImageObject","inLanguage":"en-GB","@id":"https:\/\/skaitytaknyga.lt\/#\/schema\/logo\/image\/","url":"https:\/\/skaitytaknyga.lt\/wp-content\/uploads\/2024\/05\/cropped-cropped-cropped-02_00843_jt3bggkj1j3HLc7SyY6rEUpg.jpeg","contentUrl":"https:\/\/skaitytaknyga.lt\/wp-content\/uploads\/2024\/05\/cropped-cropped-cropped-02_00843_jt3bggkj1j3HLc7SyY6rEUpg.jpeg","width":1600,"height":1600,"caption":"skaitytaknyga.lt"},"image":{"@id":"https:\/\/skaitytaknyga.lt\/#\/schema\/logo\/image\/"},"sameAs":["https:\/\/www.facebook.com\/skaitytaknyga\/"]}]}},"_links":{"self":[{"href":"https:\/\/skaitytaknyga.lt\/en\/wp-json\/wp\/v2\/product\/26357","targetHints":{"allow":["GET"]}}],"collection":[{"href":"https:\/\/skaitytaknyga.lt\/en\/wp-json\/wp\/v2\/product"}],"about":[{"href":"https:\/\/skaitytaknyga.lt\/en\/wp-json\/wp\/v2\/types\/product"}],"replies":[{"embeddable":true,"href":"https:\/\/skaitytaknyga.lt\/en\/wp-json\/wp\/v2\/comments?post=26357"}],"wp:featuredmedia":[{"embeddable":true,"href":"https:\/\/skaitytaknyga.lt\/en\/wp-json\/wp\/v2\/media\/26362"}],"wp:attachment":[{"href":"https:\/\/skaitytaknyga.lt\/en\/wp-json\/wp\/v2\/media?parent=26357"}],"wp:term":[{"taxonomy":"product_brand","embeddable":true,"href":"https:\/\/skaitytaknyga.lt\/en\/wp-json\/wp\/v2\/product_brand?post=26357"},{"taxonomy":"product_cat","embeddable":true,"href":"https:\/\/skaitytaknyga.lt\/en\/wp-json\/wp\/v2\/product_cat?post=26357"},{"taxonomy":"product_tag","embeddable":true,"href":"https:\/\/skaitytaknyga.lt\/en\/wp-json\/wp\/v2\/product_tag?post=26357"}],"curies":[{"name":"wp","href":"https:\/\/api.w.org\/{rel}","templated":true}]}}